{"id":31165,"date":"2024-12-12T02:02:25","date_gmt":"2024-12-12T02:02:25","guid":{"rendered":"https:\/\/petproducts.com.cn\/?post_type=product&#038;p=31165"},"modified":"2024-12-12T08:47:01","modified_gmt":"2024-12-12T08:47:01","slug":"dog-travel-mat-wholesale-2-in-1-foldable-portable-blanket-pet-sleeping-bag-bed","status":"publish","type":"product","link":"https:\/\/petproducts.com.cn\/de\/product\/dog-travel-mat-wholesale-2-in-1-foldable-portable-blanket-pet-sleeping-bag-bed\/","title":{"rendered":"Hund Reise Matte Gro\u00dfhandel 2 in 1 faltbare tragbare Decke Haustier Schlafsack Bett"},"content":{"rendered":"<h2>Eigenschaften von Dog Travel Mat<\/h2>\n<ul>\n<li><strong>2-in-1-Design f\u00fcr vielseitigen Einsatz<\/strong><br \/>\nDas <em>Hundereisematte<\/em> verf\u00fcgt \u00fcber ein intelligentes 2-in-1-Design. Sie k\u00f6nnen ihn flach als bequeme Matte auslegen oder ihn mit einem Rei\u00dfverschluss zu einem kuscheligen Schlafsack umfunktionieren, um Ihrem Haustier ultimativen Komfort und W\u00e4rme zu bieten.<\/li>\n<li><strong>Zusammenklappbar und leicht f\u00fcr einfache Reisen<\/strong><br \/>\nDie Matte l\u00e4sst sich auf ein kompaktes Format zusammenfalten, wodurch sie leicht und tragbar ist. So k\u00f6nnen Sie sie bequem in Ihrer Tasche oder im Auto mitnehmen und problemlos reisen.<\/li>\n<li><strong>Perfekt f\u00fcr Outdoor-Abenteuer<\/strong><br \/>\nOb beim Camping, beim Wandern oder beim Picknick - diese Matte bietet Ihrem Haustier einen gem\u00fctlichen Platz zum Ausruhen. Ihr robustes Design sorgt daf\u00fcr, dass sie den Bedingungen im Freien standh\u00e4lt und Ihr Haustier es bequem hat.<\/li>\n<li><strong>Weiches und bequemes Material<\/strong><br \/>\nDie Matte ist aus weichem, hochwertigem Stoff gefertigt und bietet eine weiche Oberfl\u00e4che, auf der sich Ihr Haustier entspannen kann. Das kuschelige Innere der Matte bietet ein beruhigendes Gef\u00fchl, egal ob sie als Decke oder Schlafsack verwendet wird.<\/li>\n<li><strong>Bequemer Rei\u00dfverschluss<\/strong><br \/>\nDank des robusten Rei\u00dfverschlusses l\u00e4sst sich die Matte in Sekundenschnelle in einen Schlafsack verwandeln. Diese Funktion sorgt f\u00fcr zus\u00e4tzliche W\u00e4rme und Sicherheit, insbesondere bei k\u00e4lteren Temperaturen im Freien.<\/li>\n<li><strong>Tragbar und platzsparend<\/strong><br \/>\nDas faltbare Design spart Platz und passt problemlos in Rucks\u00e4cke oder Gep\u00e4ckst\u00fccke. Sie werden es lieben, wie einfach es zu packen und auf jede Reise mitzunehmen ist.<\/li>\n<\/ul>\n<p style=\"text-align: center;\"><em><strong>F\u00fcr mehr <a href=\"https:\/\/petproducts.com.cn\/de\/wholesale-dog-beds\/\">Hund\u00a0<\/a><\/strong><\/em><em><strong><a href=\"https:\/\/petproducts.com.cn\/de\/wholesale-dog-beds\/\">Betten<\/a> &amp; <a href=\"https:\/\/petproducts.com.cn\/de\/wholesale-cat-beds\/\">Petstar\u2019s dedicated design team regularly introduces fresh, trend-setting products, keeping Petstar\u2019s partners ahead in the pet care market.<\/a>, Bitte <a href=\"https:\/\/petproducts.com.cn\/de\/kontaktieren-sie-uns\/\">kontaktiere uns<\/a>!<\/strong><\/em><\/p>","protected":false},"excerpt":{"rendered":"<p>Der <em>Hundereisematte<\/em> ist ein vielseitiges 2-in-1-Haustierzubeh\u00f6r, das sich von einer tragbaren Matte in einen kuscheligen Schlafsack verwandeln l\u00e4sst. Sie ist leicht, faltbar und einfach zu transportieren und eignet sich perfekt f\u00fcr Outdoor-Abenteuer und Reisen.<\/p>","protected":false},"featured_media":31168,"template":"","meta":{"_acf_changed":false},"product_brand":[],"product_cat":[57,72],"product_tag":[242,190,203,283,250,189],"class_list":{"0":"post-31165","1":"product","2":"type-product","3":"status-publish","4":"has-post-thumbnail","6":"product_cat-dog-beds","7":"product_cat-dog-supplies","8":"product_tag-multipurpose-pet-beds","9":"product_tag-outdoor-pet-beds","10":"product_tag-pet-beds","11":"product_tag-pet-foldable-beds","12":"product_tag-pet-mat-beds","13":"product_tag-waterproof-pet-beds","15":"first","16":"instock","17":"shipping-taxable","18":"product-type-simple"},"acf":[],"yoast_head":"<!-- This site is optimized with the Yoast SEO plugin v27.1.1 - https:\/\/yoast.com\/product\/yoast-seo-wordpress\/ -->\n<title>Dog Travel Mat | Pet Sleeping Bag Bed Manufacturer - Petstar<\/title>\n<meta name=\"description\" content=\"Explore Dog Travel Mat from the best pet products supplier. Petstar is a global pet products manufacturer. Your ideal business solution with Petstar.\" \/>\n<meta name=\"robots\" content=\"index, follow, max-snippet:-1, max-image-preview:large, max-video-preview:-1\" \/>\n<link rel=\"canonical\" href=\"https:\/\/petproducts.com.cn\/de\/produkt\/dog-travel-mat-wholesale-2-in-1-foldable-portable-blanket-pet-sleeping-bag-bed\/\" \/>\n<meta property=\"og:locale\" content=\"de_DE\" \/>\n<meta property=\"og:type\" content=\"article\" \/>\n<meta property=\"og:title\" content=\"Dog Travel Mat | Pet Sleeping Bag Bed Manufacturer - Petstar\" \/>\n<meta property=\"og:description\" content=\"Explore Dog Travel Mat from the best pet products supplier. Petstar is a global pet products manufacturer. Your ideal business solution with Petstar.\" \/>\n<meta property=\"og:url\" content=\"https:\/\/petproducts.com.cn\/de\/produkt\/dog-travel-mat-wholesale-2-in-1-foldable-portable-blanket-pet-sleeping-bag-bed\/\" \/>\n<meta property=\"og:site_name\" content=\"Petstar\" \/>\n<meta property=\"article:modified_time\" content=\"2024-12-12T08:47:01+00:00\" \/>\n<meta property=\"og:image\" content=\"https:\/\/petproducts.com.cn\/wp-content\/uploads\/2024\/12\/Best-dog-travel-mat.webp\" \/>\n\t<meta property=\"og:image:width\" content=\"1000\" \/>\n\t<meta property=\"og:image:height\" content=\"1000\" \/>\n\t<meta property=\"og:image:type\" content=\"image\/webp\" \/>\n<meta name=\"twitter:card\" content=\"summary_large_image\" \/>\n<meta name=\"twitter:label1\" content=\"Gesch\u00e4tzte Lesezeit\" \/>\n\t<meta name=\"twitter:data1\" content=\"2\u00a0Minuten\" \/>\n<script type=\"application\/ld+json\" class=\"yoast-schema-graph\">{\"@context\":\"https:\/\/schema.org\",\"@graph\":[{\"@type\":\"WebPage\",\"@id\":\"https:\/\/petproducts.com.cn\/product\/dog-travel-mat-wholesale-2-in-1-foldable-portable-blanket-pet-sleeping-bag-bed\/\",\"url\":\"https:\/\/petproducts.com.cn\/product\/dog-travel-mat-wholesale-2-in-1-foldable-portable-blanket-pet-sleeping-bag-bed\/\",\"name\":\"Dog Travel Mat | Pet Sleeping Bag Bed Manufacturer - Petstar\",\"isPartOf\":{\"@id\":\"https:\/\/petproducts.com.cn\/#website\"},\"primaryImageOfPage\":{\"@id\":\"https:\/\/petproducts.com.cn\/product\/dog-travel-mat-wholesale-2-in-1-foldable-portable-blanket-pet-sleeping-bag-bed\/#primaryimage\"},\"image\":{\"@id\":\"https:\/\/petproducts.com.cn\/product\/dog-travel-mat-wholesale-2-in-1-foldable-portable-blanket-pet-sleeping-bag-bed\/#primaryimage\"},\"thumbnailUrl\":\"https:\/\/petproducts.com.cn\/wp-content\/uploads\/2024\/12\/Best-dog-travel-mat.webp\",\"datePublished\":\"2024-12-12T02:02:25+00:00\",\"dateModified\":\"2024-12-12T08:47:01+00:00\",\"description\":\"Explore Dog Travel Mat from the best pet products supplier. Petstar is a global pet products manufacturer. Your ideal business solution with Petstar.\",\"breadcrumb\":{\"@id\":\"https:\/\/petproducts.com.cn\/product\/dog-travel-mat-wholesale-2-in-1-foldable-portable-blanket-pet-sleeping-bag-bed\/#breadcrumb\"},\"inLanguage\":\"de\",\"potentialAction\":[{\"@type\":\"ReadAction\",\"target\":[\"https:\/\/petproducts.com.cn\/product\/dog-travel-mat-wholesale-2-in-1-foldable-portable-blanket-pet-sleeping-bag-bed\/\"]}]},{\"@type\":\"ImageObject\",\"inLanguage\":\"de\",\"@id\":\"https:\/\/petproducts.com.cn\/product\/dog-travel-mat-wholesale-2-in-1-foldable-portable-blanket-pet-sleeping-bag-bed\/#primaryimage\",\"url\":\"https:\/\/petproducts.com.cn\/wp-content\/uploads\/2024\/12\/Best-dog-travel-mat.webp\",\"contentUrl\":\"https:\/\/petproducts.com.cn\/wp-content\/uploads\/2024\/12\/Best-dog-travel-mat.webp\",\"width\":1000,\"height\":1000,\"caption\":\"Best dog travel mat\"},{\"@type\":\"BreadcrumbList\",\"@id\":\"https:\/\/petproducts.com.cn\/product\/dog-travel-mat-wholesale-2-in-1-foldable-portable-blanket-pet-sleeping-bag-bed\/#breadcrumb\",\"itemListElement\":[{\"@type\":\"ListItem\",\"position\":1,\"name\":\"HOME\",\"item\":\"https:\/\/petproducts.com.cn\/\"},{\"@type\":\"ListItem\",\"position\":2,\"name\":\"Products\",\"item\":\"https:\/\/petproducts.com.cn\/shop\/\"},{\"@type\":\"ListItem\",\"position\":3,\"name\":\"Dog Beds\",\"item\":\"https:\/\/petproducts.com.cn\/product-category\/dog-beds\/\"},{\"@type\":\"ListItem\",\"position\":4,\"name\":\"Dog Travel Mat Wholesale 2 In 1 Foldable Portable Blanket Pet Sleeping Bag Bed\"}]},{\"@type\":\"WebSite\",\"@id\":\"https:\/\/petproducts.com.cn\/#website\",\"url\":\"https:\/\/petproducts.com.cn\/\",\"name\":\"Petstar\",\"description\":\"Leading Pet Supplies Manufacturer &amp; OEM Pet Products Supplier\",\"publisher\":{\"@id\":\"https:\/\/petproducts.com.cn\/#organization\"},\"alternateName\":\"Petstar Pet Supplies\",\"potentialAction\":[{\"@type\":\"SearchAction\",\"target\":{\"@type\":\"EntryPoint\",\"urlTemplate\":\"https:\/\/petproducts.com.cn\/?s={search_term_string}\"},\"query-input\":{\"@type\":\"PropertyValueSpecification\",\"valueRequired\":true,\"valueName\":\"search_term_string\"}}],\"inLanguage\":\"de\"},{\"@type\":\"Organization\",\"@id\":\"https:\/\/petproducts.com.cn\/#organization\",\"name\":\"Petstar\",\"url\":\"https:\/\/petproducts.com.cn\/\",\"logo\":{\"@type\":\"ImageObject\",\"inLanguage\":\"de\",\"@id\":\"https:\/\/petproducts.com.cn\/#\/schema\/logo\/image\/\",\"url\":\"https:\/\/petproducts.com.cn\/wp-content\/uploads\/2020\/02\/petstar-logo.webp\",\"contentUrl\":\"https:\/\/petproducts.com.cn\/wp-content\/uploads\/2020\/02\/petstar-logo.webp\",\"width\":779,\"height\":520,\"caption\":\"Petstar\"},\"image\":{\"@id\":\"https:\/\/petproducts.com.cn\/#\/schema\/logo\/image\/\"}}]}<\/script>\n<!-- \/ Yoast SEO plugin. -->","yoast_head_json":{"title":"Hund Reise Matte | Haustier Schlafsack Bett Hersteller - Petstar","description":"Entdecken Sie Dog Travel Mat vom besten Anbieter f\u00fcr Haustierprodukte. Petstar ist ein globaler Hersteller von Heimtierprodukten. Ihre ideale Gesch\u00e4ftsl\u00f6sung mit Petstar.","robots":{"index":"index","follow":"follow","max-snippet":"max-snippet:-1","max-image-preview":"max-image-preview:large","max-video-preview":"max-video-preview:-1"},"canonical":"https:\/\/petproducts.com.cn\/de\/produkt\/dog-travel-mat-wholesale-2-in-1-foldable-portable-blanket-pet-sleeping-bag-bed\/","og_locale":"de_DE","og_type":"article","og_title":"Dog Travel Mat | Pet Sleeping Bag Bed Manufacturer - Petstar","og_description":"Explore Dog Travel Mat from the best pet products supplier. Petstar is a global pet products manufacturer. Your ideal business solution with Petstar.","og_url":"https:\/\/petproducts.com.cn\/de\/produkt\/dog-travel-mat-wholesale-2-in-1-foldable-portable-blanket-pet-sleeping-bag-bed\/","og_site_name":"Petstar","article_modified_time":"2024-12-12T08:47:01+00:00","og_image":[{"width":1000,"height":1000,"url":"https:\/\/petproducts.com.cn\/wp-content\/uploads\/2024\/12\/Best-dog-travel-mat.webp","type":"image\/webp"}],"twitter_card":"summary_large_image","twitter_misc":{"Gesch\u00e4tzte Lesezeit":"2\u00a0Minuten"},"schema":{"@context":"https:\/\/schema.org","@graph":[{"@type":"WebPage","@id":"https:\/\/petproducts.com.cn\/product\/dog-travel-mat-wholesale-2-in-1-foldable-portable-blanket-pet-sleeping-bag-bed\/","url":"https:\/\/petproducts.com.cn\/product\/dog-travel-mat-wholesale-2-in-1-foldable-portable-blanket-pet-sleeping-bag-bed\/","name":"Hund Reise Matte | Haustier Schlafsack Bett Hersteller - Petstar","isPartOf":{"@id":"https:\/\/petproducts.com.cn\/#website"},"primaryImageOfPage":{"@id":"https:\/\/petproducts.com.cn\/product\/dog-travel-mat-wholesale-2-in-1-foldable-portable-blanket-pet-sleeping-bag-bed\/#primaryimage"},"image":{"@id":"https:\/\/petproducts.com.cn\/product\/dog-travel-mat-wholesale-2-in-1-foldable-portable-blanket-pet-sleeping-bag-bed\/#primaryimage"},"thumbnailUrl":"https:\/\/petproducts.com.cn\/wp-content\/uploads\/2024\/12\/Best-dog-travel-mat.webp","datePublished":"2024-12-12T02:02:25+00:00","dateModified":"2024-12-12T08:47:01+00:00","description":"Entdecken Sie Dog Travel Mat vom besten Anbieter f\u00fcr Haustierprodukte. Petstar ist ein globaler Hersteller von Heimtierprodukten. Ihre ideale Gesch\u00e4ftsl\u00f6sung mit Petstar.","breadcrumb":{"@id":"https:\/\/petproducts.com.cn\/product\/dog-travel-mat-wholesale-2-in-1-foldable-portable-blanket-pet-sleeping-bag-bed\/#breadcrumb"},"inLanguage":"de","potentialAction":[{"@type":"ReadAction","target":["https:\/\/petproducts.com.cn\/product\/dog-travel-mat-wholesale-2-in-1-foldable-portable-blanket-pet-sleeping-bag-bed\/"]}]},{"@type":"ImageObject","inLanguage":"de","@id":"https:\/\/petproducts.com.cn\/product\/dog-travel-mat-wholesale-2-in-1-foldable-portable-blanket-pet-sleeping-bag-bed\/#primaryimage","url":"https:\/\/petproducts.com.cn\/wp-content\/uploads\/2024\/12\/Best-dog-travel-mat.webp","contentUrl":"https:\/\/petproducts.com.cn\/wp-content\/uploads\/2024\/12\/Best-dog-travel-mat.webp","width":1000,"height":1000,"caption":"Best dog travel mat"},{"@type":"BreadcrumbList","@id":"https:\/\/petproducts.com.cn\/product\/dog-travel-mat-wholesale-2-in-1-foldable-portable-blanket-pet-sleeping-bag-bed\/#breadcrumb","itemListElement":[{"@type":"ListItem","position":1,"name":"HOME","item":"https:\/\/petproducts.com.cn\/"},{"@type":"ListItem","position":2,"name":"Products","item":"https:\/\/petproducts.com.cn\/shop\/"},{"@type":"ListItem","position":3,"name":"Dog Beds","item":"https:\/\/petproducts.com.cn\/product-category\/dog-beds\/"},{"@type":"ListItem","position":4,"name":"Dog Travel Mat Wholesale 2 In 1 Foldable Portable Blanket Pet Sleeping Bag Bed"}]},{"@type":"WebSite","@id":"https:\/\/petproducts.com.cn\/#website","url":"https:\/\/petproducts.com.cn\/","name":"Petstar","description":"F\u00fchrender Hersteller von Heimtierbedarf und OEM-Lieferant von Heimtierprodukten","publisher":{"@id":"https:\/\/petproducts.com.cn\/#organization"},"alternateName":"Petstar Pet Supplies","potentialAction":[{"@type":"SearchAction","target":{"@type":"EntryPoint","urlTemplate":"https:\/\/petproducts.com.cn\/?s={search_term_string}"},"query-input":{"@type":"PropertyValueSpecification","valueRequired":true,"valueName":"search_term_string"}}],"inLanguage":"de"},{"@type":"Organization","@id":"https:\/\/petproducts.com.cn\/#organization","name":"Petstar","url":"https:\/\/petproducts.com.cn\/","logo":{"@type":"ImageObject","inLanguage":"de","@id":"https:\/\/petproducts.com.cn\/#\/schema\/logo\/image\/","url":"https:\/\/petproducts.com.cn\/wp-content\/uploads\/2020\/02\/petstar-logo.webp","contentUrl":"https:\/\/petproducts.com.cn\/wp-content\/uploads\/2020\/02\/petstar-logo.webp","width":779,"height":520,"caption":"Petstar"},"image":{"@id":"https:\/\/petproducts.com.cn\/#\/schema\/logo\/image\/"}}]}},"_links":{"self":[{"href":"https:\/\/petproducts.com.cn\/de\/wp-json\/wp\/v2\/product\/31165","targetHints":{"allow":["GET"]}}],"collection":[{"href":"https:\/\/petproducts.com.cn\/de\/wp-json\/wp\/v2\/product"}],"about":[{"href":"https:\/\/petproducts.com.cn\/de\/wp-json\/wp\/v2\/types\/product"}],"version-history":[{"count":3,"href":"https:\/\/petproducts.com.cn\/de\/wp-json\/wp\/v2\/product\/31165\/revisions"}],"predecessor-version":[{"id":31174,"href":"https:\/\/petproducts.com.cn\/de\/wp-json\/wp\/v2\/product\/31165\/revisions\/31174"}],"wp:featuredmedia":[{"embeddable":true,"href":"https:\/\/petproducts.com.cn\/de\/wp-json\/wp\/v2\/media\/31168"}],"wp:attachment":[{"href":"https:\/\/petproducts.com.cn\/de\/wp-json\/wp\/v2\/media?parent=31165"}],"wp:term":[{"taxonomy":"product_brand","embeddable":true,"href":"https:\/\/petproducts.com.cn\/de\/wp-json\/wp\/v2\/product_brand?post=31165"},{"taxonomy":"product_cat","embeddable":true,"href":"https:\/\/petproducts.com.cn\/de\/wp-json\/wp\/v2\/product_cat?post=31165"},{"taxonomy":"product_tag","embeddable":true,"href":"https:\/\/petproducts.com.cn\/de\/wp-json\/wp\/v2\/product_tag?post=31165"}],"curies":[{"name":"wp","href":"https:\/\/api.w.org\/{rel}","templated":true}]}}