{"id":31195,"date":"2024-12-12T08:26:38","date_gmt":"2024-12-12T08:26:38","guid":{"rendered":"https:\/\/petproducts.com.cn\/?post_type=product&#038;p=31195"},"modified":"2024-12-12T08:45:47","modified_gmt":"2024-12-12T08:45:47","slug":"foldable-outdoor-pet-bed-portable-travel-600d-oxford-waterproof-dog-pet-mat-bed","status":"publish","type":"product","link":"https:\/\/petproducts.com.cn\/de\/product\/foldable-outdoor-pet-bed-portable-travel-600d-oxford-waterproof-dog-pet-mat-bed\/","title":{"rendered":"Faltbare Outdoor Haustier Bett Portable Reise 600D Oxford Wasserdicht Hund Haustier Matte Bett"},"content":{"rendered":"<h2>Merkmale des faltbaren Outdoor-Tierbetts<\/h2>\n<ul>\n<li><strong>Zusammenklappbares Design f\u00fcr einfache Lagerung<\/strong><br \/>\nSie k\u00f6nnen dies falten <em>Zusammenklappbares Bett f\u00fcr Haustiere im Freien<\/em> in Sekundenschnelle auf ein kompaktes Format. Dank dieser platzsparenden Funktion l\u00e4sst er sich leicht transportieren, egal ob Sie wandern, campen oder mit dem Auto unterwegs sind.<\/li>\n<li><strong>Strapazierf\u00e4higes 600D Oxford-Gewebe<\/strong><br \/>\nAus hochwertigem 600D Oxford-Gewebe gefertigt, ist dieses <em>Haustier-Mattenbett<\/em> ist verschlei\u00dffest und garantiert eine lang anhaltende Leistung. Die robuste Konstruktion ist perfekt f\u00fcr den Au\u00dfenbereich geeignet und bietet sowohl Haltbarkeit als auch Komfort.<\/li>\n<li><strong>Wasserbest\u00e4ndiger Schutz<\/strong><br \/>\nMit einer Wasserbest\u00e4ndigkeit von mehr als 2500 mmH2O h\u00e4lt dieses Haustierbett Ihr Haustier auch auf feuchten oder nassen Oberfl\u00e4chen trocken. Sie k\u00f6nnen es bedenkenlos auf Gras, Sand oder sogar in Innenr\u00e4umen auf B\u00f6den verwenden, die leicht versch\u00fcttet werden k\u00f6nnen.<\/li>\n<li><strong>Leicht und tragbar<\/strong><br \/>\nDurch sein geringes Gewicht l\u00e4sst er sich bei Ausfl\u00fcgen im Freien m\u00fchelos mitnehmen. Dank der tragbaren Konstruktion k\u00f6nnen Sie ihn \u00fcberallhin mitnehmen und Ihrem Haustier einen gem\u00fctlichen Ruheplatz bieten, wo immer Sie auch hingehen.<\/li>\n<li><strong>Bequeme Oberfl\u00e4che f\u00fcr Haustiere<\/strong><br \/>\nTrotz ihrer robusten Konstruktion bietet die Matte eine weiche und glatte Oberfl\u00e4che. Ihr Haustier wird es lieben, sich nach einem langen Tag der Erkundung oder des Spiels im Freien darauf zu entspannen.<\/li>\n<li><strong>Ideal f\u00fcr Outdoor-Abenteuer<\/strong><br \/>\nOb Sie campen, wandern oder ein Picknick veranstalten, dieser <em>Zusammenklappbares Bett f\u00fcr Haustiere im Freien<\/em> dient als bequeme und zuverl\u00e4ssige Ruhem\u00f6glichkeit f\u00fcr Ihr Haustier. Sein vielseitiges Design f\u00fcgt sich nahtlos in jede Au\u00dfenanlage ein.<\/li>\n<\/ul>\n<p style=\"text-align: center;\"><em><strong>F<\/strong><\/em><em><strong>oder mehr <a href=\"https:\/\/petproducts.com.cn\/de\/wholesale-dog-beds\/\">Hund\u00a0<\/a><\/strong><\/em><em><strong><a href=\"https:\/\/petproducts.com.cn\/de\/wholesale-dog-beds\/\">Betten<\/a> &amp; <a href=\"https:\/\/petproducts.com.cn\/de\/wholesale-cat-beds\/\">Petstar\u2019s dedicated design team regularly introduces fresh, trend-setting products, keeping Petstar\u2019s partners ahead in the pet care market.<\/a>, Bitte <a href=\"https:\/\/petproducts.com.cn\/de\/kontaktieren-sie-uns\/\">kontaktiere uns<\/a>!<\/strong><\/em><\/p>","protected":false},"excerpt":{"rendered":"<p>Der <em>Zusammenklappbares Bett f\u00fcr Haustiere im Freien<\/em> kombiniert Tragbarkeit, Strapazierf\u00e4higkeit und Wasserfestigkeit und ist damit der perfekte Begleiter f\u00fcr Outdoor-Abenteuer mit Ihrem Haustier.<\/p>","protected":false},"featured_media":31197,"template":"","meta":{"_acf_changed":false},"product_brand":[],"product_cat":[57,72],"product_tag":[190,203,283,250,189],"class_list":{"0":"post-31195","1":"product","2":"type-product","3":"status-publish","4":"has-post-thumbnail","6":"product_cat-dog-beds","7":"product_cat-dog-supplies","8":"product_tag-outdoor-pet-beds","9":"product_tag-pet-beds","10":"product_tag-pet-foldable-beds","11":"product_tag-pet-mat-beds","12":"product_tag-waterproof-pet-beds","14":"first","15":"instock","16":"shipping-taxable","17":"product-type-simple"},"acf":[],"yoast_head":"<!-- This site is optimized with the Yoast SEO plugin v27.1.1 - https:\/\/yoast.com\/product\/yoast-seo-wordpress\/ -->\n<title>Foldable Outdoor Pet Bed | Pet Mat Bed Manufacturer - Petstar<\/title>\n<meta name=\"description\" content=\"Explore Foldable Outdoor Pet Bed from the best pet products supplier. Petstar is a global pet products manufacturer. Your ideal business solution with Petstar.\" \/>\n<meta name=\"robots\" content=\"index, follow, max-snippet:-1, max-image-preview:large, max-video-preview:-1\" \/>\n<link rel=\"canonical\" href=\"https:\/\/petproducts.com.cn\/de\/produkt\/foldable-outdoor-pet-bed-portable-travel-600d-oxford-waterproof-dog-pet-mat-bed\/\" \/>\n<meta property=\"og:locale\" content=\"de_DE\" \/>\n<meta property=\"og:type\" content=\"article\" \/>\n<meta property=\"og:title\" content=\"Foldable Outdoor Pet Bed | Pet Mat Bed Manufacturer - Petstar\" \/>\n<meta property=\"og:description\" content=\"Explore Foldable Outdoor Pet Bed from the best pet products supplier. Petstar is a global pet products manufacturer. Your ideal business solution with Petstar.\" \/>\n<meta property=\"og:url\" content=\"https:\/\/petproducts.com.cn\/de\/produkt\/foldable-outdoor-pet-bed-portable-travel-600d-oxford-waterproof-dog-pet-mat-bed\/\" \/>\n<meta property=\"og:site_name\" content=\"Petstar\" \/>\n<meta property=\"article:modified_time\" content=\"2024-12-12T08:45:47+00:00\" \/>\n<meta property=\"og:image\" content=\"https:\/\/petproducts.com.cn\/wp-content\/uploads\/2024\/12\/Best-Foldable-Outdoor-Pet-Bed.webp\" \/>\n\t<meta property=\"og:image:width\" content=\"800\" \/>\n\t<meta property=\"og:image:height\" content=\"800\" \/>\n\t<meta property=\"og:image:type\" content=\"image\/webp\" \/>\n<meta name=\"twitter:card\" content=\"summary_large_image\" \/>\n<meta name=\"twitter:label1\" content=\"Gesch\u00e4tzte Lesezeit\" \/>\n\t<meta name=\"twitter:data1\" content=\"2\u00a0Minuten\" \/>\n<script type=\"application\/ld+json\" class=\"yoast-schema-graph\">{\"@context\":\"https:\/\/schema.org\",\"@graph\":[{\"@type\":\"WebPage\",\"@id\":\"https:\/\/petproducts.com.cn\/product\/foldable-outdoor-pet-bed-portable-travel-600d-oxford-waterproof-dog-pet-mat-bed\/\",\"url\":\"https:\/\/petproducts.com.cn\/product\/foldable-outdoor-pet-bed-portable-travel-600d-oxford-waterproof-dog-pet-mat-bed\/\",\"name\":\"Foldable Outdoor Pet Bed | Pet Mat Bed Manufacturer - Petstar\",\"isPartOf\":{\"@id\":\"https:\/\/petproducts.com.cn\/#website\"},\"primaryImageOfPage\":{\"@id\":\"https:\/\/petproducts.com.cn\/product\/foldable-outdoor-pet-bed-portable-travel-600d-oxford-waterproof-dog-pet-mat-bed\/#primaryimage\"},\"image\":{\"@id\":\"https:\/\/petproducts.com.cn\/product\/foldable-outdoor-pet-bed-portable-travel-600d-oxford-waterproof-dog-pet-mat-bed\/#primaryimage\"},\"thumbnailUrl\":\"https:\/\/petproducts.com.cn\/wp-content\/uploads\/2024\/12\/Best-Foldable-Outdoor-Pet-Bed.webp\",\"datePublished\":\"2024-12-12T08:26:38+00:00\",\"dateModified\":\"2024-12-12T08:45:47+00:00\",\"description\":\"Explore Foldable Outdoor Pet Bed from the best pet products supplier. Petstar is a global pet products manufacturer. Your ideal business solution with Petstar.\",\"breadcrumb\":{\"@id\":\"https:\/\/petproducts.com.cn\/product\/foldable-outdoor-pet-bed-portable-travel-600d-oxford-waterproof-dog-pet-mat-bed\/#breadcrumb\"},\"inLanguage\":\"de\",\"potentialAction\":[{\"@type\":\"ReadAction\",\"target\":[\"https:\/\/petproducts.com.cn\/product\/foldable-outdoor-pet-bed-portable-travel-600d-oxford-waterproof-dog-pet-mat-bed\/\"]}]},{\"@type\":\"ImageObject\",\"inLanguage\":\"de\",\"@id\":\"https:\/\/petproducts.com.cn\/product\/foldable-outdoor-pet-bed-portable-travel-600d-oxford-waterproof-dog-pet-mat-bed\/#primaryimage\",\"url\":\"https:\/\/petproducts.com.cn\/wp-content\/uploads\/2024\/12\/Best-Foldable-Outdoor-Pet-Bed.webp\",\"contentUrl\":\"https:\/\/petproducts.com.cn\/wp-content\/uploads\/2024\/12\/Best-Foldable-Outdoor-Pet-Bed.webp\",\"width\":800,\"height\":800,\"caption\":\"Best Foldable Outdoor Pet Bed\"},{\"@type\":\"BreadcrumbList\",\"@id\":\"https:\/\/petproducts.com.cn\/product\/foldable-outdoor-pet-bed-portable-travel-600d-oxford-waterproof-dog-pet-mat-bed\/#breadcrumb\",\"itemListElement\":[{\"@type\":\"ListItem\",\"position\":1,\"name\":\"HOME\",\"item\":\"https:\/\/petproducts.com.cn\/\"},{\"@type\":\"ListItem\",\"position\":2,\"name\":\"Products\",\"item\":\"https:\/\/petproducts.com.cn\/shop\/\"},{\"@type\":\"ListItem\",\"position\":3,\"name\":\"Dog Beds\",\"item\":\"https:\/\/petproducts.com.cn\/product-category\/dog-beds\/\"},{\"@type\":\"ListItem\",\"position\":4,\"name\":\"Foldable Outdoor Pet Bed Portable Travel 600D Oxford Waterproof Dog Pet Mat Bed\"}]},{\"@type\":\"WebSite\",\"@id\":\"https:\/\/petproducts.com.cn\/#website\",\"url\":\"https:\/\/petproducts.com.cn\/\",\"name\":\"Petstar\",\"description\":\"Leading Pet Supplies Manufacturer &amp; OEM Pet Products Supplier\",\"publisher\":{\"@id\":\"https:\/\/petproducts.com.cn\/#organization\"},\"alternateName\":\"Petstar Pet Supplies\",\"potentialAction\":[{\"@type\":\"SearchAction\",\"target\":{\"@type\":\"EntryPoint\",\"urlTemplate\":\"https:\/\/petproducts.com.cn\/?s={search_term_string}\"},\"query-input\":{\"@type\":\"PropertyValueSpecification\",\"valueRequired\":true,\"valueName\":\"search_term_string\"}}],\"inLanguage\":\"de\"},{\"@type\":\"Organization\",\"@id\":\"https:\/\/petproducts.com.cn\/#organization\",\"name\":\"Petstar\",\"url\":\"https:\/\/petproducts.com.cn\/\",\"logo\":{\"@type\":\"ImageObject\",\"inLanguage\":\"de\",\"@id\":\"https:\/\/petproducts.com.cn\/#\/schema\/logo\/image\/\",\"url\":\"https:\/\/petproducts.com.cn\/wp-content\/uploads\/2020\/02\/petstar-logo.webp\",\"contentUrl\":\"https:\/\/petproducts.com.cn\/wp-content\/uploads\/2020\/02\/petstar-logo.webp\",\"width\":779,\"height\":520,\"caption\":\"Petstar\"},\"image\":{\"@id\":\"https:\/\/petproducts.com.cn\/#\/schema\/logo\/image\/\"}}]}<\/script>\n<!-- \/ Yoast SEO plugin. -->","yoast_head_json":{"title":"Faltbare Outdoor Haustier Bett | Haustier Matte Bett Hersteller - Petstar","description":"Entdecken Sie das faltbare Bett f\u00fcr Haustiere im Freien vom besten Anbieter f\u00fcr Haustierprodukte. Petstar ist ein globaler Hersteller von Haustierprodukten. Ihre ideale Gesch\u00e4ftsl\u00f6sung mit Petstar.","robots":{"index":"index","follow":"follow","max-snippet":"max-snippet:-1","max-image-preview":"max-image-preview:large","max-video-preview":"max-video-preview:-1"},"canonical":"https:\/\/petproducts.com.cn\/de\/produkt\/foldable-outdoor-pet-bed-portable-travel-600d-oxford-waterproof-dog-pet-mat-bed\/","og_locale":"de_DE","og_type":"article","og_title":"Foldable Outdoor Pet Bed | Pet Mat Bed Manufacturer - Petstar","og_description":"Explore Foldable Outdoor Pet Bed from the best pet products supplier. Petstar is a global pet products manufacturer. Your ideal business solution with Petstar.","og_url":"https:\/\/petproducts.com.cn\/de\/produkt\/foldable-outdoor-pet-bed-portable-travel-600d-oxford-waterproof-dog-pet-mat-bed\/","og_site_name":"Petstar","article_modified_time":"2024-12-12T08:45:47+00:00","og_image":[{"width":800,"height":800,"url":"https:\/\/petproducts.com.cn\/wp-content\/uploads\/2024\/12\/Best-Foldable-Outdoor-Pet-Bed.webp","type":"image\/webp"}],"twitter_card":"summary_large_image","twitter_misc":{"Gesch\u00e4tzte Lesezeit":"2\u00a0Minuten"},"schema":{"@context":"https:\/\/schema.org","@graph":[{"@type":"WebPage","@id":"https:\/\/petproducts.com.cn\/product\/foldable-outdoor-pet-bed-portable-travel-600d-oxford-waterproof-dog-pet-mat-bed\/","url":"https:\/\/petproducts.com.cn\/product\/foldable-outdoor-pet-bed-portable-travel-600d-oxford-waterproof-dog-pet-mat-bed\/","name":"Faltbare Outdoor Haustier Bett | Haustier Matte Bett Hersteller - Petstar","isPartOf":{"@id":"https:\/\/petproducts.com.cn\/#website"},"primaryImageOfPage":{"@id":"https:\/\/petproducts.com.cn\/product\/foldable-outdoor-pet-bed-portable-travel-600d-oxford-waterproof-dog-pet-mat-bed\/#primaryimage"},"image":{"@id":"https:\/\/petproducts.com.cn\/product\/foldable-outdoor-pet-bed-portable-travel-600d-oxford-waterproof-dog-pet-mat-bed\/#primaryimage"},"thumbnailUrl":"https:\/\/petproducts.com.cn\/wp-content\/uploads\/2024\/12\/Best-Foldable-Outdoor-Pet-Bed.webp","datePublished":"2024-12-12T08:26:38+00:00","dateModified":"2024-12-12T08:45:47+00:00","description":"Entdecken Sie das faltbare Bett f\u00fcr Haustiere im Freien vom besten Anbieter f\u00fcr Haustierprodukte. Petstar ist ein globaler Hersteller von Haustierprodukten. Ihre ideale Gesch\u00e4ftsl\u00f6sung mit Petstar.","breadcrumb":{"@id":"https:\/\/petproducts.com.cn\/product\/foldable-outdoor-pet-bed-portable-travel-600d-oxford-waterproof-dog-pet-mat-bed\/#breadcrumb"},"inLanguage":"de","potentialAction":[{"@type":"ReadAction","target":["https:\/\/petproducts.com.cn\/product\/foldable-outdoor-pet-bed-portable-travel-600d-oxford-waterproof-dog-pet-mat-bed\/"]}]},{"@type":"ImageObject","inLanguage":"de","@id":"https:\/\/petproducts.com.cn\/product\/foldable-outdoor-pet-bed-portable-travel-600d-oxford-waterproof-dog-pet-mat-bed\/#primaryimage","url":"https:\/\/petproducts.com.cn\/wp-content\/uploads\/2024\/12\/Best-Foldable-Outdoor-Pet-Bed.webp","contentUrl":"https:\/\/petproducts.com.cn\/wp-content\/uploads\/2024\/12\/Best-Foldable-Outdoor-Pet-Bed.webp","width":800,"height":800,"caption":"Best Foldable Outdoor Pet Bed"},{"@type":"BreadcrumbList","@id":"https:\/\/petproducts.com.cn\/product\/foldable-outdoor-pet-bed-portable-travel-600d-oxford-waterproof-dog-pet-mat-bed\/#breadcrumb","itemListElement":[{"@type":"ListItem","position":1,"name":"HOME","item":"https:\/\/petproducts.com.cn\/"},{"@type":"ListItem","position":2,"name":"Products","item":"https:\/\/petproducts.com.cn\/shop\/"},{"@type":"ListItem","position":3,"name":"Dog Beds","item":"https:\/\/petproducts.com.cn\/product-category\/dog-beds\/"},{"@type":"ListItem","position":4,"name":"Foldable Outdoor Pet Bed Portable Travel 600D Oxford Waterproof Dog Pet Mat Bed"}]},{"@type":"WebSite","@id":"https:\/\/petproducts.com.cn\/#website","url":"https:\/\/petproducts.com.cn\/","name":"Petstar","description":"F\u00fchrender Hersteller von Heimtierbedarf und OEM-Lieferant von Heimtierprodukten","publisher":{"@id":"https:\/\/petproducts.com.cn\/#organization"},"alternateName":"Petstar Pet Supplies","potentialAction":[{"@type":"SearchAction","target":{"@type":"EntryPoint","urlTemplate":"https:\/\/petproducts.com.cn\/?s={search_term_string}"},"query-input":{"@type":"PropertyValueSpecification","valueRequired":true,"valueName":"search_term_string"}}],"inLanguage":"de"},{"@type":"Organization","@id":"https:\/\/petproducts.com.cn\/#organization","name":"Petstar","url":"https:\/\/petproducts.com.cn\/","logo":{"@type":"ImageObject","inLanguage":"de","@id":"https:\/\/petproducts.com.cn\/#\/schema\/logo\/image\/","url":"https:\/\/petproducts.com.cn\/wp-content\/uploads\/2020\/02\/petstar-logo.webp","contentUrl":"https:\/\/petproducts.com.cn\/wp-content\/uploads\/2020\/02\/petstar-logo.webp","width":779,"height":520,"caption":"Petstar"},"image":{"@id":"https:\/\/petproducts.com.cn\/#\/schema\/logo\/image\/"}}]}},"_links":{"self":[{"href":"https:\/\/petproducts.com.cn\/de\/wp-json\/wp\/v2\/product\/31195","targetHints":{"allow":["GET"]}}],"collection":[{"href":"https:\/\/petproducts.com.cn\/de\/wp-json\/wp\/v2\/product"}],"about":[{"href":"https:\/\/petproducts.com.cn\/de\/wp-json\/wp\/v2\/types\/product"}],"version-history":[{"count":2,"href":"https:\/\/petproducts.com.cn\/de\/wp-json\/wp\/v2\/product\/31195\/revisions"}],"predecessor-version":[{"id":31203,"href":"https:\/\/petproducts.com.cn\/de\/wp-json\/wp\/v2\/product\/31195\/revisions\/31203"}],"wp:featuredmedia":[{"embeddable":true,"href":"https:\/\/petproducts.com.cn\/de\/wp-json\/wp\/v2\/media\/31197"}],"wp:attachment":[{"href":"https:\/\/petproducts.com.cn\/de\/wp-json\/wp\/v2\/media?parent=31195"}],"wp:term":[{"taxonomy":"product_brand","embeddable":true,"href":"https:\/\/petproducts.com.cn\/de\/wp-json\/wp\/v2\/product_brand?post=31195"},{"taxonomy":"product_cat","embeddable":true,"href":"https:\/\/petproducts.com.cn\/de\/wp-json\/wp\/v2\/product_cat?post=31195"},{"taxonomy":"product_tag","embeddable":true,"href":"https:\/\/petproducts.com.cn\/de\/wp-json\/wp\/v2\/product_tag?post=31195"}],"curies":[{"name":"wp","href":"https:\/\/api.w.org\/{rel}","templated":true}]}}