{"id":31204,"date":"2024-12-12T09:03:23","date_gmt":"2024-12-12T09:03:23","guid":{"rendered":"https:\/\/petproducts.com.cn\/?post_type=product&#038;p=31204"},"modified":"2024-12-12T09:18:03","modified_gmt":"2024-12-12T09:18:03","slug":"waterproof-travel-dog-bed-wholesale-600d-oxford-removable-pet-cushion-bed","status":"publish","type":"product","link":"https:\/\/petproducts.com.cn\/de\/product\/waterproof-travel-dog-bed-wholesale-600d-oxford-removable-pet-cushion-bed\/","title":{"rendered":"Wasserdichtes Reise-Hundebett Gro\u00dfhandel 600D Oxford abnehmbare Haustier-Kissen Bett"},"content":{"rendered":"<h2>Eigenschaften von Wasserdichtes Reise-Hundebett<\/h2>\n<ul>\n<li><strong>Wasserdichtes Design f\u00fcr den Au\u00dfeneinsatz<\/strong><br \/>\nHierauf k\u00f6nnen Sie sich verlassen <em>Wasserdichtes Reise-Hundebett<\/em> damit Ihr Haustier auch bei Feuchtigkeit trocken bleibt. Die wasserabweisende Schicht (&gt;2500mmH2O) verhindert das Durchsickern von Feuchtigkeit und eignet sich somit perfekt f\u00fcr Camping, Wandern oder Strandausfl\u00fcge.<\/li>\n<li><strong>Strapazierf\u00e4higes 600D Oxford-Gewebe<\/strong><br \/>\nAus hochwertigem 600D Oxford-Gewebe gefertigt, ist dieses <em>Haustier-Kissenbett<\/em> h\u00e4lt dem rauen Au\u00dfeneinsatz stand. Die robuste Textur ist verschlei\u00dffest und sorgt f\u00fcr eine lange Lebensdauer auch in anspruchsvollen Umgebungen.<\/li>\n<li><strong>Abnehmbarer und waschbarer Bezug<\/strong><br \/>\nDer abnehmbare Bezug macht die Reinigung einfach und m\u00fchelos. \u00d6ffnen Sie einfach den Rei\u00dfverschluss und waschen Sie den Bezug, um nach jedem Abenteuer eine frische, hygienische Oberfl\u00e4che f\u00fcr Ihr Haustier zu erhalten.<\/li>\n<li><strong>Leichtgewichtig und reisefreudig<\/strong><br \/>\nDank seines geringen Gewichts k\u00f6nnen Sie dieses Hundebett m\u00fchelos \u00fcberallhin mitnehmen. Die reisefreundliche Konstruktion sorgt daf\u00fcr, dass Ihr Haustier eine kuschelige Ruhepause genie\u00dft, egal ob Sie auf einer Autoreise sind oder Zeit im Freien verbringen.<\/li>\n<li><strong>Komfortable Kissenpolsterung<\/strong><br \/>\nDie weiche und doch feste Polsterung bietet Ihrem Haustier hervorragenden Halt. Ihr pelziger Freund genie\u00dft maximalen Komfort bei Nickerchen oder l\u00e4ngeren Ruhephasen, selbst auf unebenen Oberfl\u00e4chen.<\/li>\n<li><strong>Multifunktional f\u00fcr den Innen- und Au\u00dfenbereich<\/strong><br \/>\nDank seines wasserabweisenden Materials und seines vielseitigen Designs ist dieser <em>Wasserdichtes Reise-Hundebett<\/em> ist auch f\u00fcr den Einsatz in Innenr\u00e4umen geeignet. Sie k\u00f6nnen ihn auf B\u00f6den, Kisten oder M\u00f6beln platzieren, um ihm einen sicheren Platz zum Ausruhen zu bieten.<\/li>\n<li><strong>Anti-Rutsch-Boden f\u00fcr Stabilit\u00e4t<\/strong><br \/>\nDie rutschfeste Unterseite h\u00e4lt das Bett fest an seinem Platz und verhindert unn\u00f6tige Bewegungen. Diese Eigenschaft gew\u00e4hrleistet die Sicherheit und Stabilit\u00e4t Ihres Haustieres, auch auf glatten oder rutschigen Oberfl\u00e4chen.<\/li>\n<\/ul>\n<p style=\"text-align: center;\"><em><strong>F<\/strong><\/em><em><strong>oder mehr <a href=\"https:\/\/petproducts.com.cn\/de\/wholesale-dog-beds\/\">Hund\u00a0<\/a><\/strong><\/em><em><strong><a href=\"https:\/\/petproducts.com.cn\/de\/wholesale-dog-beds\/\">Betten<\/a> &amp; <a href=\"https:\/\/petproducts.com.cn\/de\/wholesale-cat-beds\/\">Petstar\u2019s dedicated design team regularly introduces fresh, trend-setting products, keeping Petstar\u2019s partners ahead in the pet care market.<\/a>, Bitte <a href=\"https:\/\/petproducts.com.cn\/de\/kontaktieren-sie-uns\/\">kontaktiere uns<\/a>!<\/strong><\/em><\/p>","protected":false},"excerpt":{"rendered":"<p>Der <em>Wasserdichtes Reise-Hundebett<\/em> kombiniert Tragbarkeit, Strapazierf\u00e4higkeit und wasserabweisende Materialien und bietet Ihrem Haustier eine komfortable und praktische Ruhem\u00f6glichkeit f\u00fcr Outdoor-Abenteuer.<\/p>","protected":false},"featured_media":31206,"template":"","meta":{"_acf_changed":false},"product_brand":[],"product_cat":[57,72],"product_tag":[190,203,250,189],"class_list":{"0":"post-31204","1":"product","2":"type-product","3":"status-publish","4":"has-post-thumbnail","6":"product_cat-dog-beds","7":"product_cat-dog-supplies","8":"product_tag-outdoor-pet-beds","9":"product_tag-pet-beds","10":"product_tag-pet-mat-beds","11":"product_tag-waterproof-pet-beds","13":"first","14":"instock","15":"shipping-taxable","16":"product-type-simple"},"acf":[],"yoast_head":"<!-- This site is optimized with the Yoast SEO plugin v27.1.1 - https:\/\/yoast.com\/product\/yoast-seo-wordpress\/ -->\n<title>Waterproof Travel Dog Bed | Pet Cushion Bed Manufacturer - Petstar<\/title>\n<meta name=\"description\" content=\"Explore Waterproof Travel Dog Bed from the best pet products supplier. Petstar is a global pet products manufacturer. Your ideal business solution with Petstar.\" \/>\n<meta name=\"robots\" content=\"index, follow, max-snippet:-1, max-image-preview:large, max-video-preview:-1\" \/>\n<link rel=\"canonical\" href=\"https:\/\/petproducts.com.cn\/de\/produkt\/waterproof-travel-dog-bed-wholesale-600d-oxford-removable-pet-cushion-bed\/\" \/>\n<meta property=\"og:locale\" content=\"de_DE\" \/>\n<meta property=\"og:type\" content=\"article\" \/>\n<meta property=\"og:title\" content=\"Waterproof Travel Dog Bed | Pet Cushion Bed Manufacturer - Petstar\" \/>\n<meta property=\"og:description\" content=\"Explore Waterproof Travel Dog Bed from the best pet products supplier. Petstar is a global pet products manufacturer. Your ideal business solution with Petstar.\" \/>\n<meta property=\"og:url\" content=\"https:\/\/petproducts.com.cn\/de\/produkt\/waterproof-travel-dog-bed-wholesale-600d-oxford-removable-pet-cushion-bed\/\" \/>\n<meta property=\"og:site_name\" content=\"Petstar\" \/>\n<meta property=\"article:modified_time\" content=\"2024-12-12T09:18:03+00:00\" \/>\n<meta property=\"og:image\" content=\"https:\/\/petproducts.com.cn\/wp-content\/uploads\/2024\/12\/Best-Waterproof-Travel-Dog-Bed.webp\" \/>\n\t<meta property=\"og:image:width\" content=\"800\" \/>\n\t<meta property=\"og:image:height\" content=\"800\" \/>\n\t<meta property=\"og:image:type\" content=\"image\/webp\" \/>\n<meta name=\"twitter:card\" content=\"summary_large_image\" \/>\n<meta name=\"twitter:label1\" content=\"Gesch\u00e4tzte Lesezeit\" \/>\n\t<meta name=\"twitter:data1\" content=\"2\u00a0Minuten\" \/>\n<script type=\"application\/ld+json\" class=\"yoast-schema-graph\">{\"@context\":\"https:\/\/schema.org\",\"@graph\":[{\"@type\":\"WebPage\",\"@id\":\"https:\/\/petproducts.com.cn\/product\/waterproof-travel-dog-bed-wholesale-600d-oxford-removable-pet-cushion-bed\/\",\"url\":\"https:\/\/petproducts.com.cn\/product\/waterproof-travel-dog-bed-wholesale-600d-oxford-removable-pet-cushion-bed\/\",\"name\":\"Waterproof Travel Dog Bed | Pet Cushion Bed Manufacturer - Petstar\",\"isPartOf\":{\"@id\":\"https:\/\/petproducts.com.cn\/#website\"},\"primaryImageOfPage\":{\"@id\":\"https:\/\/petproducts.com.cn\/product\/waterproof-travel-dog-bed-wholesale-600d-oxford-removable-pet-cushion-bed\/#primaryimage\"},\"image\":{\"@id\":\"https:\/\/petproducts.com.cn\/product\/waterproof-travel-dog-bed-wholesale-600d-oxford-removable-pet-cushion-bed\/#primaryimage\"},\"thumbnailUrl\":\"https:\/\/petproducts.com.cn\/wp-content\/uploads\/2024\/12\/Best-Waterproof-Travel-Dog-Bed.webp\",\"datePublished\":\"2024-12-12T09:03:23+00:00\",\"dateModified\":\"2024-12-12T09:18:03+00:00\",\"description\":\"Explore Waterproof Travel Dog Bed from the best pet products supplier. Petstar is a global pet products manufacturer. Your ideal business solution with Petstar.\",\"breadcrumb\":{\"@id\":\"https:\/\/petproducts.com.cn\/product\/waterproof-travel-dog-bed-wholesale-600d-oxford-removable-pet-cushion-bed\/#breadcrumb\"},\"inLanguage\":\"de\",\"potentialAction\":[{\"@type\":\"ReadAction\",\"target\":[\"https:\/\/petproducts.com.cn\/product\/waterproof-travel-dog-bed-wholesale-600d-oxford-removable-pet-cushion-bed\/\"]}]},{\"@type\":\"ImageObject\",\"inLanguage\":\"de\",\"@id\":\"https:\/\/petproducts.com.cn\/product\/waterproof-travel-dog-bed-wholesale-600d-oxford-removable-pet-cushion-bed\/#primaryimage\",\"url\":\"https:\/\/petproducts.com.cn\/wp-content\/uploads\/2024\/12\/Best-Waterproof-Travel-Dog-Bed.webp\",\"contentUrl\":\"https:\/\/petproducts.com.cn\/wp-content\/uploads\/2024\/12\/Best-Waterproof-Travel-Dog-Bed.webp\",\"width\":800,\"height\":800,\"caption\":\"Best Waterproof Travel Dog Bed\"},{\"@type\":\"BreadcrumbList\",\"@id\":\"https:\/\/petproducts.com.cn\/product\/waterproof-travel-dog-bed-wholesale-600d-oxford-removable-pet-cushion-bed\/#breadcrumb\",\"itemListElement\":[{\"@type\":\"ListItem\",\"position\":1,\"name\":\"HOME\",\"item\":\"https:\/\/petproducts.com.cn\/\"},{\"@type\":\"ListItem\",\"position\":2,\"name\":\"Products\",\"item\":\"https:\/\/petproducts.com.cn\/shop\/\"},{\"@type\":\"ListItem\",\"position\":3,\"name\":\"Dog Beds\",\"item\":\"https:\/\/petproducts.com.cn\/product-category\/dog-beds\/\"},{\"@type\":\"ListItem\",\"position\":4,\"name\":\"Waterproof Travel Dog Bed Wholesale 600D Oxford Removable Pet Cushion Bed\"}]},{\"@type\":\"WebSite\",\"@id\":\"https:\/\/petproducts.com.cn\/#website\",\"url\":\"https:\/\/petproducts.com.cn\/\",\"name\":\"Petstar\",\"description\":\"Leading Pet Supplies Manufacturer &amp; OEM Pet Products Supplier\",\"publisher\":{\"@id\":\"https:\/\/petproducts.com.cn\/#organization\"},\"alternateName\":\"Petstar Pet Supplies\",\"potentialAction\":[{\"@type\":\"SearchAction\",\"target\":{\"@type\":\"EntryPoint\",\"urlTemplate\":\"https:\/\/petproducts.com.cn\/?s={search_term_string}\"},\"query-input\":{\"@type\":\"PropertyValueSpecification\",\"valueRequired\":true,\"valueName\":\"search_term_string\"}}],\"inLanguage\":\"de\"},{\"@type\":\"Organization\",\"@id\":\"https:\/\/petproducts.com.cn\/#organization\",\"name\":\"Petstar\",\"url\":\"https:\/\/petproducts.com.cn\/\",\"logo\":{\"@type\":\"ImageObject\",\"inLanguage\":\"de\",\"@id\":\"https:\/\/petproducts.com.cn\/#\/schema\/logo\/image\/\",\"url\":\"https:\/\/petproducts.com.cn\/wp-content\/uploads\/2020\/02\/petstar-logo.webp\",\"contentUrl\":\"https:\/\/petproducts.com.cn\/wp-content\/uploads\/2020\/02\/petstar-logo.webp\",\"width\":779,\"height\":520,\"caption\":\"Petstar\"},\"image\":{\"@id\":\"https:\/\/petproducts.com.cn\/#\/schema\/logo\/image\/\"}}]}<\/script>\n<!-- \/ Yoast SEO plugin. -->","yoast_head_json":{"title":"Wasserdichtes Reise-Hundebett | Haustier-Kissenbett Hersteller - Petstar","description":"Entdecken Sie das wasserdichte Reise-Hundebett vom besten Anbieter f\u00fcr Haustierprodukte. Petstar ist ein globaler Hersteller von Haustierprodukten. Ihre ideale Business-L\u00f6sung mit Petstar.","robots":{"index":"index","follow":"follow","max-snippet":"max-snippet:-1","max-image-preview":"max-image-preview:large","max-video-preview":"max-video-preview:-1"},"canonical":"https:\/\/petproducts.com.cn\/de\/produkt\/waterproof-travel-dog-bed-wholesale-600d-oxford-removable-pet-cushion-bed\/","og_locale":"de_DE","og_type":"article","og_title":"Waterproof Travel Dog Bed | Pet Cushion Bed Manufacturer - Petstar","og_description":"Explore Waterproof Travel Dog Bed from the best pet products supplier. Petstar is a global pet products manufacturer. Your ideal business solution with Petstar.","og_url":"https:\/\/petproducts.com.cn\/de\/produkt\/waterproof-travel-dog-bed-wholesale-600d-oxford-removable-pet-cushion-bed\/","og_site_name":"Petstar","article_modified_time":"2024-12-12T09:18:03+00:00","og_image":[{"width":800,"height":800,"url":"https:\/\/petproducts.com.cn\/wp-content\/uploads\/2024\/12\/Best-Waterproof-Travel-Dog-Bed.webp","type":"image\/webp"}],"twitter_card":"summary_large_image","twitter_misc":{"Gesch\u00e4tzte Lesezeit":"2\u00a0Minuten"},"schema":{"@context":"https:\/\/schema.org","@graph":[{"@type":"WebPage","@id":"https:\/\/petproducts.com.cn\/product\/waterproof-travel-dog-bed-wholesale-600d-oxford-removable-pet-cushion-bed\/","url":"https:\/\/petproducts.com.cn\/product\/waterproof-travel-dog-bed-wholesale-600d-oxford-removable-pet-cushion-bed\/","name":"Wasserdichtes Reise-Hundebett | Haustier-Kissenbett Hersteller - Petstar","isPartOf":{"@id":"https:\/\/petproducts.com.cn\/#website"},"primaryImageOfPage":{"@id":"https:\/\/petproducts.com.cn\/product\/waterproof-travel-dog-bed-wholesale-600d-oxford-removable-pet-cushion-bed\/#primaryimage"},"image":{"@id":"https:\/\/petproducts.com.cn\/product\/waterproof-travel-dog-bed-wholesale-600d-oxford-removable-pet-cushion-bed\/#primaryimage"},"thumbnailUrl":"https:\/\/petproducts.com.cn\/wp-content\/uploads\/2024\/12\/Best-Waterproof-Travel-Dog-Bed.webp","datePublished":"2024-12-12T09:03:23+00:00","dateModified":"2024-12-12T09:18:03+00:00","description":"Entdecken Sie das wasserdichte Reise-Hundebett vom besten Anbieter f\u00fcr Haustierprodukte. Petstar ist ein globaler Hersteller von Haustierprodukten. Ihre ideale Business-L\u00f6sung mit Petstar.","breadcrumb":{"@id":"https:\/\/petproducts.com.cn\/product\/waterproof-travel-dog-bed-wholesale-600d-oxford-removable-pet-cushion-bed\/#breadcrumb"},"inLanguage":"de","potentialAction":[{"@type":"ReadAction","target":["https:\/\/petproducts.com.cn\/product\/waterproof-travel-dog-bed-wholesale-600d-oxford-removable-pet-cushion-bed\/"]}]},{"@type":"ImageObject","inLanguage":"de","@id":"https:\/\/petproducts.com.cn\/product\/waterproof-travel-dog-bed-wholesale-600d-oxford-removable-pet-cushion-bed\/#primaryimage","url":"https:\/\/petproducts.com.cn\/wp-content\/uploads\/2024\/12\/Best-Waterproof-Travel-Dog-Bed.webp","contentUrl":"https:\/\/petproducts.com.cn\/wp-content\/uploads\/2024\/12\/Best-Waterproof-Travel-Dog-Bed.webp","width":800,"height":800,"caption":"Best Waterproof Travel Dog Bed"},{"@type":"BreadcrumbList","@id":"https:\/\/petproducts.com.cn\/product\/waterproof-travel-dog-bed-wholesale-600d-oxford-removable-pet-cushion-bed\/#breadcrumb","itemListElement":[{"@type":"ListItem","position":1,"name":"HOME","item":"https:\/\/petproducts.com.cn\/"},{"@type":"ListItem","position":2,"name":"Products","item":"https:\/\/petproducts.com.cn\/shop\/"},{"@type":"ListItem","position":3,"name":"Dog Beds","item":"https:\/\/petproducts.com.cn\/product-category\/dog-beds\/"},{"@type":"ListItem","position":4,"name":"Waterproof Travel Dog Bed Wholesale 600D Oxford Removable Pet Cushion Bed"}]},{"@type":"WebSite","@id":"https:\/\/petproducts.com.cn\/#website","url":"https:\/\/petproducts.com.cn\/","name":"Petstar","description":"F\u00fchrender Hersteller von Heimtierbedarf und OEM-Lieferant von Heimtierprodukten","publisher":{"@id":"https:\/\/petproducts.com.cn\/#organization"},"alternateName":"Petstar Pet Supplies","potentialAction":[{"@type":"SearchAction","target":{"@type":"EntryPoint","urlTemplate":"https:\/\/petproducts.com.cn\/?s={search_term_string}"},"query-input":{"@type":"PropertyValueSpecification","valueRequired":true,"valueName":"search_term_string"}}],"inLanguage":"de"},{"@type":"Organization","@id":"https:\/\/petproducts.com.cn\/#organization","name":"Petstar","url":"https:\/\/petproducts.com.cn\/","logo":{"@type":"ImageObject","inLanguage":"de","@id":"https:\/\/petproducts.com.cn\/#\/schema\/logo\/image\/","url":"https:\/\/petproducts.com.cn\/wp-content\/uploads\/2020\/02\/petstar-logo.webp","contentUrl":"https:\/\/petproducts.com.cn\/wp-content\/uploads\/2020\/02\/petstar-logo.webp","width":779,"height":520,"caption":"Petstar"},"image":{"@id":"https:\/\/petproducts.com.cn\/#\/schema\/logo\/image\/"}}]}},"_links":{"self":[{"href":"https:\/\/petproducts.com.cn\/de\/wp-json\/wp\/v2\/product\/31204","targetHints":{"allow":["GET"]}}],"collection":[{"href":"https:\/\/petproducts.com.cn\/de\/wp-json\/wp\/v2\/product"}],"about":[{"href":"https:\/\/petproducts.com.cn\/de\/wp-json\/wp\/v2\/types\/product"}],"version-history":[{"count":2,"href":"https:\/\/petproducts.com.cn\/de\/wp-json\/wp\/v2\/product\/31204\/revisions"}],"predecessor-version":[{"id":31212,"href":"https:\/\/petproducts.com.cn\/de\/wp-json\/wp\/v2\/product\/31204\/revisions\/31212"}],"wp:featuredmedia":[{"embeddable":true,"href":"https:\/\/petproducts.com.cn\/de\/wp-json\/wp\/v2\/media\/31206"}],"wp:attachment":[{"href":"https:\/\/petproducts.com.cn\/de\/wp-json\/wp\/v2\/media?parent=31204"}],"wp:term":[{"taxonomy":"product_brand","embeddable":true,"href":"https:\/\/petproducts.com.cn\/de\/wp-json\/wp\/v2\/product_brand?post=31204"},{"taxonomy":"product_cat","embeddable":true,"href":"https:\/\/petproducts.com.cn\/de\/wp-json\/wp\/v2\/product_cat?post=31204"},{"taxonomy":"product_tag","embeddable":true,"href":"https:\/\/petproducts.com.cn\/de\/wp-json\/wp\/v2\/product_tag?post=31204"}],"curies":[{"name":"wp","href":"https:\/\/api.w.org\/{rel}","templated":true}]}}