{"id":31237,"date":"2024-12-16T02:58:53","date_gmt":"2024-12-16T02:58:53","guid":{"rendered":"https:\/\/petproducts.com.cn\/?post_type=product&#038;p=31237"},"modified":"2024-12-16T05:21:22","modified_gmt":"2024-12-16T05:21:22","slug":"dog-carrying-bags-600d-oxford-water-resistant-pet-cat-dog-carrier-handbag","status":"publish","type":"product","link":"https:\/\/petproducts.com.cn\/de\/product\/dog-carrying-bags-600d-oxford-water-resistant-pet-cat-dog-carrier-handbag\/","title":{"rendered":"Hundetragetaschen 600D Oxford Wasserbest\u00e4ndig Haustier Katze Hundetragetasche Handtasche"},"content":{"rendered":"<h2><strong>Merkmale von Hundetransporttaschen<\/strong><\/h2>\n<ul>\n<li><strong>Wasserabweisendes 600D Oxford-Gewebe<\/strong><br \/>\nSie k\u00f6nnen sich auf die <em>Hundetransporttaschen<\/em> um Ihr Haustier vor leichtem Regen und Spritzern zu sch\u00fctzen. Das Material aus hochwertigem 600D-Oxford-Gewebe ist bis zu 2500 mmH2O wasserabweisend und sorgt daf\u00fcr, dass Ihr Haustier bei Outdoor-Abenteuern trocken und komfortabel bleibt.<\/li>\n<li><strong>Atmungsaktive Mesh-Paneele f\u00fcr die Bel\u00fcftung<\/strong><br \/>\nDas atmungsaktive Mesh-Design erm\u00f6glicht eine hervorragende Luftzirkulation, so dass Ihr Haustier im Inneren der Box k\u00fchl und entspannt bleibt. <em>Hundetr\u00e4ger Handtasche<\/em>. Ihr pelziger Freund wird auch an warmen Tagen gut bel\u00fcftet, sodass er sich auf Reisen nicht unwohl f\u00fchlt.<\/li>\n<li><strong>Vielseitige Tragem\u00f6glichkeiten<\/strong><br \/>\nDieser Tiertransporter bietet zwei praktische Trageoptionen. Verwenden Sie die stabilen Handschlaufen f\u00fcr kurze Strecken oder den verstellbaren Schultergurt zum freih\u00e4ndigen Tragen. Diese Vielseitigkeit gew\u00e4hrleistet maximalen Komfort f\u00fcr Sie und Ihr Haustier auf jeder Reise.<\/li>\n<li><strong>Ger\u00e4umiger und komfortabler Innenraum<\/strong><br \/>\nDer ger\u00e4umige Innenraum bietet viel Platz f\u00fcr kleine bis mittelgro\u00dfe Haustiere. Ihr Hund oder Ihre Katze kann bequem im Inneren sitzen, liegen oder ruhen. <em>Hundetransporttaschen<\/em> w\u00e4hrend Sie reisen.<\/li>\n<li><strong>Leichtes und tragbares Design<\/strong><br \/>\nSie werden zu sch\u00e4tzen wissen, wie leicht dieses <em>Hundetr\u00e4ger Handtasche<\/em> ist zu tragen. Egal, ob Sie zum Tierarzt gehen, im Freien wandern oder mit dem Auto unterwegs sind, sein tragbares Design macht den Transport m\u00fchelos und stressfrei.<\/li>\n<li><strong>Strapazierf\u00e4higes und langlebiges Material<\/strong><br \/>\nMit ihrem robusten 600D Oxford-Gewebe ist diese Tasche f\u00fcr Haustiere widerstandsf\u00e4hig gegen Abnutzung durch den t\u00e4glichen Gebrauch. Sie k\u00f6nnen sich auf ihre Langlebigkeit verlassen, selbst bei h\u00e4ufigen Ausfl\u00fcgen ins Freie oder auf l\u00e4ngeren Reisen.<\/li>\n<li><strong>Elegantes und praktisches Erscheinungsbild<\/strong><br \/>\nDie Kombination aus schlankem Design und praktischen Funktionen macht dieses <em>Hundetragetasche<\/em> verleiht Ihren Reisen einen Hauch von Stil. Perfekt f\u00fcr Haustierbesitzer, die eine funktionale und modische Tasche suchen.<\/li>\n<\/ul>\n<p style=\"text-align: center;\"><em><strong>F\u00fcr mehr <a href=\"https:\/\/petproducts.com.cn\/de\/dog-carriers-manufacturer\/\">Tiertransporter<\/a>, Bitte <a href=\"https:\/\/petproducts.com.cn\/de\/kontaktieren-sie-uns\/\">kontaktiere uns<\/a>!<\/strong><\/em><\/p>\n<p>&nbsp;<\/p>","protected":false},"excerpt":{"rendered":"<p>Der <em>Hundetransporttaschen<\/em> bieten die perfekte Mischung aus Komfort, Haltbarkeit und Tragbarkeit f\u00fcr Ihr Haustier auf Reisen im Freien.<\/p>","protected":false},"featured_media":31239,"template":"","meta":{"_acf_changed":false},"product_brand":[],"product_cat":[133,71,132,72],"product_tag":[192,257],"class_list":{"0":"post-31237","1":"product","2":"type-product","3":"status-publish","4":"has-post-thumbnail","6":"product_cat-cat-carriers-car-supplies","7":"product_cat-cat-supplies","8":"product_cat-dog-carriers-car-supplies","9":"product_cat-dog-supplies","10":"product_tag-pet-bags","11":"product_tag-pet-carriers","13":"first","14":"instock","15":"shipping-taxable","16":"product-type-simple"},"acf":[],"yoast_head":"<!-- This site is optimized with the Yoast SEO plugin v27.1.1 - https:\/\/yoast.com\/product\/yoast-seo-wordpress\/ -->\n<title>Dog Carrying Bags | Pet Travel Bags Manufacturer - Petstar<\/title>\n<meta name=\"description\" content=\"Explore Dog Carrying Bags from the best pet product supplier. Petstar is a global pet supplies manufacturer. Your ideal business solution with Petstar.\" \/>\n<meta name=\"robots\" content=\"index, follow, max-snippet:-1, max-image-preview:large, max-video-preview:-1\" \/>\n<link rel=\"canonical\" href=\"https:\/\/petproducts.com.cn\/de\/produkt\/dog-carrying-bags-600d-oxford-water-resistant-pet-cat-dog-carrier-handbag\/\" \/>\n<meta property=\"og:locale\" content=\"de_DE\" \/>\n<meta property=\"og:type\" content=\"article\" \/>\n<meta property=\"og:title\" content=\"Dog Carrying Bags | Pet Travel Bags Manufacturer - Petstar\" \/>\n<meta property=\"og:description\" content=\"Explore Dog Carrying Bags from the best pet product supplier. Petstar is a global pet supplies manufacturer. Your ideal business solution with Petstar.\" \/>\n<meta property=\"og:url\" content=\"https:\/\/petproducts.com.cn\/de\/produkt\/dog-carrying-bags-600d-oxford-water-resistant-pet-cat-dog-carrier-handbag\/\" \/>\n<meta property=\"og:site_name\" content=\"Petstar\" \/>\n<meta property=\"article:modified_time\" content=\"2024-12-16T05:21:22+00:00\" \/>\n<meta property=\"og:image\" content=\"https:\/\/petproducts.com.cn\/wp-content\/uploads\/2024\/12\/dog-carrying-bags.webp\" \/>\n\t<meta property=\"og:image:width\" content=\"800\" \/>\n\t<meta property=\"og:image:height\" content=\"800\" \/>\n\t<meta property=\"og:image:type\" content=\"image\/webp\" \/>\n<meta name=\"twitter:card\" content=\"summary_large_image\" \/>\n<meta name=\"twitter:label1\" content=\"Gesch\u00e4tzte Lesezeit\" \/>\n\t<meta name=\"twitter:data1\" content=\"2\u00a0Minuten\" \/>\n<script type=\"application\/ld+json\" class=\"yoast-schema-graph\">{\"@context\":\"https:\/\/schema.org\",\"@graph\":[{\"@type\":\"WebPage\",\"@id\":\"https:\/\/petproducts.com.cn\/product\/dog-carrying-bags-600d-oxford-water-resistant-pet-cat-dog-carrier-handbag\/\",\"url\":\"https:\/\/petproducts.com.cn\/product\/dog-carrying-bags-600d-oxford-water-resistant-pet-cat-dog-carrier-handbag\/\",\"name\":\"Dog Carrying Bags | Pet Travel Bags Manufacturer - Petstar\",\"isPartOf\":{\"@id\":\"https:\/\/petproducts.com.cn\/#website\"},\"primaryImageOfPage\":{\"@id\":\"https:\/\/petproducts.com.cn\/product\/dog-carrying-bags-600d-oxford-water-resistant-pet-cat-dog-carrier-handbag\/#primaryimage\"},\"image\":{\"@id\":\"https:\/\/petproducts.com.cn\/product\/dog-carrying-bags-600d-oxford-water-resistant-pet-cat-dog-carrier-handbag\/#primaryimage\"},\"thumbnailUrl\":\"https:\/\/petproducts.com.cn\/wp-content\/uploads\/2024\/12\/dog-carrying-bags.webp\",\"datePublished\":\"2024-12-16T02:58:53+00:00\",\"dateModified\":\"2024-12-16T05:21:22+00:00\",\"description\":\"Explore Dog Carrying Bags from the best pet product supplier. Petstar is a global pet supplies manufacturer. Your ideal business solution with Petstar.\",\"breadcrumb\":{\"@id\":\"https:\/\/petproducts.com.cn\/product\/dog-carrying-bags-600d-oxford-water-resistant-pet-cat-dog-carrier-handbag\/#breadcrumb\"},\"inLanguage\":\"de\",\"potentialAction\":[{\"@type\":\"ReadAction\",\"target\":[\"https:\/\/petproducts.com.cn\/product\/dog-carrying-bags-600d-oxford-water-resistant-pet-cat-dog-carrier-handbag\/\"]}]},{\"@type\":\"ImageObject\",\"inLanguage\":\"de\",\"@id\":\"https:\/\/petproducts.com.cn\/product\/dog-carrying-bags-600d-oxford-water-resistant-pet-cat-dog-carrier-handbag\/#primaryimage\",\"url\":\"https:\/\/petproducts.com.cn\/wp-content\/uploads\/2024\/12\/dog-carrying-bags.webp\",\"contentUrl\":\"https:\/\/petproducts.com.cn\/wp-content\/uploads\/2024\/12\/dog-carrying-bags.webp\",\"width\":800,\"height\":800,\"caption\":\"dog carrying bags\"},{\"@type\":\"BreadcrumbList\",\"@id\":\"https:\/\/petproducts.com.cn\/product\/dog-carrying-bags-600d-oxford-water-resistant-pet-cat-dog-carrier-handbag\/#breadcrumb\",\"itemListElement\":[{\"@type\":\"ListItem\",\"position\":1,\"name\":\"HOME\",\"item\":\"https:\/\/petproducts.com.cn\/\"},{\"@type\":\"ListItem\",\"position\":2,\"name\":\"Products\",\"item\":\"https:\/\/petproducts.com.cn\/shop\/\"},{\"@type\":\"ListItem\",\"position\":3,\"name\":\"Dog Carriers &amp; Car Supplies\",\"item\":\"https:\/\/petproducts.com.cn\/product-category\/dog-carriers-car-supplies\/\"},{\"@type\":\"ListItem\",\"position\":4,\"name\":\"Dog Carrying Bags 600D Oxford Water Resistant Pet Cat Dog Carrier Handbag\"}]},{\"@type\":\"WebSite\",\"@id\":\"https:\/\/petproducts.com.cn\/#website\",\"url\":\"https:\/\/petproducts.com.cn\/\",\"name\":\"Petstar\",\"description\":\"Leading Pet Supplies Manufacturer &amp; OEM Pet Products Supplier\",\"publisher\":{\"@id\":\"https:\/\/petproducts.com.cn\/#organization\"},\"alternateName\":\"Petstar Pet Supplies\",\"potentialAction\":[{\"@type\":\"SearchAction\",\"target\":{\"@type\":\"EntryPoint\",\"urlTemplate\":\"https:\/\/petproducts.com.cn\/?s={search_term_string}\"},\"query-input\":{\"@type\":\"PropertyValueSpecification\",\"valueRequired\":true,\"valueName\":\"search_term_string\"}}],\"inLanguage\":\"de\"},{\"@type\":\"Organization\",\"@id\":\"https:\/\/petproducts.com.cn\/#organization\",\"name\":\"Petstar\",\"url\":\"https:\/\/petproducts.com.cn\/\",\"logo\":{\"@type\":\"ImageObject\",\"inLanguage\":\"de\",\"@id\":\"https:\/\/petproducts.com.cn\/#\/schema\/logo\/image\/\",\"url\":\"https:\/\/petproducts.com.cn\/wp-content\/uploads\/2020\/02\/petstar-logo.webp\",\"contentUrl\":\"https:\/\/petproducts.com.cn\/wp-content\/uploads\/2020\/02\/petstar-logo.webp\",\"width\":779,\"height\":520,\"caption\":\"Petstar\"},\"image\":{\"@id\":\"https:\/\/petproducts.com.cn\/#\/schema\/logo\/image\/\"}}]}<\/script>\n<!-- \/ Yoast SEO plugin. -->","yoast_head_json":{"title":"Hundetransporttaschen | Haustierreisetaschen Hersteller - Petstar","description":"Entdecken Sie Hundetragetaschen vom besten Anbieter f\u00fcr Haustierprodukte. Petstar ist ein globaler Hersteller von Heimtierbedarf. Ihre ideale Gesch\u00e4ftsl\u00f6sung mit Petstar.","robots":{"index":"index","follow":"follow","max-snippet":"max-snippet:-1","max-image-preview":"max-image-preview:large","max-video-preview":"max-video-preview:-1"},"canonical":"https:\/\/petproducts.com.cn\/de\/produkt\/dog-carrying-bags-600d-oxford-water-resistant-pet-cat-dog-carrier-handbag\/","og_locale":"de_DE","og_type":"article","og_title":"Dog Carrying Bags | Pet Travel Bags Manufacturer - Petstar","og_description":"Explore Dog Carrying Bags from the best pet product supplier. Petstar is a global pet supplies manufacturer. Your ideal business solution with Petstar.","og_url":"https:\/\/petproducts.com.cn\/de\/produkt\/dog-carrying-bags-600d-oxford-water-resistant-pet-cat-dog-carrier-handbag\/","og_site_name":"Petstar","article_modified_time":"2024-12-16T05:21:22+00:00","og_image":[{"width":800,"height":800,"url":"https:\/\/petproducts.com.cn\/wp-content\/uploads\/2024\/12\/dog-carrying-bags.webp","type":"image\/webp"}],"twitter_card":"summary_large_image","twitter_misc":{"Gesch\u00e4tzte Lesezeit":"2\u00a0Minuten"},"schema":{"@context":"https:\/\/schema.org","@graph":[{"@type":"WebPage","@id":"https:\/\/petproducts.com.cn\/product\/dog-carrying-bags-600d-oxford-water-resistant-pet-cat-dog-carrier-handbag\/","url":"https:\/\/petproducts.com.cn\/product\/dog-carrying-bags-600d-oxford-water-resistant-pet-cat-dog-carrier-handbag\/","name":"Hundetransporttaschen | Haustierreisetaschen Hersteller - Petstar","isPartOf":{"@id":"https:\/\/petproducts.com.cn\/#website"},"primaryImageOfPage":{"@id":"https:\/\/petproducts.com.cn\/product\/dog-carrying-bags-600d-oxford-water-resistant-pet-cat-dog-carrier-handbag\/#primaryimage"},"image":{"@id":"https:\/\/petproducts.com.cn\/product\/dog-carrying-bags-600d-oxford-water-resistant-pet-cat-dog-carrier-handbag\/#primaryimage"},"thumbnailUrl":"https:\/\/petproducts.com.cn\/wp-content\/uploads\/2024\/12\/dog-carrying-bags.webp","datePublished":"2024-12-16T02:58:53+00:00","dateModified":"2024-12-16T05:21:22+00:00","description":"Entdecken Sie Hundetragetaschen vom besten Anbieter f\u00fcr Haustierprodukte. Petstar ist ein globaler Hersteller von Heimtierbedarf. Ihre ideale Gesch\u00e4ftsl\u00f6sung mit Petstar.","breadcrumb":{"@id":"https:\/\/petproducts.com.cn\/product\/dog-carrying-bags-600d-oxford-water-resistant-pet-cat-dog-carrier-handbag\/#breadcrumb"},"inLanguage":"de","potentialAction":[{"@type":"ReadAction","target":["https:\/\/petproducts.com.cn\/product\/dog-carrying-bags-600d-oxford-water-resistant-pet-cat-dog-carrier-handbag\/"]}]},{"@type":"ImageObject","inLanguage":"de","@id":"https:\/\/petproducts.com.cn\/product\/dog-carrying-bags-600d-oxford-water-resistant-pet-cat-dog-carrier-handbag\/#primaryimage","url":"https:\/\/petproducts.com.cn\/wp-content\/uploads\/2024\/12\/dog-carrying-bags.webp","contentUrl":"https:\/\/petproducts.com.cn\/wp-content\/uploads\/2024\/12\/dog-carrying-bags.webp","width":800,"height":800,"caption":"dog carrying bags"},{"@type":"BreadcrumbList","@id":"https:\/\/petproducts.com.cn\/product\/dog-carrying-bags-600d-oxford-water-resistant-pet-cat-dog-carrier-handbag\/#breadcrumb","itemListElement":[{"@type":"ListItem","position":1,"name":"HOME","item":"https:\/\/petproducts.com.cn\/"},{"@type":"ListItem","position":2,"name":"Products","item":"https:\/\/petproducts.com.cn\/shop\/"},{"@type":"ListItem","position":3,"name":"Dog Carriers &amp; Car Supplies","item":"https:\/\/petproducts.com.cn\/product-category\/dog-carriers-car-supplies\/"},{"@type":"ListItem","position":4,"name":"Dog Carrying Bags 600D Oxford Water Resistant Pet Cat Dog Carrier Handbag"}]},{"@type":"WebSite","@id":"https:\/\/petproducts.com.cn\/#website","url":"https:\/\/petproducts.com.cn\/","name":"Petstar","description":"F\u00fchrender Hersteller von Heimtierbedarf und OEM-Lieferant von Heimtierprodukten","publisher":{"@id":"https:\/\/petproducts.com.cn\/#organization"},"alternateName":"Petstar Pet Supplies","potentialAction":[{"@type":"SearchAction","target":{"@type":"EntryPoint","urlTemplate":"https:\/\/petproducts.com.cn\/?s={search_term_string}"},"query-input":{"@type":"PropertyValueSpecification","valueRequired":true,"valueName":"search_term_string"}}],"inLanguage":"de"},{"@type":"Organization","@id":"https:\/\/petproducts.com.cn\/#organization","name":"Petstar","url":"https:\/\/petproducts.com.cn\/","logo":{"@type":"ImageObject","inLanguage":"de","@id":"https:\/\/petproducts.com.cn\/#\/schema\/logo\/image\/","url":"https:\/\/petproducts.com.cn\/wp-content\/uploads\/2020\/02\/petstar-logo.webp","contentUrl":"https:\/\/petproducts.com.cn\/wp-content\/uploads\/2020\/02\/petstar-logo.webp","width":779,"height":520,"caption":"Petstar"},"image":{"@id":"https:\/\/petproducts.com.cn\/#\/schema\/logo\/image\/"}}]}},"_links":{"self":[{"href":"https:\/\/petproducts.com.cn\/de\/wp-json\/wp\/v2\/product\/31237","targetHints":{"allow":["GET"]}}],"collection":[{"href":"https:\/\/petproducts.com.cn\/de\/wp-json\/wp\/v2\/product"}],"about":[{"href":"https:\/\/petproducts.com.cn\/de\/wp-json\/wp\/v2\/types\/product"}],"version-history":[{"count":1,"href":"https:\/\/petproducts.com.cn\/de\/wp-json\/wp\/v2\/product\/31237\/revisions"}],"predecessor-version":[{"id":31244,"href":"https:\/\/petproducts.com.cn\/de\/wp-json\/wp\/v2\/product\/31237\/revisions\/31244"}],"wp:featuredmedia":[{"embeddable":true,"href":"https:\/\/petproducts.com.cn\/de\/wp-json\/wp\/v2\/media\/31239"}],"wp:attachment":[{"href":"https:\/\/petproducts.com.cn\/de\/wp-json\/wp\/v2\/media?parent=31237"}],"wp:term":[{"taxonomy":"product_brand","embeddable":true,"href":"https:\/\/petproducts.com.cn\/de\/wp-json\/wp\/v2\/product_brand?post=31237"},{"taxonomy":"product_cat","embeddable":true,"href":"https:\/\/petproducts.com.cn\/de\/wp-json\/wp\/v2\/product_cat?post=31237"},{"taxonomy":"product_tag","embeddable":true,"href":"https:\/\/petproducts.com.cn\/de\/wp-json\/wp\/v2\/product_tag?post=31237"}],"curies":[{"name":"wp","href":"https:\/\/api.w.org\/{rel}","templated":true}]}}