{"id":31296,"date":"2024-12-20T01:17:33","date_gmt":"2024-12-20T01:17:33","guid":{"rendered":"https:\/\/petproducts.com.cn\/?post_type=product&#038;p=31296"},"modified":"2024-12-20T09:16:29","modified_gmt":"2024-12-20T09:16:29","slug":"sustainable-dog-beds-grs-eco-friendly-recycle-pet-fabric-recycled-pet-beds","status":"publish","type":"product","link":"https:\/\/petproducts.com.cn\/de\/product\/sustainable-dog-beds-grs-eco-friendly-recycle-pet-fabric-recycled-pet-beds\/","title":{"rendered":"Nachhaltige Hundebetten GRS Eco-Friendly Recycle PET Fabric Recycled Pet Beds"},"content":{"rendered":"<h2>Merkmale nachhaltiger Hundebetten<\/h2>\n<ul>\n<li><strong>Umweltfreundlicher, GRS-zertifizierter recycelter PET-Stoff<\/strong><br \/>\nSie k\u00f6nnen sich bei Ihrem Kauf sicher sein, dass die nachhaltigen Hundebetten aus GRS-zertifiziertem recyceltem PET-Gewebe hergestellt werden. Mit Ihrer Entscheidung f\u00fcr diese Produkte <em>Recycelte Haustierbetten<\/em>, tragen Sie zur Reduzierung von Plastikm\u00fcll und zum Schutz der Umwelt bei.<\/li>\n<li><strong>Abnehmbares Kissen f\u00fcr einfache Pflege<\/strong><br \/>\nDas abnehmbare Kissen macht die Pflege Ihres Haustieres noch bequemer. Sie k\u00f6nnen es m\u00fchelos abnehmen, um es zu reinigen oder aufzusch\u00fctteln, sodass Ihr Haustier jeden Tag einen frischen und gem\u00fctlichen Platz zum Ausruhen hat.<\/li>\n<li><strong>Langlebige und nachhaltige Materialien<\/strong><br \/>\nHergestellt aus recyceltem PET-Gewebe, ist dieses <em>Nachhaltiges Hundebett<\/em> ist nicht nur umweltfreundlich, sondern auch unglaublich langlebig. Die hochwertige Konstruktion sorgt daf\u00fcr, dass das Bett auch bei t\u00e4glichem Gebrauch strapazierf\u00e4hig bleibt.<\/li>\n<li><strong>Anti-Rutsch-Boden f\u00fcr Sicherheit<\/strong><br \/>\nDie rutschfeste Unterseite h\u00e4lt das Bett fest an seinem Platz und verhindert unerw\u00fcnschte Bewegungen. Ganz gleich, ob Ihr Haustier hineinspringt oder sich darin herumw\u00e4lzt \u2013 das stabile Design sorgt f\u00fcr Sicherheit und Komfort.<\/li>\n<li><strong>Abnehmbarer Deckel f\u00fcr einfache Reinigung<\/strong><br \/>\nSie werden den abnehmbaren und waschbaren Bezug zu sch\u00e4tzen wissen, der eine schnelle und einfache Reinigung erm\u00f6glicht. Dank dieser Eigenschaft bleibt das Bett Ihres Haustieres auch nach l\u00e4ngerem Gebrauch hygienisch und frisch.<\/li>\n<li><strong>Weiches und bequemes Design<\/strong><br \/>\nDank des weichen, recycelten PET-Stoffes genie\u00dft Ihr Haustier unvergleichlichen Komfort. Dieses umweltfreundliche Material bietet eine weiche Oberfl\u00e4che und schafft so den perfekten Ort f\u00fcr Ihren vierbeinigen Freund, um sich zu entspannen und auszuruhen.<\/li>\n<li><strong>Nachhaltiges und stilvolles Erscheinungsbild<\/strong><br \/>\nDas minimalistische Design dieses <em>Nachhaltiges Hundebett<\/em> passt zu jeder Einrichtung. Sein modernes und umweltbewusstes Design spricht Tierhalter an, die sowohl Wert auf Stil als auch auf Nachhaltigkeit legen.<\/li>\n<\/ul>\n<p style=\"text-align: center;\"><em><strong>F<\/strong><\/em><em><strong>oder mehr <a href=\"https:\/\/petproducts.com.cn\/de\/wholesale-dog-beds\/\">Hund\u00a0<\/a><\/strong><\/em><em><strong><a href=\"https:\/\/petproducts.com.cn\/de\/wholesale-dog-beds\/\">Betten<\/a> &amp; <a href=\"https:\/\/petproducts.com.cn\/de\/wholesale-cat-beds\/\">Petstar\u2019s dedicated design team regularly introduces fresh, trend-setting products, keeping Petstar\u2019s partners ahead in the pet care market.<\/a>, Bitte <a href=\"https:\/\/petproducts.com.cn\/de\/kontaktieren-sie-uns\/\">kontaktiere uns<\/a>!<\/strong><\/em><\/p>","protected":false},"excerpt":{"rendered":"<p>Der <em>Nachhaltige Hundebetten<\/em> kombinieren umweltfreundliche Materialien, herausnehmbare Funktionen und praktisches Design, um Ihrem Haustier Komfort zu bieten und gleichzeitig einen gr\u00fcneren Planeten zu unterst\u00fctzen.<\/p>","protected":false},"featured_media":31303,"template":"","meta":{"_acf_changed":false},"product_brand":[],"product_cat":[57,72],"product_tag":[203,241],"class_list":{"0":"post-31296","1":"product","2":"type-product","3":"status-publish","4":"has-post-thumbnail","6":"product_cat-dog-beds","7":"product_cat-dog-supplies","8":"product_tag-pet-beds","9":"product_tag-recycled-pet-beds","11":"first","12":"instock","13":"shipping-taxable","14":"product-type-simple"},"acf":[],"yoast_head":"<!-- This site is optimized with the Yoast SEO plugin v27.1.1 - https:\/\/yoast.com\/product\/yoast-seo-wordpress\/ -->\n<title>Sustainable Dog Beds | Recycled Pet Beds Manufacturer - Petstar<\/title>\n<meta name=\"description\" content=\"Explore Sustainable Dog Beds from the best pet products supplier. Petstar is a global pet products manufacturer. Your ideal business solution with Petstar.\" \/>\n<meta name=\"robots\" content=\"index, follow, max-snippet:-1, max-image-preview:large, max-video-preview:-1\" \/>\n<link rel=\"canonical\" href=\"https:\/\/petproducts.com.cn\/de\/produkt\/sustainable-dog-beds-grs-eco-friendly-recycle-pet-fabric-recycled-pet-beds\/\" \/>\n<meta property=\"og:locale\" content=\"de_DE\" \/>\n<meta property=\"og:type\" content=\"article\" \/>\n<meta property=\"og:title\" content=\"Sustainable Dog Beds | Recycled Pet Beds Manufacturer - Petstar\" \/>\n<meta property=\"og:description\" content=\"Explore Sustainable Dog Beds from the best pet products supplier. Petstar is a global pet products manufacturer. Your ideal business solution with Petstar.\" \/>\n<meta property=\"og:url\" content=\"https:\/\/petproducts.com.cn\/de\/produkt\/sustainable-dog-beds-grs-eco-friendly-recycle-pet-fabric-recycled-pet-beds\/\" \/>\n<meta property=\"og:site_name\" content=\"Petstar\" \/>\n<meta property=\"article:modified_time\" content=\"2024-12-20T09:16:29+00:00\" \/>\n<meta property=\"og:image\" content=\"https:\/\/petproducts.com.cn\/wp-content\/uploads\/2024\/12\/Manufacturer-Sustainable-Dog-Beds.webp\" \/>\n\t<meta property=\"og:image:width\" content=\"1000\" \/>\n\t<meta property=\"og:image:height\" content=\"1000\" \/>\n\t<meta property=\"og:image:type\" content=\"image\/webp\" \/>\n<meta name=\"twitter:card\" content=\"summary_large_image\" \/>\n<meta name=\"twitter:label1\" content=\"Gesch\u00e4tzte Lesezeit\" \/>\n\t<meta name=\"twitter:data1\" content=\"2\u00a0Minuten\" \/>\n<script type=\"application\/ld+json\" class=\"yoast-schema-graph\">{\"@context\":\"https:\/\/schema.org\",\"@graph\":[{\"@type\":\"WebPage\",\"@id\":\"https:\/\/petproducts.com.cn\/product\/sustainable-dog-beds-grs-eco-friendly-recycle-pet-fabric-recycled-pet-beds\/\",\"url\":\"https:\/\/petproducts.com.cn\/product\/sustainable-dog-beds-grs-eco-friendly-recycle-pet-fabric-recycled-pet-beds\/\",\"name\":\"Sustainable Dog Beds | Recycled Pet Beds Manufacturer - Petstar\",\"isPartOf\":{\"@id\":\"https:\/\/petproducts.com.cn\/#website\"},\"primaryImageOfPage\":{\"@id\":\"https:\/\/petproducts.com.cn\/product\/sustainable-dog-beds-grs-eco-friendly-recycle-pet-fabric-recycled-pet-beds\/#primaryimage\"},\"image\":{\"@id\":\"https:\/\/petproducts.com.cn\/product\/sustainable-dog-beds-grs-eco-friendly-recycle-pet-fabric-recycled-pet-beds\/#primaryimage\"},\"thumbnailUrl\":\"https:\/\/petproducts.com.cn\/wp-content\/uploads\/2024\/12\/Manufacturer-Sustainable-Dog-Beds.webp\",\"datePublished\":\"2024-12-20T01:17:33+00:00\",\"dateModified\":\"2024-12-20T09:16:29+00:00\",\"description\":\"Explore Sustainable Dog Beds from the best pet products supplier. Petstar is a global pet products manufacturer. Your ideal business solution with Petstar.\",\"breadcrumb\":{\"@id\":\"https:\/\/petproducts.com.cn\/product\/sustainable-dog-beds-grs-eco-friendly-recycle-pet-fabric-recycled-pet-beds\/#breadcrumb\"},\"inLanguage\":\"de\",\"potentialAction\":[{\"@type\":\"ReadAction\",\"target\":[\"https:\/\/petproducts.com.cn\/product\/sustainable-dog-beds-grs-eco-friendly-recycle-pet-fabric-recycled-pet-beds\/\"]}]},{\"@type\":\"ImageObject\",\"inLanguage\":\"de\",\"@id\":\"https:\/\/petproducts.com.cn\/product\/sustainable-dog-beds-grs-eco-friendly-recycle-pet-fabric-recycled-pet-beds\/#primaryimage\",\"url\":\"https:\/\/petproducts.com.cn\/wp-content\/uploads\/2024\/12\/Manufacturer-Sustainable-Dog-Beds.webp\",\"contentUrl\":\"https:\/\/petproducts.com.cn\/wp-content\/uploads\/2024\/12\/Manufacturer-Sustainable-Dog-Beds.webp\",\"width\":1000,\"height\":1000,\"caption\":\"Manufacturer Sustainable Dog Beds\"},{\"@type\":\"BreadcrumbList\",\"@id\":\"https:\/\/petproducts.com.cn\/product\/sustainable-dog-beds-grs-eco-friendly-recycle-pet-fabric-recycled-pet-beds\/#breadcrumb\",\"itemListElement\":[{\"@type\":\"ListItem\",\"position\":1,\"name\":\"HOME\",\"item\":\"https:\/\/petproducts.com.cn\/\"},{\"@type\":\"ListItem\",\"position\":2,\"name\":\"Products\",\"item\":\"https:\/\/petproducts.com.cn\/shop\/\"},{\"@type\":\"ListItem\",\"position\":3,\"name\":\"Dog Beds\",\"item\":\"https:\/\/petproducts.com.cn\/product-category\/dog-beds\/\"},{\"@type\":\"ListItem\",\"position\":4,\"name\":\"Sustainable Dog Beds GRS Eco-Friendly Recycle PET Fabric Recycled Pet Beds\"}]},{\"@type\":\"WebSite\",\"@id\":\"https:\/\/petproducts.com.cn\/#website\",\"url\":\"https:\/\/petproducts.com.cn\/\",\"name\":\"Petstar\",\"description\":\"Leading Pet Supplies Manufacturer &amp; OEM Pet Products Supplier\",\"publisher\":{\"@id\":\"https:\/\/petproducts.com.cn\/#organization\"},\"alternateName\":\"Petstar Pet Supplies\",\"potentialAction\":[{\"@type\":\"SearchAction\",\"target\":{\"@type\":\"EntryPoint\",\"urlTemplate\":\"https:\/\/petproducts.com.cn\/?s={search_term_string}\"},\"query-input\":{\"@type\":\"PropertyValueSpecification\",\"valueRequired\":true,\"valueName\":\"search_term_string\"}}],\"inLanguage\":\"de\"},{\"@type\":\"Organization\",\"@id\":\"https:\/\/petproducts.com.cn\/#organization\",\"name\":\"Petstar\",\"url\":\"https:\/\/petproducts.com.cn\/\",\"logo\":{\"@type\":\"ImageObject\",\"inLanguage\":\"de\",\"@id\":\"https:\/\/petproducts.com.cn\/#\/schema\/logo\/image\/\",\"url\":\"https:\/\/petproducts.com.cn\/wp-content\/uploads\/2020\/02\/petstar-logo.webp\",\"contentUrl\":\"https:\/\/petproducts.com.cn\/wp-content\/uploads\/2020\/02\/petstar-logo.webp\",\"width\":779,\"height\":520,\"caption\":\"Petstar\"},\"image\":{\"@id\":\"https:\/\/petproducts.com.cn\/#\/schema\/logo\/image\/\"}}]}<\/script>\n<!-- \/ Yoast SEO plugin. -->","yoast_head_json":{"title":"Nachhaltige Hundebetten | Hersteller von recycelten Haustierbetten \u2013 Petstar","description":"Entdecken Sie nachhaltige Hundebetten vom besten Anbieter f\u00fcr Haustierprodukte. Petstar ist ein globaler Hersteller von Haustierprodukten. Ihre ideale Gesch\u00e4ftsl\u00f6sung mit Petstar.","robots":{"index":"index","follow":"follow","max-snippet":"max-snippet:-1","max-image-preview":"max-image-preview:large","max-video-preview":"max-video-preview:-1"},"canonical":"https:\/\/petproducts.com.cn\/de\/produkt\/sustainable-dog-beds-grs-eco-friendly-recycle-pet-fabric-recycled-pet-beds\/","og_locale":"de_DE","og_type":"article","og_title":"Sustainable Dog Beds | Recycled Pet Beds Manufacturer - Petstar","og_description":"Explore Sustainable Dog Beds from the best pet products supplier. Petstar is a global pet products manufacturer. Your ideal business solution with Petstar.","og_url":"https:\/\/petproducts.com.cn\/de\/produkt\/sustainable-dog-beds-grs-eco-friendly-recycle-pet-fabric-recycled-pet-beds\/","og_site_name":"Petstar","article_modified_time":"2024-12-20T09:16:29+00:00","og_image":[{"width":1000,"height":1000,"url":"https:\/\/petproducts.com.cn\/wp-content\/uploads\/2024\/12\/Manufacturer-Sustainable-Dog-Beds.webp","type":"image\/webp"}],"twitter_card":"summary_large_image","twitter_misc":{"Gesch\u00e4tzte Lesezeit":"2\u00a0Minuten"},"schema":{"@context":"https:\/\/schema.org","@graph":[{"@type":"WebPage","@id":"https:\/\/petproducts.com.cn\/product\/sustainable-dog-beds-grs-eco-friendly-recycle-pet-fabric-recycled-pet-beds\/","url":"https:\/\/petproducts.com.cn\/product\/sustainable-dog-beds-grs-eco-friendly-recycle-pet-fabric-recycled-pet-beds\/","name":"Nachhaltige Hundebetten | Hersteller von recycelten Haustierbetten \u2013 Petstar","isPartOf":{"@id":"https:\/\/petproducts.com.cn\/#website"},"primaryImageOfPage":{"@id":"https:\/\/petproducts.com.cn\/product\/sustainable-dog-beds-grs-eco-friendly-recycle-pet-fabric-recycled-pet-beds\/#primaryimage"},"image":{"@id":"https:\/\/petproducts.com.cn\/product\/sustainable-dog-beds-grs-eco-friendly-recycle-pet-fabric-recycled-pet-beds\/#primaryimage"},"thumbnailUrl":"https:\/\/petproducts.com.cn\/wp-content\/uploads\/2024\/12\/Manufacturer-Sustainable-Dog-Beds.webp","datePublished":"2024-12-20T01:17:33+00:00","dateModified":"2024-12-20T09:16:29+00:00","description":"Entdecken Sie nachhaltige Hundebetten vom besten Anbieter f\u00fcr Haustierprodukte. Petstar ist ein globaler Hersteller von Haustierprodukten. Ihre ideale Gesch\u00e4ftsl\u00f6sung mit Petstar.","breadcrumb":{"@id":"https:\/\/petproducts.com.cn\/product\/sustainable-dog-beds-grs-eco-friendly-recycle-pet-fabric-recycled-pet-beds\/#breadcrumb"},"inLanguage":"de","potentialAction":[{"@type":"ReadAction","target":["https:\/\/petproducts.com.cn\/product\/sustainable-dog-beds-grs-eco-friendly-recycle-pet-fabric-recycled-pet-beds\/"]}]},{"@type":"ImageObject","inLanguage":"de","@id":"https:\/\/petproducts.com.cn\/product\/sustainable-dog-beds-grs-eco-friendly-recycle-pet-fabric-recycled-pet-beds\/#primaryimage","url":"https:\/\/petproducts.com.cn\/wp-content\/uploads\/2024\/12\/Manufacturer-Sustainable-Dog-Beds.webp","contentUrl":"https:\/\/petproducts.com.cn\/wp-content\/uploads\/2024\/12\/Manufacturer-Sustainable-Dog-Beds.webp","width":1000,"height":1000,"caption":"Manufacturer Sustainable Dog Beds"},{"@type":"BreadcrumbList","@id":"https:\/\/petproducts.com.cn\/product\/sustainable-dog-beds-grs-eco-friendly-recycle-pet-fabric-recycled-pet-beds\/#breadcrumb","itemListElement":[{"@type":"ListItem","position":1,"name":"HOME","item":"https:\/\/petproducts.com.cn\/"},{"@type":"ListItem","position":2,"name":"Products","item":"https:\/\/petproducts.com.cn\/shop\/"},{"@type":"ListItem","position":3,"name":"Dog Beds","item":"https:\/\/petproducts.com.cn\/product-category\/dog-beds\/"},{"@type":"ListItem","position":4,"name":"Sustainable Dog Beds GRS Eco-Friendly Recycle PET Fabric Recycled Pet Beds"}]},{"@type":"WebSite","@id":"https:\/\/petproducts.com.cn\/#website","url":"https:\/\/petproducts.com.cn\/","name":"Petstar","description":"F\u00fchrender Hersteller von Heimtierbedarf und OEM-Lieferant von Heimtierprodukten","publisher":{"@id":"https:\/\/petproducts.com.cn\/#organization"},"alternateName":"Petstar Pet Supplies","potentialAction":[{"@type":"SearchAction","target":{"@type":"EntryPoint","urlTemplate":"https:\/\/petproducts.com.cn\/?s={search_term_string}"},"query-input":{"@type":"PropertyValueSpecification","valueRequired":true,"valueName":"search_term_string"}}],"inLanguage":"de"},{"@type":"Organization","@id":"https:\/\/petproducts.com.cn\/#organization","name":"Petstar","url":"https:\/\/petproducts.com.cn\/","logo":{"@type":"ImageObject","inLanguage":"de","@id":"https:\/\/petproducts.com.cn\/#\/schema\/logo\/image\/","url":"https:\/\/petproducts.com.cn\/wp-content\/uploads\/2020\/02\/petstar-logo.webp","contentUrl":"https:\/\/petproducts.com.cn\/wp-content\/uploads\/2020\/02\/petstar-logo.webp","width":779,"height":520,"caption":"Petstar"},"image":{"@id":"https:\/\/petproducts.com.cn\/#\/schema\/logo\/image\/"}}]}},"_links":{"self":[{"href":"https:\/\/petproducts.com.cn\/de\/wp-json\/wp\/v2\/product\/31296","targetHints":{"allow":["GET"]}}],"collection":[{"href":"https:\/\/petproducts.com.cn\/de\/wp-json\/wp\/v2\/product"}],"about":[{"href":"https:\/\/petproducts.com.cn\/de\/wp-json\/wp\/v2\/types\/product"}],"version-history":[{"count":3,"href":"https:\/\/petproducts.com.cn\/de\/wp-json\/wp\/v2\/product\/31296\/revisions"}],"predecessor-version":[{"id":31308,"href":"https:\/\/petproducts.com.cn\/de\/wp-json\/wp\/v2\/product\/31296\/revisions\/31308"}],"wp:featuredmedia":[{"embeddable":true,"href":"https:\/\/petproducts.com.cn\/de\/wp-json\/wp\/v2\/media\/31303"}],"wp:attachment":[{"href":"https:\/\/petproducts.com.cn\/de\/wp-json\/wp\/v2\/media?parent=31296"}],"wp:term":[{"taxonomy":"product_brand","embeddable":true,"href":"https:\/\/petproducts.com.cn\/de\/wp-json\/wp\/v2\/product_brand?post=31296"},{"taxonomy":"product_cat","embeddable":true,"href":"https:\/\/petproducts.com.cn\/de\/wp-json\/wp\/v2\/product_cat?post=31296"},{"taxonomy":"product_tag","embeddable":true,"href":"https:\/\/petproducts.com.cn\/de\/wp-json\/wp\/v2\/product_tag?post=31296"}],"curies":[{"name":"wp","href":"https:\/\/api.w.org\/{rel}","templated":true}]}}