{"id":31309,"date":"2024-12-20T09:28:41","date_gmt":"2024-12-20T09:28:41","guid":{"rendered":"https:\/\/petproducts.com.cn\/?post_type=product&#038;p=31309"},"modified":"2024-12-25T05:21:06","modified_gmt":"2024-12-25T05:21:06","slug":"cat-donut-beds-wholesale-luxury-cozy-plush-round-kitten-cat-nest-pet-bed","status":"publish","type":"product","link":"https:\/\/petproducts.com.cn\/de\/product\/cat-donut-beds-wholesale-luxury-cozy-plush-round-kitten-cat-nest-pet-bed\/","title":{"rendered":"Katze Donut Betten Gro\u00dfhandel Luxus gem\u00fctlichen Pl\u00fcsch Runde K\u00e4tzchen Katze Nest Haustier Bett"},"content":{"rendered":"<h2>Eigenschaften von Katzen-Donut-Betten<\/h2>\n<ul>\n<li><strong>Weiches und pl\u00fcschiges kurzes Samtmaterial<\/strong><br \/>\nSie werden begeistert sein, wie weich sich der hochwertige, kurze Pl\u00fcschstoff anf\u00fchlt und Ihrer Katze ein warmes und gem\u00fctliches Nest bietet. Dieses Material sorgt f\u00fcr eine sanfte Oberfl\u00e4che, auf der sich Ihr Haustier zu jeder Jahreszeit wohlf\u00fchlt.<\/li>\n<li><strong>Rundes Donut-Design f\u00fcr zus\u00e4tzlichen Komfort<\/strong><br \/>\nDie runde Form imitiert das Gef\u00fchl, umarmt zu werden, damit sich Ihre Katze sicher und entspannt f\u00fchlt. Die <em>Katzen-Donut-Betten<\/em> sind so konzipiert, dass sie einen besseren Schlaf f\u00f6rdern und die Angst Ihres Katzenfreundes verringern.<\/li>\n<li><strong>Anti-Rutsch-Boden f\u00fcr Stabilit\u00e4t<\/strong><br \/>\nDer rutschfeste Boden sorgt daf\u00fcr, dass das Bett auch auf glatten B\u00f6den fest an seinem Platz bleibt. Sie k\u00f6nnen das Bett \u00fcberall in Ihrer Wohnung aufstellen, denn Sie wissen, dass Ihre Katze hinein- oder herausspringen kann, ohne zu rutschen.<\/li>\n<li><strong>Warmes und gem\u00fctliches Nest<\/strong><br \/>\nDie pl\u00fcschige Polsterung bietet maximale W\u00e4rme und macht diese <em>Nest Haustierbett<\/em> ideal f\u00fcr k\u00e4ltere Tage. Ihre Katze wird es lieben, sich in das kuschelige, isolierte Design zu kuscheln, das W\u00e4rme speichert und einen beruhigenden R\u00fcckzugsort schafft.<\/li>\n<\/ul>\n<p style=\"text-align: center;\"><em><strong>F<\/strong><\/em><em><strong>oder mehr <a href=\"https:\/\/petproducts.com.cn\/de\/wholesale-dog-beds\/\">Hund\u00a0<\/a><\/strong><\/em><em><strong><a href=\"https:\/\/petproducts.com.cn\/de\/wholesale-dog-beds\/\">Betten<\/a> &amp; <a href=\"https:\/\/petproducts.com.cn\/de\/wholesale-cat-beds\/\">Petstar\u2019s dedicated design team regularly introduces fresh, trend-setting products, keeping Petstar\u2019s partners ahead in the pet care market.<\/a>, Bitte <a href=\"https:\/\/petproducts.com.cn\/de\/kontaktieren-sie-uns\/\">kontaktiere uns<\/a>!<\/strong><\/em><\/p>","protected":false},"excerpt":{"rendered":"<p>Der <em>Katzen-Donut-Betten<\/em> bieten Ihrem pelzigen Freund einen pl\u00fcschigen, kuscheligen und sicheren Platz zum Ausruhen und kombinieren ein luxuri\u00f6ses Design mit maximalem Komfort und Sicherheit.<\/p>","protected":false},"featured_media":31314,"template":"","meta":{"_acf_changed":false},"product_brand":[],"product_cat":[58,71,57,72],"product_tag":[208,203,201],"class_list":{"0":"post-31309","1":"product","2":"type-product","3":"status-publish","4":"has-post-thumbnail","6":"product_cat-cat-beds","7":"product_cat-cat-supplies","8":"product_cat-dog-beds","9":"product_cat-dog-supplies","10":"product_tag-donut-pet-beds","11":"product_tag-pet-beds","12":"product_tag-round-pet-beds","14":"first","15":"instock","16":"shipping-taxable","17":"product-type-simple"},"acf":[],"yoast_head":"<!-- This site is optimized with the Yoast SEO plugin v27.1.1 - https:\/\/yoast.com\/product\/yoast-seo-wordpress\/ -->\n<title>Cat Donut Beds | Nest Pet Bed Manufacturer - Petstar<\/title>\n<meta name=\"description\" content=\"Explore Cat Donut Beds from the best pet products supplier. Petstar is a global pet products manufacturer. Your ideal business solution with Petstar.\" \/>\n<meta name=\"robots\" content=\"index, follow, max-snippet:-1, max-image-preview:large, max-video-preview:-1\" \/>\n<link rel=\"canonical\" href=\"https:\/\/petproducts.com.cn\/de\/produkt\/cat-donut-beds-wholesale-luxury-cozy-plush-round-kitten-cat-nest-pet-bed\/\" \/>\n<meta property=\"og:locale\" content=\"de_DE\" \/>\n<meta property=\"og:type\" content=\"article\" \/>\n<meta property=\"og:title\" content=\"Cat Donut Beds | Nest Pet Bed Manufacturer - Petstar\" \/>\n<meta property=\"og:description\" content=\"Explore Cat Donut Beds from the best pet products supplier. Petstar is a global pet products manufacturer. Your ideal business solution with Petstar.\" \/>\n<meta property=\"og:url\" content=\"https:\/\/petproducts.com.cn\/de\/produkt\/cat-donut-beds-wholesale-luxury-cozy-plush-round-kitten-cat-nest-pet-bed\/\" \/>\n<meta property=\"og:site_name\" content=\"Petstar\" \/>\n<meta property=\"article:modified_time\" content=\"2024-12-25T05:21:06+00:00\" \/>\n<meta property=\"og:image\" content=\"https:\/\/petproducts.com.cn\/wp-content\/uploads\/2024\/12\/cat-donut-beds.webp\" \/>\n\t<meta property=\"og:image:width\" content=\"800\" \/>\n\t<meta property=\"og:image:height\" content=\"800\" \/>\n\t<meta property=\"og:image:type\" content=\"image\/webp\" \/>\n<meta name=\"twitter:card\" content=\"summary_large_image\" \/>\n<meta name=\"twitter:label1\" content=\"Gesch\u00e4tzte Lesezeit\" \/>\n\t<meta name=\"twitter:data1\" content=\"1\u00a0Minute\" \/>\n<script type=\"application\/ld+json\" class=\"yoast-schema-graph\">{\"@context\":\"https:\/\/schema.org\",\"@graph\":[{\"@type\":\"WebPage\",\"@id\":\"https:\/\/petproducts.com.cn\/product\/cat-donut-beds-wholesale-luxury-cozy-plush-round-kitten-cat-nest-pet-bed\/\",\"url\":\"https:\/\/petproducts.com.cn\/product\/cat-donut-beds-wholesale-luxury-cozy-plush-round-kitten-cat-nest-pet-bed\/\",\"name\":\"Cat Donut Beds | Nest Pet Bed Manufacturer - Petstar\",\"isPartOf\":{\"@id\":\"https:\/\/petproducts.com.cn\/#website\"},\"primaryImageOfPage\":{\"@id\":\"https:\/\/petproducts.com.cn\/product\/cat-donut-beds-wholesale-luxury-cozy-plush-round-kitten-cat-nest-pet-bed\/#primaryimage\"},\"image\":{\"@id\":\"https:\/\/petproducts.com.cn\/product\/cat-donut-beds-wholesale-luxury-cozy-plush-round-kitten-cat-nest-pet-bed\/#primaryimage\"},\"thumbnailUrl\":\"https:\/\/petproducts.com.cn\/wp-content\/uploads\/2024\/12\/cat-donut-beds.webp\",\"datePublished\":\"2024-12-20T09:28:41+00:00\",\"dateModified\":\"2024-12-25T05:21:06+00:00\",\"description\":\"Explore Cat Donut Beds from the best pet products supplier. Petstar is a global pet products manufacturer. Your ideal business solution with Petstar.\",\"breadcrumb\":{\"@id\":\"https:\/\/petproducts.com.cn\/product\/cat-donut-beds-wholesale-luxury-cozy-plush-round-kitten-cat-nest-pet-bed\/#breadcrumb\"},\"inLanguage\":\"de\",\"potentialAction\":[{\"@type\":\"ReadAction\",\"target\":[\"https:\/\/petproducts.com.cn\/product\/cat-donut-beds-wholesale-luxury-cozy-plush-round-kitten-cat-nest-pet-bed\/\"]}]},{\"@type\":\"ImageObject\",\"inLanguage\":\"de\",\"@id\":\"https:\/\/petproducts.com.cn\/product\/cat-donut-beds-wholesale-luxury-cozy-plush-round-kitten-cat-nest-pet-bed\/#primaryimage\",\"url\":\"https:\/\/petproducts.com.cn\/wp-content\/uploads\/2024\/12\/cat-donut-beds.webp\",\"contentUrl\":\"https:\/\/petproducts.com.cn\/wp-content\/uploads\/2024\/12\/cat-donut-beds.webp\",\"width\":800,\"height\":800,\"caption\":\"cat donut beds\"},{\"@type\":\"BreadcrumbList\",\"@id\":\"https:\/\/petproducts.com.cn\/product\/cat-donut-beds-wholesale-luxury-cozy-plush-round-kitten-cat-nest-pet-bed\/#breadcrumb\",\"itemListElement\":[{\"@type\":\"ListItem\",\"position\":1,\"name\":\"HOME\",\"item\":\"https:\/\/petproducts.com.cn\/\"},{\"@type\":\"ListItem\",\"position\":2,\"name\":\"Products\",\"item\":\"https:\/\/petproducts.com.cn\/shop\/\"},{\"@type\":\"ListItem\",\"position\":3,\"name\":\"Cat Beds\",\"item\":\"https:\/\/petproducts.com.cn\/product-category\/cat-beds\/\"},{\"@type\":\"ListItem\",\"position\":4,\"name\":\"Cat Donut Beds Wholesale Luxury Cozy Plush Round Kitten Cat Nest Pet Bed\"}]},{\"@type\":\"WebSite\",\"@id\":\"https:\/\/petproducts.com.cn\/#website\",\"url\":\"https:\/\/petproducts.com.cn\/\",\"name\":\"Petstar\",\"description\":\"Leading Pet Supplies Manufacturer &amp; OEM Pet Products Supplier\",\"publisher\":{\"@id\":\"https:\/\/petproducts.com.cn\/#organization\"},\"alternateName\":\"Petstar Pet Supplies\",\"potentialAction\":[{\"@type\":\"SearchAction\",\"target\":{\"@type\":\"EntryPoint\",\"urlTemplate\":\"https:\/\/petproducts.com.cn\/?s={search_term_string}\"},\"query-input\":{\"@type\":\"PropertyValueSpecification\",\"valueRequired\":true,\"valueName\":\"search_term_string\"}}],\"inLanguage\":\"de\"},{\"@type\":\"Organization\",\"@id\":\"https:\/\/petproducts.com.cn\/#organization\",\"name\":\"Petstar\",\"url\":\"https:\/\/petproducts.com.cn\/\",\"logo\":{\"@type\":\"ImageObject\",\"inLanguage\":\"de\",\"@id\":\"https:\/\/petproducts.com.cn\/#\/schema\/logo\/image\/\",\"url\":\"https:\/\/petproducts.com.cn\/wp-content\/uploads\/2020\/02\/petstar-logo.webp\",\"contentUrl\":\"https:\/\/petproducts.com.cn\/wp-content\/uploads\/2020\/02\/petstar-logo.webp\",\"width\":779,\"height\":520,\"caption\":\"Petstar\"},\"image\":{\"@id\":\"https:\/\/petproducts.com.cn\/#\/schema\/logo\/image\/\"}}]}<\/script>\n<!-- \/ Yoast SEO plugin. -->","yoast_head_json":{"title":"Katze Donut Betten | Nest Haustier Bett Hersteller - Petstar","description":"Entdecken Sie Cat Donut Beds vom besten Anbieter f\u00fcr Haustierprodukte. Petstar ist ein globaler Hersteller von Haustierprodukten. Ihre ideale Gesch\u00e4ftsl\u00f6sung mit Petstar.","robots":{"index":"index","follow":"follow","max-snippet":"max-snippet:-1","max-image-preview":"max-image-preview:large","max-video-preview":"max-video-preview:-1"},"canonical":"https:\/\/petproducts.com.cn\/de\/produkt\/cat-donut-beds-wholesale-luxury-cozy-plush-round-kitten-cat-nest-pet-bed\/","og_locale":"de_DE","og_type":"article","og_title":"Cat Donut Beds | Nest Pet Bed Manufacturer - Petstar","og_description":"Explore Cat Donut Beds from the best pet products supplier. Petstar is a global pet products manufacturer. Your ideal business solution with Petstar.","og_url":"https:\/\/petproducts.com.cn\/de\/produkt\/cat-donut-beds-wholesale-luxury-cozy-plush-round-kitten-cat-nest-pet-bed\/","og_site_name":"Petstar","article_modified_time":"2024-12-25T05:21:06+00:00","og_image":[{"width":800,"height":800,"url":"https:\/\/petproducts.com.cn\/wp-content\/uploads\/2024\/12\/cat-donut-beds.webp","type":"image\/webp"}],"twitter_card":"summary_large_image","twitter_misc":{"Gesch\u00e4tzte Lesezeit":"1\u00a0Minute"},"schema":{"@context":"https:\/\/schema.org","@graph":[{"@type":"WebPage","@id":"https:\/\/petproducts.com.cn\/product\/cat-donut-beds-wholesale-luxury-cozy-plush-round-kitten-cat-nest-pet-bed\/","url":"https:\/\/petproducts.com.cn\/product\/cat-donut-beds-wholesale-luxury-cozy-plush-round-kitten-cat-nest-pet-bed\/","name":"Katze Donut Betten | Nest Haustier Bett Hersteller - Petstar","isPartOf":{"@id":"https:\/\/petproducts.com.cn\/#website"},"primaryImageOfPage":{"@id":"https:\/\/petproducts.com.cn\/product\/cat-donut-beds-wholesale-luxury-cozy-plush-round-kitten-cat-nest-pet-bed\/#primaryimage"},"image":{"@id":"https:\/\/petproducts.com.cn\/product\/cat-donut-beds-wholesale-luxury-cozy-plush-round-kitten-cat-nest-pet-bed\/#primaryimage"},"thumbnailUrl":"https:\/\/petproducts.com.cn\/wp-content\/uploads\/2024\/12\/cat-donut-beds.webp","datePublished":"2024-12-20T09:28:41+00:00","dateModified":"2024-12-25T05:21:06+00:00","description":"Entdecken Sie Cat Donut Beds vom besten Anbieter f\u00fcr Haustierprodukte. Petstar ist ein globaler Hersteller von Haustierprodukten. Ihre ideale Gesch\u00e4ftsl\u00f6sung mit Petstar.","breadcrumb":{"@id":"https:\/\/petproducts.com.cn\/product\/cat-donut-beds-wholesale-luxury-cozy-plush-round-kitten-cat-nest-pet-bed\/#breadcrumb"},"inLanguage":"de","potentialAction":[{"@type":"ReadAction","target":["https:\/\/petproducts.com.cn\/product\/cat-donut-beds-wholesale-luxury-cozy-plush-round-kitten-cat-nest-pet-bed\/"]}]},{"@type":"ImageObject","inLanguage":"de","@id":"https:\/\/petproducts.com.cn\/product\/cat-donut-beds-wholesale-luxury-cozy-plush-round-kitten-cat-nest-pet-bed\/#primaryimage","url":"https:\/\/petproducts.com.cn\/wp-content\/uploads\/2024\/12\/cat-donut-beds.webp","contentUrl":"https:\/\/petproducts.com.cn\/wp-content\/uploads\/2024\/12\/cat-donut-beds.webp","width":800,"height":800,"caption":"cat donut beds"},{"@type":"BreadcrumbList","@id":"https:\/\/petproducts.com.cn\/product\/cat-donut-beds-wholesale-luxury-cozy-plush-round-kitten-cat-nest-pet-bed\/#breadcrumb","itemListElement":[{"@type":"ListItem","position":1,"name":"HOME","item":"https:\/\/petproducts.com.cn\/"},{"@type":"ListItem","position":2,"name":"Products","item":"https:\/\/petproducts.com.cn\/shop\/"},{"@type":"ListItem","position":3,"name":"Cat Beds","item":"https:\/\/petproducts.com.cn\/product-category\/cat-beds\/"},{"@type":"ListItem","position":4,"name":"Cat Donut Beds Wholesale Luxury Cozy Plush Round Kitten Cat Nest Pet Bed"}]},{"@type":"WebSite","@id":"https:\/\/petproducts.com.cn\/#website","url":"https:\/\/petproducts.com.cn\/","name":"Petstar","description":"F\u00fchrender Hersteller von Heimtierbedarf und OEM-Lieferant von Heimtierprodukten","publisher":{"@id":"https:\/\/petproducts.com.cn\/#organization"},"alternateName":"Petstar Pet Supplies","potentialAction":[{"@type":"SearchAction","target":{"@type":"EntryPoint","urlTemplate":"https:\/\/petproducts.com.cn\/?s={search_term_string}"},"query-input":{"@type":"PropertyValueSpecification","valueRequired":true,"valueName":"search_term_string"}}],"inLanguage":"de"},{"@type":"Organization","@id":"https:\/\/petproducts.com.cn\/#organization","name":"Petstar","url":"https:\/\/petproducts.com.cn\/","logo":{"@type":"ImageObject","inLanguage":"de","@id":"https:\/\/petproducts.com.cn\/#\/schema\/logo\/image\/","url":"https:\/\/petproducts.com.cn\/wp-content\/uploads\/2020\/02\/petstar-logo.webp","contentUrl":"https:\/\/petproducts.com.cn\/wp-content\/uploads\/2020\/02\/petstar-logo.webp","width":779,"height":520,"caption":"Petstar"},"image":{"@id":"https:\/\/petproducts.com.cn\/#\/schema\/logo\/image\/"}}]}},"_links":{"self":[{"href":"https:\/\/petproducts.com.cn\/de\/wp-json\/wp\/v2\/product\/31309","targetHints":{"allow":["GET"]}}],"collection":[{"href":"https:\/\/petproducts.com.cn\/de\/wp-json\/wp\/v2\/product"}],"about":[{"href":"https:\/\/petproducts.com.cn\/de\/wp-json\/wp\/v2\/types\/product"}],"version-history":[{"count":1,"href":"https:\/\/petproducts.com.cn\/de\/wp-json\/wp\/v2\/product\/31309\/revisions"}],"predecessor-version":[{"id":31319,"href":"https:\/\/petproducts.com.cn\/de\/wp-json\/wp\/v2\/product\/31309\/revisions\/31319"}],"wp:featuredmedia":[{"embeddable":true,"href":"https:\/\/petproducts.com.cn\/de\/wp-json\/wp\/v2\/media\/31314"}],"wp:attachment":[{"href":"https:\/\/petproducts.com.cn\/de\/wp-json\/wp\/v2\/media?parent=31309"}],"wp:term":[{"taxonomy":"product_brand","embeddable":true,"href":"https:\/\/petproducts.com.cn\/de\/wp-json\/wp\/v2\/product_brand?post=31309"},{"taxonomy":"product_cat","embeddable":true,"href":"https:\/\/petproducts.com.cn\/de\/wp-json\/wp\/v2\/product_cat?post=31309"},{"taxonomy":"product_tag","embeddable":true,"href":"https:\/\/petproducts.com.cn\/de\/wp-json\/wp\/v2\/product_tag?post=31309"}],"curies":[{"name":"wp","href":"https:\/\/api.w.org\/{rel}","templated":true}]}}