{"id":31620,"date":"2025-01-21T06:21:39","date_gmt":"2025-01-21T06:21:39","guid":{"rendered":"https:\/\/petproducts.com.cn\/?post_type=product&#038;p=31620"},"modified":"2025-01-21T10:32:07","modified_gmt":"2025-01-21T10:32:07","slug":"best-travel-pet-bed-outdoor-dog-mat-waterproof-portable-collapsible-pet-bed","status":"publish","type":"product","link":"https:\/\/petproducts.com.cn\/de\/product\/best-travel-pet-bed-outdoor-dog-mat-waterproof-portable-collapsible-pet-bed\/","title":{"rendered":"Bestes Reise-Haustierbett Outdoor-Hundematte Wasserdichtes Tragbares Zusammenklappbares Haustierbett"},"content":{"rendered":"<h2>Eigenschaften von Best Travel Pet Bed<\/h2>\n<ul>\n<li><strong>Kompaktes und faltbares Design<\/strong>: Dieses Bett f\u00fcr Haustiere l\u00e4sst sich leicht auf ein kompaktes Format zusammenfalten und ist somit perfekt f\u00fcr Reisen geeignet. Ganz gleich, ob Sie eine Reise oder ein Campingabenteuer unternehmen, Sie k\u00f6nnen es einfach zusammenrollen und ohne Probleme einpacken.<\/li>\n<li><strong>Wasserdicht und langlebig<\/strong>: Die <strong>Bestes Reisebett f\u00fcr Haustiere<\/strong> ist aus wasserdichtem Gewebe gefertigt und sch\u00fctzt Ihr Haustier vor Feuchtigkeit und nassen Oberfl\u00e4chen. Das strapazierf\u00e4hige Material sorgt daf\u00fcr, dass es den Elementen im Freien standh\u00e4lt und dauerhaften Komfort bietet.<\/li>\n<li><strong>Tragbar und leicht zu transportieren<\/strong>: Dank der praktischen Griffe l\u00e4sst sich das Bett leicht transportieren, wohin auch immer Sie gehen. Nehmen Sie einfach den Griff, falten Sie es zusammen, und schon sind Sie bereit f\u00fcr das n\u00e4chste Abenteuer.<\/li>\n<li><strong>Bequem und unterst\u00fctzend<\/strong>: Dieses Bett wurde entwickelt, um Ihrem Haustier eine weiche und st\u00fctzende Oberfl\u00e4che zu bieten. Die Matratze bietet reichlich Polsterung, damit Ihr Haustier es bequem hat, egal ob es faulenzt oder unterwegs ein Nickerchen macht.<\/li>\n<li><strong>Vielseitige Verwendung<\/strong>: Dieses Bett ist sowohl f\u00fcr den Innen- als auch f\u00fcr den Au\u00dfenbereich geeignet und bietet einen vielseitigen Liegeplatz f\u00fcr Haustiere aller Gr\u00f6\u00dfen. Es ist perfekt f\u00fcr Ausfl\u00fcge zum Strand, in den Park oder auch nur f\u00fcr einen Tag im Garten.<\/li>\n<\/ul>\n<p style=\"text-align: center;\"><em><strong>F<\/strong><\/em><em><strong>oder mehr <a href=\"https:\/\/petproducts.com.cn\/de\/wholesale-dog-beds\/\">Hund\u00a0<\/a><\/strong><\/em><em><strong><a href=\"https:\/\/petproducts.com.cn\/de\/wholesale-dog-beds\/\">Betten<\/a> &amp; <a href=\"https:\/\/petproducts.com.cn\/de\/wholesale-cat-beds\/\">Petstar\u2019s dedicated design team regularly introduces fresh, trend-setting products, keeping Petstar\u2019s partners ahead in the pet care market.<\/a>, Bitte <a href=\"https:\/\/petproducts.com.cn\/de\/kontaktieren-sie-uns\/\">kontaktiere uns<\/a>!<\/strong><\/em><\/p>","protected":false},"excerpt":{"rendered":"<p>Das Best Travel Pet Bed ist die ultimative L\u00f6sung f\u00fcr Outdoor-Fans. Sein zusammenklappbares Design, seine wasserdichten und langlebigen Materialien sowie seine tragbaren und leicht zu reinigenden Eigenschaften machen es zu einem Muss f\u00fcr Reisen mit Haustieren.<\/p>","protected":false},"featured_media":31626,"template":"","meta":{"_acf_changed":false},"product_brand":[],"product_cat":[58,71,57,72],"product_tag":[190,203,250,189],"class_list":{"0":"post-31620","1":"product","2":"type-product","3":"status-publish","4":"has-post-thumbnail","6":"product_cat-cat-beds","7":"product_cat-cat-supplies","8":"product_cat-dog-beds","9":"product_cat-dog-supplies","10":"product_tag-outdoor-pet-beds","11":"product_tag-pet-beds","12":"product_tag-pet-mat-beds","13":"product_tag-waterproof-pet-beds","15":"first","16":"instock","17":"shipping-taxable","18":"product-type-simple"},"acf":[],"yoast_head":"<!-- This site is optimized with the Yoast SEO plugin v27.1.1 - https:\/\/yoast.com\/product\/yoast-seo-wordpress\/ -->\n<title>Best Travel Pet Bed | Collapsible Pet Bed Manufacturer - Petstar<\/title>\n<meta name=\"description\" content=\"Explore Best Travel Pet Bed from the best pet products supplier. Petstar is a global pet products manufacturer. Your ideal business solution with Petstar.\" \/>\n<meta name=\"robots\" content=\"index, follow, max-snippet:-1, max-image-preview:large, max-video-preview:-1\" \/>\n<link rel=\"canonical\" href=\"https:\/\/petproducts.com.cn\/de\/produkt\/best-travel-pet-bed-outdoor-dog-mat-waterproof-portable-collapsible-pet-bed\/\" \/>\n<meta property=\"og:locale\" content=\"de_DE\" \/>\n<meta property=\"og:type\" content=\"article\" \/>\n<meta property=\"og:title\" content=\"Best Travel Pet Bed | Collapsible Pet Bed Manufacturer - Petstar\" \/>\n<meta property=\"og:description\" content=\"Explore Best Travel Pet Bed from the best pet products supplier. Petstar is a global pet products manufacturer. Your ideal business solution with Petstar.\" \/>\n<meta property=\"og:url\" content=\"https:\/\/petproducts.com.cn\/de\/produkt\/best-travel-pet-bed-outdoor-dog-mat-waterproof-portable-collapsible-pet-bed\/\" \/>\n<meta property=\"og:site_name\" content=\"Petstar\" \/>\n<meta property=\"article:modified_time\" content=\"2025-01-21T10:32:07+00:00\" \/>\n<meta property=\"og:image\" content=\"https:\/\/petproducts.com.cn\/wp-content\/uploads\/2025\/01\/Supplier-best-travel-pet-bed.webp\" \/>\n\t<meta property=\"og:image:width\" content=\"1000\" \/>\n\t<meta property=\"og:image:height\" content=\"1000\" \/>\n\t<meta property=\"og:image:type\" content=\"image\/webp\" \/>\n<meta name=\"twitter:card\" content=\"summary_large_image\" \/>\n<meta name=\"twitter:label1\" content=\"Gesch\u00e4tzte Lesezeit\" \/>\n\t<meta name=\"twitter:data1\" content=\"2\u00a0Minuten\" \/>\n<script type=\"application\/ld+json\" class=\"yoast-schema-graph\">{\"@context\":\"https:\/\/schema.org\",\"@graph\":[{\"@type\":\"WebPage\",\"@id\":\"https:\/\/petproducts.com.cn\/product\/best-travel-pet-bed-outdoor-dog-mat-waterproof-portable-collapsible-pet-bed\/\",\"url\":\"https:\/\/petproducts.com.cn\/product\/best-travel-pet-bed-outdoor-dog-mat-waterproof-portable-collapsible-pet-bed\/\",\"name\":\"Best Travel Pet Bed | Collapsible Pet Bed Manufacturer - Petstar\",\"isPartOf\":{\"@id\":\"https:\/\/petproducts.com.cn\/#website\"},\"primaryImageOfPage\":{\"@id\":\"https:\/\/petproducts.com.cn\/product\/best-travel-pet-bed-outdoor-dog-mat-waterproof-portable-collapsible-pet-bed\/#primaryimage\"},\"image\":{\"@id\":\"https:\/\/petproducts.com.cn\/product\/best-travel-pet-bed-outdoor-dog-mat-waterproof-portable-collapsible-pet-bed\/#primaryimage\"},\"thumbnailUrl\":\"https:\/\/petproducts.com.cn\/wp-content\/uploads\/2025\/01\/Supplier-best-travel-pet-bed.webp\",\"datePublished\":\"2025-01-21T06:21:39+00:00\",\"dateModified\":\"2025-01-21T10:32:07+00:00\",\"description\":\"Explore Best Travel Pet Bed from the best pet products supplier. Petstar is a global pet products manufacturer. Your ideal business solution with Petstar.\",\"breadcrumb\":{\"@id\":\"https:\/\/petproducts.com.cn\/product\/best-travel-pet-bed-outdoor-dog-mat-waterproof-portable-collapsible-pet-bed\/#breadcrumb\"},\"inLanguage\":\"de\",\"potentialAction\":[{\"@type\":\"ReadAction\",\"target\":[\"https:\/\/petproducts.com.cn\/product\/best-travel-pet-bed-outdoor-dog-mat-waterproof-portable-collapsible-pet-bed\/\"]}]},{\"@type\":\"ImageObject\",\"inLanguage\":\"de\",\"@id\":\"https:\/\/petproducts.com.cn\/product\/best-travel-pet-bed-outdoor-dog-mat-waterproof-portable-collapsible-pet-bed\/#primaryimage\",\"url\":\"https:\/\/petproducts.com.cn\/wp-content\/uploads\/2025\/01\/Supplier-best-travel-pet-bed.webp\",\"contentUrl\":\"https:\/\/petproducts.com.cn\/wp-content\/uploads\/2025\/01\/Supplier-best-travel-pet-bed.webp\",\"width\":1000,\"height\":1000,\"caption\":\"Supplier best travel pet bed\"},{\"@type\":\"BreadcrumbList\",\"@id\":\"https:\/\/petproducts.com.cn\/product\/best-travel-pet-bed-outdoor-dog-mat-waterproof-portable-collapsible-pet-bed\/#breadcrumb\",\"itemListElement\":[{\"@type\":\"ListItem\",\"position\":1,\"name\":\"HOME\",\"item\":\"https:\/\/petproducts.com.cn\/\"},{\"@type\":\"ListItem\",\"position\":2,\"name\":\"Products\",\"item\":\"https:\/\/petproducts.com.cn\/shop\/\"},{\"@type\":\"ListItem\",\"position\":3,\"name\":\"Dog Beds\",\"item\":\"https:\/\/petproducts.com.cn\/product-category\/dog-beds\/\"},{\"@type\":\"ListItem\",\"position\":4,\"name\":\"Best Travel Pet Bed Outdoor Dog Mat Waterproof Portable Collapsible Pet Bed\"}]},{\"@type\":\"WebSite\",\"@id\":\"https:\/\/petproducts.com.cn\/#website\",\"url\":\"https:\/\/petproducts.com.cn\/\",\"name\":\"Petstar\",\"description\":\"Leading Pet Supplies Manufacturer &amp; OEM Pet Products Supplier\",\"publisher\":{\"@id\":\"https:\/\/petproducts.com.cn\/#organization\"},\"alternateName\":\"Petstar Pet Supplies\",\"potentialAction\":[{\"@type\":\"SearchAction\",\"target\":{\"@type\":\"EntryPoint\",\"urlTemplate\":\"https:\/\/petproducts.com.cn\/?s={search_term_string}\"},\"query-input\":{\"@type\":\"PropertyValueSpecification\",\"valueRequired\":true,\"valueName\":\"search_term_string\"}}],\"inLanguage\":\"de\"},{\"@type\":\"Organization\",\"@id\":\"https:\/\/petproducts.com.cn\/#organization\",\"name\":\"Petstar\",\"url\":\"https:\/\/petproducts.com.cn\/\",\"logo\":{\"@type\":\"ImageObject\",\"inLanguage\":\"de\",\"@id\":\"https:\/\/petproducts.com.cn\/#\/schema\/logo\/image\/\",\"url\":\"https:\/\/petproducts.com.cn\/wp-content\/uploads\/2020\/02\/petstar-logo.webp\",\"contentUrl\":\"https:\/\/petproducts.com.cn\/wp-content\/uploads\/2020\/02\/petstar-logo.webp\",\"width\":779,\"height\":520,\"caption\":\"Petstar\"},\"image\":{\"@id\":\"https:\/\/petproducts.com.cn\/#\/schema\/logo\/image\/\"}}]}<\/script>\n<!-- \/ Yoast SEO plugin. -->","yoast_head_json":{"title":"Beste Reise Haustier Bett | zusammenklappbar Haustier Bett Hersteller - Petstar","description":"Entdecken Sie Best Travel Pet Bed vom besten Anbieter f\u00fcr Haustierprodukte. Petstar ist ein globaler Hersteller von Haustierprodukten. Ihre ideale Gesch\u00e4ftsl\u00f6sung mit Petstar.","robots":{"index":"index","follow":"follow","max-snippet":"max-snippet:-1","max-image-preview":"max-image-preview:large","max-video-preview":"max-video-preview:-1"},"canonical":"https:\/\/petproducts.com.cn\/de\/produkt\/best-travel-pet-bed-outdoor-dog-mat-waterproof-portable-collapsible-pet-bed\/","og_locale":"de_DE","og_type":"article","og_title":"Best Travel Pet Bed | Collapsible Pet Bed Manufacturer - Petstar","og_description":"Explore Best Travel Pet Bed from the best pet products supplier. Petstar is a global pet products manufacturer. Your ideal business solution with Petstar.","og_url":"https:\/\/petproducts.com.cn\/de\/produkt\/best-travel-pet-bed-outdoor-dog-mat-waterproof-portable-collapsible-pet-bed\/","og_site_name":"Petstar","article_modified_time":"2025-01-21T10:32:07+00:00","og_image":[{"width":1000,"height":1000,"url":"https:\/\/petproducts.com.cn\/wp-content\/uploads\/2025\/01\/Supplier-best-travel-pet-bed.webp","type":"image\/webp"}],"twitter_card":"summary_large_image","twitter_misc":{"Gesch\u00e4tzte Lesezeit":"2\u00a0Minuten"},"schema":{"@context":"https:\/\/schema.org","@graph":[{"@type":"WebPage","@id":"https:\/\/petproducts.com.cn\/product\/best-travel-pet-bed-outdoor-dog-mat-waterproof-portable-collapsible-pet-bed\/","url":"https:\/\/petproducts.com.cn\/product\/best-travel-pet-bed-outdoor-dog-mat-waterproof-portable-collapsible-pet-bed\/","name":"Beste Reise Haustier Bett | zusammenklappbar Haustier Bett Hersteller - Petstar","isPartOf":{"@id":"https:\/\/petproducts.com.cn\/#website"},"primaryImageOfPage":{"@id":"https:\/\/petproducts.com.cn\/product\/best-travel-pet-bed-outdoor-dog-mat-waterproof-portable-collapsible-pet-bed\/#primaryimage"},"image":{"@id":"https:\/\/petproducts.com.cn\/product\/best-travel-pet-bed-outdoor-dog-mat-waterproof-portable-collapsible-pet-bed\/#primaryimage"},"thumbnailUrl":"https:\/\/petproducts.com.cn\/wp-content\/uploads\/2025\/01\/Supplier-best-travel-pet-bed.webp","datePublished":"2025-01-21T06:21:39+00:00","dateModified":"2025-01-21T10:32:07+00:00","description":"Entdecken Sie Best Travel Pet Bed vom besten Anbieter f\u00fcr Haustierprodukte. Petstar ist ein globaler Hersteller von Haustierprodukten. Ihre ideale Gesch\u00e4ftsl\u00f6sung mit Petstar.","breadcrumb":{"@id":"https:\/\/petproducts.com.cn\/product\/best-travel-pet-bed-outdoor-dog-mat-waterproof-portable-collapsible-pet-bed\/#breadcrumb"},"inLanguage":"de","potentialAction":[{"@type":"ReadAction","target":["https:\/\/petproducts.com.cn\/product\/best-travel-pet-bed-outdoor-dog-mat-waterproof-portable-collapsible-pet-bed\/"]}]},{"@type":"ImageObject","inLanguage":"de","@id":"https:\/\/petproducts.com.cn\/product\/best-travel-pet-bed-outdoor-dog-mat-waterproof-portable-collapsible-pet-bed\/#primaryimage","url":"https:\/\/petproducts.com.cn\/wp-content\/uploads\/2025\/01\/Supplier-best-travel-pet-bed.webp","contentUrl":"https:\/\/petproducts.com.cn\/wp-content\/uploads\/2025\/01\/Supplier-best-travel-pet-bed.webp","width":1000,"height":1000,"caption":"Supplier best travel pet bed"},{"@type":"BreadcrumbList","@id":"https:\/\/petproducts.com.cn\/product\/best-travel-pet-bed-outdoor-dog-mat-waterproof-portable-collapsible-pet-bed\/#breadcrumb","itemListElement":[{"@type":"ListItem","position":1,"name":"HOME","item":"https:\/\/petproducts.com.cn\/"},{"@type":"ListItem","position":2,"name":"Products","item":"https:\/\/petproducts.com.cn\/shop\/"},{"@type":"ListItem","position":3,"name":"Dog Beds","item":"https:\/\/petproducts.com.cn\/product-category\/dog-beds\/"},{"@type":"ListItem","position":4,"name":"Best Travel Pet Bed Outdoor Dog Mat Waterproof Portable Collapsible Pet Bed"}]},{"@type":"WebSite","@id":"https:\/\/petproducts.com.cn\/#website","url":"https:\/\/petproducts.com.cn\/","name":"Petstar","description":"F\u00fchrender Hersteller von Heimtierbedarf und OEM-Lieferant von Heimtierprodukten","publisher":{"@id":"https:\/\/petproducts.com.cn\/#organization"},"alternateName":"Petstar Pet Supplies","potentialAction":[{"@type":"SearchAction","target":{"@type":"EntryPoint","urlTemplate":"https:\/\/petproducts.com.cn\/?s={search_term_string}"},"query-input":{"@type":"PropertyValueSpecification","valueRequired":true,"valueName":"search_term_string"}}],"inLanguage":"de"},{"@type":"Organization","@id":"https:\/\/petproducts.com.cn\/#organization","name":"Petstar","url":"https:\/\/petproducts.com.cn\/","logo":{"@type":"ImageObject","inLanguage":"de","@id":"https:\/\/petproducts.com.cn\/#\/schema\/logo\/image\/","url":"https:\/\/petproducts.com.cn\/wp-content\/uploads\/2020\/02\/petstar-logo.webp","contentUrl":"https:\/\/petproducts.com.cn\/wp-content\/uploads\/2020\/02\/petstar-logo.webp","width":779,"height":520,"caption":"Petstar"},"image":{"@id":"https:\/\/petproducts.com.cn\/#\/schema\/logo\/image\/"}}]}},"_links":{"self":[{"href":"https:\/\/petproducts.com.cn\/de\/wp-json\/wp\/v2\/product\/31620","targetHints":{"allow":["GET"]}}],"collection":[{"href":"https:\/\/petproducts.com.cn\/de\/wp-json\/wp\/v2\/product"}],"about":[{"href":"https:\/\/petproducts.com.cn\/de\/wp-json\/wp\/v2\/types\/product"}],"version-history":[{"count":2,"href":"https:\/\/petproducts.com.cn\/de\/wp-json\/wp\/v2\/product\/31620\/revisions"}],"predecessor-version":[{"id":31630,"href":"https:\/\/petproducts.com.cn\/de\/wp-json\/wp\/v2\/product\/31620\/revisions\/31630"}],"wp:featuredmedia":[{"embeddable":true,"href":"https:\/\/petproducts.com.cn\/de\/wp-json\/wp\/v2\/media\/31626"}],"wp:attachment":[{"href":"https:\/\/petproducts.com.cn\/de\/wp-json\/wp\/v2\/media?parent=31620"}],"wp:term":[{"taxonomy":"product_brand","embeddable":true,"href":"https:\/\/petproducts.com.cn\/de\/wp-json\/wp\/v2\/product_brand?post=31620"},{"taxonomy":"product_cat","embeddable":true,"href":"https:\/\/petproducts.com.cn\/de\/wp-json\/wp\/v2\/product_cat?post=31620"},{"taxonomy":"product_tag","embeddable":true,"href":"https:\/\/petproducts.com.cn\/de\/wp-json\/wp\/v2\/product_tag?post=31620"}],"curies":[{"name":"wp","href":"https:\/\/api.w.org\/{rel}","templated":true}]}}