{"id":32211,"date":"2025-02-25T07:03:38","date_gmt":"2025-02-25T07:03:38","guid":{"rendered":"https:\/\/petproducts.com.cn\/?post_type=product&#038;p=32211"},"modified":"2025-02-25T07:10:22","modified_gmt":"2025-02-25T07:10:22","slug":"halloween-cat-house-cute-funny-pet-bed-dog-cat-cave","status":"publish","type":"product","link":"https:\/\/petproducts.com.cn\/de\/product\/halloween-cat-house-cute-funny-pet-bed-dog-cat-cave\/","title":{"rendered":"Halloween Katzenhaus Niedlich Lustig Haustier Bett Hund Katze H\u00f6hle"},"content":{"rendered":"<h2>Features Of Halloween Cat House<\/h2>\n<div class=\"w-full pt-2 md:pt-0 dark:border-white\/20 md:border-transparent md:dark:border-transparent md:w-[calc(100%-.5rem)]\">\n<form class=\"stretch mx-2 flex flex-row gap-3 last:mb-2 md:mx-4 md:last:mb-6 lg:mx-auto lg:max-w-2xl xl:max-w-3xl\">\n<div class=\"relative flex h-full flex-1 flex-col\">\n<div class=\"flex w-full items-center\">\n<div class=\"overflow-hidden [&amp;:has(textarea:focus)]:border-token-border-xheavy [&amp;:has(textarea:focus)]:shadow-[0_2px_6px_rgba(0,0,0,.05)] flex flex-col w-full dark:border-token-border-medium flex-grow relative border border-token-border-medium dark:text-white rounded-2xl bg-token-main-surface-primary\">\n<ul>\n<li data-start=\"204\" data-end=\"343\"><strong data-start=\"207\" data-end=\"235\">Halloween-Themed Design:<\/strong> The Halloween cat house comes in a playful, Halloween-inspired design, perfect for adding festive flair to your home.<\/li>\n<li data-start=\"344\" data-end=\"473\"><strong data-start=\"347\" data-end=\"372\">Fun and Quirky Shape:<\/strong> The bed features a unique and cute shape, ideal for pets who love hiding and playing in cozy spaces.<\/li>\n<li data-start=\"474\" data-end=\"614\"><strong data-start=\"477\" data-end=\"500\">Hanging Plush Ball:<\/strong> The entrance is adorned with a soft, plush ball that pets can bat at, providing extra entertainment and exercise.<\/li>\n<li data-start=\"615\" data-end=\"751\"><strong data-start=\"618\" data-end=\"636\">Non-Slip Base:<\/strong> The bottom of the bed is equipped with a non-slip surface, ensuring it stays in place even during active playtime.<\/li>\n<li data-start=\"752\" data-end=\"898\"><strong data-start=\"755\" data-end=\"789\">Soft and Comfortable Interior:<\/strong> Made from plush materials, this bed ensures warmth and comfort, making it an inviting spot for pets to rest.<\/li>\n<\/ul>\n<\/div>\n<\/div>\n<\/div>\n<\/form>\n<\/div>\n","protected":false},"excerpt":{"rendered":"<p>Dieses Halloween-Katzenhaus vereint Spa\u00df, Komfort und Zweckm\u00e4\u00dfigkeit und ist damit der perfekte festliche R\u00fcckzugsort f\u00fcr Haustiere.<\/p>","protected":false},"featured_media":32213,"template":"","meta":{"_acf_changed":false},"product_brand":[],"product_cat":[58,71,57,72],"product_tag":[199,198,197],"class_list":{"0":"post-32211","1":"product","2":"type-product","3":"status-publish","4":"has-post-thumbnail","6":"product_cat-cat-beds","7":"product_cat-cat-supplies","8":"product_cat-dog-beds","9":"product_cat-dog-supplies","10":"product_tag-halloween-pet-beds","11":"product_tag-halloween-pet-supplies","12":"product_tag-pet-cave-beds","14":"first","15":"instock","16":"shipping-taxable","17":"product-type-simple"},"acf":[],"yoast_head":"<!-- This site is optimized with the Yoast SEO plugin v27.1.1 - https:\/\/yoast.com\/product\/yoast-seo-wordpress\/ -->\n<title>Halloween Cat House | Halloween Cat Beds Manufacturer - Petstar<\/title>\n<meta name=\"description\" content=\"Explore Halloween Cat House from the best pet products supplier. Petstar is a global pet product manufacturer. Your ideal business solution with Petstar.\" \/>\n<meta name=\"robots\" content=\"index, follow, max-snippet:-1, max-image-preview:large, max-video-preview:-1\" \/>\n<link rel=\"canonical\" href=\"https:\/\/petproducts.com.cn\/de\/produkt\/halloween-cat-house-cute-funny-pet-bed-dog-cat-cave\/\" \/>\n<meta property=\"og:locale\" content=\"de_DE\" \/>\n<meta property=\"og:type\" content=\"article\" \/>\n<meta property=\"og:title\" content=\"Halloween Cat House | Halloween Cat Beds Manufacturer - Petstar\" \/>\n<meta property=\"og:description\" content=\"Explore Halloween Cat House from the best pet products supplier. Petstar is a global pet product manufacturer. Your ideal business solution with Petstar.\" \/>\n<meta property=\"og:url\" content=\"https:\/\/petproducts.com.cn\/de\/produkt\/halloween-cat-house-cute-funny-pet-bed-dog-cat-cave\/\" \/>\n<meta property=\"og:site_name\" content=\"Petstar\" \/>\n<meta property=\"article:modified_time\" content=\"2025-02-25T07:10:22+00:00\" \/>\n<meta property=\"og:image\" content=\"https:\/\/petproducts.com.cn\/wp-content\/uploads\/2025\/02\/Best-Halloween-Cat-House-.webp\" \/>\n\t<meta property=\"og:image:width\" content=\"1000\" \/>\n\t<meta property=\"og:image:height\" content=\"1000\" \/>\n\t<meta property=\"og:image:type\" content=\"image\/webp\" \/>\n<meta name=\"twitter:card\" content=\"summary_large_image\" \/>\n<meta name=\"twitter:label1\" content=\"Gesch\u00e4tzte Lesezeit\" \/>\n\t<meta name=\"twitter:data1\" content=\"1\u00a0Minute\" \/>\n<script type=\"application\/ld+json\" class=\"yoast-schema-graph\">{\"@context\":\"https:\/\/schema.org\",\"@graph\":[{\"@type\":\"WebPage\",\"@id\":\"https:\/\/petproducts.com.cn\/product\/halloween-cat-house-cute-funny-pet-bed-dog-cat-cave\/\",\"url\":\"https:\/\/petproducts.com.cn\/product\/halloween-cat-house-cute-funny-pet-bed-dog-cat-cave\/\",\"name\":\"Halloween Cat House | Halloween Cat Beds Manufacturer - Petstar\",\"isPartOf\":{\"@id\":\"https:\/\/petproducts.com.cn\/#website\"},\"primaryImageOfPage\":{\"@id\":\"https:\/\/petproducts.com.cn\/product\/halloween-cat-house-cute-funny-pet-bed-dog-cat-cave\/#primaryimage\"},\"image\":{\"@id\":\"https:\/\/petproducts.com.cn\/product\/halloween-cat-house-cute-funny-pet-bed-dog-cat-cave\/#primaryimage\"},\"thumbnailUrl\":\"https:\/\/petproducts.com.cn\/wp-content\/uploads\/2025\/02\/Best-Halloween-Cat-House-.webp\",\"datePublished\":\"2025-02-25T07:03:38+00:00\",\"dateModified\":\"2025-02-25T07:10:22+00:00\",\"description\":\"Explore Halloween Cat House from the best pet products supplier. Petstar is a global pet product manufacturer. Your ideal business solution with Petstar.\",\"breadcrumb\":{\"@id\":\"https:\/\/petproducts.com.cn\/product\/halloween-cat-house-cute-funny-pet-bed-dog-cat-cave\/#breadcrumb\"},\"inLanguage\":\"de\",\"potentialAction\":[{\"@type\":\"ReadAction\",\"target\":[\"https:\/\/petproducts.com.cn\/product\/halloween-cat-house-cute-funny-pet-bed-dog-cat-cave\/\"]}]},{\"@type\":\"ImageObject\",\"inLanguage\":\"de\",\"@id\":\"https:\/\/petproducts.com.cn\/product\/halloween-cat-house-cute-funny-pet-bed-dog-cat-cave\/#primaryimage\",\"url\":\"https:\/\/petproducts.com.cn\/wp-content\/uploads\/2025\/02\/Best-Halloween-Cat-House-.webp\",\"contentUrl\":\"https:\/\/petproducts.com.cn\/wp-content\/uploads\/2025\/02\/Best-Halloween-Cat-House-.webp\",\"width\":1000,\"height\":1000,\"caption\":\"Best Halloween Cat House\"},{\"@type\":\"BreadcrumbList\",\"@id\":\"https:\/\/petproducts.com.cn\/product\/halloween-cat-house-cute-funny-pet-bed-dog-cat-cave\/#breadcrumb\",\"itemListElement\":[{\"@type\":\"ListItem\",\"position\":1,\"name\":\"HOME\",\"item\":\"https:\/\/petproducts.com.cn\/\"},{\"@type\":\"ListItem\",\"position\":2,\"name\":\"Products\",\"item\":\"https:\/\/petproducts.com.cn\/shop\/\"},{\"@type\":\"ListItem\",\"position\":3,\"name\":\"Cat Beds\",\"item\":\"https:\/\/petproducts.com.cn\/product-category\/cat-beds\/\"},{\"@type\":\"ListItem\",\"position\":4,\"name\":\"Halloween Cat House Cute Funny Pet Bed Dog Cat Cave\"}]},{\"@type\":\"WebSite\",\"@id\":\"https:\/\/petproducts.com.cn\/#website\",\"url\":\"https:\/\/petproducts.com.cn\/\",\"name\":\"Petstar\",\"description\":\"Leading Pet Supplies Manufacturer &amp; OEM Pet Products Supplier\",\"publisher\":{\"@id\":\"https:\/\/petproducts.com.cn\/#organization\"},\"alternateName\":\"Petstar Pet Supplies\",\"potentialAction\":[{\"@type\":\"SearchAction\",\"target\":{\"@type\":\"EntryPoint\",\"urlTemplate\":\"https:\/\/petproducts.com.cn\/?s={search_term_string}\"},\"query-input\":{\"@type\":\"PropertyValueSpecification\",\"valueRequired\":true,\"valueName\":\"search_term_string\"}}],\"inLanguage\":\"de\"},{\"@type\":\"Organization\",\"@id\":\"https:\/\/petproducts.com.cn\/#organization\",\"name\":\"Petstar\",\"url\":\"https:\/\/petproducts.com.cn\/\",\"logo\":{\"@type\":\"ImageObject\",\"inLanguage\":\"de\",\"@id\":\"https:\/\/petproducts.com.cn\/#\/schema\/logo\/image\/\",\"url\":\"https:\/\/petproducts.com.cn\/wp-content\/uploads\/2020\/02\/petstar-logo.webp\",\"contentUrl\":\"https:\/\/petproducts.com.cn\/wp-content\/uploads\/2020\/02\/petstar-logo.webp\",\"width\":779,\"height\":520,\"caption\":\"Petstar\"},\"image\":{\"@id\":\"https:\/\/petproducts.com.cn\/#\/schema\/logo\/image\/\"}}]}<\/script>\n<!-- \/ Yoast SEO plugin. -->","yoast_head_json":{"title":"Halloween Katzenhaus | Halloween Katzenbetten Hersteller - Petstar","description":"Entdecken Sie das Halloween-Katzenhaus vom besten Anbieter f\u00fcr Haustierprodukte. Petstar ist ein globaler Hersteller von Haustierprodukten. Ihre ideale Gesch\u00e4ftsl\u00f6sung mit Petstar.","robots":{"index":"index","follow":"follow","max-snippet":"max-snippet:-1","max-image-preview":"max-image-preview:large","max-video-preview":"max-video-preview:-1"},"canonical":"https:\/\/petproducts.com.cn\/de\/produkt\/halloween-cat-house-cute-funny-pet-bed-dog-cat-cave\/","og_locale":"de_DE","og_type":"article","og_title":"Halloween Cat House | Halloween Cat Beds Manufacturer - Petstar","og_description":"Explore Halloween Cat House from the best pet products supplier. Petstar is a global pet product manufacturer. Your ideal business solution with Petstar.","og_url":"https:\/\/petproducts.com.cn\/de\/produkt\/halloween-cat-house-cute-funny-pet-bed-dog-cat-cave\/","og_site_name":"Petstar","article_modified_time":"2025-02-25T07:10:22+00:00","og_image":[{"width":1000,"height":1000,"url":"https:\/\/petproducts.com.cn\/wp-content\/uploads\/2025\/02\/Best-Halloween-Cat-House-.webp","type":"image\/webp"}],"twitter_card":"summary_large_image","twitter_misc":{"Gesch\u00e4tzte Lesezeit":"1\u00a0Minute"},"schema":{"@context":"https:\/\/schema.org","@graph":[{"@type":"WebPage","@id":"https:\/\/petproducts.com.cn\/product\/halloween-cat-house-cute-funny-pet-bed-dog-cat-cave\/","url":"https:\/\/petproducts.com.cn\/product\/halloween-cat-house-cute-funny-pet-bed-dog-cat-cave\/","name":"Halloween Katzenhaus | Halloween Katzenbetten Hersteller - Petstar","isPartOf":{"@id":"https:\/\/petproducts.com.cn\/#website"},"primaryImageOfPage":{"@id":"https:\/\/petproducts.com.cn\/product\/halloween-cat-house-cute-funny-pet-bed-dog-cat-cave\/#primaryimage"},"image":{"@id":"https:\/\/petproducts.com.cn\/product\/halloween-cat-house-cute-funny-pet-bed-dog-cat-cave\/#primaryimage"},"thumbnailUrl":"https:\/\/petproducts.com.cn\/wp-content\/uploads\/2025\/02\/Best-Halloween-Cat-House-.webp","datePublished":"2025-02-25T07:03:38+00:00","dateModified":"2025-02-25T07:10:22+00:00","description":"Entdecken Sie das Halloween-Katzenhaus vom besten Anbieter f\u00fcr Haustierprodukte. Petstar ist ein globaler Hersteller von Haustierprodukten. Ihre ideale Gesch\u00e4ftsl\u00f6sung mit Petstar.","breadcrumb":{"@id":"https:\/\/petproducts.com.cn\/product\/halloween-cat-house-cute-funny-pet-bed-dog-cat-cave\/#breadcrumb"},"inLanguage":"de","potentialAction":[{"@type":"ReadAction","target":["https:\/\/petproducts.com.cn\/product\/halloween-cat-house-cute-funny-pet-bed-dog-cat-cave\/"]}]},{"@type":"ImageObject","inLanguage":"de","@id":"https:\/\/petproducts.com.cn\/product\/halloween-cat-house-cute-funny-pet-bed-dog-cat-cave\/#primaryimage","url":"https:\/\/petproducts.com.cn\/wp-content\/uploads\/2025\/02\/Best-Halloween-Cat-House-.webp","contentUrl":"https:\/\/petproducts.com.cn\/wp-content\/uploads\/2025\/02\/Best-Halloween-Cat-House-.webp","width":1000,"height":1000,"caption":"Best Halloween Cat House"},{"@type":"BreadcrumbList","@id":"https:\/\/petproducts.com.cn\/product\/halloween-cat-house-cute-funny-pet-bed-dog-cat-cave\/#breadcrumb","itemListElement":[{"@type":"ListItem","position":1,"name":"HOME","item":"https:\/\/petproducts.com.cn\/"},{"@type":"ListItem","position":2,"name":"Products","item":"https:\/\/petproducts.com.cn\/shop\/"},{"@type":"ListItem","position":3,"name":"Cat Beds","item":"https:\/\/petproducts.com.cn\/product-category\/cat-beds\/"},{"@type":"ListItem","position":4,"name":"Halloween Cat House Cute Funny Pet Bed Dog Cat Cave"}]},{"@type":"WebSite","@id":"https:\/\/petproducts.com.cn\/#website","url":"https:\/\/petproducts.com.cn\/","name":"Petstar","description":"F\u00fchrender Hersteller von Heimtierbedarf und OEM-Lieferant von Heimtierprodukten","publisher":{"@id":"https:\/\/petproducts.com.cn\/#organization"},"alternateName":"Petstar Pet Supplies","potentialAction":[{"@type":"SearchAction","target":{"@type":"EntryPoint","urlTemplate":"https:\/\/petproducts.com.cn\/?s={search_term_string}"},"query-input":{"@type":"PropertyValueSpecification","valueRequired":true,"valueName":"search_term_string"}}],"inLanguage":"de"},{"@type":"Organization","@id":"https:\/\/petproducts.com.cn\/#organization","name":"Petstar","url":"https:\/\/petproducts.com.cn\/","logo":{"@type":"ImageObject","inLanguage":"de","@id":"https:\/\/petproducts.com.cn\/#\/schema\/logo\/image\/","url":"https:\/\/petproducts.com.cn\/wp-content\/uploads\/2020\/02\/petstar-logo.webp","contentUrl":"https:\/\/petproducts.com.cn\/wp-content\/uploads\/2020\/02\/petstar-logo.webp","width":779,"height":520,"caption":"Petstar"},"image":{"@id":"https:\/\/petproducts.com.cn\/#\/schema\/logo\/image\/"}}]}},"_links":{"self":[{"href":"https:\/\/petproducts.com.cn\/de\/wp-json\/wp\/v2\/product\/32211","targetHints":{"allow":["GET"]}}],"collection":[{"href":"https:\/\/petproducts.com.cn\/de\/wp-json\/wp\/v2\/product"}],"about":[{"href":"https:\/\/petproducts.com.cn\/de\/wp-json\/wp\/v2\/types\/product"}],"version-history":[{"count":3,"href":"https:\/\/petproducts.com.cn\/de\/wp-json\/wp\/v2\/product\/32211\/revisions"}],"predecessor-version":[{"id":32220,"href":"https:\/\/petproducts.com.cn\/de\/wp-json\/wp\/v2\/product\/32211\/revisions\/32220"}],"wp:featuredmedia":[{"embeddable":true,"href":"https:\/\/petproducts.com.cn\/de\/wp-json\/wp\/v2\/media\/32213"}],"wp:attachment":[{"href":"https:\/\/petproducts.com.cn\/de\/wp-json\/wp\/v2\/media?parent=32211"}],"wp:term":[{"taxonomy":"product_brand","embeddable":true,"href":"https:\/\/petproducts.com.cn\/de\/wp-json\/wp\/v2\/product_brand?post=32211"},{"taxonomy":"product_cat","embeddable":true,"href":"https:\/\/petproducts.com.cn\/de\/wp-json\/wp\/v2\/product_cat?post=32211"},{"taxonomy":"product_tag","embeddable":true,"href":"https:\/\/petproducts.com.cn\/de\/wp-json\/wp\/v2\/product_tag?post=32211"}],"curies":[{"name":"wp","href":"https:\/\/api.w.org\/{rel}","templated":true}]}}