{"id":32447,"date":"2025-03-07T08:00:44","date_gmt":"2025-03-07T08:00:44","guid":{"rendered":"https:\/\/petproducts.com.cn\/?post_type=product&#038;p=32447"},"modified":"2025-03-07T08:09:28","modified_gmt":"2025-03-07T08:09:28","slug":"pvc-dog-leash-multifunctional-durable-dog-safey-hiking-leash","status":"publish","type":"product","link":"https:\/\/petproducts.com.cn\/de\/product\/pvc-dog-leash-multifunctional-durable-dog-safey-hiking-leash\/","title":{"rendered":"PVC-Hundeleine Multifunktional Langlebige Hundesicherheits-Wanderleine"},"content":{"rendered":"<h2>Eigenschaften der PVC-Hundeleine<\/h2>\n<ul>\n<li data-start=\"36\" data-end=\"221\"><strong>Multifunktionales Hands-Free-Design.<\/strong>\u00a0Diese PVC-Hundeleine kann auf vielf\u00e4ltige Weise verwendet werden, auch freih\u00e4ndig, so dass sie sich ideal f\u00fcr Wanderungen, Jogging und t\u00e4gliche Spazierg\u00e4nge eignet.<\/li>\n<li data-start=\"222\" data-end=\"421\"><strong>Strapazierf\u00e4higes und witterungsbest\u00e4ndiges PVC-Material.<\/strong>\u00a0Die aus hochwertigem PVC gefertigte Leine ist wasserdicht, f\u00e4ulnishemmend und verschlei\u00dffest und gew\u00e4hrleistet eine lange Lebensdauer unter allen Bedingungen.<\/li>\n<li data-start=\"422\" data-end=\"615\"><strong>Einstellbar f\u00fcr vielseitigen Einsatz<\/strong>. Mit verstellbarer L\u00e4nge f\u00fcr verschiedene Laufstile, so dass Tierhalter zwischen einer Standardleine und einer freih\u00e4ndig gef\u00fchrten Leine wechseln k\u00f6nnen.<\/li>\n<li data-start=\"616\" data-end=\"817\"><strong>Stark und sicher f\u00fcr Outdoor-Abenteuer<\/strong>. Diese strapazierf\u00e4hige PVC-Hundeleine bietet starken Halt f\u00fcr mittelgro\u00dfe bis gro\u00dfe Hunde und sorgt f\u00fcr Sicherheit bei Wanderungen und Outdoor-Aktivit\u00e4ten.<\/li>\n<li data-start=\"818\" data-end=\"975\"><strong>Leicht zu reinigen und zu pflegen<\/strong>. Das PVC-Material ist schmutz- und feuchtigkeitsabweisend und l\u00e4sst sich nach Spazierg\u00e4ngen, Wanderungen oder Regentagen leicht abwischen.<\/li>\n<li data-start=\"976\" data-end=\"1153\"><strong>Perfekt f\u00fcr B2B-Eink\u00e4ufer<\/strong>. Ein ideales Produkt f\u00fcr Gro\u00dfh\u00e4ndler f\u00fcr Heimtierbedarf, Gro\u00dfeink\u00e4ufer und Einzelh\u00e4ndler f\u00fcr Outdoor-Tierbedarf, das eine vielseitige und gefragte Leinenoption darstellt.<\/li>\n<\/ul>","protected":false},"excerpt":{"rendered":"<p>Die multifunktionale PVC-Hundeleine kombiniert einstellbare, freih\u00e4ndige Funktionalit\u00e4t mit strapazierf\u00e4higem, wasserdichtem PVC-Material und ist damit die perfekte Wahl f\u00fcr aktive Tierhalter und Outdoor-Abenteuer.<\/p>","protected":false},"featured_media":32448,"template":"","meta":{"_acf_changed":false},"product_brand":[],"product_cat":[124,72],"product_tag":[213],"class_list":{"0":"post-32447","1":"product","2":"type-product","3":"status-publish","4":"has-post-thumbnail","6":"product_cat-dog-collars-leashes-harnesses","7":"product_cat-dog-supplies","8":"product_tag-pet-leashes","10":"first","11":"instock","12":"shipping-taxable","13":"product-type-simple"},"acf":[],"yoast_head":"<!-- This site is optimized with the Yoast SEO plugin v27.1.1 - https:\/\/yoast.com\/product\/yoast-seo-wordpress\/ -->\n<title>PVC Dog Leash | Dog Collar Leash Manufacturer - Petstar<\/title>\n<meta name=\"description\" content=\"Explore PVC Dog Leash from the best pet products supplier. Petstar is a global pet products manufacturer. Your ideal business solution with Petstar.\" \/>\n<meta name=\"robots\" content=\"index, follow, max-snippet:-1, max-image-preview:large, max-video-preview:-1\" \/>\n<link rel=\"canonical\" href=\"https:\/\/petproducts.com.cn\/de\/produkt\/pvc-dog-leash-multifunctional-durable-dog-safey-hiking-leash\/\" \/>\n<meta property=\"og:locale\" content=\"de_DE\" \/>\n<meta property=\"og:type\" content=\"article\" \/>\n<meta property=\"og:title\" content=\"PVC Dog Leash | Dog Collar Leash Manufacturer - Petstar\" \/>\n<meta property=\"og:description\" content=\"Explore PVC Dog Leash from the best pet products supplier. Petstar is a global pet products manufacturer. Your ideal business solution with Petstar.\" \/>\n<meta property=\"og:url\" content=\"https:\/\/petproducts.com.cn\/de\/produkt\/pvc-dog-leash-multifunctional-durable-dog-safey-hiking-leash\/\" \/>\n<meta property=\"og:site_name\" content=\"Petstar\" \/>\n<meta property=\"article:modified_time\" content=\"2025-03-07T08:09:28+00:00\" \/>\n<meta property=\"og:image\" content=\"https:\/\/petproducts.com.cn\/wp-content\/uploads\/2025\/03\/pvc-dog-leash.webp\" \/>\n\t<meta property=\"og:image:width\" content=\"1000\" \/>\n\t<meta property=\"og:image:height\" content=\"1000\" \/>\n\t<meta property=\"og:image:type\" content=\"image\/webp\" \/>\n<meta name=\"twitter:card\" content=\"summary_large_image\" \/>\n<meta name=\"twitter:label1\" content=\"Gesch\u00e4tzte Lesezeit\" \/>\n\t<meta name=\"twitter:data1\" content=\"1\u00a0Minute\" \/>\n<script type=\"application\/ld+json\" class=\"yoast-schema-graph\">{\"@context\":\"https:\/\/schema.org\",\"@graph\":[{\"@type\":\"WebPage\",\"@id\":\"https:\/\/petproducts.com.cn\/product\/pvc-dog-leash-multifunctional-durable-dog-safey-hiking-leash\/\",\"url\":\"https:\/\/petproducts.com.cn\/product\/pvc-dog-leash-multifunctional-durable-dog-safey-hiking-leash\/\",\"name\":\"PVC Dog Leash | Dog Collar Leash Manufacturer - Petstar\",\"isPartOf\":{\"@id\":\"https:\/\/petproducts.com.cn\/#website\"},\"primaryImageOfPage\":{\"@id\":\"https:\/\/petproducts.com.cn\/product\/pvc-dog-leash-multifunctional-durable-dog-safey-hiking-leash\/#primaryimage\"},\"image\":{\"@id\":\"https:\/\/petproducts.com.cn\/product\/pvc-dog-leash-multifunctional-durable-dog-safey-hiking-leash\/#primaryimage\"},\"thumbnailUrl\":\"https:\/\/petproducts.com.cn\/wp-content\/uploads\/2025\/03\/pvc-dog-leash.webp\",\"datePublished\":\"2025-03-07T08:00:44+00:00\",\"dateModified\":\"2025-03-07T08:09:28+00:00\",\"description\":\"Explore PVC Dog Leash from the best pet products supplier. Petstar is a global pet products manufacturer. Your ideal business solution with Petstar.\",\"breadcrumb\":{\"@id\":\"https:\/\/petproducts.com.cn\/product\/pvc-dog-leash-multifunctional-durable-dog-safey-hiking-leash\/#breadcrumb\"},\"inLanguage\":\"de\",\"potentialAction\":[{\"@type\":\"ReadAction\",\"target\":[\"https:\/\/petproducts.com.cn\/product\/pvc-dog-leash-multifunctional-durable-dog-safey-hiking-leash\/\"]}]},{\"@type\":\"ImageObject\",\"inLanguage\":\"de\",\"@id\":\"https:\/\/petproducts.com.cn\/product\/pvc-dog-leash-multifunctional-durable-dog-safey-hiking-leash\/#primaryimage\",\"url\":\"https:\/\/petproducts.com.cn\/wp-content\/uploads\/2025\/03\/pvc-dog-leash.webp\",\"contentUrl\":\"https:\/\/petproducts.com.cn\/wp-content\/uploads\/2025\/03\/pvc-dog-leash.webp\",\"width\":1000,\"height\":1000,\"caption\":\"pvc dog leash\"},{\"@type\":\"BreadcrumbList\",\"@id\":\"https:\/\/petproducts.com.cn\/product\/pvc-dog-leash-multifunctional-durable-dog-safey-hiking-leash\/#breadcrumb\",\"itemListElement\":[{\"@type\":\"ListItem\",\"position\":1,\"name\":\"HOME\",\"item\":\"https:\/\/petproducts.com.cn\/\"},{\"@type\":\"ListItem\",\"position\":2,\"name\":\"Products\",\"item\":\"https:\/\/petproducts.com.cn\/shop\/\"},{\"@type\":\"ListItem\",\"position\":3,\"name\":\"Dog Collars, Leashes &amp; Harnesses\",\"item\":\"https:\/\/petproducts.com.cn\/product-category\/dog-collars-leashes-harnesses\/\"},{\"@type\":\"ListItem\",\"position\":4,\"name\":\"PVC Dog Leash Multifunctional Durable Dog Safey Hiking Leash\"}]},{\"@type\":\"WebSite\",\"@id\":\"https:\/\/petproducts.com.cn\/#website\",\"url\":\"https:\/\/petproducts.com.cn\/\",\"name\":\"Petstar\",\"description\":\"Leading Pet Supplies Manufacturer &amp; OEM Pet Products Supplier\",\"publisher\":{\"@id\":\"https:\/\/petproducts.com.cn\/#organization\"},\"alternateName\":\"Petstar Pet Supplies\",\"potentialAction\":[{\"@type\":\"SearchAction\",\"target\":{\"@type\":\"EntryPoint\",\"urlTemplate\":\"https:\/\/petproducts.com.cn\/?s={search_term_string}\"},\"query-input\":{\"@type\":\"PropertyValueSpecification\",\"valueRequired\":true,\"valueName\":\"search_term_string\"}}],\"inLanguage\":\"de\"},{\"@type\":\"Organization\",\"@id\":\"https:\/\/petproducts.com.cn\/#organization\",\"name\":\"Petstar\",\"url\":\"https:\/\/petproducts.com.cn\/\",\"logo\":{\"@type\":\"ImageObject\",\"inLanguage\":\"de\",\"@id\":\"https:\/\/petproducts.com.cn\/#\/schema\/logo\/image\/\",\"url\":\"https:\/\/petproducts.com.cn\/wp-content\/uploads\/2020\/02\/petstar-logo.webp\",\"contentUrl\":\"https:\/\/petproducts.com.cn\/wp-content\/uploads\/2020\/02\/petstar-logo.webp\",\"width\":779,\"height\":520,\"caption\":\"Petstar\"},\"image\":{\"@id\":\"https:\/\/petproducts.com.cn\/#\/schema\/logo\/image\/\"}}]}<\/script>\n<!-- \/ Yoast SEO plugin. -->","yoast_head_json":{"title":"PVC Hundeleine | Hundehalsband Leine Hersteller - Petstar","description":"Entdecken Sie PVC Hundeleine vom besten Lieferanten f\u00fcr Haustierprodukte. Petstar ist ein globaler Hersteller von Haustierprodukten. Ihre ideale Business-L\u00f6sung mit Petstar.","robots":{"index":"index","follow":"follow","max-snippet":"max-snippet:-1","max-image-preview":"max-image-preview:large","max-video-preview":"max-video-preview:-1"},"canonical":"https:\/\/petproducts.com.cn\/de\/produkt\/pvc-dog-leash-multifunctional-durable-dog-safey-hiking-leash\/","og_locale":"de_DE","og_type":"article","og_title":"PVC Dog Leash | Dog Collar Leash Manufacturer - Petstar","og_description":"Explore PVC Dog Leash from the best pet products supplier. Petstar is a global pet products manufacturer. Your ideal business solution with Petstar.","og_url":"https:\/\/petproducts.com.cn\/de\/produkt\/pvc-dog-leash-multifunctional-durable-dog-safey-hiking-leash\/","og_site_name":"Petstar","article_modified_time":"2025-03-07T08:09:28+00:00","og_image":[{"width":1000,"height":1000,"url":"https:\/\/petproducts.com.cn\/wp-content\/uploads\/2025\/03\/pvc-dog-leash.webp","type":"image\/webp"}],"twitter_card":"summary_large_image","twitter_misc":{"Gesch\u00e4tzte Lesezeit":"1\u00a0Minute"},"schema":{"@context":"https:\/\/schema.org","@graph":[{"@type":"WebPage","@id":"https:\/\/petproducts.com.cn\/product\/pvc-dog-leash-multifunctional-durable-dog-safey-hiking-leash\/","url":"https:\/\/petproducts.com.cn\/product\/pvc-dog-leash-multifunctional-durable-dog-safey-hiking-leash\/","name":"PVC Hundeleine | Hundehalsband Leine Hersteller - Petstar","isPartOf":{"@id":"https:\/\/petproducts.com.cn\/#website"},"primaryImageOfPage":{"@id":"https:\/\/petproducts.com.cn\/product\/pvc-dog-leash-multifunctional-durable-dog-safey-hiking-leash\/#primaryimage"},"image":{"@id":"https:\/\/petproducts.com.cn\/product\/pvc-dog-leash-multifunctional-durable-dog-safey-hiking-leash\/#primaryimage"},"thumbnailUrl":"https:\/\/petproducts.com.cn\/wp-content\/uploads\/2025\/03\/pvc-dog-leash.webp","datePublished":"2025-03-07T08:00:44+00:00","dateModified":"2025-03-07T08:09:28+00:00","description":"Entdecken Sie PVC Hundeleine vom besten Lieferanten f\u00fcr Haustierprodukte. Petstar ist ein globaler Hersteller von Haustierprodukten. Ihre ideale Business-L\u00f6sung mit Petstar.","breadcrumb":{"@id":"https:\/\/petproducts.com.cn\/product\/pvc-dog-leash-multifunctional-durable-dog-safey-hiking-leash\/#breadcrumb"},"inLanguage":"de","potentialAction":[{"@type":"ReadAction","target":["https:\/\/petproducts.com.cn\/product\/pvc-dog-leash-multifunctional-durable-dog-safey-hiking-leash\/"]}]},{"@type":"ImageObject","inLanguage":"de","@id":"https:\/\/petproducts.com.cn\/product\/pvc-dog-leash-multifunctional-durable-dog-safey-hiking-leash\/#primaryimage","url":"https:\/\/petproducts.com.cn\/wp-content\/uploads\/2025\/03\/pvc-dog-leash.webp","contentUrl":"https:\/\/petproducts.com.cn\/wp-content\/uploads\/2025\/03\/pvc-dog-leash.webp","width":1000,"height":1000,"caption":"pvc dog leash"},{"@type":"BreadcrumbList","@id":"https:\/\/petproducts.com.cn\/product\/pvc-dog-leash-multifunctional-durable-dog-safey-hiking-leash\/#breadcrumb","itemListElement":[{"@type":"ListItem","position":1,"name":"HOME","item":"https:\/\/petproducts.com.cn\/"},{"@type":"ListItem","position":2,"name":"Products","item":"https:\/\/petproducts.com.cn\/shop\/"},{"@type":"ListItem","position":3,"name":"Dog Collars, Leashes &amp; Harnesses","item":"https:\/\/petproducts.com.cn\/product-category\/dog-collars-leashes-harnesses\/"},{"@type":"ListItem","position":4,"name":"PVC Dog Leash Multifunctional Durable Dog Safey Hiking Leash"}]},{"@type":"WebSite","@id":"https:\/\/petproducts.com.cn\/#website","url":"https:\/\/petproducts.com.cn\/","name":"Petstar","description":"F\u00fchrender Hersteller von Heimtierbedarf und OEM-Lieferant von Heimtierprodukten","publisher":{"@id":"https:\/\/petproducts.com.cn\/#organization"},"alternateName":"Petstar Pet Supplies","potentialAction":[{"@type":"SearchAction","target":{"@type":"EntryPoint","urlTemplate":"https:\/\/petproducts.com.cn\/?s={search_term_string}"},"query-input":{"@type":"PropertyValueSpecification","valueRequired":true,"valueName":"search_term_string"}}],"inLanguage":"de"},{"@type":"Organization","@id":"https:\/\/petproducts.com.cn\/#organization","name":"Petstar","url":"https:\/\/petproducts.com.cn\/","logo":{"@type":"ImageObject","inLanguage":"de","@id":"https:\/\/petproducts.com.cn\/#\/schema\/logo\/image\/","url":"https:\/\/petproducts.com.cn\/wp-content\/uploads\/2020\/02\/petstar-logo.webp","contentUrl":"https:\/\/petproducts.com.cn\/wp-content\/uploads\/2020\/02\/petstar-logo.webp","width":779,"height":520,"caption":"Petstar"},"image":{"@id":"https:\/\/petproducts.com.cn\/#\/schema\/logo\/image\/"}}]}},"_links":{"self":[{"href":"https:\/\/petproducts.com.cn\/de\/wp-json\/wp\/v2\/product\/32447","targetHints":{"allow":["GET"]}}],"collection":[{"href":"https:\/\/petproducts.com.cn\/de\/wp-json\/wp\/v2\/product"}],"about":[{"href":"https:\/\/petproducts.com.cn\/de\/wp-json\/wp\/v2\/types\/product"}],"version-history":[{"count":1,"href":"https:\/\/petproducts.com.cn\/de\/wp-json\/wp\/v2\/product\/32447\/revisions"}],"predecessor-version":[{"id":32454,"href":"https:\/\/petproducts.com.cn\/de\/wp-json\/wp\/v2\/product\/32447\/revisions\/32454"}],"wp:featuredmedia":[{"embeddable":true,"href":"https:\/\/petproducts.com.cn\/de\/wp-json\/wp\/v2\/media\/32448"}],"wp:attachment":[{"href":"https:\/\/petproducts.com.cn\/de\/wp-json\/wp\/v2\/media?parent=32447"}],"wp:term":[{"taxonomy":"product_brand","embeddable":true,"href":"https:\/\/petproducts.com.cn\/de\/wp-json\/wp\/v2\/product_brand?post=32447"},{"taxonomy":"product_cat","embeddable":true,"href":"https:\/\/petproducts.com.cn\/de\/wp-json\/wp\/v2\/product_cat?post=32447"},{"taxonomy":"product_tag","embeddable":true,"href":"https:\/\/petproducts.com.cn\/de\/wp-json\/wp\/v2\/product_tag?post=32447"}],"curies":[{"name":"wp","href":"https:\/\/api.w.org\/{rel}","templated":true}]}}