{"id":34071,"date":"2025-07-18T06:42:26","date_gmt":"2025-07-18T06:42:26","guid":{"rendered":"https:\/\/petproducts.com.cn\/?post_type=product&#038;p=34071"},"modified":"2025-07-21T02:38:34","modified_gmt":"2025-07-21T02:38:34","slug":"functional-cat-furniture-cat-condo-with-scratcher-bowl","status":"publish","type":"product","link":"https:\/\/petproducts.com.cn\/de\/product\/functional-cat-furniture-cat-condo-with-scratcher-bowl\/","title":{"rendered":"Funktionelle Katzenm\u00f6bel Katzenkoje mit Kratzbaumschale"},"content":{"rendered":"<h2>Merkmale der funktionellen Katzenm\u00f6bel<\/h2>\n<ul>\n<li data-start=\"194\" data-end=\"367\">\n<p data-start=\"197\" data-end=\"367\"><strong data-start=\"197\" data-end=\"236\">Funktionale All-in-One-Katzenm\u00f6bel<\/strong> - Kombiniert nahtlos Kratzbaum, Pl\u00fcschtier, Futterstelle und Liegefl\u00e4che in einer kompakten Katzenwohnung, die sich ideal f\u00fcr moderne Innenr\u00e4ume eignet.<\/p>\n<\/li>\n<li data-start=\"368\" data-end=\"529\">\n<p data-start=\"371\" data-end=\"529\"><strong data-start=\"371\" data-end=\"396\">Wohnfreundliches Design<\/strong> - Die stilvolle Struktur dient gleichzeitig als elegante Wohndekoration und ist ein funktionelles Katzenm\u00f6bel, das in jeden Raum passt.<\/p>\n<\/li>\n<li data-start=\"530\" data-end=\"701\">\n<p data-start=\"533\" data-end=\"701\"><strong data-start=\"533\" data-end=\"571\">Multi-Zonen-Komfort &amp; Unterhaltung<\/strong> - Mit einem kuscheligen Ruhebereich, einem interaktiven Pl\u00fcschtier und einer eingebauten Futterstelle, die Spielen, Ausruhen und F\u00fcttern in einem erm\u00f6glicht.<\/p>\n<\/li>\n<li data-start=\"702\" data-end=\"856\">\n<p data-start=\"705\" data-end=\"856\"><strong data-start=\"705\" data-end=\"742\">Geschlossener, versteckter Raum f\u00fcr Privatsph\u00e4re<\/strong> - Das durchdachte, versteckte Fach bietet Katzen ein Gef\u00fchl der Sicherheit und des Komforts und sorgt gleichzeitig f\u00fcr Ordnung in Ihrem Raum.<\/p>\n<\/li>\n<li data-start=\"857\" data-end=\"1011\">\n<p data-start=\"860\" data-end=\"1011\"><strong data-start=\"860\" data-end=\"899\">Langlebige Kratzb\u00e4ume und Materialien<\/strong> - Hergestellt aus hochwertigen, haustiersicheren Materialien, die das t\u00e4gliche Kratzen unterst\u00fctzen und die Langlebigkeit des Produkts verl\u00e4ngern.<\/p>\n<\/li>\n<li data-start=\"1012\" data-end=\"1175\">\n<p data-start=\"1015\" data-end=\"1175\"><strong data-start=\"1015\" data-end=\"1050\">Anpassbar f\u00fcr Handelsmarken<\/strong> - Vollst\u00e4ndig OEM\/ODM-f\u00e4hig, so dass Gro\u00dfabnehmer die Gr\u00f6\u00dfe, Funktionen, Farben und das Branding anpassen k\u00f6nnen, um sich auf dem Markt zu differenzieren.<\/p>\n<\/li>\n<\/ul>\n<p style=\"text-align: center;\"><em><strong>F\u00fcr mehr <a href=\"https:\/\/petproducts.com.cn\/de\/wholesale-cat-trees\/\">Katzenb\u00e4ume<\/a><\/strong><\/em><em><strong>, Bitte <a href=\"https:\/\/petproducts.com.cn\/de\/kontaktieren-sie-uns\/\">kontaktiere uns<\/a>!<\/strong><\/em><\/p>","protected":false},"excerpt":{"rendered":"<p>Ein multifunktionales Katzenm\u00f6bel, das Kratzen, Faulenzen, F\u00fcttern und stilvolle Wohndekoration vereint - perfekt, um sowohl den Komfort der Katze als auch die \u00c4sthetik des Wohnraums zu verbessern.<\/p>","protected":false},"featured_media":34084,"template":"","meta":{"_acf_changed":false},"product_brand":[],"product_cat":[71,47],"product_tag":[206],"class_list":{"0":"post-34071","1":"product","2":"type-product","3":"status-publish","4":"has-post-thumbnail","6":"product_cat-cat-supplies","7":"product_cat-cat-trees-furniture","8":"product_tag-cat-trees","10":"first","11":"instock","12":"shipping-taxable","13":"product-type-simple"},"acf":[],"yoast_head":"<!-- This site is optimized with the Yoast SEO plugin v27.1.1 - https:\/\/yoast.com\/product\/yoast-seo-wordpress\/ -->\n<title>Functional Cat Furniture | Cat Tree Manufacturer - Petstar<\/title>\n<meta name=\"description\" content=\"Explore Functional Cat Furniture from pet products supplier. Petstar is a global pet supplies manufacturer. Your ideal business solution with Petstar.\" \/>\n<meta name=\"robots\" content=\"index, follow, max-snippet:-1, max-image-preview:large, max-video-preview:-1\" \/>\n<link rel=\"canonical\" href=\"https:\/\/petproducts.com.cn\/de\/produkt\/functional-cat-furniture-cat-condo-with-scratcher-bowl\/\" \/>\n<meta property=\"og:locale\" content=\"de_DE\" \/>\n<meta property=\"og:type\" content=\"article\" \/>\n<meta property=\"og:title\" content=\"Functional Cat Furniture | Cat Tree Manufacturer - Petstar\" \/>\n<meta property=\"og:description\" content=\"Explore Functional Cat Furniture from pet products supplier. Petstar is a global pet supplies manufacturer. Your ideal business solution with Petstar.\" \/>\n<meta property=\"og:url\" content=\"https:\/\/petproducts.com.cn\/de\/produkt\/functional-cat-furniture-cat-condo-with-scratcher-bowl\/\" \/>\n<meta property=\"og:site_name\" content=\"Petstar\" \/>\n<meta property=\"article:modified_time\" content=\"2025-07-21T02:38:34+00:00\" \/>\n<meta property=\"og:image\" content=\"https:\/\/petproducts.com.cn\/wp-content\/uploads\/2025\/07\/functional-cat-furniture.webp\" \/>\n\t<meta property=\"og:image:width\" content=\"1000\" \/>\n\t<meta property=\"og:image:height\" content=\"1000\" \/>\n\t<meta property=\"og:image:type\" content=\"image\/webp\" \/>\n<meta name=\"twitter:card\" content=\"summary_large_image\" \/>\n<meta name=\"twitter:label1\" content=\"Gesch\u00e4tzte Lesezeit\" \/>\n\t<meta name=\"twitter:data1\" content=\"1\u00a0Minute\" \/>\n<script type=\"application\/ld+json\" class=\"yoast-schema-graph\">{\"@context\":\"https:\/\/schema.org\",\"@graph\":[{\"@type\":\"WebPage\",\"@id\":\"https:\/\/petproducts.com.cn\/product\/functional-cat-furniture-cat-condo-with-scratcher-bowl\/\",\"url\":\"https:\/\/petproducts.com.cn\/product\/functional-cat-furniture-cat-condo-with-scratcher-bowl\/\",\"name\":\"Functional Cat Furniture | Cat Tree Manufacturer - Petstar\",\"isPartOf\":{\"@id\":\"https:\/\/petproducts.com.cn\/#website\"},\"primaryImageOfPage\":{\"@id\":\"https:\/\/petproducts.com.cn\/product\/functional-cat-furniture-cat-condo-with-scratcher-bowl\/#primaryimage\"},\"image\":{\"@id\":\"https:\/\/petproducts.com.cn\/product\/functional-cat-furniture-cat-condo-with-scratcher-bowl\/#primaryimage\"},\"thumbnailUrl\":\"https:\/\/petproducts.com.cn\/wp-content\/uploads\/2025\/07\/functional-cat-furniture.webp\",\"datePublished\":\"2025-07-18T06:42:26+00:00\",\"dateModified\":\"2025-07-21T02:38:34+00:00\",\"description\":\"Explore Functional Cat Furniture from pet products supplier. Petstar is a global pet supplies manufacturer. Your ideal business solution with Petstar.\",\"breadcrumb\":{\"@id\":\"https:\/\/petproducts.com.cn\/product\/functional-cat-furniture-cat-condo-with-scratcher-bowl\/#breadcrumb\"},\"inLanguage\":\"de\",\"potentialAction\":[{\"@type\":\"ReadAction\",\"target\":[\"https:\/\/petproducts.com.cn\/product\/functional-cat-furniture-cat-condo-with-scratcher-bowl\/\"]}]},{\"@type\":\"ImageObject\",\"inLanguage\":\"de\",\"@id\":\"https:\/\/petproducts.com.cn\/product\/functional-cat-furniture-cat-condo-with-scratcher-bowl\/#primaryimage\",\"url\":\"https:\/\/petproducts.com.cn\/wp-content\/uploads\/2025\/07\/functional-cat-furniture.webp\",\"contentUrl\":\"https:\/\/petproducts.com.cn\/wp-content\/uploads\/2025\/07\/functional-cat-furniture.webp\",\"width\":1000,\"height\":1000,\"caption\":\"functional cat furniture\"},{\"@type\":\"BreadcrumbList\",\"@id\":\"https:\/\/petproducts.com.cn\/product\/functional-cat-furniture-cat-condo-with-scratcher-bowl\/#breadcrumb\",\"itemListElement\":[{\"@type\":\"ListItem\",\"position\":1,\"name\":\"HOME\",\"item\":\"https:\/\/petproducts.com.cn\/\"},{\"@type\":\"ListItem\",\"position\":2,\"name\":\"Products\",\"item\":\"https:\/\/petproducts.com.cn\/shop\/\"},{\"@type\":\"ListItem\",\"position\":3,\"name\":\"Cat Trees &amp; Furniture\",\"item\":\"https:\/\/petproducts.com.cn\/product-category\/cat-trees-furniture\/\"},{\"@type\":\"ListItem\",\"position\":4,\"name\":\"Functional Cat Furniture Cat Condo with Scratcher Bowl\"}]},{\"@type\":\"WebSite\",\"@id\":\"https:\/\/petproducts.com.cn\/#website\",\"url\":\"https:\/\/petproducts.com.cn\/\",\"name\":\"Petstar\",\"description\":\"Leading Pet Supplies Manufacturer &amp; OEM Pet Products Supplier\",\"publisher\":{\"@id\":\"https:\/\/petproducts.com.cn\/#organization\"},\"alternateName\":\"Petstar Pet Supplies\",\"potentialAction\":[{\"@type\":\"SearchAction\",\"target\":{\"@type\":\"EntryPoint\",\"urlTemplate\":\"https:\/\/petproducts.com.cn\/?s={search_term_string}\"},\"query-input\":{\"@type\":\"PropertyValueSpecification\",\"valueRequired\":true,\"valueName\":\"search_term_string\"}}],\"inLanguage\":\"de\"},{\"@type\":\"Organization\",\"@id\":\"https:\/\/petproducts.com.cn\/#organization\",\"name\":\"Petstar\",\"url\":\"https:\/\/petproducts.com.cn\/\",\"logo\":{\"@type\":\"ImageObject\",\"inLanguage\":\"de\",\"@id\":\"https:\/\/petproducts.com.cn\/#\/schema\/logo\/image\/\",\"url\":\"https:\/\/petproducts.com.cn\/wp-content\/uploads\/2020\/02\/petstar-logo.webp\",\"contentUrl\":\"https:\/\/petproducts.com.cn\/wp-content\/uploads\/2020\/02\/petstar-logo.webp\",\"width\":779,\"height\":520,\"caption\":\"Petstar\"},\"image\":{\"@id\":\"https:\/\/petproducts.com.cn\/#\/schema\/logo\/image\/\"}}]}<\/script>\n<!-- \/ Yoast SEO plugin. -->","yoast_head_json":{"title":"Funktionelle Katzenm\u00f6bel | Kratzbaum Hersteller - Petstar","description":"Entdecken Sie funktionelle Katzenm\u00f6bel von Anbieter von Haustierprodukten. Petstar ist ein globaler Hersteller von Heimtierbedarf. Ihre ideale Gesch\u00e4ftsl\u00f6sung mit Petstar.","robots":{"index":"index","follow":"follow","max-snippet":"max-snippet:-1","max-image-preview":"max-image-preview:large","max-video-preview":"max-video-preview:-1"},"canonical":"https:\/\/petproducts.com.cn\/de\/produkt\/functional-cat-furniture-cat-condo-with-scratcher-bowl\/","og_locale":"de_DE","og_type":"article","og_title":"Functional Cat Furniture | Cat Tree Manufacturer - Petstar","og_description":"Explore Functional Cat Furniture from pet products supplier. Petstar is a global pet supplies manufacturer. Your ideal business solution with Petstar.","og_url":"https:\/\/petproducts.com.cn\/de\/produkt\/functional-cat-furniture-cat-condo-with-scratcher-bowl\/","og_site_name":"Petstar","article_modified_time":"2025-07-21T02:38:34+00:00","og_image":[{"width":1000,"height":1000,"url":"https:\/\/petproducts.com.cn\/wp-content\/uploads\/2025\/07\/functional-cat-furniture.webp","type":"image\/webp"}],"twitter_card":"summary_large_image","twitter_misc":{"Gesch\u00e4tzte Lesezeit":"1\u00a0Minute"},"schema":{"@context":"https:\/\/schema.org","@graph":[{"@type":"WebPage","@id":"https:\/\/petproducts.com.cn\/product\/functional-cat-furniture-cat-condo-with-scratcher-bowl\/","url":"https:\/\/petproducts.com.cn\/product\/functional-cat-furniture-cat-condo-with-scratcher-bowl\/","name":"Funktionelle Katzenm\u00f6bel | Kratzbaum Hersteller - Petstar","isPartOf":{"@id":"https:\/\/petproducts.com.cn\/#website"},"primaryImageOfPage":{"@id":"https:\/\/petproducts.com.cn\/product\/functional-cat-furniture-cat-condo-with-scratcher-bowl\/#primaryimage"},"image":{"@id":"https:\/\/petproducts.com.cn\/product\/functional-cat-furniture-cat-condo-with-scratcher-bowl\/#primaryimage"},"thumbnailUrl":"https:\/\/petproducts.com.cn\/wp-content\/uploads\/2025\/07\/functional-cat-furniture.webp","datePublished":"2025-07-18T06:42:26+00:00","dateModified":"2025-07-21T02:38:34+00:00","description":"Entdecken Sie funktionelle Katzenm\u00f6bel von Anbieter von Haustierprodukten. Petstar ist ein globaler Hersteller von Heimtierbedarf. Ihre ideale Gesch\u00e4ftsl\u00f6sung mit Petstar.","breadcrumb":{"@id":"https:\/\/petproducts.com.cn\/product\/functional-cat-furniture-cat-condo-with-scratcher-bowl\/#breadcrumb"},"inLanguage":"de","potentialAction":[{"@type":"ReadAction","target":["https:\/\/petproducts.com.cn\/product\/functional-cat-furniture-cat-condo-with-scratcher-bowl\/"]}]},{"@type":"ImageObject","inLanguage":"de","@id":"https:\/\/petproducts.com.cn\/product\/functional-cat-furniture-cat-condo-with-scratcher-bowl\/#primaryimage","url":"https:\/\/petproducts.com.cn\/wp-content\/uploads\/2025\/07\/functional-cat-furniture.webp","contentUrl":"https:\/\/petproducts.com.cn\/wp-content\/uploads\/2025\/07\/functional-cat-furniture.webp","width":1000,"height":1000,"caption":"functional cat furniture"},{"@type":"BreadcrumbList","@id":"https:\/\/petproducts.com.cn\/product\/functional-cat-furniture-cat-condo-with-scratcher-bowl\/#breadcrumb","itemListElement":[{"@type":"ListItem","position":1,"name":"HOME","item":"https:\/\/petproducts.com.cn\/"},{"@type":"ListItem","position":2,"name":"Products","item":"https:\/\/petproducts.com.cn\/shop\/"},{"@type":"ListItem","position":3,"name":"Cat Trees &amp; Furniture","item":"https:\/\/petproducts.com.cn\/product-category\/cat-trees-furniture\/"},{"@type":"ListItem","position":4,"name":"Functional Cat Furniture Cat Condo with Scratcher Bowl"}]},{"@type":"WebSite","@id":"https:\/\/petproducts.com.cn\/#website","url":"https:\/\/petproducts.com.cn\/","name":"Petstar","description":"F\u00fchrender Hersteller von Heimtierbedarf und OEM-Lieferant von Heimtierprodukten","publisher":{"@id":"https:\/\/petproducts.com.cn\/#organization"},"alternateName":"Petstar Pet Supplies","potentialAction":[{"@type":"SearchAction","target":{"@type":"EntryPoint","urlTemplate":"https:\/\/petproducts.com.cn\/?s={search_term_string}"},"query-input":{"@type":"PropertyValueSpecification","valueRequired":true,"valueName":"search_term_string"}}],"inLanguage":"de"},{"@type":"Organization","@id":"https:\/\/petproducts.com.cn\/#organization","name":"Petstar","url":"https:\/\/petproducts.com.cn\/","logo":{"@type":"ImageObject","inLanguage":"de","@id":"https:\/\/petproducts.com.cn\/#\/schema\/logo\/image\/","url":"https:\/\/petproducts.com.cn\/wp-content\/uploads\/2020\/02\/petstar-logo.webp","contentUrl":"https:\/\/petproducts.com.cn\/wp-content\/uploads\/2020\/02\/petstar-logo.webp","width":779,"height":520,"caption":"Petstar"},"image":{"@id":"https:\/\/petproducts.com.cn\/#\/schema\/logo\/image\/"}}]}},"_links":{"self":[{"href":"https:\/\/petproducts.com.cn\/de\/wp-json\/wp\/v2\/product\/34071","targetHints":{"allow":["GET"]}}],"collection":[{"href":"https:\/\/petproducts.com.cn\/de\/wp-json\/wp\/v2\/product"}],"about":[{"href":"https:\/\/petproducts.com.cn\/de\/wp-json\/wp\/v2\/types\/product"}],"version-history":[{"count":1,"href":"https:\/\/petproducts.com.cn\/de\/wp-json\/wp\/v2\/product\/34071\/revisions"}],"predecessor-version":[{"id":34085,"href":"https:\/\/petproducts.com.cn\/de\/wp-json\/wp\/v2\/product\/34071\/revisions\/34085"}],"wp:featuredmedia":[{"embeddable":true,"href":"https:\/\/petproducts.com.cn\/de\/wp-json\/wp\/v2\/media\/34084"}],"wp:attachment":[{"href":"https:\/\/petproducts.com.cn\/de\/wp-json\/wp\/v2\/media?parent=34071"}],"wp:term":[{"taxonomy":"product_brand","embeddable":true,"href":"https:\/\/petproducts.com.cn\/de\/wp-json\/wp\/v2\/product_brand?post=34071"},{"taxonomy":"product_cat","embeddable":true,"href":"https:\/\/petproducts.com.cn\/de\/wp-json\/wp\/v2\/product_cat?post=34071"},{"taxonomy":"product_tag","embeddable":true,"href":"https:\/\/petproducts.com.cn\/de\/wp-json\/wp\/v2\/product_tag?post=34071"}],"curies":[{"name":"wp","href":"https:\/\/api.w.org\/{rel}","templated":true}]}}