{"id":35579,"date":"2026-01-19T02:27:25","date_gmt":"2026-01-19T02:27:25","guid":{"rendered":"https:\/\/petproducts.com.cn\/?post_type=product&#038;p=35579"},"modified":"2026-02-04T05:39:51","modified_gmt":"2026-02-04T05:39:51","slug":"best-portable-pet-bag-carrier-fpf-expandable-pet-carrier-bag","status":"publish","type":"product","link":"https:\/\/petproducts.com.cn\/de\/product\/best-portable-pet-bag-carrier-fpf-expandable-pet-carrier-bag\/","title":{"rendered":"Best Portable Pet Bag Carrier FPF Expandable Pet Carrier Bag"},"content":{"rendered":"<h2>Eigenschaften von Pet Bag Carrier<\/h2>\n<ul>\n<li data-start=\"147\" data-end=\"278\">\n<p data-start=\"150\" data-end=\"278\"><strong data-start=\"150\" data-end=\"181\">Haustier-Transporttasche f\u00fcr tragbare Reise-Programme entwickelt<\/strong> - Entwickelt, um kompakte Mobilit\u00e4tsbed\u00fcrfnisse zu unterst\u00fctzen und gleichzeitig die strukturelle Stabilit\u00e4t und den Komfort beim Transport zu erhalten.<\/p>\n<\/li>\n<li data-start=\"279\" data-end=\"395\">\n<p data-start=\"282\" data-end=\"395\"><strong data-start=\"282\" data-end=\"323\">Offiziell lizenziertes Design der portugiesischen Nationalmannschaft<\/strong> - Das erweiterbare Design erm\u00f6glicht eine Anpassung des Innenraums an unterschiedliche Tiergr\u00f6\u00dfen und Reisedauern.<\/p>\n<\/li>\n<li><strong data-start=\"282\" data-end=\"323\">Expandierbare Struktur f\u00fcr flexible Raumanpassung<\/strong> - Das erweiterbare Design erm\u00f6glicht eine Anpassung des Innenraums an unterschiedliche Tiergr\u00f6\u00dfen und Reisedauern.<\/li>\n<li data-start=\"396\" data-end=\"516\">\n<p data-start=\"399\" data-end=\"516\"><strong data-start=\"399\" data-end=\"441\">Leichte Konstruktion f\u00fcr einfachen Transport und Handhabung<\/strong> - Optimierte Materialien reduzieren das Gesamtgewicht und verbessern die Verwendbarkeit f\u00fcr h\u00e4ufige Bewegungen und transportbasierte Anwendungen.<\/p>\n<\/li>\n<li data-start=\"517\" data-end=\"643\">\n<p data-start=\"520\" data-end=\"643\"><strong data-start=\"520\" data-end=\"561\">Atmungsaktive Paneele f\u00fcr verbesserte Luftzirkulation<\/strong> - Bel\u00fcftete Abschnitte verbessern die Luftzirkulation im Inneren und sorgen f\u00fcr mehr Komfort bei kurzen und l\u00e4ngeren Fahrten.<\/p>\n<\/li>\n<li data-start=\"777\" data-end=\"899\">\n<p data-start=\"780\" data-end=\"899\"><strong data-start=\"780\" data-end=\"811\">Multi-Szenario-Nutzung f\u00fcr unterschiedliche Reisebed\u00fcrfnisse<\/strong> - Es eignet sich f\u00fcr Pendler, Outdoor-Bewegungen, Fahrzeugtransporte und l\u00e4ngere Reisen und ist vielseitig einsetzbar.<\/p>\n<\/li>\n<\/ul>\n<p style=\"text-align: center;\"><em><strong>F\u00fcr mehr <a href=\"https:\/\/petproducts.com.cn\/de\/cat-carrier-factory\/\">Katzentransporter<\/a> &amp; <a href=\"https:\/\/petproducts.com.cn\/de\/dog-carriers-manufacturer\/\">Hundetransporter<\/a>,<\/strong><\/em><em><strong>\u00a0bitte <a href=\"https:\/\/petproducts.com.cn\/de\/kontaktieren-sie-uns\/\">kontaktiere uns<\/a>!<\/strong><\/em><\/p>","protected":false},"excerpt":{"rendered":"<p>Die von der portugiesischen Nationalmannschaft offiziell lizenzierte Tasche f\u00fcr Haustiere wurde als leichte, erweiterbare und atmungsaktive Reisel\u00f6sung entwickelt und eignet sich sowohl f\u00fcr kurze Strecken als auch f\u00fcr l\u00e4ngere Transporte.<\/p>","protected":false},"featured_media":35586,"template":"","meta":{"_acf_changed":false},"product_brand":[],"product_cat":[133,71,132,72],"product_tag":[291,145,144],"class_list":{"0":"post-35579","1":"product","2":"type-product","3":"status-publish","4":"has-post-thumbnail","6":"product_cat-cat-carriers-car-supplies","7":"product_cat-cat-supplies","8":"product_cat-dog-carriers-car-supplies","9":"product_cat-dog-supplies","10":"product_tag-2026-world-cup-series","11":"product_tag-cat-carriers-car-supplies","12":"product_tag-dog-carriers-car-supplies","14":"first","15":"instock","16":"shipping-taxable","17":"product-type-simple"},"acf":[],"yoast_head":"<!-- This site is optimized with the Yoast SEO plugin v27.1.1 - https:\/\/yoast.com\/product\/yoast-seo-wordpress\/ -->\n<title>Pet Bag Carrier | Pet Carrier Manufacturer - Petstar<\/title>\n<meta name=\"description\" content=\"Explore Pet Bag Carrier from the best pet products supplier. Petstar is a global pet product manufacturer. Your ideal business solution with Petstar.\" \/>\n<meta name=\"robots\" content=\"index, follow, max-snippet:-1, max-image-preview:large, max-video-preview:-1\" \/>\n<link rel=\"canonical\" href=\"https:\/\/petproducts.com.cn\/de\/produkt\/best-portable-pet-bag-carrier-fpf-expandable-pet-carrier-bag\/\" \/>\n<meta property=\"og:locale\" content=\"de_DE\" \/>\n<meta property=\"og:type\" content=\"article\" \/>\n<meta property=\"og:title\" content=\"Pet Bag Carrier | Pet Carrier Manufacturer - Petstar\" \/>\n<meta property=\"og:description\" content=\"Explore Pet Bag Carrier from the best pet products supplier. Petstar is a global pet product manufacturer. Your ideal business solution with Petstar.\" \/>\n<meta property=\"og:url\" content=\"https:\/\/petproducts.com.cn\/de\/produkt\/best-portable-pet-bag-carrier-fpf-expandable-pet-carrier-bag\/\" \/>\n<meta property=\"og:site_name\" content=\"Petstar\" \/>\n<meta property=\"article:modified_time\" content=\"2026-02-04T05:39:51+00:00\" \/>\n<meta property=\"og:image\" content=\"https:\/\/petproducts.com.cn\/wp-content\/uploads\/2026\/01\/Pet-Bag-Carrier.webp\" \/>\n\t<meta property=\"og:image:width\" content=\"1000\" \/>\n\t<meta property=\"og:image:height\" content=\"1000\" \/>\n\t<meta property=\"og:image:type\" content=\"image\/webp\" \/>\n<meta name=\"twitter:card\" content=\"summary_large_image\" \/>\n<meta name=\"twitter:label1\" content=\"Gesch\u00e4tzte Lesezeit\" \/>\n\t<meta name=\"twitter:data1\" content=\"1\u00a0Minute\" \/>\n<script type=\"application\/ld+json\" class=\"yoast-schema-graph\">{\"@context\":\"https:\/\/schema.org\",\"@graph\":[{\"@type\":\"WebPage\",\"@id\":\"https:\/\/petproducts.com.cn\/product\/best-portable-pet-bag-carrier-fpf-expandable-pet-carrier-bag\/\",\"url\":\"https:\/\/petproducts.com.cn\/product\/best-portable-pet-bag-carrier-fpf-expandable-pet-carrier-bag\/\",\"name\":\"Pet Bag Carrier | Pet Carrier Manufacturer - Petstar\",\"isPartOf\":{\"@id\":\"https:\/\/petproducts.com.cn\/#website\"},\"primaryImageOfPage\":{\"@id\":\"https:\/\/petproducts.com.cn\/product\/best-portable-pet-bag-carrier-fpf-expandable-pet-carrier-bag\/#primaryimage\"},\"image\":{\"@id\":\"https:\/\/petproducts.com.cn\/product\/best-portable-pet-bag-carrier-fpf-expandable-pet-carrier-bag\/#primaryimage\"},\"thumbnailUrl\":\"https:\/\/petproducts.com.cn\/wp-content\/uploads\/2026\/01\/Pet-Bag-Carrier.webp\",\"datePublished\":\"2026-01-19T02:27:25+00:00\",\"dateModified\":\"2026-02-04T05:39:51+00:00\",\"description\":\"Explore Pet Bag Carrier from the best pet products supplier. Petstar is a global pet product manufacturer. Your ideal business solution with Petstar.\",\"breadcrumb\":{\"@id\":\"https:\/\/petproducts.com.cn\/product\/best-portable-pet-bag-carrier-fpf-expandable-pet-carrier-bag\/#breadcrumb\"},\"inLanguage\":\"de\",\"potentialAction\":[{\"@type\":\"ReadAction\",\"target\":[\"https:\/\/petproducts.com.cn\/product\/best-portable-pet-bag-carrier-fpf-expandable-pet-carrier-bag\/\"]}]},{\"@type\":\"ImageObject\",\"inLanguage\":\"de\",\"@id\":\"https:\/\/petproducts.com.cn\/product\/best-portable-pet-bag-carrier-fpf-expandable-pet-carrier-bag\/#primaryimage\",\"url\":\"https:\/\/petproducts.com.cn\/wp-content\/uploads\/2026\/01\/Pet-Bag-Carrier.webp\",\"contentUrl\":\"https:\/\/petproducts.com.cn\/wp-content\/uploads\/2026\/01\/Pet-Bag-Carrier.webp\",\"width\":1000,\"height\":1000,\"caption\":\"Pet Bag Carrier\"},{\"@type\":\"BreadcrumbList\",\"@id\":\"https:\/\/petproducts.com.cn\/product\/best-portable-pet-bag-carrier-fpf-expandable-pet-carrier-bag\/#breadcrumb\",\"itemListElement\":[{\"@type\":\"ListItem\",\"position\":1,\"name\":\"HOME\",\"item\":\"https:\/\/petproducts.com.cn\/\"},{\"@type\":\"ListItem\",\"position\":2,\"name\":\"Products\",\"item\":\"https:\/\/petproducts.com.cn\/shop\/\"},{\"@type\":\"ListItem\",\"position\":3,\"name\":\"Dog Carriers &amp; Car Supplies\",\"item\":\"https:\/\/petproducts.com.cn\/product-category\/dog-carriers-car-supplies\/\"},{\"@type\":\"ListItem\",\"position\":4,\"name\":\"Best Portable Pet Bag Carrier FPF Expandable Pet Carrier Bag\"}]},{\"@type\":\"WebSite\",\"@id\":\"https:\/\/petproducts.com.cn\/#website\",\"url\":\"https:\/\/petproducts.com.cn\/\",\"name\":\"Petstar\",\"description\":\"Leading Pet Supplies Manufacturer &amp; OEM Pet Products Supplier\",\"publisher\":{\"@id\":\"https:\/\/petproducts.com.cn\/#organization\"},\"alternateName\":\"Petstar Pet Supplies\",\"potentialAction\":[{\"@type\":\"SearchAction\",\"target\":{\"@type\":\"EntryPoint\",\"urlTemplate\":\"https:\/\/petproducts.com.cn\/?s={search_term_string}\"},\"query-input\":{\"@type\":\"PropertyValueSpecification\",\"valueRequired\":true,\"valueName\":\"search_term_string\"}}],\"inLanguage\":\"de\"},{\"@type\":\"Organization\",\"@id\":\"https:\/\/petproducts.com.cn\/#organization\",\"name\":\"Petstar\",\"url\":\"https:\/\/petproducts.com.cn\/\",\"logo\":{\"@type\":\"ImageObject\",\"inLanguage\":\"de\",\"@id\":\"https:\/\/petproducts.com.cn\/#\/schema\/logo\/image\/\",\"url\":\"https:\/\/petproducts.com.cn\/wp-content\/uploads\/2020\/02\/petstar-logo.webp\",\"contentUrl\":\"https:\/\/petproducts.com.cn\/wp-content\/uploads\/2020\/02\/petstar-logo.webp\",\"width\":779,\"height\":520,\"caption\":\"Petstar\"},\"image\":{\"@id\":\"https:\/\/petproducts.com.cn\/#\/schema\/logo\/image\/\"}}]}<\/script>\n<!-- \/ Yoast SEO plugin. -->","yoast_head_json":{"title":"Tragetasche f\u00fcr Haustiere | Hersteller von Tragetaschen f\u00fcr Haustiere - Petstar","description":"Entdecken Sie Pet Bag Carrier vom besten Anbieter f\u00fcr Heimtierprodukte. Petstar ist ein globaler Hersteller von Heimtierprodukten. Ihre ideale Gesch\u00e4ftsl\u00f6sung mit Petstar.","robots":{"index":"index","follow":"follow","max-snippet":"max-snippet:-1","max-image-preview":"max-image-preview:large","max-video-preview":"max-video-preview:-1"},"canonical":"https:\/\/petproducts.com.cn\/de\/produkt\/best-portable-pet-bag-carrier-fpf-expandable-pet-carrier-bag\/","og_locale":"de_DE","og_type":"article","og_title":"Pet Bag Carrier | Pet Carrier Manufacturer - Petstar","og_description":"Explore Pet Bag Carrier from the best pet products supplier. Petstar is a global pet product manufacturer. Your ideal business solution with Petstar.","og_url":"https:\/\/petproducts.com.cn\/de\/produkt\/best-portable-pet-bag-carrier-fpf-expandable-pet-carrier-bag\/","og_site_name":"Petstar","article_modified_time":"2026-02-04T05:39:51+00:00","og_image":[{"width":1000,"height":1000,"url":"https:\/\/petproducts.com.cn\/wp-content\/uploads\/2026\/01\/Pet-Bag-Carrier.webp","type":"image\/webp"}],"twitter_card":"summary_large_image","twitter_misc":{"Gesch\u00e4tzte Lesezeit":"1\u00a0Minute"},"schema":{"@context":"https:\/\/schema.org","@graph":[{"@type":"WebPage","@id":"https:\/\/petproducts.com.cn\/product\/best-portable-pet-bag-carrier-fpf-expandable-pet-carrier-bag\/","url":"https:\/\/petproducts.com.cn\/product\/best-portable-pet-bag-carrier-fpf-expandable-pet-carrier-bag\/","name":"Tragetasche f\u00fcr Haustiere | Hersteller von Tragetaschen f\u00fcr Haustiere - Petstar","isPartOf":{"@id":"https:\/\/petproducts.com.cn\/#website"},"primaryImageOfPage":{"@id":"https:\/\/petproducts.com.cn\/product\/best-portable-pet-bag-carrier-fpf-expandable-pet-carrier-bag\/#primaryimage"},"image":{"@id":"https:\/\/petproducts.com.cn\/product\/best-portable-pet-bag-carrier-fpf-expandable-pet-carrier-bag\/#primaryimage"},"thumbnailUrl":"https:\/\/petproducts.com.cn\/wp-content\/uploads\/2026\/01\/Pet-Bag-Carrier.webp","datePublished":"2026-01-19T02:27:25+00:00","dateModified":"2026-02-04T05:39:51+00:00","description":"Entdecken Sie Pet Bag Carrier vom besten Anbieter f\u00fcr Heimtierprodukte. Petstar ist ein globaler Hersteller von Heimtierprodukten. Ihre ideale Gesch\u00e4ftsl\u00f6sung mit Petstar.","breadcrumb":{"@id":"https:\/\/petproducts.com.cn\/product\/best-portable-pet-bag-carrier-fpf-expandable-pet-carrier-bag\/#breadcrumb"},"inLanguage":"de","potentialAction":[{"@type":"ReadAction","target":["https:\/\/petproducts.com.cn\/product\/best-portable-pet-bag-carrier-fpf-expandable-pet-carrier-bag\/"]}]},{"@type":"ImageObject","inLanguage":"de","@id":"https:\/\/petproducts.com.cn\/product\/best-portable-pet-bag-carrier-fpf-expandable-pet-carrier-bag\/#primaryimage","url":"https:\/\/petproducts.com.cn\/wp-content\/uploads\/2026\/01\/Pet-Bag-Carrier.webp","contentUrl":"https:\/\/petproducts.com.cn\/wp-content\/uploads\/2026\/01\/Pet-Bag-Carrier.webp","width":1000,"height":1000,"caption":"Pet Bag Carrier"},{"@type":"BreadcrumbList","@id":"https:\/\/petproducts.com.cn\/product\/best-portable-pet-bag-carrier-fpf-expandable-pet-carrier-bag\/#breadcrumb","itemListElement":[{"@type":"ListItem","position":1,"name":"HOME","item":"https:\/\/petproducts.com.cn\/"},{"@type":"ListItem","position":2,"name":"Products","item":"https:\/\/petproducts.com.cn\/shop\/"},{"@type":"ListItem","position":3,"name":"Dog Carriers &amp; Car Supplies","item":"https:\/\/petproducts.com.cn\/product-category\/dog-carriers-car-supplies\/"},{"@type":"ListItem","position":4,"name":"Best Portable Pet Bag Carrier FPF Expandable Pet Carrier Bag"}]},{"@type":"WebSite","@id":"https:\/\/petproducts.com.cn\/#website","url":"https:\/\/petproducts.com.cn\/","name":"Petstar","description":"F\u00fchrender Hersteller von Heimtierbedarf und OEM-Lieferant von Heimtierprodukten","publisher":{"@id":"https:\/\/petproducts.com.cn\/#organization"},"alternateName":"Petstar Pet Supplies","potentialAction":[{"@type":"SearchAction","target":{"@type":"EntryPoint","urlTemplate":"https:\/\/petproducts.com.cn\/?s={search_term_string}"},"query-input":{"@type":"PropertyValueSpecification","valueRequired":true,"valueName":"search_term_string"}}],"inLanguage":"de"},{"@type":"Organization","@id":"https:\/\/petproducts.com.cn\/#organization","name":"Petstar","url":"https:\/\/petproducts.com.cn\/","logo":{"@type":"ImageObject","inLanguage":"de","@id":"https:\/\/petproducts.com.cn\/#\/schema\/logo\/image\/","url":"https:\/\/petproducts.com.cn\/wp-content\/uploads\/2020\/02\/petstar-logo.webp","contentUrl":"https:\/\/petproducts.com.cn\/wp-content\/uploads\/2020\/02\/petstar-logo.webp","width":779,"height":520,"caption":"Petstar"},"image":{"@id":"https:\/\/petproducts.com.cn\/#\/schema\/logo\/image\/"}}]}},"_links":{"self":[{"href":"https:\/\/petproducts.com.cn\/de\/wp-json\/wp\/v2\/product\/35579","targetHints":{"allow":["GET"]}}],"collection":[{"href":"https:\/\/petproducts.com.cn\/de\/wp-json\/wp\/v2\/product"}],"about":[{"href":"https:\/\/petproducts.com.cn\/de\/wp-json\/wp\/v2\/types\/product"}],"version-history":[{"count":2,"href":"https:\/\/petproducts.com.cn\/de\/wp-json\/wp\/v2\/product\/35579\/revisions"}],"predecessor-version":[{"id":35590,"href":"https:\/\/petproducts.com.cn\/de\/wp-json\/wp\/v2\/product\/35579\/revisions\/35590"}],"wp:featuredmedia":[{"embeddable":true,"href":"https:\/\/petproducts.com.cn\/de\/wp-json\/wp\/v2\/media\/35586"}],"wp:attachment":[{"href":"https:\/\/petproducts.com.cn\/de\/wp-json\/wp\/v2\/media?parent=35579"}],"wp:term":[{"taxonomy":"product_brand","embeddable":true,"href":"https:\/\/petproducts.com.cn\/de\/wp-json\/wp\/v2\/product_brand?post=35579"},{"taxonomy":"product_cat","embeddable":true,"href":"https:\/\/petproducts.com.cn\/de\/wp-json\/wp\/v2\/product_cat?post=35579"},{"taxonomy":"product_tag","embeddable":true,"href":"https:\/\/petproducts.com.cn\/de\/wp-json\/wp\/v2\/product_tag?post=35579"}],"curies":[{"name":"wp","href":"https:\/\/api.w.org\/{rel}","templated":true}]}}