{"id":9024,"date":"2023-09-12T06:08:19","date_gmt":"2023-09-12T06:08:19","guid":{"rendered":"https:\/\/petproducts.com.cn\/?post_type=product&#038;p=9024"},"modified":"2024-04-29T08:31:27","modified_gmt":"2024-04-29T08:31:27","slug":"dog-treat-toys-multifunctional-pet-iq-feeder-toy-massager","status":"publish","type":"product","link":"https:\/\/petproducts.com.cn\/de\/product\/dog-treat-toys-multifunctional-pet-iq-feeder-toy-massager\/","title":{"rendered":"Leckerli-Spielzeug f\u00fcr Katzen, multifunktionales Haustier-IQ-Futterspielzeug und Massageger\u00e4t"},"content":{"rendered":"<p><iframe title=\"Hundespielzeug UFO Hunter Multifunktionales Haustier IQ Feeder Toy &amp; Massageger\u00e4t\" width=\"800\" height=\"450\" src=\"https:\/\/www.youtube.com\/embed\/TOcBngoB098?feature=oembed\" frameborder=\"0\" allow=\"accelerometer; autoplay; clipboard-write; encrypted-media; gyroscope; picture-in-picture; web-share\" allowfullscreen><\/iframe><\/p>\n<h2><strong>Eigenschaften von Katzenspielzeug<\/strong><\/h2>\n<p><strong>1. einzigartiges UFO-Design:<\/strong> Unsere Katzen-Leckerli-Spielzeuge kombinieren Unterhaltung und Funktionalit\u00e4t in einem auff\u00e4lligen Design, das Ihrem Haustier einen Hauch von Spa\u00df bringt.<\/p>\n<p><strong>2. Spa\u00df am Essen:<\/strong> Dieses innovative Spielzeug regt den Geist und den Gaumen Ihres Tieres an und macht die Mahlzeit zu einem spannenden Abenteuer. Beobachten Sie, wie Ihr Haustier Spa\u00df hat, w\u00e4hrend es f\u00fcr seine Leckereien arbeitet!<\/p>\n<p><strong>3. das Gehirn ankurbeln:<\/strong> Wenn Ihr Haustier mit diesem Spielzeug interagiert, lernt es, den Ball zu dr\u00fccken, um Leckerlis freizugeben, was seine Probleml\u00f6sungsf\u00e4higkeiten und seinen IQ steigert.<\/p>\n<p><strong>4. multifunktionaler Spa\u00df:<\/strong> Er ist nicht nur ein Fressnapf, sondern auch ein Massageger\u00e4t! Er passt sich perfekt dem Kopf, dem Hals und dem Gesicht Ihrer Katze an und sorgt f\u00fcr Entspannung und Komfort.<\/p>\n<p><strong>5. Katzenminze und Gl\u00f6ckchen:<\/strong> F\u00fcgen Sie den gr\u00fcnen Kugeln auf beiden Seiten Katzenminze oder Gl\u00f6ckchen hinzu, um Ihren pelzigen Freund gesund, gl\u00fccklich und besch\u00e4ftigt zu halten.<\/p>\n<p><strong>6. sicher und langlebig:<\/strong> Dieses Spielzeug wird aus hochwertigen Materialien wie PP, ABS, PE, TPE und PA66 hergestellt und ist daher sehr langlebig. Au\u00dferdem verf\u00fcgt es \u00fcber eine rutschfeste Matte und erh\u00f6hte R\u00e4nder, damit kein Futter versch\u00fcttet wird.<\/p>\n<p>F\u00fcr weiteres Spielzeug f\u00fcr Haustiere, bitte <span style=\"color: #ff0000;\">hier klicken<\/span>\uff01<\/p>","protected":false},"excerpt":{"rendered":"<p>Wir sind ein Anbieter von Haustierspielzeug mit mehr als 20 Jahren Erfahrung. Wir bieten Anpassungsm\u00f6glichkeiten f\u00fcr Farbe, Gr\u00f6\u00dfe, Stoff, Muster, Logo und andere Merkmale.<\/p>\n<div id=\"gtx-trans\" style=\"position: absolute; left: 125px; top: -9.27841px;\">\n<div class=\"gtx-trans-icon\"><\/div>\n<\/div>","protected":false},"featured_media":9027,"template":"","meta":{"_acf_changed":false},"product_brand":[],"product_cat":[71,81,73,103],"product_tag":[86,89],"class_list":{"0":"post-9024","1":"product","2":"type-product","3":"status-publish","4":"has-post-thumbnail","6":"product_cat-cat-supplies","7":"product_cat-cat-toys","8":"product_cat-pet-electronics","9":"product_cat-toys","10":"product_tag-cat-toys","11":"product_tag-pet-electronics","13":"first","14":"instock","15":"shipping-taxable","16":"product-type-simple"},"acf":[],"yoast_head":"<!-- This site is optimized with the Yoast SEO plugin v27.1.1 - https:\/\/yoast.com\/product\/yoast-seo-wordpress\/ -->\n<title>Cat Treat Toys Multifunctional Pet IQ Feeder Toy &amp; Massager - Petstar<\/title>\n<meta name=\"description\" content=\"Explore Tianyuan Pet&#039;s cat treat toys - Mass Production, Customization, and Design Options Available.We are a leading global one-stop pet toy supplier.\" \/>\n<meta name=\"robots\" content=\"index, follow, max-snippet:-1, max-image-preview:large, max-video-preview:-1\" \/>\n<link rel=\"canonical\" href=\"https:\/\/petproducts.com.cn\/de\/produkt\/dog-treat-toys-multifunctional-pet-iq-feeder-toy-massager\/\" \/>\n<meta property=\"og:locale\" content=\"de_DE\" \/>\n<meta property=\"og:type\" content=\"article\" \/>\n<meta property=\"og:title\" content=\"Cat Treat Toys Multifunctional Pet IQ Feeder Toy &amp; Massager - Petstar\" \/>\n<meta property=\"og:description\" content=\"Explore Tianyuan Pet&#039;s cat treat toys - Mass Production, Customization, and Design Options Available.We are a leading global one-stop pet toy supplier.\" \/>\n<meta property=\"og:url\" content=\"https:\/\/petproducts.com.cn\/de\/produkt\/dog-treat-toys-multifunctional-pet-iq-feeder-toy-massager\/\" \/>\n<meta property=\"og:site_name\" content=\"Petstar\" \/>\n<meta property=\"article:modified_time\" content=\"2024-04-29T08:31:27+00:00\" \/>\n<meta property=\"og:image\" content=\"https:\/\/petproducts.com.cn\/wp-content\/uploads\/2023\/09\/dog-toy-feeder.webp\" \/>\n\t<meta property=\"og:image:width\" content=\"800\" \/>\n\t<meta property=\"og:image:height\" content=\"800\" \/>\n\t<meta property=\"og:image:type\" content=\"image\/webp\" \/>\n<meta name=\"twitter:card\" content=\"summary_large_image\" \/>\n<meta name=\"twitter:label1\" content=\"Gesch\u00e4tzte Lesezeit\" \/>\n\t<meta name=\"twitter:data1\" content=\"1\u00a0Minute\" \/>\n<script type=\"application\/ld+json\" class=\"yoast-schema-graph\">{\"@context\":\"https:\/\/schema.org\",\"@graph\":[{\"@type\":\"WebPage\",\"@id\":\"https:\/\/petproducts.com.cn\/product\/dog-treat-toys-multifunctional-pet-iq-feeder-toy-massager\/\",\"url\":\"https:\/\/petproducts.com.cn\/product\/dog-treat-toys-multifunctional-pet-iq-feeder-toy-massager\/\",\"name\":\"Cat Treat Toys Multifunctional Pet IQ Feeder Toy & Massager - Petstar\",\"isPartOf\":{\"@id\":\"https:\/\/petproducts.com.cn\/#website\"},\"primaryImageOfPage\":{\"@id\":\"https:\/\/petproducts.com.cn\/product\/dog-treat-toys-multifunctional-pet-iq-feeder-toy-massager\/#primaryimage\"},\"image\":{\"@id\":\"https:\/\/petproducts.com.cn\/product\/dog-treat-toys-multifunctional-pet-iq-feeder-toy-massager\/#primaryimage\"},\"thumbnailUrl\":\"https:\/\/petproducts.com.cn\/wp-content\/uploads\/2023\/09\/dog-toy-feeder.webp\",\"datePublished\":\"2023-09-12T06:08:19+00:00\",\"dateModified\":\"2024-04-29T08:31:27+00:00\",\"description\":\"Explore Tianyuan Pet's cat treat toys - Mass Production, Customization, and Design Options Available.We are a leading global one-stop pet toy supplier.\",\"breadcrumb\":{\"@id\":\"https:\/\/petproducts.com.cn\/product\/dog-treat-toys-multifunctional-pet-iq-feeder-toy-massager\/#breadcrumb\"},\"inLanguage\":\"de\",\"potentialAction\":[{\"@type\":\"ReadAction\",\"target\":[\"https:\/\/petproducts.com.cn\/product\/dog-treat-toys-multifunctional-pet-iq-feeder-toy-massager\/\"]}]},{\"@type\":\"ImageObject\",\"inLanguage\":\"de\",\"@id\":\"https:\/\/petproducts.com.cn\/product\/dog-treat-toys-multifunctional-pet-iq-feeder-toy-massager\/#primaryimage\",\"url\":\"https:\/\/petproducts.com.cn\/wp-content\/uploads\/2023\/09\/dog-toy-feeder.webp\",\"contentUrl\":\"https:\/\/petproducts.com.cn\/wp-content\/uploads\/2023\/09\/dog-toy-feeder.webp\",\"width\":800,\"height\":800,\"caption\":\"cat toy feeder\"},{\"@type\":\"BreadcrumbList\",\"@id\":\"https:\/\/petproducts.com.cn\/product\/dog-treat-toys-multifunctional-pet-iq-feeder-toy-massager\/#breadcrumb\",\"itemListElement\":[{\"@type\":\"ListItem\",\"position\":1,\"name\":\"HOME\",\"item\":\"https:\/\/petproducts.com.cn\/\"},{\"@type\":\"ListItem\",\"position\":2,\"name\":\"Products\",\"item\":\"https:\/\/petproducts.com.cn\/shop\/\"},{\"@type\":\"ListItem\",\"position\":3,\"name\":\"Pet Electronics\",\"item\":\"https:\/\/petproducts.com.cn\/product-category\/pet-electronics\/\"},{\"@type\":\"ListItem\",\"position\":4,\"name\":\"Cat Treat Toys Multifunctional Pet IQ Feeder Toy &#038; Massager\"}]},{\"@type\":\"WebSite\",\"@id\":\"https:\/\/petproducts.com.cn\/#website\",\"url\":\"https:\/\/petproducts.com.cn\/\",\"name\":\"Petstar\",\"description\":\"Leading Pet Supplies Manufacturer &amp; OEM Pet Products Supplier\",\"publisher\":{\"@id\":\"https:\/\/petproducts.com.cn\/#organization\"},\"alternateName\":\"Petstar Pet Supplies\",\"potentialAction\":[{\"@type\":\"SearchAction\",\"target\":{\"@type\":\"EntryPoint\",\"urlTemplate\":\"https:\/\/petproducts.com.cn\/?s={search_term_string}\"},\"query-input\":{\"@type\":\"PropertyValueSpecification\",\"valueRequired\":true,\"valueName\":\"search_term_string\"}}],\"inLanguage\":\"de\"},{\"@type\":\"Organization\",\"@id\":\"https:\/\/petproducts.com.cn\/#organization\",\"name\":\"Petstar\",\"url\":\"https:\/\/petproducts.com.cn\/\",\"logo\":{\"@type\":\"ImageObject\",\"inLanguage\":\"de\",\"@id\":\"https:\/\/petproducts.com.cn\/#\/schema\/logo\/image\/\",\"url\":\"https:\/\/petproducts.com.cn\/wp-content\/uploads\/2020\/02\/petstar-logo.webp\",\"contentUrl\":\"https:\/\/petproducts.com.cn\/wp-content\/uploads\/2020\/02\/petstar-logo.webp\",\"width\":779,\"height\":520,\"caption\":\"Petstar\"},\"image\":{\"@id\":\"https:\/\/petproducts.com.cn\/#\/schema\/logo\/image\/\"}}]}<\/script>\n<!-- \/ Yoast SEO plugin. -->","yoast_head_json":{"title":"Katzenspielzeug Multifunktionale Haustier IQ Feeder Spielzeug &amp; Massageger\u00e4t - Petstar","description":"Entdecken Sie Tianyuan Pet's Katzenspielzeug - Massenproduktion, kundenspezifische Anpassung und Design-Optionen verf\u00fcgbar Wir sind ein weltweit f\u00fchrender Anbieter von Haustierspielzeug aus einer Hand.","robots":{"index":"index","follow":"follow","max-snippet":"max-snippet:-1","max-image-preview":"max-image-preview:large","max-video-preview":"max-video-preview:-1"},"canonical":"https:\/\/petproducts.com.cn\/de\/produkt\/dog-treat-toys-multifunctional-pet-iq-feeder-toy-massager\/","og_locale":"de_DE","og_type":"article","og_title":"Cat Treat Toys Multifunctional Pet IQ Feeder Toy & Massager - Petstar","og_description":"Explore Tianyuan Pet's cat treat toys - Mass Production, Customization, and Design Options Available.We are a leading global one-stop pet toy supplier.","og_url":"https:\/\/petproducts.com.cn\/de\/produkt\/dog-treat-toys-multifunctional-pet-iq-feeder-toy-massager\/","og_site_name":"Petstar","article_modified_time":"2024-04-29T08:31:27+00:00","og_image":[{"width":800,"height":800,"url":"https:\/\/petproducts.com.cn\/wp-content\/uploads\/2023\/09\/dog-toy-feeder.webp","type":"image\/webp"}],"twitter_card":"summary_large_image","twitter_misc":{"Gesch\u00e4tzte Lesezeit":"1\u00a0Minute"},"schema":{"@context":"https:\/\/schema.org","@graph":[{"@type":"WebPage","@id":"https:\/\/petproducts.com.cn\/product\/dog-treat-toys-multifunctional-pet-iq-feeder-toy-massager\/","url":"https:\/\/petproducts.com.cn\/product\/dog-treat-toys-multifunctional-pet-iq-feeder-toy-massager\/","name":"Katzenspielzeug Multifunktionale Haustier IQ Feeder Spielzeug &amp; Massageger\u00e4t - Petstar","isPartOf":{"@id":"https:\/\/petproducts.com.cn\/#website"},"primaryImageOfPage":{"@id":"https:\/\/petproducts.com.cn\/product\/dog-treat-toys-multifunctional-pet-iq-feeder-toy-massager\/#primaryimage"},"image":{"@id":"https:\/\/petproducts.com.cn\/product\/dog-treat-toys-multifunctional-pet-iq-feeder-toy-massager\/#primaryimage"},"thumbnailUrl":"https:\/\/petproducts.com.cn\/wp-content\/uploads\/2023\/09\/dog-toy-feeder.webp","datePublished":"2023-09-12T06:08:19+00:00","dateModified":"2024-04-29T08:31:27+00:00","description":"Entdecken Sie Tianyuan Pet's Katzenspielzeug - Massenproduktion, kundenspezifische Anpassung und Design-Optionen verf\u00fcgbar Wir sind ein weltweit f\u00fchrender Anbieter von Haustierspielzeug aus einer Hand.","breadcrumb":{"@id":"https:\/\/petproducts.com.cn\/product\/dog-treat-toys-multifunctional-pet-iq-feeder-toy-massager\/#breadcrumb"},"inLanguage":"de","potentialAction":[{"@type":"ReadAction","target":["https:\/\/petproducts.com.cn\/product\/dog-treat-toys-multifunctional-pet-iq-feeder-toy-massager\/"]}]},{"@type":"ImageObject","inLanguage":"de","@id":"https:\/\/petproducts.com.cn\/product\/dog-treat-toys-multifunctional-pet-iq-feeder-toy-massager\/#primaryimage","url":"https:\/\/petproducts.com.cn\/wp-content\/uploads\/2023\/09\/dog-toy-feeder.webp","contentUrl":"https:\/\/petproducts.com.cn\/wp-content\/uploads\/2023\/09\/dog-toy-feeder.webp","width":800,"height":800,"caption":"cat toy feeder"},{"@type":"BreadcrumbList","@id":"https:\/\/petproducts.com.cn\/product\/dog-treat-toys-multifunctional-pet-iq-feeder-toy-massager\/#breadcrumb","itemListElement":[{"@type":"ListItem","position":1,"name":"HOME","item":"https:\/\/petproducts.com.cn\/"},{"@type":"ListItem","position":2,"name":"Products","item":"https:\/\/petproducts.com.cn\/shop\/"},{"@type":"ListItem","position":3,"name":"Pet Electronics","item":"https:\/\/petproducts.com.cn\/product-category\/pet-electronics\/"},{"@type":"ListItem","position":4,"name":"Cat Treat Toys Multifunctional Pet IQ Feeder Toy &#038; Massager"}]},{"@type":"WebSite","@id":"https:\/\/petproducts.com.cn\/#website","url":"https:\/\/petproducts.com.cn\/","name":"Petstar","description":"F\u00fchrender Hersteller von Heimtierbedarf und OEM-Lieferant von Heimtierprodukten","publisher":{"@id":"https:\/\/petproducts.com.cn\/#organization"},"alternateName":"Petstar Pet Supplies","potentialAction":[{"@type":"SearchAction","target":{"@type":"EntryPoint","urlTemplate":"https:\/\/petproducts.com.cn\/?s={search_term_string}"},"query-input":{"@type":"PropertyValueSpecification","valueRequired":true,"valueName":"search_term_string"}}],"inLanguage":"de"},{"@type":"Organization","@id":"https:\/\/petproducts.com.cn\/#organization","name":"Petstar","url":"https:\/\/petproducts.com.cn\/","logo":{"@type":"ImageObject","inLanguage":"de","@id":"https:\/\/petproducts.com.cn\/#\/schema\/logo\/image\/","url":"https:\/\/petproducts.com.cn\/wp-content\/uploads\/2020\/02\/petstar-logo.webp","contentUrl":"https:\/\/petproducts.com.cn\/wp-content\/uploads\/2020\/02\/petstar-logo.webp","width":779,"height":520,"caption":"Petstar"},"image":{"@id":"https:\/\/petproducts.com.cn\/#\/schema\/logo\/image\/"}}]}},"_links":{"self":[{"href":"https:\/\/petproducts.com.cn\/de\/wp-json\/wp\/v2\/product\/9024","targetHints":{"allow":["GET"]}}],"collection":[{"href":"https:\/\/petproducts.com.cn\/de\/wp-json\/wp\/v2\/product"}],"about":[{"href":"https:\/\/petproducts.com.cn\/de\/wp-json\/wp\/v2\/types\/product"}],"version-history":[{"count":2,"href":"https:\/\/petproducts.com.cn\/de\/wp-json\/wp\/v2\/product\/9024\/revisions"}],"predecessor-version":[{"id":9240,"href":"https:\/\/petproducts.com.cn\/de\/wp-json\/wp\/v2\/product\/9024\/revisions\/9240"}],"wp:featuredmedia":[{"embeddable":true,"href":"https:\/\/petproducts.com.cn\/de\/wp-json\/wp\/v2\/media\/9027"}],"wp:attachment":[{"href":"https:\/\/petproducts.com.cn\/de\/wp-json\/wp\/v2\/media?parent=9024"}],"wp:term":[{"taxonomy":"product_brand","embeddable":true,"href":"https:\/\/petproducts.com.cn\/de\/wp-json\/wp\/v2\/product_brand?post=9024"},{"taxonomy":"product_cat","embeddable":true,"href":"https:\/\/petproducts.com.cn\/de\/wp-json\/wp\/v2\/product_cat?post=9024"},{"taxonomy":"product_tag","embeddable":true,"href":"https:\/\/petproducts.com.cn\/de\/wp-json\/wp\/v2\/product_tag?post=9024"}],"curies":[{"name":"wp","href":"https:\/\/api.w.org\/{rel}","templated":true}]}}