{"id":9815,"date":"2023-09-14T08:51:16","date_gmt":"2023-09-14T08:51:16","guid":{"rendered":"https:\/\/petproducts.com.cn\/?post_type=product&#038;p=9815"},"modified":"2023-09-22T02:19:00","modified_gmt":"2023-09-22T02:19:00","slug":"dog-games-puzzle-toys-platypus-nosework-with-crinkle-paper","status":"publish","type":"product","link":"https:\/\/petproducts.com.cn\/de\/product\/dog-games-puzzle-toys-platypus-nosework-with-crinkle-paper\/","title":{"rendered":"Hundespiele, Puzzlespielzeug, Schnabeltier-Nasenarbeit mit Knisterpapier"},"content":{"rendered":"<h2>Wholesale Dog Games Puzzle Toys &#8211;<\/h2>\n<h2>Funny Nosework with Crinkle Paper for Endless Fun<\/h2>\n<div id=\"scrollRef\" class=\"h-full overflow-hidden overflow-y-auto\">\n<div id=\"image-wrapper\" class=\"w-full max-w-screen-xl m-auto dark:bg-[#101014] p-4\">\n<div class=\"flex w-full mb-6 overflow-hidden\">\n<div class=\"overflow-hidden text-sm items-start\">\n<div class=\"flex items-end gap-1 mt-2 flex-row\">\n<div class=\"text-black text-wrap min-w-[20px] rounded-md px-3 py-2 bg-[#f4f6f8] dark:bg-[#1e1e20]\">\n<div class=\"leading-relaxed break-words\">\n<div class=\"markdown-body\">\n<p>Searching for engaging and interactive dog games puzzle toys to keep dogs entertained? Petstar offers wholesale Dog Puzzle Toys, featuring a funny nosework design with crinkle paper that adds excitement and mental stimulation to playtime. With our Wholesale Customization Services, you can create personalized designs that showcase your brand and cater to the preferences of your customers.<\/p>\n<div id='gallery-1' class='gallery galleryid-9815 gallery-columns-3 gallery-size-medium'><figure class='gallery-item'>\n\t\t\t<div class='gallery-icon landscape'>\n\t\t\t\t<a href='https:\/\/petproducts.com.cn\/de\/?attachment_id=9831'><img fetchpriority=\"high\" decoding=\"async\" width=\"300\" height=\"300\" src=\"https:\/\/petproducts.com.cn\/wp-content\/uploads\/2023\/09\/YT220391-300x300.webp\" class=\"attachment-medium size-medium\" alt=\"koala dog toy\" aria-describedby=\"gallery-1-9831\" srcset=\"https:\/\/petproducts.com.cn\/wp-content\/uploads\/2023\/09\/YT220391-300x300.webp 300w, https:\/\/petproducts.com.cn\/wp-content\/uploads\/2023\/09\/YT220391-150x150.webp 150w, https:\/\/petproducts.com.cn\/wp-content\/uploads\/2023\/09\/YT220391-768x768.webp 768w, https:\/\/petproducts.com.cn\/wp-content\/uploads\/2023\/09\/YT220391-600x600.webp 600w, https:\/\/petproducts.com.cn\/wp-content\/uploads\/2023\/09\/YT220391-100x100.webp 100w, https:\/\/petproducts.com.cn\/wp-content\/uploads\/2023\/09\/YT220391.webp 800w\" sizes=\"(max-width: 300px) 100vw, 300px\" \/><\/a>\n\t\t\t<\/div>\n\t\t\t\t<figcaption class='wp-caption-text gallery-caption' id='gallery-1-9831'>\n\t\t\t\tkoala dog toy\n\t\t\t\t<\/figcaption><\/figure><figure class='gallery-item'>\n\t\t\t<div class='gallery-icon landscape'>\n\t\t\t\t<a href='https:\/\/petproducts.com.cn\/de\/?attachment_id=9830'><img decoding=\"async\" width=\"300\" height=\"300\" src=\"https:\/\/petproducts.com.cn\/wp-content\/uploads\/2023\/09\/YT220390-300x300.webp\" class=\"attachment-medium size-medium\" alt=\"kangaroo dog toy\" aria-describedby=\"gallery-1-9830\" srcset=\"https:\/\/petproducts.com.cn\/wp-content\/uploads\/2023\/09\/YT220390-300x300.webp 300w, https:\/\/petproducts.com.cn\/wp-content\/uploads\/2023\/09\/YT220390-150x150.webp 150w, https:\/\/petproducts.com.cn\/wp-content\/uploads\/2023\/09\/YT220390-768x768.webp 768w, https:\/\/petproducts.com.cn\/wp-content\/uploads\/2023\/09\/YT220390-600x600.webp 600w, https:\/\/petproducts.com.cn\/wp-content\/uploads\/2023\/09\/YT220390-100x100.webp 100w, https:\/\/petproducts.com.cn\/wp-content\/uploads\/2023\/09\/YT220390.webp 800w\" sizes=\"(max-width: 300px) 100vw, 300px\" \/><\/a>\n\t\t\t<\/div>\n\t\t\t\t<figcaption class='wp-caption-text gallery-caption' id='gallery-1-9830'>\n\t\t\t\tkangaroo dog toy\n\t\t\t\t<\/figcaption><\/figure><figure class='gallery-item'>\n\t\t\t<div class='gallery-icon landscape'>\n\t\t\t\t<a href='https:\/\/petproducts.com.cn\/de\/?attachment_id=9832'><img decoding=\"async\" width=\"300\" height=\"300\" src=\"https:\/\/petproducts.com.cn\/wp-content\/uploads\/2023\/09\/YT220391-2-300x300.webp\" class=\"attachment-medium size-medium\" alt=\"dog toy koala\" aria-describedby=\"gallery-1-9832\" srcset=\"https:\/\/petproducts.com.cn\/wp-content\/uploads\/2023\/09\/YT220391-2-300x300.webp 300w, https:\/\/petproducts.com.cn\/wp-content\/uploads\/2023\/09\/YT220391-2-150x150.webp 150w, https:\/\/petproducts.com.cn\/wp-content\/uploads\/2023\/09\/YT220391-2-768x768.webp 768w, https:\/\/petproducts.com.cn\/wp-content\/uploads\/2023\/09\/YT220391-2-600x600.webp 600w, https:\/\/petproducts.com.cn\/wp-content\/uploads\/2023\/09\/YT220391-2-100x100.webp 100w, https:\/\/petproducts.com.cn\/wp-content\/uploads\/2023\/09\/YT220391-2.webp 1000w\" sizes=\"(max-width: 300px) 100vw, 300px\" \/><\/a>\n\t\t\t<\/div>\n\t\t\t\t<figcaption class='wp-caption-text gallery-caption' id='gallery-1-9832'>\n\t\t\t\tdog toy koala\n\t\t\t\t<\/figcaption><\/figure>\n\t\t<\/div>\n\n<\/div>\n<\/div>\n<\/div>\n<\/div>\n<\/div>\n<\/div>\n<\/div>\n<\/div>\n<h3>Our advantage\uff1a<\/h3>\n<p>1.Funny Nosework Design:<\/p>\n<p>&nbsp;<\/p>\n<div id=\"scrollRef\" class=\"h-full overflow-hidden overflow-y-auto\">\n<div id=\"image-wrapper\" class=\"w-full max-w-screen-xl m-auto dark:bg-[#101014] p-4\">\n<div class=\"flex w-full mb-6 overflow-hidden\">\n<div class=\"overflow-hidden text-sm items-start\">\n<div class=\"flex items-end gap-1 mt-2 flex-row\">\n<div class=\"text-black text-wrap min-w-[20px] rounded-md px-3 py-2 bg-[#f4f6f8] dark:bg-[#1e1e20]\">\n<div class=\"leading-relaxed break-words\">\n<div class=\"markdown-body\">\n<p>Our Dog Puzzle Toys boast a one-of-a-kind nosework design that captivates dogs&#8217; natural instincts and enhances their problem-solving abilities. Witness the excitement as your furry companions engage in the challenge of uncovering hidden treats or toys within the puzzle toy, delivering both mental stimulation and endless entertainment. These toys are specifically crafted to keep your dogs engaged, happy, and sharp. Elevate their playtime experience and nurture their cognitive skills with our innovative Dog Puzzle Toys.<\/p>\n<\/div>\n<\/div>\n<\/div>\n<\/div>\n<\/div>\n<\/div>\n<\/div>\n<\/div>\n<p>2.Crinkle Paper Feature: Add an extra element of fun to playtime with the inclusion of crinkle paper in our puzzle toys. The crinkling sound and texture provide auditory and tactile stimulation, making the play experience even more enjoyable for dogs.<\/p>\n<p>3.Wholesale Customization Services: Stand out in the market with our Wholesale Customization Services. Collaborate with us to create Dog\u00a0 Puzzle Toys with personalized designs, incorporating your logo, specific colors, or unique patterns. Create a custom product line that reflects your brand&#8217;s vision and appeals to your target audience.<\/p>\n<p>4.Unique Appearance: Our Dog Puzzle Toys feature an adorable platypus-shaped design that adds a touch of whimsy to playtime. This unique appearance not only captures the attention of dogs but also makes the toys visually appealing to pet owners.<\/p>\n<p>Choose Petstar as your trusted partner for wholesale Dog Games Puzzle Toys. Our funny nosework design, combined with the inclusion of crinkle paper and a non-slip bottom, ensures endless fun and engagement for dogs. Contact us today to discuss wholesale opportunities and create personalized products through our Wholesale Customization Services.<\/p>\n<p>&nbsp;<\/p>\n","protected":false},"excerpt":{"rendered":"<p>Wir sind ein Hersteller von Hundespielen und Puzzle-Spielzeug mit mehr als 20 Jahren Erfahrung. Wir bieten Anpassungsm\u00f6glichkeiten f\u00fcr Farbe, Gr\u00f6\u00dfe, Stoff, Muster, Logo und andere Merkmale.<\/p>","protected":false},"featured_media":9825,"template":"","meta":{"_acf_changed":false},"product_brand":[],"product_cat":[72,48],"product_tag":[85],"class_list":{"0":"post-9815","1":"product","2":"type-product","3":"status-publish","4":"has-post-thumbnail","6":"product_cat-dog-supplies","7":"product_cat-dog-toys","8":"product_tag-dog-toys","10":"first","11":"instock","12":"shipping-taxable","13":"product-type-simple"},"acf":[],"yoast_head":"<!-- This site is optimized with the Yoast SEO plugin v27.1.1 - https:\/\/yoast.com\/product\/yoast-seo-wordpress\/ -->\n<title>Dog Games Puzzle Toys Platypus Nosework With Crinkle Paper - Petstar<\/title>\n<meta name=\"description\" content=\"dog games puzzle toys,we have over 20 years of manufacturing experience in the pet products,more than 8,000 pet accessories in various rang\" \/>\n<meta name=\"robots\" content=\"index, follow, max-snippet:-1, max-image-preview:large, max-video-preview:-1\" \/>\n<link rel=\"canonical\" href=\"https:\/\/petproducts.com.cn\/de\/produkt\/dog-games-puzzle-toys-platypus-nosework-with-crinkle-paper\/\" \/>\n<meta property=\"og:locale\" content=\"de_DE\" \/>\n<meta property=\"og:type\" content=\"article\" \/>\n<meta property=\"og:title\" content=\"Dog Games Puzzle Toys Platypus Nosework With Crinkle Paper - Petstar\" \/>\n<meta property=\"og:description\" content=\"dog games puzzle toys,we have over 20 years of manufacturing experience in the pet products,more than 8,000 pet accessories in various rang\" \/>\n<meta property=\"og:url\" content=\"https:\/\/petproducts.com.cn\/de\/produkt\/dog-games-puzzle-toys-platypus-nosework-with-crinkle-paper\/\" \/>\n<meta property=\"og:site_name\" content=\"Petstar\" \/>\n<meta property=\"article:modified_time\" content=\"2023-09-22T02:19:00+00:00\" \/>\n<meta property=\"og:image\" content=\"https:\/\/petproducts.com.cn\/wp-content\/uploads\/2023\/09\/YT220389.webp\" \/>\n\t<meta property=\"og:image:width\" content=\"800\" \/>\n\t<meta property=\"og:image:height\" content=\"800\" \/>\n\t<meta property=\"og:image:type\" content=\"image\/webp\" \/>\n<meta name=\"twitter:card\" content=\"summary_large_image\" \/>\n<meta name=\"twitter:label1\" content=\"Gesch\u00e4tzte Lesezeit\" \/>\n\t<meta name=\"twitter:data1\" content=\"2\u00a0Minuten\" \/>\n<script type=\"application\/ld+json\" class=\"yoast-schema-graph\">{\"@context\":\"https:\/\/schema.org\",\"@graph\":[{\"@type\":\"WebPage\",\"@id\":\"https:\/\/petproducts.com.cn\/product\/dog-games-puzzle-toys-platypus-nosework-with-crinkle-paper\/\",\"url\":\"https:\/\/petproducts.com.cn\/product\/dog-games-puzzle-toys-platypus-nosework-with-crinkle-paper\/\",\"name\":\"Dog Games Puzzle Toys Platypus Nosework With Crinkle Paper - Petstar\",\"isPartOf\":{\"@id\":\"https:\/\/petproducts.com.cn\/#website\"},\"primaryImageOfPage\":{\"@id\":\"https:\/\/petproducts.com.cn\/product\/dog-games-puzzle-toys-platypus-nosework-with-crinkle-paper\/#primaryimage\"},\"image\":{\"@id\":\"https:\/\/petproducts.com.cn\/product\/dog-games-puzzle-toys-platypus-nosework-with-crinkle-paper\/#primaryimage\"},\"thumbnailUrl\":\"https:\/\/petproducts.com.cn\/wp-content\/uploads\/2023\/09\/YT220389.webp\",\"datePublished\":\"2023-09-14T08:51:16+00:00\",\"dateModified\":\"2023-09-22T02:19:00+00:00\",\"description\":\"dog games puzzle toys,we have over 20 years of manufacturing experience in the pet products,more than 8,000 pet accessories in various rang\",\"breadcrumb\":{\"@id\":\"https:\/\/petproducts.com.cn\/product\/dog-games-puzzle-toys-platypus-nosework-with-crinkle-paper\/#breadcrumb\"},\"inLanguage\":\"de\",\"potentialAction\":[{\"@type\":\"ReadAction\",\"target\":[\"https:\/\/petproducts.com.cn\/product\/dog-games-puzzle-toys-platypus-nosework-with-crinkle-paper\/\"]}]},{\"@type\":\"ImageObject\",\"inLanguage\":\"de\",\"@id\":\"https:\/\/petproducts.com.cn\/product\/dog-games-puzzle-toys-platypus-nosework-with-crinkle-paper\/#primaryimage\",\"url\":\"https:\/\/petproducts.com.cn\/wp-content\/uploads\/2023\/09\/YT220389.webp\",\"contentUrl\":\"https:\/\/petproducts.com.cn\/wp-content\/uploads\/2023\/09\/YT220389.webp\",\"width\":800,\"height\":800,\"caption\":\"dog games puzzle toys\"},{\"@type\":\"BreadcrumbList\",\"@id\":\"https:\/\/petproducts.com.cn\/product\/dog-games-puzzle-toys-platypus-nosework-with-crinkle-paper\/#breadcrumb\",\"itemListElement\":[{\"@type\":\"ListItem\",\"position\":1,\"name\":\"HOME\",\"item\":\"https:\/\/petproducts.com.cn\/\"},{\"@type\":\"ListItem\",\"position\":2,\"name\":\"Products\",\"item\":\"https:\/\/petproducts.com.cn\/shop\/\"},{\"@type\":\"ListItem\",\"position\":3,\"name\":\"Dog Toys\",\"item\":\"https:\/\/petproducts.com.cn\/product-category\/dog-toys\/\"},{\"@type\":\"ListItem\",\"position\":4,\"name\":\"Dog Games Puzzle Toys Platypus Nosework With Crinkle Paper\"}]},{\"@type\":\"WebSite\",\"@id\":\"https:\/\/petproducts.com.cn\/#website\",\"url\":\"https:\/\/petproducts.com.cn\/\",\"name\":\"Petstar\",\"description\":\"Leading Pet Supplies Manufacturer &amp; OEM Pet Products Supplier\",\"publisher\":{\"@id\":\"https:\/\/petproducts.com.cn\/#organization\"},\"alternateName\":\"Petstar Pet Supplies\",\"potentialAction\":[{\"@type\":\"SearchAction\",\"target\":{\"@type\":\"EntryPoint\",\"urlTemplate\":\"https:\/\/petproducts.com.cn\/?s={search_term_string}\"},\"query-input\":{\"@type\":\"PropertyValueSpecification\",\"valueRequired\":true,\"valueName\":\"search_term_string\"}}],\"inLanguage\":\"de\"},{\"@type\":\"Organization\",\"@id\":\"https:\/\/petproducts.com.cn\/#organization\",\"name\":\"Petstar\",\"url\":\"https:\/\/petproducts.com.cn\/\",\"logo\":{\"@type\":\"ImageObject\",\"inLanguage\":\"de\",\"@id\":\"https:\/\/petproducts.com.cn\/#\/schema\/logo\/image\/\",\"url\":\"https:\/\/petproducts.com.cn\/wp-content\/uploads\/2020\/02\/petstar-logo.webp\",\"contentUrl\":\"https:\/\/petproducts.com.cn\/wp-content\/uploads\/2020\/02\/petstar-logo.webp\",\"width\":779,\"height\":520,\"caption\":\"Petstar\"},\"image\":{\"@id\":\"https:\/\/petproducts.com.cn\/#\/schema\/logo\/image\/\"}}]}<\/script>\n<!-- \/ Yoast SEO plugin. -->","yoast_head_json":{"title":"Hundespiele Puzzle Spielzeug Schnabeltier Nasenarbeit mit Knitterpapier - Petstar","description":"Hundespiele Puzzle-Spielzeug, wir haben \u00fcber 20 Jahre Erfahrung in der Herstellung von Haustierprodukten, mehr als 8.000 Haustier-Zubeh\u00f6r in verschiedenen R\u00e4ngen","robots":{"index":"index","follow":"follow","max-snippet":"max-snippet:-1","max-image-preview":"max-image-preview:large","max-video-preview":"max-video-preview:-1"},"canonical":"https:\/\/petproducts.com.cn\/de\/produkt\/dog-games-puzzle-toys-platypus-nosework-with-crinkle-paper\/","og_locale":"de_DE","og_type":"article","og_title":"Dog Games Puzzle Toys Platypus Nosework With Crinkle Paper - Petstar","og_description":"dog games puzzle toys,we have over 20 years of manufacturing experience in the pet products,more than 8,000 pet accessories in various rang","og_url":"https:\/\/petproducts.com.cn\/de\/produkt\/dog-games-puzzle-toys-platypus-nosework-with-crinkle-paper\/","og_site_name":"Petstar","article_modified_time":"2023-09-22T02:19:00+00:00","og_image":[{"width":800,"height":800,"url":"https:\/\/petproducts.com.cn\/wp-content\/uploads\/2023\/09\/YT220389.webp","type":"image\/webp"}],"twitter_card":"summary_large_image","twitter_misc":{"Gesch\u00e4tzte Lesezeit":"2\u00a0Minuten"},"schema":{"@context":"https:\/\/schema.org","@graph":[{"@type":"WebPage","@id":"https:\/\/petproducts.com.cn\/product\/dog-games-puzzle-toys-platypus-nosework-with-crinkle-paper\/","url":"https:\/\/petproducts.com.cn\/product\/dog-games-puzzle-toys-platypus-nosework-with-crinkle-paper\/","name":"Hundespiele Puzzle Spielzeug Schnabeltier Nasenarbeit mit Knitterpapier - Petstar","isPartOf":{"@id":"https:\/\/petproducts.com.cn\/#website"},"primaryImageOfPage":{"@id":"https:\/\/petproducts.com.cn\/product\/dog-games-puzzle-toys-platypus-nosework-with-crinkle-paper\/#primaryimage"},"image":{"@id":"https:\/\/petproducts.com.cn\/product\/dog-games-puzzle-toys-platypus-nosework-with-crinkle-paper\/#primaryimage"},"thumbnailUrl":"https:\/\/petproducts.com.cn\/wp-content\/uploads\/2023\/09\/YT220389.webp","datePublished":"2023-09-14T08:51:16+00:00","dateModified":"2023-09-22T02:19:00+00:00","description":"Hundespiele Puzzle-Spielzeug, wir haben \u00fcber 20 Jahre Erfahrung in der Herstellung von Haustierprodukten, mehr als 8.000 Haustier-Zubeh\u00f6r in verschiedenen R\u00e4ngen","breadcrumb":{"@id":"https:\/\/petproducts.com.cn\/product\/dog-games-puzzle-toys-platypus-nosework-with-crinkle-paper\/#breadcrumb"},"inLanguage":"de","potentialAction":[{"@type":"ReadAction","target":["https:\/\/petproducts.com.cn\/product\/dog-games-puzzle-toys-platypus-nosework-with-crinkle-paper\/"]}]},{"@type":"ImageObject","inLanguage":"de","@id":"https:\/\/petproducts.com.cn\/product\/dog-games-puzzle-toys-platypus-nosework-with-crinkle-paper\/#primaryimage","url":"https:\/\/petproducts.com.cn\/wp-content\/uploads\/2023\/09\/YT220389.webp","contentUrl":"https:\/\/petproducts.com.cn\/wp-content\/uploads\/2023\/09\/YT220389.webp","width":800,"height":800,"caption":"dog games puzzle toys"},{"@type":"BreadcrumbList","@id":"https:\/\/petproducts.com.cn\/product\/dog-games-puzzle-toys-platypus-nosework-with-crinkle-paper\/#breadcrumb","itemListElement":[{"@type":"ListItem","position":1,"name":"HOME","item":"https:\/\/petproducts.com.cn\/"},{"@type":"ListItem","position":2,"name":"Products","item":"https:\/\/petproducts.com.cn\/shop\/"},{"@type":"ListItem","position":3,"name":"Dog Toys","item":"https:\/\/petproducts.com.cn\/product-category\/dog-toys\/"},{"@type":"ListItem","position":4,"name":"Dog Games Puzzle Toys Platypus Nosework With Crinkle Paper"}]},{"@type":"WebSite","@id":"https:\/\/petproducts.com.cn\/#website","url":"https:\/\/petproducts.com.cn\/","name":"Petstar","description":"F\u00fchrender Hersteller von Heimtierbedarf und OEM-Lieferant von Heimtierprodukten","publisher":{"@id":"https:\/\/petproducts.com.cn\/#organization"},"alternateName":"Petstar Pet Supplies","potentialAction":[{"@type":"SearchAction","target":{"@type":"EntryPoint","urlTemplate":"https:\/\/petproducts.com.cn\/?s={search_term_string}"},"query-input":{"@type":"PropertyValueSpecification","valueRequired":true,"valueName":"search_term_string"}}],"inLanguage":"de"},{"@type":"Organization","@id":"https:\/\/petproducts.com.cn\/#organization","name":"Petstar","url":"https:\/\/petproducts.com.cn\/","logo":{"@type":"ImageObject","inLanguage":"de","@id":"https:\/\/petproducts.com.cn\/#\/schema\/logo\/image\/","url":"https:\/\/petproducts.com.cn\/wp-content\/uploads\/2020\/02\/petstar-logo.webp","contentUrl":"https:\/\/petproducts.com.cn\/wp-content\/uploads\/2020\/02\/petstar-logo.webp","width":779,"height":520,"caption":"Petstar"},"image":{"@id":"https:\/\/petproducts.com.cn\/#\/schema\/logo\/image\/"}}]}},"_links":{"self":[{"href":"https:\/\/petproducts.com.cn\/de\/wp-json\/wp\/v2\/product\/9815","targetHints":{"allow":["GET"]}}],"collection":[{"href":"https:\/\/petproducts.com.cn\/de\/wp-json\/wp\/v2\/product"}],"about":[{"href":"https:\/\/petproducts.com.cn\/de\/wp-json\/wp\/v2\/types\/product"}],"version-history":[{"count":2,"href":"https:\/\/petproducts.com.cn\/de\/wp-json\/wp\/v2\/product\/9815\/revisions"}],"predecessor-version":[{"id":11740,"href":"https:\/\/petproducts.com.cn\/de\/wp-json\/wp\/v2\/product\/9815\/revisions\/11740"}],"wp:featuredmedia":[{"embeddable":true,"href":"https:\/\/petproducts.com.cn\/de\/wp-json\/wp\/v2\/media\/9825"}],"wp:attachment":[{"href":"https:\/\/petproducts.com.cn\/de\/wp-json\/wp\/v2\/media?parent=9815"}],"wp:term":[{"taxonomy":"product_brand","embeddable":true,"href":"https:\/\/petproducts.com.cn\/de\/wp-json\/wp\/v2\/product_brand?post=9815"},{"taxonomy":"product_cat","embeddable":true,"href":"https:\/\/petproducts.com.cn\/de\/wp-json\/wp\/v2\/product_cat?post=9815"},{"taxonomy":"product_tag","embeddable":true,"href":"https:\/\/petproducts.com.cn\/de\/wp-json\/wp\/v2\/product_tag?post=9815"}],"curies":[{"name":"wp","href":"https:\/\/api.w.org\/{rel}","templated":true}]}}