{"id":10846,"date":"2023-09-19T06:09:09","date_gmt":"2023-09-19T06:09:09","guid":{"rendered":"https:\/\/petproducts.com.cn\/?post_type=product&#038;p=10846"},"modified":"2024-10-31T08:43:16","modified_gmt":"2024-10-31T08:43:16","slug":"cute-dog-hoodie-manufacturer-custom-striped-dog-clothes","status":"publish","type":"product","link":"https:\/\/petproducts.com.cn\/es\/product\/cute-dog-hoodie-manufacturer-custom-striped-dog-clothes\/","title":{"rendered":"Fabricante de sudaderas con capucha para perros Ropa a rayas personalizada para perros"},"content":{"rendered":"<h2><strong>Features Of Cute Dog Hoodie<\/strong><\/h2>\n<div class=\"flex-1 overflow-hidden\">\n<div class=\"react-scroll-to-bottom--css-hriva-79elbk h-full dark:bg-gray-800\">\n<div class=\"react-scroll-to-bottom--css-hriva-1n7m0yu\">\n<div class=\"flex flex-col text-sm dark:bg-gray-800\">\n<div class=\"group w-full text-token-text-primary border-b border-black\/10 dark:border-gray-900\/50 bg-gray-50 dark:bg-[#444654]\" data-testid=\"conversation-turn-137\">\n<div class=\"p-4 justify-center text-base md:gap-6 md:py-6 m-auto\">\n<div class=\"flex flex-1 gap-4 text-base mx-auto md:gap-6 md:max-w-2xl lg:max-w-[38rem] xl:max-w-3xl }\">\n<div class=\"relative flex w-[calc(100%-50px)] flex-col gap-1 md:gap-3 lg:w-[calc(100%-115px)]\">\n<div class=\"flex flex-grow flex-col gap-3 max-w-full\">\n<div class=\"min-h-[20px] flex flex-col items-start gap-3 overflow-x-auto whitespace-pre-wrap break-words\">\n<div class=\"markdown prose w-full break-words dark:prose-invert light\">\n<div class=\"flex-1 overflow-hidden\">\n<div class=\"react-scroll-to-bottom--css-hriva-79elbk h-full dark:bg-gray-800\">\n<div class=\"react-scroll-to-bottom--css-hriva-1n7m0yu\">\n<div class=\"flex flex-col text-sm dark:bg-gray-800\">\n<div class=\"group w-full text-token-text-primary border-b border-black\/10 dark:border-gray-900\/50 bg-gray-50 dark:bg-[#444654]\" data-testid=\"conversation-turn-141\">\n<div class=\"p-4 justify-center text-base md:gap-6 md:py-6 m-auto\">\n<div class=\"flex flex-1 gap-4 text-base mx-auto md:gap-6 md:max-w-2xl lg:max-w-[38rem] xl:max-w-3xl }\">\n<div class=\"relative flex w-[calc(100%-50px)] flex-col gap-1 md:gap-3 lg:w-[calc(100%-115px)]\">\n<div class=\"flex flex-grow flex-col gap-3 max-w-full\">\n<div class=\"min-h-[20px] flex flex-col items-start gap-3 overflow-x-auto whitespace-pre-wrap break-words\">\n<div class=\"markdown prose w-full break-words dark:prose-invert light\">\n<div class=\"flex-1 overflow-hidden\">\n<div class=\"react-scroll-to-bottom--css-hriva-79elbk h-full dark:bg-gray-800\">\n<div class=\"react-scroll-to-bottom--css-hriva-1n7m0yu\">\n<div class=\"flex flex-col text-sm dark:bg-gray-800\">\n<div class=\"group w-full text-token-text-primary border-b border-black\/10 dark:border-gray-900\/50 bg-gray-50 dark:bg-[#444654]\" data-testid=\"conversation-turn-143\">\n<div class=\"p-4 justify-center text-base md:gap-6 md:py-6 m-auto\">\n<div class=\"flex flex-1 gap-4 text-base mx-auto md:gap-6 md:max-w-2xl lg:max-w-[38rem] xl:max-w-3xl }\">\n<div class=\"relative flex w-[calc(100%-50px)] flex-col gap-1 md:gap-3 lg:w-[calc(100%-115px)]\">\n<div class=\"flex flex-grow flex-col gap-3 max-w-full\">\n<div class=\"min-h-[20px] flex flex-col items-start gap-3 overflow-x-auto whitespace-pre-wrap break-words\">\n<div class=\"markdown prose w-full break-words dark:prose-invert light\">\n<ol>\n<li><strong>Upgrade Your Pet&#8217;s Fashion Game:<\/strong> Give your furry friend a style boost with our cute dog hoodie. This chic canine hoodie boasts charming stripes, a cleverly designed harness\/leash hole for hassle-free walks, and an endearing backpack pocket.<\/li>\n<li><strong>Striped Style:<\/strong> Our small dog hoodie flaunts playful stripes, infusing your pet&#8217;s wardrobe with trendy charm.<\/li>\n<li><strong>Convenient Leash Opening:<\/strong> Thanks to the strategically placed harness\/leash hole, you can take your dog for a walk without removing the hoodie.<\/li>\n<li><strong>Charming Backpack Pocket:<\/strong> Enhance your pet&#8217;s cuteness factor with the added pocket on the hoodie&#8217;s back, offering functionality for carrying small items.<\/li>\n<li><strong>Color Variety:<\/strong> Take your pick from vibrant orange and fresh green, matching your pet&#8217;s personality or your style preferences.<\/li>\n<li><strong>Seasonal Versatility:<\/strong> Crafted from lightweight materials, this custom dog hoodie suits both summer and fall, ensuring your pet remains comfortable without overheating.<\/li>\n<\/ol>\n<p>Elevate your pet&#8217;s fashion game with our stylish dog hoodie. Whether you&#8217;re a wholesaler, retailer, or e-commerce business, this trendy hoodie is a must-have for fashion-forward pets. Reach out today to explore wholesale opportunities and offer these fashionable hoodies to your customers.<\/p>\n<p>Partner with us to provide safety, style, and comfort to your customers&#8217; cherished pets. Discover partnership opportunities and gain access to our wholesale catalog now.<\/p>\n<\/div>\n<\/div>\n<\/div>\n<\/div>\n<\/div>\n<\/div>\n<\/div>\n<\/div>\n<\/div>\n<\/div>\n<\/div>\n<\/div>\n<\/div>\n<\/div>\n<\/div>\n<\/div>\n<\/div>\n<\/div>\n<\/div>\n<\/div>\n<\/div>\n<\/div>\n<\/div>\n<\/div>\n<\/div>\n<\/div>\n<\/div>\n<\/div>\n<\/div>\n<\/div>\n<\/div>\n<\/div>\n<\/div>\n","protected":false},"excerpt":{"rendered":"<p>Somos fabricantes de sudaderas con capucha para perros con m\u00e1s de 20 a\u00f1os de experiencia. Ofrecemos opciones de personalizaci\u00f3n para el color, tama\u00f1o, tela, patr\u00f3n, logotipo, y otras caracter\u00edsticas.<\/p>","protected":false},"featured_media":10856,"template":"","meta":{"_acf_changed":false},"product_brand":[],"product_cat":[49,72],"product_tag":[217,259,218],"class_list":{"0":"post-10846","1":"product","2":"type-product","3":"status-publish","4":"has-post-thumbnail","6":"product_cat-dog-apparel-accessories","7":"product_cat-dog-supplies","8":"product_tag-pet-clothes","9":"product_tag-pet-hoodies","10":"product_tag-pet-vests-t-shirts","12":"first","13":"instock","14":"shipping-taxable","15":"product-type-simple"},"acf":[],"yoast_head":"<!-- This site is optimized with the Yoast SEO plugin v27.1.1 - https:\/\/yoast.com\/product\/yoast-seo-wordpress\/ -->\n<title>Cute Dog Hoodie Manufacturer Custom Striped Dog Clothes - Petstar<\/title>\n<meta name=\"description\" content=\"Explore Petstar Cute Dog Hoodie - Mass Production, Customization, and Design Options Available.We are a leading global one-stop dog clothes supplier.\" \/>\n<meta name=\"robots\" content=\"index, follow, max-snippet:-1, max-image-preview:large, max-video-preview:-1\" \/>\n<link rel=\"canonical\" href=\"https:\/\/petproducts.com.cn\/es\/producto\/cute-dog-hoodie-manufacturer-custom-striped-dog-clothes\/\" \/>\n<meta property=\"og:locale\" content=\"es_ES\" \/>\n<meta property=\"og:type\" content=\"article\" \/>\n<meta property=\"og:title\" content=\"Cute Dog Hoodie Manufacturer Custom Striped Dog Clothes - Petstar\" \/>\n<meta property=\"og:description\" content=\"Explore Petstar Cute Dog Hoodie - Mass Production, Customization, and Design Options Available.We are a leading global one-stop dog clothes supplier.\" \/>\n<meta property=\"og:url\" content=\"https:\/\/petproducts.com.cn\/es\/producto\/cute-dog-hoodie-manufacturer-custom-striped-dog-clothes\/\" \/>\n<meta property=\"og:site_name\" content=\"Petstar\" \/>\n<meta property=\"article:modified_time\" content=\"2024-10-31T08:43:16+00:00\" \/>\n<meta property=\"og:image\" content=\"https:\/\/petproducts.com.cn\/wp-content\/uploads\/2023\/09\/DSC4385\u526f\u672c_webp.webp\" \/>\n\t<meta property=\"og:image:width\" content=\"1000\" \/>\n\t<meta property=\"og:image:height\" content=\"1000\" \/>\n\t<meta property=\"og:image:type\" content=\"image\/webp\" \/>\n<meta name=\"twitter:card\" content=\"summary_large_image\" \/>\n<meta name=\"twitter:label1\" content=\"Tiempo de lectura\" \/>\n\t<meta name=\"twitter:data1\" content=\"1 minuto\" \/>\n<script type=\"application\/ld+json\" class=\"yoast-schema-graph\">{\"@context\":\"https:\/\/schema.org\",\"@graph\":[{\"@type\":\"WebPage\",\"@id\":\"https:\/\/petproducts.com.cn\/product\/cute-dog-hoodie-manufacturer-custom-striped-dog-clothes\/\",\"url\":\"https:\/\/petproducts.com.cn\/product\/cute-dog-hoodie-manufacturer-custom-striped-dog-clothes\/\",\"name\":\"Cute Dog Hoodie Manufacturer Custom Striped Dog Clothes - Petstar\",\"isPartOf\":{\"@id\":\"https:\/\/petproducts.com.cn\/#website\"},\"primaryImageOfPage\":{\"@id\":\"https:\/\/petproducts.com.cn\/product\/cute-dog-hoodie-manufacturer-custom-striped-dog-clothes\/#primaryimage\"},\"image\":{\"@id\":\"https:\/\/petproducts.com.cn\/product\/cute-dog-hoodie-manufacturer-custom-striped-dog-clothes\/#primaryimage\"},\"thumbnailUrl\":\"https:\/\/petproducts.com.cn\/wp-content\/uploads\/2023\/09\/DSC4385\u526f\u672c_webp.webp\",\"datePublished\":\"2023-09-19T06:09:09+00:00\",\"dateModified\":\"2024-10-31T08:43:16+00:00\",\"description\":\"Explore Petstar Cute Dog Hoodie - Mass Production, Customization, and Design Options Available.We are a leading global one-stop dog clothes supplier.\",\"breadcrumb\":{\"@id\":\"https:\/\/petproducts.com.cn\/product\/cute-dog-hoodie-manufacturer-custom-striped-dog-clothes\/#breadcrumb\"},\"inLanguage\":\"es\",\"potentialAction\":[{\"@type\":\"ReadAction\",\"target\":[\"https:\/\/petproducts.com.cn\/product\/cute-dog-hoodie-manufacturer-custom-striped-dog-clothes\/\"]}]},{\"@type\":\"ImageObject\",\"inLanguage\":\"es\",\"@id\":\"https:\/\/petproducts.com.cn\/product\/cute-dog-hoodie-manufacturer-custom-striped-dog-clothes\/#primaryimage\",\"url\":\"https:\/\/petproducts.com.cn\/wp-content\/uploads\/2023\/09\/DSC4385\u526f\u672c_webp.webp\",\"contentUrl\":\"https:\/\/petproducts.com.cn\/wp-content\/uploads\/2023\/09\/DSC4385\u526f\u672c_webp.webp\",\"width\":1000,\"height\":1000,\"caption\":\"cute dog hoodie\"},{\"@type\":\"BreadcrumbList\",\"@id\":\"https:\/\/petproducts.com.cn\/product\/cute-dog-hoodie-manufacturer-custom-striped-dog-clothes\/#breadcrumb\",\"itemListElement\":[{\"@type\":\"ListItem\",\"position\":1,\"name\":\"HOME\",\"item\":\"https:\/\/petproducts.com.cn\/\"},{\"@type\":\"ListItem\",\"position\":2,\"name\":\"Products\",\"item\":\"https:\/\/petproducts.com.cn\/shop\/\"},{\"@type\":\"ListItem\",\"position\":3,\"name\":\"Dog Apparel &amp; Accessories\",\"item\":\"https:\/\/petproducts.com.cn\/product-category\/dog-apparel-accessories\/\"},{\"@type\":\"ListItem\",\"position\":4,\"name\":\"Cute Dog Hoodie Manufacturer Custom Striped Dog Clothes\"}]},{\"@type\":\"WebSite\",\"@id\":\"https:\/\/petproducts.com.cn\/#website\",\"url\":\"https:\/\/petproducts.com.cn\/\",\"name\":\"Petstar\",\"description\":\"Leading Pet Supplies Manufacturer &amp; OEM Pet Products Supplier\",\"publisher\":{\"@id\":\"https:\/\/petproducts.com.cn\/#organization\"},\"alternateName\":\"Petstar Pet Supplies\",\"potentialAction\":[{\"@type\":\"SearchAction\",\"target\":{\"@type\":\"EntryPoint\",\"urlTemplate\":\"https:\/\/petproducts.com.cn\/?s={search_term_string}\"},\"query-input\":{\"@type\":\"PropertyValueSpecification\",\"valueRequired\":true,\"valueName\":\"search_term_string\"}}],\"inLanguage\":\"es\"},{\"@type\":\"Organization\",\"@id\":\"https:\/\/petproducts.com.cn\/#organization\",\"name\":\"Petstar\",\"url\":\"https:\/\/petproducts.com.cn\/\",\"logo\":{\"@type\":\"ImageObject\",\"inLanguage\":\"es\",\"@id\":\"https:\/\/petproducts.com.cn\/#\/schema\/logo\/image\/\",\"url\":\"https:\/\/petproducts.com.cn\/wp-content\/uploads\/2020\/02\/petstar-logo.webp\",\"contentUrl\":\"https:\/\/petproducts.com.cn\/wp-content\/uploads\/2020\/02\/petstar-logo.webp\",\"width\":779,\"height\":520,\"caption\":\"Petstar\"},\"image\":{\"@id\":\"https:\/\/petproducts.com.cn\/#\/schema\/logo\/image\/\"}}]}<\/script>\n<!-- \/ Yoast SEO plugin. -->","yoast_head_json":{"title":"Lindo perro con capucha fabricante de ropa para perros a rayas personalizado - Petstar","description":"Explorar Petstar Cute Dog Hoodie - Producci\u00f3n en masa, personalizaci\u00f3n y opciones de dise\u00f1o disponibles.","robots":{"index":"index","follow":"follow","max-snippet":"max-snippet:-1","max-image-preview":"max-image-preview:large","max-video-preview":"max-video-preview:-1"},"canonical":"https:\/\/petproducts.com.cn\/es\/producto\/cute-dog-hoodie-manufacturer-custom-striped-dog-clothes\/","og_locale":"es_ES","og_type":"article","og_title":"Cute Dog Hoodie Manufacturer Custom Striped Dog Clothes - Petstar","og_description":"Explore Petstar Cute Dog Hoodie - Mass Production, Customization, and Design Options Available.We are a leading global one-stop dog clothes supplier.","og_url":"https:\/\/petproducts.com.cn\/es\/producto\/cute-dog-hoodie-manufacturer-custom-striped-dog-clothes\/","og_site_name":"Petstar","article_modified_time":"2024-10-31T08:43:16+00:00","og_image":[{"width":1000,"height":1000,"url":"https:\/\/petproducts.com.cn\/wp-content\/uploads\/2023\/09\/DSC4385\u526f\u672c_webp.webp","type":"image\/webp"}],"twitter_card":"summary_large_image","twitter_misc":{"Tiempo de lectura":"1 minuto"},"schema":{"@context":"https:\/\/schema.org","@graph":[{"@type":"WebPage","@id":"https:\/\/petproducts.com.cn\/product\/cute-dog-hoodie-manufacturer-custom-striped-dog-clothes\/","url":"https:\/\/petproducts.com.cn\/product\/cute-dog-hoodie-manufacturer-custom-striped-dog-clothes\/","name":"Lindo perro con capucha fabricante de ropa para perros a rayas personalizado - Petstar","isPartOf":{"@id":"https:\/\/petproducts.com.cn\/#website"},"primaryImageOfPage":{"@id":"https:\/\/petproducts.com.cn\/product\/cute-dog-hoodie-manufacturer-custom-striped-dog-clothes\/#primaryimage"},"image":{"@id":"https:\/\/petproducts.com.cn\/product\/cute-dog-hoodie-manufacturer-custom-striped-dog-clothes\/#primaryimage"},"thumbnailUrl":"https:\/\/petproducts.com.cn\/wp-content\/uploads\/2023\/09\/DSC4385\u526f\u672c_webp.webp","datePublished":"2023-09-19T06:09:09+00:00","dateModified":"2024-10-31T08:43:16+00:00","description":"Explorar Petstar Cute Dog Hoodie - Producci\u00f3n en masa, personalizaci\u00f3n y opciones de dise\u00f1o disponibles.","breadcrumb":{"@id":"https:\/\/petproducts.com.cn\/product\/cute-dog-hoodie-manufacturer-custom-striped-dog-clothes\/#breadcrumb"},"inLanguage":"es","potentialAction":[{"@type":"ReadAction","target":["https:\/\/petproducts.com.cn\/product\/cute-dog-hoodie-manufacturer-custom-striped-dog-clothes\/"]}]},{"@type":"ImageObject","inLanguage":"es","@id":"https:\/\/petproducts.com.cn\/product\/cute-dog-hoodie-manufacturer-custom-striped-dog-clothes\/#primaryimage","url":"https:\/\/petproducts.com.cn\/wp-content\/uploads\/2023\/09\/DSC4385\u526f\u672c_webp.webp","contentUrl":"https:\/\/petproducts.com.cn\/wp-content\/uploads\/2023\/09\/DSC4385\u526f\u672c_webp.webp","width":1000,"height":1000,"caption":"cute dog hoodie"},{"@type":"BreadcrumbList","@id":"https:\/\/petproducts.com.cn\/product\/cute-dog-hoodie-manufacturer-custom-striped-dog-clothes\/#breadcrumb","itemListElement":[{"@type":"ListItem","position":1,"name":"HOME","item":"https:\/\/petproducts.com.cn\/"},{"@type":"ListItem","position":2,"name":"Products","item":"https:\/\/petproducts.com.cn\/shop\/"},{"@type":"ListItem","position":3,"name":"Dog Apparel &amp; Accessories","item":"https:\/\/petproducts.com.cn\/product-category\/dog-apparel-accessories\/"},{"@type":"ListItem","position":4,"name":"Cute Dog Hoodie Manufacturer Custom Striped Dog Clothes"}]},{"@type":"WebSite","@id":"https:\/\/petproducts.com.cn\/#website","url":"https:\/\/petproducts.com.cn\/","name":"Petstar","description":"Fabricante l\u00edder de art\u00edculos para mascotas y proveedor OEM de productos para mascotas","publisher":{"@id":"https:\/\/petproducts.com.cn\/#organization"},"alternateName":"Petstar Pet Supplies","potentialAction":[{"@type":"SearchAction","target":{"@type":"EntryPoint","urlTemplate":"https:\/\/petproducts.com.cn\/?s={search_term_string}"},"query-input":{"@type":"PropertyValueSpecification","valueRequired":true,"valueName":"search_term_string"}}],"inLanguage":"es"},{"@type":"Organization","@id":"https:\/\/petproducts.com.cn\/#organization","name":"Petstar","url":"https:\/\/petproducts.com.cn\/","logo":{"@type":"ImageObject","inLanguage":"es","@id":"https:\/\/petproducts.com.cn\/#\/schema\/logo\/image\/","url":"https:\/\/petproducts.com.cn\/wp-content\/uploads\/2020\/02\/petstar-logo.webp","contentUrl":"https:\/\/petproducts.com.cn\/wp-content\/uploads\/2020\/02\/petstar-logo.webp","width":779,"height":520,"caption":"Petstar"},"image":{"@id":"https:\/\/petproducts.com.cn\/#\/schema\/logo\/image\/"}}]}},"_links":{"self":[{"href":"https:\/\/petproducts.com.cn\/es\/wp-json\/wp\/v2\/product\/10846","targetHints":{"allow":["GET"]}}],"collection":[{"href":"https:\/\/petproducts.com.cn\/es\/wp-json\/wp\/v2\/product"}],"about":[{"href":"https:\/\/petproducts.com.cn\/es\/wp-json\/wp\/v2\/types\/product"}],"version-history":[{"count":1,"href":"https:\/\/petproducts.com.cn\/es\/wp-json\/wp\/v2\/product\/10846\/revisions"}],"predecessor-version":[{"id":10883,"href":"https:\/\/petproducts.com.cn\/es\/wp-json\/wp\/v2\/product\/10846\/revisions\/10883"}],"wp:featuredmedia":[{"embeddable":true,"href":"https:\/\/petproducts.com.cn\/es\/wp-json\/wp\/v2\/media\/10856"}],"wp:attachment":[{"href":"https:\/\/petproducts.com.cn\/es\/wp-json\/wp\/v2\/media?parent=10846"}],"wp:term":[{"taxonomy":"product_brand","embeddable":true,"href":"https:\/\/petproducts.com.cn\/es\/wp-json\/wp\/v2\/product_brand?post=10846"},{"taxonomy":"product_cat","embeddable":true,"href":"https:\/\/petproducts.com.cn\/es\/wp-json\/wp\/v2\/product_cat?post=10846"},{"taxonomy":"product_tag","embeddable":true,"href":"https:\/\/petproducts.com.cn\/es\/wp-json\/wp\/v2\/product_tag?post=10846"}],"curies":[{"name":"wp","href":"https:\/\/api.w.org\/{rel}","templated":true}]}}