{"id":14221,"date":"2023-10-24T07:35:44","date_gmt":"2023-10-24T07:35:44","guid":{"rendered":"https:\/\/petproducts.com.cn\/?post_type=product&#038;p=14221"},"modified":"2023-10-24T07:56:02","modified_gmt":"2023-10-24T07:56:02","slug":"green-crocodile-squeaky-dog-toy-interactive","status":"publish","type":"product","link":"https:\/\/petproducts.com.cn\/es\/product\/green-crocodile-squeaky-dog-toy-interactive\/","title":{"rendered":"Cocodrilo verde chirriante Juguete interactivo para perros"},"content":{"rendered":"<h2>Petstar: Juguete interactivo para perros Cocodrilo verde chirriante<\/h2>\n<p>Bienvenido a Petstar, el proveedor l\u00edder de juguetes interactivos para perros Cocodrilo Verde Chirriante Nuestros juguetes para perros de alta calidad est\u00e1n dise\u00f1ados espec\u00edficamente para proporcionar entretenimiento sin l\u00edmites para perros de todas las razas y tama\u00f1os. El Cocodrilo Verde Squeaky Dog Toy es la encarnaci\u00f3n perfecta de esto, con su dise\u00f1o adorable cocodrilo, caracter\u00edsticas interactivas, cuerda extensible, y squeaker irresistible.<\/p>\n<h3>Nuestra ventaja:<\/h3>\n<ol>\n<li>Lindo dise\u00f1o de cocodrilo: El Cocodrilo Verde Squeaky Dog Toy cuenta con un dise\u00f1o de cocodrilo adorable que est\u00e1 seguro de capturar los corazones de los perros y sus due\u00f1os. Con su color verde vibrante y detalles realistas, este juguete es perfecto para que los perros jueguen e interact\u00faen.<\/li>\n<li>Caracter\u00edsticas interactivas:Nuestro juguete proporciona un tiempo de juego interactivo para su perro con m\u00faltiples chirridos que producen un chirrido emocionante, cautivando su atenci\u00f3n y fomentando el juego activo. Adem\u00e1s, estimula sus instintos naturales y los mantiene entretenidos durante horas.<\/li>\n<li>Servicios de personalizaci\u00f3n al por mayor:En Petstar, entendemos la importancia de la marca y la personalizaci\u00f3n. Es por eso que ofrecemos Servicios de Personalizaci\u00f3n al por mayor, que le permiten crear una versi\u00f3n \u00fanica del Cocodrilo Verde Juguete para Perro que se alinea espec\u00edficamente con las necesidades de su negocio. Puede a\u00f1adir su logotipo, el nombre de su empresa o cualquier otra informaci\u00f3n personalizada para crear un producto a medida que represente eficazmente la identidad de su marca.<\/li>\n<\/ol>\n<p>Garantizamos que cada juguete que ofrecemos es seguro, duradero y proporciona horas de diversi\u00f3n interactiva para sus amigos peludos. Petstar est\u00e1 aqu\u00ed para ayudarle en la entrega de juguetes atractivos que fortalecen el v\u00ednculo entre las mascotas y sus due\u00f1os, mientras que tambi\u00e9n aumenta el \u00e9xito de su negocio. Estamos deseando trabajar con usted.<\/p>","protected":false},"excerpt":{"rendered":"<p>Somos fabricantes de juguetes de felpa duraderos para perros con m\u00e1s de 20 a\u00f1os de experiencia. Ofrecemos opciones de personalizaci\u00f3n de color, tama\u00f1o, tela, patr\u00f3n, logotipo y otras caracter\u00edsticas.<\/p>","protected":false},"featured_media":14225,"template":"","meta":{"_acf_changed":false},"product_brand":[],"product_cat":[72,48],"product_tag":[85],"class_list":{"0":"post-14221","1":"product","2":"type-product","3":"status-publish","4":"has-post-thumbnail","6":"product_cat-dog-supplies","7":"product_cat-dog-toys","8":"product_tag-dog-toys","10":"first","11":"instock","12":"shipping-taxable","13":"product-type-simple"},"acf":[],"yoast_head":"<!-- This site is optimized with the Yoast SEO plugin v27.1.1 - https:\/\/yoast.com\/product\/yoast-seo-wordpress\/ -->\n<title>Crocodile squeaky dog toy white\u00a0label | Plush dog toys factory - Petstar<\/title>\n<meta name=\"description\" content=\"Explore private\u00a0label crocodile squeaky dog toy interactive from the manufacturer. Your ideal business solution with Petstar.\" \/>\n<meta name=\"robots\" content=\"index, follow, max-snippet:-1, max-image-preview:large, max-video-preview:-1\" \/>\n<link rel=\"canonical\" href=\"https:\/\/petproducts.com.cn\/es\/producto\/green-crocodile-squeaky-dog-toy-interactive\/\" \/>\n<meta property=\"og:locale\" content=\"es_ES\" \/>\n<meta property=\"og:type\" content=\"article\" \/>\n<meta property=\"og:title\" content=\"Crocodile squeaky dog toy white\u00a0label | Plush dog toys factory - Petstar\" \/>\n<meta property=\"og:description\" content=\"Explore private\u00a0label crocodile squeaky dog toy interactive from the manufacturer. Your ideal business solution with Petstar.\" \/>\n<meta property=\"og:url\" content=\"https:\/\/petproducts.com.cn\/es\/producto\/green-crocodile-squeaky-dog-toy-interactive\/\" \/>\n<meta property=\"og:site_name\" content=\"Petstar\" \/>\n<meta property=\"article:modified_time\" content=\"2023-10-24T07:56:02+00:00\" \/>\n<meta property=\"og:image\" content=\"https:\/\/petproducts.com.cn\/wp-content\/uploads\/2023\/10\/crocodile-squeaky-dog-toy.webp\" \/>\n\t<meta property=\"og:image:width\" content=\"800\" \/>\n\t<meta property=\"og:image:height\" content=\"800\" \/>\n\t<meta property=\"og:image:type\" content=\"image\/webp\" \/>\n<meta name=\"twitter:card\" content=\"summary_large_image\" \/>\n<meta name=\"twitter:label1\" content=\"Tiempo de lectura\" \/>\n\t<meta name=\"twitter:data1\" content=\"2 minutos\" \/>\n<script type=\"application\/ld+json\" class=\"yoast-schema-graph\">{\"@context\":\"https:\/\/schema.org\",\"@graph\":[{\"@type\":\"WebPage\",\"@id\":\"https:\/\/petproducts.com.cn\/product\/green-crocodile-squeaky-dog-toy-interactive\/\",\"url\":\"https:\/\/petproducts.com.cn\/product\/green-crocodile-squeaky-dog-toy-interactive\/\",\"name\":\"Crocodile squeaky dog toy white\u00a0label | Plush dog toys factory - Petstar\",\"isPartOf\":{\"@id\":\"https:\/\/petproducts.com.cn\/#website\"},\"primaryImageOfPage\":{\"@id\":\"https:\/\/petproducts.com.cn\/product\/green-crocodile-squeaky-dog-toy-interactive\/#primaryimage\"},\"image\":{\"@id\":\"https:\/\/petproducts.com.cn\/product\/green-crocodile-squeaky-dog-toy-interactive\/#primaryimage\"},\"thumbnailUrl\":\"https:\/\/petproducts.com.cn\/wp-content\/uploads\/2023\/10\/crocodile-squeaky-dog-toy.webp\",\"datePublished\":\"2023-10-24T07:35:44+00:00\",\"dateModified\":\"2023-10-24T07:56:02+00:00\",\"description\":\"Explore private\u00a0label crocodile squeaky dog toy interactive from the manufacturer. Your ideal business solution with Petstar.\",\"breadcrumb\":{\"@id\":\"https:\/\/petproducts.com.cn\/product\/green-crocodile-squeaky-dog-toy-interactive\/#breadcrumb\"},\"inLanguage\":\"es\",\"potentialAction\":[{\"@type\":\"ReadAction\",\"target\":[\"https:\/\/petproducts.com.cn\/product\/green-crocodile-squeaky-dog-toy-interactive\/\"]}]},{\"@type\":\"ImageObject\",\"inLanguage\":\"es\",\"@id\":\"https:\/\/petproducts.com.cn\/product\/green-crocodile-squeaky-dog-toy-interactive\/#primaryimage\",\"url\":\"https:\/\/petproducts.com.cn\/wp-content\/uploads\/2023\/10\/crocodile-squeaky-dog-toy.webp\",\"contentUrl\":\"https:\/\/petproducts.com.cn\/wp-content\/uploads\/2023\/10\/crocodile-squeaky-dog-toy.webp\",\"width\":800,\"height\":800},{\"@type\":\"BreadcrumbList\",\"@id\":\"https:\/\/petproducts.com.cn\/product\/green-crocodile-squeaky-dog-toy-interactive\/#breadcrumb\",\"itemListElement\":[{\"@type\":\"ListItem\",\"position\":1,\"name\":\"HOME\",\"item\":\"https:\/\/petproducts.com.cn\/\"},{\"@type\":\"ListItem\",\"position\":2,\"name\":\"Products\",\"item\":\"https:\/\/petproducts.com.cn\/shop\/\"},{\"@type\":\"ListItem\",\"position\":3,\"name\":\"Dog Toys\",\"item\":\"https:\/\/petproducts.com.cn\/product-category\/dog-toys\/\"},{\"@type\":\"ListItem\",\"position\":4,\"name\":\"Green Crocodile Squeaky Dog Toy Interactive\"}]},{\"@type\":\"WebSite\",\"@id\":\"https:\/\/petproducts.com.cn\/#website\",\"url\":\"https:\/\/petproducts.com.cn\/\",\"name\":\"Petstar\",\"description\":\"Leading Pet Supplies Manufacturer &amp; OEM Pet Products Supplier\",\"publisher\":{\"@id\":\"https:\/\/petproducts.com.cn\/#organization\"},\"alternateName\":\"Petstar Pet Supplies\",\"potentialAction\":[{\"@type\":\"SearchAction\",\"target\":{\"@type\":\"EntryPoint\",\"urlTemplate\":\"https:\/\/petproducts.com.cn\/?s={search_term_string}\"},\"query-input\":{\"@type\":\"PropertyValueSpecification\",\"valueRequired\":true,\"valueName\":\"search_term_string\"}}],\"inLanguage\":\"es\"},{\"@type\":\"Organization\",\"@id\":\"https:\/\/petproducts.com.cn\/#organization\",\"name\":\"Petstar\",\"url\":\"https:\/\/petproducts.com.cn\/\",\"logo\":{\"@type\":\"ImageObject\",\"inLanguage\":\"es\",\"@id\":\"https:\/\/petproducts.com.cn\/#\/schema\/logo\/image\/\",\"url\":\"https:\/\/petproducts.com.cn\/wp-content\/uploads\/2020\/02\/petstar-logo.webp\",\"contentUrl\":\"https:\/\/petproducts.com.cn\/wp-content\/uploads\/2020\/02\/petstar-logo.webp\",\"width\":779,\"height\":520,\"caption\":\"Petstar\"},\"image\":{\"@id\":\"https:\/\/petproducts.com.cn\/#\/schema\/logo\/image\/\"}}]}<\/script>\n<!-- \/ Yoast SEO plugin. -->","yoast_head_json":{"title":"Cocodrilo chirriante juguete del perro etiqueta blanca | Peluche juguetes para perros f\u00e1brica - Petstar","description":"Explorar la marca privada cocodrilo chirriante juguete interactivo para perros del fabricante. Su soluci\u00f3n de negocio ideal con Petstar.","robots":{"index":"index","follow":"follow","max-snippet":"max-snippet:-1","max-image-preview":"max-image-preview:large","max-video-preview":"max-video-preview:-1"},"canonical":"https:\/\/petproducts.com.cn\/es\/producto\/green-crocodile-squeaky-dog-toy-interactive\/","og_locale":"es_ES","og_type":"article","og_title":"Crocodile squeaky dog toy white\u00a0label | Plush dog toys factory - Petstar","og_description":"Explore private\u00a0label crocodile squeaky dog toy interactive from the manufacturer. Your ideal business solution with Petstar.","og_url":"https:\/\/petproducts.com.cn\/es\/producto\/green-crocodile-squeaky-dog-toy-interactive\/","og_site_name":"Petstar","article_modified_time":"2023-10-24T07:56:02+00:00","og_image":[{"width":800,"height":800,"url":"https:\/\/petproducts.com.cn\/wp-content\/uploads\/2023\/10\/crocodile-squeaky-dog-toy.webp","type":"image\/webp"}],"twitter_card":"summary_large_image","twitter_misc":{"Tiempo de lectura":"2 minutos"},"schema":{"@context":"https:\/\/schema.org","@graph":[{"@type":"WebPage","@id":"https:\/\/petproducts.com.cn\/product\/green-crocodile-squeaky-dog-toy-interactive\/","url":"https:\/\/petproducts.com.cn\/product\/green-crocodile-squeaky-dog-toy-interactive\/","name":"Cocodrilo chirriante juguete del perro etiqueta blanca | Peluche juguetes para perros f\u00e1brica - Petstar","isPartOf":{"@id":"https:\/\/petproducts.com.cn\/#website"},"primaryImageOfPage":{"@id":"https:\/\/petproducts.com.cn\/product\/green-crocodile-squeaky-dog-toy-interactive\/#primaryimage"},"image":{"@id":"https:\/\/petproducts.com.cn\/product\/green-crocodile-squeaky-dog-toy-interactive\/#primaryimage"},"thumbnailUrl":"https:\/\/petproducts.com.cn\/wp-content\/uploads\/2023\/10\/crocodile-squeaky-dog-toy.webp","datePublished":"2023-10-24T07:35:44+00:00","dateModified":"2023-10-24T07:56:02+00:00","description":"Explorar la marca privada cocodrilo chirriante juguete interactivo para perros del fabricante. Su soluci\u00f3n de negocio ideal con Petstar.","breadcrumb":{"@id":"https:\/\/petproducts.com.cn\/product\/green-crocodile-squeaky-dog-toy-interactive\/#breadcrumb"},"inLanguage":"es","potentialAction":[{"@type":"ReadAction","target":["https:\/\/petproducts.com.cn\/product\/green-crocodile-squeaky-dog-toy-interactive\/"]}]},{"@type":"ImageObject","inLanguage":"es","@id":"https:\/\/petproducts.com.cn\/product\/green-crocodile-squeaky-dog-toy-interactive\/#primaryimage","url":"https:\/\/petproducts.com.cn\/wp-content\/uploads\/2023\/10\/crocodile-squeaky-dog-toy.webp","contentUrl":"https:\/\/petproducts.com.cn\/wp-content\/uploads\/2023\/10\/crocodile-squeaky-dog-toy.webp","width":800,"height":800},{"@type":"BreadcrumbList","@id":"https:\/\/petproducts.com.cn\/product\/green-crocodile-squeaky-dog-toy-interactive\/#breadcrumb","itemListElement":[{"@type":"ListItem","position":1,"name":"HOME","item":"https:\/\/petproducts.com.cn\/"},{"@type":"ListItem","position":2,"name":"Products","item":"https:\/\/petproducts.com.cn\/shop\/"},{"@type":"ListItem","position":3,"name":"Dog Toys","item":"https:\/\/petproducts.com.cn\/product-category\/dog-toys\/"},{"@type":"ListItem","position":4,"name":"Green Crocodile Squeaky Dog Toy Interactive"}]},{"@type":"WebSite","@id":"https:\/\/petproducts.com.cn\/#website","url":"https:\/\/petproducts.com.cn\/","name":"Petstar","description":"Fabricante l\u00edder de art\u00edculos para mascotas y proveedor OEM de productos para mascotas","publisher":{"@id":"https:\/\/petproducts.com.cn\/#organization"},"alternateName":"Petstar Pet Supplies","potentialAction":[{"@type":"SearchAction","target":{"@type":"EntryPoint","urlTemplate":"https:\/\/petproducts.com.cn\/?s={search_term_string}"},"query-input":{"@type":"PropertyValueSpecification","valueRequired":true,"valueName":"search_term_string"}}],"inLanguage":"es"},{"@type":"Organization","@id":"https:\/\/petproducts.com.cn\/#organization","name":"Petstar","url":"https:\/\/petproducts.com.cn\/","logo":{"@type":"ImageObject","inLanguage":"es","@id":"https:\/\/petproducts.com.cn\/#\/schema\/logo\/image\/","url":"https:\/\/petproducts.com.cn\/wp-content\/uploads\/2020\/02\/petstar-logo.webp","contentUrl":"https:\/\/petproducts.com.cn\/wp-content\/uploads\/2020\/02\/petstar-logo.webp","width":779,"height":520,"caption":"Petstar"},"image":{"@id":"https:\/\/petproducts.com.cn\/#\/schema\/logo\/image\/"}}]}},"_links":{"self":[{"href":"https:\/\/petproducts.com.cn\/es\/wp-json\/wp\/v2\/product\/14221","targetHints":{"allow":["GET"]}}],"collection":[{"href":"https:\/\/petproducts.com.cn\/es\/wp-json\/wp\/v2\/product"}],"about":[{"href":"https:\/\/petproducts.com.cn\/es\/wp-json\/wp\/v2\/types\/product"}],"version-history":[{"count":1,"href":"https:\/\/petproducts.com.cn\/es\/wp-json\/wp\/v2\/product\/14221\/revisions"}],"predecessor-version":[{"id":14239,"href":"https:\/\/petproducts.com.cn\/es\/wp-json\/wp\/v2\/product\/14221\/revisions\/14239"}],"wp:featuredmedia":[{"embeddable":true,"href":"https:\/\/petproducts.com.cn\/es\/wp-json\/wp\/v2\/media\/14225"}],"wp:attachment":[{"href":"https:\/\/petproducts.com.cn\/es\/wp-json\/wp\/v2\/media?parent=14221"}],"wp:term":[{"taxonomy":"product_brand","embeddable":true,"href":"https:\/\/petproducts.com.cn\/es\/wp-json\/wp\/v2\/product_brand?post=14221"},{"taxonomy":"product_cat","embeddable":true,"href":"https:\/\/petproducts.com.cn\/es\/wp-json\/wp\/v2\/product_cat?post=14221"},{"taxonomy":"product_tag","embeddable":true,"href":"https:\/\/petproducts.com.cn\/es\/wp-json\/wp\/v2\/product_tag?post=14221"}],"curies":[{"name":"wp","href":"https:\/\/api.w.org\/{rel}","templated":true}]}}