{"id":14258,"date":"2023-10-24T09:05:34","date_gmt":"2023-10-24T09:05:34","guid":{"rendered":"https:\/\/petproducts.com.cn\/?post_type=product&#038;p=14258"},"modified":"2023-10-24T09:05:34","modified_gmt":"2023-10-24T09:05:34","slug":"wholesale-wooden-dog-crate","status":"publish","type":"product","link":"https:\/\/petproducts.com.cn\/es\/product\/wholesale-wooden-dog-crate\/","title":{"rendered":"Caja de madera para perros con muebles para mascotas 2 en 1 al por mayor"},"content":{"rendered":"<h2>Caracter\u00edsticas de la caja de perro de madera<\/h2>\n<ol>\n<li><strong>F\u00e1cil accesibilidad:<\/strong> La puerta delantera de la jaula de madera para perros, adornada con una fina malla, garantiza que su mascota pueda disfrutar de una vista panor\u00e1mica de su entorno. Esta caracter\u00edstica mejora su experiencia y hace que se sienta m\u00e1s conectado con su entorno.<\/li>\n<li><strong>Confort de lujo:<\/strong> Lo primero que notar\u00e1 su perro es el suntuoso y c\u00f3modo coj\u00edn, que le proporciona un refugio acogedor para descansar y relajarse. Ser\u00e1s testigo de la alegr\u00eda en sus ojos cuando se hundan en este oasis de felpa.<\/li>\n<li><strong>Elegancia duradera:<\/strong> Nuestra jaula de madera para perros es una pieza \u00fanica que no s\u00f3lo da cobijo a su mascota, sino que tambi\u00e9n complementa sin esfuerzo la decoraci\u00f3n de su hogar. La duradera superficie superior no solo es resistente, sino tambi\u00e9n amplia, lo que te permite personalizarla con los elementos de decoraci\u00f3n que elijas, como jarrones, fotos o incluso una elegante l\u00e1mpara.<\/li>\n<li><strong>Seguridad reforzada:<\/strong> La seguridad es una prioridad, y por eso hemos incluido un robusto cierre met\u00e1lico en la puerta. Este pestillo ofrece tranquilidad al garantizar que su mascota est\u00e9 contenida de forma segura sin dejar de ver el mundo m\u00e1s all\u00e1.<\/li>\n<li><strong>F\u00e1cil mantenimiento:<\/strong> Somos conscientes de la importancia de la limpieza, y por eso hemos dise\u00f1ado el c\u00f3modo coj\u00edn para que sea f\u00e1cil de quitar y limpiar. Esto garantiza que el espacio de su mascota permanezca fresco e higi\u00e9nico en todo momento.<\/li>\n<li><strong>A la medida de sus gustos:<\/strong> Nuestra jaula de madera para perros admite la personalizaci\u00f3n, lo que le permite adaptarla a su gusto. Tanto si prefiere un acabado espec\u00edfico como si desea a\u00f1adir un toque \u00fanico, las posibilidades son infinitas.<\/li>\n<\/ol>","protected":false},"excerpt":{"rendered":"<p>Somos fabricantes de jaulas para perros con m\u00e1s de 20 a\u00f1os de experiencia. Ofrecemos opciones de personalizaci\u00f3n de color, tama\u00f1o, tela, patr\u00f3n, logotipo y otras caracter\u00edsticas.<\/p>","protected":false},"featured_media":14265,"template":"","meta":{"_acf_changed":false},"product_brand":[],"product_cat":[52,72],"product_tag":[106],"class_list":{"0":"post-14258","1":"product","2":"type-product","3":"status-publish","4":"has-post-thumbnail","6":"product_cat-dog-crates-houses-pens","7":"product_cat-dog-supplies","8":"product_tag-dog-crates-houses-pens","10":"first","11":"instock","12":"shipping-taxable","13":"product-type-simple"},"acf":[],"yoast_head":"<!-- This site is optimized with the Yoast SEO plugin v27.1.1 - https:\/\/yoast.com\/product\/yoast-seo-wordpress\/ -->\n<title>Wooden Dog Crate Wholesale | Custom Wooden Dog House - Petstar<\/title>\n<meta name=\"description\" content=\"Explore Wholesale wooden dog crate, wooden dog house, wooden dog kennels directly from the manufacturer. Your ideal business solution with Petstar.\" \/>\n<meta name=\"robots\" content=\"index, follow, max-snippet:-1, max-image-preview:large, max-video-preview:-1\" \/>\n<link rel=\"canonical\" href=\"https:\/\/petproducts.com.cn\/es\/producto\/wholesale-wooden-dog-crate\/\" \/>\n<meta property=\"og:locale\" content=\"es_ES\" \/>\n<meta property=\"og:type\" content=\"article\" \/>\n<meta property=\"og:title\" content=\"Wooden Dog Crate Wholesale | Custom Wooden Dog House - Petstar\" \/>\n<meta property=\"og:description\" content=\"Explore Wholesale wooden dog crate, wooden dog house, wooden dog kennels directly from the manufacturer. Your ideal business solution with Petstar.\" \/>\n<meta property=\"og:url\" content=\"https:\/\/petproducts.com.cn\/es\/producto\/wholesale-wooden-dog-crate\/\" \/>\n<meta property=\"og:site_name\" content=\"Petstar\" \/>\n<meta property=\"og:image\" content=\"https:\/\/petproducts.com.cn\/wp-content\/uploads\/2023\/10\/Wholesale-dog-crate-wood.jpg\" \/>\n\t<meta property=\"og:image:width\" content=\"1000\" \/>\n\t<meta property=\"og:image:height\" content=\"1000\" \/>\n\t<meta property=\"og:image:type\" content=\"image\/jpeg\" \/>\n<meta name=\"twitter:card\" content=\"summary_large_image\" \/>\n<meta name=\"twitter:label1\" content=\"Tiempo de lectura\" \/>\n\t<meta name=\"twitter:data1\" content=\"2 minutos\" \/>\n<script type=\"application\/ld+json\" class=\"yoast-schema-graph\">{\"@context\":\"https:\/\/schema.org\",\"@graph\":[{\"@type\":\"WebPage\",\"@id\":\"https:\/\/petproducts.com.cn\/product\/wholesale-wooden-dog-crate\/\",\"url\":\"https:\/\/petproducts.com.cn\/product\/wholesale-wooden-dog-crate\/\",\"name\":\"Wooden Dog Crate Wholesale | Custom Wooden Dog House - Petstar\",\"isPartOf\":{\"@id\":\"https:\/\/petproducts.com.cn\/#website\"},\"primaryImageOfPage\":{\"@id\":\"https:\/\/petproducts.com.cn\/product\/wholesale-wooden-dog-crate\/#primaryimage\"},\"image\":{\"@id\":\"https:\/\/petproducts.com.cn\/product\/wholesale-wooden-dog-crate\/#primaryimage\"},\"thumbnailUrl\":\"https:\/\/petproducts.com.cn\/wp-content\/uploads\/2023\/10\/Wholesale-dog-crate-wood.jpg\",\"datePublished\":\"2023-10-24T09:05:34+00:00\",\"description\":\"Explore Wholesale wooden dog crate, wooden dog house, wooden dog kennels directly from the manufacturer. Your ideal business solution with Petstar.\",\"breadcrumb\":{\"@id\":\"https:\/\/petproducts.com.cn\/product\/wholesale-wooden-dog-crate\/#breadcrumb\"},\"inLanguage\":\"es\",\"potentialAction\":[{\"@type\":\"ReadAction\",\"target\":[\"https:\/\/petproducts.com.cn\/product\/wholesale-wooden-dog-crate\/\"]}]},{\"@type\":\"ImageObject\",\"inLanguage\":\"es\",\"@id\":\"https:\/\/petproducts.com.cn\/product\/wholesale-wooden-dog-crate\/#primaryimage\",\"url\":\"https:\/\/petproducts.com.cn\/wp-content\/uploads\/2023\/10\/Wholesale-dog-crate-wood.jpg\",\"contentUrl\":\"https:\/\/petproducts.com.cn\/wp-content\/uploads\/2023\/10\/Wholesale-dog-crate-wood.jpg\",\"width\":1000,\"height\":1000,\"caption\":\"Wholesale dog crate wood\"},{\"@type\":\"BreadcrumbList\",\"@id\":\"https:\/\/petproducts.com.cn\/product\/wholesale-wooden-dog-crate\/#breadcrumb\",\"itemListElement\":[{\"@type\":\"ListItem\",\"position\":1,\"name\":\"HOME\",\"item\":\"https:\/\/petproducts.com.cn\/\"},{\"@type\":\"ListItem\",\"position\":2,\"name\":\"Products\",\"item\":\"https:\/\/petproducts.com.cn\/shop\/\"},{\"@type\":\"ListItem\",\"position\":3,\"name\":\"Dog Supplies\",\"item\":\"https:\/\/petproducts.com.cn\/product-category\/dog-supplies\/\"},{\"@type\":\"ListItem\",\"position\":4,\"name\":\"Wholesale 2-In-1 Pet Furniture Wooden Dog Crate\"}]},{\"@type\":\"WebSite\",\"@id\":\"https:\/\/petproducts.com.cn\/#website\",\"url\":\"https:\/\/petproducts.com.cn\/\",\"name\":\"Petstar\",\"description\":\"Leading Pet Supplies Manufacturer &amp; OEM Pet Products Supplier\",\"publisher\":{\"@id\":\"https:\/\/petproducts.com.cn\/#organization\"},\"alternateName\":\"Petstar Pet Supplies\",\"potentialAction\":[{\"@type\":\"SearchAction\",\"target\":{\"@type\":\"EntryPoint\",\"urlTemplate\":\"https:\/\/petproducts.com.cn\/?s={search_term_string}\"},\"query-input\":{\"@type\":\"PropertyValueSpecification\",\"valueRequired\":true,\"valueName\":\"search_term_string\"}}],\"inLanguage\":\"es\"},{\"@type\":\"Organization\",\"@id\":\"https:\/\/petproducts.com.cn\/#organization\",\"name\":\"Petstar\",\"url\":\"https:\/\/petproducts.com.cn\/\",\"logo\":{\"@type\":\"ImageObject\",\"inLanguage\":\"es\",\"@id\":\"https:\/\/petproducts.com.cn\/#\/schema\/logo\/image\/\",\"url\":\"https:\/\/petproducts.com.cn\/wp-content\/uploads\/2020\/02\/petstar-logo.webp\",\"contentUrl\":\"https:\/\/petproducts.com.cn\/wp-content\/uploads\/2020\/02\/petstar-logo.webp\",\"width\":779,\"height\":520,\"caption\":\"Petstar\"},\"image\":{\"@id\":\"https:\/\/petproducts.com.cn\/#\/schema\/logo\/image\/\"}}]}<\/script>\n<!-- \/ Yoast SEO plugin. -->","yoast_head_json":{"title":"Perro de madera Crate Wholesale | Custom Wooden Dog House - Petstar","description":"Explorar Venta al por mayor caja de perro de madera, casa de perro de madera, perreras de perro de madera directamente desde el fabricante. Su soluci\u00f3n de negocio ideal con Petstar.","robots":{"index":"index","follow":"follow","max-snippet":"max-snippet:-1","max-image-preview":"max-image-preview:large","max-video-preview":"max-video-preview:-1"},"canonical":"https:\/\/petproducts.com.cn\/es\/producto\/wholesale-wooden-dog-crate\/","og_locale":"es_ES","og_type":"article","og_title":"Wooden Dog Crate Wholesale | Custom Wooden Dog House - Petstar","og_description":"Explore Wholesale wooden dog crate, wooden dog house, wooden dog kennels directly from the manufacturer. Your ideal business solution with Petstar.","og_url":"https:\/\/petproducts.com.cn\/es\/producto\/wholesale-wooden-dog-crate\/","og_site_name":"Petstar","og_image":[{"width":1000,"height":1000,"url":"https:\/\/petproducts.com.cn\/wp-content\/uploads\/2023\/10\/Wholesale-dog-crate-wood.jpg","type":"image\/jpeg"}],"twitter_card":"summary_large_image","twitter_misc":{"Tiempo de lectura":"2 minutos"},"schema":{"@context":"https:\/\/schema.org","@graph":[{"@type":"WebPage","@id":"https:\/\/petproducts.com.cn\/product\/wholesale-wooden-dog-crate\/","url":"https:\/\/petproducts.com.cn\/product\/wholesale-wooden-dog-crate\/","name":"Perro de madera Crate Wholesale | Custom Wooden Dog House - Petstar","isPartOf":{"@id":"https:\/\/petproducts.com.cn\/#website"},"primaryImageOfPage":{"@id":"https:\/\/petproducts.com.cn\/product\/wholesale-wooden-dog-crate\/#primaryimage"},"image":{"@id":"https:\/\/petproducts.com.cn\/product\/wholesale-wooden-dog-crate\/#primaryimage"},"thumbnailUrl":"https:\/\/petproducts.com.cn\/wp-content\/uploads\/2023\/10\/Wholesale-dog-crate-wood.jpg","datePublished":"2023-10-24T09:05:34+00:00","description":"Explorar Venta al por mayor caja de perro de madera, casa de perro de madera, perreras de perro de madera directamente desde el fabricante. Su soluci\u00f3n de negocio ideal con Petstar.","breadcrumb":{"@id":"https:\/\/petproducts.com.cn\/product\/wholesale-wooden-dog-crate\/#breadcrumb"},"inLanguage":"es","potentialAction":[{"@type":"ReadAction","target":["https:\/\/petproducts.com.cn\/product\/wholesale-wooden-dog-crate\/"]}]},{"@type":"ImageObject","inLanguage":"es","@id":"https:\/\/petproducts.com.cn\/product\/wholesale-wooden-dog-crate\/#primaryimage","url":"https:\/\/petproducts.com.cn\/wp-content\/uploads\/2023\/10\/Wholesale-dog-crate-wood.jpg","contentUrl":"https:\/\/petproducts.com.cn\/wp-content\/uploads\/2023\/10\/Wholesale-dog-crate-wood.jpg","width":1000,"height":1000,"caption":"Wholesale dog crate wood"},{"@type":"BreadcrumbList","@id":"https:\/\/petproducts.com.cn\/product\/wholesale-wooden-dog-crate\/#breadcrumb","itemListElement":[{"@type":"ListItem","position":1,"name":"HOME","item":"https:\/\/petproducts.com.cn\/"},{"@type":"ListItem","position":2,"name":"Products","item":"https:\/\/petproducts.com.cn\/shop\/"},{"@type":"ListItem","position":3,"name":"Dog Supplies","item":"https:\/\/petproducts.com.cn\/product-category\/dog-supplies\/"},{"@type":"ListItem","position":4,"name":"Wholesale 2-In-1 Pet Furniture Wooden Dog Crate"}]},{"@type":"WebSite","@id":"https:\/\/petproducts.com.cn\/#website","url":"https:\/\/petproducts.com.cn\/","name":"Petstar","description":"Fabricante l\u00edder de art\u00edculos para mascotas y proveedor OEM de productos para mascotas","publisher":{"@id":"https:\/\/petproducts.com.cn\/#organization"},"alternateName":"Petstar Pet Supplies","potentialAction":[{"@type":"SearchAction","target":{"@type":"EntryPoint","urlTemplate":"https:\/\/petproducts.com.cn\/?s={search_term_string}"},"query-input":{"@type":"PropertyValueSpecification","valueRequired":true,"valueName":"search_term_string"}}],"inLanguage":"es"},{"@type":"Organization","@id":"https:\/\/petproducts.com.cn\/#organization","name":"Petstar","url":"https:\/\/petproducts.com.cn\/","logo":{"@type":"ImageObject","inLanguage":"es","@id":"https:\/\/petproducts.com.cn\/#\/schema\/logo\/image\/","url":"https:\/\/petproducts.com.cn\/wp-content\/uploads\/2020\/02\/petstar-logo.webp","contentUrl":"https:\/\/petproducts.com.cn\/wp-content\/uploads\/2020\/02\/petstar-logo.webp","width":779,"height":520,"caption":"Petstar"},"image":{"@id":"https:\/\/petproducts.com.cn\/#\/schema\/logo\/image\/"}}]}},"_links":{"self":[{"href":"https:\/\/petproducts.com.cn\/es\/wp-json\/wp\/v2\/product\/14258","targetHints":{"allow":["GET"]}}],"collection":[{"href":"https:\/\/petproducts.com.cn\/es\/wp-json\/wp\/v2\/product"}],"about":[{"href":"https:\/\/petproducts.com.cn\/es\/wp-json\/wp\/v2\/types\/product"}],"version-history":[{"count":1,"href":"https:\/\/petproducts.com.cn\/es\/wp-json\/wp\/v2\/product\/14258\/revisions"}],"predecessor-version":[{"id":14273,"href":"https:\/\/petproducts.com.cn\/es\/wp-json\/wp\/v2\/product\/14258\/revisions\/14273"}],"wp:featuredmedia":[{"embeddable":true,"href":"https:\/\/petproducts.com.cn\/es\/wp-json\/wp\/v2\/media\/14265"}],"wp:attachment":[{"href":"https:\/\/petproducts.com.cn\/es\/wp-json\/wp\/v2\/media?parent=14258"}],"wp:term":[{"taxonomy":"product_brand","embeddable":true,"href":"https:\/\/petproducts.com.cn\/es\/wp-json\/wp\/v2\/product_brand?post=14258"},{"taxonomy":"product_cat","embeddable":true,"href":"https:\/\/petproducts.com.cn\/es\/wp-json\/wp\/v2\/product_cat?post=14258"},{"taxonomy":"product_tag","embeddable":true,"href":"https:\/\/petproducts.com.cn\/es\/wp-json\/wp\/v2\/product_tag?post=14258"}],"curies":[{"name":"wp","href":"https:\/\/api.w.org\/{rel}","templated":true}]}}