{"id":14274,"date":"2023-10-25T02:17:18","date_gmt":"2023-10-25T02:17:18","guid":{"rendered":"https:\/\/petproducts.com.cn\/?post_type=product&#038;p=14274"},"modified":"2023-10-25T02:42:32","modified_gmt":"2023-10-25T02:42:32","slug":"wholesale-large-wood-dog-crate-wooden-dog-crate-furniture","status":"publish","type":"product","link":"https:\/\/petproducts.com.cn\/es\/product\/wholesale-large-wood-dog-crate-wooden-dog-crate-furniture\/","title":{"rendered":"Muebles de madera del caj\u00f3n del perro del caj\u00f3n de madera grande al por mayor del perro"},"content":{"rendered":"<h2>Caracter\u00edsticas de la caja grande del perro de madera<\/h2>\n<ol>\n<li><strong>Almohadilla c\u00f3moda y f\u00e1cil de limpiar:<\/strong> La gran jaula de madera para perros cuenta con un c\u00f3modo coj\u00edn que es incre\u00edblemente f\u00e1cil de quitar. Esto hace que la limpieza sea pan comido, garantizando la comodidad y la higiene de su perro.<\/li>\n<li><strong>C\u00f3modo dise\u00f1o de doble puerta:<\/strong> Nuestra caseta para perros est\u00e1 equipada con dos puertas bien situadas: una en la parte delantera y otra en el lateral. Estas puertas permiten a su perro entrar y salir con facilidad, favoreciendo la accesibilidad y la flexibilidad.<\/li>\n<li><strong>Top elegante y duradero:<\/strong> La parte superior de esta jaula para perros es a la vez elegante y duradera. Su acabado liso complementa a la perfecci\u00f3n la decoraci\u00f3n de su hogar, lo que le permite elegir la jaula que se adapte a su estilo y preferencias est\u00e9ticas.<\/li>\n<li><strong>Caj\u00f3n para ahorrar espacio:<\/strong> Esta innovadora jaula para perros viene con un caj\u00f3n incorporado, que sirve como pr\u00e1ctica soluci\u00f3n de almacenamiento. Puedes guardar f\u00e1cilmente la comida o los snacks de tu perro, eliminando la necesidad de recipientes de almacenamiento separados y ayud\u00e1ndote a ahorrar espacio en casa.<\/li>\n<li><strong>Dise\u00f1o a medida para satisfacer sus deseos:<\/strong> En nuestra empresa, nos enorgullecemos de ofrecer una experiencia verdaderamente \u00fanica. Ofrecemos servicios completos de personalizaci\u00f3n, que le permiten dise\u00f1ar cada aspecto de la caja seg\u00fan sus preferencias. Desde el tama\u00f1o y el color hasta caracter\u00edsticas espec\u00edficas, trabajamos estrechamente con usted para dar vida a su visi\u00f3n.<\/li>\n<\/ol>","protected":false},"excerpt":{"rendered":"<p>Somos fabricantes de jaulas para perros con m\u00e1s de 20 a\u00f1os de experiencia. Ofrecemos opciones de personalizaci\u00f3n de color, tama\u00f1o, tela, patr\u00f3n, logotipo y otras caracter\u00edsticas.<\/p>","protected":false},"featured_media":14279,"template":"","meta":{"_acf_changed":false},"product_brand":[],"product_cat":[52,72],"product_tag":[106],"class_list":{"0":"post-14274","1":"product","2":"type-product","3":"status-publish","4":"has-post-thumbnail","6":"product_cat-dog-crates-houses-pens","7":"product_cat-dog-supplies","8":"product_tag-dog-crates-houses-pens","10":"first","11":"instock","12":"shipping-taxable","13":"product-type-simple"},"acf":[],"yoast_head":"<!-- This site is optimized with the Yoast SEO plugin v27.1.1 - https:\/\/yoast.com\/product\/yoast-seo-wordpress\/ -->\n<title>Large Wood Dog Crate Wholesale | Wooden Dog Crate Furniture - Petstar<\/title>\n<meta name=\"description\" content=\"Explore large wood dog crate, wood dog crate furniture, wooden dog crate directly from the manufacturer. Your ideal business solution with Petstar.\" \/>\n<meta name=\"robots\" content=\"index, follow, max-snippet:-1, max-image-preview:large, max-video-preview:-1\" \/>\n<link rel=\"canonical\" href=\"https:\/\/petproducts.com.cn\/es\/producto\/wholesale-large-wood-dog-crate-wooden-dog-crate-furniture\/\" \/>\n<meta property=\"og:locale\" content=\"es_ES\" \/>\n<meta property=\"og:type\" content=\"article\" \/>\n<meta property=\"og:title\" content=\"Large Wood Dog Crate Wholesale | Wooden Dog Crate Furniture - Petstar\" \/>\n<meta property=\"og:description\" content=\"Explore large wood dog crate, wood dog crate furniture, wooden dog crate directly from the manufacturer. Your ideal business solution with Petstar.\" \/>\n<meta property=\"og:url\" content=\"https:\/\/petproducts.com.cn\/es\/producto\/wholesale-large-wood-dog-crate-wooden-dog-crate-furniture\/\" \/>\n<meta property=\"og:site_name\" content=\"Petstar\" \/>\n<meta property=\"article:modified_time\" content=\"2023-10-25T02:42:32+00:00\" \/>\n<meta property=\"og:image\" content=\"https:\/\/petproducts.com.cn\/wp-content\/uploads\/2023\/10\/wooden-dog-crate-furniture.webp\" \/>\n\t<meta property=\"og:image:width\" content=\"1000\" \/>\n\t<meta property=\"og:image:height\" content=\"1000\" \/>\n\t<meta property=\"og:image:type\" content=\"image\/webp\" \/>\n<meta name=\"twitter:card\" content=\"summary_large_image\" \/>\n<meta name=\"twitter:label1\" content=\"Tiempo de lectura\" \/>\n\t<meta name=\"twitter:data1\" content=\"1 minuto\" \/>\n<script type=\"application\/ld+json\" class=\"yoast-schema-graph\">{\"@context\":\"https:\/\/schema.org\",\"@graph\":[{\"@type\":\"WebPage\",\"@id\":\"https:\/\/petproducts.com.cn\/product\/wholesale-large-wood-dog-crate-wooden-dog-crate-furniture\/\",\"url\":\"https:\/\/petproducts.com.cn\/product\/wholesale-large-wood-dog-crate-wooden-dog-crate-furniture\/\",\"name\":\"Large Wood Dog Crate Wholesale | Wooden Dog Crate Furniture - Petstar\",\"isPartOf\":{\"@id\":\"https:\/\/petproducts.com.cn\/#website\"},\"primaryImageOfPage\":{\"@id\":\"https:\/\/petproducts.com.cn\/product\/wholesale-large-wood-dog-crate-wooden-dog-crate-furniture\/#primaryimage\"},\"image\":{\"@id\":\"https:\/\/petproducts.com.cn\/product\/wholesale-large-wood-dog-crate-wooden-dog-crate-furniture\/#primaryimage\"},\"thumbnailUrl\":\"https:\/\/petproducts.com.cn\/wp-content\/uploads\/2023\/10\/wooden-dog-crate-furniture.webp\",\"datePublished\":\"2023-10-25T02:17:18+00:00\",\"dateModified\":\"2023-10-25T02:42:32+00:00\",\"description\":\"Explore large wood dog crate, wood dog crate furniture, wooden dog crate directly from the manufacturer. Your ideal business solution with Petstar.\",\"breadcrumb\":{\"@id\":\"https:\/\/petproducts.com.cn\/product\/wholesale-large-wood-dog-crate-wooden-dog-crate-furniture\/#breadcrumb\"},\"inLanguage\":\"es\",\"potentialAction\":[{\"@type\":\"ReadAction\",\"target\":[\"https:\/\/petproducts.com.cn\/product\/wholesale-large-wood-dog-crate-wooden-dog-crate-furniture\/\"]}]},{\"@type\":\"ImageObject\",\"inLanguage\":\"es\",\"@id\":\"https:\/\/petproducts.com.cn\/product\/wholesale-large-wood-dog-crate-wooden-dog-crate-furniture\/#primaryimage\",\"url\":\"https:\/\/petproducts.com.cn\/wp-content\/uploads\/2023\/10\/wooden-dog-crate-furniture.webp\",\"contentUrl\":\"https:\/\/petproducts.com.cn\/wp-content\/uploads\/2023\/10\/wooden-dog-crate-furniture.webp\",\"width\":1000,\"height\":1000,\"caption\":\"wooden dog crate furniture\"},{\"@type\":\"BreadcrumbList\",\"@id\":\"https:\/\/petproducts.com.cn\/product\/wholesale-large-wood-dog-crate-wooden-dog-crate-furniture\/#breadcrumb\",\"itemListElement\":[{\"@type\":\"ListItem\",\"position\":1,\"name\":\"HOME\",\"item\":\"https:\/\/petproducts.com.cn\/\"},{\"@type\":\"ListItem\",\"position\":2,\"name\":\"Products\",\"item\":\"https:\/\/petproducts.com.cn\/shop\/\"},{\"@type\":\"ListItem\",\"position\":3,\"name\":\"Dog Supplies\",\"item\":\"https:\/\/petproducts.com.cn\/product-category\/dog-supplies\/\"},{\"@type\":\"ListItem\",\"position\":4,\"name\":\"Wholesale Large Wood Dog Crate Wooden Dog Crate Furniture\"}]},{\"@type\":\"WebSite\",\"@id\":\"https:\/\/petproducts.com.cn\/#website\",\"url\":\"https:\/\/petproducts.com.cn\/\",\"name\":\"Petstar\",\"description\":\"Leading Pet Supplies Manufacturer &amp; OEM Pet Products Supplier\",\"publisher\":{\"@id\":\"https:\/\/petproducts.com.cn\/#organization\"},\"alternateName\":\"Petstar Pet Supplies\",\"potentialAction\":[{\"@type\":\"SearchAction\",\"target\":{\"@type\":\"EntryPoint\",\"urlTemplate\":\"https:\/\/petproducts.com.cn\/?s={search_term_string}\"},\"query-input\":{\"@type\":\"PropertyValueSpecification\",\"valueRequired\":true,\"valueName\":\"search_term_string\"}}],\"inLanguage\":\"es\"},{\"@type\":\"Organization\",\"@id\":\"https:\/\/petproducts.com.cn\/#organization\",\"name\":\"Petstar\",\"url\":\"https:\/\/petproducts.com.cn\/\",\"logo\":{\"@type\":\"ImageObject\",\"inLanguage\":\"es\",\"@id\":\"https:\/\/petproducts.com.cn\/#\/schema\/logo\/image\/\",\"url\":\"https:\/\/petproducts.com.cn\/wp-content\/uploads\/2020\/02\/petstar-logo.webp\",\"contentUrl\":\"https:\/\/petproducts.com.cn\/wp-content\/uploads\/2020\/02\/petstar-logo.webp\",\"width\":779,\"height\":520,\"caption\":\"Petstar\"},\"image\":{\"@id\":\"https:\/\/petproducts.com.cn\/#\/schema\/logo\/image\/\"}}]}<\/script>\n<!-- \/ Yoast SEO plugin. -->","yoast_head_json":{"title":"Jaula de Madera al por mayor para perros - Petstar","description":"Explorar gran jaula de perro de madera, muebles de madera jaula de perro, jaula de perro de madera directamente desde el fabricante. Su soluci\u00f3n de negocio ideal con Petstar.","robots":{"index":"index","follow":"follow","max-snippet":"max-snippet:-1","max-image-preview":"max-image-preview:large","max-video-preview":"max-video-preview:-1"},"canonical":"https:\/\/petproducts.com.cn\/es\/producto\/wholesale-large-wood-dog-crate-wooden-dog-crate-furniture\/","og_locale":"es_ES","og_type":"article","og_title":"Large Wood Dog Crate Wholesale | Wooden Dog Crate Furniture - Petstar","og_description":"Explore large wood dog crate, wood dog crate furniture, wooden dog crate directly from the manufacturer. Your ideal business solution with Petstar.","og_url":"https:\/\/petproducts.com.cn\/es\/producto\/wholesale-large-wood-dog-crate-wooden-dog-crate-furniture\/","og_site_name":"Petstar","article_modified_time":"2023-10-25T02:42:32+00:00","og_image":[{"width":1000,"height":1000,"url":"https:\/\/petproducts.com.cn\/wp-content\/uploads\/2023\/10\/wooden-dog-crate-furniture.webp","type":"image\/webp"}],"twitter_card":"summary_large_image","twitter_misc":{"Tiempo de lectura":"1 minuto"},"schema":{"@context":"https:\/\/schema.org","@graph":[{"@type":"WebPage","@id":"https:\/\/petproducts.com.cn\/product\/wholesale-large-wood-dog-crate-wooden-dog-crate-furniture\/","url":"https:\/\/petproducts.com.cn\/product\/wholesale-large-wood-dog-crate-wooden-dog-crate-furniture\/","name":"Jaula de Madera al por mayor para perros - Petstar","isPartOf":{"@id":"https:\/\/petproducts.com.cn\/#website"},"primaryImageOfPage":{"@id":"https:\/\/petproducts.com.cn\/product\/wholesale-large-wood-dog-crate-wooden-dog-crate-furniture\/#primaryimage"},"image":{"@id":"https:\/\/petproducts.com.cn\/product\/wholesale-large-wood-dog-crate-wooden-dog-crate-furniture\/#primaryimage"},"thumbnailUrl":"https:\/\/petproducts.com.cn\/wp-content\/uploads\/2023\/10\/wooden-dog-crate-furniture.webp","datePublished":"2023-10-25T02:17:18+00:00","dateModified":"2023-10-25T02:42:32+00:00","description":"Explorar gran jaula de perro de madera, muebles de madera jaula de perro, jaula de perro de madera directamente desde el fabricante. Su soluci\u00f3n de negocio ideal con Petstar.","breadcrumb":{"@id":"https:\/\/petproducts.com.cn\/product\/wholesale-large-wood-dog-crate-wooden-dog-crate-furniture\/#breadcrumb"},"inLanguage":"es","potentialAction":[{"@type":"ReadAction","target":["https:\/\/petproducts.com.cn\/product\/wholesale-large-wood-dog-crate-wooden-dog-crate-furniture\/"]}]},{"@type":"ImageObject","inLanguage":"es","@id":"https:\/\/petproducts.com.cn\/product\/wholesale-large-wood-dog-crate-wooden-dog-crate-furniture\/#primaryimage","url":"https:\/\/petproducts.com.cn\/wp-content\/uploads\/2023\/10\/wooden-dog-crate-furniture.webp","contentUrl":"https:\/\/petproducts.com.cn\/wp-content\/uploads\/2023\/10\/wooden-dog-crate-furniture.webp","width":1000,"height":1000,"caption":"wooden dog crate furniture"},{"@type":"BreadcrumbList","@id":"https:\/\/petproducts.com.cn\/product\/wholesale-large-wood-dog-crate-wooden-dog-crate-furniture\/#breadcrumb","itemListElement":[{"@type":"ListItem","position":1,"name":"HOME","item":"https:\/\/petproducts.com.cn\/"},{"@type":"ListItem","position":2,"name":"Products","item":"https:\/\/petproducts.com.cn\/shop\/"},{"@type":"ListItem","position":3,"name":"Dog Supplies","item":"https:\/\/petproducts.com.cn\/product-category\/dog-supplies\/"},{"@type":"ListItem","position":4,"name":"Wholesale Large Wood Dog Crate Wooden Dog Crate Furniture"}]},{"@type":"WebSite","@id":"https:\/\/petproducts.com.cn\/#website","url":"https:\/\/petproducts.com.cn\/","name":"Petstar","description":"Fabricante l\u00edder de art\u00edculos para mascotas y proveedor OEM de productos para mascotas","publisher":{"@id":"https:\/\/petproducts.com.cn\/#organization"},"alternateName":"Petstar Pet Supplies","potentialAction":[{"@type":"SearchAction","target":{"@type":"EntryPoint","urlTemplate":"https:\/\/petproducts.com.cn\/?s={search_term_string}"},"query-input":{"@type":"PropertyValueSpecification","valueRequired":true,"valueName":"search_term_string"}}],"inLanguage":"es"},{"@type":"Organization","@id":"https:\/\/petproducts.com.cn\/#organization","name":"Petstar","url":"https:\/\/petproducts.com.cn\/","logo":{"@type":"ImageObject","inLanguage":"es","@id":"https:\/\/petproducts.com.cn\/#\/schema\/logo\/image\/","url":"https:\/\/petproducts.com.cn\/wp-content\/uploads\/2020\/02\/petstar-logo.webp","contentUrl":"https:\/\/petproducts.com.cn\/wp-content\/uploads\/2020\/02\/petstar-logo.webp","width":779,"height":520,"caption":"Petstar"},"image":{"@id":"https:\/\/petproducts.com.cn\/#\/schema\/logo\/image\/"}}]}},"_links":{"self":[{"href":"https:\/\/petproducts.com.cn\/es\/wp-json\/wp\/v2\/product\/14274","targetHints":{"allow":["GET"]}}],"collection":[{"href":"https:\/\/petproducts.com.cn\/es\/wp-json\/wp\/v2\/product"}],"about":[{"href":"https:\/\/petproducts.com.cn\/es\/wp-json\/wp\/v2\/types\/product"}],"version-history":[{"count":1,"href":"https:\/\/petproducts.com.cn\/es\/wp-json\/wp\/v2\/product\/14274\/revisions"}],"predecessor-version":[{"id":14280,"href":"https:\/\/petproducts.com.cn\/es\/wp-json\/wp\/v2\/product\/14274\/revisions\/14280"}],"wp:featuredmedia":[{"embeddable":true,"href":"https:\/\/petproducts.com.cn\/es\/wp-json\/wp\/v2\/media\/14279"}],"wp:attachment":[{"href":"https:\/\/petproducts.com.cn\/es\/wp-json\/wp\/v2\/media?parent=14274"}],"wp:term":[{"taxonomy":"product_brand","embeddable":true,"href":"https:\/\/petproducts.com.cn\/es\/wp-json\/wp\/v2\/product_brand?post=14274"},{"taxonomy":"product_cat","embeddable":true,"href":"https:\/\/petproducts.com.cn\/es\/wp-json\/wp\/v2\/product_cat?post=14274"},{"taxonomy":"product_tag","embeddable":true,"href":"https:\/\/petproducts.com.cn\/es\/wp-json\/wp\/v2\/product_tag?post=14274"}],"curies":[{"name":"wp","href":"https:\/\/api.w.org\/{rel}","templated":true}]}}