{"id":14298,"date":"2023-10-25T05:58:33","date_gmt":"2023-10-25T05:58:33","guid":{"rendered":"https:\/\/petproducts.com.cn\/?post_type=product&#038;p=14298"},"modified":"2023-10-25T09:24:09","modified_gmt":"2023-10-25T09:24:09","slug":"wholesale-wood-dog-kennels-wooden-dog-furniture","status":"publish","type":"product","link":"https:\/\/petproducts.com.cn\/es\/product\/wholesale-wood-dog-kennels-wooden-dog-furniture\/","title":{"rendered":"Mayorista Perreras de Madera Muebles de Madera para Perros"},"content":{"rendered":"<h2>Caracter\u00edsticas de la perrera de madera para perros<\/h2>\n<ol>\n<li><strong>Mesa auxiliar de dise\u00f1o vers\u00e1til:<\/strong> La caseta de madera para perros cuenta con una elegante mesa auxiliar que no s\u00f3lo proporciona un espacio acogedor para su mascota, sino que tambi\u00e9n mejora las opciones de almacenamiento de su habitaci\u00f3n. Este dise\u00f1o de doble prop\u00f3sito maximiza la funcionalidad de su espacio vital.<\/li>\n<li><strong>Seguridad con una puerta con cerradura:<\/strong> Nuestra perrera incluye una puerta que puede cerrar con llave, ofreci\u00e9ndole una tranquilidad total. Podr\u00e1s contener a tu amigo peludo con total confianza y controlar su acceso a las distintas zonas.<\/li>\n<li><strong>Madera maciza duradera y resistente a la masticaci\u00f3n:<\/strong> Fabricada meticulosamente con madera maciza resistente a los mordiscos, esta caseta garantiza tanto la seguridad de su mascota como una soluci\u00f3n duradera. El robusto material garantiza la seguridad de su mascota, proporcion\u00e1ndole una caseta hecha para resistir el paso del tiempo.<\/li>\n<li><strong>Montaje sin esfuerzo:<\/strong> El montaje de su nueva caseta para perros es muy sencillo. El dise\u00f1o ligero y f\u00e1cil de usar, junto con las sencillas instrucciones de montaje, hacen que el proceso sea r\u00e1pido y ahorre tiempo.<\/li>\n<li><strong>Personalizaci\u00f3n para adaptarse a sus preferencias:<\/strong> Reconocemos que cada comprador tiene requisitos y gustos \u00fanicos. Por eso ofrecemos servicios de personalizaci\u00f3n para nuestra caseta de madera para perros. Tiene la flexibilidad de elegir el tama\u00f1o, el color y otras caracter\u00edsticas personalizadas que se ajusten perfectamente a sus necesidades y estilo individuales. Comparta sus requisitos de personalizaci\u00f3n y los haremos realidad para usted.<\/li>\n<\/ol>","protected":false},"excerpt":{"rendered":"<p>Somos fabricantes de jaulas para perros con m\u00e1s de 20 a\u00f1os de experiencia. Ofrecemos opciones de personalizaci\u00f3n de color, tama\u00f1o, tela, patr\u00f3n, logotipo y otras caracter\u00edsticas.<\/p>","protected":false},"featured_media":14307,"template":"","meta":{"_acf_changed":false},"product_brand":[],"product_cat":[52,72],"product_tag":[106],"class_list":{"0":"post-14298","1":"product","2":"type-product","3":"status-publish","4":"has-post-thumbnail","6":"product_cat-dog-crates-houses-pens","7":"product_cat-dog-supplies","8":"product_tag-dog-crates-houses-pens","10":"first","11":"instock","12":"shipping-taxable","13":"product-type-simple"},"acf":[],"yoast_head":"<!-- This site is optimized with the Yoast SEO plugin v27.1.1 - https:\/\/yoast.com\/product\/yoast-seo-wordpress\/ -->\n<title>Wooden Dog Kennel Wholesale | Dog Crate Wood - Petstar<\/title>\n<meta name=\"description\" content=\"Explore wooden dog kennel , dog crate wood,dog crate wood directly from the manufacturer. Your ideal business solution with Petstar.\" \/>\n<meta name=\"robots\" content=\"index, follow, max-snippet:-1, max-image-preview:large, max-video-preview:-1\" \/>\n<link rel=\"canonical\" href=\"https:\/\/petproducts.com.cn\/es\/producto\/wholesale-wood-dog-kennels-wooden-dog-furniture\/\" \/>\n<meta property=\"og:locale\" content=\"es_ES\" \/>\n<meta property=\"og:type\" content=\"article\" \/>\n<meta property=\"og:title\" content=\"Wooden Dog Kennel Wholesale | Dog Crate Wood - Petstar\" \/>\n<meta property=\"og:description\" content=\"Explore wooden dog kennel , dog crate wood,dog crate wood directly from the manufacturer. Your ideal business solution with Petstar.\" \/>\n<meta property=\"og:url\" content=\"https:\/\/petproducts.com.cn\/es\/producto\/wholesale-wood-dog-kennels-wooden-dog-furniture\/\" \/>\n<meta property=\"og:site_name\" content=\"Petstar\" \/>\n<meta property=\"article:modified_time\" content=\"2023-10-25T09:24:09+00:00\" \/>\n<meta property=\"og:image\" content=\"https:\/\/petproducts.com.cn\/wp-content\/uploads\/2023\/10\/dog-wood-crate.webp\" \/>\n\t<meta property=\"og:image:width\" content=\"1000\" \/>\n\t<meta property=\"og:image:height\" content=\"1000\" \/>\n\t<meta property=\"og:image:type\" content=\"image\/webp\" \/>\n<meta name=\"twitter:card\" content=\"summary_large_image\" \/>\n<meta name=\"twitter:label1\" content=\"Tiempo de lectura\" \/>\n\t<meta name=\"twitter:data1\" content=\"1 minuto\" \/>\n<script type=\"application\/ld+json\" class=\"yoast-schema-graph\">{\"@context\":\"https:\/\/schema.org\",\"@graph\":[{\"@type\":\"WebPage\",\"@id\":\"https:\/\/petproducts.com.cn\/product\/wholesale-wood-dog-kennels-wooden-dog-furniture\/\",\"url\":\"https:\/\/petproducts.com.cn\/product\/wholesale-wood-dog-kennels-wooden-dog-furniture\/\",\"name\":\"Wooden Dog Kennel Wholesale | Dog Crate Wood - Petstar\",\"isPartOf\":{\"@id\":\"https:\/\/petproducts.com.cn\/#website\"},\"primaryImageOfPage\":{\"@id\":\"https:\/\/petproducts.com.cn\/product\/wholesale-wood-dog-kennels-wooden-dog-furniture\/#primaryimage\"},\"image\":{\"@id\":\"https:\/\/petproducts.com.cn\/product\/wholesale-wood-dog-kennels-wooden-dog-furniture\/#primaryimage\"},\"thumbnailUrl\":\"https:\/\/petproducts.com.cn\/wp-content\/uploads\/2023\/10\/dog-wood-crate.webp\",\"datePublished\":\"2023-10-25T05:58:33+00:00\",\"dateModified\":\"2023-10-25T09:24:09+00:00\",\"description\":\"Explore wooden dog kennel , dog crate wood,dog crate wood directly from the manufacturer. Your ideal business solution with Petstar.\",\"breadcrumb\":{\"@id\":\"https:\/\/petproducts.com.cn\/product\/wholesale-wood-dog-kennels-wooden-dog-furniture\/#breadcrumb\"},\"inLanguage\":\"es\",\"potentialAction\":[{\"@type\":\"ReadAction\",\"target\":[\"https:\/\/petproducts.com.cn\/product\/wholesale-wood-dog-kennels-wooden-dog-furniture\/\"]}]},{\"@type\":\"ImageObject\",\"inLanguage\":\"es\",\"@id\":\"https:\/\/petproducts.com.cn\/product\/wholesale-wood-dog-kennels-wooden-dog-furniture\/#primaryimage\",\"url\":\"https:\/\/petproducts.com.cn\/wp-content\/uploads\/2023\/10\/dog-wood-crate.webp\",\"contentUrl\":\"https:\/\/petproducts.com.cn\/wp-content\/uploads\/2023\/10\/dog-wood-crate.webp\",\"width\":1000,\"height\":1000,\"caption\":\"wooden dog kennel\"},{\"@type\":\"BreadcrumbList\",\"@id\":\"https:\/\/petproducts.com.cn\/product\/wholesale-wood-dog-kennels-wooden-dog-furniture\/#breadcrumb\",\"itemListElement\":[{\"@type\":\"ListItem\",\"position\":1,\"name\":\"HOME\",\"item\":\"https:\/\/petproducts.com.cn\/\"},{\"@type\":\"ListItem\",\"position\":2,\"name\":\"Products\",\"item\":\"https:\/\/petproducts.com.cn\/shop\/\"},{\"@type\":\"ListItem\",\"position\":3,\"name\":\"Dog Supplies\",\"item\":\"https:\/\/petproducts.com.cn\/product-category\/dog-supplies\/\"},{\"@type\":\"ListItem\",\"position\":4,\"name\":\"Wholesale Wood Dog Kennels Wooden Dog Furniture\"}]},{\"@type\":\"WebSite\",\"@id\":\"https:\/\/petproducts.com.cn\/#website\",\"url\":\"https:\/\/petproducts.com.cn\/\",\"name\":\"Petstar\",\"description\":\"Leading Pet Supplies Manufacturer &amp; OEM Pet Products Supplier\",\"publisher\":{\"@id\":\"https:\/\/petproducts.com.cn\/#organization\"},\"alternateName\":\"Petstar Pet Supplies\",\"potentialAction\":[{\"@type\":\"SearchAction\",\"target\":{\"@type\":\"EntryPoint\",\"urlTemplate\":\"https:\/\/petproducts.com.cn\/?s={search_term_string}\"},\"query-input\":{\"@type\":\"PropertyValueSpecification\",\"valueRequired\":true,\"valueName\":\"search_term_string\"}}],\"inLanguage\":\"es\"},{\"@type\":\"Organization\",\"@id\":\"https:\/\/petproducts.com.cn\/#organization\",\"name\":\"Petstar\",\"url\":\"https:\/\/petproducts.com.cn\/\",\"logo\":{\"@type\":\"ImageObject\",\"inLanguage\":\"es\",\"@id\":\"https:\/\/petproducts.com.cn\/#\/schema\/logo\/image\/\",\"url\":\"https:\/\/petproducts.com.cn\/wp-content\/uploads\/2020\/02\/petstar-logo.webp\",\"contentUrl\":\"https:\/\/petproducts.com.cn\/wp-content\/uploads\/2020\/02\/petstar-logo.webp\",\"width\":779,\"height\":520,\"caption\":\"Petstar\"},\"image\":{\"@id\":\"https:\/\/petproducts.com.cn\/#\/schema\/logo\/image\/\"}}]}<\/script>\n<!-- \/ Yoast SEO plugin. -->","yoast_head_json":{"title":"Perrera de Madera para Perros al por mayor | Dog Crate Wood - Petstar","description":"Explorar la perrera de madera para perros , caja de madera para perros,caja de madera para perros directamente desde el fabricante. Su soluci\u00f3n de negocio ideal con Petstar.","robots":{"index":"index","follow":"follow","max-snippet":"max-snippet:-1","max-image-preview":"max-image-preview:large","max-video-preview":"max-video-preview:-1"},"canonical":"https:\/\/petproducts.com.cn\/es\/producto\/wholesale-wood-dog-kennels-wooden-dog-furniture\/","og_locale":"es_ES","og_type":"article","og_title":"Wooden Dog Kennel Wholesale | Dog Crate Wood - Petstar","og_description":"Explore wooden dog kennel , dog crate wood,dog crate wood directly from the manufacturer. Your ideal business solution with Petstar.","og_url":"https:\/\/petproducts.com.cn\/es\/producto\/wholesale-wood-dog-kennels-wooden-dog-furniture\/","og_site_name":"Petstar","article_modified_time":"2023-10-25T09:24:09+00:00","og_image":[{"width":1000,"height":1000,"url":"https:\/\/petproducts.com.cn\/wp-content\/uploads\/2023\/10\/dog-wood-crate.webp","type":"image\/webp"}],"twitter_card":"summary_large_image","twitter_misc":{"Tiempo de lectura":"1 minuto"},"schema":{"@context":"https:\/\/schema.org","@graph":[{"@type":"WebPage","@id":"https:\/\/petproducts.com.cn\/product\/wholesale-wood-dog-kennels-wooden-dog-furniture\/","url":"https:\/\/petproducts.com.cn\/product\/wholesale-wood-dog-kennels-wooden-dog-furniture\/","name":"Perrera de Madera para Perros al por mayor | Dog Crate Wood - Petstar","isPartOf":{"@id":"https:\/\/petproducts.com.cn\/#website"},"primaryImageOfPage":{"@id":"https:\/\/petproducts.com.cn\/product\/wholesale-wood-dog-kennels-wooden-dog-furniture\/#primaryimage"},"image":{"@id":"https:\/\/petproducts.com.cn\/product\/wholesale-wood-dog-kennels-wooden-dog-furniture\/#primaryimage"},"thumbnailUrl":"https:\/\/petproducts.com.cn\/wp-content\/uploads\/2023\/10\/dog-wood-crate.webp","datePublished":"2023-10-25T05:58:33+00:00","dateModified":"2023-10-25T09:24:09+00:00","description":"Explorar la perrera de madera para perros , caja de madera para perros,caja de madera para perros directamente desde el fabricante. Su soluci\u00f3n de negocio ideal con Petstar.","breadcrumb":{"@id":"https:\/\/petproducts.com.cn\/product\/wholesale-wood-dog-kennels-wooden-dog-furniture\/#breadcrumb"},"inLanguage":"es","potentialAction":[{"@type":"ReadAction","target":["https:\/\/petproducts.com.cn\/product\/wholesale-wood-dog-kennels-wooden-dog-furniture\/"]}]},{"@type":"ImageObject","inLanguage":"es","@id":"https:\/\/petproducts.com.cn\/product\/wholesale-wood-dog-kennels-wooden-dog-furniture\/#primaryimage","url":"https:\/\/petproducts.com.cn\/wp-content\/uploads\/2023\/10\/dog-wood-crate.webp","contentUrl":"https:\/\/petproducts.com.cn\/wp-content\/uploads\/2023\/10\/dog-wood-crate.webp","width":1000,"height":1000,"caption":"wooden dog kennel"},{"@type":"BreadcrumbList","@id":"https:\/\/petproducts.com.cn\/product\/wholesale-wood-dog-kennels-wooden-dog-furniture\/#breadcrumb","itemListElement":[{"@type":"ListItem","position":1,"name":"HOME","item":"https:\/\/petproducts.com.cn\/"},{"@type":"ListItem","position":2,"name":"Products","item":"https:\/\/petproducts.com.cn\/shop\/"},{"@type":"ListItem","position":3,"name":"Dog Supplies","item":"https:\/\/petproducts.com.cn\/product-category\/dog-supplies\/"},{"@type":"ListItem","position":4,"name":"Wholesale Wood Dog Kennels Wooden Dog Furniture"}]},{"@type":"WebSite","@id":"https:\/\/petproducts.com.cn\/#website","url":"https:\/\/petproducts.com.cn\/","name":"Petstar","description":"Fabricante l\u00edder de art\u00edculos para mascotas y proveedor OEM de productos para mascotas","publisher":{"@id":"https:\/\/petproducts.com.cn\/#organization"},"alternateName":"Petstar Pet Supplies","potentialAction":[{"@type":"SearchAction","target":{"@type":"EntryPoint","urlTemplate":"https:\/\/petproducts.com.cn\/?s={search_term_string}"},"query-input":{"@type":"PropertyValueSpecification","valueRequired":true,"valueName":"search_term_string"}}],"inLanguage":"es"},{"@type":"Organization","@id":"https:\/\/petproducts.com.cn\/#organization","name":"Petstar","url":"https:\/\/petproducts.com.cn\/","logo":{"@type":"ImageObject","inLanguage":"es","@id":"https:\/\/petproducts.com.cn\/#\/schema\/logo\/image\/","url":"https:\/\/petproducts.com.cn\/wp-content\/uploads\/2020\/02\/petstar-logo.webp","contentUrl":"https:\/\/petproducts.com.cn\/wp-content\/uploads\/2020\/02\/petstar-logo.webp","width":779,"height":520,"caption":"Petstar"},"image":{"@id":"https:\/\/petproducts.com.cn\/#\/schema\/logo\/image\/"}}]}},"_links":{"self":[{"href":"https:\/\/petproducts.com.cn\/es\/wp-json\/wp\/v2\/product\/14298","targetHints":{"allow":["GET"]}}],"collection":[{"href":"https:\/\/petproducts.com.cn\/es\/wp-json\/wp\/v2\/product"}],"about":[{"href":"https:\/\/petproducts.com.cn\/es\/wp-json\/wp\/v2\/types\/product"}],"version-history":[{"count":4,"href":"https:\/\/petproducts.com.cn\/es\/wp-json\/wp\/v2\/product\/14298\/revisions"}],"predecessor-version":[{"id":14331,"href":"https:\/\/petproducts.com.cn\/es\/wp-json\/wp\/v2\/product\/14298\/revisions\/14331"}],"wp:featuredmedia":[{"embeddable":true,"href":"https:\/\/petproducts.com.cn\/es\/wp-json\/wp\/v2\/media\/14307"}],"wp:attachment":[{"href":"https:\/\/petproducts.com.cn\/es\/wp-json\/wp\/v2\/media?parent=14298"}],"wp:term":[{"taxonomy":"product_brand","embeddable":true,"href":"https:\/\/petproducts.com.cn\/es\/wp-json\/wp\/v2\/product_brand?post=14298"},{"taxonomy":"product_cat","embeddable":true,"href":"https:\/\/petproducts.com.cn\/es\/wp-json\/wp\/v2\/product_cat?post=14298"},{"taxonomy":"product_tag","embeddable":true,"href":"https:\/\/petproducts.com.cn\/es\/wp-json\/wp\/v2\/product_tag?post=14298"}],"curies":[{"name":"wp","href":"https:\/\/api.w.org\/{rel}","templated":true}]}}