{"id":14332,"date":"2023-10-25T09:27:53","date_gmt":"2023-10-25T09:27:53","guid":{"rendered":"https:\/\/petproducts.com.cn\/?post_type=product&#038;p=14332"},"modified":"2023-10-26T08:57:43","modified_gmt":"2023-10-26T08:57:43","slug":"wholesale-wood-dog-kennel-wooden-dog-crate-furniture","status":"publish","type":"product","link":"https:\/\/petproducts.com.cn\/es\/product\/wholesale-wood-dog-kennel-wooden-dog-crate-furniture\/","title":{"rendered":"Mayorista Perrera de madera para perros Muebles de madera para jaulas de perros"},"content":{"rendered":"<h2>Caracter\u00edsticas de los muebles de madera del caj\u00f3n del perro<\/h2>\n<ol>\n<li><strong>Dise\u00f1o abierto para el flujo de aire:<\/strong> Nuestros muebles de madera para jaulas de perros tienen una estructura abierta con listones laterales, lo que garantiza una amplia ventilaci\u00f3n. Esto garantiza que su amigo peludo se mantenga fresco y c\u00f3modo, al tiempo que evita la acumulaci\u00f3n de aire viciado.<\/li>\n<li><strong>C\u00f3moda puerta principal:<\/strong> La inclusi\u00f3n de una puerta frontal facilita el acceso de su mascota, al tiempo que aumenta la funcionalidad del mueble. Es una soluci\u00f3n sin complicaciones tanto para ti como para tu perro.<\/li>\n<li><strong>M\u00e1xima durabilidad y acabado liso:<\/strong> Fabricado pensando en la durabilidad, el tablero de este mueble de madera ofrece una superficie resistente que combina a la perfecci\u00f3n con la decoraci\u00f3n de su hogar. No solo es robusto, sino tambi\u00e9n est\u00e9ticamente agradable.<\/li>\n<li><strong>Opciones de personalizaci\u00f3n:<\/strong> Entendemos que cada hogar es \u00fanico, y nuestro producto complementa ese sentimiento. Usted tiene la libertad de personalizar su anchura para que se adapte perfectamente a su estilo interior.<\/li>\n<li><strong>Personalizaci\u00f3n del comprador a granel:<\/strong> Para quienes deseen comprar al por mayor, ofrecemos servicios a medida para satisfacer sus necesidades espec\u00edficas. Ya se trate de tama\u00f1o, acabado o dise\u00f1o, nuestro equipo est\u00e1 preparado para satisfacer sus requisitos.<\/li>\n<li><strong>Dise\u00f1o multifuncional:<\/strong> Nuestros muebles de madera para jaulas de perros tienen una doble funci\u00f3n: son un santuario seguro para su mascota y una elegante pieza de decoraci\u00f3n para el hogar. Este dise\u00f1o vers\u00e1til maximiza la utilidad de su espacio.<\/li>\n<\/ol>","protected":false},"excerpt":{"rendered":"<p>Somos fabricantes de jaulas para perros con m\u00e1s de 20 a\u00f1os de experiencia. Ofrecemos opciones de personalizaci\u00f3n de color, tama\u00f1o, tela, patr\u00f3n, logotipo y otras caracter\u00edsticas.<\/p>","protected":false},"featured_media":14341,"template":"","meta":{"_acf_changed":false},"product_brand":[],"product_cat":[52,72],"product_tag":[106],"class_list":{"0":"post-14332","1":"product","2":"type-product","3":"status-publish","4":"has-post-thumbnail","6":"product_cat-dog-crates-houses-pens","7":"product_cat-dog-supplies","8":"product_tag-dog-crates-houses-pens","10":"first","11":"instock","12":"shipping-taxable","13":"product-type-simple"},"acf":[],"yoast_head":"<!-- This site is optimized with the Yoast SEO plugin v27.1.1 - https:\/\/yoast.com\/product\/yoast-seo-wordpress\/ -->\n<title>Wooden Dog Crate Furniture Wholesale | Dog Wood Crate - Petstar<\/title>\n<meta name=\"description\" content=\"Explore wooden dog crate furniture , dog wood crate,wood dog kennel directly from the manufacturer. Your ideal business solution with Petstar.\" \/>\n<meta name=\"robots\" content=\"index, follow, max-snippet:-1, max-image-preview:large, max-video-preview:-1\" \/>\n<link rel=\"canonical\" href=\"https:\/\/petproducts.com.cn\/es\/producto\/wholesale-wood-dog-kennel-wooden-dog-crate-furniture\/\" \/>\n<meta property=\"og:locale\" content=\"es_ES\" \/>\n<meta property=\"og:type\" content=\"article\" \/>\n<meta property=\"og:title\" content=\"Wooden Dog Crate Furniture Wholesale | Dog Wood Crate - Petstar\" \/>\n<meta property=\"og:description\" content=\"Explore wooden dog crate furniture , dog wood crate,wood dog kennel directly from the manufacturer. Your ideal business solution with Petstar.\" \/>\n<meta property=\"og:url\" content=\"https:\/\/petproducts.com.cn\/es\/producto\/wholesale-wood-dog-kennel-wooden-dog-crate-furniture\/\" \/>\n<meta property=\"og:site_name\" content=\"Petstar\" \/>\n<meta property=\"article:modified_time\" content=\"2023-10-26T08:57:43+00:00\" \/>\n<meta property=\"og:image\" content=\"https:\/\/petproducts.com.cn\/wp-content\/uploads\/2023\/10\/wooden-dog-crate-furniture-2.jpg\" \/>\n\t<meta property=\"og:image:width\" content=\"1000\" \/>\n\t<meta property=\"og:image:height\" content=\"1000\" \/>\n\t<meta property=\"og:image:type\" content=\"image\/jpeg\" \/>\n<meta name=\"twitter:card\" content=\"summary_large_image\" \/>\n<meta name=\"twitter:label1\" content=\"Tiempo de lectura\" \/>\n\t<meta name=\"twitter:data1\" content=\"1 minuto\" \/>\n<script type=\"application\/ld+json\" class=\"yoast-schema-graph\">{\"@context\":\"https:\/\/schema.org\",\"@graph\":[{\"@type\":\"WebPage\",\"@id\":\"https:\/\/petproducts.com.cn\/product\/wholesale-wood-dog-kennel-wooden-dog-crate-furniture\/\",\"url\":\"https:\/\/petproducts.com.cn\/product\/wholesale-wood-dog-kennel-wooden-dog-crate-furniture\/\",\"name\":\"Wooden Dog Crate Furniture Wholesale | Dog Wood Crate - Petstar\",\"isPartOf\":{\"@id\":\"https:\/\/petproducts.com.cn\/#website\"},\"primaryImageOfPage\":{\"@id\":\"https:\/\/petproducts.com.cn\/product\/wholesale-wood-dog-kennel-wooden-dog-crate-furniture\/#primaryimage\"},\"image\":{\"@id\":\"https:\/\/petproducts.com.cn\/product\/wholesale-wood-dog-kennel-wooden-dog-crate-furniture\/#primaryimage\"},\"thumbnailUrl\":\"https:\/\/petproducts.com.cn\/wp-content\/uploads\/2023\/10\/wooden-dog-crate-furniture-2.jpg\",\"datePublished\":\"2023-10-25T09:27:53+00:00\",\"dateModified\":\"2023-10-26T08:57:43+00:00\",\"description\":\"Explore wooden dog crate furniture , dog wood crate,wood dog kennel directly from the manufacturer. Your ideal business solution with Petstar.\",\"breadcrumb\":{\"@id\":\"https:\/\/petproducts.com.cn\/product\/wholesale-wood-dog-kennel-wooden-dog-crate-furniture\/#breadcrumb\"},\"inLanguage\":\"es\",\"potentialAction\":[{\"@type\":\"ReadAction\",\"target\":[\"https:\/\/petproducts.com.cn\/product\/wholesale-wood-dog-kennel-wooden-dog-crate-furniture\/\"]}]},{\"@type\":\"ImageObject\",\"inLanguage\":\"es\",\"@id\":\"https:\/\/petproducts.com.cn\/product\/wholesale-wood-dog-kennel-wooden-dog-crate-furniture\/#primaryimage\",\"url\":\"https:\/\/petproducts.com.cn\/wp-content\/uploads\/2023\/10\/wooden-dog-crate-furniture-2.jpg\",\"contentUrl\":\"https:\/\/petproducts.com.cn\/wp-content\/uploads\/2023\/10\/wooden-dog-crate-furniture-2.jpg\",\"width\":1000,\"height\":1000,\"caption\":\"wooden dog crate furniture\"},{\"@type\":\"BreadcrumbList\",\"@id\":\"https:\/\/petproducts.com.cn\/product\/wholesale-wood-dog-kennel-wooden-dog-crate-furniture\/#breadcrumb\",\"itemListElement\":[{\"@type\":\"ListItem\",\"position\":1,\"name\":\"HOME\",\"item\":\"https:\/\/petproducts.com.cn\/\"},{\"@type\":\"ListItem\",\"position\":2,\"name\":\"Products\",\"item\":\"https:\/\/petproducts.com.cn\/shop\/\"},{\"@type\":\"ListItem\",\"position\":3,\"name\":\"Dog Supplies\",\"item\":\"https:\/\/petproducts.com.cn\/product-category\/dog-supplies\/\"},{\"@type\":\"ListItem\",\"position\":4,\"name\":\"Wholesale Wood Dog Kennel Wooden Dog Crate Furniture\"}]},{\"@type\":\"WebSite\",\"@id\":\"https:\/\/petproducts.com.cn\/#website\",\"url\":\"https:\/\/petproducts.com.cn\/\",\"name\":\"Petstar\",\"description\":\"Leading Pet Supplies Manufacturer &amp; OEM Pet Products Supplier\",\"publisher\":{\"@id\":\"https:\/\/petproducts.com.cn\/#organization\"},\"alternateName\":\"Petstar Pet Supplies\",\"potentialAction\":[{\"@type\":\"SearchAction\",\"target\":{\"@type\":\"EntryPoint\",\"urlTemplate\":\"https:\/\/petproducts.com.cn\/?s={search_term_string}\"},\"query-input\":{\"@type\":\"PropertyValueSpecification\",\"valueRequired\":true,\"valueName\":\"search_term_string\"}}],\"inLanguage\":\"es\"},{\"@type\":\"Organization\",\"@id\":\"https:\/\/petproducts.com.cn\/#organization\",\"name\":\"Petstar\",\"url\":\"https:\/\/petproducts.com.cn\/\",\"logo\":{\"@type\":\"ImageObject\",\"inLanguage\":\"es\",\"@id\":\"https:\/\/petproducts.com.cn\/#\/schema\/logo\/image\/\",\"url\":\"https:\/\/petproducts.com.cn\/wp-content\/uploads\/2020\/02\/petstar-logo.webp\",\"contentUrl\":\"https:\/\/petproducts.com.cn\/wp-content\/uploads\/2020\/02\/petstar-logo.webp\",\"width\":779,\"height\":520,\"caption\":\"Petstar\"},\"image\":{\"@id\":\"https:\/\/petproducts.com.cn\/#\/schema\/logo\/image\/\"}}]}<\/script>\n<!-- \/ Yoast SEO plugin. -->","yoast_head_json":{"title":"Perro de madera Crate Muebles al por mayor | Perro de madera Crate - Petstar","description":"Explore muebles de madera para jaulas de perros, jaulas de madera para perros, perreras de madera para perros directamente del fabricante. Su soluci\u00f3n de negocio ideal con Petstar.","robots":{"index":"index","follow":"follow","max-snippet":"max-snippet:-1","max-image-preview":"max-image-preview:large","max-video-preview":"max-video-preview:-1"},"canonical":"https:\/\/petproducts.com.cn\/es\/producto\/wholesale-wood-dog-kennel-wooden-dog-crate-furniture\/","og_locale":"es_ES","og_type":"article","og_title":"Wooden Dog Crate Furniture Wholesale | Dog Wood Crate - Petstar","og_description":"Explore wooden dog crate furniture , dog wood crate,wood dog kennel directly from the manufacturer. Your ideal business solution with Petstar.","og_url":"https:\/\/petproducts.com.cn\/es\/producto\/wholesale-wood-dog-kennel-wooden-dog-crate-furniture\/","og_site_name":"Petstar","article_modified_time":"2023-10-26T08:57:43+00:00","og_image":[{"width":1000,"height":1000,"url":"https:\/\/petproducts.com.cn\/wp-content\/uploads\/2023\/10\/wooden-dog-crate-furniture-2.jpg","type":"image\/jpeg"}],"twitter_card":"summary_large_image","twitter_misc":{"Tiempo de lectura":"1 minuto"},"schema":{"@context":"https:\/\/schema.org","@graph":[{"@type":"WebPage","@id":"https:\/\/petproducts.com.cn\/product\/wholesale-wood-dog-kennel-wooden-dog-crate-furniture\/","url":"https:\/\/petproducts.com.cn\/product\/wholesale-wood-dog-kennel-wooden-dog-crate-furniture\/","name":"Perro de madera Crate Muebles al por mayor | Perro de madera Crate - Petstar","isPartOf":{"@id":"https:\/\/petproducts.com.cn\/#website"},"primaryImageOfPage":{"@id":"https:\/\/petproducts.com.cn\/product\/wholesale-wood-dog-kennel-wooden-dog-crate-furniture\/#primaryimage"},"image":{"@id":"https:\/\/petproducts.com.cn\/product\/wholesale-wood-dog-kennel-wooden-dog-crate-furniture\/#primaryimage"},"thumbnailUrl":"https:\/\/petproducts.com.cn\/wp-content\/uploads\/2023\/10\/wooden-dog-crate-furniture-2.jpg","datePublished":"2023-10-25T09:27:53+00:00","dateModified":"2023-10-26T08:57:43+00:00","description":"Explore muebles de madera para jaulas de perros, jaulas de madera para perros, perreras de madera para perros directamente del fabricante. Su soluci\u00f3n de negocio ideal con Petstar.","breadcrumb":{"@id":"https:\/\/petproducts.com.cn\/product\/wholesale-wood-dog-kennel-wooden-dog-crate-furniture\/#breadcrumb"},"inLanguage":"es","potentialAction":[{"@type":"ReadAction","target":["https:\/\/petproducts.com.cn\/product\/wholesale-wood-dog-kennel-wooden-dog-crate-furniture\/"]}]},{"@type":"ImageObject","inLanguage":"es","@id":"https:\/\/petproducts.com.cn\/product\/wholesale-wood-dog-kennel-wooden-dog-crate-furniture\/#primaryimage","url":"https:\/\/petproducts.com.cn\/wp-content\/uploads\/2023\/10\/wooden-dog-crate-furniture-2.jpg","contentUrl":"https:\/\/petproducts.com.cn\/wp-content\/uploads\/2023\/10\/wooden-dog-crate-furniture-2.jpg","width":1000,"height":1000,"caption":"wooden dog crate furniture"},{"@type":"BreadcrumbList","@id":"https:\/\/petproducts.com.cn\/product\/wholesale-wood-dog-kennel-wooden-dog-crate-furniture\/#breadcrumb","itemListElement":[{"@type":"ListItem","position":1,"name":"HOME","item":"https:\/\/petproducts.com.cn\/"},{"@type":"ListItem","position":2,"name":"Products","item":"https:\/\/petproducts.com.cn\/shop\/"},{"@type":"ListItem","position":3,"name":"Dog Supplies","item":"https:\/\/petproducts.com.cn\/product-category\/dog-supplies\/"},{"@type":"ListItem","position":4,"name":"Wholesale Wood Dog Kennel Wooden Dog Crate Furniture"}]},{"@type":"WebSite","@id":"https:\/\/petproducts.com.cn\/#website","url":"https:\/\/petproducts.com.cn\/","name":"Petstar","description":"Fabricante l\u00edder de art\u00edculos para mascotas y proveedor OEM de productos para mascotas","publisher":{"@id":"https:\/\/petproducts.com.cn\/#organization"},"alternateName":"Petstar Pet Supplies","potentialAction":[{"@type":"SearchAction","target":{"@type":"EntryPoint","urlTemplate":"https:\/\/petproducts.com.cn\/?s={search_term_string}"},"query-input":{"@type":"PropertyValueSpecification","valueRequired":true,"valueName":"search_term_string"}}],"inLanguage":"es"},{"@type":"Organization","@id":"https:\/\/petproducts.com.cn\/#organization","name":"Petstar","url":"https:\/\/petproducts.com.cn\/","logo":{"@type":"ImageObject","inLanguage":"es","@id":"https:\/\/petproducts.com.cn\/#\/schema\/logo\/image\/","url":"https:\/\/petproducts.com.cn\/wp-content\/uploads\/2020\/02\/petstar-logo.webp","contentUrl":"https:\/\/petproducts.com.cn\/wp-content\/uploads\/2020\/02\/petstar-logo.webp","width":779,"height":520,"caption":"Petstar"},"image":{"@id":"https:\/\/petproducts.com.cn\/#\/schema\/logo\/image\/"}}]}},"_links":{"self":[{"href":"https:\/\/petproducts.com.cn\/es\/wp-json\/wp\/v2\/product\/14332","targetHints":{"allow":["GET"]}}],"collection":[{"href":"https:\/\/petproducts.com.cn\/es\/wp-json\/wp\/v2\/product"}],"about":[{"href":"https:\/\/petproducts.com.cn\/es\/wp-json\/wp\/v2\/types\/product"}],"version-history":[{"count":2,"href":"https:\/\/petproducts.com.cn\/es\/wp-json\/wp\/v2\/product\/14332\/revisions"}],"predecessor-version":[{"id":14350,"href":"https:\/\/petproducts.com.cn\/es\/wp-json\/wp\/v2\/product\/14332\/revisions\/14350"}],"wp:featuredmedia":[{"embeddable":true,"href":"https:\/\/petproducts.com.cn\/es\/wp-json\/wp\/v2\/media\/14341"}],"wp:attachment":[{"href":"https:\/\/petproducts.com.cn\/es\/wp-json\/wp\/v2\/media?parent=14332"}],"wp:term":[{"taxonomy":"product_brand","embeddable":true,"href":"https:\/\/petproducts.com.cn\/es\/wp-json\/wp\/v2\/product_brand?post=14332"},{"taxonomy":"product_cat","embeddable":true,"href":"https:\/\/petproducts.com.cn\/es\/wp-json\/wp\/v2\/product_cat?post=14332"},{"taxonomy":"product_tag","embeddable":true,"href":"https:\/\/petproducts.com.cn\/es\/wp-json\/wp\/v2\/product_tag?post=14332"}],"curies":[{"name":"wp","href":"https:\/\/api.w.org\/{rel}","templated":true}]}}