{"id":14451,"date":"2023-10-26T07:12:20","date_gmt":"2023-10-26T07:12:20","guid":{"rendered":"https:\/\/petproducts.com.cn\/?post_type=product&#038;p=14451"},"modified":"2023-10-26T07:30:46","modified_gmt":"2023-10-26T07:30:46","slug":"artificial-rattan-wicker-dog-crate","status":"publish","type":"product","link":"https:\/\/petproducts.com.cn\/es\/product\/artificial-rattan-wicker-dog-crate\/","title":{"rendered":"Jaula para perros de mimbre artificial"},"content":{"rendered":"<h2>Caracter\u00edsticas de la jaula del perro de rat\u00e1n<\/h2>\n<ol>\n<li><strong>Mecanismo de cierre seguro:<\/strong> Hemos equipado la jaula de rat\u00e1n para perros con una cerradura fiable que garantiza la seguridad de su mascota y evita escapes accidentales.<\/li>\n<li><strong>Artesan\u00eda tejida a mano:<\/strong> H\u00e1biles artesanos tejieron a mano nuestros muebles perrera, combinando artesan\u00eda y estilo para adaptarse perfectamente a la decoraci\u00f3n de su hogar.<\/li>\n<li><strong>Soluciones a medida para pedidos masivos:<\/strong> Tanto si necesita varias unidades para una tienda de art\u00edculos para mascotas como si tiene preferencias de dise\u00f1o espec\u00edficas, ofrecemos opciones personalizadas para pedidos al por mayor, que le permiten adaptar el producto a sus requisitos exactos.<\/li>\n<li><strong>Elegante dise\u00f1o de rat\u00e1n:<\/strong> Esta jaula para perros presenta un elegante tejido de rat\u00e1n que a\u00f1ade sofisticaci\u00f3n al espacio vital de su mascota y combina a la perfecci\u00f3n con la est\u00e9tica de su hogar.<\/li>\n<li><strong>Duradero y seguro:<\/strong> La construcci\u00f3n de rat\u00e1n no es s\u00f3lo est\u00e9ticamente agradable; tambi\u00e9n es resistente y segura para las mascotas, proporcionando un entorno seguro para su peludo compa\u00f1ero.<\/li>\n<li><strong>F\u00e1cil de limpiar:<\/strong> Limpiar los muebles de la caseta para perros es muy f\u00e1cil. Basta con pasar un pa\u00f1o para mantener su aspecto fresco y limpio.<\/li>\n<li><strong>Multifuncional:<\/strong> Adem\u00e1s de ser un recinto seguro para el perro, nuestros muebles para jaulas tambi\u00e9n pueden servir como un mueble elegante, como una mesa auxiliar o una mesilla de noche.<\/li>\n<li><strong>Montaje sin complicaciones:<\/strong> Hemos dise\u00f1ado el mueble jaula para perros para que sea f\u00e1cil de montar, lo que le permitir\u00e1 instalarlo r\u00e1pidamente y proporcionar a su mascota un espacio c\u00f3modo y seguro.<\/li>\n<\/ol>\n<div id=\"gtx-trans\" style=\"position: absolute; left: 171px; top: 179.707px;\">\n<div class=\"gtx-trans-icon\"><\/div>\n<\/div>","protected":false},"excerpt":{"rendered":"<p>Somos fabricantes de jaulas para perros con m\u00e1s de 20 a\u00f1os de experiencia. Ofrecemos opciones de personalizaci\u00f3n de color, tama\u00f1o, tela, patr\u00f3n, logotipo y otras caracter\u00edsticas.<\/p>","protected":false},"featured_media":14457,"template":"","meta":{"_acf_changed":false},"product_brand":[],"product_cat":[52,72],"product_tag":[106],"class_list":{"0":"post-14451","1":"product","2":"type-product","3":"status-publish","4":"has-post-thumbnail","6":"product_cat-dog-crates-houses-pens","7":"product_cat-dog-supplies","8":"product_tag-dog-crates-houses-pens","10":"first","11":"instock","12":"shipping-taxable","13":"product-type-simple"},"acf":[],"yoast_head":"<!-- This site is optimized with the Yoast SEO plugin v27.1.1 - https:\/\/yoast.com\/product\/yoast-seo-wordpress\/ -->\n<title>Rattan Dog Cage Wholesale | Dog Crate Furniture Supplier- Petstar<\/title>\n<meta name=\"description\" content=\"Explore rattan dog cage , dog crate furniture,dog kennel furniture directly from the manufacturer. Your ideal business solution with Petstar.\" \/>\n<meta name=\"robots\" content=\"index, follow, max-snippet:-1, max-image-preview:large, max-video-preview:-1\" \/>\n<link rel=\"canonical\" href=\"https:\/\/petproducts.com.cn\/es\/producto\/artificial-rattan-wicker-dog-crate\/\" \/>\n<meta property=\"og:locale\" content=\"es_ES\" \/>\n<meta property=\"og:type\" content=\"article\" \/>\n<meta property=\"og:title\" content=\"Rattan Dog Cage Wholesale | Dog Crate Furniture Supplier- Petstar\" \/>\n<meta property=\"og:description\" content=\"Explore rattan dog cage , dog crate furniture,dog kennel furniture directly from the manufacturer. Your ideal business solution with Petstar.\" \/>\n<meta property=\"og:url\" content=\"https:\/\/petproducts.com.cn\/es\/producto\/artificial-rattan-wicker-dog-crate\/\" \/>\n<meta property=\"og:site_name\" content=\"Petstar\" \/>\n<meta property=\"article:modified_time\" content=\"2023-10-26T07:30:46+00:00\" \/>\n<meta property=\"og:image\" content=\"https:\/\/petproducts.com.cn\/wp-content\/uploads\/2023\/10\/rattan-dog-cage.webp\" \/>\n\t<meta property=\"og:image:width\" content=\"1000\" \/>\n\t<meta property=\"og:image:height\" content=\"1000\" \/>\n\t<meta property=\"og:image:type\" content=\"image\/webp\" \/>\n<meta name=\"twitter:card\" content=\"summary_large_image\" \/>\n<meta name=\"twitter:label1\" content=\"Tiempo de lectura\" \/>\n\t<meta name=\"twitter:data1\" content=\"1 minuto\" \/>\n<script type=\"application\/ld+json\" class=\"yoast-schema-graph\">{\"@context\":\"https:\/\/schema.org\",\"@graph\":[{\"@type\":\"WebPage\",\"@id\":\"https:\/\/petproducts.com.cn\/product\/artificial-rattan-wicker-dog-crate\/\",\"url\":\"https:\/\/petproducts.com.cn\/product\/artificial-rattan-wicker-dog-crate\/\",\"name\":\"Rattan Dog Cage Wholesale | Dog Crate Furniture Supplier- Petstar\",\"isPartOf\":{\"@id\":\"https:\/\/petproducts.com.cn\/#website\"},\"primaryImageOfPage\":{\"@id\":\"https:\/\/petproducts.com.cn\/product\/artificial-rattan-wicker-dog-crate\/#primaryimage\"},\"image\":{\"@id\":\"https:\/\/petproducts.com.cn\/product\/artificial-rattan-wicker-dog-crate\/#primaryimage\"},\"thumbnailUrl\":\"https:\/\/petproducts.com.cn\/wp-content\/uploads\/2023\/10\/rattan-dog-cage.webp\",\"datePublished\":\"2023-10-26T07:12:20+00:00\",\"dateModified\":\"2023-10-26T07:30:46+00:00\",\"description\":\"Explore rattan dog cage , dog crate furniture,dog kennel furniture directly from the manufacturer. Your ideal business solution with Petstar.\",\"breadcrumb\":{\"@id\":\"https:\/\/petproducts.com.cn\/product\/artificial-rattan-wicker-dog-crate\/#breadcrumb\"},\"inLanguage\":\"es\",\"potentialAction\":[{\"@type\":\"ReadAction\",\"target\":[\"https:\/\/petproducts.com.cn\/product\/artificial-rattan-wicker-dog-crate\/\"]}]},{\"@type\":\"ImageObject\",\"inLanguage\":\"es\",\"@id\":\"https:\/\/petproducts.com.cn\/product\/artificial-rattan-wicker-dog-crate\/#primaryimage\",\"url\":\"https:\/\/petproducts.com.cn\/wp-content\/uploads\/2023\/10\/rattan-dog-cage.webp\",\"contentUrl\":\"https:\/\/petproducts.com.cn\/wp-content\/uploads\/2023\/10\/rattan-dog-cage.webp\",\"width\":1000,\"height\":1000,\"caption\":\"rattan dog cage\"},{\"@type\":\"BreadcrumbList\",\"@id\":\"https:\/\/petproducts.com.cn\/product\/artificial-rattan-wicker-dog-crate\/#breadcrumb\",\"itemListElement\":[{\"@type\":\"ListItem\",\"position\":1,\"name\":\"HOME\",\"item\":\"https:\/\/petproducts.com.cn\/\"},{\"@type\":\"ListItem\",\"position\":2,\"name\":\"Products\",\"item\":\"https:\/\/petproducts.com.cn\/shop\/\"},{\"@type\":\"ListItem\",\"position\":3,\"name\":\"Dog Supplies\",\"item\":\"https:\/\/petproducts.com.cn\/product-category\/dog-supplies\/\"},{\"@type\":\"ListItem\",\"position\":4,\"name\":\"Artificial Rattan Wicker Dog Crate\"}]},{\"@type\":\"WebSite\",\"@id\":\"https:\/\/petproducts.com.cn\/#website\",\"url\":\"https:\/\/petproducts.com.cn\/\",\"name\":\"Petstar\",\"description\":\"Leading Pet Supplies Manufacturer &amp; OEM Pet Products Supplier\",\"publisher\":{\"@id\":\"https:\/\/petproducts.com.cn\/#organization\"},\"alternateName\":\"Petstar Pet Supplies\",\"potentialAction\":[{\"@type\":\"SearchAction\",\"target\":{\"@type\":\"EntryPoint\",\"urlTemplate\":\"https:\/\/petproducts.com.cn\/?s={search_term_string}\"},\"query-input\":{\"@type\":\"PropertyValueSpecification\",\"valueRequired\":true,\"valueName\":\"search_term_string\"}}],\"inLanguage\":\"es\"},{\"@type\":\"Organization\",\"@id\":\"https:\/\/petproducts.com.cn\/#organization\",\"name\":\"Petstar\",\"url\":\"https:\/\/petproducts.com.cn\/\",\"logo\":{\"@type\":\"ImageObject\",\"inLanguage\":\"es\",\"@id\":\"https:\/\/petproducts.com.cn\/#\/schema\/logo\/image\/\",\"url\":\"https:\/\/petproducts.com.cn\/wp-content\/uploads\/2020\/02\/petstar-logo.webp\",\"contentUrl\":\"https:\/\/petproducts.com.cn\/wp-content\/uploads\/2020\/02\/petstar-logo.webp\",\"width\":779,\"height\":520,\"caption\":\"Petstar\"},\"image\":{\"@id\":\"https:\/\/petproducts.com.cn\/#\/schema\/logo\/image\/\"}}]}<\/script>\n<!-- \/ Yoast SEO plugin. -->","yoast_head_json":{"title":"Mayorista de jaulas de rat\u00e1n para perros - Petstar","description":"Explorar rat\u00e1n jaula del perro, muebles jaula del perro, muebles de la perrera del perro directamente desde el fabricante. Su soluci\u00f3n comercial ideal con Petstar.","robots":{"index":"index","follow":"follow","max-snippet":"max-snippet:-1","max-image-preview":"max-image-preview:large","max-video-preview":"max-video-preview:-1"},"canonical":"https:\/\/petproducts.com.cn\/es\/producto\/artificial-rattan-wicker-dog-crate\/","og_locale":"es_ES","og_type":"article","og_title":"Rattan Dog Cage Wholesale | Dog Crate Furniture Supplier- Petstar","og_description":"Explore rattan dog cage , dog crate furniture,dog kennel furniture directly from the manufacturer. Your ideal business solution with Petstar.","og_url":"https:\/\/petproducts.com.cn\/es\/producto\/artificial-rattan-wicker-dog-crate\/","og_site_name":"Petstar","article_modified_time":"2023-10-26T07:30:46+00:00","og_image":[{"width":1000,"height":1000,"url":"https:\/\/petproducts.com.cn\/wp-content\/uploads\/2023\/10\/rattan-dog-cage.webp","type":"image\/webp"}],"twitter_card":"summary_large_image","twitter_misc":{"Tiempo de lectura":"1 minuto"},"schema":{"@context":"https:\/\/schema.org","@graph":[{"@type":"WebPage","@id":"https:\/\/petproducts.com.cn\/product\/artificial-rattan-wicker-dog-crate\/","url":"https:\/\/petproducts.com.cn\/product\/artificial-rattan-wicker-dog-crate\/","name":"Mayorista de jaulas de rat\u00e1n para perros - Petstar","isPartOf":{"@id":"https:\/\/petproducts.com.cn\/#website"},"primaryImageOfPage":{"@id":"https:\/\/petproducts.com.cn\/product\/artificial-rattan-wicker-dog-crate\/#primaryimage"},"image":{"@id":"https:\/\/petproducts.com.cn\/product\/artificial-rattan-wicker-dog-crate\/#primaryimage"},"thumbnailUrl":"https:\/\/petproducts.com.cn\/wp-content\/uploads\/2023\/10\/rattan-dog-cage.webp","datePublished":"2023-10-26T07:12:20+00:00","dateModified":"2023-10-26T07:30:46+00:00","description":"Explorar rat\u00e1n jaula del perro, muebles jaula del perro, muebles de la perrera del perro directamente desde el fabricante. Su soluci\u00f3n comercial ideal con Petstar.","breadcrumb":{"@id":"https:\/\/petproducts.com.cn\/product\/artificial-rattan-wicker-dog-crate\/#breadcrumb"},"inLanguage":"es","potentialAction":[{"@type":"ReadAction","target":["https:\/\/petproducts.com.cn\/product\/artificial-rattan-wicker-dog-crate\/"]}]},{"@type":"ImageObject","inLanguage":"es","@id":"https:\/\/petproducts.com.cn\/product\/artificial-rattan-wicker-dog-crate\/#primaryimage","url":"https:\/\/petproducts.com.cn\/wp-content\/uploads\/2023\/10\/rattan-dog-cage.webp","contentUrl":"https:\/\/petproducts.com.cn\/wp-content\/uploads\/2023\/10\/rattan-dog-cage.webp","width":1000,"height":1000,"caption":"rattan dog cage"},{"@type":"BreadcrumbList","@id":"https:\/\/petproducts.com.cn\/product\/artificial-rattan-wicker-dog-crate\/#breadcrumb","itemListElement":[{"@type":"ListItem","position":1,"name":"HOME","item":"https:\/\/petproducts.com.cn\/"},{"@type":"ListItem","position":2,"name":"Products","item":"https:\/\/petproducts.com.cn\/shop\/"},{"@type":"ListItem","position":3,"name":"Dog Supplies","item":"https:\/\/petproducts.com.cn\/product-category\/dog-supplies\/"},{"@type":"ListItem","position":4,"name":"Artificial Rattan Wicker Dog Crate"}]},{"@type":"WebSite","@id":"https:\/\/petproducts.com.cn\/#website","url":"https:\/\/petproducts.com.cn\/","name":"Petstar","description":"Fabricante l\u00edder de art\u00edculos para mascotas y proveedor OEM de productos para mascotas","publisher":{"@id":"https:\/\/petproducts.com.cn\/#organization"},"alternateName":"Petstar Pet Supplies","potentialAction":[{"@type":"SearchAction","target":{"@type":"EntryPoint","urlTemplate":"https:\/\/petproducts.com.cn\/?s={search_term_string}"},"query-input":{"@type":"PropertyValueSpecification","valueRequired":true,"valueName":"search_term_string"}}],"inLanguage":"es"},{"@type":"Organization","@id":"https:\/\/petproducts.com.cn\/#organization","name":"Petstar","url":"https:\/\/petproducts.com.cn\/","logo":{"@type":"ImageObject","inLanguage":"es","@id":"https:\/\/petproducts.com.cn\/#\/schema\/logo\/image\/","url":"https:\/\/petproducts.com.cn\/wp-content\/uploads\/2020\/02\/petstar-logo.webp","contentUrl":"https:\/\/petproducts.com.cn\/wp-content\/uploads\/2020\/02\/petstar-logo.webp","width":779,"height":520,"caption":"Petstar"},"image":{"@id":"https:\/\/petproducts.com.cn\/#\/schema\/logo\/image\/"}}]}},"_links":{"self":[{"href":"https:\/\/petproducts.com.cn\/es\/wp-json\/wp\/v2\/product\/14451","targetHints":{"allow":["GET"]}}],"collection":[{"href":"https:\/\/petproducts.com.cn\/es\/wp-json\/wp\/v2\/product"}],"about":[{"href":"https:\/\/petproducts.com.cn\/es\/wp-json\/wp\/v2\/types\/product"}],"version-history":[{"count":1,"href":"https:\/\/petproducts.com.cn\/es\/wp-json\/wp\/v2\/product\/14451\/revisions"}],"predecessor-version":[{"id":14465,"href":"https:\/\/petproducts.com.cn\/es\/wp-json\/wp\/v2\/product\/14451\/revisions\/14465"}],"wp:featuredmedia":[{"embeddable":true,"href":"https:\/\/petproducts.com.cn\/es\/wp-json\/wp\/v2\/media\/14457"}],"wp:attachment":[{"href":"https:\/\/petproducts.com.cn\/es\/wp-json\/wp\/v2\/media?parent=14451"}],"wp:term":[{"taxonomy":"product_brand","embeddable":true,"href":"https:\/\/petproducts.com.cn\/es\/wp-json\/wp\/v2\/product_brand?post=14451"},{"taxonomy":"product_cat","embeddable":true,"href":"https:\/\/petproducts.com.cn\/es\/wp-json\/wp\/v2\/product_cat?post=14451"},{"taxonomy":"product_tag","embeddable":true,"href":"https:\/\/petproducts.com.cn\/es\/wp-json\/wp\/v2\/product_tag?post=14451"}],"curies":[{"name":"wp","href":"https:\/\/api.w.org\/{rel}","templated":true}]}}