{"id":15633,"date":"2023-11-16T05:32:00","date_gmt":"2023-11-16T05:32:00","guid":{"rendered":"https:\/\/petproducts.com.cn\/?post_type=product&#038;p=15633"},"modified":"2023-11-16T06:09:54","modified_gmt":"2023-11-16T06:09:54","slug":"distributors-dog-toys-stuffed-animals-with-crinkle-paper","status":"publish","type":"product","link":"https:\/\/petproducts.com.cn\/es\/product\/distributors-dog-toys-stuffed-animals-with-crinkle-paper\/","title":{"rendered":"Distribuidores Juguetes para perros Peluches con papel arrugado"},"content":{"rendered":"<h2>Petstar: D\u00e9 rienda suelta a la alegr\u00eda con nuestros juguetes personalizados de peluche para perros<\/h2>\n<p>\u00bfBusca juguetes de peluche para perros de alta calidad para su negocio de distribuci\u00f3n? No busque m\u00e1s. Petstar es su socio de confianza en el suministro de juguetes personalizados para perros rellenos de papel arrugado que alegrar\u00e1n sin fin a los amigos peludos. Con nuestro enfoque en la personalizaci\u00f3n y el compromiso con la excelencia, ofrecemos una serie de ventajas que nos distinguen como la opci\u00f3n preferida para los distribuidores de juguetes de peluche para perros.<\/p>\n<h3>Nuestra ventaja:<\/h3>\n<ol>\n<li>Amplias opciones de personalizaci\u00f3n: En Petstar, entendemos que cada distribuidor tiene necesidades de marca \u00fanicas. Por lo tanto, ofrecemos amplias opciones de personalizaci\u00f3n para nuestros juguetes de peluche para perros. Tanto si se trata de seleccionar dise\u00f1os, colores y tama\u00f1os de animales espec\u00edficos como de a\u00f1adir su logotipo o elementos de marca, trabajamos estrechamente con usted para crear juguetes que se alineen con su identidad de marca. Adem\u00e1s, nuestro experimentado equipo de dise\u00f1o le guiar\u00e1 a lo largo del proceso, garantizando que sus juguetes personalizados destaquen en el mercado.<\/li>\n<li>Calidad y durabilidad superiores: Damos prioridad a la calidad y durabilidad de nuestros juguetes de peluche para perros. Usando materiales de primera calidad y artesan\u00eda, nos aseguramos de que nuestros juguetes est\u00e1n construidos para soportar el juego duro y proporcionar entretenimiento de larga duraci\u00f3n. Nuestros juguetes est\u00e1n rellenos de papel arrugado, que a\u00f1ade una emocionante experiencia sensorial para los perros.<\/li>\n<li>Cumplimiento de las normas de seguridad: La seguridad de las mascotas es inequ\u00edvocamente nuestra m\u00e1xima prioridad. Por ello, todos nuestros juguetes de peluche para perros se someten a rigurosas pruebas para cumplir y superar estrictas normas de seguridad. Utilizamos meticulosamente materiales no t\u00f3xicos y nos aseguramos diligentemente de que no haya piezas peque\u00f1as que puedan suponer un peligro de asfixia. Con Petstar, puede confiar inequ\u00edvocamente en que los juguetes que distribuye son incuestionablemente seguros para el disfrute de los perros.<\/li>\n<\/ol>\n<p>As\u00f3ciese con Petstar hoy mismo y distribuya juguetes personalizados para perros de peluche que har\u00e1n las delicias tanto de las mascotas como de sus due\u00f1os. Con nuestras amplias opciones de personalizaci\u00f3n, calidad y durabilidad superiores, cumplimiento de las normas de seguridad y compromiso con la excelencia, nos dedicamos a ayudar a que su negocio de distribuci\u00f3n prospere. P\u00f3ngase en contacto con nosotros ahora para hablar de sus requisitos espec\u00edficos y perm\u00edtanos ser su socio de confianza en el suministro de juguetes para perros de peluche con papel arrugado de alta calidad.<\/p>","protected":false},"excerpt":{"rendered":"<p>Somos fabricantes de juguetes para perros con m\u00e1s de 20 a\u00f1os de experiencia. Ofrecemos opciones de personalizaci\u00f3n para el color, tama\u00f1o, tela, patr\u00f3n, logotipo y otras caracter\u00edsticas.<\/p>","protected":false},"featured_media":15637,"template":"","meta":{"_acf_changed":false},"product_brand":[],"product_cat":[72,48],"product_tag":[85],"class_list":{"0":"post-15633","1":"product","2":"type-product","3":"status-publish","4":"has-post-thumbnail","6":"product_cat-dog-supplies","7":"product_cat-dog-toys","8":"product_tag-dog-toys","10":"first","11":"instock","12":"shipping-taxable","13":"product-type-simple"},"acf":[],"yoast_head":"<!-- This site is optimized with the Yoast SEO plugin v27.1.1 - https:\/\/yoast.com\/product\/yoast-seo-wordpress\/ -->\n<title>dog toys stuffed animals factory | Custom dog toys stuffed - Petstar<\/title>\n<meta name=\"description\" content=\"Explore dog toys stuffed animals,dog toys stuffed,dog toys with crinkle paper from the manufacturer. Your ideal business solution with Petstar.\" \/>\n<meta name=\"robots\" content=\"index, follow, max-snippet:-1, max-image-preview:large, max-video-preview:-1\" \/>\n<link rel=\"canonical\" href=\"https:\/\/petproducts.com.cn\/es\/producto\/distributors-dog-toys-stuffed-animals-with-crinkle-paper\/\" \/>\n<meta property=\"og:locale\" content=\"es_ES\" \/>\n<meta property=\"og:type\" content=\"article\" \/>\n<meta property=\"og:title\" content=\"dog toys stuffed animals factory | Custom dog toys stuffed - Petstar\" \/>\n<meta property=\"og:description\" content=\"Explore dog toys stuffed animals,dog toys stuffed,dog toys with crinkle paper from the manufacturer. Your ideal business solution with Petstar.\" \/>\n<meta property=\"og:url\" content=\"https:\/\/petproducts.com.cn\/es\/producto\/distributors-dog-toys-stuffed-animals-with-crinkle-paper\/\" \/>\n<meta property=\"og:site_name\" content=\"Petstar\" \/>\n<meta property=\"article:modified_time\" content=\"2023-11-16T06:09:54+00:00\" \/>\n<meta property=\"og:image\" content=\"https:\/\/petproducts.com.cn\/wp-content\/uploads\/2023\/11\/dog-toys-stuffed-animal-.webp\" \/>\n\t<meta property=\"og:image:width\" content=\"1000\" \/>\n\t<meta property=\"og:image:height\" content=\"1000\" \/>\n\t<meta property=\"og:image:type\" content=\"image\/webp\" \/>\n<meta name=\"twitter:card\" content=\"summary_large_image\" \/>\n<meta name=\"twitter:label1\" content=\"Tiempo de lectura\" \/>\n\t<meta name=\"twitter:data1\" content=\"2 minutos\" \/>\n<script type=\"application\/ld+json\" class=\"yoast-schema-graph\">{\"@context\":\"https:\/\/schema.org\",\"@graph\":[{\"@type\":\"WebPage\",\"@id\":\"https:\/\/petproducts.com.cn\/product\/distributors-dog-toys-stuffed-animals-with-crinkle-paper\/\",\"url\":\"https:\/\/petproducts.com.cn\/product\/distributors-dog-toys-stuffed-animals-with-crinkle-paper\/\",\"name\":\"dog toys stuffed animals factory | Custom dog toys stuffed - Petstar\",\"isPartOf\":{\"@id\":\"https:\/\/petproducts.com.cn\/#website\"},\"primaryImageOfPage\":{\"@id\":\"https:\/\/petproducts.com.cn\/product\/distributors-dog-toys-stuffed-animals-with-crinkle-paper\/#primaryimage\"},\"image\":{\"@id\":\"https:\/\/petproducts.com.cn\/product\/distributors-dog-toys-stuffed-animals-with-crinkle-paper\/#primaryimage\"},\"thumbnailUrl\":\"https:\/\/petproducts.com.cn\/wp-content\/uploads\/2023\/11\/dog-toys-stuffed-animal-.webp\",\"datePublished\":\"2023-11-16T05:32:00+00:00\",\"dateModified\":\"2023-11-16T06:09:54+00:00\",\"description\":\"Explore dog toys stuffed animals,dog toys stuffed,dog toys with crinkle paper from the manufacturer. Your ideal business solution with Petstar.\",\"breadcrumb\":{\"@id\":\"https:\/\/petproducts.com.cn\/product\/distributors-dog-toys-stuffed-animals-with-crinkle-paper\/#breadcrumb\"},\"inLanguage\":\"es\",\"potentialAction\":[{\"@type\":\"ReadAction\",\"target\":[\"https:\/\/petproducts.com.cn\/product\/distributors-dog-toys-stuffed-animals-with-crinkle-paper\/\"]}]},{\"@type\":\"ImageObject\",\"inLanguage\":\"es\",\"@id\":\"https:\/\/petproducts.com.cn\/product\/distributors-dog-toys-stuffed-animals-with-crinkle-paper\/#primaryimage\",\"url\":\"https:\/\/petproducts.com.cn\/wp-content\/uploads\/2023\/11\/dog-toys-stuffed-animal-.webp\",\"contentUrl\":\"https:\/\/petproducts.com.cn\/wp-content\/uploads\/2023\/11\/dog-toys-stuffed-animal-.webp\",\"width\":1000,\"height\":1000,\"caption\":\"dog toys stuffed animal\"},{\"@type\":\"BreadcrumbList\",\"@id\":\"https:\/\/petproducts.com.cn\/product\/distributors-dog-toys-stuffed-animals-with-crinkle-paper\/#breadcrumb\",\"itemListElement\":[{\"@type\":\"ListItem\",\"position\":1,\"name\":\"HOME\",\"item\":\"https:\/\/petproducts.com.cn\/\"},{\"@type\":\"ListItem\",\"position\":2,\"name\":\"Products\",\"item\":\"https:\/\/petproducts.com.cn\/shop\/\"},{\"@type\":\"ListItem\",\"position\":3,\"name\":\"Dog Toys\",\"item\":\"https:\/\/petproducts.com.cn\/product-category\/dog-toys\/\"},{\"@type\":\"ListItem\",\"position\":4,\"name\":\"Distributors Dog Toys Stuffed Animals With Crinkle Paper\"}]},{\"@type\":\"WebSite\",\"@id\":\"https:\/\/petproducts.com.cn\/#website\",\"url\":\"https:\/\/petproducts.com.cn\/\",\"name\":\"Petstar\",\"description\":\"Leading Pet Supplies Manufacturer &amp; OEM Pet Products Supplier\",\"publisher\":{\"@id\":\"https:\/\/petproducts.com.cn\/#organization\"},\"alternateName\":\"Petstar Pet Supplies\",\"potentialAction\":[{\"@type\":\"SearchAction\",\"target\":{\"@type\":\"EntryPoint\",\"urlTemplate\":\"https:\/\/petproducts.com.cn\/?s={search_term_string}\"},\"query-input\":{\"@type\":\"PropertyValueSpecification\",\"valueRequired\":true,\"valueName\":\"search_term_string\"}}],\"inLanguage\":\"es\"},{\"@type\":\"Organization\",\"@id\":\"https:\/\/petproducts.com.cn\/#organization\",\"name\":\"Petstar\",\"url\":\"https:\/\/petproducts.com.cn\/\",\"logo\":{\"@type\":\"ImageObject\",\"inLanguage\":\"es\",\"@id\":\"https:\/\/petproducts.com.cn\/#\/schema\/logo\/image\/\",\"url\":\"https:\/\/petproducts.com.cn\/wp-content\/uploads\/2020\/02\/petstar-logo.webp\",\"contentUrl\":\"https:\/\/petproducts.com.cn\/wp-content\/uploads\/2020\/02\/petstar-logo.webp\",\"width\":779,\"height\":520,\"caption\":\"Petstar\"},\"image\":{\"@id\":\"https:\/\/petproducts.com.cn\/#\/schema\/logo\/image\/\"}}]}<\/script>\n<!-- \/ Yoast SEO plugin. -->","yoast_head_json":{"title":"juguetes para perros de peluche f\u00e1brica | Personalizado juguetes para perros de peluche - Petstar","description":"Explore juguetes para perros de peluche,juguetes para perros de peluche,juguetes para perros con papel arrugado del fabricante. Su soluci\u00f3n comercial ideal con Petstar.","robots":{"index":"index","follow":"follow","max-snippet":"max-snippet:-1","max-image-preview":"max-image-preview:large","max-video-preview":"max-video-preview:-1"},"canonical":"https:\/\/petproducts.com.cn\/es\/producto\/distributors-dog-toys-stuffed-animals-with-crinkle-paper\/","og_locale":"es_ES","og_type":"article","og_title":"dog toys stuffed animals factory | Custom dog toys stuffed - Petstar","og_description":"Explore dog toys stuffed animals,dog toys stuffed,dog toys with crinkle paper from the manufacturer. Your ideal business solution with Petstar.","og_url":"https:\/\/petproducts.com.cn\/es\/producto\/distributors-dog-toys-stuffed-animals-with-crinkle-paper\/","og_site_name":"Petstar","article_modified_time":"2023-11-16T06:09:54+00:00","og_image":[{"width":1000,"height":1000,"url":"https:\/\/petproducts.com.cn\/wp-content\/uploads\/2023\/11\/dog-toys-stuffed-animal-.webp","type":"image\/webp"}],"twitter_card":"summary_large_image","twitter_misc":{"Tiempo de lectura":"2 minutos"},"schema":{"@context":"https:\/\/schema.org","@graph":[{"@type":"WebPage","@id":"https:\/\/petproducts.com.cn\/product\/distributors-dog-toys-stuffed-animals-with-crinkle-paper\/","url":"https:\/\/petproducts.com.cn\/product\/distributors-dog-toys-stuffed-animals-with-crinkle-paper\/","name":"juguetes para perros de peluche f\u00e1brica | Personalizado juguetes para perros de peluche - Petstar","isPartOf":{"@id":"https:\/\/petproducts.com.cn\/#website"},"primaryImageOfPage":{"@id":"https:\/\/petproducts.com.cn\/product\/distributors-dog-toys-stuffed-animals-with-crinkle-paper\/#primaryimage"},"image":{"@id":"https:\/\/petproducts.com.cn\/product\/distributors-dog-toys-stuffed-animals-with-crinkle-paper\/#primaryimage"},"thumbnailUrl":"https:\/\/petproducts.com.cn\/wp-content\/uploads\/2023\/11\/dog-toys-stuffed-animal-.webp","datePublished":"2023-11-16T05:32:00+00:00","dateModified":"2023-11-16T06:09:54+00:00","description":"Explore juguetes para perros de peluche,juguetes para perros de peluche,juguetes para perros con papel arrugado del fabricante. Su soluci\u00f3n comercial ideal con Petstar.","breadcrumb":{"@id":"https:\/\/petproducts.com.cn\/product\/distributors-dog-toys-stuffed-animals-with-crinkle-paper\/#breadcrumb"},"inLanguage":"es","potentialAction":[{"@type":"ReadAction","target":["https:\/\/petproducts.com.cn\/product\/distributors-dog-toys-stuffed-animals-with-crinkle-paper\/"]}]},{"@type":"ImageObject","inLanguage":"es","@id":"https:\/\/petproducts.com.cn\/product\/distributors-dog-toys-stuffed-animals-with-crinkle-paper\/#primaryimage","url":"https:\/\/petproducts.com.cn\/wp-content\/uploads\/2023\/11\/dog-toys-stuffed-animal-.webp","contentUrl":"https:\/\/petproducts.com.cn\/wp-content\/uploads\/2023\/11\/dog-toys-stuffed-animal-.webp","width":1000,"height":1000,"caption":"dog toys stuffed animal"},{"@type":"BreadcrumbList","@id":"https:\/\/petproducts.com.cn\/product\/distributors-dog-toys-stuffed-animals-with-crinkle-paper\/#breadcrumb","itemListElement":[{"@type":"ListItem","position":1,"name":"HOME","item":"https:\/\/petproducts.com.cn\/"},{"@type":"ListItem","position":2,"name":"Products","item":"https:\/\/petproducts.com.cn\/shop\/"},{"@type":"ListItem","position":3,"name":"Dog Toys","item":"https:\/\/petproducts.com.cn\/product-category\/dog-toys\/"},{"@type":"ListItem","position":4,"name":"Distributors Dog Toys Stuffed Animals With Crinkle Paper"}]},{"@type":"WebSite","@id":"https:\/\/petproducts.com.cn\/#website","url":"https:\/\/petproducts.com.cn\/","name":"Petstar","description":"Fabricante l\u00edder de art\u00edculos para mascotas y proveedor OEM de productos para mascotas","publisher":{"@id":"https:\/\/petproducts.com.cn\/#organization"},"alternateName":"Petstar Pet Supplies","potentialAction":[{"@type":"SearchAction","target":{"@type":"EntryPoint","urlTemplate":"https:\/\/petproducts.com.cn\/?s={search_term_string}"},"query-input":{"@type":"PropertyValueSpecification","valueRequired":true,"valueName":"search_term_string"}}],"inLanguage":"es"},{"@type":"Organization","@id":"https:\/\/petproducts.com.cn\/#organization","name":"Petstar","url":"https:\/\/petproducts.com.cn\/","logo":{"@type":"ImageObject","inLanguage":"es","@id":"https:\/\/petproducts.com.cn\/#\/schema\/logo\/image\/","url":"https:\/\/petproducts.com.cn\/wp-content\/uploads\/2020\/02\/petstar-logo.webp","contentUrl":"https:\/\/petproducts.com.cn\/wp-content\/uploads\/2020\/02\/petstar-logo.webp","width":779,"height":520,"caption":"Petstar"},"image":{"@id":"https:\/\/petproducts.com.cn\/#\/schema\/logo\/image\/"}}]}},"_links":{"self":[{"href":"https:\/\/petproducts.com.cn\/es\/wp-json\/wp\/v2\/product\/15633","targetHints":{"allow":["GET"]}}],"collection":[{"href":"https:\/\/petproducts.com.cn\/es\/wp-json\/wp\/v2\/product"}],"about":[{"href":"https:\/\/petproducts.com.cn\/es\/wp-json\/wp\/v2\/types\/product"}],"version-history":[{"count":2,"href":"https:\/\/petproducts.com.cn\/es\/wp-json\/wp\/v2\/product\/15633\/revisions"}],"predecessor-version":[{"id":15642,"href":"https:\/\/petproducts.com.cn\/es\/wp-json\/wp\/v2\/product\/15633\/revisions\/15642"}],"wp:featuredmedia":[{"embeddable":true,"href":"https:\/\/petproducts.com.cn\/es\/wp-json\/wp\/v2\/media\/15637"}],"wp:attachment":[{"href":"https:\/\/petproducts.com.cn\/es\/wp-json\/wp\/v2\/media?parent=15633"}],"wp:term":[{"taxonomy":"product_brand","embeddable":true,"href":"https:\/\/petproducts.com.cn\/es\/wp-json\/wp\/v2\/product_brand?post=15633"},{"taxonomy":"product_cat","embeddable":true,"href":"https:\/\/petproducts.com.cn\/es\/wp-json\/wp\/v2\/product_cat?post=15633"},{"taxonomy":"product_tag","embeddable":true,"href":"https:\/\/petproducts.com.cn\/es\/wp-json\/wp\/v2\/product_tag?post=15633"}],"curies":[{"name":"wp","href":"https:\/\/api.w.org\/{rel}","templated":true}]}}