{"id":15663,"date":"2023-11-16T07:15:11","date_gmt":"2023-11-16T07:15:11","guid":{"rendered":"https:\/\/petproducts.com.cn\/?post_type=product&#038;p=15663"},"modified":"2023-11-16T07:24:43","modified_gmt":"2023-11-16T07:24:43","slug":"dog-toy-pigeon-bulks-outdoor-interactive-dog-toys","status":"publish","type":"product","link":"https:\/\/petproducts.com.cn\/es\/product\/dog-toy-pigeon-bulks-outdoor-interactive-dog-toys\/","title":{"rendered":"Juguete para perros Juguetes interactivos de exterior para palomas"},"content":{"rendered":"<h2>Petstar: Juguetes interactivos para perros al aire libre a granel<\/h2>\n<p>\u00bfBusca juguetes interactivos a granel para el exterior que mantengan a su perro entretenido durante horas? Petstar tiene la soluci\u00f3n perfecta con nuestro juguete personalizado para perros. Dise\u00f1ado para la diversi\u00f3n y el compromiso, nuestra paloma juguete para perros es una necesidad para los perros activos que aman el tiempo de juego al aire libre. Con nuestro enfoque en la personalizaci\u00f3n y el compromiso con la excelencia, ofrecemos una serie de ventajas que nos convierten en la opci\u00f3n preferida para los pedidos al por mayor de juguetes interactivos para perros.<\/p>\n<h3>Nuestra ventaja:<\/h3>\n<ol>\n<li>Amplias opciones de personalizaci\u00f3n: En Petstar, entendemos que cada cliente tiene preferencias \u00fanicas. Es por eso que ofrecemos amplias opciones de personalizaci\u00f3n para nuestra paloma juguete para perros. Desde seleccionar el tama\u00f1o y el color hasta a\u00f1adir caracter\u00edsticas adicionales como chirriadores o cuerdas, trabajamos estrechamente con usted para crear un juguete que satisfaga las necesidades espec\u00edficas de sus clientes. Al ofrecer opciones personalizadas, puede asegurarse de que su pedido al por mayor destaque en el mercado.<\/li>\n<li>Calidad superior y durabilidad: Damos prioridad a la calidad y durabilidad de nuestro juguete para perros. La construcci\u00f3n robusta y las costuras reforzadas garantizan que el juguete puede soportar perros en\u00e9rgicos y permanecer intacto incluso durante las sesiones de juego interactivo.<\/li>\n<li>Dise\u00f1o interactivo para exteriores: Dise\u00f1amos cuidadosamente nuestro juguete para perros para fomentar espec\u00edficamente el juego interactivo al aire libre. Con caracter\u00edsticas como chirridos y cuerdas, el juguete proporciona estimulaci\u00f3n auditiva y f\u00edsica, manteniendo a los perros comprometidos y entretenidos. El dise\u00f1o realista de la paloma a\u00f1ade un elemento de emoci\u00f3n, por lo que es el juguete perfecto para los perros que les encanta perseguir y recuperar.<\/li>\n<\/ol>\n<p>Elija Petstar como su socio de confianza para pedidos al por mayor de juguetes interactivos de exterior para perros. Con nuestras amplias opciones de personalizaci\u00f3n, calidad superior y durabilidad, as\u00ed como nuestro compromiso de proporcionar experiencias de juego atractivas, estamos dedicados a ofrecer productos que superen sus expectativas. P\u00f3ngase en contacto con nosotros ahora para discutir sus necesidades espec\u00edficas y perm\u00edtanos ayudarle a crear un juguete para perros personalizado.<\/p>","protected":false},"excerpt":{"rendered":"<p>Somos fabricantes de juguetes para perros con m\u00e1s de 20 a\u00f1os de experiencia. Ofrecemos opciones de personalizaci\u00f3n para el color, tama\u00f1o, tela, patr\u00f3n, logotipo y otras caracter\u00edsticas.<\/p>","protected":false},"featured_media":15668,"template":"","meta":{"_acf_changed":false},"product_brand":[],"product_cat":[72,48],"product_tag":[85],"class_list":{"0":"post-15663","1":"product","2":"type-product","3":"status-publish","4":"has-post-thumbnail","6":"product_cat-dog-supplies","7":"product_cat-dog-toys","8":"product_tag-dog-toys","10":"first","11":"instock","12":"shipping-taxable","13":"product-type-simple"},"acf":[],"yoast_head":"<!-- This site is optimized with the Yoast SEO plugin v27.1.1 - https:\/\/yoast.com\/product\/yoast-seo-wordpress\/ -->\n<title>dog toy pigeon factory | Customdog interactive toy - Petstar<\/title>\n<meta name=\"description\" content=\"Explore dog toy pigeon,dog interactive toy,outdoor interactive dog toys from the manufacturer. Your ideal business solution with Petstar.\" \/>\n<meta name=\"robots\" content=\"index, follow, max-snippet:-1, max-image-preview:large, max-video-preview:-1\" \/>\n<link rel=\"canonical\" href=\"https:\/\/petproducts.com.cn\/es\/producto\/dog-toy-pigeon-bulks-outdoor-interactive-dog-toys\/\" \/>\n<meta property=\"og:locale\" content=\"es_ES\" \/>\n<meta property=\"og:type\" content=\"article\" \/>\n<meta property=\"og:title\" content=\"dog toy pigeon factory | Customdog interactive toy - Petstar\" \/>\n<meta property=\"og:description\" content=\"Explore dog toy pigeon,dog interactive toy,outdoor interactive dog toys from the manufacturer. Your ideal business solution with Petstar.\" \/>\n<meta property=\"og:url\" content=\"https:\/\/petproducts.com.cn\/es\/producto\/dog-toy-pigeon-bulks-outdoor-interactive-dog-toys\/\" \/>\n<meta property=\"og:site_name\" content=\"Petstar\" \/>\n<meta property=\"article:modified_time\" content=\"2023-11-16T07:24:43+00:00\" \/>\n<meta property=\"og:image\" content=\"https:\/\/petproducts.com.cn\/wp-content\/uploads\/2023\/11\/dog-toy-pigeon.webp\" \/>\n\t<meta property=\"og:image:width\" content=\"800\" \/>\n\t<meta property=\"og:image:height\" content=\"800\" \/>\n\t<meta property=\"og:image:type\" content=\"image\/webp\" \/>\n<meta name=\"twitter:card\" content=\"summary_large_image\" \/>\n<meta name=\"twitter:label1\" content=\"Tiempo de lectura\" \/>\n\t<meta name=\"twitter:data1\" content=\"2 minutos\" \/>\n<script type=\"application\/ld+json\" class=\"yoast-schema-graph\">{\"@context\":\"https:\/\/schema.org\",\"@graph\":[{\"@type\":\"WebPage\",\"@id\":\"https:\/\/petproducts.com.cn\/product\/dog-toy-pigeon-bulks-outdoor-interactive-dog-toys\/\",\"url\":\"https:\/\/petproducts.com.cn\/product\/dog-toy-pigeon-bulks-outdoor-interactive-dog-toys\/\",\"name\":\"dog toy pigeon factory | Customdog interactive toy - Petstar\",\"isPartOf\":{\"@id\":\"https:\/\/petproducts.com.cn\/#website\"},\"primaryImageOfPage\":{\"@id\":\"https:\/\/petproducts.com.cn\/product\/dog-toy-pigeon-bulks-outdoor-interactive-dog-toys\/#primaryimage\"},\"image\":{\"@id\":\"https:\/\/petproducts.com.cn\/product\/dog-toy-pigeon-bulks-outdoor-interactive-dog-toys\/#primaryimage\"},\"thumbnailUrl\":\"https:\/\/petproducts.com.cn\/wp-content\/uploads\/2023\/11\/dog-toy-pigeon.webp\",\"datePublished\":\"2023-11-16T07:15:11+00:00\",\"dateModified\":\"2023-11-16T07:24:43+00:00\",\"description\":\"Explore dog toy pigeon,dog interactive toy,outdoor interactive dog toys from the manufacturer. Your ideal business solution with Petstar.\",\"breadcrumb\":{\"@id\":\"https:\/\/petproducts.com.cn\/product\/dog-toy-pigeon-bulks-outdoor-interactive-dog-toys\/#breadcrumb\"},\"inLanguage\":\"es\",\"potentialAction\":[{\"@type\":\"ReadAction\",\"target\":[\"https:\/\/petproducts.com.cn\/product\/dog-toy-pigeon-bulks-outdoor-interactive-dog-toys\/\"]}]},{\"@type\":\"ImageObject\",\"inLanguage\":\"es\",\"@id\":\"https:\/\/petproducts.com.cn\/product\/dog-toy-pigeon-bulks-outdoor-interactive-dog-toys\/#primaryimage\",\"url\":\"https:\/\/petproducts.com.cn\/wp-content\/uploads\/2023\/11\/dog-toy-pigeon.webp\",\"contentUrl\":\"https:\/\/petproducts.com.cn\/wp-content\/uploads\/2023\/11\/dog-toy-pigeon.webp\",\"width\":800,\"height\":800,\"caption\":\"dog toy pigeon\"},{\"@type\":\"BreadcrumbList\",\"@id\":\"https:\/\/petproducts.com.cn\/product\/dog-toy-pigeon-bulks-outdoor-interactive-dog-toys\/#breadcrumb\",\"itemListElement\":[{\"@type\":\"ListItem\",\"position\":1,\"name\":\"HOME\",\"item\":\"https:\/\/petproducts.com.cn\/\"},{\"@type\":\"ListItem\",\"position\":2,\"name\":\"Products\",\"item\":\"https:\/\/petproducts.com.cn\/shop\/\"},{\"@type\":\"ListItem\",\"position\":3,\"name\":\"Dog Toys\",\"item\":\"https:\/\/petproducts.com.cn\/product-category\/dog-toys\/\"},{\"@type\":\"ListItem\",\"position\":4,\"name\":\"Dog Toy Pigeon Bulks Outdoor Interactive Dog Toys\"}]},{\"@type\":\"WebSite\",\"@id\":\"https:\/\/petproducts.com.cn\/#website\",\"url\":\"https:\/\/petproducts.com.cn\/\",\"name\":\"Petstar\",\"description\":\"Leading Pet Supplies Manufacturer &amp; OEM Pet Products Supplier\",\"publisher\":{\"@id\":\"https:\/\/petproducts.com.cn\/#organization\"},\"alternateName\":\"Petstar Pet Supplies\",\"potentialAction\":[{\"@type\":\"SearchAction\",\"target\":{\"@type\":\"EntryPoint\",\"urlTemplate\":\"https:\/\/petproducts.com.cn\/?s={search_term_string}\"},\"query-input\":{\"@type\":\"PropertyValueSpecification\",\"valueRequired\":true,\"valueName\":\"search_term_string\"}}],\"inLanguage\":\"es\"},{\"@type\":\"Organization\",\"@id\":\"https:\/\/petproducts.com.cn\/#organization\",\"name\":\"Petstar\",\"url\":\"https:\/\/petproducts.com.cn\/\",\"logo\":{\"@type\":\"ImageObject\",\"inLanguage\":\"es\",\"@id\":\"https:\/\/petproducts.com.cn\/#\/schema\/logo\/image\/\",\"url\":\"https:\/\/petproducts.com.cn\/wp-content\/uploads\/2020\/02\/petstar-logo.webp\",\"contentUrl\":\"https:\/\/petproducts.com.cn\/wp-content\/uploads\/2020\/02\/petstar-logo.webp\",\"width\":779,\"height\":520,\"caption\":\"Petstar\"},\"image\":{\"@id\":\"https:\/\/petproducts.com.cn\/#\/schema\/logo\/image\/\"}}]}<\/script>\n<!-- \/ Yoast SEO plugin. -->","yoast_head_json":{"title":"juguete para perro f\u00e1brica de palomas | Customdog juguete interactivo - Petstar","description":"Explorar paloma de juguete para perros,juguete interactivo para perros,juguetes interactivos para perros al aire libre del fabricante. Su soluci\u00f3n de negocio ideal con Petstar.","robots":{"index":"index","follow":"follow","max-snippet":"max-snippet:-1","max-image-preview":"max-image-preview:large","max-video-preview":"max-video-preview:-1"},"canonical":"https:\/\/petproducts.com.cn\/es\/producto\/dog-toy-pigeon-bulks-outdoor-interactive-dog-toys\/","og_locale":"es_ES","og_type":"article","og_title":"dog toy pigeon factory | Customdog interactive toy - Petstar","og_description":"Explore dog toy pigeon,dog interactive toy,outdoor interactive dog toys from the manufacturer. Your ideal business solution with Petstar.","og_url":"https:\/\/petproducts.com.cn\/es\/producto\/dog-toy-pigeon-bulks-outdoor-interactive-dog-toys\/","og_site_name":"Petstar","article_modified_time":"2023-11-16T07:24:43+00:00","og_image":[{"width":800,"height":800,"url":"https:\/\/petproducts.com.cn\/wp-content\/uploads\/2023\/11\/dog-toy-pigeon.webp","type":"image\/webp"}],"twitter_card":"summary_large_image","twitter_misc":{"Tiempo de lectura":"2 minutos"},"schema":{"@context":"https:\/\/schema.org","@graph":[{"@type":"WebPage","@id":"https:\/\/petproducts.com.cn\/product\/dog-toy-pigeon-bulks-outdoor-interactive-dog-toys\/","url":"https:\/\/petproducts.com.cn\/product\/dog-toy-pigeon-bulks-outdoor-interactive-dog-toys\/","name":"juguete para perro f\u00e1brica de palomas | Customdog juguete interactivo - Petstar","isPartOf":{"@id":"https:\/\/petproducts.com.cn\/#website"},"primaryImageOfPage":{"@id":"https:\/\/petproducts.com.cn\/product\/dog-toy-pigeon-bulks-outdoor-interactive-dog-toys\/#primaryimage"},"image":{"@id":"https:\/\/petproducts.com.cn\/product\/dog-toy-pigeon-bulks-outdoor-interactive-dog-toys\/#primaryimage"},"thumbnailUrl":"https:\/\/petproducts.com.cn\/wp-content\/uploads\/2023\/11\/dog-toy-pigeon.webp","datePublished":"2023-11-16T07:15:11+00:00","dateModified":"2023-11-16T07:24:43+00:00","description":"Explorar paloma de juguete para perros,juguete interactivo para perros,juguetes interactivos para perros al aire libre del fabricante. Su soluci\u00f3n de negocio ideal con Petstar.","breadcrumb":{"@id":"https:\/\/petproducts.com.cn\/product\/dog-toy-pigeon-bulks-outdoor-interactive-dog-toys\/#breadcrumb"},"inLanguage":"es","potentialAction":[{"@type":"ReadAction","target":["https:\/\/petproducts.com.cn\/product\/dog-toy-pigeon-bulks-outdoor-interactive-dog-toys\/"]}]},{"@type":"ImageObject","inLanguage":"es","@id":"https:\/\/petproducts.com.cn\/product\/dog-toy-pigeon-bulks-outdoor-interactive-dog-toys\/#primaryimage","url":"https:\/\/petproducts.com.cn\/wp-content\/uploads\/2023\/11\/dog-toy-pigeon.webp","contentUrl":"https:\/\/petproducts.com.cn\/wp-content\/uploads\/2023\/11\/dog-toy-pigeon.webp","width":800,"height":800,"caption":"dog toy pigeon"},{"@type":"BreadcrumbList","@id":"https:\/\/petproducts.com.cn\/product\/dog-toy-pigeon-bulks-outdoor-interactive-dog-toys\/#breadcrumb","itemListElement":[{"@type":"ListItem","position":1,"name":"HOME","item":"https:\/\/petproducts.com.cn\/"},{"@type":"ListItem","position":2,"name":"Products","item":"https:\/\/petproducts.com.cn\/shop\/"},{"@type":"ListItem","position":3,"name":"Dog Toys","item":"https:\/\/petproducts.com.cn\/product-category\/dog-toys\/"},{"@type":"ListItem","position":4,"name":"Dog Toy Pigeon Bulks Outdoor Interactive Dog Toys"}]},{"@type":"WebSite","@id":"https:\/\/petproducts.com.cn\/#website","url":"https:\/\/petproducts.com.cn\/","name":"Petstar","description":"Fabricante l\u00edder de art\u00edculos para mascotas y proveedor OEM de productos para mascotas","publisher":{"@id":"https:\/\/petproducts.com.cn\/#organization"},"alternateName":"Petstar Pet Supplies","potentialAction":[{"@type":"SearchAction","target":{"@type":"EntryPoint","urlTemplate":"https:\/\/petproducts.com.cn\/?s={search_term_string}"},"query-input":{"@type":"PropertyValueSpecification","valueRequired":true,"valueName":"search_term_string"}}],"inLanguage":"es"},{"@type":"Organization","@id":"https:\/\/petproducts.com.cn\/#organization","name":"Petstar","url":"https:\/\/petproducts.com.cn\/","logo":{"@type":"ImageObject","inLanguage":"es","@id":"https:\/\/petproducts.com.cn\/#\/schema\/logo\/image\/","url":"https:\/\/petproducts.com.cn\/wp-content\/uploads\/2020\/02\/petstar-logo.webp","contentUrl":"https:\/\/petproducts.com.cn\/wp-content\/uploads\/2020\/02\/petstar-logo.webp","width":779,"height":520,"caption":"Petstar"},"image":{"@id":"https:\/\/petproducts.com.cn\/#\/schema\/logo\/image\/"}}]}},"_links":{"self":[{"href":"https:\/\/petproducts.com.cn\/es\/wp-json\/wp\/v2\/product\/15663","targetHints":{"allow":["GET"]}}],"collection":[{"href":"https:\/\/petproducts.com.cn\/es\/wp-json\/wp\/v2\/product"}],"about":[{"href":"https:\/\/petproducts.com.cn\/es\/wp-json\/wp\/v2\/types\/product"}],"version-history":[{"count":1,"href":"https:\/\/petproducts.com.cn\/es\/wp-json\/wp\/v2\/product\/15663\/revisions"}],"predecessor-version":[{"id":15676,"href":"https:\/\/petproducts.com.cn\/es\/wp-json\/wp\/v2\/product\/15663\/revisions\/15676"}],"wp:featuredmedia":[{"embeddable":true,"href":"https:\/\/petproducts.com.cn\/es\/wp-json\/wp\/v2\/media\/15668"}],"wp:attachment":[{"href":"https:\/\/petproducts.com.cn\/es\/wp-json\/wp\/v2\/media?parent=15663"}],"wp:term":[{"taxonomy":"product_brand","embeddable":true,"href":"https:\/\/petproducts.com.cn\/es\/wp-json\/wp\/v2\/product_brand?post=15663"},{"taxonomy":"product_cat","embeddable":true,"href":"https:\/\/petproducts.com.cn\/es\/wp-json\/wp\/v2\/product_cat?post=15663"},{"taxonomy":"product_tag","embeddable":true,"href":"https:\/\/petproducts.com.cn\/es\/wp-json\/wp\/v2\/product_tag?post=15663"}],"curies":[{"name":"wp","href":"https:\/\/api.w.org\/{rel}","templated":true}]}}