{"id":15704,"date":"2023-11-16T08:12:36","date_gmt":"2023-11-16T08:12:36","guid":{"rendered":"https:\/\/petproducts.com.cn\/?post_type=product&#038;p=15704"},"modified":"2023-11-16T08:22:21","modified_gmt":"2023-11-16T08:22:21","slug":"custom-plush-dog-toy-pheasant-solution","status":"publish","type":"product","link":"https:\/\/petproducts.com.cn\/es\/product\/custom-plush-dog-toy-pheasant-solution\/","title":{"rendered":"Soluci\u00f3n de fais\u00e1n de juguete de peluche personalizado para perros"},"content":{"rendered":"<h2>Petstar: Soluci\u00f3n Fais\u00e1n de peluche personalizado para perros<\/h2>\n<p>\u00bfBusca una soluci\u00f3n personalizada fais\u00e1n juguete de peluche para perros? \u00a1No busque m\u00e1s! Nuestra empresa se especializa en el suministro de juguetes para perros personalizados y duraderos, dise\u00f1ados espec\u00edficamente para parecerse a los faisanes. He aqu\u00ed por qu\u00e9 nuestra soluci\u00f3n personalizada juguete del perro tiene una ventaja competitiva:<\/p>\n<h3>Nuestra ventaja:<\/h3>\n<ol>\n<li>Dise\u00f1o a medida y aspecto realista:Desde los colores vibrantes hasta las caracter\u00edsticas realistas, prestamos mucha atenci\u00f3n a los detalles, asegur\u00e1ndonos de que cada juguete capte la esencia de un fais\u00e1n. Con nuestro dise\u00f1o a medida, puede crear un juguete \u00fanico que destaque entre las opciones est\u00e1ndar.<\/li>\n<li>Materiales y construcci\u00f3n de alta calidad: Priorizamos los materiales y la construcci\u00f3n de calidad para garantizar la durabilidad de nuestros faisanes de juguete de felpa para perros. Nuestros juguetes est\u00e1n expertamente cosidos y reforzados para soportar masticar y tirar, proporcionando entretenimiento de larga duraci\u00f3n para su mascota.<\/li>\n<li>Caracter\u00edsticas interactivas: Nuestros faisanes de juguete de felpa para perros vienen con caracter\u00edsticas interactivas que involucran y estimulan los sentidos de su perro. Las caracter\u00edsticas interactivas ayudan a aliviar el aburrimiento y promover el ejercicio saludable, por lo que nuestros juguetes una gran opci\u00f3n para los perros activos e inteligentes.<\/li>\n<\/ol>\n<p>Elija nuestra soluci\u00f3n de juguetes de felpa personalizados para perros y experimente las ventajas de un dise\u00f1o a medida, materiales de alta calidad y funciones interactivas. P\u00f3ngase en contacto con nosotros hoy mismo para hablar de sus requisitos de personalizaci\u00f3n y d\u00e9jenos crear un juguete personalizado y duradero que le encantar\u00e1 a su amigo peludo.<\/p>","protected":false},"excerpt":{"rendered":"<p>Somos fabricantes de juguetes para perros con m\u00e1s de 20 a\u00f1os de experiencia. Ofrecemos opciones de personalizaci\u00f3n para el color, tama\u00f1o, tela, patr\u00f3n, logotipo y otras caracter\u00edsticas.<\/p>","protected":false},"featured_media":15706,"template":"","meta":{"_acf_changed":false},"product_brand":[],"product_cat":[72,48],"product_tag":[85],"class_list":{"0":"post-15704","1":"product","2":"type-product","3":"status-publish","4":"has-post-thumbnail","6":"product_cat-dog-supplies","7":"product_cat-dog-toys","8":"product_tag-dog-toys","10":"first","11":"instock","12":"shipping-taxable","13":"product-type-simple"},"acf":[],"yoast_head":"<!-- This site is optimized with the Yoast SEO plugin v27.1.1 - https:\/\/yoast.com\/product\/yoast-seo-wordpress\/ -->\n<title>dog toy pheasant factory | Customdog interactive toy - Petstar<\/title>\n<meta name=\"description\" content=\"Exploreduck dog toy pheasant,plush pheasant dog toy, squeaky dog toy from the manufacturer. Your ideal business solution with Petstar.\" \/>\n<meta name=\"robots\" content=\"index, follow, max-snippet:-1, max-image-preview:large, max-video-preview:-1\" \/>\n<link rel=\"canonical\" href=\"https:\/\/petproducts.com.cn\/es\/producto\/custom-plush-dog-toy-pheasant-solution\/\" \/>\n<meta property=\"og:locale\" content=\"es_ES\" \/>\n<meta property=\"og:type\" content=\"article\" \/>\n<meta property=\"og:title\" content=\"dog toy pheasant factory | Customdog interactive toy - Petstar\" \/>\n<meta property=\"og:description\" content=\"Exploreduck dog toy pheasant,plush pheasant dog toy, squeaky dog toy from the manufacturer. Your ideal business solution with Petstar.\" \/>\n<meta property=\"og:url\" content=\"https:\/\/petproducts.com.cn\/es\/producto\/custom-plush-dog-toy-pheasant-solution\/\" \/>\n<meta property=\"og:site_name\" content=\"Petstar\" \/>\n<meta property=\"article:modified_time\" content=\"2023-11-16T08:22:21+00:00\" \/>\n<meta property=\"og:image\" content=\"https:\/\/petproducts.com.cn\/wp-content\/uploads\/2023\/11\/dog-toy-pheasant.webp\" \/>\n\t<meta property=\"og:image:width\" content=\"800\" \/>\n\t<meta property=\"og:image:height\" content=\"800\" \/>\n\t<meta property=\"og:image:type\" content=\"image\/webp\" \/>\n<meta name=\"twitter:card\" content=\"summary_large_image\" \/>\n<meta name=\"twitter:label1\" content=\"Tiempo de lectura\" \/>\n\t<meta name=\"twitter:data1\" content=\"1 minuto\" \/>\n<script type=\"application\/ld+json\" class=\"yoast-schema-graph\">{\"@context\":\"https:\/\/schema.org\",\"@graph\":[{\"@type\":\"WebPage\",\"@id\":\"https:\/\/petproducts.com.cn\/product\/custom-plush-dog-toy-pheasant-solution\/\",\"url\":\"https:\/\/petproducts.com.cn\/product\/custom-plush-dog-toy-pheasant-solution\/\",\"name\":\"dog toy pheasant factory | Customdog interactive toy - Petstar\",\"isPartOf\":{\"@id\":\"https:\/\/petproducts.com.cn\/#website\"},\"primaryImageOfPage\":{\"@id\":\"https:\/\/petproducts.com.cn\/product\/custom-plush-dog-toy-pheasant-solution\/#primaryimage\"},\"image\":{\"@id\":\"https:\/\/petproducts.com.cn\/product\/custom-plush-dog-toy-pheasant-solution\/#primaryimage\"},\"thumbnailUrl\":\"https:\/\/petproducts.com.cn\/wp-content\/uploads\/2023\/11\/dog-toy-pheasant.webp\",\"datePublished\":\"2023-11-16T08:12:36+00:00\",\"dateModified\":\"2023-11-16T08:22:21+00:00\",\"description\":\"Exploreduck dog toy pheasant,plush pheasant dog toy, squeaky dog toy from the manufacturer. Your ideal business solution with Petstar.\",\"breadcrumb\":{\"@id\":\"https:\/\/petproducts.com.cn\/product\/custom-plush-dog-toy-pheasant-solution\/#breadcrumb\"},\"inLanguage\":\"es\",\"potentialAction\":[{\"@type\":\"ReadAction\",\"target\":[\"https:\/\/petproducts.com.cn\/product\/custom-plush-dog-toy-pheasant-solution\/\"]}]},{\"@type\":\"ImageObject\",\"inLanguage\":\"es\",\"@id\":\"https:\/\/petproducts.com.cn\/product\/custom-plush-dog-toy-pheasant-solution\/#primaryimage\",\"url\":\"https:\/\/petproducts.com.cn\/wp-content\/uploads\/2023\/11\/dog-toy-pheasant.webp\",\"contentUrl\":\"https:\/\/petproducts.com.cn\/wp-content\/uploads\/2023\/11\/dog-toy-pheasant.webp\",\"width\":800,\"height\":800,\"caption\":\"dog toy pheasant\"},{\"@type\":\"BreadcrumbList\",\"@id\":\"https:\/\/petproducts.com.cn\/product\/custom-plush-dog-toy-pheasant-solution\/#breadcrumb\",\"itemListElement\":[{\"@type\":\"ListItem\",\"position\":1,\"name\":\"HOME\",\"item\":\"https:\/\/petproducts.com.cn\/\"},{\"@type\":\"ListItem\",\"position\":2,\"name\":\"Products\",\"item\":\"https:\/\/petproducts.com.cn\/shop\/\"},{\"@type\":\"ListItem\",\"position\":3,\"name\":\"Dog Toys\",\"item\":\"https:\/\/petproducts.com.cn\/product-category\/dog-toys\/\"},{\"@type\":\"ListItem\",\"position\":4,\"name\":\"Custom Plush Dog Toy Pheasant Solution\"}]},{\"@type\":\"WebSite\",\"@id\":\"https:\/\/petproducts.com.cn\/#website\",\"url\":\"https:\/\/petproducts.com.cn\/\",\"name\":\"Petstar\",\"description\":\"Leading Pet Supplies Manufacturer &amp; OEM Pet Products Supplier\",\"publisher\":{\"@id\":\"https:\/\/petproducts.com.cn\/#organization\"},\"alternateName\":\"Petstar Pet Supplies\",\"potentialAction\":[{\"@type\":\"SearchAction\",\"target\":{\"@type\":\"EntryPoint\",\"urlTemplate\":\"https:\/\/petproducts.com.cn\/?s={search_term_string}\"},\"query-input\":{\"@type\":\"PropertyValueSpecification\",\"valueRequired\":true,\"valueName\":\"search_term_string\"}}],\"inLanguage\":\"es\"},{\"@type\":\"Organization\",\"@id\":\"https:\/\/petproducts.com.cn\/#organization\",\"name\":\"Petstar\",\"url\":\"https:\/\/petproducts.com.cn\/\",\"logo\":{\"@type\":\"ImageObject\",\"inLanguage\":\"es\",\"@id\":\"https:\/\/petproducts.com.cn\/#\/schema\/logo\/image\/\",\"url\":\"https:\/\/petproducts.com.cn\/wp-content\/uploads\/2020\/02\/petstar-logo.webp\",\"contentUrl\":\"https:\/\/petproducts.com.cn\/wp-content\/uploads\/2020\/02\/petstar-logo.webp\",\"width\":779,\"height\":520,\"caption\":\"Petstar\"},\"image\":{\"@id\":\"https:\/\/petproducts.com.cn\/#\/schema\/logo\/image\/\"}}]}<\/script>\n<!-- \/ Yoast SEO plugin. -->","yoast_head_json":{"title":"juguete para perro fais\u00e1n f\u00e1brica | Customdog juguete interactivo - Petstar","description":"Exploreduck juguete del perro fais\u00e1n,felpa fais\u00e1n juguete del perro, juguete del perro chirriante del fabricante. Su soluci\u00f3n de negocio ideal con Petstar.","robots":{"index":"index","follow":"follow","max-snippet":"max-snippet:-1","max-image-preview":"max-image-preview:large","max-video-preview":"max-video-preview:-1"},"canonical":"https:\/\/petproducts.com.cn\/es\/producto\/custom-plush-dog-toy-pheasant-solution\/","og_locale":"es_ES","og_type":"article","og_title":"dog toy pheasant factory | Customdog interactive toy - Petstar","og_description":"Exploreduck dog toy pheasant,plush pheasant dog toy, squeaky dog toy from the manufacturer. Your ideal business solution with Petstar.","og_url":"https:\/\/petproducts.com.cn\/es\/producto\/custom-plush-dog-toy-pheasant-solution\/","og_site_name":"Petstar","article_modified_time":"2023-11-16T08:22:21+00:00","og_image":[{"width":800,"height":800,"url":"https:\/\/petproducts.com.cn\/wp-content\/uploads\/2023\/11\/dog-toy-pheasant.webp","type":"image\/webp"}],"twitter_card":"summary_large_image","twitter_misc":{"Tiempo de lectura":"1 minuto"},"schema":{"@context":"https:\/\/schema.org","@graph":[{"@type":"WebPage","@id":"https:\/\/petproducts.com.cn\/product\/custom-plush-dog-toy-pheasant-solution\/","url":"https:\/\/petproducts.com.cn\/product\/custom-plush-dog-toy-pheasant-solution\/","name":"juguete para perro fais\u00e1n f\u00e1brica | Customdog juguete interactivo - Petstar","isPartOf":{"@id":"https:\/\/petproducts.com.cn\/#website"},"primaryImageOfPage":{"@id":"https:\/\/petproducts.com.cn\/product\/custom-plush-dog-toy-pheasant-solution\/#primaryimage"},"image":{"@id":"https:\/\/petproducts.com.cn\/product\/custom-plush-dog-toy-pheasant-solution\/#primaryimage"},"thumbnailUrl":"https:\/\/petproducts.com.cn\/wp-content\/uploads\/2023\/11\/dog-toy-pheasant.webp","datePublished":"2023-11-16T08:12:36+00:00","dateModified":"2023-11-16T08:22:21+00:00","description":"Exploreduck juguete del perro fais\u00e1n,felpa fais\u00e1n juguete del perro, juguete del perro chirriante del fabricante. Su soluci\u00f3n de negocio ideal con Petstar.","breadcrumb":{"@id":"https:\/\/petproducts.com.cn\/product\/custom-plush-dog-toy-pheasant-solution\/#breadcrumb"},"inLanguage":"es","potentialAction":[{"@type":"ReadAction","target":["https:\/\/petproducts.com.cn\/product\/custom-plush-dog-toy-pheasant-solution\/"]}]},{"@type":"ImageObject","inLanguage":"es","@id":"https:\/\/petproducts.com.cn\/product\/custom-plush-dog-toy-pheasant-solution\/#primaryimage","url":"https:\/\/petproducts.com.cn\/wp-content\/uploads\/2023\/11\/dog-toy-pheasant.webp","contentUrl":"https:\/\/petproducts.com.cn\/wp-content\/uploads\/2023\/11\/dog-toy-pheasant.webp","width":800,"height":800,"caption":"dog toy pheasant"},{"@type":"BreadcrumbList","@id":"https:\/\/petproducts.com.cn\/product\/custom-plush-dog-toy-pheasant-solution\/#breadcrumb","itemListElement":[{"@type":"ListItem","position":1,"name":"HOME","item":"https:\/\/petproducts.com.cn\/"},{"@type":"ListItem","position":2,"name":"Products","item":"https:\/\/petproducts.com.cn\/shop\/"},{"@type":"ListItem","position":3,"name":"Dog Toys","item":"https:\/\/petproducts.com.cn\/product-category\/dog-toys\/"},{"@type":"ListItem","position":4,"name":"Custom Plush Dog Toy Pheasant Solution"}]},{"@type":"WebSite","@id":"https:\/\/petproducts.com.cn\/#website","url":"https:\/\/petproducts.com.cn\/","name":"Petstar","description":"Fabricante l\u00edder de art\u00edculos para mascotas y proveedor OEM de productos para mascotas","publisher":{"@id":"https:\/\/petproducts.com.cn\/#organization"},"alternateName":"Petstar Pet Supplies","potentialAction":[{"@type":"SearchAction","target":{"@type":"EntryPoint","urlTemplate":"https:\/\/petproducts.com.cn\/?s={search_term_string}"},"query-input":{"@type":"PropertyValueSpecification","valueRequired":true,"valueName":"search_term_string"}}],"inLanguage":"es"},{"@type":"Organization","@id":"https:\/\/petproducts.com.cn\/#organization","name":"Petstar","url":"https:\/\/petproducts.com.cn\/","logo":{"@type":"ImageObject","inLanguage":"es","@id":"https:\/\/petproducts.com.cn\/#\/schema\/logo\/image\/","url":"https:\/\/petproducts.com.cn\/wp-content\/uploads\/2020\/02\/petstar-logo.webp","contentUrl":"https:\/\/petproducts.com.cn\/wp-content\/uploads\/2020\/02\/petstar-logo.webp","width":779,"height":520,"caption":"Petstar"},"image":{"@id":"https:\/\/petproducts.com.cn\/#\/schema\/logo\/image\/"}}]}},"_links":{"self":[{"href":"https:\/\/petproducts.com.cn\/es\/wp-json\/wp\/v2\/product\/15704","targetHints":{"allow":["GET"]}}],"collection":[{"href":"https:\/\/petproducts.com.cn\/es\/wp-json\/wp\/v2\/product"}],"about":[{"href":"https:\/\/petproducts.com.cn\/es\/wp-json\/wp\/v2\/types\/product"}],"version-history":[{"count":1,"href":"https:\/\/petproducts.com.cn\/es\/wp-json\/wp\/v2\/product\/15704\/revisions"}],"predecessor-version":[{"id":15718,"href":"https:\/\/petproducts.com.cn\/es\/wp-json\/wp\/v2\/product\/15704\/revisions\/15718"}],"wp:featuredmedia":[{"embeddable":true,"href":"https:\/\/petproducts.com.cn\/es\/wp-json\/wp\/v2\/media\/15706"}],"wp:attachment":[{"href":"https:\/\/petproducts.com.cn\/es\/wp-json\/wp\/v2\/media?parent=15704"}],"wp:term":[{"taxonomy":"product_brand","embeddable":true,"href":"https:\/\/petproducts.com.cn\/es\/wp-json\/wp\/v2\/product_brand?post=15704"},{"taxonomy":"product_cat","embeddable":true,"href":"https:\/\/petproducts.com.cn\/es\/wp-json\/wp\/v2\/product_cat?post=15704"},{"taxonomy":"product_tag","embeddable":true,"href":"https:\/\/petproducts.com.cn\/es\/wp-json\/wp\/v2\/product_tag?post=15704"}],"curies":[{"name":"wp","href":"https:\/\/api.w.org\/{rel}","templated":true}]}}