{"id":15705,"date":"2023-11-16T08:12:48","date_gmt":"2023-11-16T08:12:48","guid":{"rendered":"https:\/\/petproducts.com.cn\/?post_type=product&#038;p=15705"},"modified":"2023-11-16T08:23:12","modified_gmt":"2023-11-16T08:23:12","slug":"cat-furniture-scratcher-quality-cat-scratching-post","status":"publish","type":"product","link":"https:\/\/petproducts.com.cn\/es\/product\/cat-furniture-scratcher-quality-cat-scratching-post\/","title":{"rendered":"Rascador para muebles para gatos, poste rascador para gatos de calidad"},"content":{"rendered":"<h2>Caracter\u00edsticas del rascador para gatos<\/h2>\n<p><strong>1.Altura de 48cm<\/strong>: Nuestro rascador para gatos tiene una altura de 48 cm, proporcionando a su gato el espacio vertical ideal para estirarse, rascar y ejercitar sus m\u00fasculos. Tiene el tama\u00f1o perfecto para gatos de todas las edades y tama\u00f1os.<\/p>\n<p><strong>2.Uso generalizado<\/strong>: Tanto si tiene un gatito juguet\u00f3n como un gato adulto, nuestro poste para gatos es adecuado para todos. Proporciona una salida a su instinto natural de ara\u00f1ar y ayuda a evitar que da\u00f1en sus muebles y alfombras.<\/p>\n<p><strong>3.Cama extra\u00edble:<\/strong> Entendemos que a los gatos les encantan sus acogedores rincones de siesta. Por eso nuestro rascador para gatos incluye una cama extra\u00edble. Su gato puede relajarse c\u00f3modamente encima del poste o acurrucarse dentro de la cama para dormir pl\u00e1cidamente.<\/p>\n<p><strong>4.Tablero rascador para gatos:<\/strong> Nuestro rascador cuenta con una tabla de rascar para gatos duradera y con textura. Esto permite a su gato no s\u00f3lo satisfacer sus necesidades de rascado, sino que tambi\u00e9n ayuda a mantener sus garras sanas y bien cuidadas.<\/p>\n<p><strong>5.Personalizable:<\/strong> Creemos en las preferencias individuales. Por eso nuestros muebles rascadores para gatos son personalizables. Puede elegir entre una variedad de colores y estilos para que coincida con la decoraci\u00f3n de su hogar y la personalidad \u00fanica de su gato.<\/p>\n<p><strong>6.F\u00e1cil montaje:<\/strong> Montar nuestro rascador para gatos es muy f\u00e1cil. Con instrucciones claras y todas las herramientas necesarias incluidas, puede tenerlo listo para que su gato disfrute en poco tiempo.<\/p>\n<p>&nbsp;<\/p>","protected":false},"excerpt":{"rendered":"<p>Somos fabricantes de rascadores para gatos con m\u00e1s de 20 a\u00f1os de experiencia. Ofrecemos opciones de personalizaci\u00f3n para el color, tama\u00f1o, tela, patr\u00f3n, logotipo y otras caracter\u00edsticas.<\/p>","protected":false},"featured_media":15712,"template":"","meta":{"_acf_changed":false},"product_brand":[],"product_cat":[71,47],"product_tag":[88],"class_list":{"0":"post-15705","1":"product","2":"type-product","3":"status-publish","4":"has-post-thumbnail","6":"product_cat-cat-supplies","7":"product_cat-cat-trees-furniture","8":"product_tag-cat-trees-furniture","10":"first","11":"instock","12":"shipping-taxable","13":"product-type-simple"},"acf":[],"yoast_head":"<!-- This site is optimized with the Yoast SEO plugin v27.1.1 - https:\/\/yoast.com\/product\/yoast-seo-wordpress\/ -->\n<title>Cat Furniture Scratcher | OEM Cat Scratching Post - Petstar<\/title>\n<meta name=\"description\" content=\"Explore Cat Furniture Scratcher, OEM Cat Scratching Post directly from the manufacturer. Your ideal business solution with Petstar.\" \/>\n<meta name=\"robots\" content=\"index, follow, max-snippet:-1, max-image-preview:large, max-video-preview:-1\" \/>\n<link rel=\"canonical\" href=\"https:\/\/petproducts.com.cn\/es\/producto\/cat-furniture-scratcher-quality-cat-scratching-post\/\" \/>\n<meta property=\"og:locale\" content=\"es_ES\" \/>\n<meta property=\"og:type\" content=\"article\" \/>\n<meta property=\"og:title\" content=\"Cat Furniture Scratcher | OEM Cat Scratching Post - Petstar\" \/>\n<meta property=\"og:description\" content=\"Explore Cat Furniture Scratcher, OEM Cat Scratching Post directly from the manufacturer. Your ideal business solution with Petstar.\" \/>\n<meta property=\"og:url\" content=\"https:\/\/petproducts.com.cn\/es\/producto\/cat-furniture-scratcher-quality-cat-scratching-post\/\" \/>\n<meta property=\"og:site_name\" content=\"Petstar\" \/>\n<meta property=\"article:modified_time\" content=\"2023-11-16T08:23:12+00:00\" \/>\n<meta property=\"og:image\" content=\"https:\/\/petproducts.com.cn\/wp-content\/uploads\/2023\/11\/cat-furniture-scratcher.webp\" \/>\n\t<meta property=\"og:image:width\" content=\"1000\" \/>\n\t<meta property=\"og:image:height\" content=\"1000\" \/>\n\t<meta property=\"og:image:type\" content=\"image\/webp\" \/>\n<meta name=\"twitter:card\" content=\"summary_large_image\" \/>\n<meta name=\"twitter:label1\" content=\"Tiempo de lectura\" \/>\n\t<meta name=\"twitter:data1\" content=\"2 minutos\" \/>\n<script type=\"application\/ld+json\" class=\"yoast-schema-graph\">{\"@context\":\"https:\/\/schema.org\",\"@graph\":[{\"@type\":\"WebPage\",\"@id\":\"https:\/\/petproducts.com.cn\/product\/cat-furniture-scratcher-quality-cat-scratching-post\/\",\"url\":\"https:\/\/petproducts.com.cn\/product\/cat-furniture-scratcher-quality-cat-scratching-post\/\",\"name\":\"Cat Furniture Scratcher | OEM Cat Scratching Post - Petstar\",\"isPartOf\":{\"@id\":\"https:\/\/petproducts.com.cn\/#website\"},\"primaryImageOfPage\":{\"@id\":\"https:\/\/petproducts.com.cn\/product\/cat-furniture-scratcher-quality-cat-scratching-post\/#primaryimage\"},\"image\":{\"@id\":\"https:\/\/petproducts.com.cn\/product\/cat-furniture-scratcher-quality-cat-scratching-post\/#primaryimage\"},\"thumbnailUrl\":\"https:\/\/petproducts.com.cn\/wp-content\/uploads\/2023\/11\/cat-furniture-scratcher.webp\",\"datePublished\":\"2023-11-16T08:12:48+00:00\",\"dateModified\":\"2023-11-16T08:23:12+00:00\",\"description\":\"Explore Cat Furniture Scratcher, OEM Cat Scratching Post directly from the manufacturer. Your ideal business solution with Petstar.\",\"breadcrumb\":{\"@id\":\"https:\/\/petproducts.com.cn\/product\/cat-furniture-scratcher-quality-cat-scratching-post\/#breadcrumb\"},\"inLanguage\":\"es\",\"potentialAction\":[{\"@type\":\"ReadAction\",\"target\":[\"https:\/\/petproducts.com.cn\/product\/cat-furniture-scratcher-quality-cat-scratching-post\/\"]}]},{\"@type\":\"ImageObject\",\"inLanguage\":\"es\",\"@id\":\"https:\/\/petproducts.com.cn\/product\/cat-furniture-scratcher-quality-cat-scratching-post\/#primaryimage\",\"url\":\"https:\/\/petproducts.com.cn\/wp-content\/uploads\/2023\/11\/cat-furniture-scratcher.webp\",\"contentUrl\":\"https:\/\/petproducts.com.cn\/wp-content\/uploads\/2023\/11\/cat-furniture-scratcher.webp\",\"width\":1000,\"height\":1000,\"caption\":\"cat furniture scratcher\"},{\"@type\":\"BreadcrumbList\",\"@id\":\"https:\/\/petproducts.com.cn\/product\/cat-furniture-scratcher-quality-cat-scratching-post\/#breadcrumb\",\"itemListElement\":[{\"@type\":\"ListItem\",\"position\":1,\"name\":\"HOME\",\"item\":\"https:\/\/petproducts.com.cn\/\"},{\"@type\":\"ListItem\",\"position\":2,\"name\":\"Products\",\"item\":\"https:\/\/petproducts.com.cn\/shop\/\"},{\"@type\":\"ListItem\",\"position\":3,\"name\":\"Cat Trees &amp; Furniture\",\"item\":\"https:\/\/petproducts.com.cn\/product-category\/cat-trees-furniture\/\"},{\"@type\":\"ListItem\",\"position\":4,\"name\":\"Cat Furniture Scratcher Quality Cat Scratching Post\"}]},{\"@type\":\"WebSite\",\"@id\":\"https:\/\/petproducts.com.cn\/#website\",\"url\":\"https:\/\/petproducts.com.cn\/\",\"name\":\"Petstar\",\"description\":\"Leading Pet Supplies Manufacturer &amp; OEM Pet Products Supplier\",\"publisher\":{\"@id\":\"https:\/\/petproducts.com.cn\/#organization\"},\"alternateName\":\"Petstar Pet Supplies\",\"potentialAction\":[{\"@type\":\"SearchAction\",\"target\":{\"@type\":\"EntryPoint\",\"urlTemplate\":\"https:\/\/petproducts.com.cn\/?s={search_term_string}\"},\"query-input\":{\"@type\":\"PropertyValueSpecification\",\"valueRequired\":true,\"valueName\":\"search_term_string\"}}],\"inLanguage\":\"es\"},{\"@type\":\"Organization\",\"@id\":\"https:\/\/petproducts.com.cn\/#organization\",\"name\":\"Petstar\",\"url\":\"https:\/\/petproducts.com.cn\/\",\"logo\":{\"@type\":\"ImageObject\",\"inLanguage\":\"es\",\"@id\":\"https:\/\/petproducts.com.cn\/#\/schema\/logo\/image\/\",\"url\":\"https:\/\/petproducts.com.cn\/wp-content\/uploads\/2020\/02\/petstar-logo.webp\",\"contentUrl\":\"https:\/\/petproducts.com.cn\/wp-content\/uploads\/2020\/02\/petstar-logo.webp\",\"width\":779,\"height\":520,\"caption\":\"Petstar\"},\"image\":{\"@id\":\"https:\/\/petproducts.com.cn\/#\/schema\/logo\/image\/\"}}]}<\/script>\n<!-- \/ Yoast SEO plugin. -->","yoast_head_json":{"title":"Cat Furniture Scratcher | OEM Cat Scratching Post - Petstar","description":"Explorar Cat Muebles Scratcher, OEM Cat Scratching Post directamente del fabricante. Su soluci\u00f3n comercial ideal con Petstar.","robots":{"index":"index","follow":"follow","max-snippet":"max-snippet:-1","max-image-preview":"max-image-preview:large","max-video-preview":"max-video-preview:-1"},"canonical":"https:\/\/petproducts.com.cn\/es\/producto\/cat-furniture-scratcher-quality-cat-scratching-post\/","og_locale":"es_ES","og_type":"article","og_title":"Cat Furniture Scratcher | OEM Cat Scratching Post - Petstar","og_description":"Explore Cat Furniture Scratcher, OEM Cat Scratching Post directly from the manufacturer. Your ideal business solution with Petstar.","og_url":"https:\/\/petproducts.com.cn\/es\/producto\/cat-furniture-scratcher-quality-cat-scratching-post\/","og_site_name":"Petstar","article_modified_time":"2023-11-16T08:23:12+00:00","og_image":[{"width":1000,"height":1000,"url":"https:\/\/petproducts.com.cn\/wp-content\/uploads\/2023\/11\/cat-furniture-scratcher.webp","type":"image\/webp"}],"twitter_card":"summary_large_image","twitter_misc":{"Tiempo de lectura":"2 minutos"},"schema":{"@context":"https:\/\/schema.org","@graph":[{"@type":"WebPage","@id":"https:\/\/petproducts.com.cn\/product\/cat-furniture-scratcher-quality-cat-scratching-post\/","url":"https:\/\/petproducts.com.cn\/product\/cat-furniture-scratcher-quality-cat-scratching-post\/","name":"Cat Furniture Scratcher | OEM Cat Scratching Post - Petstar","isPartOf":{"@id":"https:\/\/petproducts.com.cn\/#website"},"primaryImageOfPage":{"@id":"https:\/\/petproducts.com.cn\/product\/cat-furniture-scratcher-quality-cat-scratching-post\/#primaryimage"},"image":{"@id":"https:\/\/petproducts.com.cn\/product\/cat-furniture-scratcher-quality-cat-scratching-post\/#primaryimage"},"thumbnailUrl":"https:\/\/petproducts.com.cn\/wp-content\/uploads\/2023\/11\/cat-furniture-scratcher.webp","datePublished":"2023-11-16T08:12:48+00:00","dateModified":"2023-11-16T08:23:12+00:00","description":"Explorar Cat Muebles Scratcher, OEM Cat Scratching Post directamente del fabricante. Su soluci\u00f3n comercial ideal con Petstar.","breadcrumb":{"@id":"https:\/\/petproducts.com.cn\/product\/cat-furniture-scratcher-quality-cat-scratching-post\/#breadcrumb"},"inLanguage":"es","potentialAction":[{"@type":"ReadAction","target":["https:\/\/petproducts.com.cn\/product\/cat-furniture-scratcher-quality-cat-scratching-post\/"]}]},{"@type":"ImageObject","inLanguage":"es","@id":"https:\/\/petproducts.com.cn\/product\/cat-furniture-scratcher-quality-cat-scratching-post\/#primaryimage","url":"https:\/\/petproducts.com.cn\/wp-content\/uploads\/2023\/11\/cat-furniture-scratcher.webp","contentUrl":"https:\/\/petproducts.com.cn\/wp-content\/uploads\/2023\/11\/cat-furniture-scratcher.webp","width":1000,"height":1000,"caption":"cat furniture scratcher"},{"@type":"BreadcrumbList","@id":"https:\/\/petproducts.com.cn\/product\/cat-furniture-scratcher-quality-cat-scratching-post\/#breadcrumb","itemListElement":[{"@type":"ListItem","position":1,"name":"HOME","item":"https:\/\/petproducts.com.cn\/"},{"@type":"ListItem","position":2,"name":"Products","item":"https:\/\/petproducts.com.cn\/shop\/"},{"@type":"ListItem","position":3,"name":"Cat Trees &amp; Furniture","item":"https:\/\/petproducts.com.cn\/product-category\/cat-trees-furniture\/"},{"@type":"ListItem","position":4,"name":"Cat Furniture Scratcher Quality Cat Scratching Post"}]},{"@type":"WebSite","@id":"https:\/\/petproducts.com.cn\/#website","url":"https:\/\/petproducts.com.cn\/","name":"Petstar","description":"Fabricante l\u00edder de art\u00edculos para mascotas y proveedor OEM de productos para mascotas","publisher":{"@id":"https:\/\/petproducts.com.cn\/#organization"},"alternateName":"Petstar Pet Supplies","potentialAction":[{"@type":"SearchAction","target":{"@type":"EntryPoint","urlTemplate":"https:\/\/petproducts.com.cn\/?s={search_term_string}"},"query-input":{"@type":"PropertyValueSpecification","valueRequired":true,"valueName":"search_term_string"}}],"inLanguage":"es"},{"@type":"Organization","@id":"https:\/\/petproducts.com.cn\/#organization","name":"Petstar","url":"https:\/\/petproducts.com.cn\/","logo":{"@type":"ImageObject","inLanguage":"es","@id":"https:\/\/petproducts.com.cn\/#\/schema\/logo\/image\/","url":"https:\/\/petproducts.com.cn\/wp-content\/uploads\/2020\/02\/petstar-logo.webp","contentUrl":"https:\/\/petproducts.com.cn\/wp-content\/uploads\/2020\/02\/petstar-logo.webp","width":779,"height":520,"caption":"Petstar"},"image":{"@id":"https:\/\/petproducts.com.cn\/#\/schema\/logo\/image\/"}}]}},"_links":{"self":[{"href":"https:\/\/petproducts.com.cn\/es\/wp-json\/wp\/v2\/product\/15705","targetHints":{"allow":["GET"]}}],"collection":[{"href":"https:\/\/petproducts.com.cn\/es\/wp-json\/wp\/v2\/product"}],"about":[{"href":"https:\/\/petproducts.com.cn\/es\/wp-json\/wp\/v2\/types\/product"}],"version-history":[{"count":1,"href":"https:\/\/petproducts.com.cn\/es\/wp-json\/wp\/v2\/product\/15705\/revisions"}],"predecessor-version":[{"id":15719,"href":"https:\/\/petproducts.com.cn\/es\/wp-json\/wp\/v2\/product\/15705\/revisions\/15719"}],"wp:featuredmedia":[{"embeddable":true,"href":"https:\/\/petproducts.com.cn\/es\/wp-json\/wp\/v2\/media\/15712"}],"wp:attachment":[{"href":"https:\/\/petproducts.com.cn\/es\/wp-json\/wp\/v2\/media?parent=15705"}],"wp:term":[{"taxonomy":"product_brand","embeddable":true,"href":"https:\/\/petproducts.com.cn\/es\/wp-json\/wp\/v2\/product_brand?post=15705"},{"taxonomy":"product_cat","embeddable":true,"href":"https:\/\/petproducts.com.cn\/es\/wp-json\/wp\/v2\/product_cat?post=15705"},{"taxonomy":"product_tag","embeddable":true,"href":"https:\/\/petproducts.com.cn\/es\/wp-json\/wp\/v2\/product_tag?post=15705"}],"curies":[{"name":"wp","href":"https:\/\/api.w.org\/{rel}","templated":true}]}}