{"id":15864,"date":"2023-11-17T06:26:15","date_gmt":"2023-11-17T06:26:15","guid":{"rendered":"https:\/\/petproducts.com.cn\/?post_type=product&#038;p=15864"},"modified":"2023-11-17T06:32:45","modified_gmt":"2023-11-17T06:32:45","slug":"manufacturing-squeaky-snake-dog-toy-funny","status":"publish","type":"product","link":"https:\/\/petproducts.com.cn\/es\/product\/manufacturing-squeaky-snake-dog-toy-funny\/","title":{"rendered":"Fabricaci\u00f3n Serpiente chirriante Juguete para perro Divertido"},"content":{"rendered":"<h2>Petstar: Juguete para perro serpiente chirriante personalizado<\/h2>\n<p>\u00bfBusca un juguete chirriante para perros que mantenga a su peludo amigo entretenido y cautivado? \u00a1Petstar est\u00e1 aqu\u00ed para entregar! Nos especializamos en la fabricaci\u00f3n de juguetes personalizados serpiente chirriante perro que no s\u00f3lo son divertidos, pero tambi\u00e9n dise\u00f1ado para participar instintos naturales de su perro.<\/p>\n<h3>Nuestra ventaja:<\/h3>\n<ol>\n<li>Amplias opciones de personalizaci\u00f3n: En Petstar, entendemos que cada perro tiene preferencias \u00fanicas cuando se trata de juguetes. Es por eso que ofrecemos amplias opciones de personalizaci\u00f3n para nuestro juguete para perro serpiente chirriante. Desde la selecci\u00f3n del tama\u00f1o, color y patr\u00f3n de la serpiente hasta la adici\u00f3n de caracter\u00edsticas adicionales, tales como chirriadores o elementos interactivos, trabajamos estrechamente con usted para crear un juguete que se adapte perfectamente a la personalidad de su perro y su estilo de juego. Nuestro objetivo es proporcionar una experiencia personalizada y agradable tanto para usted como para su peludo compa\u00f1ero.<\/li>\n<li>Calidad superior y durabilidad: Damos prioridad a la calidad y durabilidad de nuestros juguetes chirriantes para perros. Utilizamos materiales seguros para las mascotas y empleamos t\u00e9cnicas de costura fuertes para construir nuestros juguetes, asegurando que pueden soportar el juego duro. El chirriador encerrado dentro del juguete garantiza la seguridad sin dejar de proporcionar el sonido tentador que los perros aman. Al elegir Petstar, puede estar seguro de que nuestros juguetes est\u00e1n dise\u00f1ados para durar, lo que le dar\u00e1 tranquilidad mientras su perro disfruta de un juego seguro y duradero.<\/li>\n<li>Dise\u00f1o divertido y atractivo: Hemos dise\u00f1ado espec\u00edficamente nuestro juguete chirriante para perros para proporcionar horas de diversi\u00f3n y entretenimiento a su querido compa\u00f1ero canino. El dise\u00f1o en forma de serpiente y el emocionante sonido de chirrido estimulan los instintos de caza de su perro, manteni\u00e9ndolos comprometidos y activos durante el tiempo de juego. Ya sea lanzando, tirando o buscando, nuestro juguete proporcionar\u00e1 diversi\u00f3n sin fin a su amigo peludo, proporcion\u00e1ndole estimulaci\u00f3n mental y f\u00edsica.<\/li>\n<\/ol>","protected":false},"excerpt":{"rendered":"<p>Somos fabricantes de juguetes para perros con m\u00e1s de 20 a\u00f1os de experiencia. Ofrecemos opciones de personalizaci\u00f3n para el color, tama\u00f1o, tela, patr\u00f3n, logotipo y otras caracter\u00edsticas.<\/p>","protected":false},"featured_media":15868,"template":"","meta":{"_acf_changed":false},"product_brand":[],"product_cat":[72,48],"product_tag":[85],"class_list":{"0":"post-15864","1":"product","2":"type-product","3":"status-publish","4":"has-post-thumbnail","6":"product_cat-dog-supplies","7":"product_cat-dog-toys","8":"product_tag-dog-toys","10":"first","11":"instock","12":"shipping-taxable","13":"product-type-simple"},"acf":[],"yoast_head":"<!-- This site is optimized with the Yoast SEO plugin v27.1.1 - https:\/\/yoast.com\/product\/yoast-seo-wordpress\/ -->\n<title>squeaky snake dog toy factory | Customdog funny dog toy - Petstar<\/title>\n<meta name=\"description\" content=\"Explore squeaky snake dog toy,plush pheasant dog toy, funny dog toy from the manufacturer. Your ideal business solution with Petstar.\" \/>\n<meta name=\"robots\" content=\"index, follow, max-snippet:-1, max-image-preview:large, max-video-preview:-1\" \/>\n<link rel=\"canonical\" href=\"https:\/\/petproducts.com.cn\/es\/producto\/manufacturing-squeaky-snake-dog-toy-funny\/\" \/>\n<meta property=\"og:locale\" content=\"es_ES\" \/>\n<meta property=\"og:type\" content=\"article\" \/>\n<meta property=\"og:title\" content=\"squeaky snake dog toy factory | Customdog funny dog toy - Petstar\" \/>\n<meta property=\"og:description\" content=\"Explore squeaky snake dog toy,plush pheasant dog toy, funny dog toy from the manufacturer. Your ideal business solution with Petstar.\" \/>\n<meta property=\"og:url\" content=\"https:\/\/petproducts.com.cn\/es\/producto\/manufacturing-squeaky-snake-dog-toy-funny\/\" \/>\n<meta property=\"og:site_name\" content=\"Petstar\" \/>\n<meta property=\"article:modified_time\" content=\"2023-11-17T06:32:45+00:00\" \/>\n<meta property=\"og:image\" content=\"https:\/\/petproducts.com.cn\/wp-content\/uploads\/2023\/11\/snake-dog-toys.webp\" \/>\n\t<meta property=\"og:image:width\" content=\"1000\" \/>\n\t<meta property=\"og:image:height\" content=\"1000\" \/>\n\t<meta property=\"og:image:type\" content=\"image\/webp\" \/>\n<meta name=\"twitter:card\" content=\"summary_large_image\" \/>\n<meta name=\"twitter:label1\" content=\"Tiempo de lectura\" \/>\n\t<meta name=\"twitter:data1\" content=\"2 minutos\" \/>\n<script type=\"application\/ld+json\" class=\"yoast-schema-graph\">{\"@context\":\"https:\/\/schema.org\",\"@graph\":[{\"@type\":\"WebPage\",\"@id\":\"https:\/\/petproducts.com.cn\/product\/manufacturing-squeaky-snake-dog-toy-funny\/\",\"url\":\"https:\/\/petproducts.com.cn\/product\/manufacturing-squeaky-snake-dog-toy-funny\/\",\"name\":\"squeaky snake dog toy factory | Customdog funny dog toy - Petstar\",\"isPartOf\":{\"@id\":\"https:\/\/petproducts.com.cn\/#website\"},\"primaryImageOfPage\":{\"@id\":\"https:\/\/petproducts.com.cn\/product\/manufacturing-squeaky-snake-dog-toy-funny\/#primaryimage\"},\"image\":{\"@id\":\"https:\/\/petproducts.com.cn\/product\/manufacturing-squeaky-snake-dog-toy-funny\/#primaryimage\"},\"thumbnailUrl\":\"https:\/\/petproducts.com.cn\/wp-content\/uploads\/2023\/11\/snake-dog-toys.webp\",\"datePublished\":\"2023-11-17T06:26:15+00:00\",\"dateModified\":\"2023-11-17T06:32:45+00:00\",\"description\":\"Explore squeaky snake dog toy,plush pheasant dog toy, funny dog toy from the manufacturer. Your ideal business solution with Petstar.\",\"breadcrumb\":{\"@id\":\"https:\/\/petproducts.com.cn\/product\/manufacturing-squeaky-snake-dog-toy-funny\/#breadcrumb\"},\"inLanguage\":\"es\",\"potentialAction\":[{\"@type\":\"ReadAction\",\"target\":[\"https:\/\/petproducts.com.cn\/product\/manufacturing-squeaky-snake-dog-toy-funny\/\"]}]},{\"@type\":\"ImageObject\",\"inLanguage\":\"es\",\"@id\":\"https:\/\/petproducts.com.cn\/product\/manufacturing-squeaky-snake-dog-toy-funny\/#primaryimage\",\"url\":\"https:\/\/petproducts.com.cn\/wp-content\/uploads\/2023\/11\/snake-dog-toys.webp\",\"contentUrl\":\"https:\/\/petproducts.com.cn\/wp-content\/uploads\/2023\/11\/snake-dog-toys.webp\",\"width\":1000,\"height\":1000,\"caption\":\"squeaky snake dog toys\"},{\"@type\":\"BreadcrumbList\",\"@id\":\"https:\/\/petproducts.com.cn\/product\/manufacturing-squeaky-snake-dog-toy-funny\/#breadcrumb\",\"itemListElement\":[{\"@type\":\"ListItem\",\"position\":1,\"name\":\"HOME\",\"item\":\"https:\/\/petproducts.com.cn\/\"},{\"@type\":\"ListItem\",\"position\":2,\"name\":\"Products\",\"item\":\"https:\/\/petproducts.com.cn\/shop\/\"},{\"@type\":\"ListItem\",\"position\":3,\"name\":\"Dog Toys\",\"item\":\"https:\/\/petproducts.com.cn\/product-category\/dog-toys\/\"},{\"@type\":\"ListItem\",\"position\":4,\"name\":\"Manufacturing Squeaky Snake Dog Toy Funny\"}]},{\"@type\":\"WebSite\",\"@id\":\"https:\/\/petproducts.com.cn\/#website\",\"url\":\"https:\/\/petproducts.com.cn\/\",\"name\":\"Petstar\",\"description\":\"Leading Pet Supplies Manufacturer &amp; OEM Pet Products Supplier\",\"publisher\":{\"@id\":\"https:\/\/petproducts.com.cn\/#organization\"},\"alternateName\":\"Petstar Pet Supplies\",\"potentialAction\":[{\"@type\":\"SearchAction\",\"target\":{\"@type\":\"EntryPoint\",\"urlTemplate\":\"https:\/\/petproducts.com.cn\/?s={search_term_string}\"},\"query-input\":{\"@type\":\"PropertyValueSpecification\",\"valueRequired\":true,\"valueName\":\"search_term_string\"}}],\"inLanguage\":\"es\"},{\"@type\":\"Organization\",\"@id\":\"https:\/\/petproducts.com.cn\/#organization\",\"name\":\"Petstar\",\"url\":\"https:\/\/petproducts.com.cn\/\",\"logo\":{\"@type\":\"ImageObject\",\"inLanguage\":\"es\",\"@id\":\"https:\/\/petproducts.com.cn\/#\/schema\/logo\/image\/\",\"url\":\"https:\/\/petproducts.com.cn\/wp-content\/uploads\/2020\/02\/petstar-logo.webp\",\"contentUrl\":\"https:\/\/petproducts.com.cn\/wp-content\/uploads\/2020\/02\/petstar-logo.webp\",\"width\":779,\"height\":520,\"caption\":\"Petstar\"},\"image\":{\"@id\":\"https:\/\/petproducts.com.cn\/#\/schema\/logo\/image\/\"}}]}<\/script>\n<!-- \/ Yoast SEO plugin. -->","yoast_head_json":{"title":"serpiente chirriante f\u00e1brica de juguetes para perros | Customdog divertido juguete para perros - Petstar","description":"Explorar juguete del perro serpiente chirriante,juguete del perro fais\u00e1n de felpa, juguete del perro divertido del fabricante. Su soluci\u00f3n de negocio ideal con Petstar.","robots":{"index":"index","follow":"follow","max-snippet":"max-snippet:-1","max-image-preview":"max-image-preview:large","max-video-preview":"max-video-preview:-1"},"canonical":"https:\/\/petproducts.com.cn\/es\/producto\/manufacturing-squeaky-snake-dog-toy-funny\/","og_locale":"es_ES","og_type":"article","og_title":"squeaky snake dog toy factory | Customdog funny dog toy - Petstar","og_description":"Explore squeaky snake dog toy,plush pheasant dog toy, funny dog toy from the manufacturer. Your ideal business solution with Petstar.","og_url":"https:\/\/petproducts.com.cn\/es\/producto\/manufacturing-squeaky-snake-dog-toy-funny\/","og_site_name":"Petstar","article_modified_time":"2023-11-17T06:32:45+00:00","og_image":[{"width":1000,"height":1000,"url":"https:\/\/petproducts.com.cn\/wp-content\/uploads\/2023\/11\/snake-dog-toys.webp","type":"image\/webp"}],"twitter_card":"summary_large_image","twitter_misc":{"Tiempo de lectura":"2 minutos"},"schema":{"@context":"https:\/\/schema.org","@graph":[{"@type":"WebPage","@id":"https:\/\/petproducts.com.cn\/product\/manufacturing-squeaky-snake-dog-toy-funny\/","url":"https:\/\/petproducts.com.cn\/product\/manufacturing-squeaky-snake-dog-toy-funny\/","name":"serpiente chirriante f\u00e1brica de juguetes para perros | Customdog divertido juguete para perros - Petstar","isPartOf":{"@id":"https:\/\/petproducts.com.cn\/#website"},"primaryImageOfPage":{"@id":"https:\/\/petproducts.com.cn\/product\/manufacturing-squeaky-snake-dog-toy-funny\/#primaryimage"},"image":{"@id":"https:\/\/petproducts.com.cn\/product\/manufacturing-squeaky-snake-dog-toy-funny\/#primaryimage"},"thumbnailUrl":"https:\/\/petproducts.com.cn\/wp-content\/uploads\/2023\/11\/snake-dog-toys.webp","datePublished":"2023-11-17T06:26:15+00:00","dateModified":"2023-11-17T06:32:45+00:00","description":"Explorar juguete del perro serpiente chirriante,juguete del perro fais\u00e1n de felpa, juguete del perro divertido del fabricante. Su soluci\u00f3n de negocio ideal con Petstar.","breadcrumb":{"@id":"https:\/\/petproducts.com.cn\/product\/manufacturing-squeaky-snake-dog-toy-funny\/#breadcrumb"},"inLanguage":"es","potentialAction":[{"@type":"ReadAction","target":["https:\/\/petproducts.com.cn\/product\/manufacturing-squeaky-snake-dog-toy-funny\/"]}]},{"@type":"ImageObject","inLanguage":"es","@id":"https:\/\/petproducts.com.cn\/product\/manufacturing-squeaky-snake-dog-toy-funny\/#primaryimage","url":"https:\/\/petproducts.com.cn\/wp-content\/uploads\/2023\/11\/snake-dog-toys.webp","contentUrl":"https:\/\/petproducts.com.cn\/wp-content\/uploads\/2023\/11\/snake-dog-toys.webp","width":1000,"height":1000,"caption":"squeaky snake dog toys"},{"@type":"BreadcrumbList","@id":"https:\/\/petproducts.com.cn\/product\/manufacturing-squeaky-snake-dog-toy-funny\/#breadcrumb","itemListElement":[{"@type":"ListItem","position":1,"name":"HOME","item":"https:\/\/petproducts.com.cn\/"},{"@type":"ListItem","position":2,"name":"Products","item":"https:\/\/petproducts.com.cn\/shop\/"},{"@type":"ListItem","position":3,"name":"Dog Toys","item":"https:\/\/petproducts.com.cn\/product-category\/dog-toys\/"},{"@type":"ListItem","position":4,"name":"Manufacturing Squeaky Snake Dog Toy Funny"}]},{"@type":"WebSite","@id":"https:\/\/petproducts.com.cn\/#website","url":"https:\/\/petproducts.com.cn\/","name":"Petstar","description":"Fabricante l\u00edder de art\u00edculos para mascotas y proveedor OEM de productos para mascotas","publisher":{"@id":"https:\/\/petproducts.com.cn\/#organization"},"alternateName":"Petstar Pet Supplies","potentialAction":[{"@type":"SearchAction","target":{"@type":"EntryPoint","urlTemplate":"https:\/\/petproducts.com.cn\/?s={search_term_string}"},"query-input":{"@type":"PropertyValueSpecification","valueRequired":true,"valueName":"search_term_string"}}],"inLanguage":"es"},{"@type":"Organization","@id":"https:\/\/petproducts.com.cn\/#organization","name":"Petstar","url":"https:\/\/petproducts.com.cn\/","logo":{"@type":"ImageObject","inLanguage":"es","@id":"https:\/\/petproducts.com.cn\/#\/schema\/logo\/image\/","url":"https:\/\/petproducts.com.cn\/wp-content\/uploads\/2020\/02\/petstar-logo.webp","contentUrl":"https:\/\/petproducts.com.cn\/wp-content\/uploads\/2020\/02\/petstar-logo.webp","width":779,"height":520,"caption":"Petstar"},"image":{"@id":"https:\/\/petproducts.com.cn\/#\/schema\/logo\/image\/"}}]}},"_links":{"self":[{"href":"https:\/\/petproducts.com.cn\/es\/wp-json\/wp\/v2\/product\/15864","targetHints":{"allow":["GET"]}}],"collection":[{"href":"https:\/\/petproducts.com.cn\/es\/wp-json\/wp\/v2\/product"}],"about":[{"href":"https:\/\/petproducts.com.cn\/es\/wp-json\/wp\/v2\/types\/product"}],"version-history":[{"count":1,"href":"https:\/\/petproducts.com.cn\/es\/wp-json\/wp\/v2\/product\/15864\/revisions"}],"predecessor-version":[{"id":15871,"href":"https:\/\/petproducts.com.cn\/es\/wp-json\/wp\/v2\/product\/15864\/revisions\/15871"}],"wp:featuredmedia":[{"embeddable":true,"href":"https:\/\/petproducts.com.cn\/es\/wp-json\/wp\/v2\/media\/15868"}],"wp:attachment":[{"href":"https:\/\/petproducts.com.cn\/es\/wp-json\/wp\/v2\/media?parent=15864"}],"wp:term":[{"taxonomy":"product_brand","embeddable":true,"href":"https:\/\/petproducts.com.cn\/es\/wp-json\/wp\/v2\/product_brand?post=15864"},{"taxonomy":"product_cat","embeddable":true,"href":"https:\/\/petproducts.com.cn\/es\/wp-json\/wp\/v2\/product_cat?post=15864"},{"taxonomy":"product_tag","embeddable":true,"href":"https:\/\/petproducts.com.cn\/es\/wp-json\/wp\/v2\/product_tag?post=15864"}],"curies":[{"name":"wp","href":"https:\/\/api.w.org\/{rel}","templated":true}]}}