{"id":15896,"date":"2023-11-17T06:56:36","date_gmt":"2023-11-17T06:56:36","guid":{"rendered":"https:\/\/petproducts.com.cn\/?post_type=product&#038;p=15896"},"modified":"2023-11-17T07:55:40","modified_gmt":"2023-11-17T07:55:40","slug":"green-iguana-dog-toy-factory","status":"publish","type":"product","link":"https:\/\/petproducts.com.cn\/es\/product\/green-iguana-dog-toy-factory\/","title":{"rendered":"F\u00e1brica de juguetes para perros Iguana Verde"},"content":{"rendered":"<h2>Petstar: F\u00e1brica de juguetes para perros Iguana Verde a medida<\/h2>\n<p>Nuestra f\u00e1brica de juguetes personalizados de iguana verde para perros se dedica a crear juguetes entretenidos y de alta calidad para sus amigos peludos. Con una cuidadosa atenci\u00f3n al detalle y un enfoque en la durabilidad, nuestros juguetes proporcionan interminables horas de diversi\u00f3n para perros de todos los tama\u00f1os y razas. Descubra las ventajas de elegir nuestros juguetes personalizados para perros iguana verde a continuaci\u00f3n.<\/p>\n<h3>Nuestra ventaja:<\/h3>\n<ol>\n<li>Dise\u00f1o realista:Adem\u00e1s, dise\u00f1amos meticulosamente nuestros juguetes para perros iguana verde para que se parezcan mucho a las iguanas reales, capturando sus rasgos y caracter\u00edsticas \u00fanicas. El dise\u00f1o realista de nuestros juguetes no s\u00f3lo despierta la curiosidad de su perro, sino que tambi\u00e9n proporciona una experiencia de juego inmersiva que los mantendr\u00e1 entretenidos durante horas y horas.<\/li>\n<li>Materiales seguros para las mascotas: Priorizamos la seguridad de sus mascotas. Damos prioridad a la seguridad de sus mascotas. Por ello, fabricamos nuestros juguetes para perros con materiales seguros para las mascotas, no t\u00f3xicos y libres de productos qu\u00edmicos nocivos. Como resultado, usted puede tener la tranquilidad de saber que su amigo peludo est\u00e1 jugando con un juguete seguro y saludable.<\/li>\n<li>Durabilidad: Entendemos que los perros pueden ser rudos con sus juguetes. Utilizamos t\u00e9cnicas de costura fuertes y materiales resistentes para asegurar su longevidad, por lo que su perro puede disfrutar de su nuevo juguete durante mucho tiempo.<\/li>\n<\/ol>\n<p>En nuestra f\u00e1brica de juguetes personalizados de iguana verde para perros, combinamos artesan\u00eda de calidad con dise\u00f1os entretenidos para crear juguetes que tanto a usted como a su perro les encantar\u00e1n. Elija nuestros juguetes para perros iguana verde y ver como su amigo peludo se involucra en la diversi\u00f3n sin fin de tiempo de juego.<\/p>","protected":false},"excerpt":{"rendered":"<p>Somos fabricantes de juguetes para perros con m\u00e1s de 20 a\u00f1os de experiencia. Ofrecemos opciones de personalizaci\u00f3n para el color, tama\u00f1o, tela, patr\u00f3n, logotipo y otras caracter\u00edsticas.<\/p>","protected":false},"featured_media":15909,"template":"","meta":{"_acf_changed":false},"product_brand":[],"product_cat":[72,48],"product_tag":[85],"class_list":{"0":"post-15896","1":"product","2":"type-product","3":"status-publish","4":"has-post-thumbnail","6":"product_cat-dog-supplies","7":"product_cat-dog-toys","8":"product_tag-dog-toys","10":"first","11":"instock","12":"shipping-taxable","13":"product-type-simple"},"acf":[],"yoast_head":"<!-- This site is optimized with the Yoast SEO plugin v27.1.1 - https:\/\/yoast.com\/product\/yoast-seo-wordpress\/ -->\n<title>iguana dog toy factory | Customdog funny dog toy - Petstar<\/title>\n<meta name=\"description\" content=\"Explore iguana dog toy,green dog chew toy, dog chew toy from the manufacturer. Your ideal business solution with Petstar.\" \/>\n<meta name=\"robots\" content=\"index, follow, max-snippet:-1, max-image-preview:large, max-video-preview:-1\" \/>\n<link rel=\"canonical\" href=\"https:\/\/petproducts.com.cn\/es\/producto\/green-iguana-dog-toy-factory\/\" \/>\n<meta property=\"og:locale\" content=\"es_ES\" \/>\n<meta property=\"og:type\" content=\"article\" \/>\n<meta property=\"og:title\" content=\"iguana dog toy factory | Customdog funny dog toy - Petstar\" \/>\n<meta property=\"og:description\" content=\"Explore iguana dog toy,green dog chew toy, dog chew toy from the manufacturer. Your ideal business solution with Petstar.\" \/>\n<meta property=\"og:url\" content=\"https:\/\/petproducts.com.cn\/es\/producto\/green-iguana-dog-toy-factory\/\" \/>\n<meta property=\"og:site_name\" content=\"Petstar\" \/>\n<meta property=\"article:modified_time\" content=\"2023-11-17T07:55:40+00:00\" \/>\n<meta property=\"og:image\" content=\"https:\/\/petproducts.com.cn\/wp-content\/uploads\/2023\/11\/iguana-dog-toy.webp\" \/>\n\t<meta property=\"og:image:width\" content=\"800\" \/>\n\t<meta property=\"og:image:height\" content=\"800\" \/>\n\t<meta property=\"og:image:type\" content=\"image\/webp\" \/>\n<meta name=\"twitter:card\" content=\"summary_large_image\" \/>\n<meta name=\"twitter:label1\" content=\"Tiempo de lectura\" \/>\n\t<meta name=\"twitter:data1\" content=\"2 minutos\" \/>\n<script type=\"application\/ld+json\" class=\"yoast-schema-graph\">{\"@context\":\"https:\/\/schema.org\",\"@graph\":[{\"@type\":\"WebPage\",\"@id\":\"https:\/\/petproducts.com.cn\/product\/green-iguana-dog-toy-factory\/\",\"url\":\"https:\/\/petproducts.com.cn\/product\/green-iguana-dog-toy-factory\/\",\"name\":\"iguana dog toy factory | Customdog funny dog toy - Petstar\",\"isPartOf\":{\"@id\":\"https:\/\/petproducts.com.cn\/#website\"},\"primaryImageOfPage\":{\"@id\":\"https:\/\/petproducts.com.cn\/product\/green-iguana-dog-toy-factory\/#primaryimage\"},\"image\":{\"@id\":\"https:\/\/petproducts.com.cn\/product\/green-iguana-dog-toy-factory\/#primaryimage\"},\"thumbnailUrl\":\"https:\/\/petproducts.com.cn\/wp-content\/uploads\/2023\/11\/iguana-dog-toy.webp\",\"datePublished\":\"2023-11-17T06:56:36+00:00\",\"dateModified\":\"2023-11-17T07:55:40+00:00\",\"description\":\"Explore iguana dog toy,green dog chew toy, dog chew toy from the manufacturer. Your ideal business solution with Petstar.\",\"breadcrumb\":{\"@id\":\"https:\/\/petproducts.com.cn\/product\/green-iguana-dog-toy-factory\/#breadcrumb\"},\"inLanguage\":\"es\",\"potentialAction\":[{\"@type\":\"ReadAction\",\"target\":[\"https:\/\/petproducts.com.cn\/product\/green-iguana-dog-toy-factory\/\"]}]},{\"@type\":\"ImageObject\",\"inLanguage\":\"es\",\"@id\":\"https:\/\/petproducts.com.cn\/product\/green-iguana-dog-toy-factory\/#primaryimage\",\"url\":\"https:\/\/petproducts.com.cn\/wp-content\/uploads\/2023\/11\/iguana-dog-toy.webp\",\"contentUrl\":\"https:\/\/petproducts.com.cn\/wp-content\/uploads\/2023\/11\/iguana-dog-toy.webp\",\"width\":800,\"height\":800,\"caption\":\"iguana dog toy\"},{\"@type\":\"BreadcrumbList\",\"@id\":\"https:\/\/petproducts.com.cn\/product\/green-iguana-dog-toy-factory\/#breadcrumb\",\"itemListElement\":[{\"@type\":\"ListItem\",\"position\":1,\"name\":\"HOME\",\"item\":\"https:\/\/petproducts.com.cn\/\"},{\"@type\":\"ListItem\",\"position\":2,\"name\":\"Products\",\"item\":\"https:\/\/petproducts.com.cn\/shop\/\"},{\"@type\":\"ListItem\",\"position\":3,\"name\":\"Dog Toys\",\"item\":\"https:\/\/petproducts.com.cn\/product-category\/dog-toys\/\"},{\"@type\":\"ListItem\",\"position\":4,\"name\":\"Green Iguana Dog Toy Factory\"}]},{\"@type\":\"WebSite\",\"@id\":\"https:\/\/petproducts.com.cn\/#website\",\"url\":\"https:\/\/petproducts.com.cn\/\",\"name\":\"Petstar\",\"description\":\"Leading Pet Supplies Manufacturer &amp; OEM Pet Products Supplier\",\"publisher\":{\"@id\":\"https:\/\/petproducts.com.cn\/#organization\"},\"alternateName\":\"Petstar Pet Supplies\",\"potentialAction\":[{\"@type\":\"SearchAction\",\"target\":{\"@type\":\"EntryPoint\",\"urlTemplate\":\"https:\/\/petproducts.com.cn\/?s={search_term_string}\"},\"query-input\":{\"@type\":\"PropertyValueSpecification\",\"valueRequired\":true,\"valueName\":\"search_term_string\"}}],\"inLanguage\":\"es\"},{\"@type\":\"Organization\",\"@id\":\"https:\/\/petproducts.com.cn\/#organization\",\"name\":\"Petstar\",\"url\":\"https:\/\/petproducts.com.cn\/\",\"logo\":{\"@type\":\"ImageObject\",\"inLanguage\":\"es\",\"@id\":\"https:\/\/petproducts.com.cn\/#\/schema\/logo\/image\/\",\"url\":\"https:\/\/petproducts.com.cn\/wp-content\/uploads\/2020\/02\/petstar-logo.webp\",\"contentUrl\":\"https:\/\/petproducts.com.cn\/wp-content\/uploads\/2020\/02\/petstar-logo.webp\",\"width\":779,\"height\":520,\"caption\":\"Petstar\"},\"image\":{\"@id\":\"https:\/\/petproducts.com.cn\/#\/schema\/logo\/image\/\"}}]}<\/script>\n<!-- \/ Yoast SEO plugin. -->","yoast_head_json":{"title":"iguana f\u00e1brica de juguetes para perros | Customdog divertido juguete para perros - Petstar","description":"Explore iguana juguete para perro,juguete masticable verde para perro, juguete masticable para perro del fabricante. Su soluci\u00f3n de negocio ideal con Petstar.","robots":{"index":"index","follow":"follow","max-snippet":"max-snippet:-1","max-image-preview":"max-image-preview:large","max-video-preview":"max-video-preview:-1"},"canonical":"https:\/\/petproducts.com.cn\/es\/producto\/green-iguana-dog-toy-factory\/","og_locale":"es_ES","og_type":"article","og_title":"iguana dog toy factory | Customdog funny dog toy - Petstar","og_description":"Explore iguana dog toy,green dog chew toy, dog chew toy from the manufacturer. Your ideal business solution with Petstar.","og_url":"https:\/\/petproducts.com.cn\/es\/producto\/green-iguana-dog-toy-factory\/","og_site_name":"Petstar","article_modified_time":"2023-11-17T07:55:40+00:00","og_image":[{"width":800,"height":800,"url":"https:\/\/petproducts.com.cn\/wp-content\/uploads\/2023\/11\/iguana-dog-toy.webp","type":"image\/webp"}],"twitter_card":"summary_large_image","twitter_misc":{"Tiempo de lectura":"2 minutos"},"schema":{"@context":"https:\/\/schema.org","@graph":[{"@type":"WebPage","@id":"https:\/\/petproducts.com.cn\/product\/green-iguana-dog-toy-factory\/","url":"https:\/\/petproducts.com.cn\/product\/green-iguana-dog-toy-factory\/","name":"iguana f\u00e1brica de juguetes para perros | Customdog divertido juguete para perros - Petstar","isPartOf":{"@id":"https:\/\/petproducts.com.cn\/#website"},"primaryImageOfPage":{"@id":"https:\/\/petproducts.com.cn\/product\/green-iguana-dog-toy-factory\/#primaryimage"},"image":{"@id":"https:\/\/petproducts.com.cn\/product\/green-iguana-dog-toy-factory\/#primaryimage"},"thumbnailUrl":"https:\/\/petproducts.com.cn\/wp-content\/uploads\/2023\/11\/iguana-dog-toy.webp","datePublished":"2023-11-17T06:56:36+00:00","dateModified":"2023-11-17T07:55:40+00:00","description":"Explore iguana juguete para perro,juguete masticable verde para perro, juguete masticable para perro del fabricante. Su soluci\u00f3n de negocio ideal con Petstar.","breadcrumb":{"@id":"https:\/\/petproducts.com.cn\/product\/green-iguana-dog-toy-factory\/#breadcrumb"},"inLanguage":"es","potentialAction":[{"@type":"ReadAction","target":["https:\/\/petproducts.com.cn\/product\/green-iguana-dog-toy-factory\/"]}]},{"@type":"ImageObject","inLanguage":"es","@id":"https:\/\/petproducts.com.cn\/product\/green-iguana-dog-toy-factory\/#primaryimage","url":"https:\/\/petproducts.com.cn\/wp-content\/uploads\/2023\/11\/iguana-dog-toy.webp","contentUrl":"https:\/\/petproducts.com.cn\/wp-content\/uploads\/2023\/11\/iguana-dog-toy.webp","width":800,"height":800,"caption":"iguana dog toy"},{"@type":"BreadcrumbList","@id":"https:\/\/petproducts.com.cn\/product\/green-iguana-dog-toy-factory\/#breadcrumb","itemListElement":[{"@type":"ListItem","position":1,"name":"HOME","item":"https:\/\/petproducts.com.cn\/"},{"@type":"ListItem","position":2,"name":"Products","item":"https:\/\/petproducts.com.cn\/shop\/"},{"@type":"ListItem","position":3,"name":"Dog Toys","item":"https:\/\/petproducts.com.cn\/product-category\/dog-toys\/"},{"@type":"ListItem","position":4,"name":"Green Iguana Dog Toy Factory"}]},{"@type":"WebSite","@id":"https:\/\/petproducts.com.cn\/#website","url":"https:\/\/petproducts.com.cn\/","name":"Petstar","description":"Fabricante l\u00edder de art\u00edculos para mascotas y proveedor OEM de productos para mascotas","publisher":{"@id":"https:\/\/petproducts.com.cn\/#organization"},"alternateName":"Petstar Pet Supplies","potentialAction":[{"@type":"SearchAction","target":{"@type":"EntryPoint","urlTemplate":"https:\/\/petproducts.com.cn\/?s={search_term_string}"},"query-input":{"@type":"PropertyValueSpecification","valueRequired":true,"valueName":"search_term_string"}}],"inLanguage":"es"},{"@type":"Organization","@id":"https:\/\/petproducts.com.cn\/#organization","name":"Petstar","url":"https:\/\/petproducts.com.cn\/","logo":{"@type":"ImageObject","inLanguage":"es","@id":"https:\/\/petproducts.com.cn\/#\/schema\/logo\/image\/","url":"https:\/\/petproducts.com.cn\/wp-content\/uploads\/2020\/02\/petstar-logo.webp","contentUrl":"https:\/\/petproducts.com.cn\/wp-content\/uploads\/2020\/02\/petstar-logo.webp","width":779,"height":520,"caption":"Petstar"},"image":{"@id":"https:\/\/petproducts.com.cn\/#\/schema\/logo\/image\/"}}]}},"_links":{"self":[{"href":"https:\/\/petproducts.com.cn\/es\/wp-json\/wp\/v2\/product\/15896","targetHints":{"allow":["GET"]}}],"collection":[{"href":"https:\/\/petproducts.com.cn\/es\/wp-json\/wp\/v2\/product"}],"about":[{"href":"https:\/\/petproducts.com.cn\/es\/wp-json\/wp\/v2\/types\/product"}],"version-history":[{"count":1,"href":"https:\/\/petproducts.com.cn\/es\/wp-json\/wp\/v2\/product\/15896\/revisions"}],"predecessor-version":[{"id":15931,"href":"https:\/\/petproducts.com.cn\/es\/wp-json\/wp\/v2\/product\/15896\/revisions\/15931"}],"wp:featuredmedia":[{"embeddable":true,"href":"https:\/\/petproducts.com.cn\/es\/wp-json\/wp\/v2\/media\/15909"}],"wp:attachment":[{"href":"https:\/\/petproducts.com.cn\/es\/wp-json\/wp\/v2\/media?parent=15896"}],"wp:term":[{"taxonomy":"product_brand","embeddable":true,"href":"https:\/\/petproducts.com.cn\/es\/wp-json\/wp\/v2\/product_brand?post=15896"},{"taxonomy":"product_cat","embeddable":true,"href":"https:\/\/petproducts.com.cn\/es\/wp-json\/wp\/v2\/product_cat?post=15896"},{"taxonomy":"product_tag","embeddable":true,"href":"https:\/\/petproducts.com.cn\/es\/wp-json\/wp\/v2\/product_tag?post=15896"}],"curies":[{"name":"wp","href":"https:\/\/api.w.org\/{rel}","templated":true}]}}