{"id":15948,"date":"2023-11-20T07:41:32","date_gmt":"2023-11-20T07:41:32","guid":{"rendered":"https:\/\/petproducts.com.cn\/?post_type=product&#038;p=15948"},"modified":"2023-11-20T07:59:52","modified_gmt":"2023-11-20T07:59:52","slug":"functional-cat-tree-grey-cat-climbing-frame-with-toys","status":"publish","type":"product","link":"https:\/\/petproducts.com.cn\/es\/product\/functional-cat-tree-grey-cat-climbing-frame-with-toys\/","title":{"rendered":"\u00c1rbol funcional para gatos, columpio gris con juguetes"},"content":{"rendered":"<h2>Caracter\u00edsticas del \u00e1rbol funcional para gatos<\/h2>\n<ol>\n<li><strong>Funcionalidad elevada (altura 80 cm):<\/strong> Disfrute de la combinaci\u00f3n perfecta de forma y funcionalidad con nuestro \u00e1rbol funcional para gatos. Este parque para gatos de 80 cm se integra a la perfecci\u00f3n en su espacio, proporcionando caracter\u00edsticas funcionales para satisfacer las necesidades de su gato.<\/li>\n<li><strong>Percha superior para vistas panor\u00e1micas:<\/strong> Eleve la experiencia de su gato con la percha superior de nuestro condo para gatos con juguetes. Eleva la perspectiva de tu gato con esta plataforma estrat\u00e9gica, satisfaciendo su curiosidad e instinto natural de observar el entorno desde un punto elevado.<\/li>\n<li><strong>Juguete extra\u00edble para gatos Entretenimiento:<\/strong> Mantenga a su gato entretenido con la caracter\u00edstica a\u00f1adida de un juguete extra\u00edble para gatos. Cuelgue o anide, este juguete interactivo aumenta el juego de su gato, ofreciendo estimulaci\u00f3n mental y ejercicio para un compa\u00f1ero feliz y saludable.<\/li>\n<li><strong>Condominio de lujo para retiros acogedores:<\/strong> Mime a su gato con un condo de felpa incorporado en el parque para gatos. Este acogedor refugio ofrece un espacio seguro y c\u00e1lido para que su amigo felino descanse, garantizando que se sienta seguro y c\u00f3modo en su refugio funcional.<\/li>\n<li><strong>Estructura estable para mayor seguridad:<\/strong> Conf\u00ede en la estabilidad y durabilidad de nuestro poste de sisal para gatos. Su robusta estructura garantiza que su gato pueda trepar, ara\u00f1ar y jugar sin preocupaciones. Es un entorno estable y seguro dise\u00f1ado pensando en la seguridad de su gato.<\/li>\n<li><strong>Personalizable para adaptarse a su estilo:<\/strong> Personalice el espacio de su gato con nuestras opciones personalizables. Desde opciones de color hasta selecci\u00f3n de materiales, cree un \u00c1rbol Funcional para Gatos que encaje a la perfecci\u00f3n en la decoraci\u00f3n de su hogar, a la vez que satisfaga las preferencias \u00fanicas de su querido gato.<\/li>\n<\/ol>","protected":false},"excerpt":{"rendered":"<p>Somos fabricantes de \u00e1rboles funcionales para gatos con m\u00e1s de 20 a\u00f1os de experiencia. Ofrecemos opciones de personalizaci\u00f3n de color, tama\u00f1o, tela, patr\u00f3n, logotipo y otras caracter\u00edsticas.<\/p>","protected":false},"featured_media":15950,"template":"","meta":{"_acf_changed":false},"product_brand":[],"product_cat":[71,47],"product_tag":[88],"class_list":{"0":"post-15948","1":"product","2":"type-product","3":"status-publish","4":"has-post-thumbnail","6":"product_cat-cat-supplies","7":"product_cat-cat-trees-furniture","8":"product_tag-cat-trees-furniture","10":"first","11":"instock","12":"shipping-taxable","13":"product-type-simple"},"acf":[],"yoast_head":"<!-- This site is optimized with the Yoast SEO plugin v27.1.1 - https:\/\/yoast.com\/product\/yoast-seo-wordpress\/ -->\n<title>Functional Cat Tree | Grey Cat Climbing Frame Manufacturer- Petstar<\/title>\n<meta name=\"description\" content=\"Explore Functional Cat Tree, Grey Cat Climbing Frame Manufacturer directly from the manufacturer. Your ideal business solution with Petstar.\" \/>\n<meta name=\"robots\" content=\"index, follow, max-snippet:-1, max-image-preview:large, max-video-preview:-1\" \/>\n<link rel=\"canonical\" href=\"https:\/\/petproducts.com.cn\/es\/producto\/functional-cat-tree-grey-cat-climbing-frame-with-toys\/\" \/>\n<meta property=\"og:locale\" content=\"es_ES\" \/>\n<meta property=\"og:type\" content=\"article\" \/>\n<meta property=\"og:title\" content=\"Functional Cat Tree | Grey Cat Climbing Frame Manufacturer- Petstar\" \/>\n<meta property=\"og:description\" content=\"Explore Functional Cat Tree, Grey Cat Climbing Frame Manufacturer directly from the manufacturer. Your ideal business solution with Petstar.\" \/>\n<meta property=\"og:url\" content=\"https:\/\/petproducts.com.cn\/es\/producto\/functional-cat-tree-grey-cat-climbing-frame-with-toys\/\" \/>\n<meta property=\"og:site_name\" content=\"Petstar\" \/>\n<meta property=\"article:modified_time\" content=\"2023-11-20T07:59:52+00:00\" \/>\n<meta property=\"og:image\" content=\"https:\/\/petproducts.com.cn\/wp-content\/uploads\/2023\/11\/functional-cat-tree.webp\" \/>\n\t<meta property=\"og:image:width\" content=\"1000\" \/>\n\t<meta property=\"og:image:height\" content=\"1000\" \/>\n\t<meta property=\"og:image:type\" content=\"image\/webp\" \/>\n<meta name=\"twitter:card\" content=\"summary_large_image\" \/>\n<meta name=\"twitter:label1\" content=\"Tiempo de lectura\" \/>\n\t<meta name=\"twitter:data1\" content=\"2 minutos\" \/>\n<script type=\"application\/ld+json\" class=\"yoast-schema-graph\">{\"@context\":\"https:\/\/schema.org\",\"@graph\":[{\"@type\":\"WebPage\",\"@id\":\"https:\/\/petproducts.com.cn\/product\/functional-cat-tree-grey-cat-climbing-frame-with-toys\/\",\"url\":\"https:\/\/petproducts.com.cn\/product\/functional-cat-tree-grey-cat-climbing-frame-with-toys\/\",\"name\":\"Functional Cat Tree | Grey Cat Climbing Frame Manufacturer- Petstar\",\"isPartOf\":{\"@id\":\"https:\/\/petproducts.com.cn\/#website\"},\"primaryImageOfPage\":{\"@id\":\"https:\/\/petproducts.com.cn\/product\/functional-cat-tree-grey-cat-climbing-frame-with-toys\/#primaryimage\"},\"image\":{\"@id\":\"https:\/\/petproducts.com.cn\/product\/functional-cat-tree-grey-cat-climbing-frame-with-toys\/#primaryimage\"},\"thumbnailUrl\":\"https:\/\/petproducts.com.cn\/wp-content\/uploads\/2023\/11\/functional-cat-tree.webp\",\"datePublished\":\"2023-11-20T07:41:32+00:00\",\"dateModified\":\"2023-11-20T07:59:52+00:00\",\"description\":\"Explore Functional Cat Tree, Grey Cat Climbing Frame Manufacturer directly from the manufacturer. Your ideal business solution with Petstar.\",\"breadcrumb\":{\"@id\":\"https:\/\/petproducts.com.cn\/product\/functional-cat-tree-grey-cat-climbing-frame-with-toys\/#breadcrumb\"},\"inLanguage\":\"es\",\"potentialAction\":[{\"@type\":\"ReadAction\",\"target\":[\"https:\/\/petproducts.com.cn\/product\/functional-cat-tree-grey-cat-climbing-frame-with-toys\/\"]}]},{\"@type\":\"ImageObject\",\"inLanguage\":\"es\",\"@id\":\"https:\/\/petproducts.com.cn\/product\/functional-cat-tree-grey-cat-climbing-frame-with-toys\/#primaryimage\",\"url\":\"https:\/\/petproducts.com.cn\/wp-content\/uploads\/2023\/11\/functional-cat-tree.webp\",\"contentUrl\":\"https:\/\/petproducts.com.cn\/wp-content\/uploads\/2023\/11\/functional-cat-tree.webp\",\"width\":1000,\"height\":1000,\"caption\":\"functional cat tree\"},{\"@type\":\"BreadcrumbList\",\"@id\":\"https:\/\/petproducts.com.cn\/product\/functional-cat-tree-grey-cat-climbing-frame-with-toys\/#breadcrumb\",\"itemListElement\":[{\"@type\":\"ListItem\",\"position\":1,\"name\":\"HOME\",\"item\":\"https:\/\/petproducts.com.cn\/\"},{\"@type\":\"ListItem\",\"position\":2,\"name\":\"Products\",\"item\":\"https:\/\/petproducts.com.cn\/shop\/\"},{\"@type\":\"ListItem\",\"position\":3,\"name\":\"Cat Trees &amp; Furniture\",\"item\":\"https:\/\/petproducts.com.cn\/product-category\/cat-trees-furniture\/\"},{\"@type\":\"ListItem\",\"position\":4,\"name\":\"Functional Cat Tree Grey Cat Climbing Frame With Toys\"}]},{\"@type\":\"WebSite\",\"@id\":\"https:\/\/petproducts.com.cn\/#website\",\"url\":\"https:\/\/petproducts.com.cn\/\",\"name\":\"Petstar\",\"description\":\"Leading Pet Supplies Manufacturer &amp; OEM Pet Products Supplier\",\"publisher\":{\"@id\":\"https:\/\/petproducts.com.cn\/#organization\"},\"alternateName\":\"Petstar Pet Supplies\",\"potentialAction\":[{\"@type\":\"SearchAction\",\"target\":{\"@type\":\"EntryPoint\",\"urlTemplate\":\"https:\/\/petproducts.com.cn\/?s={search_term_string}\"},\"query-input\":{\"@type\":\"PropertyValueSpecification\",\"valueRequired\":true,\"valueName\":\"search_term_string\"}}],\"inLanguage\":\"es\"},{\"@type\":\"Organization\",\"@id\":\"https:\/\/petproducts.com.cn\/#organization\",\"name\":\"Petstar\",\"url\":\"https:\/\/petproducts.com.cn\/\",\"logo\":{\"@type\":\"ImageObject\",\"inLanguage\":\"es\",\"@id\":\"https:\/\/petproducts.com.cn\/#\/schema\/logo\/image\/\",\"url\":\"https:\/\/petproducts.com.cn\/wp-content\/uploads\/2020\/02\/petstar-logo.webp\",\"contentUrl\":\"https:\/\/petproducts.com.cn\/wp-content\/uploads\/2020\/02\/petstar-logo.webp\",\"width\":779,\"height\":520,\"caption\":\"Petstar\"},\"image\":{\"@id\":\"https:\/\/petproducts.com.cn\/#\/schema\/logo\/image\/\"}}]}<\/script>\n<!-- \/ Yoast SEO plugin. -->","yoast_head_json":{"title":"\u00c1rbol Funcional para Gatos | Trepador Gato Gris Fabricante- Petstar","description":"Explore \u00c1rbol funcional para gatos, trepador para gatos gris Fabricante directamente del fabricante. Su soluci\u00f3n comercial ideal con Petstar.","robots":{"index":"index","follow":"follow","max-snippet":"max-snippet:-1","max-image-preview":"max-image-preview:large","max-video-preview":"max-video-preview:-1"},"canonical":"https:\/\/petproducts.com.cn\/es\/producto\/functional-cat-tree-grey-cat-climbing-frame-with-toys\/","og_locale":"es_ES","og_type":"article","og_title":"Functional Cat Tree | Grey Cat Climbing Frame Manufacturer- Petstar","og_description":"Explore Functional Cat Tree, Grey Cat Climbing Frame Manufacturer directly from the manufacturer. Your ideal business solution with Petstar.","og_url":"https:\/\/petproducts.com.cn\/es\/producto\/functional-cat-tree-grey-cat-climbing-frame-with-toys\/","og_site_name":"Petstar","article_modified_time":"2023-11-20T07:59:52+00:00","og_image":[{"width":1000,"height":1000,"url":"https:\/\/petproducts.com.cn\/wp-content\/uploads\/2023\/11\/functional-cat-tree.webp","type":"image\/webp"}],"twitter_card":"summary_large_image","twitter_misc":{"Tiempo de lectura":"2 minutos"},"schema":{"@context":"https:\/\/schema.org","@graph":[{"@type":"WebPage","@id":"https:\/\/petproducts.com.cn\/product\/functional-cat-tree-grey-cat-climbing-frame-with-toys\/","url":"https:\/\/petproducts.com.cn\/product\/functional-cat-tree-grey-cat-climbing-frame-with-toys\/","name":"\u00c1rbol Funcional para Gatos | Trepador Gato Gris Fabricante- Petstar","isPartOf":{"@id":"https:\/\/petproducts.com.cn\/#website"},"primaryImageOfPage":{"@id":"https:\/\/petproducts.com.cn\/product\/functional-cat-tree-grey-cat-climbing-frame-with-toys\/#primaryimage"},"image":{"@id":"https:\/\/petproducts.com.cn\/product\/functional-cat-tree-grey-cat-climbing-frame-with-toys\/#primaryimage"},"thumbnailUrl":"https:\/\/petproducts.com.cn\/wp-content\/uploads\/2023\/11\/functional-cat-tree.webp","datePublished":"2023-11-20T07:41:32+00:00","dateModified":"2023-11-20T07:59:52+00:00","description":"Explore \u00c1rbol funcional para gatos, trepador para gatos gris Fabricante directamente del fabricante. Su soluci\u00f3n comercial ideal con Petstar.","breadcrumb":{"@id":"https:\/\/petproducts.com.cn\/product\/functional-cat-tree-grey-cat-climbing-frame-with-toys\/#breadcrumb"},"inLanguage":"es","potentialAction":[{"@type":"ReadAction","target":["https:\/\/petproducts.com.cn\/product\/functional-cat-tree-grey-cat-climbing-frame-with-toys\/"]}]},{"@type":"ImageObject","inLanguage":"es","@id":"https:\/\/petproducts.com.cn\/product\/functional-cat-tree-grey-cat-climbing-frame-with-toys\/#primaryimage","url":"https:\/\/petproducts.com.cn\/wp-content\/uploads\/2023\/11\/functional-cat-tree.webp","contentUrl":"https:\/\/petproducts.com.cn\/wp-content\/uploads\/2023\/11\/functional-cat-tree.webp","width":1000,"height":1000,"caption":"functional cat tree"},{"@type":"BreadcrumbList","@id":"https:\/\/petproducts.com.cn\/product\/functional-cat-tree-grey-cat-climbing-frame-with-toys\/#breadcrumb","itemListElement":[{"@type":"ListItem","position":1,"name":"HOME","item":"https:\/\/petproducts.com.cn\/"},{"@type":"ListItem","position":2,"name":"Products","item":"https:\/\/petproducts.com.cn\/shop\/"},{"@type":"ListItem","position":3,"name":"Cat Trees &amp; Furniture","item":"https:\/\/petproducts.com.cn\/product-category\/cat-trees-furniture\/"},{"@type":"ListItem","position":4,"name":"Functional Cat Tree Grey Cat Climbing Frame With Toys"}]},{"@type":"WebSite","@id":"https:\/\/petproducts.com.cn\/#website","url":"https:\/\/petproducts.com.cn\/","name":"Petstar","description":"Fabricante l\u00edder de art\u00edculos para mascotas y proveedor OEM de productos para mascotas","publisher":{"@id":"https:\/\/petproducts.com.cn\/#organization"},"alternateName":"Petstar Pet Supplies","potentialAction":[{"@type":"SearchAction","target":{"@type":"EntryPoint","urlTemplate":"https:\/\/petproducts.com.cn\/?s={search_term_string}"},"query-input":{"@type":"PropertyValueSpecification","valueRequired":true,"valueName":"search_term_string"}}],"inLanguage":"es"},{"@type":"Organization","@id":"https:\/\/petproducts.com.cn\/#organization","name":"Petstar","url":"https:\/\/petproducts.com.cn\/","logo":{"@type":"ImageObject","inLanguage":"es","@id":"https:\/\/petproducts.com.cn\/#\/schema\/logo\/image\/","url":"https:\/\/petproducts.com.cn\/wp-content\/uploads\/2020\/02\/petstar-logo.webp","contentUrl":"https:\/\/petproducts.com.cn\/wp-content\/uploads\/2020\/02\/petstar-logo.webp","width":779,"height":520,"caption":"Petstar"},"image":{"@id":"https:\/\/petproducts.com.cn\/#\/schema\/logo\/image\/"}}]}},"_links":{"self":[{"href":"https:\/\/petproducts.com.cn\/es\/wp-json\/wp\/v2\/product\/15948","targetHints":{"allow":["GET"]}}],"collection":[{"href":"https:\/\/petproducts.com.cn\/es\/wp-json\/wp\/v2\/product"}],"about":[{"href":"https:\/\/petproducts.com.cn\/es\/wp-json\/wp\/v2\/types\/product"}],"version-history":[{"count":1,"href":"https:\/\/petproducts.com.cn\/es\/wp-json\/wp\/v2\/product\/15948\/revisions"}],"predecessor-version":[{"id":15963,"href":"https:\/\/petproducts.com.cn\/es\/wp-json\/wp\/v2\/product\/15948\/revisions\/15963"}],"wp:featuredmedia":[{"embeddable":true,"href":"https:\/\/petproducts.com.cn\/es\/wp-json\/wp\/v2\/media\/15950"}],"wp:attachment":[{"href":"https:\/\/petproducts.com.cn\/es\/wp-json\/wp\/v2\/media?parent=15948"}],"wp:term":[{"taxonomy":"product_brand","embeddable":true,"href":"https:\/\/petproducts.com.cn\/es\/wp-json\/wp\/v2\/product_brand?post=15948"},{"taxonomy":"product_cat","embeddable":true,"href":"https:\/\/petproducts.com.cn\/es\/wp-json\/wp\/v2\/product_cat?post=15948"},{"taxonomy":"product_tag","embeddable":true,"href":"https:\/\/petproducts.com.cn\/es\/wp-json\/wp\/v2\/product_tag?post=15948"}],"curies":[{"name":"wp","href":"https:\/\/api.w.org\/{rel}","templated":true}]}}