{"id":16448,"date":"2023-11-27T07:07:45","date_gmt":"2023-11-27T07:07:45","guid":{"rendered":"https:\/\/petproducts.com.cn\/?post_type=product&#038;p=16448"},"modified":"2023-11-27T08:15:03","modified_gmt":"2023-11-27T08:15:03","slug":"custom-tough-dog-chew-tug-toys","status":"publish","type":"product","link":"https:\/\/petproducts.com.cn\/es\/product\/custom-tough-dog-chew-tug-toys\/","title":{"rendered":"Juguetes resistentes personalizados para masticar perros"},"content":{"rendered":"<h2>Petstar: Juguetes masticables para perros hechos a medida<\/h2>\n<p>Descubra las inmejorables ventajas de nuestros juguetes personalizados para perros, dise\u00f1ados espec\u00edficamente para resistir incluso a los masticadores m\u00e1s decididos. Nuestros resistentes y duraderos juguetes de tracci\u00f3n est\u00e1n dise\u00f1ados para satisfacer las necesidades \u00fanicas tanto de los perros como de sus due\u00f1os. Con un enfoque en la calidad, la seguridad, la personalizaci\u00f3n y el disfrute duradero, nuestros productos son la soluci\u00f3n perfecta para los due\u00f1os de mascotas que buscan juguetes masticables personalizados de alta calidad.<\/p>\n<h3>Nuestra ventaja:<\/h3>\n<ol>\n<li>Adaptado a las necesidades de su perro: Creemos que cada perro es \u00fanico, y eso incluye sus h\u00e1bitos de masticaci\u00f3n. Podemos personalizar nuestros juguetes masticables para adaptarlos al tama\u00f1o, raza y fuerza de masticaci\u00f3n de su perro. Con diferentes formas, tama\u00f1os y texturas disponibles, puede elegir la combinaci\u00f3n perfecta que mantendr\u00e1 a su amigo peludo ocupado y satisfecho.<\/li>\n<li>La seguridad es lo primero: La seguridad de su querida mascota es nuestra m\u00e1xima prioridad. Todos nuestros juguetes personalizados para perros se someten a rigurosas pruebas para garantizar que cumplen las normas de seguridad m\u00e1s exigentes. Utilizamos materiales no t\u00f3xicos que est\u00e1n libres de cualquier producto qu\u00edmico nocivo, por lo que nuestros juguetes seguros para su perro para disfrutar mientras que le proporciona la paz de la mente.<\/li>\n<li>Experiencia personalizada: Entendemos que los perros son m\u00e1s que mascotas; son miembros de la familia. Por eso ofrecemos una experiencia personalizada a la hora de personalizar nuestros juguetes masticables. Puedes personalizar nuestros juguetes para crear un regalo verdaderamente \u00fanico y significativo para tu compa\u00f1ero peludo, desde elegir colores y dise\u00f1os hasta a\u00f1adir el nombre de tu perro o un mensaje especial.<\/li>\n<\/ol>\n<p>En conclusi\u00f3n, nuestros resistentes juguetes masticables personalizados para perros ofrecen ventajas inigualables a los due\u00f1os de mascotas que buscan juguetes masticables personalizados de alta calidad. Con durabilidad, dise\u00f1os a medida, seguridad y un toque personalizado, nuestros juguetes son la soluci\u00f3n definitiva para mantener a su perro entretenido y satisfecho. Experimente la alegr\u00eda de ver a su amigo peludo jugar y masticar con nuestros juguetes personalizados dise\u00f1ados para resistir sus mordiscos m\u00e1s duros. Elija nuestros juguetes masticables personalizados para perros y cree momentos inolvidables de felicidad para su querida mascota.<\/p>","protected":false},"excerpt":{"rendered":"<p>Somos fabricantes de juguetes para perros con m\u00e1s de 20 a\u00f1os de experiencia. Ofrecemos opciones de personalizaci\u00f3n para el color, tama\u00f1o, tela, patr\u00f3n, logotipo y otras caracter\u00edsticas.<\/p>","protected":false},"featured_media":16454,"template":"","meta":{"_acf_changed":false},"product_brand":[],"product_cat":[72,48],"product_tag":[85],"class_list":{"0":"post-16448","1":"product","2":"type-product","3":"status-publish","4":"has-post-thumbnail","6":"product_cat-dog-supplies","7":"product_cat-dog-toys","8":"product_tag-dog-toys","10":"first","11":"instock","12":"shipping-taxable","13":"product-type-simple"},"acf":[],"yoast_head":"<!-- This site is optimized with the Yoast SEO plugin v27.1.1 - https:\/\/yoast.com\/product\/yoast-seo-wordpress\/ -->\n<title>custom dog chew toys factory | Custom tough dog tug toys - Petstar<\/title>\n<meta name=\"description\" content=\"Explore custom dog chew toys,tough dog tug toys, dog tug toys from the manufacturer. Your ideal business solution with Petstar.\" \/>\n<meta name=\"robots\" content=\"index, follow, max-snippet:-1, max-image-preview:large, max-video-preview:-1\" \/>\n<link rel=\"canonical\" href=\"https:\/\/petproducts.com.cn\/es\/producto\/custom-tough-dog-chew-tug-toys\/\" \/>\n<meta property=\"og:locale\" content=\"es_ES\" \/>\n<meta property=\"og:type\" content=\"article\" \/>\n<meta property=\"og:title\" content=\"custom dog chew toys factory | Custom tough dog tug toys - Petstar\" \/>\n<meta property=\"og:description\" content=\"Explore custom dog chew toys,tough dog tug toys, dog tug toys from the manufacturer. Your ideal business solution with Petstar.\" \/>\n<meta property=\"og:url\" content=\"https:\/\/petproducts.com.cn\/es\/producto\/custom-tough-dog-chew-tug-toys\/\" \/>\n<meta property=\"og:site_name\" content=\"Petstar\" \/>\n<meta property=\"article:modified_time\" content=\"2023-11-27T08:15:03+00:00\" \/>\n<meta property=\"og:image\" content=\"https:\/\/petproducts.com.cn\/wp-content\/uploads\/2023\/11\/dog-tug-toys.webp\" \/>\n\t<meta property=\"og:image:width\" content=\"800\" \/>\n\t<meta property=\"og:image:height\" content=\"800\" \/>\n\t<meta property=\"og:image:type\" content=\"image\/webp\" \/>\n<meta name=\"twitter:card\" content=\"summary_large_image\" \/>\n<meta name=\"twitter:label1\" content=\"Tiempo de lectura\" \/>\n\t<meta name=\"twitter:data1\" content=\"2 minutos\" \/>\n<script type=\"application\/ld+json\" class=\"yoast-schema-graph\">{\"@context\":\"https:\/\/schema.org\",\"@graph\":[{\"@type\":\"WebPage\",\"@id\":\"https:\/\/petproducts.com.cn\/product\/custom-tough-dog-chew-tug-toys\/\",\"url\":\"https:\/\/petproducts.com.cn\/product\/custom-tough-dog-chew-tug-toys\/\",\"name\":\"custom dog chew toys factory | Custom tough dog tug toys - Petstar\",\"isPartOf\":{\"@id\":\"https:\/\/petproducts.com.cn\/#website\"},\"primaryImageOfPage\":{\"@id\":\"https:\/\/petproducts.com.cn\/product\/custom-tough-dog-chew-tug-toys\/#primaryimage\"},\"image\":{\"@id\":\"https:\/\/petproducts.com.cn\/product\/custom-tough-dog-chew-tug-toys\/#primaryimage\"},\"thumbnailUrl\":\"https:\/\/petproducts.com.cn\/wp-content\/uploads\/2023\/11\/dog-tug-toys.webp\",\"datePublished\":\"2023-11-27T07:07:45+00:00\",\"dateModified\":\"2023-11-27T08:15:03+00:00\",\"description\":\"Explore custom dog chew toys,tough dog tug toys, dog tug toys from the manufacturer. Your ideal business solution with Petstar.\",\"breadcrumb\":{\"@id\":\"https:\/\/petproducts.com.cn\/product\/custom-tough-dog-chew-tug-toys\/#breadcrumb\"},\"inLanguage\":\"es\",\"potentialAction\":[{\"@type\":\"ReadAction\",\"target\":[\"https:\/\/petproducts.com.cn\/product\/custom-tough-dog-chew-tug-toys\/\"]}]},{\"@type\":\"ImageObject\",\"inLanguage\":\"es\",\"@id\":\"https:\/\/petproducts.com.cn\/product\/custom-tough-dog-chew-tug-toys\/#primaryimage\",\"url\":\"https:\/\/petproducts.com.cn\/wp-content\/uploads\/2023\/11\/dog-tug-toys.webp\",\"contentUrl\":\"https:\/\/petproducts.com.cn\/wp-content\/uploads\/2023\/11\/dog-tug-toys.webp\",\"width\":800,\"height\":800,\"caption\":\"custom dog chew toys\"},{\"@type\":\"BreadcrumbList\",\"@id\":\"https:\/\/petproducts.com.cn\/product\/custom-tough-dog-chew-tug-toys\/#breadcrumb\",\"itemListElement\":[{\"@type\":\"ListItem\",\"position\":1,\"name\":\"HOME\",\"item\":\"https:\/\/petproducts.com.cn\/\"},{\"@type\":\"ListItem\",\"position\":2,\"name\":\"Products\",\"item\":\"https:\/\/petproducts.com.cn\/shop\/\"},{\"@type\":\"ListItem\",\"position\":3,\"name\":\"Dog Toys\",\"item\":\"https:\/\/petproducts.com.cn\/product-category\/dog-toys\/\"},{\"@type\":\"ListItem\",\"position\":4,\"name\":\"Custom Tough Dog Chew Tug Toys\"}]},{\"@type\":\"WebSite\",\"@id\":\"https:\/\/petproducts.com.cn\/#website\",\"url\":\"https:\/\/petproducts.com.cn\/\",\"name\":\"Petstar\",\"description\":\"Leading Pet Supplies Manufacturer &amp; OEM Pet Products Supplier\",\"publisher\":{\"@id\":\"https:\/\/petproducts.com.cn\/#organization\"},\"alternateName\":\"Petstar Pet Supplies\",\"potentialAction\":[{\"@type\":\"SearchAction\",\"target\":{\"@type\":\"EntryPoint\",\"urlTemplate\":\"https:\/\/petproducts.com.cn\/?s={search_term_string}\"},\"query-input\":{\"@type\":\"PropertyValueSpecification\",\"valueRequired\":true,\"valueName\":\"search_term_string\"}}],\"inLanguage\":\"es\"},{\"@type\":\"Organization\",\"@id\":\"https:\/\/petproducts.com.cn\/#organization\",\"name\":\"Petstar\",\"url\":\"https:\/\/petproducts.com.cn\/\",\"logo\":{\"@type\":\"ImageObject\",\"inLanguage\":\"es\",\"@id\":\"https:\/\/petproducts.com.cn\/#\/schema\/logo\/image\/\",\"url\":\"https:\/\/petproducts.com.cn\/wp-content\/uploads\/2020\/02\/petstar-logo.webp\",\"contentUrl\":\"https:\/\/petproducts.com.cn\/wp-content\/uploads\/2020\/02\/petstar-logo.webp\",\"width\":779,\"height\":520,\"caption\":\"Petstar\"},\"image\":{\"@id\":\"https:\/\/petproducts.com.cn\/#\/schema\/logo\/image\/\"}}]}<\/script>\n<!-- \/ Yoast SEO plugin. -->","yoast_head_json":{"title":"juguetes masticables personalizados para perros - Petstar","description":"Explore juguetes personalizados para masticar perros, juguetes resistentes para tirar de perros, juguetes para tirar de perros del fabricante. Su soluci\u00f3n de negocio ideal con Petstar.","robots":{"index":"index","follow":"follow","max-snippet":"max-snippet:-1","max-image-preview":"max-image-preview:large","max-video-preview":"max-video-preview:-1"},"canonical":"https:\/\/petproducts.com.cn\/es\/producto\/custom-tough-dog-chew-tug-toys\/","og_locale":"es_ES","og_type":"article","og_title":"custom dog chew toys factory | Custom tough dog tug toys - Petstar","og_description":"Explore custom dog chew toys,tough dog tug toys, dog tug toys from the manufacturer. Your ideal business solution with Petstar.","og_url":"https:\/\/petproducts.com.cn\/es\/producto\/custom-tough-dog-chew-tug-toys\/","og_site_name":"Petstar","article_modified_time":"2023-11-27T08:15:03+00:00","og_image":[{"width":800,"height":800,"url":"https:\/\/petproducts.com.cn\/wp-content\/uploads\/2023\/11\/dog-tug-toys.webp","type":"image\/webp"}],"twitter_card":"summary_large_image","twitter_misc":{"Tiempo de lectura":"2 minutos"},"schema":{"@context":"https:\/\/schema.org","@graph":[{"@type":"WebPage","@id":"https:\/\/petproducts.com.cn\/product\/custom-tough-dog-chew-tug-toys\/","url":"https:\/\/petproducts.com.cn\/product\/custom-tough-dog-chew-tug-toys\/","name":"juguetes masticables personalizados para perros - Petstar","isPartOf":{"@id":"https:\/\/petproducts.com.cn\/#website"},"primaryImageOfPage":{"@id":"https:\/\/petproducts.com.cn\/product\/custom-tough-dog-chew-tug-toys\/#primaryimage"},"image":{"@id":"https:\/\/petproducts.com.cn\/product\/custom-tough-dog-chew-tug-toys\/#primaryimage"},"thumbnailUrl":"https:\/\/petproducts.com.cn\/wp-content\/uploads\/2023\/11\/dog-tug-toys.webp","datePublished":"2023-11-27T07:07:45+00:00","dateModified":"2023-11-27T08:15:03+00:00","description":"Explore juguetes personalizados para masticar perros, juguetes resistentes para tirar de perros, juguetes para tirar de perros del fabricante. Su soluci\u00f3n de negocio ideal con Petstar.","breadcrumb":{"@id":"https:\/\/petproducts.com.cn\/product\/custom-tough-dog-chew-tug-toys\/#breadcrumb"},"inLanguage":"es","potentialAction":[{"@type":"ReadAction","target":["https:\/\/petproducts.com.cn\/product\/custom-tough-dog-chew-tug-toys\/"]}]},{"@type":"ImageObject","inLanguage":"es","@id":"https:\/\/petproducts.com.cn\/product\/custom-tough-dog-chew-tug-toys\/#primaryimage","url":"https:\/\/petproducts.com.cn\/wp-content\/uploads\/2023\/11\/dog-tug-toys.webp","contentUrl":"https:\/\/petproducts.com.cn\/wp-content\/uploads\/2023\/11\/dog-tug-toys.webp","width":800,"height":800,"caption":"custom dog chew toys"},{"@type":"BreadcrumbList","@id":"https:\/\/petproducts.com.cn\/product\/custom-tough-dog-chew-tug-toys\/#breadcrumb","itemListElement":[{"@type":"ListItem","position":1,"name":"HOME","item":"https:\/\/petproducts.com.cn\/"},{"@type":"ListItem","position":2,"name":"Products","item":"https:\/\/petproducts.com.cn\/shop\/"},{"@type":"ListItem","position":3,"name":"Dog Toys","item":"https:\/\/petproducts.com.cn\/product-category\/dog-toys\/"},{"@type":"ListItem","position":4,"name":"Custom Tough Dog Chew Tug Toys"}]},{"@type":"WebSite","@id":"https:\/\/petproducts.com.cn\/#website","url":"https:\/\/petproducts.com.cn\/","name":"Petstar","description":"Fabricante l\u00edder de art\u00edculos para mascotas y proveedor OEM de productos para mascotas","publisher":{"@id":"https:\/\/petproducts.com.cn\/#organization"},"alternateName":"Petstar Pet Supplies","potentialAction":[{"@type":"SearchAction","target":{"@type":"EntryPoint","urlTemplate":"https:\/\/petproducts.com.cn\/?s={search_term_string}"},"query-input":{"@type":"PropertyValueSpecification","valueRequired":true,"valueName":"search_term_string"}}],"inLanguage":"es"},{"@type":"Organization","@id":"https:\/\/petproducts.com.cn\/#organization","name":"Petstar","url":"https:\/\/petproducts.com.cn\/","logo":{"@type":"ImageObject","inLanguage":"es","@id":"https:\/\/petproducts.com.cn\/#\/schema\/logo\/image\/","url":"https:\/\/petproducts.com.cn\/wp-content\/uploads\/2020\/02\/petstar-logo.webp","contentUrl":"https:\/\/petproducts.com.cn\/wp-content\/uploads\/2020\/02\/petstar-logo.webp","width":779,"height":520,"caption":"Petstar"},"image":{"@id":"https:\/\/petproducts.com.cn\/#\/schema\/logo\/image\/"}}]}},"_links":{"self":[{"href":"https:\/\/petproducts.com.cn\/es\/wp-json\/wp\/v2\/product\/16448","targetHints":{"allow":["GET"]}}],"collection":[{"href":"https:\/\/petproducts.com.cn\/es\/wp-json\/wp\/v2\/product"}],"about":[{"href":"https:\/\/petproducts.com.cn\/es\/wp-json\/wp\/v2\/types\/product"}],"version-history":[{"count":1,"href":"https:\/\/petproducts.com.cn\/es\/wp-json\/wp\/v2\/product\/16448\/revisions"}],"predecessor-version":[{"id":16461,"href":"https:\/\/petproducts.com.cn\/es\/wp-json\/wp\/v2\/product\/16448\/revisions\/16461"}],"wp:featuredmedia":[{"embeddable":true,"href":"https:\/\/petproducts.com.cn\/es\/wp-json\/wp\/v2\/media\/16454"}],"wp:attachment":[{"href":"https:\/\/petproducts.com.cn\/es\/wp-json\/wp\/v2\/media?parent=16448"}],"wp:term":[{"taxonomy":"product_brand","embeddable":true,"href":"https:\/\/petproducts.com.cn\/es\/wp-json\/wp\/v2\/product_brand?post=16448"},{"taxonomy":"product_cat","embeddable":true,"href":"https:\/\/petproducts.com.cn\/es\/wp-json\/wp\/v2\/product_cat?post=16448"},{"taxonomy":"product_tag","embeddable":true,"href":"https:\/\/petproducts.com.cn\/es\/wp-json\/wp\/v2\/product_tag?post=16448"}],"curies":[{"name":"wp","href":"https:\/\/api.w.org\/{rel}","templated":true}]}}