{"id":16467,"date":"2023-11-27T07:57:34","date_gmt":"2023-11-27T07:57:34","guid":{"rendered":"https:\/\/petproducts.com.cn\/?post_type=product&#038;p=16467"},"modified":"2024-08-29T05:17:20","modified_gmt":"2024-08-29T05:17:20","slug":"pet-wobbler-interactive-tumbler-cat-and-dog-food-puzzle-toys","status":"publish","type":"product","link":"https:\/\/petproducts.com.cn\/es\/product\/pet-wobbler-interactive-tumbler-cat-and-dog-food-puzzle-toys\/","title":{"rendered":"Pet Wobbler Vaso interactivo Comida para perros y gatos Juguete rompecabezas"},"content":{"rendered":"<h2>Caracter\u00edsticas del juguete interactivo Pet Wobbler con comida para perros y gatos<\/h2>\n<p><strong>1.Dise\u00f1o interactivo y estimulante:<\/strong> Este juguete rompecabezas de comida para perros presenta un atractivo juego de c\u00e1scara de huevo que capta y mantiene la atenci\u00f3n de la mascota. Mejora la inteligencia (IQ) de la mascota a trav\u00e9s del juego interactivo, proporcionando estimulaci\u00f3n mental.<br \/>\n<strong>2.Materiales de alta calidad y seguridad:<\/strong> Fabricado con materiales no t\u00f3xicos de alta calidad, que garantizan la seguridad de las mascotas durante el juego. Su atractivo visual, con colores brillantes y formas simp\u00e1ticas, aumenta la diversi\u00f3n.<br \/>\n<strong>3.Alimentaci\u00f3n lenta para la salud digestiva:<\/strong> Ralentiza el proceso de alimentaci\u00f3n, evitando que las mascotas coman en exceso y favoreciendo una mejor digesti\u00f3n. Anima a las mascotas a comer abriendo la tapa con la boca o las patas, fomentando la actividad f\u00edsica.<br \/>\n<strong>4.Funci\u00f3n de fuga de alimentos de doble capa:<\/strong> El exclusivo dise\u00f1o de doble capa introduce una funci\u00f3n de fuga de comida, lo que a\u00f1ade un elemento adicional de desaf\u00edo. Atrae el inter\u00e9s de las mascotas cuando descubren c\u00f3mo acceder a las golosinas ocultas en el juguete.<br \/>\n<strong>5.Opciones de juego vers\u00e1tiles:<\/strong> Permite una gran variedad de estilos de juego al acomodar bolas de hierba gatera, cascabeles, golosinas u otros objetos peque\u00f1os. La experiencia de juego personalizable mantiene a las mascotas entretenidas y curiosas. Mascota-<strong>6.Tama\u00f1o y dise\u00f1o amigables:<\/strong> Espec\u00edficamente dise\u00f1ado para comida de perros de menos de 10 mm de tama\u00f1o, lo que garantiza un juego seguro y apropiado.La cubierta con hebilla de rosca a\u00f1ade una capa adicional de seguridad, evitando derrames accidentales.<br \/>\n<strong>7.Fomenta el ejercicio f\u00edsico:<\/strong>Las mascotas pueden interactuar activamente con el comedero utilizando las patas y la boca, lo que fomenta la actividad f\u00edsica.<br \/>\nEl dise\u00f1o l\u00fadico anima a las mascotas a moverse e interactuar, contribuyendo a su bienestar general.<br \/>\n<strong>8.F\u00e1cil de usar y limpiar:<\/strong>El sistema de orificios con fugas de dos capas a\u00f1ade una capa de desaf\u00edo sin comprometer la facilidad de uso.<\/p>\n<p>&nbsp;<\/p>\n<p>&nbsp;<\/p>\n<p>&nbsp;<\/p>\n<div id=\"gtx-trans\" style=\"position: absolute; left: -2px; top: 167.812px;\">\n<div class=\"gtx-trans-icon\"><\/div>\n<\/div>","protected":false},"excerpt":{"rendered":"<p>Somos fabricantes de juguetes rompecabezas para perros con m\u00e1s de 20 a\u00f1os de experiencia. Ofrecemos opciones de personalizaci\u00f3n de color, tama\u00f1o, logotipo y otras caracter\u00edsticas.<\/p>","protected":false},"featured_media":16489,"template":"","meta":{"_acf_changed":false},"product_brand":[],"product_cat":[71,81,72,48],"product_tag":[228,227],"class_list":{"0":"post-16467","1":"product","2":"type-product","3":"status-publish","4":"has-post-thumbnail","6":"product_cat-cat-supplies","7":"product_cat-cat-toys","8":"product_cat-dog-supplies","9":"product_cat-dog-toys","10":"product_tag-cat-treat-toys","11":"product_tag-dog-treat-toys","13":"first","14":"instock","15":"shipping-taxable","16":"product-type-simple"},"acf":[],"yoast_head":"<!-- This site is optimized with the Yoast SEO plugin v27.1.1 - https:\/\/yoast.com\/product\/yoast-seo-wordpress\/ -->\n<title>Dog Food Puzzle Toy &amp; Feeder Wholesale and Manufacturing- Petstar<\/title>\n<meta name=\"description\" content=\"Buy Dog Food Puzzle Toy at wholesaler Petstar, we offer bulk and wholesale options, allowing you to customize with OEM solutions and private labels.\" \/>\n<meta name=\"robots\" content=\"index, follow, max-snippet:-1, max-image-preview:large, max-video-preview:-1\" \/>\n<link rel=\"canonical\" href=\"https:\/\/petproducts.com.cn\/es\/producto\/pet-wobbler-interactive-tumbler-cat-and-dog-food-puzzle-toys\/\" \/>\n<meta property=\"og:locale\" content=\"es_ES\" \/>\n<meta property=\"og:type\" content=\"article\" \/>\n<meta property=\"og:title\" content=\"Dog Food Puzzle Toy &amp; Feeder Wholesale and Manufacturing- Petstar\" \/>\n<meta property=\"og:description\" content=\"Buy Dog Food Puzzle Toy at wholesaler Petstar, we offer bulk and wholesale options, allowing you to customize with OEM solutions and private labels.\" \/>\n<meta property=\"og:url\" content=\"https:\/\/petproducts.com.cn\/es\/producto\/pet-wobbler-interactive-tumbler-cat-and-dog-food-puzzle-toys\/\" \/>\n<meta property=\"og:site_name\" content=\"Petstar\" \/>\n<meta property=\"article:modified_time\" content=\"2024-08-29T05:17:20+00:00\" \/>\n<meta property=\"og:image\" content=\"https:\/\/petproducts.com.cn\/wp-content\/uploads\/2023\/11\/Dog-Food-Puzzle-Toy.webp\" \/>\n\t<meta property=\"og:image:width\" content=\"750\" \/>\n\t<meta property=\"og:image:height\" content=\"750\" \/>\n\t<meta property=\"og:image:type\" content=\"image\/webp\" \/>\n<meta name=\"twitter:card\" content=\"summary_large_image\" \/>\n<meta name=\"twitter:label1\" content=\"Tiempo de lectura\" \/>\n\t<meta name=\"twitter:data1\" content=\"2 minutos\" \/>\n<script type=\"application\/ld+json\" class=\"yoast-schema-graph\">{\"@context\":\"https:\/\/schema.org\",\"@graph\":[{\"@type\":\"WebPage\",\"@id\":\"https:\/\/petproducts.com.cn\/product\/pet-wobbler-interactive-tumbler-cat-and-dog-food-puzzle-toys\/\",\"url\":\"https:\/\/petproducts.com.cn\/product\/pet-wobbler-interactive-tumbler-cat-and-dog-food-puzzle-toys\/\",\"name\":\"Dog Food Puzzle Toy & Feeder Wholesale and Manufacturing- Petstar\",\"isPartOf\":{\"@id\":\"https:\/\/petproducts.com.cn\/#website\"},\"primaryImageOfPage\":{\"@id\":\"https:\/\/petproducts.com.cn\/product\/pet-wobbler-interactive-tumbler-cat-and-dog-food-puzzle-toys\/#primaryimage\"},\"image\":{\"@id\":\"https:\/\/petproducts.com.cn\/product\/pet-wobbler-interactive-tumbler-cat-and-dog-food-puzzle-toys\/#primaryimage\"},\"thumbnailUrl\":\"https:\/\/petproducts.com.cn\/wp-content\/uploads\/2023\/11\/Dog-Food-Puzzle-Toy.webp\",\"datePublished\":\"2023-11-27T07:57:34+00:00\",\"dateModified\":\"2024-08-29T05:17:20+00:00\",\"description\":\"Buy Dog Food Puzzle Toy at wholesaler Petstar, we offer bulk and wholesale options, allowing you to customize with OEM solutions and private labels.\",\"breadcrumb\":{\"@id\":\"https:\/\/petproducts.com.cn\/product\/pet-wobbler-interactive-tumbler-cat-and-dog-food-puzzle-toys\/#breadcrumb\"},\"inLanguage\":\"es\",\"potentialAction\":[{\"@type\":\"ReadAction\",\"target\":[\"https:\/\/petproducts.com.cn\/product\/pet-wobbler-interactive-tumbler-cat-and-dog-food-puzzle-toys\/\"]}]},{\"@type\":\"ImageObject\",\"inLanguage\":\"es\",\"@id\":\"https:\/\/petproducts.com.cn\/product\/pet-wobbler-interactive-tumbler-cat-and-dog-food-puzzle-toys\/#primaryimage\",\"url\":\"https:\/\/petproducts.com.cn\/wp-content\/uploads\/2023\/11\/Dog-Food-Puzzle-Toy.webp\",\"contentUrl\":\"https:\/\/petproducts.com.cn\/wp-content\/uploads\/2023\/11\/Dog-Food-Puzzle-Toy.webp\",\"width\":750,\"height\":750,\"caption\":\"Dog Food Puzzle Toy\"},{\"@type\":\"BreadcrumbList\",\"@id\":\"https:\/\/petproducts.com.cn\/product\/pet-wobbler-interactive-tumbler-cat-and-dog-food-puzzle-toys\/#breadcrumb\",\"itemListElement\":[{\"@type\":\"ListItem\",\"position\":1,\"name\":\"HOME\",\"item\":\"https:\/\/petproducts.com.cn\/\"},{\"@type\":\"ListItem\",\"position\":2,\"name\":\"Products\",\"item\":\"https:\/\/petproducts.com.cn\/shop\/\"},{\"@type\":\"ListItem\",\"position\":3,\"name\":\"Cat Supplies\",\"item\":\"https:\/\/petproducts.com.cn\/product-category\/cat-supplies\/\"},{\"@type\":\"ListItem\",\"position\":4,\"name\":\"Pet Wobbler Interactive Tumbler Cat and Dog Food Puzzle Toy\"}]},{\"@type\":\"WebSite\",\"@id\":\"https:\/\/petproducts.com.cn\/#website\",\"url\":\"https:\/\/petproducts.com.cn\/\",\"name\":\"Petstar\",\"description\":\"Leading Pet Supplies Manufacturer &amp; OEM Pet Products Supplier\",\"publisher\":{\"@id\":\"https:\/\/petproducts.com.cn\/#organization\"},\"alternateName\":\"Petstar Pet Supplies\",\"potentialAction\":[{\"@type\":\"SearchAction\",\"target\":{\"@type\":\"EntryPoint\",\"urlTemplate\":\"https:\/\/petproducts.com.cn\/?s={search_term_string}\"},\"query-input\":{\"@type\":\"PropertyValueSpecification\",\"valueRequired\":true,\"valueName\":\"search_term_string\"}}],\"inLanguage\":\"es\"},{\"@type\":\"Organization\",\"@id\":\"https:\/\/petproducts.com.cn\/#organization\",\"name\":\"Petstar\",\"url\":\"https:\/\/petproducts.com.cn\/\",\"logo\":{\"@type\":\"ImageObject\",\"inLanguage\":\"es\",\"@id\":\"https:\/\/petproducts.com.cn\/#\/schema\/logo\/image\/\",\"url\":\"https:\/\/petproducts.com.cn\/wp-content\/uploads\/2020\/02\/petstar-logo.webp\",\"contentUrl\":\"https:\/\/petproducts.com.cn\/wp-content\/uploads\/2020\/02\/petstar-logo.webp\",\"width\":779,\"height\":520,\"caption\":\"Petstar\"},\"image\":{\"@id\":\"https:\/\/petproducts.com.cn\/#\/schema\/logo\/image\/\"}}]}<\/script>\n<!-- \/ Yoast SEO plugin. -->","yoast_head_json":{"title":"Juguete Rompecabezas y Comedero para Perros al por mayor y fabricaci\u00f3n- Petstar","description":"Comprar Juguete Puzzle de Comida para Perros al mayorista Petstar, ofrecemos opciones al por mayor y al por mayor, lo que le permite personalizar con soluciones OEM y etiquetas privadas.","robots":{"index":"index","follow":"follow","max-snippet":"max-snippet:-1","max-image-preview":"max-image-preview:large","max-video-preview":"max-video-preview:-1"},"canonical":"https:\/\/petproducts.com.cn\/es\/producto\/pet-wobbler-interactive-tumbler-cat-and-dog-food-puzzle-toys\/","og_locale":"es_ES","og_type":"article","og_title":"Dog Food Puzzle Toy & Feeder Wholesale and Manufacturing- Petstar","og_description":"Buy Dog Food Puzzle Toy at wholesaler Petstar, we offer bulk and wholesale options, allowing you to customize with OEM solutions and private labels.","og_url":"https:\/\/petproducts.com.cn\/es\/producto\/pet-wobbler-interactive-tumbler-cat-and-dog-food-puzzle-toys\/","og_site_name":"Petstar","article_modified_time":"2024-08-29T05:17:20+00:00","og_image":[{"width":750,"height":750,"url":"https:\/\/petproducts.com.cn\/wp-content\/uploads\/2023\/11\/Dog-Food-Puzzle-Toy.webp","type":"image\/webp"}],"twitter_card":"summary_large_image","twitter_misc":{"Tiempo de lectura":"2 minutos"},"schema":{"@context":"https:\/\/schema.org","@graph":[{"@type":"WebPage","@id":"https:\/\/petproducts.com.cn\/product\/pet-wobbler-interactive-tumbler-cat-and-dog-food-puzzle-toys\/","url":"https:\/\/petproducts.com.cn\/product\/pet-wobbler-interactive-tumbler-cat-and-dog-food-puzzle-toys\/","name":"Juguete Rompecabezas y Comedero para Perros al por mayor y fabricaci\u00f3n- Petstar","isPartOf":{"@id":"https:\/\/petproducts.com.cn\/#website"},"primaryImageOfPage":{"@id":"https:\/\/petproducts.com.cn\/product\/pet-wobbler-interactive-tumbler-cat-and-dog-food-puzzle-toys\/#primaryimage"},"image":{"@id":"https:\/\/petproducts.com.cn\/product\/pet-wobbler-interactive-tumbler-cat-and-dog-food-puzzle-toys\/#primaryimage"},"thumbnailUrl":"https:\/\/petproducts.com.cn\/wp-content\/uploads\/2023\/11\/Dog-Food-Puzzle-Toy.webp","datePublished":"2023-11-27T07:57:34+00:00","dateModified":"2024-08-29T05:17:20+00:00","description":"Comprar Juguete Puzzle de Comida para Perros al mayorista Petstar, ofrecemos opciones al por mayor y al por mayor, lo que le permite personalizar con soluciones OEM y etiquetas privadas.","breadcrumb":{"@id":"https:\/\/petproducts.com.cn\/product\/pet-wobbler-interactive-tumbler-cat-and-dog-food-puzzle-toys\/#breadcrumb"},"inLanguage":"es","potentialAction":[{"@type":"ReadAction","target":["https:\/\/petproducts.com.cn\/product\/pet-wobbler-interactive-tumbler-cat-and-dog-food-puzzle-toys\/"]}]},{"@type":"ImageObject","inLanguage":"es","@id":"https:\/\/petproducts.com.cn\/product\/pet-wobbler-interactive-tumbler-cat-and-dog-food-puzzle-toys\/#primaryimage","url":"https:\/\/petproducts.com.cn\/wp-content\/uploads\/2023\/11\/Dog-Food-Puzzle-Toy.webp","contentUrl":"https:\/\/petproducts.com.cn\/wp-content\/uploads\/2023\/11\/Dog-Food-Puzzle-Toy.webp","width":750,"height":750,"caption":"Dog Food Puzzle Toy"},{"@type":"BreadcrumbList","@id":"https:\/\/petproducts.com.cn\/product\/pet-wobbler-interactive-tumbler-cat-and-dog-food-puzzle-toys\/#breadcrumb","itemListElement":[{"@type":"ListItem","position":1,"name":"HOME","item":"https:\/\/petproducts.com.cn\/"},{"@type":"ListItem","position":2,"name":"Products","item":"https:\/\/petproducts.com.cn\/shop\/"},{"@type":"ListItem","position":3,"name":"Cat Supplies","item":"https:\/\/petproducts.com.cn\/product-category\/cat-supplies\/"},{"@type":"ListItem","position":4,"name":"Pet Wobbler Interactive Tumbler Cat and Dog Food Puzzle Toy"}]},{"@type":"WebSite","@id":"https:\/\/petproducts.com.cn\/#website","url":"https:\/\/petproducts.com.cn\/","name":"Petstar","description":"Fabricante l\u00edder de art\u00edculos para mascotas y proveedor OEM de productos para mascotas","publisher":{"@id":"https:\/\/petproducts.com.cn\/#organization"},"alternateName":"Petstar Pet Supplies","potentialAction":[{"@type":"SearchAction","target":{"@type":"EntryPoint","urlTemplate":"https:\/\/petproducts.com.cn\/?s={search_term_string}"},"query-input":{"@type":"PropertyValueSpecification","valueRequired":true,"valueName":"search_term_string"}}],"inLanguage":"es"},{"@type":"Organization","@id":"https:\/\/petproducts.com.cn\/#organization","name":"Petstar","url":"https:\/\/petproducts.com.cn\/","logo":{"@type":"ImageObject","inLanguage":"es","@id":"https:\/\/petproducts.com.cn\/#\/schema\/logo\/image\/","url":"https:\/\/petproducts.com.cn\/wp-content\/uploads\/2020\/02\/petstar-logo.webp","contentUrl":"https:\/\/petproducts.com.cn\/wp-content\/uploads\/2020\/02\/petstar-logo.webp","width":779,"height":520,"caption":"Petstar"},"image":{"@id":"https:\/\/petproducts.com.cn\/#\/schema\/logo\/image\/"}}]}},"_links":{"self":[{"href":"https:\/\/petproducts.com.cn\/es\/wp-json\/wp\/v2\/product\/16467","targetHints":{"allow":["GET"]}}],"collection":[{"href":"https:\/\/petproducts.com.cn\/es\/wp-json\/wp\/v2\/product"}],"about":[{"href":"https:\/\/petproducts.com.cn\/es\/wp-json\/wp\/v2\/types\/product"}],"version-history":[{"count":1,"href":"https:\/\/petproducts.com.cn\/es\/wp-json\/wp\/v2\/product\/16467\/revisions"}],"predecessor-version":[{"id":16496,"href":"https:\/\/petproducts.com.cn\/es\/wp-json\/wp\/v2\/product\/16467\/revisions\/16496"}],"wp:featuredmedia":[{"embeddable":true,"href":"https:\/\/petproducts.com.cn\/es\/wp-json\/wp\/v2\/media\/16489"}],"wp:attachment":[{"href":"https:\/\/petproducts.com.cn\/es\/wp-json\/wp\/v2\/media?parent=16467"}],"wp:term":[{"taxonomy":"product_brand","embeddable":true,"href":"https:\/\/petproducts.com.cn\/es\/wp-json\/wp\/v2\/product_brand?post=16467"},{"taxonomy":"product_cat","embeddable":true,"href":"https:\/\/petproducts.com.cn\/es\/wp-json\/wp\/v2\/product_cat?post=16467"},{"taxonomy":"product_tag","embeddable":true,"href":"https:\/\/petproducts.com.cn\/es\/wp-json\/wp\/v2\/product_tag?post=16467"}],"curies":[{"name":"wp","href":"https:\/\/api.w.org\/{rel}","templated":true}]}}