{"id":16480,"date":"2023-11-27T07:36:16","date_gmt":"2023-11-27T07:36:16","guid":{"rendered":"https:\/\/petproducts.com.cn\/?post_type=product&#038;p=16480"},"modified":"2023-11-27T08:15:09","modified_gmt":"2023-11-27T08:15:09","slug":"custom-printed-red-dog-toys-for-tug-of-war","status":"publish","type":"product","link":"https:\/\/petproducts.com.cn\/es\/product\/custom-printed-red-dog-toys-for-tug-of-war\/","title":{"rendered":"Juguetes rojos personalizados para tirar de la cuerda"},"content":{"rendered":"<h2>Petstar: Juguetes rojos personalizados para tirar de la cuerda<\/h2>\n<p>Nuestros juguetes impresos personalizados para perros est\u00e1n dise\u00f1ados para ser visualmente atractivos, duraderos y seguros, y ofrecen a los due\u00f1os de mascotas opciones de personalizaci\u00f3n inigualables. Con un enfoque en la calidad, la seguridad, la personalizaci\u00f3n y el entretenimiento de larga duraci\u00f3n, nuestros productos son la soluci\u00f3n perfecta para los due\u00f1os de mascotas que buscan juguetes personalizados de alta calidad.<\/p>\n<h3>Nuestra ventaja:<\/h3>\n<ol>\n<li>Adaptados a las necesidades de su perro: Cada perro tiene sus propias preferencias en cuanto a juguetes, y nosotros lo entendemos, por lo que puede adaptar nuestros juguetes personalizados para perros al tama\u00f1o, la raza y la fuerza de su perro. Ofrecemos una amplia gama de formas, tama\u00f1os y texturas, lo que le permite seleccionar la combinaci\u00f3n perfecta que mantiene a su amigo peludo ocupado y entretenido.<\/li>\n<li>La seguridad es primordial: La seguridad de su peludo compa\u00f1ero es nuestra m\u00e1xima prioridad. Adem\u00e1s, todos nuestros juguetes personalizados para perros se someten a rigurosos controles de seguridad para garantizar que cumplen o superan todas las normas de seguridad. Utilizamos materiales no t\u00f3xicos y seguros para las mascotas, lo que garantiza que nuestros juguetes est\u00e1n libres de sustancias nocivas y son seguros para el disfrute de su perro.<\/li>\n<li>Personalizaci\u00f3n: Creemos que cada mascota es \u00fanica, y por eso ofrecemos opciones de personalizaci\u00f3n para nuestros juguetes para perros. Adem\u00e1s, puede personalizar nuestros juguetes para perros impresos a medida para crear un juguete esencial y \u00fanico para su mascota, desde a\u00f1adir su nombre o foto hasta incorporar un mensaje especial.<\/li>\n<\/ol>\n<p>En conclusi\u00f3n, nuestros juguetes personalizados para perros de tira y afloja ofrecen ventajas insuperables a los due\u00f1os de mascotas que buscan juguetes personalizados de alta calidad. Con dise\u00f1os llamativos, durabilidad, seguridad y personalizaci\u00f3n, nuestros juguetes son la soluci\u00f3n definitiva para mantener a su perro entretenido y estimulado. Por lo tanto, experimente la alegr\u00eda de ver a su peludo amigo jugar y dar tirones con nuestros juguetes personalizados dise\u00f1ados para resistir sus m\u00e1s duros mordiscos. Elija nuestros juguetes impresos personalizados para perros y cree momentos inolvidables de alegr\u00eda y diversi\u00f3n para su querida mascota.<\/p>","protected":false},"excerpt":{"rendered":"<p>Somos fabricantes de juguetes para perros con m\u00e1s de 20 a\u00f1os de experiencia. Ofrecemos opciones de personalizaci\u00f3n para el color, tama\u00f1o, tela, patr\u00f3n, logotipo y otras caracter\u00edsticas.<\/p>","protected":false},"featured_media":16486,"template":"","meta":{"_acf_changed":false},"product_brand":[],"product_cat":[72,48],"product_tag":[85],"class_list":{"0":"post-16480","1":"product","2":"type-product","3":"status-publish","4":"has-post-thumbnail","6":"product_cat-dog-supplies","7":"product_cat-dog-toys","8":"product_tag-dog-toys","10":"first","11":"instock","12":"shipping-taxable","13":"product-type-simple"},"acf":[],"yoast_head":"<!-- This site is optimized with the Yoast SEO plugin v27.1.1 - https:\/\/yoast.com\/product\/yoast-seo-wordpress\/ -->\n<title>custom printed dog toys factory | Custom tough dog tug toys - Petstar<\/title>\n<meta name=\"description\" content=\"Explore custom printed dog toys,tough dog tug toys, dog tug toys from the manufacturer. Your ideal business solution with Petstar.\" \/>\n<meta name=\"robots\" content=\"index, follow, max-snippet:-1, max-image-preview:large, max-video-preview:-1\" \/>\n<link rel=\"canonical\" href=\"https:\/\/petproducts.com.cn\/es\/producto\/custom-printed-red-dog-toys-for-tug-of-war\/\" \/>\n<meta property=\"og:locale\" content=\"es_ES\" \/>\n<meta property=\"og:type\" content=\"article\" \/>\n<meta property=\"og:title\" content=\"custom printed dog toys factory | Custom tough dog tug toys - Petstar\" \/>\n<meta property=\"og:description\" content=\"Explore custom printed dog toys,tough dog tug toys, dog tug toys from the manufacturer. Your ideal business solution with Petstar.\" \/>\n<meta property=\"og:url\" content=\"https:\/\/petproducts.com.cn\/es\/producto\/custom-printed-red-dog-toys-for-tug-of-war\/\" \/>\n<meta property=\"og:site_name\" content=\"Petstar\" \/>\n<meta property=\"article:modified_time\" content=\"2023-11-27T08:15:09+00:00\" \/>\n<meta property=\"og:image\" content=\"https:\/\/petproducts.com.cn\/wp-content\/uploads\/2023\/11\/custom-printed-dog-toys.webp\" \/>\n\t<meta property=\"og:image:width\" content=\"800\" \/>\n\t<meta property=\"og:image:height\" content=\"800\" \/>\n\t<meta property=\"og:image:type\" content=\"image\/webp\" \/>\n<meta name=\"twitter:card\" content=\"summary_large_image\" \/>\n<meta name=\"twitter:label1\" content=\"Tiempo de lectura\" \/>\n\t<meta name=\"twitter:data1\" content=\"2 minutos\" \/>\n<script type=\"application\/ld+json\" class=\"yoast-schema-graph\">{\"@context\":\"https:\/\/schema.org\",\"@graph\":[{\"@type\":\"WebPage\",\"@id\":\"https:\/\/petproducts.com.cn\/product\/custom-printed-red-dog-toys-for-tug-of-war\/\",\"url\":\"https:\/\/petproducts.com.cn\/product\/custom-printed-red-dog-toys-for-tug-of-war\/\",\"name\":\"custom printed dog toys factory | Custom tough dog tug toys - Petstar\",\"isPartOf\":{\"@id\":\"https:\/\/petproducts.com.cn\/#website\"},\"primaryImageOfPage\":{\"@id\":\"https:\/\/petproducts.com.cn\/product\/custom-printed-red-dog-toys-for-tug-of-war\/#primaryimage\"},\"image\":{\"@id\":\"https:\/\/petproducts.com.cn\/product\/custom-printed-red-dog-toys-for-tug-of-war\/#primaryimage\"},\"thumbnailUrl\":\"https:\/\/petproducts.com.cn\/wp-content\/uploads\/2023\/11\/custom-printed-dog-toys.webp\",\"datePublished\":\"2023-11-27T07:36:16+00:00\",\"dateModified\":\"2023-11-27T08:15:09+00:00\",\"description\":\"Explore custom printed dog toys,tough dog tug toys, dog tug toys from the manufacturer. Your ideal business solution with Petstar.\",\"breadcrumb\":{\"@id\":\"https:\/\/petproducts.com.cn\/product\/custom-printed-red-dog-toys-for-tug-of-war\/#breadcrumb\"},\"inLanguage\":\"es\",\"potentialAction\":[{\"@type\":\"ReadAction\",\"target\":[\"https:\/\/petproducts.com.cn\/product\/custom-printed-red-dog-toys-for-tug-of-war\/\"]}]},{\"@type\":\"ImageObject\",\"inLanguage\":\"es\",\"@id\":\"https:\/\/petproducts.com.cn\/product\/custom-printed-red-dog-toys-for-tug-of-war\/#primaryimage\",\"url\":\"https:\/\/petproducts.com.cn\/wp-content\/uploads\/2023\/11\/custom-printed-dog-toys.webp\",\"contentUrl\":\"https:\/\/petproducts.com.cn\/wp-content\/uploads\/2023\/11\/custom-printed-dog-toys.webp\",\"width\":800,\"height\":800,\"caption\":\"custom printed dog toys\"},{\"@type\":\"BreadcrumbList\",\"@id\":\"https:\/\/petproducts.com.cn\/product\/custom-printed-red-dog-toys-for-tug-of-war\/#breadcrumb\",\"itemListElement\":[{\"@type\":\"ListItem\",\"position\":1,\"name\":\"HOME\",\"item\":\"https:\/\/petproducts.com.cn\/\"},{\"@type\":\"ListItem\",\"position\":2,\"name\":\"Products\",\"item\":\"https:\/\/petproducts.com.cn\/shop\/\"},{\"@type\":\"ListItem\",\"position\":3,\"name\":\"Dog Toys\",\"item\":\"https:\/\/petproducts.com.cn\/product-category\/dog-toys\/\"},{\"@type\":\"ListItem\",\"position\":4,\"name\":\"Custom Printed Red Dog Toys For Tug Of War\"}]},{\"@type\":\"WebSite\",\"@id\":\"https:\/\/petproducts.com.cn\/#website\",\"url\":\"https:\/\/petproducts.com.cn\/\",\"name\":\"Petstar\",\"description\":\"Leading Pet Supplies Manufacturer &amp; OEM Pet Products Supplier\",\"publisher\":{\"@id\":\"https:\/\/petproducts.com.cn\/#organization\"},\"alternateName\":\"Petstar Pet Supplies\",\"potentialAction\":[{\"@type\":\"SearchAction\",\"target\":{\"@type\":\"EntryPoint\",\"urlTemplate\":\"https:\/\/petproducts.com.cn\/?s={search_term_string}\"},\"query-input\":{\"@type\":\"PropertyValueSpecification\",\"valueRequired\":true,\"valueName\":\"search_term_string\"}}],\"inLanguage\":\"es\"},{\"@type\":\"Organization\",\"@id\":\"https:\/\/petproducts.com.cn\/#organization\",\"name\":\"Petstar\",\"url\":\"https:\/\/petproducts.com.cn\/\",\"logo\":{\"@type\":\"ImageObject\",\"inLanguage\":\"es\",\"@id\":\"https:\/\/petproducts.com.cn\/#\/schema\/logo\/image\/\",\"url\":\"https:\/\/petproducts.com.cn\/wp-content\/uploads\/2020\/02\/petstar-logo.webp\",\"contentUrl\":\"https:\/\/petproducts.com.cn\/wp-content\/uploads\/2020\/02\/petstar-logo.webp\",\"width\":779,\"height\":520,\"caption\":\"Petstar\"},\"image\":{\"@id\":\"https:\/\/petproducts.com.cn\/#\/schema\/logo\/image\/\"}}]}<\/script>\n<!-- \/ Yoast SEO plugin. -->","yoast_head_json":{"title":"personalizado impreso f\u00e1brica de juguetes para perros - Petstar","description":"Explore juguetes impresos personalizados para perros, juguetes resistentes para perros, juguetes para perros del fabricante. Su soluci\u00f3n de negocio ideal con Petstar.","robots":{"index":"index","follow":"follow","max-snippet":"max-snippet:-1","max-image-preview":"max-image-preview:large","max-video-preview":"max-video-preview:-1"},"canonical":"https:\/\/petproducts.com.cn\/es\/producto\/custom-printed-red-dog-toys-for-tug-of-war\/","og_locale":"es_ES","og_type":"article","og_title":"custom printed dog toys factory | Custom tough dog tug toys - Petstar","og_description":"Explore custom printed dog toys,tough dog tug toys, dog tug toys from the manufacturer. Your ideal business solution with Petstar.","og_url":"https:\/\/petproducts.com.cn\/es\/producto\/custom-printed-red-dog-toys-for-tug-of-war\/","og_site_name":"Petstar","article_modified_time":"2023-11-27T08:15:09+00:00","og_image":[{"width":800,"height":800,"url":"https:\/\/petproducts.com.cn\/wp-content\/uploads\/2023\/11\/custom-printed-dog-toys.webp","type":"image\/webp"}],"twitter_card":"summary_large_image","twitter_misc":{"Tiempo de lectura":"2 minutos"},"schema":{"@context":"https:\/\/schema.org","@graph":[{"@type":"WebPage","@id":"https:\/\/petproducts.com.cn\/product\/custom-printed-red-dog-toys-for-tug-of-war\/","url":"https:\/\/petproducts.com.cn\/product\/custom-printed-red-dog-toys-for-tug-of-war\/","name":"personalizado impreso f\u00e1brica de juguetes para perros - Petstar","isPartOf":{"@id":"https:\/\/petproducts.com.cn\/#website"},"primaryImageOfPage":{"@id":"https:\/\/petproducts.com.cn\/product\/custom-printed-red-dog-toys-for-tug-of-war\/#primaryimage"},"image":{"@id":"https:\/\/petproducts.com.cn\/product\/custom-printed-red-dog-toys-for-tug-of-war\/#primaryimage"},"thumbnailUrl":"https:\/\/petproducts.com.cn\/wp-content\/uploads\/2023\/11\/custom-printed-dog-toys.webp","datePublished":"2023-11-27T07:36:16+00:00","dateModified":"2023-11-27T08:15:09+00:00","description":"Explore juguetes impresos personalizados para perros, juguetes resistentes para perros, juguetes para perros del fabricante. Su soluci\u00f3n de negocio ideal con Petstar.","breadcrumb":{"@id":"https:\/\/petproducts.com.cn\/product\/custom-printed-red-dog-toys-for-tug-of-war\/#breadcrumb"},"inLanguage":"es","potentialAction":[{"@type":"ReadAction","target":["https:\/\/petproducts.com.cn\/product\/custom-printed-red-dog-toys-for-tug-of-war\/"]}]},{"@type":"ImageObject","inLanguage":"es","@id":"https:\/\/petproducts.com.cn\/product\/custom-printed-red-dog-toys-for-tug-of-war\/#primaryimage","url":"https:\/\/petproducts.com.cn\/wp-content\/uploads\/2023\/11\/custom-printed-dog-toys.webp","contentUrl":"https:\/\/petproducts.com.cn\/wp-content\/uploads\/2023\/11\/custom-printed-dog-toys.webp","width":800,"height":800,"caption":"custom printed dog toys"},{"@type":"BreadcrumbList","@id":"https:\/\/petproducts.com.cn\/product\/custom-printed-red-dog-toys-for-tug-of-war\/#breadcrumb","itemListElement":[{"@type":"ListItem","position":1,"name":"HOME","item":"https:\/\/petproducts.com.cn\/"},{"@type":"ListItem","position":2,"name":"Products","item":"https:\/\/petproducts.com.cn\/shop\/"},{"@type":"ListItem","position":3,"name":"Dog Toys","item":"https:\/\/petproducts.com.cn\/product-category\/dog-toys\/"},{"@type":"ListItem","position":4,"name":"Custom Printed Red Dog Toys For Tug Of War"}]},{"@type":"WebSite","@id":"https:\/\/petproducts.com.cn\/#website","url":"https:\/\/petproducts.com.cn\/","name":"Petstar","description":"Fabricante l\u00edder de art\u00edculos para mascotas y proveedor OEM de productos para mascotas","publisher":{"@id":"https:\/\/petproducts.com.cn\/#organization"},"alternateName":"Petstar Pet Supplies","potentialAction":[{"@type":"SearchAction","target":{"@type":"EntryPoint","urlTemplate":"https:\/\/petproducts.com.cn\/?s={search_term_string}"},"query-input":{"@type":"PropertyValueSpecification","valueRequired":true,"valueName":"search_term_string"}}],"inLanguage":"es"},{"@type":"Organization","@id":"https:\/\/petproducts.com.cn\/#organization","name":"Petstar","url":"https:\/\/petproducts.com.cn\/","logo":{"@type":"ImageObject","inLanguage":"es","@id":"https:\/\/petproducts.com.cn\/#\/schema\/logo\/image\/","url":"https:\/\/petproducts.com.cn\/wp-content\/uploads\/2020\/02\/petstar-logo.webp","contentUrl":"https:\/\/petproducts.com.cn\/wp-content\/uploads\/2020\/02\/petstar-logo.webp","width":779,"height":520,"caption":"Petstar"},"image":{"@id":"https:\/\/petproducts.com.cn\/#\/schema\/logo\/image\/"}}]}},"_links":{"self":[{"href":"https:\/\/petproducts.com.cn\/es\/wp-json\/wp\/v2\/product\/16480","targetHints":{"allow":["GET"]}}],"collection":[{"href":"https:\/\/petproducts.com.cn\/es\/wp-json\/wp\/v2\/product"}],"about":[{"href":"https:\/\/petproducts.com.cn\/es\/wp-json\/wp\/v2\/types\/product"}],"version-history":[{"count":1,"href":"https:\/\/petproducts.com.cn\/es\/wp-json\/wp\/v2\/product\/16480\/revisions"}],"predecessor-version":[{"id":16487,"href":"https:\/\/petproducts.com.cn\/es\/wp-json\/wp\/v2\/product\/16480\/revisions\/16487"}],"wp:featuredmedia":[{"embeddable":true,"href":"https:\/\/petproducts.com.cn\/es\/wp-json\/wp\/v2\/media\/16486"}],"wp:attachment":[{"href":"https:\/\/petproducts.com.cn\/es\/wp-json\/wp\/v2\/media?parent=16480"}],"wp:term":[{"taxonomy":"product_brand","embeddable":true,"href":"https:\/\/petproducts.com.cn\/es\/wp-json\/wp\/v2\/product_brand?post=16480"},{"taxonomy":"product_cat","embeddable":true,"href":"https:\/\/petproducts.com.cn\/es\/wp-json\/wp\/v2\/product_cat?post=16480"},{"taxonomy":"product_tag","embeddable":true,"href":"https:\/\/petproducts.com.cn\/es\/wp-json\/wp\/v2\/product_tag?post=16480"}],"curies":[{"name":"wp","href":"https:\/\/api.w.org\/{rel}","templated":true}]}}