{"id":16777,"date":"2023-11-28T08:54:20","date_gmt":"2023-11-28T08:54:20","guid":{"rendered":"https:\/\/petproducts.com.cn\/?post_type=product&#038;p=16777"},"modified":"2023-11-28T09:07:54","modified_gmt":"2023-11-28T09:07:54","slug":"dog-bolster-bed-wholesale-pet-beds-sale","status":"publish","type":"product","link":"https:\/\/petproducts.com.cn\/es\/product\/dog-bolster-bed-wholesale-pet-beds-sale\/","title":{"rendered":"Venta al por mayor de camas para perros Venta al por mayor de camas para mascotas"},"content":{"rendered":"<h2>Caracter\u00edsticas de la cama del perro Bolster<\/h2>\n<ol>\n<li><strong>Felicidad al estilo de un coj\u00edn:<\/strong> Eleve la experiencia de descanso de su mascota con la lujosa comodidad de nuestra cama tipo almohada. Los bordes elevados de nuestra cama para perros proporcionan una sensaci\u00f3n de seguridad, creando un espacio acogedor para que su mascota se acurruque, se estire o descanse la cabeza c\u00f3modamente. Es el refugio perfecto para relajarse.<\/li>\n<li><strong>Maravilla impermeable:<\/strong> \u00a1Diga adi\u00f3s al estr\u00e9s de los derrames accidentales o las patas mojadas! Nuestra cama Pet Bolster est\u00e1 equipada con una capa impermeable que repele la humedad, garantizando un entorno limpio e higi\u00e9nico. Deje que su mascota disfrute de su tiempo de ocio sin la preocupaci\u00f3n de una cama h\u00fameda o inc\u00f3moda.<\/li>\n<li><strong>Serenidad sin est\u00e1tica:<\/strong> Disfrute de una zona libre de est\u00e1tica para su mascota Las propiedades antiest\u00e1ticas incorporadas a la cama eliminan las molestias de las descargas inesperadas. Ahora su mascota puede descansar tranquilamente, sin que la est\u00e1tica le moleste, creando un ambiente sereno para relajarse.<\/li>\n<li><strong>Coj\u00edn desmontable Comodidad:<\/strong> Adapte la cama a las preferencias de su mascota. El coj\u00edn desmontable permite una f\u00e1cil personalizaci\u00f3n, asegurando que su mascota disfrute del nivel perfecto de suavidad y apoyo. Mantenga la limpieza sin esfuerzo retirando y lavando el coj\u00edn cuando sea necesario.<\/li>\n<li><strong>Elegancia cosida:<\/strong> Sumerja a su mascota en el lujo con el tejido finamente cosido. El detallado trabajo artesanal no s\u00f3lo realza el atractivo est\u00e9tico de la cama, sino que tambi\u00e9n garantiza su durabilidad. Proporcione a su mascota un refugio elegante y duradero que complemente la decoraci\u00f3n de su hogar.<\/li>\n<li><strong>Estabilidad inquebrantable:<\/strong> \u00a1Se acab\u00f3 el deslizamiento! La base antideslizante garantiza que la cama se mantenga en su sitio, incluso en los momentos m\u00e1s juguetones. Tu mascota puede moverse, saltar y echarse la siesta sin preocuparse de que la cama se mueva, proporcion\u00e1ndole un santuario estable y seguro.<\/li>\n<\/ol>","protected":false},"excerpt":{"rendered":"<p>Somos fabricantes de camas para mascotas con m\u00e1s de 20 a\u00f1os de experiencia. Ofrecemos opciones de personalizaci\u00f3n para el color, tama\u00f1o, tela, patr\u00f3n, logotipo y otras caracter\u00edsticas.<\/p>","protected":false},"featured_media":16780,"template":"","meta":{"_acf_changed":false},"product_brand":[],"product_cat":[57,72],"product_tag":[75],"class_list":{"0":"post-16777","1":"product","2":"type-product","3":"status-publish","4":"has-post-thumbnail","6":"product_cat-dog-beds","7":"product_cat-dog-supplies","8":"product_tag-dog-beds","10":"first","11":"instock","12":"shipping-taxable","13":"product-type-simple"},"acf":[],"yoast_head":"<!-- This site is optimized with the Yoast SEO plugin v27.1.1 - https:\/\/yoast.com\/product\/yoast-seo-wordpress\/ -->\n<title>Dog Bolster Bed | Custom Wholesale Pet Beds - Petstar<\/title>\n<meta name=\"description\" content=\"Explore dog bolster bed, wholesale pet beds, pet beds sale from the manufacturer. Your ideal business solution with Petstar.\" \/>\n<meta name=\"robots\" content=\"index, follow, max-snippet:-1, max-image-preview:large, max-video-preview:-1\" \/>\n<link rel=\"canonical\" href=\"https:\/\/petproducts.com.cn\/es\/producto\/dog-bolster-bed-wholesale-pet-beds-sale\/\" \/>\n<meta property=\"og:locale\" content=\"es_ES\" \/>\n<meta property=\"og:type\" content=\"article\" \/>\n<meta property=\"og:title\" content=\"Dog Bolster Bed | Custom Wholesale Pet Beds - Petstar\" \/>\n<meta property=\"og:description\" content=\"Explore dog bolster bed, wholesale pet beds, pet beds sale from the manufacturer. Your ideal business solution with Petstar.\" \/>\n<meta property=\"og:url\" content=\"https:\/\/petproducts.com.cn\/es\/producto\/dog-bolster-bed-wholesale-pet-beds-sale\/\" \/>\n<meta property=\"og:site_name\" content=\"Petstar\" \/>\n<meta property=\"article:modified_time\" content=\"2023-11-28T09:07:54+00:00\" \/>\n<meta property=\"og:image\" content=\"https:\/\/petproducts.com.cn\/wp-content\/uploads\/2023\/11\/dog-bolster-bed.webp\" \/>\n\t<meta property=\"og:image:width\" content=\"1000\" \/>\n\t<meta property=\"og:image:height\" content=\"1000\" \/>\n\t<meta property=\"og:image:type\" content=\"image\/webp\" \/>\n<meta name=\"twitter:card\" content=\"summary_large_image\" \/>\n<meta name=\"twitter:label1\" content=\"Tiempo de lectura\" \/>\n\t<meta name=\"twitter:data1\" content=\"2 minutos\" \/>\n<script type=\"application\/ld+json\" class=\"yoast-schema-graph\">{\"@context\":\"https:\/\/schema.org\",\"@graph\":[{\"@type\":\"WebPage\",\"@id\":\"https:\/\/petproducts.com.cn\/product\/dog-bolster-bed-wholesale-pet-beds-sale\/\",\"url\":\"https:\/\/petproducts.com.cn\/product\/dog-bolster-bed-wholesale-pet-beds-sale\/\",\"name\":\"Dog Bolster Bed | Custom Wholesale Pet Beds - Petstar\",\"isPartOf\":{\"@id\":\"https:\/\/petproducts.com.cn\/#website\"},\"primaryImageOfPage\":{\"@id\":\"https:\/\/petproducts.com.cn\/product\/dog-bolster-bed-wholesale-pet-beds-sale\/#primaryimage\"},\"image\":{\"@id\":\"https:\/\/petproducts.com.cn\/product\/dog-bolster-bed-wholesale-pet-beds-sale\/#primaryimage\"},\"thumbnailUrl\":\"https:\/\/petproducts.com.cn\/wp-content\/uploads\/2023\/11\/dog-bolster-bed.webp\",\"datePublished\":\"2023-11-28T08:54:20+00:00\",\"dateModified\":\"2023-11-28T09:07:54+00:00\",\"description\":\"Explore dog bolster bed, wholesale pet beds, pet beds sale from the manufacturer. Your ideal business solution with Petstar.\",\"breadcrumb\":{\"@id\":\"https:\/\/petproducts.com.cn\/product\/dog-bolster-bed-wholesale-pet-beds-sale\/#breadcrumb\"},\"inLanguage\":\"es\",\"potentialAction\":[{\"@type\":\"ReadAction\",\"target\":[\"https:\/\/petproducts.com.cn\/product\/dog-bolster-bed-wholesale-pet-beds-sale\/\"]}]},{\"@type\":\"ImageObject\",\"inLanguage\":\"es\",\"@id\":\"https:\/\/petproducts.com.cn\/product\/dog-bolster-bed-wholesale-pet-beds-sale\/#primaryimage\",\"url\":\"https:\/\/petproducts.com.cn\/wp-content\/uploads\/2023\/11\/dog-bolster-bed.webp\",\"contentUrl\":\"https:\/\/petproducts.com.cn\/wp-content\/uploads\/2023\/11\/dog-bolster-bed.webp\",\"width\":1000,\"height\":1000,\"caption\":\"dog bolster bed\"},{\"@type\":\"BreadcrumbList\",\"@id\":\"https:\/\/petproducts.com.cn\/product\/dog-bolster-bed-wholesale-pet-beds-sale\/#breadcrumb\",\"itemListElement\":[{\"@type\":\"ListItem\",\"position\":1,\"name\":\"HOME\",\"item\":\"https:\/\/petproducts.com.cn\/\"},{\"@type\":\"ListItem\",\"position\":2,\"name\":\"Products\",\"item\":\"https:\/\/petproducts.com.cn\/shop\/\"},{\"@type\":\"ListItem\",\"position\":3,\"name\":\"Dog Beds\",\"item\":\"https:\/\/petproducts.com.cn\/product-category\/dog-beds\/\"},{\"@type\":\"ListItem\",\"position\":4,\"name\":\"Dog Bolster Bed Wholesale Pet Beds Sale\"}]},{\"@type\":\"WebSite\",\"@id\":\"https:\/\/petproducts.com.cn\/#website\",\"url\":\"https:\/\/petproducts.com.cn\/\",\"name\":\"Petstar\",\"description\":\"Leading Pet Supplies Manufacturer &amp; OEM Pet Products Supplier\",\"publisher\":{\"@id\":\"https:\/\/petproducts.com.cn\/#organization\"},\"alternateName\":\"Petstar Pet Supplies\",\"potentialAction\":[{\"@type\":\"SearchAction\",\"target\":{\"@type\":\"EntryPoint\",\"urlTemplate\":\"https:\/\/petproducts.com.cn\/?s={search_term_string}\"},\"query-input\":{\"@type\":\"PropertyValueSpecification\",\"valueRequired\":true,\"valueName\":\"search_term_string\"}}],\"inLanguage\":\"es\"},{\"@type\":\"Organization\",\"@id\":\"https:\/\/petproducts.com.cn\/#organization\",\"name\":\"Petstar\",\"url\":\"https:\/\/petproducts.com.cn\/\",\"logo\":{\"@type\":\"ImageObject\",\"inLanguage\":\"es\",\"@id\":\"https:\/\/petproducts.com.cn\/#\/schema\/logo\/image\/\",\"url\":\"https:\/\/petproducts.com.cn\/wp-content\/uploads\/2020\/02\/petstar-logo.webp\",\"contentUrl\":\"https:\/\/petproducts.com.cn\/wp-content\/uploads\/2020\/02\/petstar-logo.webp\",\"width\":779,\"height\":520,\"caption\":\"Petstar\"},\"image\":{\"@id\":\"https:\/\/petproducts.com.cn\/#\/schema\/logo\/image\/\"}}]}<\/script>\n<!-- \/ Yoast SEO plugin. -->","yoast_head_json":{"title":"Perro Bolster Bed | Custom Wholesale Pet Beds - Petstar","description":"Explorar perro bolster cama, camas para mascotas al por mayor, venta de camas para mascotas del fabricante. Su soluci\u00f3n de negocio ideal con Petstar.","robots":{"index":"index","follow":"follow","max-snippet":"max-snippet:-1","max-image-preview":"max-image-preview:large","max-video-preview":"max-video-preview:-1"},"canonical":"https:\/\/petproducts.com.cn\/es\/producto\/dog-bolster-bed-wholesale-pet-beds-sale\/","og_locale":"es_ES","og_type":"article","og_title":"Dog Bolster Bed | Custom Wholesale Pet Beds - Petstar","og_description":"Explore dog bolster bed, wholesale pet beds, pet beds sale from the manufacturer. Your ideal business solution with Petstar.","og_url":"https:\/\/petproducts.com.cn\/es\/producto\/dog-bolster-bed-wholesale-pet-beds-sale\/","og_site_name":"Petstar","article_modified_time":"2023-11-28T09:07:54+00:00","og_image":[{"width":1000,"height":1000,"url":"https:\/\/petproducts.com.cn\/wp-content\/uploads\/2023\/11\/dog-bolster-bed.webp","type":"image\/webp"}],"twitter_card":"summary_large_image","twitter_misc":{"Tiempo de lectura":"2 minutos"},"schema":{"@context":"https:\/\/schema.org","@graph":[{"@type":"WebPage","@id":"https:\/\/petproducts.com.cn\/product\/dog-bolster-bed-wholesale-pet-beds-sale\/","url":"https:\/\/petproducts.com.cn\/product\/dog-bolster-bed-wholesale-pet-beds-sale\/","name":"Perro Bolster Bed | Custom Wholesale Pet Beds - Petstar","isPartOf":{"@id":"https:\/\/petproducts.com.cn\/#website"},"primaryImageOfPage":{"@id":"https:\/\/petproducts.com.cn\/product\/dog-bolster-bed-wholesale-pet-beds-sale\/#primaryimage"},"image":{"@id":"https:\/\/petproducts.com.cn\/product\/dog-bolster-bed-wholesale-pet-beds-sale\/#primaryimage"},"thumbnailUrl":"https:\/\/petproducts.com.cn\/wp-content\/uploads\/2023\/11\/dog-bolster-bed.webp","datePublished":"2023-11-28T08:54:20+00:00","dateModified":"2023-11-28T09:07:54+00:00","description":"Explorar perro bolster cama, camas para mascotas al por mayor, venta de camas para mascotas del fabricante. Su soluci\u00f3n de negocio ideal con Petstar.","breadcrumb":{"@id":"https:\/\/petproducts.com.cn\/product\/dog-bolster-bed-wholesale-pet-beds-sale\/#breadcrumb"},"inLanguage":"es","potentialAction":[{"@type":"ReadAction","target":["https:\/\/petproducts.com.cn\/product\/dog-bolster-bed-wholesale-pet-beds-sale\/"]}]},{"@type":"ImageObject","inLanguage":"es","@id":"https:\/\/petproducts.com.cn\/product\/dog-bolster-bed-wholesale-pet-beds-sale\/#primaryimage","url":"https:\/\/petproducts.com.cn\/wp-content\/uploads\/2023\/11\/dog-bolster-bed.webp","contentUrl":"https:\/\/petproducts.com.cn\/wp-content\/uploads\/2023\/11\/dog-bolster-bed.webp","width":1000,"height":1000,"caption":"dog bolster bed"},{"@type":"BreadcrumbList","@id":"https:\/\/petproducts.com.cn\/product\/dog-bolster-bed-wholesale-pet-beds-sale\/#breadcrumb","itemListElement":[{"@type":"ListItem","position":1,"name":"HOME","item":"https:\/\/petproducts.com.cn\/"},{"@type":"ListItem","position":2,"name":"Products","item":"https:\/\/petproducts.com.cn\/shop\/"},{"@type":"ListItem","position":3,"name":"Dog Beds","item":"https:\/\/petproducts.com.cn\/product-category\/dog-beds\/"},{"@type":"ListItem","position":4,"name":"Dog Bolster Bed Wholesale Pet Beds Sale"}]},{"@type":"WebSite","@id":"https:\/\/petproducts.com.cn\/#website","url":"https:\/\/petproducts.com.cn\/","name":"Petstar","description":"Fabricante l\u00edder de art\u00edculos para mascotas y proveedor OEM de productos para mascotas","publisher":{"@id":"https:\/\/petproducts.com.cn\/#organization"},"alternateName":"Petstar Pet Supplies","potentialAction":[{"@type":"SearchAction","target":{"@type":"EntryPoint","urlTemplate":"https:\/\/petproducts.com.cn\/?s={search_term_string}"},"query-input":{"@type":"PropertyValueSpecification","valueRequired":true,"valueName":"search_term_string"}}],"inLanguage":"es"},{"@type":"Organization","@id":"https:\/\/petproducts.com.cn\/#organization","name":"Petstar","url":"https:\/\/petproducts.com.cn\/","logo":{"@type":"ImageObject","inLanguage":"es","@id":"https:\/\/petproducts.com.cn\/#\/schema\/logo\/image\/","url":"https:\/\/petproducts.com.cn\/wp-content\/uploads\/2020\/02\/petstar-logo.webp","contentUrl":"https:\/\/petproducts.com.cn\/wp-content\/uploads\/2020\/02\/petstar-logo.webp","width":779,"height":520,"caption":"Petstar"},"image":{"@id":"https:\/\/petproducts.com.cn\/#\/schema\/logo\/image\/"}}]}},"_links":{"self":[{"href":"https:\/\/petproducts.com.cn\/es\/wp-json\/wp\/v2\/product\/16777","targetHints":{"allow":["GET"]}}],"collection":[{"href":"https:\/\/petproducts.com.cn\/es\/wp-json\/wp\/v2\/product"}],"about":[{"href":"https:\/\/petproducts.com.cn\/es\/wp-json\/wp\/v2\/types\/product"}],"version-history":[{"count":1,"href":"https:\/\/petproducts.com.cn\/es\/wp-json\/wp\/v2\/product\/16777\/revisions"}],"predecessor-version":[{"id":16779,"href":"https:\/\/petproducts.com.cn\/es\/wp-json\/wp\/v2\/product\/16777\/revisions\/16779"}],"wp:featuredmedia":[{"embeddable":true,"href":"https:\/\/petproducts.com.cn\/es\/wp-json\/wp\/v2\/media\/16780"}],"wp:attachment":[{"href":"https:\/\/petproducts.com.cn\/es\/wp-json\/wp\/v2\/media?parent=16777"}],"wp:term":[{"taxonomy":"product_brand","embeddable":true,"href":"https:\/\/petproducts.com.cn\/es\/wp-json\/wp\/v2\/product_brand?post=16777"},{"taxonomy":"product_cat","embeddable":true,"href":"https:\/\/petproducts.com.cn\/es\/wp-json\/wp\/v2\/product_cat?post=16777"},{"taxonomy":"product_tag","embeddable":true,"href":"https:\/\/petproducts.com.cn\/es\/wp-json\/wp\/v2\/product_tag?post=16777"}],"curies":[{"name":"wp","href":"https:\/\/api.w.org\/{rel}","templated":true}]}}