{"id":17651,"date":"2023-12-18T09:03:38","date_gmt":"2023-12-18T09:03:38","guid":{"rendered":"https:\/\/petproducts.com.cn\/?post_type=product&#038;p=17651"},"modified":"2023-12-18T09:09:57","modified_gmt":"2023-12-18T09:09:57","slug":"corduroy-pet-blanket-soft-warm-cat-dog-blanket","status":"publish","type":"product","link":"https:\/\/petproducts.com.cn\/es\/product\/corduroy-pet-blanket-soft-warm-cat-dog-blanket\/","title":{"rendered":"Manta de pana para mascotas, manta suave y c\u00e1lida para perros y gatos"},"content":{"rendered":"<h2>Caracter\u00edsticas de la manta de pana para mascotas<\/h2>\n<ol>\n<li><strong>Lujosa textura de pana:<\/strong> Sumerja a sus mascotas en un confort incomparable con la suave y aterciopelada textura de pana. Este tejido \u00fanico de nuestra manta de pana para mascotas no solo proporciona un tacto lujoso, sino que tambi\u00e9n a\u00f1ade un toque de sofisticaci\u00f3n al espacio de su mascota.<\/li>\n<li><strong>Calidez excepcional:<\/strong> El material de pana de nuestra manta para mascotas est\u00e1 dise\u00f1ado para atrapar y retener el calor, ofreciendo una calidez excepcional durante las estaciones m\u00e1s fr\u00edas. Sus queridos perros y gatos se deleitar\u00e1n con el acogedor abrazo, convirti\u00e9ndolo en su lugar ideal para relajarse.<\/li>\n<li><strong>F\u00e1cil mantenimiento gracias al lavado a m\u00e1quina:<\/strong> Entendemos que la comodidad es clave en el cuidado de las mascotas. Nuestra manta para mascotas no s\u00f3lo es una maravilla del confort, sino que adem\u00e1s se limpia sin problemas. Basta con meterla en la lavadora y saldr\u00e1 como nueva, lista para proporcionar calor continuo.<\/li>\n<li><strong>Tama\u00f1os personalizables para cada mascota:<\/strong> Las mascotas tienen muchas formas y tama\u00f1os, y sus mantas tambi\u00e9n. Adapte la manta de pana para perros a las necesidades espec\u00edficas de su mascota con nuestras opciones de personalizaci\u00f3n. Tanto si tienes un amigo felino peque\u00f1o como un compa\u00f1ero canino grande, tenemos la manta perfecta para cada miembro peludo de tu familia.<\/li>\n<li><strong>A\u00f1ada estilo a su hogar:<\/strong> Eleve el espacio de su mascota con un toque de estilo. La manta de pana para gatos no s\u00f3lo se ocupa de la comodidad de su mascota, sino que tambi\u00e9n complementa la decoraci\u00f3n de su hogar. La sutil elegancia de la pana combina a la perfecci\u00f3n con cualquier interior, convirti\u00e9ndola en un complemento funcional y est\u00e9tico para su espacio vital.<\/li>\n<\/ol>","protected":false},"excerpt":{"rendered":"<p>Somos fabricantes de camas para mascotas con m\u00e1s de 20 a\u00f1os de experiencia. Ofrecemos opciones de personalizaci\u00f3n para el color, tama\u00f1o, tela, patr\u00f3n, logotipo y otras caracter\u00edsticas.<\/p>","protected":false},"featured_media":17652,"template":"","meta":{"_acf_changed":false},"product_brand":[],"product_cat":[58,71,57,72],"product_tag":[74,75],"class_list":{"0":"post-17651","1":"product","2":"type-product","3":"status-publish","4":"has-post-thumbnail","6":"product_cat-cat-beds","7":"product_cat-cat-supplies","8":"product_cat-dog-beds","9":"product_cat-dog-supplies","10":"product_tag-cat-beds","11":"product_tag-dog-beds","13":"first","14":"instock","15":"shipping-taxable","16":"product-type-simple"},"acf":[],"yoast_head":"<!-- This site is optimized with the Yoast SEO plugin v27.1.1 - https:\/\/yoast.com\/product\/yoast-seo-wordpress\/ -->\n<title>Corduroy Pet Blanket | Custom Cat Dog Blanket - Petstar<\/title>\n<meta name=\"description\" content=\"Explore corduroy pet blanket, warm cat blanket, soft dog blanket from the manufacturer. Your ideal business solution with Petstar.\" \/>\n<meta name=\"robots\" content=\"index, follow, max-snippet:-1, max-image-preview:large, max-video-preview:-1\" \/>\n<link rel=\"canonical\" href=\"https:\/\/petproducts.com.cn\/es\/producto\/corduroy-pet-blanket-soft-warm-cat-dog-blanket\/\" \/>\n<meta property=\"og:locale\" content=\"es_ES\" \/>\n<meta property=\"og:type\" content=\"article\" \/>\n<meta property=\"og:title\" content=\"Corduroy Pet Blanket | Custom Cat Dog Blanket - Petstar\" \/>\n<meta property=\"og:description\" content=\"Explore corduroy pet blanket, warm cat blanket, soft dog blanket from the manufacturer. Your ideal business solution with Petstar.\" \/>\n<meta property=\"og:url\" content=\"https:\/\/petproducts.com.cn\/es\/producto\/corduroy-pet-blanket-soft-warm-cat-dog-blanket\/\" \/>\n<meta property=\"og:site_name\" content=\"Petstar\" \/>\n<meta property=\"article:modified_time\" content=\"2023-12-18T09:09:57+00:00\" \/>\n<meta property=\"og:image\" content=\"https:\/\/petproducts.com.cn\/wp-content\/uploads\/2023\/12\/corduroy-pet-blanket.webp\" \/>\n\t<meta property=\"og:image:width\" content=\"1000\" \/>\n\t<meta property=\"og:image:height\" content=\"1000\" \/>\n\t<meta property=\"og:image:type\" content=\"image\/webp\" \/>\n<meta name=\"twitter:card\" content=\"summary_large_image\" \/>\n<meta name=\"twitter:label1\" content=\"Tiempo de lectura\" \/>\n\t<meta name=\"twitter:data1\" content=\"2 minutos\" \/>\n<script type=\"application\/ld+json\" class=\"yoast-schema-graph\">{\"@context\":\"https:\/\/schema.org\",\"@graph\":[{\"@type\":\"WebPage\",\"@id\":\"https:\/\/petproducts.com.cn\/product\/corduroy-pet-blanket-soft-warm-cat-dog-blanket\/\",\"url\":\"https:\/\/petproducts.com.cn\/product\/corduroy-pet-blanket-soft-warm-cat-dog-blanket\/\",\"name\":\"Corduroy Pet Blanket | Custom Cat Dog Blanket - Petstar\",\"isPartOf\":{\"@id\":\"https:\/\/petproducts.com.cn\/#website\"},\"primaryImageOfPage\":{\"@id\":\"https:\/\/petproducts.com.cn\/product\/corduroy-pet-blanket-soft-warm-cat-dog-blanket\/#primaryimage\"},\"image\":{\"@id\":\"https:\/\/petproducts.com.cn\/product\/corduroy-pet-blanket-soft-warm-cat-dog-blanket\/#primaryimage\"},\"thumbnailUrl\":\"https:\/\/petproducts.com.cn\/wp-content\/uploads\/2023\/12\/corduroy-pet-blanket.webp\",\"datePublished\":\"2023-12-18T09:03:38+00:00\",\"dateModified\":\"2023-12-18T09:09:57+00:00\",\"description\":\"Explore corduroy pet blanket, warm cat blanket, soft dog blanket from the manufacturer. Your ideal business solution with Petstar.\",\"breadcrumb\":{\"@id\":\"https:\/\/petproducts.com.cn\/product\/corduroy-pet-blanket-soft-warm-cat-dog-blanket\/#breadcrumb\"},\"inLanguage\":\"es\",\"potentialAction\":[{\"@type\":\"ReadAction\",\"target\":[\"https:\/\/petproducts.com.cn\/product\/corduroy-pet-blanket-soft-warm-cat-dog-blanket\/\"]}]},{\"@type\":\"ImageObject\",\"inLanguage\":\"es\",\"@id\":\"https:\/\/petproducts.com.cn\/product\/corduroy-pet-blanket-soft-warm-cat-dog-blanket\/#primaryimage\",\"url\":\"https:\/\/petproducts.com.cn\/wp-content\/uploads\/2023\/12\/corduroy-pet-blanket.webp\",\"contentUrl\":\"https:\/\/petproducts.com.cn\/wp-content\/uploads\/2023\/12\/corduroy-pet-blanket.webp\",\"width\":1000,\"height\":1000,\"caption\":\"corduroy pet blanket\"},{\"@type\":\"BreadcrumbList\",\"@id\":\"https:\/\/petproducts.com.cn\/product\/corduroy-pet-blanket-soft-warm-cat-dog-blanket\/#breadcrumb\",\"itemListElement\":[{\"@type\":\"ListItem\",\"position\":1,\"name\":\"HOME\",\"item\":\"https:\/\/petproducts.com.cn\/\"},{\"@type\":\"ListItem\",\"position\":2,\"name\":\"Products\",\"item\":\"https:\/\/petproducts.com.cn\/shop\/\"},{\"@type\":\"ListItem\",\"position\":3,\"name\":\"Cat Beds\",\"item\":\"https:\/\/petproducts.com.cn\/product-category\/cat-beds\/\"},{\"@type\":\"ListItem\",\"position\":4,\"name\":\"Corduroy Pet Blanket Soft Warm Cat Dog Blanket\"}]},{\"@type\":\"WebSite\",\"@id\":\"https:\/\/petproducts.com.cn\/#website\",\"url\":\"https:\/\/petproducts.com.cn\/\",\"name\":\"Petstar\",\"description\":\"Leading Pet Supplies Manufacturer &amp; OEM Pet Products Supplier\",\"publisher\":{\"@id\":\"https:\/\/petproducts.com.cn\/#organization\"},\"alternateName\":\"Petstar Pet Supplies\",\"potentialAction\":[{\"@type\":\"SearchAction\",\"target\":{\"@type\":\"EntryPoint\",\"urlTemplate\":\"https:\/\/petproducts.com.cn\/?s={search_term_string}\"},\"query-input\":{\"@type\":\"PropertyValueSpecification\",\"valueRequired\":true,\"valueName\":\"search_term_string\"}}],\"inLanguage\":\"es\"},{\"@type\":\"Organization\",\"@id\":\"https:\/\/petproducts.com.cn\/#organization\",\"name\":\"Petstar\",\"url\":\"https:\/\/petproducts.com.cn\/\",\"logo\":{\"@type\":\"ImageObject\",\"inLanguage\":\"es\",\"@id\":\"https:\/\/petproducts.com.cn\/#\/schema\/logo\/image\/\",\"url\":\"https:\/\/petproducts.com.cn\/wp-content\/uploads\/2020\/02\/petstar-logo.webp\",\"contentUrl\":\"https:\/\/petproducts.com.cn\/wp-content\/uploads\/2020\/02\/petstar-logo.webp\",\"width\":779,\"height\":520,\"caption\":\"Petstar\"},\"image\":{\"@id\":\"https:\/\/petproducts.com.cn\/#\/schema\/logo\/image\/\"}}]}<\/script>\n<!-- \/ Yoast SEO plugin. -->","yoast_head_json":{"title":"Manta de pana para mascotas | Manta personalizada para perro y gato - Petstar","description":"Explore manta de pana para mascotas, manta c\u00e1lida para gatos, manta suave para perros del fabricante. Su soluci\u00f3n de negocio ideal con Petstar.","robots":{"index":"index","follow":"follow","max-snippet":"max-snippet:-1","max-image-preview":"max-image-preview:large","max-video-preview":"max-video-preview:-1"},"canonical":"https:\/\/petproducts.com.cn\/es\/producto\/corduroy-pet-blanket-soft-warm-cat-dog-blanket\/","og_locale":"es_ES","og_type":"article","og_title":"Corduroy Pet Blanket | Custom Cat Dog Blanket - Petstar","og_description":"Explore corduroy pet blanket, warm cat blanket, soft dog blanket from the manufacturer. Your ideal business solution with Petstar.","og_url":"https:\/\/petproducts.com.cn\/es\/producto\/corduroy-pet-blanket-soft-warm-cat-dog-blanket\/","og_site_name":"Petstar","article_modified_time":"2023-12-18T09:09:57+00:00","og_image":[{"width":1000,"height":1000,"url":"https:\/\/petproducts.com.cn\/wp-content\/uploads\/2023\/12\/corduroy-pet-blanket.webp","type":"image\/webp"}],"twitter_card":"summary_large_image","twitter_misc":{"Tiempo de lectura":"2 minutos"},"schema":{"@context":"https:\/\/schema.org","@graph":[{"@type":"WebPage","@id":"https:\/\/petproducts.com.cn\/product\/corduroy-pet-blanket-soft-warm-cat-dog-blanket\/","url":"https:\/\/petproducts.com.cn\/product\/corduroy-pet-blanket-soft-warm-cat-dog-blanket\/","name":"Manta de pana para mascotas | Manta personalizada para perro y gato - Petstar","isPartOf":{"@id":"https:\/\/petproducts.com.cn\/#website"},"primaryImageOfPage":{"@id":"https:\/\/petproducts.com.cn\/product\/corduroy-pet-blanket-soft-warm-cat-dog-blanket\/#primaryimage"},"image":{"@id":"https:\/\/petproducts.com.cn\/product\/corduroy-pet-blanket-soft-warm-cat-dog-blanket\/#primaryimage"},"thumbnailUrl":"https:\/\/petproducts.com.cn\/wp-content\/uploads\/2023\/12\/corduroy-pet-blanket.webp","datePublished":"2023-12-18T09:03:38+00:00","dateModified":"2023-12-18T09:09:57+00:00","description":"Explore manta de pana para mascotas, manta c\u00e1lida para gatos, manta suave para perros del fabricante. Su soluci\u00f3n de negocio ideal con Petstar.","breadcrumb":{"@id":"https:\/\/petproducts.com.cn\/product\/corduroy-pet-blanket-soft-warm-cat-dog-blanket\/#breadcrumb"},"inLanguage":"es","potentialAction":[{"@type":"ReadAction","target":["https:\/\/petproducts.com.cn\/product\/corduroy-pet-blanket-soft-warm-cat-dog-blanket\/"]}]},{"@type":"ImageObject","inLanguage":"es","@id":"https:\/\/petproducts.com.cn\/product\/corduroy-pet-blanket-soft-warm-cat-dog-blanket\/#primaryimage","url":"https:\/\/petproducts.com.cn\/wp-content\/uploads\/2023\/12\/corduroy-pet-blanket.webp","contentUrl":"https:\/\/petproducts.com.cn\/wp-content\/uploads\/2023\/12\/corduroy-pet-blanket.webp","width":1000,"height":1000,"caption":"corduroy pet blanket"},{"@type":"BreadcrumbList","@id":"https:\/\/petproducts.com.cn\/product\/corduroy-pet-blanket-soft-warm-cat-dog-blanket\/#breadcrumb","itemListElement":[{"@type":"ListItem","position":1,"name":"HOME","item":"https:\/\/petproducts.com.cn\/"},{"@type":"ListItem","position":2,"name":"Products","item":"https:\/\/petproducts.com.cn\/shop\/"},{"@type":"ListItem","position":3,"name":"Cat Beds","item":"https:\/\/petproducts.com.cn\/product-category\/cat-beds\/"},{"@type":"ListItem","position":4,"name":"Corduroy Pet Blanket Soft Warm Cat Dog Blanket"}]},{"@type":"WebSite","@id":"https:\/\/petproducts.com.cn\/#website","url":"https:\/\/petproducts.com.cn\/","name":"Petstar","description":"Fabricante l\u00edder de art\u00edculos para mascotas y proveedor OEM de productos para mascotas","publisher":{"@id":"https:\/\/petproducts.com.cn\/#organization"},"alternateName":"Petstar Pet Supplies","potentialAction":[{"@type":"SearchAction","target":{"@type":"EntryPoint","urlTemplate":"https:\/\/petproducts.com.cn\/?s={search_term_string}"},"query-input":{"@type":"PropertyValueSpecification","valueRequired":true,"valueName":"search_term_string"}}],"inLanguage":"es"},{"@type":"Organization","@id":"https:\/\/petproducts.com.cn\/#organization","name":"Petstar","url":"https:\/\/petproducts.com.cn\/","logo":{"@type":"ImageObject","inLanguage":"es","@id":"https:\/\/petproducts.com.cn\/#\/schema\/logo\/image\/","url":"https:\/\/petproducts.com.cn\/wp-content\/uploads\/2020\/02\/petstar-logo.webp","contentUrl":"https:\/\/petproducts.com.cn\/wp-content\/uploads\/2020\/02\/petstar-logo.webp","width":779,"height":520,"caption":"Petstar"},"image":{"@id":"https:\/\/petproducts.com.cn\/#\/schema\/logo\/image\/"}}]}},"_links":{"self":[{"href":"https:\/\/petproducts.com.cn\/es\/wp-json\/wp\/v2\/product\/17651","targetHints":{"allow":["GET"]}}],"collection":[{"href":"https:\/\/petproducts.com.cn\/es\/wp-json\/wp\/v2\/product"}],"about":[{"href":"https:\/\/petproducts.com.cn\/es\/wp-json\/wp\/v2\/types\/product"}],"version-history":[{"count":1,"href":"https:\/\/petproducts.com.cn\/es\/wp-json\/wp\/v2\/product\/17651\/revisions"}],"predecessor-version":[{"id":17658,"href":"https:\/\/petproducts.com.cn\/es\/wp-json\/wp\/v2\/product\/17651\/revisions\/17658"}],"wp:featuredmedia":[{"embeddable":true,"href":"https:\/\/petproducts.com.cn\/es\/wp-json\/wp\/v2\/media\/17652"}],"wp:attachment":[{"href":"https:\/\/petproducts.com.cn\/es\/wp-json\/wp\/v2\/media?parent=17651"}],"wp:term":[{"taxonomy":"product_brand","embeddable":true,"href":"https:\/\/petproducts.com.cn\/es\/wp-json\/wp\/v2\/product_brand?post=17651"},{"taxonomy":"product_cat","embeddable":true,"href":"https:\/\/petproducts.com.cn\/es\/wp-json\/wp\/v2\/product_cat?post=17651"},{"taxonomy":"product_tag","embeddable":true,"href":"https:\/\/petproducts.com.cn\/es\/wp-json\/wp\/v2\/product_tag?post=17651"}],"curies":[{"name":"wp","href":"https:\/\/api.w.org\/{rel}","templated":true}]}}