{"id":17769,"date":"2023-12-19T07:55:59","date_gmt":"2023-12-19T07:55:59","guid":{"rendered":"https:\/\/petproducts.com.cn\/?post_type=product&#038;p=17769"},"modified":"2023-12-19T09:24:51","modified_gmt":"2023-12-19T09:24:51","slug":"corduroy-pet-beds-best-comfortable-dog-beds","status":"publish","type":"product","link":"https:\/\/petproducts.com.cn\/es\/product\/corduroy-pet-beds-best-comfortable-dog-beds\/","title":{"rendered":"Camas de pana para mascotas Las mejores camas c\u00f3modas para perros"},"content":{"rendered":"<h2>Caracter\u00edsticas de las camas de pana para mascotas<\/h2>\n<ol>\n<li><strong>Calidez y confort:<\/strong> Experimente la calidez y el confort incomparables que ofrecen nuestras camas de pana para mascotas. La superficie de felpa est\u00e1 dise\u00f1ada para acunar a su mascota en la m\u00e1xima suavidad, creando un refugio c\u00f3modo para ellos para relajarse y descansar despu\u00e9s de un d\u00eda de juego.<\/li>\n<li><strong>Suntuosa tela de pana:<\/strong> Abrace a su mascota en el regazo del lujo con nuestras camas para mascotas fabricadas con tejido de pana de primera calidad. Su exuberante textura no solo proporciona un tacto aterciopelado, sino que tambi\u00e9n garantiza un refugio acogedor para tu amigo peludo.<\/li>\n<li><strong>Tama\u00f1os personalizables:<\/strong> Entendemos que las mascotas vienen en todas las formas y tama\u00f1os. Es por eso que nuestras camas de pana para perros est\u00e1n disponibles en una gama de tama\u00f1os, lo que le permite elegir el ajuste perfecto para su mascota. Si usted tiene un perro peque\u00f1o o un compa\u00f1ero canino m\u00e1s grande, lo tenemos cubierto.<\/li>\n<li><strong>Fondo antideslizante:<\/strong> La seguridad es nuestra prioridad, y por eso nuestras camas para mascotas incorporan una base antideslizante. El dise\u00f1o antideslizante garantiza que la cama se mantenga en su sitio, proporcionando estabilidad y evitando cualquier resbal\u00f3n accidental, especialmente durante esos momentos de juego.<\/li>\n<li><strong>Elegante y funcional:<\/strong> No es s\u00f3lo una cama, es una pieza \u00fanica para su hogar. La cama para perros Corduroy combina a la perfecci\u00f3n estilo y funcionalidad. El dise\u00f1o chic a\u00f1ade un toque de elegancia a su espacio de vida al tiempo que satisface las necesidades de su mascota para un lugar de descanso c\u00f3modo.<\/li>\n<li><strong>F\u00e1cil de limpiar:<\/strong> Los accidentes de mascotas ocurren, \u00a1pero no se preocupe! Nuestras camas para mascotas son f\u00e1ciles de limpiar, lo que garantiza una experiencia sin complicaciones para los due\u00f1os. Basta con quitar la funda, meterla en la lavadora y dejar que la cama de su mascota recupere su estado original.<\/li>\n<li><strong>Durabilidad de larga duraci\u00f3n:<\/strong> Invierta en una calidad que resista el paso del tiempo. Nuestras camas para mascotas est\u00e1n hechas para durar, con una construcci\u00f3n resistente y materiales duraderos. Su mascota disfrutar\u00e1 del lujoso confort durante a\u00f1os.<\/li>\n<\/ol>","protected":false},"excerpt":{"rendered":"<p>Somos fabricantes de camas para mascotas con m\u00e1s de 20 a\u00f1os de experiencia. Ofrecemos opciones de personalizaci\u00f3n para el color, tama\u00f1o, tela, patr\u00f3n, logotipo y otras caracter\u00edsticas.<\/p>","protected":false},"featured_media":17789,"template":"","meta":{"_acf_changed":false},"product_brand":[],"product_cat":[57,72],"product_tag":[75],"class_list":{"0":"post-17769","1":"product","2":"type-product","3":"status-publish","4":"has-post-thumbnail","6":"product_cat-dog-beds","7":"product_cat-dog-supplies","8":"product_tag-dog-beds","10":"first","11":"instock","12":"shipping-taxable","13":"product-type-simple"},"acf":[],"yoast_head":"<!-- This site is optimized with the Yoast SEO plugin v27.1.1 - https:\/\/yoast.com\/product\/yoast-seo-wordpress\/ -->\n<title>Corduroy Pet Beds | Custom Comfortable Dog Beds - Petstar<\/title>\n<meta name=\"description\" content=\"Explore corduroy pet beds, best comfortable dog beds, pet beds from the manufacturer. Your ideal business solution with Petstar.\" \/>\n<meta name=\"robots\" content=\"index, follow, max-snippet:-1, max-image-preview:large, max-video-preview:-1\" \/>\n<link rel=\"canonical\" href=\"https:\/\/petproducts.com.cn\/es\/producto\/corduroy-pet-beds-best-comfortable-dog-beds\/\" \/>\n<meta property=\"og:locale\" content=\"es_ES\" \/>\n<meta property=\"og:type\" content=\"article\" \/>\n<meta property=\"og:title\" content=\"Corduroy Pet Beds | Custom Comfortable Dog Beds - Petstar\" \/>\n<meta property=\"og:description\" content=\"Explore corduroy pet beds, best comfortable dog beds, pet beds from the manufacturer. Your ideal business solution with Petstar.\" \/>\n<meta property=\"og:url\" content=\"https:\/\/petproducts.com.cn\/es\/producto\/corduroy-pet-beds-best-comfortable-dog-beds\/\" \/>\n<meta property=\"og:site_name\" content=\"Petstar\" \/>\n<meta property=\"article:modified_time\" content=\"2023-12-19T09:24:51+00:00\" \/>\n<meta property=\"og:image\" content=\"https:\/\/petproducts.com.cn\/wp-content\/uploads\/2023\/12\/corduroy-pet-beds.webp\" \/>\n\t<meta property=\"og:image:width\" content=\"1000\" \/>\n\t<meta property=\"og:image:height\" content=\"1000\" \/>\n\t<meta property=\"og:image:type\" content=\"image\/webp\" \/>\n<meta name=\"twitter:card\" content=\"summary_large_image\" \/>\n<meta name=\"twitter:label1\" content=\"Tiempo de lectura\" \/>\n\t<meta name=\"twitter:data1\" content=\"2 minutos\" \/>\n<script type=\"application\/ld+json\" class=\"yoast-schema-graph\">{\"@context\":\"https:\/\/schema.org\",\"@graph\":[{\"@type\":\"WebPage\",\"@id\":\"https:\/\/petproducts.com.cn\/product\/corduroy-pet-beds-best-comfortable-dog-beds\/\",\"url\":\"https:\/\/petproducts.com.cn\/product\/corduroy-pet-beds-best-comfortable-dog-beds\/\",\"name\":\"Corduroy Pet Beds | Custom Comfortable Dog Beds - Petstar\",\"isPartOf\":{\"@id\":\"https:\/\/petproducts.com.cn\/#website\"},\"primaryImageOfPage\":{\"@id\":\"https:\/\/petproducts.com.cn\/product\/corduroy-pet-beds-best-comfortable-dog-beds\/#primaryimage\"},\"image\":{\"@id\":\"https:\/\/petproducts.com.cn\/product\/corduroy-pet-beds-best-comfortable-dog-beds\/#primaryimage\"},\"thumbnailUrl\":\"https:\/\/petproducts.com.cn\/wp-content\/uploads\/2023\/12\/corduroy-pet-beds.webp\",\"datePublished\":\"2023-12-19T07:55:59+00:00\",\"dateModified\":\"2023-12-19T09:24:51+00:00\",\"description\":\"Explore corduroy pet beds, best comfortable dog beds, pet beds from the manufacturer. Your ideal business solution with Petstar.\",\"breadcrumb\":{\"@id\":\"https:\/\/petproducts.com.cn\/product\/corduroy-pet-beds-best-comfortable-dog-beds\/#breadcrumb\"},\"inLanguage\":\"es\",\"potentialAction\":[{\"@type\":\"ReadAction\",\"target\":[\"https:\/\/petproducts.com.cn\/product\/corduroy-pet-beds-best-comfortable-dog-beds\/\"]}]},{\"@type\":\"ImageObject\",\"inLanguage\":\"es\",\"@id\":\"https:\/\/petproducts.com.cn\/product\/corduroy-pet-beds-best-comfortable-dog-beds\/#primaryimage\",\"url\":\"https:\/\/petproducts.com.cn\/wp-content\/uploads\/2023\/12\/corduroy-pet-beds.webp\",\"contentUrl\":\"https:\/\/petproducts.com.cn\/wp-content\/uploads\/2023\/12\/corduroy-pet-beds.webp\",\"width\":1000,\"height\":1000,\"caption\":\"corduroy pet beds\"},{\"@type\":\"BreadcrumbList\",\"@id\":\"https:\/\/petproducts.com.cn\/product\/corduroy-pet-beds-best-comfortable-dog-beds\/#breadcrumb\",\"itemListElement\":[{\"@type\":\"ListItem\",\"position\":1,\"name\":\"HOME\",\"item\":\"https:\/\/petproducts.com.cn\/\"},{\"@type\":\"ListItem\",\"position\":2,\"name\":\"Products\",\"item\":\"https:\/\/petproducts.com.cn\/shop\/\"},{\"@type\":\"ListItem\",\"position\":3,\"name\":\"Dog Beds\",\"item\":\"https:\/\/petproducts.com.cn\/product-category\/dog-beds\/\"},{\"@type\":\"ListItem\",\"position\":4,\"name\":\"Corduroy Pet Beds Best Comfortable Dog Beds\"}]},{\"@type\":\"WebSite\",\"@id\":\"https:\/\/petproducts.com.cn\/#website\",\"url\":\"https:\/\/petproducts.com.cn\/\",\"name\":\"Petstar\",\"description\":\"Leading Pet Supplies Manufacturer &amp; OEM Pet Products Supplier\",\"publisher\":{\"@id\":\"https:\/\/petproducts.com.cn\/#organization\"},\"alternateName\":\"Petstar Pet Supplies\",\"potentialAction\":[{\"@type\":\"SearchAction\",\"target\":{\"@type\":\"EntryPoint\",\"urlTemplate\":\"https:\/\/petproducts.com.cn\/?s={search_term_string}\"},\"query-input\":{\"@type\":\"PropertyValueSpecification\",\"valueRequired\":true,\"valueName\":\"search_term_string\"}}],\"inLanguage\":\"es\"},{\"@type\":\"Organization\",\"@id\":\"https:\/\/petproducts.com.cn\/#organization\",\"name\":\"Petstar\",\"url\":\"https:\/\/petproducts.com.cn\/\",\"logo\":{\"@type\":\"ImageObject\",\"inLanguage\":\"es\",\"@id\":\"https:\/\/petproducts.com.cn\/#\/schema\/logo\/image\/\",\"url\":\"https:\/\/petproducts.com.cn\/wp-content\/uploads\/2020\/02\/petstar-logo.webp\",\"contentUrl\":\"https:\/\/petproducts.com.cn\/wp-content\/uploads\/2020\/02\/petstar-logo.webp\",\"width\":779,\"height\":520,\"caption\":\"Petstar\"},\"image\":{\"@id\":\"https:\/\/petproducts.com.cn\/#\/schema\/logo\/image\/\"}}]}<\/script>\n<!-- \/ Yoast SEO plugin. -->","yoast_head_json":{"title":"Camas de pana para mascotas - Petstar","description":"Explorar camas para mascotas de pana, las mejores camas c\u00f3modas para perros, camas para mascotas del fabricante. Su soluci\u00f3n de negocio ideal con Petstar.","robots":{"index":"index","follow":"follow","max-snippet":"max-snippet:-1","max-image-preview":"max-image-preview:large","max-video-preview":"max-video-preview:-1"},"canonical":"https:\/\/petproducts.com.cn\/es\/producto\/corduroy-pet-beds-best-comfortable-dog-beds\/","og_locale":"es_ES","og_type":"article","og_title":"Corduroy Pet Beds | Custom Comfortable Dog Beds - Petstar","og_description":"Explore corduroy pet beds, best comfortable dog beds, pet beds from the manufacturer. Your ideal business solution with Petstar.","og_url":"https:\/\/petproducts.com.cn\/es\/producto\/corduroy-pet-beds-best-comfortable-dog-beds\/","og_site_name":"Petstar","article_modified_time":"2023-12-19T09:24:51+00:00","og_image":[{"width":1000,"height":1000,"url":"https:\/\/petproducts.com.cn\/wp-content\/uploads\/2023\/12\/corduroy-pet-beds.webp","type":"image\/webp"}],"twitter_card":"summary_large_image","twitter_misc":{"Tiempo de lectura":"2 minutos"},"schema":{"@context":"https:\/\/schema.org","@graph":[{"@type":"WebPage","@id":"https:\/\/petproducts.com.cn\/product\/corduroy-pet-beds-best-comfortable-dog-beds\/","url":"https:\/\/petproducts.com.cn\/product\/corduroy-pet-beds-best-comfortable-dog-beds\/","name":"Camas de pana para mascotas - Petstar","isPartOf":{"@id":"https:\/\/petproducts.com.cn\/#website"},"primaryImageOfPage":{"@id":"https:\/\/petproducts.com.cn\/product\/corduroy-pet-beds-best-comfortable-dog-beds\/#primaryimage"},"image":{"@id":"https:\/\/petproducts.com.cn\/product\/corduroy-pet-beds-best-comfortable-dog-beds\/#primaryimage"},"thumbnailUrl":"https:\/\/petproducts.com.cn\/wp-content\/uploads\/2023\/12\/corduroy-pet-beds.webp","datePublished":"2023-12-19T07:55:59+00:00","dateModified":"2023-12-19T09:24:51+00:00","description":"Explorar camas para mascotas de pana, las mejores camas c\u00f3modas para perros, camas para mascotas del fabricante. Su soluci\u00f3n de negocio ideal con Petstar.","breadcrumb":{"@id":"https:\/\/petproducts.com.cn\/product\/corduroy-pet-beds-best-comfortable-dog-beds\/#breadcrumb"},"inLanguage":"es","potentialAction":[{"@type":"ReadAction","target":["https:\/\/petproducts.com.cn\/product\/corduroy-pet-beds-best-comfortable-dog-beds\/"]}]},{"@type":"ImageObject","inLanguage":"es","@id":"https:\/\/petproducts.com.cn\/product\/corduroy-pet-beds-best-comfortable-dog-beds\/#primaryimage","url":"https:\/\/petproducts.com.cn\/wp-content\/uploads\/2023\/12\/corduroy-pet-beds.webp","contentUrl":"https:\/\/petproducts.com.cn\/wp-content\/uploads\/2023\/12\/corduroy-pet-beds.webp","width":1000,"height":1000,"caption":"corduroy pet beds"},{"@type":"BreadcrumbList","@id":"https:\/\/petproducts.com.cn\/product\/corduroy-pet-beds-best-comfortable-dog-beds\/#breadcrumb","itemListElement":[{"@type":"ListItem","position":1,"name":"HOME","item":"https:\/\/petproducts.com.cn\/"},{"@type":"ListItem","position":2,"name":"Products","item":"https:\/\/petproducts.com.cn\/shop\/"},{"@type":"ListItem","position":3,"name":"Dog Beds","item":"https:\/\/petproducts.com.cn\/product-category\/dog-beds\/"},{"@type":"ListItem","position":4,"name":"Corduroy Pet Beds Best Comfortable Dog Beds"}]},{"@type":"WebSite","@id":"https:\/\/petproducts.com.cn\/#website","url":"https:\/\/petproducts.com.cn\/","name":"Petstar","description":"Fabricante l\u00edder de art\u00edculos para mascotas y proveedor OEM de productos para mascotas","publisher":{"@id":"https:\/\/petproducts.com.cn\/#organization"},"alternateName":"Petstar Pet Supplies","potentialAction":[{"@type":"SearchAction","target":{"@type":"EntryPoint","urlTemplate":"https:\/\/petproducts.com.cn\/?s={search_term_string}"},"query-input":{"@type":"PropertyValueSpecification","valueRequired":true,"valueName":"search_term_string"}}],"inLanguage":"es"},{"@type":"Organization","@id":"https:\/\/petproducts.com.cn\/#organization","name":"Petstar","url":"https:\/\/petproducts.com.cn\/","logo":{"@type":"ImageObject","inLanguage":"es","@id":"https:\/\/petproducts.com.cn\/#\/schema\/logo\/image\/","url":"https:\/\/petproducts.com.cn\/wp-content\/uploads\/2020\/02\/petstar-logo.webp","contentUrl":"https:\/\/petproducts.com.cn\/wp-content\/uploads\/2020\/02\/petstar-logo.webp","width":779,"height":520,"caption":"Petstar"},"image":{"@id":"https:\/\/petproducts.com.cn\/#\/schema\/logo\/image\/"}}]}},"_links":{"self":[{"href":"https:\/\/petproducts.com.cn\/es\/wp-json\/wp\/v2\/product\/17769","targetHints":{"allow":["GET"]}}],"collection":[{"href":"https:\/\/petproducts.com.cn\/es\/wp-json\/wp\/v2\/product"}],"about":[{"href":"https:\/\/petproducts.com.cn\/es\/wp-json\/wp\/v2\/types\/product"}],"version-history":[{"count":1,"href":"https:\/\/petproducts.com.cn\/es\/wp-json\/wp\/v2\/product\/17769\/revisions"}],"predecessor-version":[{"id":17792,"href":"https:\/\/petproducts.com.cn\/es\/wp-json\/wp\/v2\/product\/17769\/revisions\/17792"}],"wp:featuredmedia":[{"embeddable":true,"href":"https:\/\/petproducts.com.cn\/es\/wp-json\/wp\/v2\/media\/17789"}],"wp:attachment":[{"href":"https:\/\/petproducts.com.cn\/es\/wp-json\/wp\/v2\/media?parent=17769"}],"wp:term":[{"taxonomy":"product_brand","embeddable":true,"href":"https:\/\/petproducts.com.cn\/es\/wp-json\/wp\/v2\/product_brand?post=17769"},{"taxonomy":"product_cat","embeddable":true,"href":"https:\/\/petproducts.com.cn\/es\/wp-json\/wp\/v2\/product_cat?post=17769"},{"taxonomy":"product_tag","embeddable":true,"href":"https:\/\/petproducts.com.cn\/es\/wp-json\/wp\/v2\/product_tag?post=17769"}],"curies":[{"name":"wp","href":"https:\/\/api.w.org\/{rel}","templated":true}]}}