{"id":18106,"date":"2023-12-23T07:28:13","date_gmt":"2023-12-23T07:28:13","guid":{"rendered":"https:\/\/petproducts.com.cn\/?post_type=product&#038;p=18106"},"modified":"2024-09-09T07:25:55","modified_gmt":"2024-09-09T07:25:55","slug":"oem-durable-tug-rope-toys-for-dogs","status":"publish","type":"product","link":"https:\/\/petproducts.com.cn\/es\/product\/oem-durable-tug-rope-toys-for-dogs\/","title":{"rendered":"Juguetes duraderos de cuerda de tir\u00f3n OEM para perros"},"content":{"rendered":"<h2><strong>\u00a0D\u00e9 rienda suelta a su esp\u00edritu juguet\u00f3n con los juguetes de cuerda para perros OEM Durable Tug de PetStar<\/strong><\/h2>\n<p><strong>Descripci\u00f3n:<\/strong> Sum\u00e9rjase en un mundo de emoci\u00f3n canina con los innovadores juguetes de cuerda duradera Leopard Print de PetStar para perros. Sumerja a sus amigos peludos en una experiencia de juego atractiva con papel arrugado para el deleite auditivo, felpa suave para mayor comodidad, y una cuerda larga duradera para horas de diversi\u00f3n tira y afloja.<\/p>\n<h3><strong>Nuestras ventajas:<\/strong><\/h3>\n<ol>\n<li><strong>Dise\u00f1os a medida para las necesidades de su mercado:<\/strong> PetStar se enorgullece de ofrecer soluciones personalizables para satisfacer las distintas preferencias de sus clientes objetivo. Mientras tanto, nuestros servicios OEM le permiten personalizar el dise\u00f1o, el color y las caracter\u00edsticas de los duraderos juguetes de cuerda, garantizando que se ajusten perfectamente a las preferencias de supermercados, mayoristas y tiendas online.<\/li>\n<li><strong>Calidad y durabilidad de primera:<\/strong> Nuestro compromiso con la calidad brilla en todos los aspectos de nuestros juguetes de cuerda. Dise\u00f1ados para durar, estos juguetes cuentan con una larga cuerda en su interior, lo que garantiza un tiempo de juego prolongado y un disfrute duradero para las mascotas de sus clientes. Adem\u00e1s, los materiales utilizados se eligen con cuidado para resistir el juego entusiasta, lo que los convierte en una elecci\u00f3n fiable para los due\u00f1os de mascotas.<\/li>\n<li><strong>Asociaci\u00f3n estrat\u00e9gica para la rentabilidad:<\/strong> PetStar comprende la importancia de la rentabilidad para las empresas. Al asociarse con nosotros, los supermercados, mayoristas y tiendas en l\u00ednea se benefician de precios competitivos sin comprometer la calidad. Nuestros eficientes procesos de fabricaci\u00f3n y las opciones de pedidos al por mayor garantizan que usted reciba juguetes de cuerda duraderos que se ajustan a sus consideraciones presupuestarias.<\/li>\n<li><strong>Cadena de suministro racionalizada para entregas puntuales:<\/strong> El tiempo es esencial, sobre todo en el sector de los productos para mascotas. La cadena de suministro optimizada de PetStar garantiza entregas puntuales, lo que permite a supermercados, mayoristas y tiendas en l\u00ednea satisfacer las demandas de los clientes sin problemas. Con nosotros, puede confiar en un suministro constante y eficiente de nuestros populares y duraderos juguetes de cuerda.<\/li>\n<\/ol>\n<p><strong>En resumen:<\/strong> Los juguetes OEM de cuerda para perros, con estampado de cola de leopardo, papel arrugado, felpa suave y cuerda de larga duraci\u00f3n, ofrecen una combinaci\u00f3n perfecta de personalizaci\u00f3n, calidad, rentabilidad y entrega puntual. Mejore su oferta de productos para mascotas con PetStar, que satisface las diversas necesidades de supermercados, mayoristas y tiendas en l\u00ednea.<\/p>","protected":false},"excerpt":{"rendered":"<p>Somos fabricantes de juguetes para perros con m\u00e1s de 20 a\u00f1os de experiencia. Ofrecemos opciones de personalizaci\u00f3n para el color, tama\u00f1o, tela, patr\u00f3n, logotipo y otras caracter\u00edsticas.<\/p>","protected":false},"featured_media":18112,"template":"","meta":{"_acf_changed":false},"product_brand":[],"product_cat":[72,48],"product_tag":[231,245],"class_list":{"0":"post-18106","1":"product","2":"type-product","3":"status-publish","4":"has-post-thumbnail","6":"product_cat-dog-supplies","7":"product_cat-dog-toys","8":"product_tag-dog-plush-toys","9":"product_tag-dog-rope-toys","11":"first","12":"instock","13":"shipping-taxable","14":"product-type-simple"},"acf":[],"yoast_head":"<!-- This site is optimized with the Yoast SEO plugin v27.1.1 - https:\/\/yoast.com\/product\/yoast-seo-wordpress\/ -->\n<title>durable rope toys for dogs wholesale | Custom durable dog toy - Petstar<\/title>\n<meta name=\"description\" content=\"Explore durable rope toys for dogs,leopard print dog toy, interactive dog toys from the manufacturer. Your ideal business solution with Petstar.\" \/>\n<meta name=\"robots\" content=\"index, follow, max-snippet:-1, max-image-preview:large, max-video-preview:-1\" \/>\n<link rel=\"canonical\" href=\"https:\/\/petproducts.com.cn\/es\/producto\/oem-durable-tug-rope-toys-for-dogs\/\" \/>\n<meta property=\"og:locale\" content=\"es_ES\" \/>\n<meta property=\"og:type\" content=\"article\" \/>\n<meta property=\"og:title\" content=\"durable rope toys for dogs wholesale | Custom durable dog toy - Petstar\" \/>\n<meta property=\"og:description\" content=\"Explore durable rope toys for dogs,leopard print dog toy, interactive dog toys from the manufacturer. Your ideal business solution with Petstar.\" \/>\n<meta property=\"og:url\" content=\"https:\/\/petproducts.com.cn\/es\/producto\/oem-durable-tug-rope-toys-for-dogs\/\" \/>\n<meta property=\"og:site_name\" content=\"Petstar\" \/>\n<meta property=\"article:modified_time\" content=\"2024-09-09T07:25:55+00:00\" \/>\n<meta property=\"og:image\" content=\"https:\/\/petproducts.com.cn\/wp-content\/uploads\/2023\/12\/durable-rope-toys-for-dogs.webp\" \/>\n\t<meta property=\"og:image:width\" content=\"1000\" \/>\n\t<meta property=\"og:image:height\" content=\"1000\" \/>\n\t<meta property=\"og:image:type\" content=\"image\/webp\" \/>\n<meta name=\"twitter:card\" content=\"summary_large_image\" \/>\n<meta name=\"twitter:label1\" content=\"Tiempo de lectura\" \/>\n\t<meta name=\"twitter:data1\" content=\"2 minutos\" \/>\n<script type=\"application\/ld+json\" class=\"yoast-schema-graph\">{\"@context\":\"https:\/\/schema.org\",\"@graph\":[{\"@type\":\"WebPage\",\"@id\":\"https:\/\/petproducts.com.cn\/product\/oem-durable-tug-rope-toys-for-dogs\/\",\"url\":\"https:\/\/petproducts.com.cn\/product\/oem-durable-tug-rope-toys-for-dogs\/\",\"name\":\"durable rope toys for dogs wholesale | Custom durable dog toy - Petstar\",\"isPartOf\":{\"@id\":\"https:\/\/petproducts.com.cn\/#website\"},\"primaryImageOfPage\":{\"@id\":\"https:\/\/petproducts.com.cn\/product\/oem-durable-tug-rope-toys-for-dogs\/#primaryimage\"},\"image\":{\"@id\":\"https:\/\/petproducts.com.cn\/product\/oem-durable-tug-rope-toys-for-dogs\/#primaryimage\"},\"thumbnailUrl\":\"https:\/\/petproducts.com.cn\/wp-content\/uploads\/2023\/12\/durable-rope-toys-for-dogs.webp\",\"datePublished\":\"2023-12-23T07:28:13+00:00\",\"dateModified\":\"2024-09-09T07:25:55+00:00\",\"description\":\"Explore durable rope toys for dogs,leopard print dog toy, interactive dog toys from the manufacturer. Your ideal business solution with Petstar.\",\"breadcrumb\":{\"@id\":\"https:\/\/petproducts.com.cn\/product\/oem-durable-tug-rope-toys-for-dogs\/#breadcrumb\"},\"inLanguage\":\"es\",\"potentialAction\":[{\"@type\":\"ReadAction\",\"target\":[\"https:\/\/petproducts.com.cn\/product\/oem-durable-tug-rope-toys-for-dogs\/\"]}]},{\"@type\":\"ImageObject\",\"inLanguage\":\"es\",\"@id\":\"https:\/\/petproducts.com.cn\/product\/oem-durable-tug-rope-toys-for-dogs\/#primaryimage\",\"url\":\"https:\/\/petproducts.com.cn\/wp-content\/uploads\/2023\/12\/durable-rope-toys-for-dogs.webp\",\"contentUrl\":\"https:\/\/petproducts.com.cn\/wp-content\/uploads\/2023\/12\/durable-rope-toys-for-dogs.webp\",\"width\":1000,\"height\":1000,\"caption\":\"durable rope toys for dogs\"},{\"@type\":\"BreadcrumbList\",\"@id\":\"https:\/\/petproducts.com.cn\/product\/oem-durable-tug-rope-toys-for-dogs\/#breadcrumb\",\"itemListElement\":[{\"@type\":\"ListItem\",\"position\":1,\"name\":\"HOME\",\"item\":\"https:\/\/petproducts.com.cn\/\"},{\"@type\":\"ListItem\",\"position\":2,\"name\":\"Products\",\"item\":\"https:\/\/petproducts.com.cn\/shop\/\"},{\"@type\":\"ListItem\",\"position\":3,\"name\":\"Dog Toys\",\"item\":\"https:\/\/petproducts.com.cn\/product-category\/dog-toys\/\"},{\"@type\":\"ListItem\",\"position\":4,\"name\":\"OEM Durable Tug Rope Toys For Dogs\"}]},{\"@type\":\"WebSite\",\"@id\":\"https:\/\/petproducts.com.cn\/#website\",\"url\":\"https:\/\/petproducts.com.cn\/\",\"name\":\"Petstar\",\"description\":\"Leading Pet Supplies Manufacturer &amp; OEM Pet Products Supplier\",\"publisher\":{\"@id\":\"https:\/\/petproducts.com.cn\/#organization\"},\"alternateName\":\"Petstar Pet Supplies\",\"potentialAction\":[{\"@type\":\"SearchAction\",\"target\":{\"@type\":\"EntryPoint\",\"urlTemplate\":\"https:\/\/petproducts.com.cn\/?s={search_term_string}\"},\"query-input\":{\"@type\":\"PropertyValueSpecification\",\"valueRequired\":true,\"valueName\":\"search_term_string\"}}],\"inLanguage\":\"es\"},{\"@type\":\"Organization\",\"@id\":\"https:\/\/petproducts.com.cn\/#organization\",\"name\":\"Petstar\",\"url\":\"https:\/\/petproducts.com.cn\/\",\"logo\":{\"@type\":\"ImageObject\",\"inLanguage\":\"es\",\"@id\":\"https:\/\/petproducts.com.cn\/#\/schema\/logo\/image\/\",\"url\":\"https:\/\/petproducts.com.cn\/wp-content\/uploads\/2020\/02\/petstar-logo.webp\",\"contentUrl\":\"https:\/\/petproducts.com.cn\/wp-content\/uploads\/2020\/02\/petstar-logo.webp\",\"width\":779,\"height\":520,\"caption\":\"Petstar\"},\"image\":{\"@id\":\"https:\/\/petproducts.com.cn\/#\/schema\/logo\/image\/\"}}]}<\/script>\n<!-- \/ Yoast SEO plugin. -->","yoast_head_json":{"title":"Juguetes de cuerda duraderos para perros al por mayor | Juguete duradero personalizado para perros - Petstar","description":"Explore juguetes de cuerda duraderos para perros,juguete para perros con estampado de leopardo, juguetes interactivos para perros del fabricante. Su soluci\u00f3n de negocio ideal con Petstar.","robots":{"index":"index","follow":"follow","max-snippet":"max-snippet:-1","max-image-preview":"max-image-preview:large","max-video-preview":"max-video-preview:-1"},"canonical":"https:\/\/petproducts.com.cn\/es\/producto\/oem-durable-tug-rope-toys-for-dogs\/","og_locale":"es_ES","og_type":"article","og_title":"durable rope toys for dogs wholesale | Custom durable dog toy - Petstar","og_description":"Explore durable rope toys for dogs,leopard print dog toy, interactive dog toys from the manufacturer. Your ideal business solution with Petstar.","og_url":"https:\/\/petproducts.com.cn\/es\/producto\/oem-durable-tug-rope-toys-for-dogs\/","og_site_name":"Petstar","article_modified_time":"2024-09-09T07:25:55+00:00","og_image":[{"width":1000,"height":1000,"url":"https:\/\/petproducts.com.cn\/wp-content\/uploads\/2023\/12\/durable-rope-toys-for-dogs.webp","type":"image\/webp"}],"twitter_card":"summary_large_image","twitter_misc":{"Tiempo de lectura":"2 minutos"},"schema":{"@context":"https:\/\/schema.org","@graph":[{"@type":"WebPage","@id":"https:\/\/petproducts.com.cn\/product\/oem-durable-tug-rope-toys-for-dogs\/","url":"https:\/\/petproducts.com.cn\/product\/oem-durable-tug-rope-toys-for-dogs\/","name":"Juguetes de cuerda duraderos para perros al por mayor | Juguete duradero personalizado para perros - Petstar","isPartOf":{"@id":"https:\/\/petproducts.com.cn\/#website"},"primaryImageOfPage":{"@id":"https:\/\/petproducts.com.cn\/product\/oem-durable-tug-rope-toys-for-dogs\/#primaryimage"},"image":{"@id":"https:\/\/petproducts.com.cn\/product\/oem-durable-tug-rope-toys-for-dogs\/#primaryimage"},"thumbnailUrl":"https:\/\/petproducts.com.cn\/wp-content\/uploads\/2023\/12\/durable-rope-toys-for-dogs.webp","datePublished":"2023-12-23T07:28:13+00:00","dateModified":"2024-09-09T07:25:55+00:00","description":"Explore juguetes de cuerda duraderos para perros,juguete para perros con estampado de leopardo, juguetes interactivos para perros del fabricante. Su soluci\u00f3n de negocio ideal con Petstar.","breadcrumb":{"@id":"https:\/\/petproducts.com.cn\/product\/oem-durable-tug-rope-toys-for-dogs\/#breadcrumb"},"inLanguage":"es","potentialAction":[{"@type":"ReadAction","target":["https:\/\/petproducts.com.cn\/product\/oem-durable-tug-rope-toys-for-dogs\/"]}]},{"@type":"ImageObject","inLanguage":"es","@id":"https:\/\/petproducts.com.cn\/product\/oem-durable-tug-rope-toys-for-dogs\/#primaryimage","url":"https:\/\/petproducts.com.cn\/wp-content\/uploads\/2023\/12\/durable-rope-toys-for-dogs.webp","contentUrl":"https:\/\/petproducts.com.cn\/wp-content\/uploads\/2023\/12\/durable-rope-toys-for-dogs.webp","width":1000,"height":1000,"caption":"durable rope toys for dogs"},{"@type":"BreadcrumbList","@id":"https:\/\/petproducts.com.cn\/product\/oem-durable-tug-rope-toys-for-dogs\/#breadcrumb","itemListElement":[{"@type":"ListItem","position":1,"name":"HOME","item":"https:\/\/petproducts.com.cn\/"},{"@type":"ListItem","position":2,"name":"Products","item":"https:\/\/petproducts.com.cn\/shop\/"},{"@type":"ListItem","position":3,"name":"Dog Toys","item":"https:\/\/petproducts.com.cn\/product-category\/dog-toys\/"},{"@type":"ListItem","position":4,"name":"OEM Durable Tug Rope Toys For Dogs"}]},{"@type":"WebSite","@id":"https:\/\/petproducts.com.cn\/#website","url":"https:\/\/petproducts.com.cn\/","name":"Petstar","description":"Fabricante l\u00edder de art\u00edculos para mascotas y proveedor OEM de productos para mascotas","publisher":{"@id":"https:\/\/petproducts.com.cn\/#organization"},"alternateName":"Petstar Pet Supplies","potentialAction":[{"@type":"SearchAction","target":{"@type":"EntryPoint","urlTemplate":"https:\/\/petproducts.com.cn\/?s={search_term_string}"},"query-input":{"@type":"PropertyValueSpecification","valueRequired":true,"valueName":"search_term_string"}}],"inLanguage":"es"},{"@type":"Organization","@id":"https:\/\/petproducts.com.cn\/#organization","name":"Petstar","url":"https:\/\/petproducts.com.cn\/","logo":{"@type":"ImageObject","inLanguage":"es","@id":"https:\/\/petproducts.com.cn\/#\/schema\/logo\/image\/","url":"https:\/\/petproducts.com.cn\/wp-content\/uploads\/2020\/02\/petstar-logo.webp","contentUrl":"https:\/\/petproducts.com.cn\/wp-content\/uploads\/2020\/02\/petstar-logo.webp","width":779,"height":520,"caption":"Petstar"},"image":{"@id":"https:\/\/petproducts.com.cn\/#\/schema\/logo\/image\/"}}]}},"_links":{"self":[{"href":"https:\/\/petproducts.com.cn\/es\/wp-json\/wp\/v2\/product\/18106","targetHints":{"allow":["GET"]}}],"collection":[{"href":"https:\/\/petproducts.com.cn\/es\/wp-json\/wp\/v2\/product"}],"about":[{"href":"https:\/\/petproducts.com.cn\/es\/wp-json\/wp\/v2\/types\/product"}],"version-history":[{"count":1,"href":"https:\/\/petproducts.com.cn\/es\/wp-json\/wp\/v2\/product\/18106\/revisions"}],"predecessor-version":[{"id":18122,"href":"https:\/\/petproducts.com.cn\/es\/wp-json\/wp\/v2\/product\/18106\/revisions\/18122"}],"wp:featuredmedia":[{"embeddable":true,"href":"https:\/\/petproducts.com.cn\/es\/wp-json\/wp\/v2\/media\/18112"}],"wp:attachment":[{"href":"https:\/\/petproducts.com.cn\/es\/wp-json\/wp\/v2\/media?parent=18106"}],"wp:term":[{"taxonomy":"product_brand","embeddable":true,"href":"https:\/\/petproducts.com.cn\/es\/wp-json\/wp\/v2\/product_brand?post=18106"},{"taxonomy":"product_cat","embeddable":true,"href":"https:\/\/petproducts.com.cn\/es\/wp-json\/wp\/v2\/product_cat?post=18106"},{"taxonomy":"product_tag","embeddable":true,"href":"https:\/\/petproducts.com.cn\/es\/wp-json\/wp\/v2\/product_tag?post=18106"}],"curies":[{"name":"wp","href":"https:\/\/api.w.org\/{rel}","templated":true}]}}