{"id":18358,"date":"2023-12-27T02:01:04","date_gmt":"2023-12-27T02:01:04","guid":{"rendered":"https:\/\/petproducts.com.cn\/?post_type=product&#038;p=18358"},"modified":"2024-07-17T02:36:03","modified_gmt":"2024-07-17T02:36:03","slug":"hamster-travel-cage-wholesale","status":"publish","type":"product","link":"https:\/\/petproducts.com.cn\/es\/product\/hamster-travel-cage-wholesale\/","title":{"rendered":"Jaula de viaje para h\u00e1mster al por mayor para hurones y jerbos"},"content":{"rendered":"<h2>\u00bfPor qu\u00e9 elegir nuestra jaula de viaje para h\u00e1mster?<\/h2>\n<ul>\n<li><strong>F\u00e1cil limpieza y mantenimiento:<\/strong> Esta jaula de viaje para h\u00e1mster tiene un dise\u00f1o independiente, muy c\u00f3modo y f\u00e1cil de limpiar.<br \/>\nEl mantenimiento sin complicaciones garantiza un entorno higi\u00e9nico para su mascota.<\/li>\n<li><strong>Tama\u00f1o \u00f3ptimo para mayor comodidad:<\/strong>M: 62x46xH54cm, L: 75x52xH60cm. Ofrece espacio suficiente para que los animales peque\u00f1os se muevan y jueguen c\u00f3modamente.<\/li>\n<li><strong>Funciones de seguridad mejoradas:<\/strong> El dise\u00f1o de rejilla horizontal evita el riesgo de que las patas del animal se atasquen. Favorece el bienestar y la salud de su peque\u00f1a mascota.<\/li>\n<li><strong>Movilidad con ruedas:<\/strong> Equipada con ruedas para facilitar su movilidad. Conveniente para reubicar la jaula dentro de su espacio vital.<\/li>\n<li><strong>Configuraci\u00f3n completa:<\/strong> Incluye una bandeja para recoger los residuos, favoreciendo la limpieza. Mientras tanto, cuenco y botella de bebida proporcionados para una configuraci\u00f3n completa y conveniente.<\/li>\n<li><strong>Materiales aptos para mascotas:<\/strong> Fabricado con materiales seguros y duraderos, que garantizan el bienestar de su mascota. Dise\u00f1ado pensando en la comodidad y seguridad de los animales peque\u00f1os.<\/li>\n<li><strong>Uso vers\u00e1til:<\/strong> Adecuado para una gran variedad de animales peque\u00f1os, como conejos, garantizando una soluci\u00f3n vers\u00e1til de alojamiento para mascotas.<\/li>\n<li><strong>Venta directa de f\u00e1brica:<\/strong> Comprar directamente a la f\u00e1brica supone un ahorro de costes para el consumidor. Elimina intermediarios y ofrece un precio competitivo, manteniendo la calidad del producto.<\/li>\n<li><strong>Servicio de personalizaci\u00f3n:<\/strong> no s\u00f3lo ofrecemos opciones a granel y al por mayor, sino que tambi\u00e9n le permitimos personalizar con soluciones OEM y marcas blancas.<\/li>\n<\/ul>\n<p>&nbsp;<\/p>\n<p>&nbsp;<\/p>\n<p>&nbsp;<\/p>","protected":false},"excerpt":{"rendered":"<p>Somos fabricantes de jaulas para h\u00e1mster con m\u00e1s de 20 a\u00f1os de experiencia. Ofrecemos opciones de personalizaci\u00f3n de color, tama\u00f1o, tela, patr\u00f3n, logotipo y otras caracter\u00edsticas.<\/p>","protected":false},"featured_media":18363,"template":"","meta":{"_acf_changed":false},"product_brand":[],"product_cat":[157,158,156],"product_tag":[159,160],"class_list":{"0":"post-18358","1":"product","2":"type-product","3":"status-publish","4":"has-post-thumbnail","6":"product_cat-hamster-supplies","7":"product_cat-other-animal-supplies","8":"product_cat-small-animal-supplies","9":"product_tag-hamster-supplies","10":"product_tag-small-animal-supplies","12":"first","13":"instock","14":"shipping-taxable","15":"product-type-simple"},"acf":[],"yoast_head":"<!-- This site is optimized with the Yoast SEO plugin v27.1.1 - https:\/\/yoast.com\/product\/yoast-seo-wordpress\/ -->\n<title>Hamster Travel Cage Wholesale | Small Hamster Cage - Petstar<\/title>\n<meta name=\"description\" content=\"Explore hamster travel cage,small hamster cage,pink and blue hamster cage from the wholesale manufacturer. Your ideal business solution with Petstar.\" \/>\n<meta name=\"robots\" content=\"index, follow, max-snippet:-1, max-image-preview:large, max-video-preview:-1\" \/>\n<link rel=\"canonical\" href=\"https:\/\/petproducts.com.cn\/es\/producto\/hamster-travel-cage-wholesale\/\" \/>\n<meta property=\"og:locale\" content=\"es_ES\" \/>\n<meta property=\"og:type\" content=\"article\" \/>\n<meta property=\"og:title\" content=\"Hamster Travel Cage Wholesale | Small Hamster Cage - Petstar\" \/>\n<meta property=\"og:description\" content=\"Explore hamster travel cage,small hamster cage,pink and blue hamster cage from the wholesale manufacturer. Your ideal business solution with Petstar.\" \/>\n<meta property=\"og:url\" content=\"https:\/\/petproducts.com.cn\/es\/producto\/hamster-travel-cage-wholesale\/\" \/>\n<meta property=\"og:site_name\" content=\"Petstar\" \/>\n<meta property=\"article:modified_time\" content=\"2024-07-17T02:36:03+00:00\" \/>\n<meta property=\"og:image\" content=\"https:\/\/petproducts.com.cn\/wp-content\/uploads\/2023\/12\/hamster-travel-cage.webp\" \/>\n\t<meta property=\"og:image:width\" content=\"1000\" \/>\n\t<meta property=\"og:image:height\" content=\"1000\" \/>\n\t<meta property=\"og:image:type\" content=\"image\/webp\" \/>\n<meta name=\"twitter:card\" content=\"summary_large_image\" \/>\n<meta name=\"twitter:label1\" content=\"Tiempo de lectura\" \/>\n\t<meta name=\"twitter:data1\" content=\"1 minuto\" \/>\n<script type=\"application\/ld+json\" class=\"yoast-schema-graph\">{\"@context\":\"https:\/\/schema.org\",\"@graph\":[{\"@type\":\"WebPage\",\"@id\":\"https:\/\/petproducts.com.cn\/product\/hamster-travel-cage-wholesale\/\",\"url\":\"https:\/\/petproducts.com.cn\/product\/hamster-travel-cage-wholesale\/\",\"name\":\"Hamster Travel Cage Wholesale | Small Hamster Cage - Petstar\",\"isPartOf\":{\"@id\":\"https:\/\/petproducts.com.cn\/#website\"},\"primaryImageOfPage\":{\"@id\":\"https:\/\/petproducts.com.cn\/product\/hamster-travel-cage-wholesale\/#primaryimage\"},\"image\":{\"@id\":\"https:\/\/petproducts.com.cn\/product\/hamster-travel-cage-wholesale\/#primaryimage\"},\"thumbnailUrl\":\"https:\/\/petproducts.com.cn\/wp-content\/uploads\/2023\/12\/hamster-travel-cage.webp\",\"datePublished\":\"2023-12-27T02:01:04+00:00\",\"dateModified\":\"2024-07-17T02:36:03+00:00\",\"description\":\"Explore hamster travel cage,small hamster cage,pink and blue hamster cage from the wholesale manufacturer. Your ideal business solution with Petstar.\",\"breadcrumb\":{\"@id\":\"https:\/\/petproducts.com.cn\/product\/hamster-travel-cage-wholesale\/#breadcrumb\"},\"inLanguage\":\"es\",\"potentialAction\":[{\"@type\":\"ReadAction\",\"target\":[\"https:\/\/petproducts.com.cn\/product\/hamster-travel-cage-wholesale\/\"]}]},{\"@type\":\"ImageObject\",\"inLanguage\":\"es\",\"@id\":\"https:\/\/petproducts.com.cn\/product\/hamster-travel-cage-wholesale\/#primaryimage\",\"url\":\"https:\/\/petproducts.com.cn\/wp-content\/uploads\/2023\/12\/hamster-travel-cage.webp\",\"contentUrl\":\"https:\/\/petproducts.com.cn\/wp-content\/uploads\/2023\/12\/hamster-travel-cage.webp\",\"width\":1000,\"height\":1000,\"caption\":\"hamster travel cage\"},{\"@type\":\"BreadcrumbList\",\"@id\":\"https:\/\/petproducts.com.cn\/product\/hamster-travel-cage-wholesale\/#breadcrumb\",\"itemListElement\":[{\"@type\":\"ListItem\",\"position\":1,\"name\":\"HOME\",\"item\":\"https:\/\/petproducts.com.cn\/\"},{\"@type\":\"ListItem\",\"position\":2,\"name\":\"Products\",\"item\":\"https:\/\/petproducts.com.cn\/shop\/\"},{\"@type\":\"ListItem\",\"position\":3,\"name\":\"Hamster Supplies\",\"item\":\"https:\/\/petproducts.com.cn\/product-category\/hamster-supplies\/\"},{\"@type\":\"ListItem\",\"position\":4,\"name\":\"Hamster Travel Cage Wholesale For Ferrets, Gerbil\"}]},{\"@type\":\"WebSite\",\"@id\":\"https:\/\/petproducts.com.cn\/#website\",\"url\":\"https:\/\/petproducts.com.cn\/\",\"name\":\"Petstar\",\"description\":\"Leading Pet Supplies Manufacturer &amp; OEM Pet Products Supplier\",\"publisher\":{\"@id\":\"https:\/\/petproducts.com.cn\/#organization\"},\"alternateName\":\"Petstar Pet Supplies\",\"potentialAction\":[{\"@type\":\"SearchAction\",\"target\":{\"@type\":\"EntryPoint\",\"urlTemplate\":\"https:\/\/petproducts.com.cn\/?s={search_term_string}\"},\"query-input\":{\"@type\":\"PropertyValueSpecification\",\"valueRequired\":true,\"valueName\":\"search_term_string\"}}],\"inLanguage\":\"es\"},{\"@type\":\"Organization\",\"@id\":\"https:\/\/petproducts.com.cn\/#organization\",\"name\":\"Petstar\",\"url\":\"https:\/\/petproducts.com.cn\/\",\"logo\":{\"@type\":\"ImageObject\",\"inLanguage\":\"es\",\"@id\":\"https:\/\/petproducts.com.cn\/#\/schema\/logo\/image\/\",\"url\":\"https:\/\/petproducts.com.cn\/wp-content\/uploads\/2020\/02\/petstar-logo.webp\",\"contentUrl\":\"https:\/\/petproducts.com.cn\/wp-content\/uploads\/2020\/02\/petstar-logo.webp\",\"width\":779,\"height\":520,\"caption\":\"Petstar\"},\"image\":{\"@id\":\"https:\/\/petproducts.com.cn\/#\/schema\/logo\/image\/\"}}]}<\/script>\n<!-- \/ Yoast SEO plugin. -->","yoast_head_json":{"title":"Jaula de viaje para hamster al por mayor | Jaula peque\u00f1a para hamster - Petstar","description":"Explore jaula de viaje para h\u00e1mster,jaula peque\u00f1a para h\u00e1mster,jaula rosa y azul para h\u00e1mster del fabricante mayorista. Su soluci\u00f3n de negocio ideal con Petstar.","robots":{"index":"index","follow":"follow","max-snippet":"max-snippet:-1","max-image-preview":"max-image-preview:large","max-video-preview":"max-video-preview:-1"},"canonical":"https:\/\/petproducts.com.cn\/es\/producto\/hamster-travel-cage-wholesale\/","og_locale":"es_ES","og_type":"article","og_title":"Hamster Travel Cage Wholesale | Small Hamster Cage - Petstar","og_description":"Explore hamster travel cage,small hamster cage,pink and blue hamster cage from the wholesale manufacturer. Your ideal business solution with Petstar.","og_url":"https:\/\/petproducts.com.cn\/es\/producto\/hamster-travel-cage-wholesale\/","og_site_name":"Petstar","article_modified_time":"2024-07-17T02:36:03+00:00","og_image":[{"width":1000,"height":1000,"url":"https:\/\/petproducts.com.cn\/wp-content\/uploads\/2023\/12\/hamster-travel-cage.webp","type":"image\/webp"}],"twitter_card":"summary_large_image","twitter_misc":{"Tiempo de lectura":"1 minuto"},"schema":{"@context":"https:\/\/schema.org","@graph":[{"@type":"WebPage","@id":"https:\/\/petproducts.com.cn\/product\/hamster-travel-cage-wholesale\/","url":"https:\/\/petproducts.com.cn\/product\/hamster-travel-cage-wholesale\/","name":"Jaula de viaje para hamster al por mayor | Jaula peque\u00f1a para hamster - Petstar","isPartOf":{"@id":"https:\/\/petproducts.com.cn\/#website"},"primaryImageOfPage":{"@id":"https:\/\/petproducts.com.cn\/product\/hamster-travel-cage-wholesale\/#primaryimage"},"image":{"@id":"https:\/\/petproducts.com.cn\/product\/hamster-travel-cage-wholesale\/#primaryimage"},"thumbnailUrl":"https:\/\/petproducts.com.cn\/wp-content\/uploads\/2023\/12\/hamster-travel-cage.webp","datePublished":"2023-12-27T02:01:04+00:00","dateModified":"2024-07-17T02:36:03+00:00","description":"Explore jaula de viaje para h\u00e1mster,jaula peque\u00f1a para h\u00e1mster,jaula rosa y azul para h\u00e1mster del fabricante mayorista. Su soluci\u00f3n de negocio ideal con Petstar.","breadcrumb":{"@id":"https:\/\/petproducts.com.cn\/product\/hamster-travel-cage-wholesale\/#breadcrumb"},"inLanguage":"es","potentialAction":[{"@type":"ReadAction","target":["https:\/\/petproducts.com.cn\/product\/hamster-travel-cage-wholesale\/"]}]},{"@type":"ImageObject","inLanguage":"es","@id":"https:\/\/petproducts.com.cn\/product\/hamster-travel-cage-wholesale\/#primaryimage","url":"https:\/\/petproducts.com.cn\/wp-content\/uploads\/2023\/12\/hamster-travel-cage.webp","contentUrl":"https:\/\/petproducts.com.cn\/wp-content\/uploads\/2023\/12\/hamster-travel-cage.webp","width":1000,"height":1000,"caption":"hamster travel cage"},{"@type":"BreadcrumbList","@id":"https:\/\/petproducts.com.cn\/product\/hamster-travel-cage-wholesale\/#breadcrumb","itemListElement":[{"@type":"ListItem","position":1,"name":"HOME","item":"https:\/\/petproducts.com.cn\/"},{"@type":"ListItem","position":2,"name":"Products","item":"https:\/\/petproducts.com.cn\/shop\/"},{"@type":"ListItem","position":3,"name":"Hamster Supplies","item":"https:\/\/petproducts.com.cn\/product-category\/hamster-supplies\/"},{"@type":"ListItem","position":4,"name":"Hamster Travel Cage Wholesale For Ferrets, Gerbil"}]},{"@type":"WebSite","@id":"https:\/\/petproducts.com.cn\/#website","url":"https:\/\/petproducts.com.cn\/","name":"Petstar","description":"Fabricante l\u00edder de art\u00edculos para mascotas y proveedor OEM de productos para mascotas","publisher":{"@id":"https:\/\/petproducts.com.cn\/#organization"},"alternateName":"Petstar Pet Supplies","potentialAction":[{"@type":"SearchAction","target":{"@type":"EntryPoint","urlTemplate":"https:\/\/petproducts.com.cn\/?s={search_term_string}"},"query-input":{"@type":"PropertyValueSpecification","valueRequired":true,"valueName":"search_term_string"}}],"inLanguage":"es"},{"@type":"Organization","@id":"https:\/\/petproducts.com.cn\/#organization","name":"Petstar","url":"https:\/\/petproducts.com.cn\/","logo":{"@type":"ImageObject","inLanguage":"es","@id":"https:\/\/petproducts.com.cn\/#\/schema\/logo\/image\/","url":"https:\/\/petproducts.com.cn\/wp-content\/uploads\/2020\/02\/petstar-logo.webp","contentUrl":"https:\/\/petproducts.com.cn\/wp-content\/uploads\/2020\/02\/petstar-logo.webp","width":779,"height":520,"caption":"Petstar"},"image":{"@id":"https:\/\/petproducts.com.cn\/#\/schema\/logo\/image\/"}}]}},"_links":{"self":[{"href":"https:\/\/petproducts.com.cn\/es\/wp-json\/wp\/v2\/product\/18358","targetHints":{"allow":["GET"]}}],"collection":[{"href":"https:\/\/petproducts.com.cn\/es\/wp-json\/wp\/v2\/product"}],"about":[{"href":"https:\/\/petproducts.com.cn\/es\/wp-json\/wp\/v2\/types\/product"}],"version-history":[{"count":4,"href":"https:\/\/petproducts.com.cn\/es\/wp-json\/wp\/v2\/product\/18358\/revisions"}],"predecessor-version":[{"id":18462,"href":"https:\/\/petproducts.com.cn\/es\/wp-json\/wp\/v2\/product\/18358\/revisions\/18462"}],"wp:featuredmedia":[{"embeddable":true,"href":"https:\/\/petproducts.com.cn\/es\/wp-json\/wp\/v2\/media\/18363"}],"wp:attachment":[{"href":"https:\/\/petproducts.com.cn\/es\/wp-json\/wp\/v2\/media?parent=18358"}],"wp:term":[{"taxonomy":"product_brand","embeddable":true,"href":"https:\/\/petproducts.com.cn\/es\/wp-json\/wp\/v2\/product_brand?post=18358"},{"taxonomy":"product_cat","embeddable":true,"href":"https:\/\/petproducts.com.cn\/es\/wp-json\/wp\/v2\/product_cat?post=18358"},{"taxonomy":"product_tag","embeddable":true,"href":"https:\/\/petproducts.com.cn\/es\/wp-json\/wp\/v2\/product_tag?post=18358"}],"curies":[{"name":"wp","href":"https:\/\/api.w.org\/{rel}","templated":true}]}}