{"id":18367,"date":"2023-12-26T07:51:09","date_gmt":"2023-12-26T07:51:09","guid":{"rendered":"https:\/\/petproducts.com.cn\/?post_type=product&#038;p=18367"},"modified":"2024-09-05T02:12:10","modified_gmt":"2024-09-05T02:12:10","slug":"durable-dachshund-wiener-dog-stuffed-toy-wholesale","status":"publish","type":"product","link":"https:\/\/petproducts.com.cn\/es\/product\/durable-dachshund-wiener-dog-stuffed-toy-wholesale\/","title":{"rendered":"Juguete de peluche de perro salchicha duradero Dachshund al por mayor"},"content":{"rendered":"<h2>PetStar's Durable Dachshund Wiener Dog Juguete de Peluche al por mayor<\/h2>\n<p>El duradero juguete de peluche para perro salchicha teckel de PetStar est\u00e1 especialmente dise\u00f1ado para su compra al por mayor. Esta encantadora creaci\u00f3n cuenta con un hueso de cuerda interna, papel arrugado para la estimulaci\u00f3n sensorial mejorada, y el estilo aut\u00e9ntico Dachshund, asegurando entretenimiento sin fin para sus queridos compa\u00f1eros peludos.<\/p>\n<h3><strong>Nuestras ventajas:<\/strong><\/h3>\n<ol>\n<li><strong>Dise\u00f1os a medida para mercados exigentes.<\/strong> PetStar se enorgullece de ofrecer soluciones personalizadas adaptadas a las preferencias \u00fanicas de supermercados, mayoristas y tiendas en l\u00ednea. A trav\u00e9s de nuestros servicios OEM, personalice el dise\u00f1o, el color y las caracter\u00edsticas de estos juguetes para perros salchicha, garantizando que se ajusten perfectamente a las expectativas de sus clientes objetivo. Mientras tanto, la capacidad de PetStar para captar la esencia del estilo del perro salchicha garantiza que nuestros juguetes destaquen, atrayendo a los due\u00f1os de mascotas que buscan productos \u00fanicos y atractivos.<\/li>\n<li><strong>Calidad y durabilidad excepcionales.<\/strong> En la base del \u00e9xito de PetStar se encuentra un compromiso inquebrantable con la calidad excepcional. Fabricados con la durabilidad en mente, nuestros juguetes de peluche para perros salchicha est\u00e1n dise\u00f1ados para soportar el juego vigoroso. La incorporaci\u00f3n de un hueso de cuerda en el interior, combinado con papel arrugado, no s\u00f3lo garantiza la longevidad, sino que tambi\u00e9n a\u00f1ade capas de compromiso sensorial, por lo que es una opci\u00f3n preferida para los due\u00f1os de mascotas que buscan tanto la durabilidad como el enriquecimiento sensorial.<\/li>\n<li><strong>Colaboraci\u00f3n rentable para la conciencia presupuestaria.<\/strong> PetStar comprende las consideraciones econ\u00f3micas de nuestros socios en la industria de productos para mascotas. A trav\u00e9s de colaboraciones estrat\u00e9gicas, ofrecemos precios competitivos sin comprometer la calidad. Adem\u00e1s, los supermercados, mayoristas y tiendas en l\u00ednea pueden beneficiarse de opciones de pedidos al por mayor y procesos de fabricaci\u00f3n eficientes, lo que garantiza un acceso rentable a estos encantadores y duraderos juguetes para perros salchicha, maximizando la rentabilidad de su negocio.<\/li>\n<li><strong>Cadena de suministro eficiente para entregas puntuales.<\/strong> En el din\u00e1mico \u00e1mbito de los productos para mascotas, la puntualidad en las entregas es primordial. La cadena de suministro racionalizada de PetStar garantiza que los supermercados, mayoristas y tiendas en l\u00ednea reciban sus pedidos al por mayor con prontitud. Conf\u00ede en nosotros para un suministro constante y puntual de estos juguetes de peluche para perro salchicha wiener.<\/li>\n<\/ol>\n<p><strong>En resumen.<\/strong> PetStar's Durable Dachshund Wiener Dog Stuffed Toy Wholesale, con un hueso de cuerda, papel arrugado, y el estilo aut\u00e9ntico Dachshund, personifica la mezcla perfecta de personalizaci\u00f3n, calidad, rentabilidad y entrega oportuna. Eleve su oferta de productos para mascotas con PetStar, atendiendo a las diversas necesidades de supermercados, mayoristas y tiendas online.<\/p>","protected":false},"excerpt":{"rendered":"<p>Somos fabricantes de juguetes para perros con m\u00e1s de 20 a\u00f1os de experiencia. Ofrecemos opciones de personalizaci\u00f3n para el color, tama\u00f1o, tela, patr\u00f3n, logotipo y otras caracter\u00edsticas.<\/p>","protected":false},"featured_media":18368,"template":"","meta":{"_acf_changed":false},"product_brand":[],"product_cat":[72,48],"product_tag":[231,232],"class_list":{"0":"post-18367","1":"product","2":"type-product","3":"status-publish","4":"has-post-thumbnail","6":"product_cat-dog-supplies","7":"product_cat-dog-toys","8":"product_tag-dog-plush-toys","9":"product_tag-interactive-dog-toys","11":"first","12":"instock","13":"shipping-taxable","14":"product-type-simple"},"acf":[],"yoast_head":"<!-- This site is optimized with the Yoast SEO plugin v27.1.1 - https:\/\/yoast.com\/product\/yoast-seo-wordpress\/ -->\n<title>dachshund dog toy wholesale | custom durable dog toy - Petstar<\/title>\n<meta name=\"description\" content=\"Explore dachshund dog toy,dog teaser toy, interactive dog toys from the manufacturer. Your ideal business solution with Petstar.\" \/>\n<meta name=\"robots\" content=\"index, follow, max-snippet:-1, max-image-preview:large, max-video-preview:-1\" \/>\n<link rel=\"canonical\" href=\"https:\/\/petproducts.com.cn\/es\/producto\/durable-dachshund-wiener-dog-stuffed-toy-wholesale\/\" \/>\n<meta property=\"og:locale\" content=\"es_ES\" \/>\n<meta property=\"og:type\" content=\"article\" \/>\n<meta property=\"og:title\" content=\"dachshund dog toy wholesale | custom durable dog toy - Petstar\" \/>\n<meta property=\"og:description\" content=\"Explore dachshund dog toy,dog teaser toy, interactive dog toys from the manufacturer. Your ideal business solution with Petstar.\" \/>\n<meta property=\"og:url\" content=\"https:\/\/petproducts.com.cn\/es\/producto\/durable-dachshund-wiener-dog-stuffed-toy-wholesale\/\" \/>\n<meta property=\"og:site_name\" content=\"Petstar\" \/>\n<meta property=\"article:modified_time\" content=\"2024-09-05T02:12:10+00:00\" \/>\n<meta property=\"og:image\" content=\"https:\/\/petproducts.com.cn\/wp-content\/uploads\/2023\/12\/dachshund-dog-toy.webp\" \/>\n\t<meta property=\"og:image:width\" content=\"800\" \/>\n\t<meta property=\"og:image:height\" content=\"800\" \/>\n\t<meta property=\"og:image:type\" content=\"image\/webp\" \/>\n<meta name=\"twitter:card\" content=\"summary_large_image\" \/>\n<meta name=\"twitter:label1\" content=\"Tiempo de lectura\" \/>\n\t<meta name=\"twitter:data1\" content=\"2 minutos\" \/>\n<script type=\"application\/ld+json\" class=\"yoast-schema-graph\">{\"@context\":\"https:\/\/schema.org\",\"@graph\":[{\"@type\":\"WebPage\",\"@id\":\"https:\/\/petproducts.com.cn\/product\/durable-dachshund-wiener-dog-stuffed-toy-wholesale\/\",\"url\":\"https:\/\/petproducts.com.cn\/product\/durable-dachshund-wiener-dog-stuffed-toy-wholesale\/\",\"name\":\"dachshund dog toy wholesale | custom durable dog toy - Petstar\",\"isPartOf\":{\"@id\":\"https:\/\/petproducts.com.cn\/#website\"},\"primaryImageOfPage\":{\"@id\":\"https:\/\/petproducts.com.cn\/product\/durable-dachshund-wiener-dog-stuffed-toy-wholesale\/#primaryimage\"},\"image\":{\"@id\":\"https:\/\/petproducts.com.cn\/product\/durable-dachshund-wiener-dog-stuffed-toy-wholesale\/#primaryimage\"},\"thumbnailUrl\":\"https:\/\/petproducts.com.cn\/wp-content\/uploads\/2023\/12\/dachshund-dog-toy.webp\",\"datePublished\":\"2023-12-26T07:51:09+00:00\",\"dateModified\":\"2024-09-05T02:12:10+00:00\",\"description\":\"Explore dachshund dog toy,dog teaser toy, interactive dog toys from the manufacturer. Your ideal business solution with Petstar.\",\"breadcrumb\":{\"@id\":\"https:\/\/petproducts.com.cn\/product\/durable-dachshund-wiener-dog-stuffed-toy-wholesale\/#breadcrumb\"},\"inLanguage\":\"es\",\"potentialAction\":[{\"@type\":\"ReadAction\",\"target\":[\"https:\/\/petproducts.com.cn\/product\/durable-dachshund-wiener-dog-stuffed-toy-wholesale\/\"]}]},{\"@type\":\"ImageObject\",\"inLanguage\":\"es\",\"@id\":\"https:\/\/petproducts.com.cn\/product\/durable-dachshund-wiener-dog-stuffed-toy-wholesale\/#primaryimage\",\"url\":\"https:\/\/petproducts.com.cn\/wp-content\/uploads\/2023\/12\/dachshund-dog-toy.webp\",\"contentUrl\":\"https:\/\/petproducts.com.cn\/wp-content\/uploads\/2023\/12\/dachshund-dog-toy.webp\",\"width\":800,\"height\":800,\"caption\":\"dachshund dog toy\"},{\"@type\":\"BreadcrumbList\",\"@id\":\"https:\/\/petproducts.com.cn\/product\/durable-dachshund-wiener-dog-stuffed-toy-wholesale\/#breadcrumb\",\"itemListElement\":[{\"@type\":\"ListItem\",\"position\":1,\"name\":\"HOME\",\"item\":\"https:\/\/petproducts.com.cn\/\"},{\"@type\":\"ListItem\",\"position\":2,\"name\":\"Products\",\"item\":\"https:\/\/petproducts.com.cn\/shop\/\"},{\"@type\":\"ListItem\",\"position\":3,\"name\":\"Dog Toys\",\"item\":\"https:\/\/petproducts.com.cn\/product-category\/dog-toys\/\"},{\"@type\":\"ListItem\",\"position\":4,\"name\":\"Durable Dachshund Wiener Dog Stuffed Toy Wholesale\"}]},{\"@type\":\"WebSite\",\"@id\":\"https:\/\/petproducts.com.cn\/#website\",\"url\":\"https:\/\/petproducts.com.cn\/\",\"name\":\"Petstar\",\"description\":\"Leading Pet Supplies Manufacturer &amp; OEM Pet Products Supplier\",\"publisher\":{\"@id\":\"https:\/\/petproducts.com.cn\/#organization\"},\"alternateName\":\"Petstar Pet Supplies\",\"potentialAction\":[{\"@type\":\"SearchAction\",\"target\":{\"@type\":\"EntryPoint\",\"urlTemplate\":\"https:\/\/petproducts.com.cn\/?s={search_term_string}\"},\"query-input\":{\"@type\":\"PropertyValueSpecification\",\"valueRequired\":true,\"valueName\":\"search_term_string\"}}],\"inLanguage\":\"es\"},{\"@type\":\"Organization\",\"@id\":\"https:\/\/petproducts.com.cn\/#organization\",\"name\":\"Petstar\",\"url\":\"https:\/\/petproducts.com.cn\/\",\"logo\":{\"@type\":\"ImageObject\",\"inLanguage\":\"es\",\"@id\":\"https:\/\/petproducts.com.cn\/#\/schema\/logo\/image\/\",\"url\":\"https:\/\/petproducts.com.cn\/wp-content\/uploads\/2020\/02\/petstar-logo.webp\",\"contentUrl\":\"https:\/\/petproducts.com.cn\/wp-content\/uploads\/2020\/02\/petstar-logo.webp\",\"width\":779,\"height\":520,\"caption\":\"Petstar\"},\"image\":{\"@id\":\"https:\/\/petproducts.com.cn\/#\/schema\/logo\/image\/\"}}]}<\/script>\n<!-- \/ Yoast SEO plugin. -->","yoast_head_json":{"title":"perro salchicha de juguete al por mayor | juguete del perro durable personalizado - Petstar","description":"Explorar perro salchicha de juguete,juguete del teaser del perro, juguetes interactivos para perros del fabricante. Su soluci\u00f3n de negocio ideal con Petstar.","robots":{"index":"index","follow":"follow","max-snippet":"max-snippet:-1","max-image-preview":"max-image-preview:large","max-video-preview":"max-video-preview:-1"},"canonical":"https:\/\/petproducts.com.cn\/es\/producto\/durable-dachshund-wiener-dog-stuffed-toy-wholesale\/","og_locale":"es_ES","og_type":"article","og_title":"dachshund dog toy wholesale | custom durable dog toy - Petstar","og_description":"Explore dachshund dog toy,dog teaser toy, interactive dog toys from the manufacturer. Your ideal business solution with Petstar.","og_url":"https:\/\/petproducts.com.cn\/es\/producto\/durable-dachshund-wiener-dog-stuffed-toy-wholesale\/","og_site_name":"Petstar","article_modified_time":"2024-09-05T02:12:10+00:00","og_image":[{"width":800,"height":800,"url":"https:\/\/petproducts.com.cn\/wp-content\/uploads\/2023\/12\/dachshund-dog-toy.webp","type":"image\/webp"}],"twitter_card":"summary_large_image","twitter_misc":{"Tiempo de lectura":"2 minutos"},"schema":{"@context":"https:\/\/schema.org","@graph":[{"@type":"WebPage","@id":"https:\/\/petproducts.com.cn\/product\/durable-dachshund-wiener-dog-stuffed-toy-wholesale\/","url":"https:\/\/petproducts.com.cn\/product\/durable-dachshund-wiener-dog-stuffed-toy-wholesale\/","name":"perro salchicha de juguete al por mayor | juguete del perro durable personalizado - Petstar","isPartOf":{"@id":"https:\/\/petproducts.com.cn\/#website"},"primaryImageOfPage":{"@id":"https:\/\/petproducts.com.cn\/product\/durable-dachshund-wiener-dog-stuffed-toy-wholesale\/#primaryimage"},"image":{"@id":"https:\/\/petproducts.com.cn\/product\/durable-dachshund-wiener-dog-stuffed-toy-wholesale\/#primaryimage"},"thumbnailUrl":"https:\/\/petproducts.com.cn\/wp-content\/uploads\/2023\/12\/dachshund-dog-toy.webp","datePublished":"2023-12-26T07:51:09+00:00","dateModified":"2024-09-05T02:12:10+00:00","description":"Explorar perro salchicha de juguete,juguete del teaser del perro, juguetes interactivos para perros del fabricante. Su soluci\u00f3n de negocio ideal con Petstar.","breadcrumb":{"@id":"https:\/\/petproducts.com.cn\/product\/durable-dachshund-wiener-dog-stuffed-toy-wholesale\/#breadcrumb"},"inLanguage":"es","potentialAction":[{"@type":"ReadAction","target":["https:\/\/petproducts.com.cn\/product\/durable-dachshund-wiener-dog-stuffed-toy-wholesale\/"]}]},{"@type":"ImageObject","inLanguage":"es","@id":"https:\/\/petproducts.com.cn\/product\/durable-dachshund-wiener-dog-stuffed-toy-wholesale\/#primaryimage","url":"https:\/\/petproducts.com.cn\/wp-content\/uploads\/2023\/12\/dachshund-dog-toy.webp","contentUrl":"https:\/\/petproducts.com.cn\/wp-content\/uploads\/2023\/12\/dachshund-dog-toy.webp","width":800,"height":800,"caption":"dachshund dog toy"},{"@type":"BreadcrumbList","@id":"https:\/\/petproducts.com.cn\/product\/durable-dachshund-wiener-dog-stuffed-toy-wholesale\/#breadcrumb","itemListElement":[{"@type":"ListItem","position":1,"name":"HOME","item":"https:\/\/petproducts.com.cn\/"},{"@type":"ListItem","position":2,"name":"Products","item":"https:\/\/petproducts.com.cn\/shop\/"},{"@type":"ListItem","position":3,"name":"Dog Toys","item":"https:\/\/petproducts.com.cn\/product-category\/dog-toys\/"},{"@type":"ListItem","position":4,"name":"Durable Dachshund Wiener Dog Stuffed Toy Wholesale"}]},{"@type":"WebSite","@id":"https:\/\/petproducts.com.cn\/#website","url":"https:\/\/petproducts.com.cn\/","name":"Petstar","description":"Fabricante l\u00edder de art\u00edculos para mascotas y proveedor OEM de productos para mascotas","publisher":{"@id":"https:\/\/petproducts.com.cn\/#organization"},"alternateName":"Petstar Pet Supplies","potentialAction":[{"@type":"SearchAction","target":{"@type":"EntryPoint","urlTemplate":"https:\/\/petproducts.com.cn\/?s={search_term_string}"},"query-input":{"@type":"PropertyValueSpecification","valueRequired":true,"valueName":"search_term_string"}}],"inLanguage":"es"},{"@type":"Organization","@id":"https:\/\/petproducts.com.cn\/#organization","name":"Petstar","url":"https:\/\/petproducts.com.cn\/","logo":{"@type":"ImageObject","inLanguage":"es","@id":"https:\/\/petproducts.com.cn\/#\/schema\/logo\/image\/","url":"https:\/\/petproducts.com.cn\/wp-content\/uploads\/2020\/02\/petstar-logo.webp","contentUrl":"https:\/\/petproducts.com.cn\/wp-content\/uploads\/2020\/02\/petstar-logo.webp","width":779,"height":520,"caption":"Petstar"},"image":{"@id":"https:\/\/petproducts.com.cn\/#\/schema\/logo\/image\/"}}]}},"_links":{"self":[{"href":"https:\/\/petproducts.com.cn\/es\/wp-json\/wp\/v2\/product\/18367","targetHints":{"allow":["GET"]}}],"collection":[{"href":"https:\/\/petproducts.com.cn\/es\/wp-json\/wp\/v2\/product"}],"about":[{"href":"https:\/\/petproducts.com.cn\/es\/wp-json\/wp\/v2\/types\/product"}],"version-history":[{"count":1,"href":"https:\/\/petproducts.com.cn\/es\/wp-json\/wp\/v2\/product\/18367\/revisions"}],"predecessor-version":[{"id":18381,"href":"https:\/\/petproducts.com.cn\/es\/wp-json\/wp\/v2\/product\/18367\/revisions\/18381"}],"wp:featuredmedia":[{"embeddable":true,"href":"https:\/\/petproducts.com.cn\/es\/wp-json\/wp\/v2\/media\/18368"}],"wp:attachment":[{"href":"https:\/\/petproducts.com.cn\/es\/wp-json\/wp\/v2\/media?parent=18367"}],"wp:term":[{"taxonomy":"product_brand","embeddable":true,"href":"https:\/\/petproducts.com.cn\/es\/wp-json\/wp\/v2\/product_brand?post=18367"},{"taxonomy":"product_cat","embeddable":true,"href":"https:\/\/petproducts.com.cn\/es\/wp-json\/wp\/v2\/product_cat?post=18367"},{"taxonomy":"product_tag","embeddable":true,"href":"https:\/\/petproducts.com.cn\/es\/wp-json\/wp\/v2\/product_tag?post=18367"}],"curies":[{"name":"wp","href":"https:\/\/api.w.org\/{rel}","templated":true}]}}