{"id":18689,"date":"2024-01-09T08:51:11","date_gmt":"2024-01-09T08:51:11","guid":{"rendered":"https:\/\/petproducts.com.cn\/?post_type=product&#038;p=18689"},"modified":"2024-01-09T09:09:38","modified_gmt":"2024-01-09T09:09:38","slug":"cat-bed-houses-best-cave-pet-bed-sale","status":"publish","type":"product","link":"https:\/\/petproducts.com.cn\/es\/product\/cat-bed-houses-best-cave-pet-bed-sale\/","title":{"rendered":"Casas con camas para gatos La mejor venta de camas para mascotas tipo cueva"},"content":{"rendered":"<h2>Caracter\u00edsticas de las Casas Cama para Gatos<\/h2>\n<ol>\n<li><strong>Innovador dise\u00f1o 2 en 1:<\/strong> Aumente la comodidad de su gato con la doble funcionalidad de una caseta y una cama en uno. Nuestras casas-cama para gatos ofrecen una transici\u00f3n perfecta de un espacio cerrado y seguro a una cama abierta y acogedora, adapt\u00e1ndose a los cambios de humor y preferencias de su amigo felino.<\/li>\n<li><strong>Lujosos tejidos cortos de felpa y terciopelo:<\/strong> Mime a su mascota con el tacto indulgente de los tejidos de felpa corta y terciopelo. La combinaci\u00f3n de estos materiales de primera calidad garantiza una superficie afelpada y aterciopelada en la que a su gato le encantar\u00e1 acurrucarse. Suaves al tacto, estos tejidos crean un refugio c\u00e1lido y acogedor para su peludo compa\u00f1ero.<\/li>\n<li><strong>Calidez y suavidad incomparables:<\/strong> Nuestra Cueva Cama para Gatos redefine lo acogedor con su excepcional calidez y suavidad. Los tejidos cortos de felpa y terciopelo trabajan armoniosamente para proporcionar un refugio reconfortante, permitiendo a su gato disfrutar de momentos de relajaci\u00f3n y de siestas ininterrumpidas. Es un refugio que satisface la necesidad de calidez y seguridad de su mascota.<\/li>\n<li><strong>Fondo antideslizante para mayor estabilidad:<\/strong> Diga adi\u00f3s a las preocupaciones por el deslizamiento de la cama. La cama Cat House tiene una base antideslizante especialmente dise\u00f1ada para garantizar la estabilidad en distintas superficies. Deje que su gato explore, juegue y duerma la siesta sin interrupciones, sabiendo que su acogedor refugio permanecer\u00e1 firmemente en su sitio.<\/li>\n<\/ol>","protected":false},"excerpt":{"rendered":"<p>Somos fabricantes de camas para mascotas con m\u00e1s de 20 a\u00f1os de experiencia. Ofrecemos opciones de personalizaci\u00f3n para el color, tama\u00f1o, tela, patr\u00f3n, logotipo y otras caracter\u00edsticas.<\/p>","protected":false},"featured_media":18693,"template":"","meta":{"_acf_changed":false},"product_brand":[],"product_cat":[58,71,57,72],"product_tag":[74,75],"class_list":{"0":"post-18689","1":"product","2":"type-product","3":"status-publish","4":"has-post-thumbnail","6":"product_cat-cat-beds","7":"product_cat-cat-supplies","8":"product_cat-dog-beds","9":"product_cat-dog-supplies","10":"product_tag-cat-beds","11":"product_tag-dog-beds","13":"first","14":"instock","15":"shipping-taxable","16":"product-type-simple"},"acf":[],"yoast_head":"<!-- This site is optimized with the Yoast SEO plugin v27.1.1 - https:\/\/yoast.com\/product\/yoast-seo-wordpress\/ -->\n<title>Cat Bed Houses | Custom Best Cave Pet Bed - Petstar<\/title>\n<meta name=\"description\" content=\"Explore cat bed houses, best cave pet bed, cave pet bed sale from the manufacturer. Your ideal business solution with Petstar.\" \/>\n<meta name=\"robots\" content=\"index, follow, max-snippet:-1, max-image-preview:large, max-video-preview:-1\" \/>\n<link rel=\"canonical\" href=\"https:\/\/petproducts.com.cn\/es\/producto\/cat-bed-houses-best-cave-pet-bed-sale\/\" \/>\n<meta property=\"og:locale\" content=\"es_ES\" \/>\n<meta property=\"og:type\" content=\"article\" \/>\n<meta property=\"og:title\" content=\"Cat Bed Houses | Custom Best Cave Pet Bed - Petstar\" \/>\n<meta property=\"og:description\" content=\"Explore cat bed houses, best cave pet bed, cave pet bed sale from the manufacturer. Your ideal business solution with Petstar.\" \/>\n<meta property=\"og:url\" content=\"https:\/\/petproducts.com.cn\/es\/producto\/cat-bed-houses-best-cave-pet-bed-sale\/\" \/>\n<meta property=\"og:site_name\" content=\"Petstar\" \/>\n<meta property=\"article:modified_time\" content=\"2024-01-09T09:09:38+00:00\" \/>\n<meta property=\"og:image\" content=\"https:\/\/petproducts.com.cn\/wp-content\/uploads\/2024\/01\/cat-bed-houses.webp\" \/>\n\t<meta property=\"og:image:width\" content=\"1200\" \/>\n\t<meta property=\"og:image:height\" content=\"1200\" \/>\n\t<meta property=\"og:image:type\" content=\"image\/webp\" \/>\n<meta name=\"twitter:card\" content=\"summary_large_image\" \/>\n<meta name=\"twitter:label1\" content=\"Tiempo de lectura\" \/>\n\t<meta name=\"twitter:data1\" content=\"1 minuto\" \/>\n<script type=\"application\/ld+json\" class=\"yoast-schema-graph\">{\"@context\":\"https:\/\/schema.org\",\"@graph\":[{\"@type\":\"WebPage\",\"@id\":\"https:\/\/petproducts.com.cn\/product\/cat-bed-houses-best-cave-pet-bed-sale\/\",\"url\":\"https:\/\/petproducts.com.cn\/product\/cat-bed-houses-best-cave-pet-bed-sale\/\",\"name\":\"Cat Bed Houses | Custom Best Cave Pet Bed - Petstar\",\"isPartOf\":{\"@id\":\"https:\/\/petproducts.com.cn\/#website\"},\"primaryImageOfPage\":{\"@id\":\"https:\/\/petproducts.com.cn\/product\/cat-bed-houses-best-cave-pet-bed-sale\/#primaryimage\"},\"image\":{\"@id\":\"https:\/\/petproducts.com.cn\/product\/cat-bed-houses-best-cave-pet-bed-sale\/#primaryimage\"},\"thumbnailUrl\":\"https:\/\/petproducts.com.cn\/wp-content\/uploads\/2024\/01\/cat-bed-houses.webp\",\"datePublished\":\"2024-01-09T08:51:11+00:00\",\"dateModified\":\"2024-01-09T09:09:38+00:00\",\"description\":\"Explore cat bed houses, best cave pet bed, cave pet bed sale from the manufacturer. Your ideal business solution with Petstar.\",\"breadcrumb\":{\"@id\":\"https:\/\/petproducts.com.cn\/product\/cat-bed-houses-best-cave-pet-bed-sale\/#breadcrumb\"},\"inLanguage\":\"es\",\"potentialAction\":[{\"@type\":\"ReadAction\",\"target\":[\"https:\/\/petproducts.com.cn\/product\/cat-bed-houses-best-cave-pet-bed-sale\/\"]}]},{\"@type\":\"ImageObject\",\"inLanguage\":\"es\",\"@id\":\"https:\/\/petproducts.com.cn\/product\/cat-bed-houses-best-cave-pet-bed-sale\/#primaryimage\",\"url\":\"https:\/\/petproducts.com.cn\/wp-content\/uploads\/2024\/01\/cat-bed-houses.webp\",\"contentUrl\":\"https:\/\/petproducts.com.cn\/wp-content\/uploads\/2024\/01\/cat-bed-houses.webp\",\"width\":1200,\"height\":1200,\"caption\":\"cat bed houses\"},{\"@type\":\"BreadcrumbList\",\"@id\":\"https:\/\/petproducts.com.cn\/product\/cat-bed-houses-best-cave-pet-bed-sale\/#breadcrumb\",\"itemListElement\":[{\"@type\":\"ListItem\",\"position\":1,\"name\":\"HOME\",\"item\":\"https:\/\/petproducts.com.cn\/\"},{\"@type\":\"ListItem\",\"position\":2,\"name\":\"Products\",\"item\":\"https:\/\/petproducts.com.cn\/shop\/\"},{\"@type\":\"ListItem\",\"position\":3,\"name\":\"Dog Beds\",\"item\":\"https:\/\/petproducts.com.cn\/product-category\/dog-beds\/\"},{\"@type\":\"ListItem\",\"position\":4,\"name\":\"Cat Bed Houses Best Cave Pet Bed Sale\"}]},{\"@type\":\"WebSite\",\"@id\":\"https:\/\/petproducts.com.cn\/#website\",\"url\":\"https:\/\/petproducts.com.cn\/\",\"name\":\"Petstar\",\"description\":\"Leading Pet Supplies Manufacturer &amp; OEM Pet Products Supplier\",\"publisher\":{\"@id\":\"https:\/\/petproducts.com.cn\/#organization\"},\"alternateName\":\"Petstar Pet Supplies\",\"potentialAction\":[{\"@type\":\"SearchAction\",\"target\":{\"@type\":\"EntryPoint\",\"urlTemplate\":\"https:\/\/petproducts.com.cn\/?s={search_term_string}\"},\"query-input\":{\"@type\":\"PropertyValueSpecification\",\"valueRequired\":true,\"valueName\":\"search_term_string\"}}],\"inLanguage\":\"es\"},{\"@type\":\"Organization\",\"@id\":\"https:\/\/petproducts.com.cn\/#organization\",\"name\":\"Petstar\",\"url\":\"https:\/\/petproducts.com.cn\/\",\"logo\":{\"@type\":\"ImageObject\",\"inLanguage\":\"es\",\"@id\":\"https:\/\/petproducts.com.cn\/#\/schema\/logo\/image\/\",\"url\":\"https:\/\/petproducts.com.cn\/wp-content\/uploads\/2020\/02\/petstar-logo.webp\",\"contentUrl\":\"https:\/\/petproducts.com.cn\/wp-content\/uploads\/2020\/02\/petstar-logo.webp\",\"width\":779,\"height\":520,\"caption\":\"Petstar\"},\"image\":{\"@id\":\"https:\/\/petproducts.com.cn\/#\/schema\/logo\/image\/\"}}]}<\/script>\n<!-- \/ Yoast SEO plugin. -->","yoast_head_json":{"title":"Cat Bed Houses | Custom Best Cave Pet Bed - Petstar","description":"Explorar las casas de cama del gato, mejor cueva cama para mascotas, cueva cama para mascotas venta del fabricante. Su soluci\u00f3n de negocio ideal con Petstar.","robots":{"index":"index","follow":"follow","max-snippet":"max-snippet:-1","max-image-preview":"max-image-preview:large","max-video-preview":"max-video-preview:-1"},"canonical":"https:\/\/petproducts.com.cn\/es\/producto\/cat-bed-houses-best-cave-pet-bed-sale\/","og_locale":"es_ES","og_type":"article","og_title":"Cat Bed Houses | Custom Best Cave Pet Bed - Petstar","og_description":"Explore cat bed houses, best cave pet bed, cave pet bed sale from the manufacturer. Your ideal business solution with Petstar.","og_url":"https:\/\/petproducts.com.cn\/es\/producto\/cat-bed-houses-best-cave-pet-bed-sale\/","og_site_name":"Petstar","article_modified_time":"2024-01-09T09:09:38+00:00","og_image":[{"width":1200,"height":1200,"url":"https:\/\/petproducts.com.cn\/wp-content\/uploads\/2024\/01\/cat-bed-houses.webp","type":"image\/webp"}],"twitter_card":"summary_large_image","twitter_misc":{"Tiempo de lectura":"1 minuto"},"schema":{"@context":"https:\/\/schema.org","@graph":[{"@type":"WebPage","@id":"https:\/\/petproducts.com.cn\/product\/cat-bed-houses-best-cave-pet-bed-sale\/","url":"https:\/\/petproducts.com.cn\/product\/cat-bed-houses-best-cave-pet-bed-sale\/","name":"Cat Bed Houses | Custom Best Cave Pet Bed - Petstar","isPartOf":{"@id":"https:\/\/petproducts.com.cn\/#website"},"primaryImageOfPage":{"@id":"https:\/\/petproducts.com.cn\/product\/cat-bed-houses-best-cave-pet-bed-sale\/#primaryimage"},"image":{"@id":"https:\/\/petproducts.com.cn\/product\/cat-bed-houses-best-cave-pet-bed-sale\/#primaryimage"},"thumbnailUrl":"https:\/\/petproducts.com.cn\/wp-content\/uploads\/2024\/01\/cat-bed-houses.webp","datePublished":"2024-01-09T08:51:11+00:00","dateModified":"2024-01-09T09:09:38+00:00","description":"Explorar las casas de cama del gato, mejor cueva cama para mascotas, cueva cama para mascotas venta del fabricante. Su soluci\u00f3n de negocio ideal con Petstar.","breadcrumb":{"@id":"https:\/\/petproducts.com.cn\/product\/cat-bed-houses-best-cave-pet-bed-sale\/#breadcrumb"},"inLanguage":"es","potentialAction":[{"@type":"ReadAction","target":["https:\/\/petproducts.com.cn\/product\/cat-bed-houses-best-cave-pet-bed-sale\/"]}]},{"@type":"ImageObject","inLanguage":"es","@id":"https:\/\/petproducts.com.cn\/product\/cat-bed-houses-best-cave-pet-bed-sale\/#primaryimage","url":"https:\/\/petproducts.com.cn\/wp-content\/uploads\/2024\/01\/cat-bed-houses.webp","contentUrl":"https:\/\/petproducts.com.cn\/wp-content\/uploads\/2024\/01\/cat-bed-houses.webp","width":1200,"height":1200,"caption":"cat bed houses"},{"@type":"BreadcrumbList","@id":"https:\/\/petproducts.com.cn\/product\/cat-bed-houses-best-cave-pet-bed-sale\/#breadcrumb","itemListElement":[{"@type":"ListItem","position":1,"name":"HOME","item":"https:\/\/petproducts.com.cn\/"},{"@type":"ListItem","position":2,"name":"Products","item":"https:\/\/petproducts.com.cn\/shop\/"},{"@type":"ListItem","position":3,"name":"Dog Beds","item":"https:\/\/petproducts.com.cn\/product-category\/dog-beds\/"},{"@type":"ListItem","position":4,"name":"Cat Bed Houses Best Cave Pet Bed Sale"}]},{"@type":"WebSite","@id":"https:\/\/petproducts.com.cn\/#website","url":"https:\/\/petproducts.com.cn\/","name":"Petstar","description":"Fabricante l\u00edder de art\u00edculos para mascotas y proveedor OEM de productos para mascotas","publisher":{"@id":"https:\/\/petproducts.com.cn\/#organization"},"alternateName":"Petstar Pet Supplies","potentialAction":[{"@type":"SearchAction","target":{"@type":"EntryPoint","urlTemplate":"https:\/\/petproducts.com.cn\/?s={search_term_string}"},"query-input":{"@type":"PropertyValueSpecification","valueRequired":true,"valueName":"search_term_string"}}],"inLanguage":"es"},{"@type":"Organization","@id":"https:\/\/petproducts.com.cn\/#organization","name":"Petstar","url":"https:\/\/petproducts.com.cn\/","logo":{"@type":"ImageObject","inLanguage":"es","@id":"https:\/\/petproducts.com.cn\/#\/schema\/logo\/image\/","url":"https:\/\/petproducts.com.cn\/wp-content\/uploads\/2020\/02\/petstar-logo.webp","contentUrl":"https:\/\/petproducts.com.cn\/wp-content\/uploads\/2020\/02\/petstar-logo.webp","width":779,"height":520,"caption":"Petstar"},"image":{"@id":"https:\/\/petproducts.com.cn\/#\/schema\/logo\/image\/"}}]}},"_links":{"self":[{"href":"https:\/\/petproducts.com.cn\/es\/wp-json\/wp\/v2\/product\/18689","targetHints":{"allow":["GET"]}}],"collection":[{"href":"https:\/\/petproducts.com.cn\/es\/wp-json\/wp\/v2\/product"}],"about":[{"href":"https:\/\/petproducts.com.cn\/es\/wp-json\/wp\/v2\/types\/product"}],"version-history":[{"count":2,"href":"https:\/\/petproducts.com.cn\/es\/wp-json\/wp\/v2\/product\/18689\/revisions"}],"predecessor-version":[{"id":18697,"href":"https:\/\/petproducts.com.cn\/es\/wp-json\/wp\/v2\/product\/18689\/revisions\/18697"}],"wp:featuredmedia":[{"embeddable":true,"href":"https:\/\/petproducts.com.cn\/es\/wp-json\/wp\/v2\/media\/18693"}],"wp:attachment":[{"href":"https:\/\/petproducts.com.cn\/es\/wp-json\/wp\/v2\/media?parent=18689"}],"wp:term":[{"taxonomy":"product_brand","embeddable":true,"href":"https:\/\/petproducts.com.cn\/es\/wp-json\/wp\/v2\/product_brand?post=18689"},{"taxonomy":"product_cat","embeddable":true,"href":"https:\/\/petproducts.com.cn\/es\/wp-json\/wp\/v2\/product_cat?post=18689"},{"taxonomy":"product_tag","embeddable":true,"href":"https:\/\/petproducts.com.cn\/es\/wp-json\/wp\/v2\/product_tag?post=18689"}],"curies":[{"name":"wp","href":"https:\/\/api.w.org\/{rel}","templated":true}]}}