{"id":19825,"date":"2024-02-18T03:12:59","date_gmt":"2024-02-18T03:12:59","guid":{"rendered":"https:\/\/petproducts.com.cn\/?post_type=product&#038;p=19825"},"modified":"2024-02-18T05:56:39","modified_gmt":"2024-02-18T05:56:39","slug":"mejores-camas-redondas-para-perros-cama-de-lona-para-mascotas","status":"publish","type":"product","link":"https:\/\/petproducts.com.cn\/es\/product\/best-round-dog-beds-canvas-pet-bed\/","title":{"rendered":"Las mejores camas redondas para perros Cama de lona para mascotas"},"content":{"rendered":"<h2>Caracter\u00edsticas de las mejores camas redondas del perro<\/h2>\n<ol>\n<li><strong>Bohemian Paisley Style:<\/strong> Deleite a su amigo peludo con las vibrantes y ecl\u00e9cticas vibraciones del estilo bohemio paisley. Nuestras mejores camas redondas para perros cuentan con dise\u00f1os \u00fanicos inspirados en la est\u00e9tica bohemia, a\u00f1adiendo un toque de personalidad y estilo al espacio de su mascota. Cree un rinc\u00f3n acogedor y elegante que complemente la decoraci\u00f3n de su hogar y refleje al mismo tiempo la personalidad \u00fanica de su mascota.<\/li>\n<li><strong>Tejido de lona Comodidad:<\/strong> Mime a su mascota con la suavidad y durabilidad del tejido de lona. Nuestra cama de lona para mascotas est\u00e1 fabricada con material de lona de alta calidad, que proporciona una superficie c\u00f3moda y de apoyo para que su mascota descanse. Invierta en una cama que no s\u00f3lo tiene un aspecto elegante, sino que tambi\u00e9n garantiza la comodidad y el bienestar de su mascota.<\/li>\n<li><strong>Cama redonda Dise\u00f1o:<\/strong> Disfrute del acogedor dise\u00f1o de nuestra cama redonda para perros. La forma circular crea un entorno de descanso c\u00f3modo y seguro para su mascota, permiti\u00e9ndole acurrucarse c\u00f3modamente y sentirse a salvo. Tanto si su mascota prefiere estirarse como acurrucarse, nuestra cama redonda le proporciona el espacio perfecto para relajarse.<\/li>\n<li><strong>Fondo antideslizante:<\/strong> Priorice la seguridad y protecci\u00f3n de su mascota con la funci\u00f3n antideslizante de la parte inferior de nuestra cama redonda de lona para mascotas. El dise\u00f1o antideslizante garantiza que la cama permanezca firmemente en su sitio, incluso en superficies lisas, proporcionando a su mascota un entorno estable y c\u00f3modo para dormir. Disfrute de la tranquilidad de saber que su amigo peludo est\u00e1 seguro y protegido mientras descansa en su elegante cama.<\/li>\n<\/ol>","protected":false},"excerpt":{"rendered":"<p>Somos fabricantes de camas para mascotas con m\u00e1s de 20 a\u00f1os de experiencia. Ofrecemos opciones de personalizaci\u00f3n para el color, tama\u00f1o, tela, patr\u00f3n, logotipo y otras caracter\u00edsticas.<\/p>","protected":false},"featured_media":19826,"template":"","meta":{"_acf_changed":false},"product_brand":[],"product_cat":[58,71,57,72],"product_tag":[74,75],"class_list":{"0":"post-19825","1":"product","2":"type-product","3":"status-publish","4":"has-post-thumbnail","6":"product_cat-cat-beds","7":"product_cat-cat-supplies","8":"product_cat-dog-beds","9":"product_cat-dog-supplies","10":"product_tag-cat-beds","11":"product_tag-dog-beds","13":"first","14":"instock","15":"shipping-taxable","16":"product-type-simple"},"acf":[],"yoast_head":"<!-- This site is optimized with the Yoast SEO plugin v27.1.1 - https:\/\/yoast.com\/product\/yoast-seo-wordpress\/ -->\n<title>Best Round Dog Beds | Custom Canvas Pet Bed - Petstar<\/title>\n<meta name=\"description\" content=\"Explore best round dog beds, round canvas dog bed, canvas pet bed from the manufacturer. Your ideal business solution with Petstar.\" \/>\n<meta name=\"robots\" content=\"index, follow, max-snippet:-1, max-image-preview:large, max-video-preview:-1\" \/>\n<link rel=\"canonical\" href=\"https:\/\/petproducts.com.cn\/es\/producto\/mejores-camas-redondas-para-perros-cama-de-lona-para-mascotas\/\" \/>\n<meta property=\"og:locale\" content=\"es_ES\" \/>\n<meta property=\"og:type\" content=\"article\" \/>\n<meta property=\"og:title\" content=\"Best Round Dog Beds | Custom Canvas Pet Bed - Petstar\" \/>\n<meta property=\"og:description\" content=\"Explore best round dog beds, round canvas dog bed, canvas pet bed from the manufacturer. Your ideal business solution with Petstar.\" \/>\n<meta property=\"og:url\" content=\"https:\/\/petproducts.com.cn\/es\/producto\/mejores-camas-redondas-para-perros-cama-de-lona-para-mascotas\/\" \/>\n<meta property=\"og:site_name\" content=\"Petstar\" \/>\n<meta property=\"article:modified_time\" content=\"2024-02-18T05:56:39+00:00\" \/>\n<meta property=\"og:image\" content=\"https:\/\/petproducts.com.cn\/wp-content\/uploads\/2024\/02\/best-round-dog-beds.webp\" \/>\n\t<meta property=\"og:image:width\" content=\"1000\" \/>\n\t<meta property=\"og:image:height\" content=\"1000\" \/>\n\t<meta property=\"og:image:type\" content=\"image\/webp\" \/>\n<meta name=\"twitter:card\" content=\"summary_large_image\" \/>\n<meta name=\"twitter:label1\" content=\"Tiempo de lectura\" \/>\n\t<meta name=\"twitter:data1\" content=\"2 minutos\" \/>\n<script type=\"application\/ld+json\" class=\"yoast-schema-graph\">{\"@context\":\"https:\/\/schema.org\",\"@graph\":[{\"@type\":\"WebPage\",\"@id\":\"https:\/\/petproducts.com.cn\/product\/best-round-dog-beds-canvas-pet-bed\/\",\"url\":\"https:\/\/petproducts.com.cn\/product\/best-round-dog-beds-canvas-pet-bed\/\",\"name\":\"Best Round Dog Beds | Custom Canvas Pet Bed - Petstar\",\"isPartOf\":{\"@id\":\"https:\/\/petproducts.com.cn\/#website\"},\"primaryImageOfPage\":{\"@id\":\"https:\/\/petproducts.com.cn\/product\/best-round-dog-beds-canvas-pet-bed\/#primaryimage\"},\"image\":{\"@id\":\"https:\/\/petproducts.com.cn\/product\/best-round-dog-beds-canvas-pet-bed\/#primaryimage\"},\"thumbnailUrl\":\"https:\/\/petproducts.com.cn\/wp-content\/uploads\/2024\/02\/best-round-dog-beds.webp\",\"datePublished\":\"2024-02-18T03:12:59+00:00\",\"dateModified\":\"2024-02-18T05:56:39+00:00\",\"description\":\"Explore best round dog beds, round canvas dog bed, canvas pet bed from the manufacturer. Your ideal business solution with Petstar.\",\"breadcrumb\":{\"@id\":\"https:\/\/petproducts.com.cn\/product\/best-round-dog-beds-canvas-pet-bed\/#breadcrumb\"},\"inLanguage\":\"es\",\"potentialAction\":[{\"@type\":\"ReadAction\",\"target\":[\"https:\/\/petproducts.com.cn\/product\/best-round-dog-beds-canvas-pet-bed\/\"]}]},{\"@type\":\"ImageObject\",\"inLanguage\":\"es\",\"@id\":\"https:\/\/petproducts.com.cn\/product\/best-round-dog-beds-canvas-pet-bed\/#primaryimage\",\"url\":\"https:\/\/petproducts.com.cn\/wp-content\/uploads\/2024\/02\/best-round-dog-beds.webp\",\"contentUrl\":\"https:\/\/petproducts.com.cn\/wp-content\/uploads\/2024\/02\/best-round-dog-beds.webp\",\"width\":1000,\"height\":1000,\"caption\":\"best round dog beds\"},{\"@type\":\"BreadcrumbList\",\"@id\":\"https:\/\/petproducts.com.cn\/product\/best-round-dog-beds-canvas-pet-bed\/#breadcrumb\",\"itemListElement\":[{\"@type\":\"ListItem\",\"position\":1,\"name\":\"HOME\",\"item\":\"https:\/\/petproducts.com.cn\/\"},{\"@type\":\"ListItem\",\"position\":2,\"name\":\"Products\",\"item\":\"https:\/\/petproducts.com.cn\/shop\/\"},{\"@type\":\"ListItem\",\"position\":3,\"name\":\"Dog Beds\",\"item\":\"https:\/\/petproducts.com.cn\/product-category\/dog-beds\/\"},{\"@type\":\"ListItem\",\"position\":4,\"name\":\"Best Round Dog Beds Canvas Pet Bed\"}]},{\"@type\":\"WebSite\",\"@id\":\"https:\/\/petproducts.com.cn\/#website\",\"url\":\"https:\/\/petproducts.com.cn\/\",\"name\":\"Petstar\",\"description\":\"Leading Pet Supplies Manufacturer &amp; OEM Pet Products Supplier\",\"publisher\":{\"@id\":\"https:\/\/petproducts.com.cn\/#organization\"},\"alternateName\":\"Petstar Pet Supplies\",\"potentialAction\":[{\"@type\":\"SearchAction\",\"target\":{\"@type\":\"EntryPoint\",\"urlTemplate\":\"https:\/\/petproducts.com.cn\/?s={search_term_string}\"},\"query-input\":{\"@type\":\"PropertyValueSpecification\",\"valueRequired\":true,\"valueName\":\"search_term_string\"}}],\"inLanguage\":\"es\"},{\"@type\":\"Organization\",\"@id\":\"https:\/\/petproducts.com.cn\/#organization\",\"name\":\"Petstar\",\"url\":\"https:\/\/petproducts.com.cn\/\",\"logo\":{\"@type\":\"ImageObject\",\"inLanguage\":\"es\",\"@id\":\"https:\/\/petproducts.com.cn\/#\/schema\/logo\/image\/\",\"url\":\"https:\/\/petproducts.com.cn\/wp-content\/uploads\/2020\/02\/petstar-logo.webp\",\"contentUrl\":\"https:\/\/petproducts.com.cn\/wp-content\/uploads\/2020\/02\/petstar-logo.webp\",\"width\":779,\"height\":520,\"caption\":\"Petstar\"},\"image\":{\"@id\":\"https:\/\/petproducts.com.cn\/#\/schema\/logo\/image\/\"}}]}<\/script>\n<!-- \/ Yoast SEO plugin. -->","yoast_head_json":{"title":"Las mejores camas redondas para perros | Custom Canvas Pet Bed - Petstar","description":"Explore las mejores camas redondas para perros, cama redonda de lona para perros, cama de lona para mascotas del fabricante. Su soluci\u00f3n comercial ideal con Petstar.","robots":{"index":"index","follow":"follow","max-snippet":"max-snippet:-1","max-image-preview":"max-image-preview:large","max-video-preview":"max-video-preview:-1"},"canonical":"https:\/\/petproducts.com.cn\/es\/producto\/mejores-camas-redondas-para-perros-cama-de-lona-para-mascotas\/","og_locale":"es_ES","og_type":"article","og_title":"Best Round Dog Beds | Custom Canvas Pet Bed - Petstar","og_description":"Explore best round dog beds, round canvas dog bed, canvas pet bed from the manufacturer. Your ideal business solution with Petstar.","og_url":"https:\/\/petproducts.com.cn\/es\/producto\/mejores-camas-redondas-para-perros-cama-de-lona-para-mascotas\/","og_site_name":"Petstar","article_modified_time":"2024-02-18T05:56:39+00:00","og_image":[{"width":1000,"height":1000,"url":"https:\/\/petproducts.com.cn\/wp-content\/uploads\/2024\/02\/best-round-dog-beds.webp","type":"image\/webp"}],"twitter_card":"summary_large_image","twitter_misc":{"Tiempo de lectura":"2 minutos"},"schema":{"@context":"https:\/\/schema.org","@graph":[{"@type":"WebPage","@id":"https:\/\/petproducts.com.cn\/product\/best-round-dog-beds-canvas-pet-bed\/","url":"https:\/\/petproducts.com.cn\/product\/best-round-dog-beds-canvas-pet-bed\/","name":"Las mejores camas redondas para perros | Custom Canvas Pet Bed - Petstar","isPartOf":{"@id":"https:\/\/petproducts.com.cn\/#website"},"primaryImageOfPage":{"@id":"https:\/\/petproducts.com.cn\/product\/best-round-dog-beds-canvas-pet-bed\/#primaryimage"},"image":{"@id":"https:\/\/petproducts.com.cn\/product\/best-round-dog-beds-canvas-pet-bed\/#primaryimage"},"thumbnailUrl":"https:\/\/petproducts.com.cn\/wp-content\/uploads\/2024\/02\/best-round-dog-beds.webp","datePublished":"2024-02-18T03:12:59+00:00","dateModified":"2024-02-18T05:56:39+00:00","description":"Explore las mejores camas redondas para perros, cama redonda de lona para perros, cama de lona para mascotas del fabricante. Su soluci\u00f3n comercial ideal con Petstar.","breadcrumb":{"@id":"https:\/\/petproducts.com.cn\/product\/best-round-dog-beds-canvas-pet-bed\/#breadcrumb"},"inLanguage":"es","potentialAction":[{"@type":"ReadAction","target":["https:\/\/petproducts.com.cn\/product\/best-round-dog-beds-canvas-pet-bed\/"]}]},{"@type":"ImageObject","inLanguage":"es","@id":"https:\/\/petproducts.com.cn\/product\/best-round-dog-beds-canvas-pet-bed\/#primaryimage","url":"https:\/\/petproducts.com.cn\/wp-content\/uploads\/2024\/02\/best-round-dog-beds.webp","contentUrl":"https:\/\/petproducts.com.cn\/wp-content\/uploads\/2024\/02\/best-round-dog-beds.webp","width":1000,"height":1000,"caption":"best round dog beds"},{"@type":"BreadcrumbList","@id":"https:\/\/petproducts.com.cn\/product\/best-round-dog-beds-canvas-pet-bed\/#breadcrumb","itemListElement":[{"@type":"ListItem","position":1,"name":"HOME","item":"https:\/\/petproducts.com.cn\/"},{"@type":"ListItem","position":2,"name":"Products","item":"https:\/\/petproducts.com.cn\/shop\/"},{"@type":"ListItem","position":3,"name":"Dog Beds","item":"https:\/\/petproducts.com.cn\/product-category\/dog-beds\/"},{"@type":"ListItem","position":4,"name":"Best Round Dog Beds Canvas Pet Bed"}]},{"@type":"WebSite","@id":"https:\/\/petproducts.com.cn\/#website","url":"https:\/\/petproducts.com.cn\/","name":"Petstar","description":"Fabricante l\u00edder de art\u00edculos para mascotas y proveedor OEM de productos para mascotas","publisher":{"@id":"https:\/\/petproducts.com.cn\/#organization"},"alternateName":"Petstar Pet Supplies","potentialAction":[{"@type":"SearchAction","target":{"@type":"EntryPoint","urlTemplate":"https:\/\/petproducts.com.cn\/?s={search_term_string}"},"query-input":{"@type":"PropertyValueSpecification","valueRequired":true,"valueName":"search_term_string"}}],"inLanguage":"es"},{"@type":"Organization","@id":"https:\/\/petproducts.com.cn\/#organization","name":"Petstar","url":"https:\/\/petproducts.com.cn\/","logo":{"@type":"ImageObject","inLanguage":"es","@id":"https:\/\/petproducts.com.cn\/#\/schema\/logo\/image\/","url":"https:\/\/petproducts.com.cn\/wp-content\/uploads\/2020\/02\/petstar-logo.webp","contentUrl":"https:\/\/petproducts.com.cn\/wp-content\/uploads\/2020\/02\/petstar-logo.webp","width":779,"height":520,"caption":"Petstar"},"image":{"@id":"https:\/\/petproducts.com.cn\/#\/schema\/logo\/image\/"}}]}},"_links":{"self":[{"href":"https:\/\/petproducts.com.cn\/es\/wp-json\/wp\/v2\/product\/19825","targetHints":{"allow":["GET"]}}],"collection":[{"href":"https:\/\/petproducts.com.cn\/es\/wp-json\/wp\/v2\/product"}],"about":[{"href":"https:\/\/petproducts.com.cn\/es\/wp-json\/wp\/v2\/types\/product"}],"version-history":[{"count":1,"href":"https:\/\/petproducts.com.cn\/es\/wp-json\/wp\/v2\/product\/19825\/revisions"}],"predecessor-version":[{"id":19832,"href":"https:\/\/petproducts.com.cn\/es\/wp-json\/wp\/v2\/product\/19825\/revisions\/19832"}],"wp:featuredmedia":[{"embeddable":true,"href":"https:\/\/petproducts.com.cn\/es\/wp-json\/wp\/v2\/media\/19826"}],"wp:attachment":[{"href":"https:\/\/petproducts.com.cn\/es\/wp-json\/wp\/v2\/media?parent=19825"}],"wp:term":[{"taxonomy":"product_brand","embeddable":true,"href":"https:\/\/petproducts.com.cn\/es\/wp-json\/wp\/v2\/product_brand?post=19825"},{"taxonomy":"product_cat","embeddable":true,"href":"https:\/\/petproducts.com.cn\/es\/wp-json\/wp\/v2\/product_cat?post=19825"},{"taxonomy":"product_tag","embeddable":true,"href":"https:\/\/petproducts.com.cn\/es\/wp-json\/wp\/v2\/product_tag?post=19825"}],"curies":[{"name":"wp","href":"https:\/\/api.w.org\/{rel}","templated":true}]}}