{"id":21896,"date":"2024-04-10T09:25:27","date_gmt":"2024-04-10T09:25:27","guid":{"rendered":"https:\/\/petproducts.com.cn\/?post_type=product&#038;p=21896"},"modified":"2024-07-15T06:31:28","modified_gmt":"2024-07-15T06:31:28","slug":"custom-round-slow-dog-food-bowl","status":"publish","type":"product","link":"https:\/\/petproducts.com.cn\/es\/product\/custom-round-slow-dog-food-bowl\/","title":{"rendered":"Taz\u00f3n de comida para perros lento y redondo personalizado"},"content":{"rendered":"<p>Nuestros comederos lentos para perros est\u00e1n dise\u00f1ados espec\u00edficamente para mayoristas, personalizadores y dise\u00f1adores. Tanto si busca muestras, como una producci\u00f3n personalizada o pedidos al por mayor, nos adaptamos a sus necesidades. Nuestros comederos lentos para perros ofrecen una gran variedad de opciones, como distintos materiales (silicona, cer\u00e1mica), configuraciones de comedero simple o doble para gatos, y caracter\u00edsticas como alimentaci\u00f3n lenta o dise\u00f1o elevado.<\/p>\n<h3>Taz\u00f3n de fuente lento modificado para requisitos particulares del perro :<\/h3>\n<ol>\n<li><strong>Opciones de personalizaci\u00f3n :<\/strong>Ofrecemos opciones de personalizaci\u00f3n flexibles para satisfacer las necesidades individuales de los clientes y los requisitos de marca, garantizando una soluci\u00f3n a medida para diferentes marcas y mercados.<\/li>\n<li><strong>Variedad de materiales:<\/strong> Nuestros cuencos personalizables para mascotas est\u00e1n disponibles en varios materiales, como silicona y cer\u00e1mica de alta calidad, que garantizan su durabilidad y seguridad.<\/li>\n<li><strong>Beneficios al por mayor:<\/strong> Como fabricantes directos, ofrecemos precios al por mayor competitivos y cantidades de pedido flexibles, lo que facilita la gesti\u00f3n del inventario y los costes.<\/li>\n<li><strong>Servicios de muestreo y dise\u00f1o:<\/strong> Ofrecemos servicios de muestreo y dise\u00f1o para ayudar a los clientes a materializar sus ideas y conceptos de producto \u00fanicos, garantizando que los cuencos personalizables para mascotas se ajusten a su imagen de marca y posicionamiento en el mercado.<\/li>\n<li><strong>Seguro de calidad:<\/strong> Con estrictas normas de control de calidad y procesos de producci\u00f3n, nos aseguramos de que cada cuenco personalizable para mascotas cumpla las normas de calidad m\u00e1s exigentes, proporcionando una garant\u00eda de producto fiable a los clientes.<\/li>\n<\/ol>\n<h3>Ventajas:<\/h3>\n<ul>\n<li>Opciones de personalizaci\u00f3n flexibles para satisfacer las distintas necesidades de los clientes y del mercado.<\/li>\n<li>La variedad de materiales garantiza la durabilidad y la seguridad.<\/li>\n<li>Los precios al por mayor competitivos y las cantidades de pedido flexibles ofrecen mayores m\u00e1rgenes de beneficio a los clientes.<\/li>\n<li>Los servicios de muestreo y dise\u00f1o ayudan a los clientes a dar vida a sus conceptos de producto \u00fanicos.<\/li>\n<li>Las estrictas normas de control de calidad y los procesos de producci\u00f3n garantizan una calidad fiable de los productos.<\/li>\n<\/ul>\n<p>Elija nuestros cuencos personalizables para perros para diferenciar sus productos, satisfacer las necesidades de los clientes y crear m\u00e1s valor comercial.<\/p>\n<p>&nbsp;<\/p>","protected":false},"excerpt":{"rendered":"<p>Somos fabricantes de comederos para mascotas con m\u00e1s de 20 a\u00f1os de experiencia. Ofrecemos opciones de personalizaci\u00f3n de color, tama\u00f1o, tejido, patr\u00f3n, logotipo y otras caracter\u00edsticas.<\/p>","protected":false},"featured_media":21897,"template":"","meta":{"_acf_changed":false},"product_brand":[],"product_cat":[134,71,127,72],"product_tag":[167,172,173],"class_list":{"0":"post-21896","1":"product","2":"type-product","3":"status-publish","4":"has-post-thumbnail","6":"product_cat-cat-feeding-watering-supplies","7":"product_cat-cat-supplies","8":"product_cat-dog-feeding-watering-supplies","9":"product_cat-dog-supplies","10":"product_tag-pet-bowls","11":"product_tag-plastic-pet-bowls","12":"product_tag-slow-pet-bowls","14":"first","15":"instock","16":"shipping-taxable","17":"product-type-simple"},"acf":[],"yoast_head":"<!-- This site is optimized with the Yoast SEO plugin v27.1.1 - https:\/\/yoast.com\/product\/yoast-seo-wordpress\/ -->\n<title>Custom Round Slow Dog Food Bowl - Petstar Customized Cat Bowl<\/title>\n<meta name=\"description\" content=\"Explore Tianyuan Slow Dog Food Bowl- Mass Production And Customization Options Available.We Are A Leading Global One-Stop Pet Supplies Supplier.\" \/>\n<meta name=\"robots\" content=\"index, follow, max-snippet:-1, max-image-preview:large, max-video-preview:-1\" \/>\n<link rel=\"canonical\" href=\"https:\/\/petproducts.com.cn\/es\/producto\/custom-round-slow-dog-food-bowl\/\" \/>\n<meta property=\"og:locale\" content=\"es_ES\" \/>\n<meta property=\"og:type\" content=\"article\" \/>\n<meta property=\"og:title\" content=\"Custom Round Slow Dog Food Bowl - Petstar Customized Cat Bowl\" \/>\n<meta property=\"og:description\" content=\"Explore Tianyuan Slow Dog Food Bowl- Mass Production And Customization Options Available.We Are A Leading Global One-Stop Pet Supplies Supplier.\" \/>\n<meta property=\"og:url\" content=\"https:\/\/petproducts.com.cn\/es\/producto\/custom-round-slow-dog-food-bowl\/\" \/>\n<meta property=\"og:site_name\" content=\"Petstar\" \/>\n<meta property=\"article:modified_time\" content=\"2024-07-15T06:31:28+00:00\" \/>\n<meta property=\"og:image\" content=\"https:\/\/petproducts.com.cn\/wp-content\/uploads\/2024\/04\/slow-dog-food-bowl.webp\" \/>\n\t<meta property=\"og:image:width\" content=\"800\" \/>\n\t<meta property=\"og:image:height\" content=\"800\" \/>\n\t<meta property=\"og:image:type\" content=\"image\/webp\" \/>\n<meta name=\"twitter:card\" content=\"summary_large_image\" \/>\n<meta name=\"twitter:label1\" content=\"Tiempo de lectura\" \/>\n\t<meta name=\"twitter:data1\" content=\"2 minutos\" \/>\n<script type=\"application\/ld+json\" class=\"yoast-schema-graph\">{\"@context\":\"https:\/\/schema.org\",\"@graph\":[{\"@type\":\"WebPage\",\"@id\":\"https:\/\/petproducts.com.cn\/product\/custom-round-slow-dog-food-bowl\/\",\"url\":\"https:\/\/petproducts.com.cn\/product\/custom-round-slow-dog-food-bowl\/\",\"name\":\"Custom Round Slow Dog Food Bowl - Petstar Customized Cat Bowl\",\"isPartOf\":{\"@id\":\"https:\/\/petproducts.com.cn\/#website\"},\"primaryImageOfPage\":{\"@id\":\"https:\/\/petproducts.com.cn\/product\/custom-round-slow-dog-food-bowl\/#primaryimage\"},\"image\":{\"@id\":\"https:\/\/petproducts.com.cn\/product\/custom-round-slow-dog-food-bowl\/#primaryimage\"},\"thumbnailUrl\":\"https:\/\/petproducts.com.cn\/wp-content\/uploads\/2024\/04\/slow-dog-food-bowl.webp\",\"datePublished\":\"2024-04-10T09:25:27+00:00\",\"dateModified\":\"2024-07-15T06:31:28+00:00\",\"description\":\"Explore Tianyuan Slow Dog Food Bowl- Mass Production And Customization Options Available.We Are A Leading Global One-Stop Pet Supplies Supplier.\",\"breadcrumb\":{\"@id\":\"https:\/\/petproducts.com.cn\/product\/custom-round-slow-dog-food-bowl\/#breadcrumb\"},\"inLanguage\":\"es\",\"potentialAction\":[{\"@type\":\"ReadAction\",\"target\":[\"https:\/\/petproducts.com.cn\/product\/custom-round-slow-dog-food-bowl\/\"]}]},{\"@type\":\"ImageObject\",\"inLanguage\":\"es\",\"@id\":\"https:\/\/petproducts.com.cn\/product\/custom-round-slow-dog-food-bowl\/#primaryimage\",\"url\":\"https:\/\/petproducts.com.cn\/wp-content\/uploads\/2024\/04\/slow-dog-food-bowl.webp\",\"contentUrl\":\"https:\/\/petproducts.com.cn\/wp-content\/uploads\/2024\/04\/slow-dog-food-bowl.webp\",\"width\":800,\"height\":800,\"caption\":\"slow dog food bowl\"},{\"@type\":\"BreadcrumbList\",\"@id\":\"https:\/\/petproducts.com.cn\/product\/custom-round-slow-dog-food-bowl\/#breadcrumb\",\"itemListElement\":[{\"@type\":\"ListItem\",\"position\":1,\"name\":\"HOME\",\"item\":\"https:\/\/petproducts.com.cn\/\"},{\"@type\":\"ListItem\",\"position\":2,\"name\":\"Products\",\"item\":\"https:\/\/petproducts.com.cn\/shop\/\"},{\"@type\":\"ListItem\",\"position\":3,\"name\":\"Dog Supplies\",\"item\":\"https:\/\/petproducts.com.cn\/product-category\/dog-supplies\/\"},{\"@type\":\"ListItem\",\"position\":4,\"name\":\"Custom Round Slow Dog Food Bowl\"}]},{\"@type\":\"WebSite\",\"@id\":\"https:\/\/petproducts.com.cn\/#website\",\"url\":\"https:\/\/petproducts.com.cn\/\",\"name\":\"Petstar\",\"description\":\"Leading Pet Supplies Manufacturer &amp; OEM Pet Products Supplier\",\"publisher\":{\"@id\":\"https:\/\/petproducts.com.cn\/#organization\"},\"alternateName\":\"Petstar Pet Supplies\",\"potentialAction\":[{\"@type\":\"SearchAction\",\"target\":{\"@type\":\"EntryPoint\",\"urlTemplate\":\"https:\/\/petproducts.com.cn\/?s={search_term_string}\"},\"query-input\":{\"@type\":\"PropertyValueSpecification\",\"valueRequired\":true,\"valueName\":\"search_term_string\"}}],\"inLanguage\":\"es\"},{\"@type\":\"Organization\",\"@id\":\"https:\/\/petproducts.com.cn\/#organization\",\"name\":\"Petstar\",\"url\":\"https:\/\/petproducts.com.cn\/\",\"logo\":{\"@type\":\"ImageObject\",\"inLanguage\":\"es\",\"@id\":\"https:\/\/petproducts.com.cn\/#\/schema\/logo\/image\/\",\"url\":\"https:\/\/petproducts.com.cn\/wp-content\/uploads\/2020\/02\/petstar-logo.webp\",\"contentUrl\":\"https:\/\/petproducts.com.cn\/wp-content\/uploads\/2020\/02\/petstar-logo.webp\",\"width\":779,\"height\":520,\"caption\":\"Petstar\"},\"image\":{\"@id\":\"https:\/\/petproducts.com.cn\/#\/schema\/logo\/image\/\"}}]}<\/script>\n<!-- \/ Yoast SEO plugin. -->","yoast_head_json":{"title":"Comedero redondo personalizado para perros - Petstar Comedero personalizado para gatos","description":"Explore Tianyuan Slow Dog Food Bowl- Producci\u00f3n en masa y opciones de personalizaci\u00f3n disponibles.we Are A Leading Global One-Stop Pet Supplies Supplier.","robots":{"index":"index","follow":"follow","max-snippet":"max-snippet:-1","max-image-preview":"max-image-preview:large","max-video-preview":"max-video-preview:-1"},"canonical":"https:\/\/petproducts.com.cn\/es\/producto\/custom-round-slow-dog-food-bowl\/","og_locale":"es_ES","og_type":"article","og_title":"Custom Round Slow Dog Food Bowl - Petstar Customized Cat Bowl","og_description":"Explore Tianyuan Slow Dog Food Bowl- Mass Production And Customization Options Available.We Are A Leading Global One-Stop Pet Supplies Supplier.","og_url":"https:\/\/petproducts.com.cn\/es\/producto\/custom-round-slow-dog-food-bowl\/","og_site_name":"Petstar","article_modified_time":"2024-07-15T06:31:28+00:00","og_image":[{"width":800,"height":800,"url":"https:\/\/petproducts.com.cn\/wp-content\/uploads\/2024\/04\/slow-dog-food-bowl.webp","type":"image\/webp"}],"twitter_card":"summary_large_image","twitter_misc":{"Tiempo de lectura":"2 minutos"},"schema":{"@context":"https:\/\/schema.org","@graph":[{"@type":"WebPage","@id":"https:\/\/petproducts.com.cn\/product\/custom-round-slow-dog-food-bowl\/","url":"https:\/\/petproducts.com.cn\/product\/custom-round-slow-dog-food-bowl\/","name":"Comedero redondo personalizado para perros - Petstar Comedero personalizado para gatos","isPartOf":{"@id":"https:\/\/petproducts.com.cn\/#website"},"primaryImageOfPage":{"@id":"https:\/\/petproducts.com.cn\/product\/custom-round-slow-dog-food-bowl\/#primaryimage"},"image":{"@id":"https:\/\/petproducts.com.cn\/product\/custom-round-slow-dog-food-bowl\/#primaryimage"},"thumbnailUrl":"https:\/\/petproducts.com.cn\/wp-content\/uploads\/2024\/04\/slow-dog-food-bowl.webp","datePublished":"2024-04-10T09:25:27+00:00","dateModified":"2024-07-15T06:31:28+00:00","description":"Explore Tianyuan Slow Dog Food Bowl- Producci\u00f3n en masa y opciones de personalizaci\u00f3n disponibles.we Are A Leading Global One-Stop Pet Supplies Supplier.","breadcrumb":{"@id":"https:\/\/petproducts.com.cn\/product\/custom-round-slow-dog-food-bowl\/#breadcrumb"},"inLanguage":"es","potentialAction":[{"@type":"ReadAction","target":["https:\/\/petproducts.com.cn\/product\/custom-round-slow-dog-food-bowl\/"]}]},{"@type":"ImageObject","inLanguage":"es","@id":"https:\/\/petproducts.com.cn\/product\/custom-round-slow-dog-food-bowl\/#primaryimage","url":"https:\/\/petproducts.com.cn\/wp-content\/uploads\/2024\/04\/slow-dog-food-bowl.webp","contentUrl":"https:\/\/petproducts.com.cn\/wp-content\/uploads\/2024\/04\/slow-dog-food-bowl.webp","width":800,"height":800,"caption":"slow dog food bowl"},{"@type":"BreadcrumbList","@id":"https:\/\/petproducts.com.cn\/product\/custom-round-slow-dog-food-bowl\/#breadcrumb","itemListElement":[{"@type":"ListItem","position":1,"name":"HOME","item":"https:\/\/petproducts.com.cn\/"},{"@type":"ListItem","position":2,"name":"Products","item":"https:\/\/petproducts.com.cn\/shop\/"},{"@type":"ListItem","position":3,"name":"Dog Supplies","item":"https:\/\/petproducts.com.cn\/product-category\/dog-supplies\/"},{"@type":"ListItem","position":4,"name":"Custom Round Slow Dog Food Bowl"}]},{"@type":"WebSite","@id":"https:\/\/petproducts.com.cn\/#website","url":"https:\/\/petproducts.com.cn\/","name":"Petstar","description":"Fabricante l\u00edder de art\u00edculos para mascotas y proveedor OEM de productos para mascotas","publisher":{"@id":"https:\/\/petproducts.com.cn\/#organization"},"alternateName":"Petstar Pet Supplies","potentialAction":[{"@type":"SearchAction","target":{"@type":"EntryPoint","urlTemplate":"https:\/\/petproducts.com.cn\/?s={search_term_string}"},"query-input":{"@type":"PropertyValueSpecification","valueRequired":true,"valueName":"search_term_string"}}],"inLanguage":"es"},{"@type":"Organization","@id":"https:\/\/petproducts.com.cn\/#organization","name":"Petstar","url":"https:\/\/petproducts.com.cn\/","logo":{"@type":"ImageObject","inLanguage":"es","@id":"https:\/\/petproducts.com.cn\/#\/schema\/logo\/image\/","url":"https:\/\/petproducts.com.cn\/wp-content\/uploads\/2020\/02\/petstar-logo.webp","contentUrl":"https:\/\/petproducts.com.cn\/wp-content\/uploads\/2020\/02\/petstar-logo.webp","width":779,"height":520,"caption":"Petstar"},"image":{"@id":"https:\/\/petproducts.com.cn\/#\/schema\/logo\/image\/"}}]}},"_links":{"self":[{"href":"https:\/\/petproducts.com.cn\/es\/wp-json\/wp\/v2\/product\/21896","targetHints":{"allow":["GET"]}}],"collection":[{"href":"https:\/\/petproducts.com.cn\/es\/wp-json\/wp\/v2\/product"}],"about":[{"href":"https:\/\/petproducts.com.cn\/es\/wp-json\/wp\/v2\/types\/product"}],"version-history":[{"count":2,"href":"https:\/\/petproducts.com.cn\/es\/wp-json\/wp\/v2\/product\/21896\/revisions"}],"predecessor-version":[{"id":22346,"href":"https:\/\/petproducts.com.cn\/es\/wp-json\/wp\/v2\/product\/21896\/revisions\/22346"}],"wp:featuredmedia":[{"embeddable":true,"href":"https:\/\/petproducts.com.cn\/es\/wp-json\/wp\/v2\/media\/21897"}],"wp:attachment":[{"href":"https:\/\/petproducts.com.cn\/es\/wp-json\/wp\/v2\/media?parent=21896"}],"wp:term":[{"taxonomy":"product_brand","embeddable":true,"href":"https:\/\/petproducts.com.cn\/es\/wp-json\/wp\/v2\/product_brand?post=21896"},{"taxonomy":"product_cat","embeddable":true,"href":"https:\/\/petproducts.com.cn\/es\/wp-json\/wp\/v2\/product_cat?post=21896"},{"taxonomy":"product_tag","embeddable":true,"href":"https:\/\/petproducts.com.cn\/es\/wp-json\/wp\/v2\/product_tag?post=21896"}],"curies":[{"name":"wp","href":"https:\/\/api.w.org\/{rel}","templated":true}]}}