{"id":21993,"date":"2024-04-12T07:35:13","date_gmt":"2024-04-12T07:35:13","guid":{"rendered":"https:\/\/petproducts.com.cn\/?post_type=product&#038;p=21993"},"modified":"2024-04-15T02:24:38","modified_gmt":"2024-04-15T02:24:38","slug":"big-bed-for-dogs-rectangle-comfy-pet-beds","status":"publish","type":"product","link":"https:\/\/petproducts.com.cn\/es\/product\/big-bed-for-dogs-rectangle-comfy-pet-beds\/","title":{"rendered":"Cama grande para perros Camas rectangulares c\u00f3modas para mascotas"},"content":{"rendered":"<h2>Features Of Big Bed For Dogs<\/h2>\n<div class=\"w-full pt-2 md:pt-0 dark:border-white\/20 md:border-transparent md:dark:border-transparent md:w-[calc(100%-.5rem)]\">\n<form class=\"stretch mx-2 flex flex-row gap-3 last:mb-2 md:mx-4 md:last:mb-6 lg:mx-auto lg:max-w-2xl xl:max-w-3xl\">\n<div class=\"relative flex h-full flex-1 flex-col\">\n<div class=\"flex w-full items-center\">\n<div class=\"overflow-hidden [&amp;:has(textarea:focus)]:border-token-border-xheavy [&amp;:has(textarea:focus)]:shadow-[0_2px_6px_rgba(0,0,0,.05)] flex flex-col w-full dark:border-token-border-medium flex-grow relative border border-token-border-medium dark:text-white rounded-2xl bg-token-main-surface-primary\">\n<div data-grammarly-part=\"button\">\n<ol>\n<li><strong>Discover Ultimate Comfort with our Big Dog Bed:<\/strong> Unveil unparalleled comfort for your furry friend with our spacious and cozy big bed for dogs. Crafted with meticulous attention to detail, this bed ensures your medium-sized dog enjoys a restful sleep experience like never before.<\/li>\n<li><strong>Indulge Your Medium Dog in Plush Comfort:<\/strong> Furthermore, our dog beds big offer a luxurious retreat for medium-sized dogs. The square shape provides ample space for stretching out, while the raised edges offer a comfortable headrest for added warmth and coziness during naptime.<\/li>\n<li><strong>Stability and Security for Peace of Mind:<\/strong> Designed with your pet&#8217;s safety in mind, our comfy dog beds feature a non-slip bottom. This innovative design prevents the bed from slipping or sliding on hard floors, ensuring stability and security for your furry companion.<\/li>\n<li><strong>Personalize Your Dog&#8217;s Haven with Customization Options:<\/strong> Personalize your dog&#8217;s sanctuary by opting for customized features such as adding a logo. Additionally, choose from a variety of colors and sizes to tailor the bed to your pet&#8217;s preferences and your home decor.<\/li>\n<li><strong>Upgrade Your Dog&#8217;s Resting Experience Today:<\/strong> Elevate your dog&#8217;s comfort and well-being with our premium big bed for dogs. Order now to provide your furry friend with the ultimate sleeping haven\u2014a perfect blend of style, comfort, and security.<\/li>\n<\/ol>\n<\/div>\n<\/div>\n<\/div>\n<\/div>\n<\/form>\n<\/div>\n","protected":false},"excerpt":{"rendered":"<p>Somos fabricantes de camas para mascotas con m\u00e1s de 20 a\u00f1os de experiencia. Ofrecemos opciones de personalizaci\u00f3n para el color, tama\u00f1o, tela, patr\u00f3n, logotipo y otras caracter\u00edsticas.<\/p>","protected":false},"featured_media":21994,"template":"","meta":{"_acf_changed":false},"product_brand":[],"product_cat":[57,72],"product_tag":[75],"class_list":{"0":"post-21993","1":"product","2":"type-product","3":"status-publish","4":"has-post-thumbnail","6":"product_cat-dog-beds","7":"product_cat-dog-supplies","8":"product_tag-dog-beds","10":"first","11":"instock","12":"shipping-taxable","13":"product-type-simple"},"acf":[],"yoast_head":"<!-- This site is optimized with the Yoast SEO plugin v27.1.1 - https:\/\/yoast.com\/product\/yoast-seo-wordpress\/ -->\n<title>Big Bed for Dogs | Custom Comfy Pet Bed- Petstar<\/title>\n<meta name=\"description\" content=\"Explore big bed for dogs, rectangle pet bed, comfy pet bed from the manufacturer. Your ideal business solution with Petstar.\" \/>\n<meta name=\"robots\" content=\"index, follow, max-snippet:-1, max-image-preview:large, max-video-preview:-1\" \/>\n<link rel=\"canonical\" href=\"https:\/\/petproducts.com.cn\/es\/producto\/big-bed-for-dogs-rectangle-comfy-pet-beds\/\" \/>\n<meta property=\"og:locale\" content=\"es_ES\" \/>\n<meta property=\"og:type\" content=\"article\" \/>\n<meta property=\"og:title\" content=\"Big Bed for Dogs | Custom Comfy Pet Bed- Petstar\" \/>\n<meta property=\"og:description\" content=\"Explore big bed for dogs, rectangle pet bed, comfy pet bed from the manufacturer. Your ideal business solution with Petstar.\" \/>\n<meta property=\"og:url\" content=\"https:\/\/petproducts.com.cn\/es\/producto\/big-bed-for-dogs-rectangle-comfy-pet-beds\/\" \/>\n<meta property=\"og:site_name\" content=\"Petstar\" \/>\n<meta property=\"article:modified_time\" content=\"2024-04-15T02:24:38+00:00\" \/>\n<meta property=\"og:image\" content=\"https:\/\/petproducts.com.cn\/wp-content\/uploads\/2024\/04\/big-bed-for-dogs_webp.webp\" \/>\n\t<meta property=\"og:image:width\" content=\"1000\" \/>\n\t<meta property=\"og:image:height\" content=\"1000\" \/>\n\t<meta property=\"og:image:type\" content=\"image\/webp\" \/>\n<meta name=\"twitter:card\" content=\"summary_large_image\" \/>\n<meta name=\"twitter:label1\" content=\"Tiempo de lectura\" \/>\n\t<meta name=\"twitter:data1\" content=\"1 minuto\" \/>\n<script type=\"application\/ld+json\" class=\"yoast-schema-graph\">{\"@context\":\"https:\/\/schema.org\",\"@graph\":[{\"@type\":\"WebPage\",\"@id\":\"https:\/\/petproducts.com.cn\/product\/big-bed-for-dogs-rectangle-comfy-pet-beds\/\",\"url\":\"https:\/\/petproducts.com.cn\/product\/big-bed-for-dogs-rectangle-comfy-pet-beds\/\",\"name\":\"Big Bed for Dogs | Custom Comfy Pet Bed- Petstar\",\"isPartOf\":{\"@id\":\"https:\/\/petproducts.com.cn\/#website\"},\"primaryImageOfPage\":{\"@id\":\"https:\/\/petproducts.com.cn\/product\/big-bed-for-dogs-rectangle-comfy-pet-beds\/#primaryimage\"},\"image\":{\"@id\":\"https:\/\/petproducts.com.cn\/product\/big-bed-for-dogs-rectangle-comfy-pet-beds\/#primaryimage\"},\"thumbnailUrl\":\"https:\/\/petproducts.com.cn\/wp-content\/uploads\/2024\/04\/big-bed-for-dogs_webp.webp\",\"datePublished\":\"2024-04-12T07:35:13+00:00\",\"dateModified\":\"2024-04-15T02:24:38+00:00\",\"description\":\"Explore big bed for dogs, rectangle pet bed, comfy pet bed from the manufacturer. Your ideal business solution with Petstar.\",\"breadcrumb\":{\"@id\":\"https:\/\/petproducts.com.cn\/product\/big-bed-for-dogs-rectangle-comfy-pet-beds\/#breadcrumb\"},\"inLanguage\":\"es\",\"potentialAction\":[{\"@type\":\"ReadAction\",\"target\":[\"https:\/\/petproducts.com.cn\/product\/big-bed-for-dogs-rectangle-comfy-pet-beds\/\"]}]},{\"@type\":\"ImageObject\",\"inLanguage\":\"es\",\"@id\":\"https:\/\/petproducts.com.cn\/product\/big-bed-for-dogs-rectangle-comfy-pet-beds\/#primaryimage\",\"url\":\"https:\/\/petproducts.com.cn\/wp-content\/uploads\/2024\/04\/big-bed-for-dogs_webp.webp\",\"contentUrl\":\"https:\/\/petproducts.com.cn\/wp-content\/uploads\/2024\/04\/big-bed-for-dogs_webp.webp\",\"width\":1000,\"height\":1000,\"caption\":\"big bed for dogs\"},{\"@type\":\"BreadcrumbList\",\"@id\":\"https:\/\/petproducts.com.cn\/product\/big-bed-for-dogs-rectangle-comfy-pet-beds\/#breadcrumb\",\"itemListElement\":[{\"@type\":\"ListItem\",\"position\":1,\"name\":\"HOME\",\"item\":\"https:\/\/petproducts.com.cn\/\"},{\"@type\":\"ListItem\",\"position\":2,\"name\":\"Products\",\"item\":\"https:\/\/petproducts.com.cn\/shop\/\"},{\"@type\":\"ListItem\",\"position\":3,\"name\":\"Dog Beds\",\"item\":\"https:\/\/petproducts.com.cn\/product-category\/dog-beds\/\"},{\"@type\":\"ListItem\",\"position\":4,\"name\":\"Big Bed For Dogs Rectangle Comfy Pet Beds\"}]},{\"@type\":\"WebSite\",\"@id\":\"https:\/\/petproducts.com.cn\/#website\",\"url\":\"https:\/\/petproducts.com.cn\/\",\"name\":\"Petstar\",\"description\":\"Leading Pet Supplies Manufacturer &amp; OEM Pet Products Supplier\",\"publisher\":{\"@id\":\"https:\/\/petproducts.com.cn\/#organization\"},\"alternateName\":\"Petstar Pet Supplies\",\"potentialAction\":[{\"@type\":\"SearchAction\",\"target\":{\"@type\":\"EntryPoint\",\"urlTemplate\":\"https:\/\/petproducts.com.cn\/?s={search_term_string}\"},\"query-input\":{\"@type\":\"PropertyValueSpecification\",\"valueRequired\":true,\"valueName\":\"search_term_string\"}}],\"inLanguage\":\"es\"},{\"@type\":\"Organization\",\"@id\":\"https:\/\/petproducts.com.cn\/#organization\",\"name\":\"Petstar\",\"url\":\"https:\/\/petproducts.com.cn\/\",\"logo\":{\"@type\":\"ImageObject\",\"inLanguage\":\"es\",\"@id\":\"https:\/\/petproducts.com.cn\/#\/schema\/logo\/image\/\",\"url\":\"https:\/\/petproducts.com.cn\/wp-content\/uploads\/2020\/02\/petstar-logo.webp\",\"contentUrl\":\"https:\/\/petproducts.com.cn\/wp-content\/uploads\/2020\/02\/petstar-logo.webp\",\"width\":779,\"height\":520,\"caption\":\"Petstar\"},\"image\":{\"@id\":\"https:\/\/petproducts.com.cn\/#\/schema\/logo\/image\/\"}}]}<\/script>\n<!-- \/ Yoast SEO plugin. -->","yoast_head_json":{"title":"Big Bed para perros | Custom Comfy Pet Bed- Petstar","description":"Explore cama grande para perros, cama rectangular para mascotas, c\u00f3moda cama para mascotas del fabricante. Su soluci\u00f3n de negocio ideal con Petstar.","robots":{"index":"index","follow":"follow","max-snippet":"max-snippet:-1","max-image-preview":"max-image-preview:large","max-video-preview":"max-video-preview:-1"},"canonical":"https:\/\/petproducts.com.cn\/es\/producto\/big-bed-for-dogs-rectangle-comfy-pet-beds\/","og_locale":"es_ES","og_type":"article","og_title":"Big Bed for Dogs | Custom Comfy Pet Bed- Petstar","og_description":"Explore big bed for dogs, rectangle pet bed, comfy pet bed from the manufacturer. Your ideal business solution with Petstar.","og_url":"https:\/\/petproducts.com.cn\/es\/producto\/big-bed-for-dogs-rectangle-comfy-pet-beds\/","og_site_name":"Petstar","article_modified_time":"2024-04-15T02:24:38+00:00","og_image":[{"width":1000,"height":1000,"url":"https:\/\/petproducts.com.cn\/wp-content\/uploads\/2024\/04\/big-bed-for-dogs_webp.webp","type":"image\/webp"}],"twitter_card":"summary_large_image","twitter_misc":{"Tiempo de lectura":"1 minuto"},"schema":{"@context":"https:\/\/schema.org","@graph":[{"@type":"WebPage","@id":"https:\/\/petproducts.com.cn\/product\/big-bed-for-dogs-rectangle-comfy-pet-beds\/","url":"https:\/\/petproducts.com.cn\/product\/big-bed-for-dogs-rectangle-comfy-pet-beds\/","name":"Big Bed para perros | Custom Comfy Pet Bed- Petstar","isPartOf":{"@id":"https:\/\/petproducts.com.cn\/#website"},"primaryImageOfPage":{"@id":"https:\/\/petproducts.com.cn\/product\/big-bed-for-dogs-rectangle-comfy-pet-beds\/#primaryimage"},"image":{"@id":"https:\/\/petproducts.com.cn\/product\/big-bed-for-dogs-rectangle-comfy-pet-beds\/#primaryimage"},"thumbnailUrl":"https:\/\/petproducts.com.cn\/wp-content\/uploads\/2024\/04\/big-bed-for-dogs_webp.webp","datePublished":"2024-04-12T07:35:13+00:00","dateModified":"2024-04-15T02:24:38+00:00","description":"Explore cama grande para perros, cama rectangular para mascotas, c\u00f3moda cama para mascotas del fabricante. Su soluci\u00f3n de negocio ideal con Petstar.","breadcrumb":{"@id":"https:\/\/petproducts.com.cn\/product\/big-bed-for-dogs-rectangle-comfy-pet-beds\/#breadcrumb"},"inLanguage":"es","potentialAction":[{"@type":"ReadAction","target":["https:\/\/petproducts.com.cn\/product\/big-bed-for-dogs-rectangle-comfy-pet-beds\/"]}]},{"@type":"ImageObject","inLanguage":"es","@id":"https:\/\/petproducts.com.cn\/product\/big-bed-for-dogs-rectangle-comfy-pet-beds\/#primaryimage","url":"https:\/\/petproducts.com.cn\/wp-content\/uploads\/2024\/04\/big-bed-for-dogs_webp.webp","contentUrl":"https:\/\/petproducts.com.cn\/wp-content\/uploads\/2024\/04\/big-bed-for-dogs_webp.webp","width":1000,"height":1000,"caption":"big bed for dogs"},{"@type":"BreadcrumbList","@id":"https:\/\/petproducts.com.cn\/product\/big-bed-for-dogs-rectangle-comfy-pet-beds\/#breadcrumb","itemListElement":[{"@type":"ListItem","position":1,"name":"HOME","item":"https:\/\/petproducts.com.cn\/"},{"@type":"ListItem","position":2,"name":"Products","item":"https:\/\/petproducts.com.cn\/shop\/"},{"@type":"ListItem","position":3,"name":"Dog Beds","item":"https:\/\/petproducts.com.cn\/product-category\/dog-beds\/"},{"@type":"ListItem","position":4,"name":"Big Bed For Dogs Rectangle Comfy Pet Beds"}]},{"@type":"WebSite","@id":"https:\/\/petproducts.com.cn\/#website","url":"https:\/\/petproducts.com.cn\/","name":"Petstar","description":"Fabricante l\u00edder de art\u00edculos para mascotas y proveedor OEM de productos para mascotas","publisher":{"@id":"https:\/\/petproducts.com.cn\/#organization"},"alternateName":"Petstar Pet Supplies","potentialAction":[{"@type":"SearchAction","target":{"@type":"EntryPoint","urlTemplate":"https:\/\/petproducts.com.cn\/?s={search_term_string}"},"query-input":{"@type":"PropertyValueSpecification","valueRequired":true,"valueName":"search_term_string"}}],"inLanguage":"es"},{"@type":"Organization","@id":"https:\/\/petproducts.com.cn\/#organization","name":"Petstar","url":"https:\/\/petproducts.com.cn\/","logo":{"@type":"ImageObject","inLanguage":"es","@id":"https:\/\/petproducts.com.cn\/#\/schema\/logo\/image\/","url":"https:\/\/petproducts.com.cn\/wp-content\/uploads\/2020\/02\/petstar-logo.webp","contentUrl":"https:\/\/petproducts.com.cn\/wp-content\/uploads\/2020\/02\/petstar-logo.webp","width":779,"height":520,"caption":"Petstar"},"image":{"@id":"https:\/\/petproducts.com.cn\/#\/schema\/logo\/image\/"}}]}},"_links":{"self":[{"href":"https:\/\/petproducts.com.cn\/es\/wp-json\/wp\/v2\/product\/21993","targetHints":{"allow":["GET"]}}],"collection":[{"href":"https:\/\/petproducts.com.cn\/es\/wp-json\/wp\/v2\/product"}],"about":[{"href":"https:\/\/petproducts.com.cn\/es\/wp-json\/wp\/v2\/types\/product"}],"version-history":[{"count":1,"href":"https:\/\/petproducts.com.cn\/es\/wp-json\/wp\/v2\/product\/21993\/revisions"}],"predecessor-version":[{"id":22000,"href":"https:\/\/petproducts.com.cn\/es\/wp-json\/wp\/v2\/product\/21993\/revisions\/22000"}],"wp:featuredmedia":[{"embeddable":true,"href":"https:\/\/petproducts.com.cn\/es\/wp-json\/wp\/v2\/media\/21994"}],"wp:attachment":[{"href":"https:\/\/petproducts.com.cn\/es\/wp-json\/wp\/v2\/media?parent=21993"}],"wp:term":[{"taxonomy":"product_brand","embeddable":true,"href":"https:\/\/petproducts.com.cn\/es\/wp-json\/wp\/v2\/product_brand?post=21993"},{"taxonomy":"product_cat","embeddable":true,"href":"https:\/\/petproducts.com.cn\/es\/wp-json\/wp\/v2\/product_cat?post=21993"},{"taxonomy":"product_tag","embeddable":true,"href":"https:\/\/petproducts.com.cn\/es\/wp-json\/wp\/v2\/product_tag?post=21993"}],"curies":[{"name":"wp","href":"https:\/\/api.w.org\/{rel}","templated":true}]}}