{"id":22176,"date":"2024-04-16T08:17:44","date_gmt":"2024-04-16T08:17:44","guid":{"rendered":"https:\/\/petproducts.com.cn\/?post_type=product&#038;p=22176"},"modified":"2024-04-16T08:31:16","modified_gmt":"2024-04-16T08:31:16","slug":"pet-car-seat-carrier-wholesale-pet-dog-carrier-for-car","status":"publish","type":"product","link":"https:\/\/petproducts.com.cn\/es\/product\/pet-car-seat-carrier-wholesale-pet-dog-carrier-for-car\/","title":{"rendered":"Portador de asiento de autom\u00f3vil para mascotas Portador de perros para mascotas al por mayor para autom\u00f3vil"},"content":{"rendered":"<h2>Caracter\u00edsticas de la silla de coche para mascotas<\/h2>\n<ol>\n<li><strong>Tama\u00f1o y portabilidad optimizados<\/strong>. Nuestro transport\u00edn para silla de coche de mascotas est\u00e1 dise\u00f1ado con unas dimensiones de 40x30xH38 cm, lo que supone el equilibrio perfecto entre amplitud y portabilidad. Este tama\u00f1o garantiza un amplio espacio para que las mascotas viajen c\u00f3modamente, sin dejar de ser lo suficientemente compacto como para facilitar su manejo y transporte.<\/li>\n<li><strong>Materiales respetuosos con el medio ambiente<\/strong>. Comprometidos con la sostenibilidad, nuestros transportines para mascotas est\u00e1n fabricados con materiales reciclados. Mediante el uso de materiales ecol\u00f3gicos, contribuimos a los esfuerzos de preservaci\u00f3n del medio ambiente al tiempo que proporciona a los due\u00f1os de mascotas con una opci\u00f3n responsable y \u00e9tica para sus necesidades de transporte de mascotas.<\/li>\n<li><strong>M\u00e9todos de uso vers\u00e1tiles<\/strong>: Il momento del gioco \u00e8 essenziale per la salute fisica e mentale dei gatti. Abbiamo aggiunto una palla penzolante per intrattenere e mantenere i gatti attivi. I gatti possono colpire, schiacciare e balzare su questo delizioso giocattolo, assicurandosi che rimangano impegnati.<\/li>\n<li><strong>Opciones de personalizaci\u00f3n a medida<\/strong>. Entendiendo las diversas preferencias de los due\u00f1os de mascotas, nuestro transport\u00edn para perros para coche es personalizable para adaptarse a los gustos y requisitos individuales. Desde la selecci\u00f3n de colores y dise\u00f1os hasta la adici\u00f3n de detalles personalizados, los clientes tienen la libertad de crear un transport\u00edn que refleje su estilo \u00fanico, garantizando al mismo tiempo una comodidad y funcionalidad \u00f3ptimas para sus peludos compa\u00f1eros. Este \u00e9nfasis en la personalizaci\u00f3n garantiza una experiencia de viaje personalizada y agradable tanto para las mascotas como para sus due\u00f1os.<\/li>\n<\/ol>","protected":false},"excerpt":{"rendered":"<p>Somos fabricantes de transportines para mascotas, transportines para perros para coche con m\u00e1s de 20 a\u00f1os de experiencia. Ofrecemos opciones de personalizaci\u00f3n de color, tama\u00f1o, tela, patr\u00f3n, logotipo y otras caracter\u00edsticas.<\/p>","protected":false},"featured_media":22180,"template":"","meta":{"_acf_changed":false},"product_brand":[],"product_cat":[133,71,132,72],"product_tag":[145,144],"class_list":{"0":"post-22176","1":"product","2":"type-product","3":"status-publish","4":"has-post-thumbnail","6":"product_cat-cat-carriers-car-supplies","7":"product_cat-cat-supplies","8":"product_cat-dog-carriers-car-supplies","9":"product_cat-dog-supplies","10":"product_tag-cat-carriers-car-supplies","11":"product_tag-dog-carriers-car-supplies","13":"first","14":"instock","15":"shipping-taxable","16":"product-type-simple"},"acf":[],"yoast_head":"<!-- This site is optimized with the Yoast SEO plugin v27.1.1 - https:\/\/yoast.com\/product\/yoast-seo-wordpress\/ -->\n<title>pet car seat carrier | Wholesale Pet Dog Carrier For Cat - Petstar<\/title>\n<meta name=\"description\" content=\"Explore pet car carriers, pet car seat carrier, dog carrier for car from the manufacturer. Your ideal business solution with Petstar.\" \/>\n<meta name=\"robots\" content=\"index, follow, max-snippet:-1, max-image-preview:large, max-video-preview:-1\" \/>\n<link rel=\"canonical\" href=\"https:\/\/petproducts.com.cn\/es\/producto\/pet-car-seat-carrier-wholesale-pet-dog-carrier-for-car\/\" \/>\n<meta property=\"og:locale\" content=\"es_ES\" \/>\n<meta property=\"og:type\" content=\"article\" \/>\n<meta property=\"og:title\" content=\"pet car seat carrier | Wholesale Pet Dog Carrier For Cat - Petstar\" \/>\n<meta property=\"og:description\" content=\"Explore pet car carriers, pet car seat carrier, dog carrier for car from the manufacturer. Your ideal business solution with Petstar.\" \/>\n<meta property=\"og:url\" content=\"https:\/\/petproducts.com.cn\/es\/producto\/pet-car-seat-carrier-wholesale-pet-dog-carrier-for-car\/\" \/>\n<meta property=\"og:site_name\" content=\"Petstar\" \/>\n<meta property=\"article:modified_time\" content=\"2024-04-16T08:31:16+00:00\" \/>\n<meta property=\"og:image\" content=\"https:\/\/petproducts.com.cn\/wp-content\/uploads\/2024\/04\/pet-car-seat-carrier.webp\" \/>\n\t<meta property=\"og:image:width\" content=\"1000\" \/>\n\t<meta property=\"og:image:height\" content=\"1000\" \/>\n\t<meta property=\"og:image:type\" content=\"image\/webp\" \/>\n<meta name=\"twitter:card\" content=\"summary_large_image\" \/>\n<meta name=\"twitter:label1\" content=\"Tiempo de lectura\" \/>\n\t<meta name=\"twitter:data1\" content=\"1 minuto\" \/>\n<script type=\"application\/ld+json\" class=\"yoast-schema-graph\">{\"@context\":\"https:\/\/schema.org\",\"@graph\":[{\"@type\":\"WebPage\",\"@id\":\"https:\/\/petproducts.com.cn\/product\/pet-car-seat-carrier-wholesale-pet-dog-carrier-for-car\/\",\"url\":\"https:\/\/petproducts.com.cn\/product\/pet-car-seat-carrier-wholesale-pet-dog-carrier-for-car\/\",\"name\":\"pet car seat carrier | Wholesale Pet Dog Carrier For Cat - Petstar\",\"isPartOf\":{\"@id\":\"https:\/\/petproducts.com.cn\/#website\"},\"primaryImageOfPage\":{\"@id\":\"https:\/\/petproducts.com.cn\/product\/pet-car-seat-carrier-wholesale-pet-dog-carrier-for-car\/#primaryimage\"},\"image\":{\"@id\":\"https:\/\/petproducts.com.cn\/product\/pet-car-seat-carrier-wholesale-pet-dog-carrier-for-car\/#primaryimage\"},\"thumbnailUrl\":\"https:\/\/petproducts.com.cn\/wp-content\/uploads\/2024\/04\/pet-car-seat-carrier.webp\",\"datePublished\":\"2024-04-16T08:17:44+00:00\",\"dateModified\":\"2024-04-16T08:31:16+00:00\",\"description\":\"Explore pet car carriers, pet car seat carrier, dog carrier for car from the manufacturer. Your ideal business solution with Petstar.\",\"breadcrumb\":{\"@id\":\"https:\/\/petproducts.com.cn\/product\/pet-car-seat-carrier-wholesale-pet-dog-carrier-for-car\/#breadcrumb\"},\"inLanguage\":\"es\",\"potentialAction\":[{\"@type\":\"ReadAction\",\"target\":[\"https:\/\/petproducts.com.cn\/product\/pet-car-seat-carrier-wholesale-pet-dog-carrier-for-car\/\"]}]},{\"@type\":\"ImageObject\",\"inLanguage\":\"es\",\"@id\":\"https:\/\/petproducts.com.cn\/product\/pet-car-seat-carrier-wholesale-pet-dog-carrier-for-car\/#primaryimage\",\"url\":\"https:\/\/petproducts.com.cn\/wp-content\/uploads\/2024\/04\/pet-car-seat-carrier.webp\",\"contentUrl\":\"https:\/\/petproducts.com.cn\/wp-content\/uploads\/2024\/04\/pet-car-seat-carrier.webp\",\"width\":1000,\"height\":1000,\"caption\":\"pet car seat carrier\"},{\"@type\":\"BreadcrumbList\",\"@id\":\"https:\/\/petproducts.com.cn\/product\/pet-car-seat-carrier-wholesale-pet-dog-carrier-for-car\/#breadcrumb\",\"itemListElement\":[{\"@type\":\"ListItem\",\"position\":1,\"name\":\"HOME\",\"item\":\"https:\/\/petproducts.com.cn\/\"},{\"@type\":\"ListItem\",\"position\":2,\"name\":\"Products\",\"item\":\"https:\/\/petproducts.com.cn\/shop\/\"},{\"@type\":\"ListItem\",\"position\":3,\"name\":\"Dog Carriers &amp; Car Supplies\",\"item\":\"https:\/\/petproducts.com.cn\/product-category\/dog-carriers-car-supplies\/\"},{\"@type\":\"ListItem\",\"position\":4,\"name\":\"Pet Car Seat Carrier Wholesale Pet Dog Carrier For Car\"}]},{\"@type\":\"WebSite\",\"@id\":\"https:\/\/petproducts.com.cn\/#website\",\"url\":\"https:\/\/petproducts.com.cn\/\",\"name\":\"Petstar\",\"description\":\"Leading Pet Supplies Manufacturer &amp; OEM Pet Products Supplier\",\"publisher\":{\"@id\":\"https:\/\/petproducts.com.cn\/#organization\"},\"alternateName\":\"Petstar Pet Supplies\",\"potentialAction\":[{\"@type\":\"SearchAction\",\"target\":{\"@type\":\"EntryPoint\",\"urlTemplate\":\"https:\/\/petproducts.com.cn\/?s={search_term_string}\"},\"query-input\":{\"@type\":\"PropertyValueSpecification\",\"valueRequired\":true,\"valueName\":\"search_term_string\"}}],\"inLanguage\":\"es\"},{\"@type\":\"Organization\",\"@id\":\"https:\/\/petproducts.com.cn\/#organization\",\"name\":\"Petstar\",\"url\":\"https:\/\/petproducts.com.cn\/\",\"logo\":{\"@type\":\"ImageObject\",\"inLanguage\":\"es\",\"@id\":\"https:\/\/petproducts.com.cn\/#\/schema\/logo\/image\/\",\"url\":\"https:\/\/petproducts.com.cn\/wp-content\/uploads\/2020\/02\/petstar-logo.webp\",\"contentUrl\":\"https:\/\/petproducts.com.cn\/wp-content\/uploads\/2020\/02\/petstar-logo.webp\",\"width\":779,\"height\":520,\"caption\":\"Petstar\"},\"image\":{\"@id\":\"https:\/\/petproducts.com.cn\/#\/schema\/logo\/image\/\"}}]}<\/script>\n<!-- \/ Yoast SEO plugin. -->","yoast_head_json":{"title":"transportin para mascotas para el coche | Mayorista Transportin para Perros y Gatos - Petstar","description":"Explorar los portadores de coche para mascotas, portador de asiento de coche para mascotas, portador de perro para el coche del fabricante. Su soluci\u00f3n comercial ideal con Petstar.","robots":{"index":"index","follow":"follow","max-snippet":"max-snippet:-1","max-image-preview":"max-image-preview:large","max-video-preview":"max-video-preview:-1"},"canonical":"https:\/\/petproducts.com.cn\/es\/producto\/pet-car-seat-carrier-wholesale-pet-dog-carrier-for-car\/","og_locale":"es_ES","og_type":"article","og_title":"pet car seat carrier | Wholesale Pet Dog Carrier For Cat - Petstar","og_description":"Explore pet car carriers, pet car seat carrier, dog carrier for car from the manufacturer. Your ideal business solution with Petstar.","og_url":"https:\/\/petproducts.com.cn\/es\/producto\/pet-car-seat-carrier-wholesale-pet-dog-carrier-for-car\/","og_site_name":"Petstar","article_modified_time":"2024-04-16T08:31:16+00:00","og_image":[{"width":1000,"height":1000,"url":"https:\/\/petproducts.com.cn\/wp-content\/uploads\/2024\/04\/pet-car-seat-carrier.webp","type":"image\/webp"}],"twitter_card":"summary_large_image","twitter_misc":{"Tiempo de lectura":"1 minuto"},"schema":{"@context":"https:\/\/schema.org","@graph":[{"@type":"WebPage","@id":"https:\/\/petproducts.com.cn\/product\/pet-car-seat-carrier-wholesale-pet-dog-carrier-for-car\/","url":"https:\/\/petproducts.com.cn\/product\/pet-car-seat-carrier-wholesale-pet-dog-carrier-for-car\/","name":"transportin para mascotas para el coche | Mayorista Transportin para Perros y Gatos - Petstar","isPartOf":{"@id":"https:\/\/petproducts.com.cn\/#website"},"primaryImageOfPage":{"@id":"https:\/\/petproducts.com.cn\/product\/pet-car-seat-carrier-wholesale-pet-dog-carrier-for-car\/#primaryimage"},"image":{"@id":"https:\/\/petproducts.com.cn\/product\/pet-car-seat-carrier-wholesale-pet-dog-carrier-for-car\/#primaryimage"},"thumbnailUrl":"https:\/\/petproducts.com.cn\/wp-content\/uploads\/2024\/04\/pet-car-seat-carrier.webp","datePublished":"2024-04-16T08:17:44+00:00","dateModified":"2024-04-16T08:31:16+00:00","description":"Explorar los portadores de coche para mascotas, portador de asiento de coche para mascotas, portador de perro para el coche del fabricante. Su soluci\u00f3n comercial ideal con Petstar.","breadcrumb":{"@id":"https:\/\/petproducts.com.cn\/product\/pet-car-seat-carrier-wholesale-pet-dog-carrier-for-car\/#breadcrumb"},"inLanguage":"es","potentialAction":[{"@type":"ReadAction","target":["https:\/\/petproducts.com.cn\/product\/pet-car-seat-carrier-wholesale-pet-dog-carrier-for-car\/"]}]},{"@type":"ImageObject","inLanguage":"es","@id":"https:\/\/petproducts.com.cn\/product\/pet-car-seat-carrier-wholesale-pet-dog-carrier-for-car\/#primaryimage","url":"https:\/\/petproducts.com.cn\/wp-content\/uploads\/2024\/04\/pet-car-seat-carrier.webp","contentUrl":"https:\/\/petproducts.com.cn\/wp-content\/uploads\/2024\/04\/pet-car-seat-carrier.webp","width":1000,"height":1000,"caption":"pet car seat carrier"},{"@type":"BreadcrumbList","@id":"https:\/\/petproducts.com.cn\/product\/pet-car-seat-carrier-wholesale-pet-dog-carrier-for-car\/#breadcrumb","itemListElement":[{"@type":"ListItem","position":1,"name":"HOME","item":"https:\/\/petproducts.com.cn\/"},{"@type":"ListItem","position":2,"name":"Products","item":"https:\/\/petproducts.com.cn\/shop\/"},{"@type":"ListItem","position":3,"name":"Dog Carriers &amp; Car Supplies","item":"https:\/\/petproducts.com.cn\/product-category\/dog-carriers-car-supplies\/"},{"@type":"ListItem","position":4,"name":"Pet Car Seat Carrier Wholesale Pet Dog Carrier For Car"}]},{"@type":"WebSite","@id":"https:\/\/petproducts.com.cn\/#website","url":"https:\/\/petproducts.com.cn\/","name":"Petstar","description":"Fabricante l\u00edder de art\u00edculos para mascotas y proveedor OEM de productos para mascotas","publisher":{"@id":"https:\/\/petproducts.com.cn\/#organization"},"alternateName":"Petstar Pet Supplies","potentialAction":[{"@type":"SearchAction","target":{"@type":"EntryPoint","urlTemplate":"https:\/\/petproducts.com.cn\/?s={search_term_string}"},"query-input":{"@type":"PropertyValueSpecification","valueRequired":true,"valueName":"search_term_string"}}],"inLanguage":"es"},{"@type":"Organization","@id":"https:\/\/petproducts.com.cn\/#organization","name":"Petstar","url":"https:\/\/petproducts.com.cn\/","logo":{"@type":"ImageObject","inLanguage":"es","@id":"https:\/\/petproducts.com.cn\/#\/schema\/logo\/image\/","url":"https:\/\/petproducts.com.cn\/wp-content\/uploads\/2020\/02\/petstar-logo.webp","contentUrl":"https:\/\/petproducts.com.cn\/wp-content\/uploads\/2020\/02\/petstar-logo.webp","width":779,"height":520,"caption":"Petstar"},"image":{"@id":"https:\/\/petproducts.com.cn\/#\/schema\/logo\/image\/"}}]}},"_links":{"self":[{"href":"https:\/\/petproducts.com.cn\/es\/wp-json\/wp\/v2\/product\/22176","targetHints":{"allow":["GET"]}}],"collection":[{"href":"https:\/\/petproducts.com.cn\/es\/wp-json\/wp\/v2\/product"}],"about":[{"href":"https:\/\/petproducts.com.cn\/es\/wp-json\/wp\/v2\/types\/product"}],"version-history":[{"count":1,"href":"https:\/\/petproducts.com.cn\/es\/wp-json\/wp\/v2\/product\/22176\/revisions"}],"predecessor-version":[{"id":22183,"href":"https:\/\/petproducts.com.cn\/es\/wp-json\/wp\/v2\/product\/22176\/revisions\/22183"}],"wp:featuredmedia":[{"embeddable":true,"href":"https:\/\/petproducts.com.cn\/es\/wp-json\/wp\/v2\/media\/22180"}],"wp:attachment":[{"href":"https:\/\/petproducts.com.cn\/es\/wp-json\/wp\/v2\/media?parent=22176"}],"wp:term":[{"taxonomy":"product_brand","embeddable":true,"href":"https:\/\/petproducts.com.cn\/es\/wp-json\/wp\/v2\/product_brand?post=22176"},{"taxonomy":"product_cat","embeddable":true,"href":"https:\/\/petproducts.com.cn\/es\/wp-json\/wp\/v2\/product_cat?post=22176"},{"taxonomy":"product_tag","embeddable":true,"href":"https:\/\/petproducts.com.cn\/es\/wp-json\/wp\/v2\/product_tag?post=22176"}],"curies":[{"name":"wp","href":"https:\/\/api.w.org\/{rel}","templated":true}]}}