{"id":22319,"date":"2024-04-19T02:20:06","date_gmt":"2024-04-19T02:20:06","guid":{"rendered":"https:\/\/petproducts.com.cn\/?post_type=product&#038;p=22319"},"modified":"2024-08-23T01:32:08","modified_gmt":"2024-08-23T01:32:08","slug":"webbing-dog-collar-best-leather-dog-collar","status":"publish","type":"product","link":"https:\/\/petproducts.com.cn\/es\/product\/webbing-dog-collar-best-leather-dog-collar\/","title":{"rendered":"Webbing collar de perro Mejor collar de perro de cuero"},"content":{"rendered":"<h2>Caracter\u00edsticas del collar de perro de cincha<\/h2>\n<ol>\n<li><strong>Dise\u00f1o ajustable<\/strong>: Con un dise\u00f1o ajustable, nuestro collar de perro Webbing permite un ajuste personalizado, asegurando que puede acomodar perros de diferentes tama\u00f1os y razas, proporcionando un agarre c\u00f3modo y seguro sin causar ninguna molestia.<\/li>\n<li><strong>Durable y de larga duraci\u00f3n<\/strong>: Construido para soportar el desgaste del uso diario, nuestro collar de correa para mascotas es excepcionalmente duradero y de larga duraci\u00f3n, por lo que es la elecci\u00f3n perfecta para los perros activos que aman explorar el aire libre.<\/li>\n<li><strong>Suave y delicado con el cuello<\/strong>: Gracias a su suave PU y la construcci\u00f3n de algod\u00f3n de imitaci\u00f3n, nuestro collar de perro es suave en el cuello de su mascota, evitando la irritaci\u00f3n y el malestar, incluso durante el uso prolongado, asegurando que su mascota se mantiene feliz y c\u00f3modo en todo momento.<\/li>\n<li><strong>Elegante y vers\u00e1til<\/strong>: Con su dise\u00f1o elegante y moderno, nuestro collar de cuero para perros a\u00f1ade un toque de estilo al conjunto de su mascota, haci\u00e9ndola destacar entre cualquier multitud al tiempo que le proporciona la m\u00e1xima comodidad y sujeci\u00f3n.<\/li>\n<li><strong>F\u00e1cil de limpiar y mantener<\/strong>: Nuestro collar de perro es f\u00e1cil de limpiar y mantener, simplemente l\u00edmpielo con un pa\u00f1o h\u00famedo o jab\u00f3n suave y agua para eliminar cualquier suciedad o residuo, asegurando que se mantiene fresco e higi\u00e9nico para la pr\u00f3xima aventura de su mascota.<\/li>\n<li><strong>Perfecto para el uso diario<\/strong>: Tanto si se trata de un tranquilo paseo por el parque como de una rigurosa sesi\u00f3n de adiestramiento, nuestro mejor collar para perros es perfecto para el uso diario, ya que ofrece estilo y funcionalidad para todas las actividades de tu mascota.<\/li>\n<\/ol>","protected":false},"excerpt":{"rendered":"<p>Somos un fabricante de collares, correas y arneses para mascotas con m\u00e1s de 20 a\u00f1os de experiencia. Ofrecemos opciones de personalizaci\u00f3n de color, tama\u00f1o, tela, patr\u00f3n, logotipo y otras caracter\u00edsticas.<\/p>","protected":false},"featured_media":22326,"template":"","meta":{"_acf_changed":false},"product_brand":[],"product_cat":[124,72],"product_tag":[212],"class_list":{"0":"post-22319","1":"product","2":"type-product","3":"status-publish","4":"has-post-thumbnail","6":"product_cat-dog-collars-leashes-harnesses","7":"product_cat-dog-supplies","8":"product_tag-pet-collars","10":"first","11":"instock","12":"shipping-taxable","13":"product-type-simple"},"acf":[],"yoast_head":"<!-- This site is optimized with the Yoast SEO plugin v27.1.1 - https:\/\/yoast.com\/product\/yoast-seo-wordpress\/ -->\n<title>Webbing Dog Collar | Best Dog Collar Factory - Petstar<\/title>\n<meta name=\"description\" content=\"Explore webbing dog collar, best leather dog collar, best dog collar from the manufacturer. Your ideal business solution with Petstar.\" \/>\n<meta name=\"robots\" content=\"index, follow, max-snippet:-1, max-image-preview:large, max-video-preview:-1\" \/>\n<link rel=\"canonical\" href=\"https:\/\/petproducts.com.cn\/es\/producto\/webbing-dog-collar-best-leather-dog-collar\/\" \/>\n<meta property=\"og:locale\" content=\"es_ES\" \/>\n<meta property=\"og:type\" content=\"article\" \/>\n<meta property=\"og:title\" content=\"Webbing Dog Collar | Best Dog Collar Factory - Petstar\" \/>\n<meta property=\"og:description\" content=\"Explore webbing dog collar, best leather dog collar, best dog collar from the manufacturer. Your ideal business solution with Petstar.\" \/>\n<meta property=\"og:url\" content=\"https:\/\/petproducts.com.cn\/es\/producto\/webbing-dog-collar-best-leather-dog-collar\/\" \/>\n<meta property=\"og:site_name\" content=\"Petstar\" \/>\n<meta property=\"article:modified_time\" content=\"2024-08-23T01:32:08+00:00\" \/>\n<meta property=\"og:image\" content=\"https:\/\/petproducts.com.cn\/wp-content\/uploads\/2024\/04\/webbing-dog-collar.webp\" \/>\n\t<meta property=\"og:image:width\" content=\"1000\" \/>\n\t<meta property=\"og:image:height\" content=\"1000\" \/>\n\t<meta property=\"og:image:type\" content=\"image\/webp\" \/>\n<meta name=\"twitter:card\" content=\"summary_large_image\" \/>\n<meta name=\"twitter:label1\" content=\"Tiempo de lectura\" \/>\n\t<meta name=\"twitter:data1\" content=\"2 minutos\" \/>\n<script type=\"application\/ld+json\" class=\"yoast-schema-graph\">{\"@context\":\"https:\/\/schema.org\",\"@graph\":[{\"@type\":\"WebPage\",\"@id\":\"https:\/\/petproducts.com.cn\/product\/webbing-dog-collar-best-leather-dog-collar\/\",\"url\":\"https:\/\/petproducts.com.cn\/product\/webbing-dog-collar-best-leather-dog-collar\/\",\"name\":\"Webbing Dog Collar | Best Dog Collar Factory - Petstar\",\"isPartOf\":{\"@id\":\"https:\/\/petproducts.com.cn\/#website\"},\"primaryImageOfPage\":{\"@id\":\"https:\/\/petproducts.com.cn\/product\/webbing-dog-collar-best-leather-dog-collar\/#primaryimage\"},\"image\":{\"@id\":\"https:\/\/petproducts.com.cn\/product\/webbing-dog-collar-best-leather-dog-collar\/#primaryimage\"},\"thumbnailUrl\":\"https:\/\/petproducts.com.cn\/wp-content\/uploads\/2024\/04\/webbing-dog-collar.webp\",\"datePublished\":\"2024-04-19T02:20:06+00:00\",\"dateModified\":\"2024-08-23T01:32:08+00:00\",\"description\":\"Explore webbing dog collar, best leather dog collar, best dog collar from the manufacturer. Your ideal business solution with Petstar.\",\"breadcrumb\":{\"@id\":\"https:\/\/petproducts.com.cn\/product\/webbing-dog-collar-best-leather-dog-collar\/#breadcrumb\"},\"inLanguage\":\"es\",\"potentialAction\":[{\"@type\":\"ReadAction\",\"target\":[\"https:\/\/petproducts.com.cn\/product\/webbing-dog-collar-best-leather-dog-collar\/\"]}]},{\"@type\":\"ImageObject\",\"inLanguage\":\"es\",\"@id\":\"https:\/\/petproducts.com.cn\/product\/webbing-dog-collar-best-leather-dog-collar\/#primaryimage\",\"url\":\"https:\/\/petproducts.com.cn\/wp-content\/uploads\/2024\/04\/webbing-dog-collar.webp\",\"contentUrl\":\"https:\/\/petproducts.com.cn\/wp-content\/uploads\/2024\/04\/webbing-dog-collar.webp\",\"width\":1000,\"height\":1000,\"caption\":\"webbing dog collar\"},{\"@type\":\"BreadcrumbList\",\"@id\":\"https:\/\/petproducts.com.cn\/product\/webbing-dog-collar-best-leather-dog-collar\/#breadcrumb\",\"itemListElement\":[{\"@type\":\"ListItem\",\"position\":1,\"name\":\"HOME\",\"item\":\"https:\/\/petproducts.com.cn\/\"},{\"@type\":\"ListItem\",\"position\":2,\"name\":\"Products\",\"item\":\"https:\/\/petproducts.com.cn\/shop\/\"},{\"@type\":\"ListItem\",\"position\":3,\"name\":\"Dog Collars, Leashes &amp; Harnesses\",\"item\":\"https:\/\/petproducts.com.cn\/product-category\/dog-collars-leashes-harnesses\/\"},{\"@type\":\"ListItem\",\"position\":4,\"name\":\"Webbing Dog Collar Best Leather Dog Collar\"}]},{\"@type\":\"WebSite\",\"@id\":\"https:\/\/petproducts.com.cn\/#website\",\"url\":\"https:\/\/petproducts.com.cn\/\",\"name\":\"Petstar\",\"description\":\"Leading Pet Supplies Manufacturer &amp; OEM Pet Products Supplier\",\"publisher\":{\"@id\":\"https:\/\/petproducts.com.cn\/#organization\"},\"alternateName\":\"Petstar Pet Supplies\",\"potentialAction\":[{\"@type\":\"SearchAction\",\"target\":{\"@type\":\"EntryPoint\",\"urlTemplate\":\"https:\/\/petproducts.com.cn\/?s={search_term_string}\"},\"query-input\":{\"@type\":\"PropertyValueSpecification\",\"valueRequired\":true,\"valueName\":\"search_term_string\"}}],\"inLanguage\":\"es\"},{\"@type\":\"Organization\",\"@id\":\"https:\/\/petproducts.com.cn\/#organization\",\"name\":\"Petstar\",\"url\":\"https:\/\/petproducts.com.cn\/\",\"logo\":{\"@type\":\"ImageObject\",\"inLanguage\":\"es\",\"@id\":\"https:\/\/petproducts.com.cn\/#\/schema\/logo\/image\/\",\"url\":\"https:\/\/petproducts.com.cn\/wp-content\/uploads\/2020\/02\/petstar-logo.webp\",\"contentUrl\":\"https:\/\/petproducts.com.cn\/wp-content\/uploads\/2020\/02\/petstar-logo.webp\",\"width\":779,\"height\":520,\"caption\":\"Petstar\"},\"image\":{\"@id\":\"https:\/\/petproducts.com.cn\/#\/schema\/logo\/image\/\"}}]}<\/script>\n<!-- \/ Yoast SEO plugin. -->","yoast_head_json":{"title":"Collar de perro de cincha | Best Dog Collar Factory - Petstar","description":"Explorar webbing collar de perro, mejor collar de perro de cuero, mejor collar de perro del fabricante. Su soluci\u00f3n de negocio ideal con Petstar.","robots":{"index":"index","follow":"follow","max-snippet":"max-snippet:-1","max-image-preview":"max-image-preview:large","max-video-preview":"max-video-preview:-1"},"canonical":"https:\/\/petproducts.com.cn\/es\/producto\/webbing-dog-collar-best-leather-dog-collar\/","og_locale":"es_ES","og_type":"article","og_title":"Webbing Dog Collar | Best Dog Collar Factory - Petstar","og_description":"Explore webbing dog collar, best leather dog collar, best dog collar from the manufacturer. Your ideal business solution with Petstar.","og_url":"https:\/\/petproducts.com.cn\/es\/producto\/webbing-dog-collar-best-leather-dog-collar\/","og_site_name":"Petstar","article_modified_time":"2024-08-23T01:32:08+00:00","og_image":[{"width":1000,"height":1000,"url":"https:\/\/petproducts.com.cn\/wp-content\/uploads\/2024\/04\/webbing-dog-collar.webp","type":"image\/webp"}],"twitter_card":"summary_large_image","twitter_misc":{"Tiempo de lectura":"2 minutos"},"schema":{"@context":"https:\/\/schema.org","@graph":[{"@type":"WebPage","@id":"https:\/\/petproducts.com.cn\/product\/webbing-dog-collar-best-leather-dog-collar\/","url":"https:\/\/petproducts.com.cn\/product\/webbing-dog-collar-best-leather-dog-collar\/","name":"Collar de perro de cincha | Best Dog Collar Factory - Petstar","isPartOf":{"@id":"https:\/\/petproducts.com.cn\/#website"},"primaryImageOfPage":{"@id":"https:\/\/petproducts.com.cn\/product\/webbing-dog-collar-best-leather-dog-collar\/#primaryimage"},"image":{"@id":"https:\/\/petproducts.com.cn\/product\/webbing-dog-collar-best-leather-dog-collar\/#primaryimage"},"thumbnailUrl":"https:\/\/petproducts.com.cn\/wp-content\/uploads\/2024\/04\/webbing-dog-collar.webp","datePublished":"2024-04-19T02:20:06+00:00","dateModified":"2024-08-23T01:32:08+00:00","description":"Explorar webbing collar de perro, mejor collar de perro de cuero, mejor collar de perro del fabricante. Su soluci\u00f3n de negocio ideal con Petstar.","breadcrumb":{"@id":"https:\/\/petproducts.com.cn\/product\/webbing-dog-collar-best-leather-dog-collar\/#breadcrumb"},"inLanguage":"es","potentialAction":[{"@type":"ReadAction","target":["https:\/\/petproducts.com.cn\/product\/webbing-dog-collar-best-leather-dog-collar\/"]}]},{"@type":"ImageObject","inLanguage":"es","@id":"https:\/\/petproducts.com.cn\/product\/webbing-dog-collar-best-leather-dog-collar\/#primaryimage","url":"https:\/\/petproducts.com.cn\/wp-content\/uploads\/2024\/04\/webbing-dog-collar.webp","contentUrl":"https:\/\/petproducts.com.cn\/wp-content\/uploads\/2024\/04\/webbing-dog-collar.webp","width":1000,"height":1000,"caption":"webbing dog collar"},{"@type":"BreadcrumbList","@id":"https:\/\/petproducts.com.cn\/product\/webbing-dog-collar-best-leather-dog-collar\/#breadcrumb","itemListElement":[{"@type":"ListItem","position":1,"name":"HOME","item":"https:\/\/petproducts.com.cn\/"},{"@type":"ListItem","position":2,"name":"Products","item":"https:\/\/petproducts.com.cn\/shop\/"},{"@type":"ListItem","position":3,"name":"Dog Collars, Leashes &amp; Harnesses","item":"https:\/\/petproducts.com.cn\/product-category\/dog-collars-leashes-harnesses\/"},{"@type":"ListItem","position":4,"name":"Webbing Dog Collar Best Leather Dog Collar"}]},{"@type":"WebSite","@id":"https:\/\/petproducts.com.cn\/#website","url":"https:\/\/petproducts.com.cn\/","name":"Petstar","description":"Fabricante l\u00edder de art\u00edculos para mascotas y proveedor OEM de productos para mascotas","publisher":{"@id":"https:\/\/petproducts.com.cn\/#organization"},"alternateName":"Petstar Pet Supplies","potentialAction":[{"@type":"SearchAction","target":{"@type":"EntryPoint","urlTemplate":"https:\/\/petproducts.com.cn\/?s={search_term_string}"},"query-input":{"@type":"PropertyValueSpecification","valueRequired":true,"valueName":"search_term_string"}}],"inLanguage":"es"},{"@type":"Organization","@id":"https:\/\/petproducts.com.cn\/#organization","name":"Petstar","url":"https:\/\/petproducts.com.cn\/","logo":{"@type":"ImageObject","inLanguage":"es","@id":"https:\/\/petproducts.com.cn\/#\/schema\/logo\/image\/","url":"https:\/\/petproducts.com.cn\/wp-content\/uploads\/2020\/02\/petstar-logo.webp","contentUrl":"https:\/\/petproducts.com.cn\/wp-content\/uploads\/2020\/02\/petstar-logo.webp","width":779,"height":520,"caption":"Petstar"},"image":{"@id":"https:\/\/petproducts.com.cn\/#\/schema\/logo\/image\/"}}]}},"_links":{"self":[{"href":"https:\/\/petproducts.com.cn\/es\/wp-json\/wp\/v2\/product\/22319","targetHints":{"allow":["GET"]}}],"collection":[{"href":"https:\/\/petproducts.com.cn\/es\/wp-json\/wp\/v2\/product"}],"about":[{"href":"https:\/\/petproducts.com.cn\/es\/wp-json\/wp\/v2\/types\/product"}],"version-history":[{"count":2,"href":"https:\/\/petproducts.com.cn\/es\/wp-json\/wp\/v2\/product\/22319\/revisions"}],"predecessor-version":[{"id":22327,"href":"https:\/\/petproducts.com.cn\/es\/wp-json\/wp\/v2\/product\/22319\/revisions\/22327"}],"wp:featuredmedia":[{"embeddable":true,"href":"https:\/\/petproducts.com.cn\/es\/wp-json\/wp\/v2\/media\/22326"}],"wp:attachment":[{"href":"https:\/\/petproducts.com.cn\/es\/wp-json\/wp\/v2\/media?parent=22319"}],"wp:term":[{"taxonomy":"product_brand","embeddable":true,"href":"https:\/\/petproducts.com.cn\/es\/wp-json\/wp\/v2\/product_brand?post=22319"},{"taxonomy":"product_cat","embeddable":true,"href":"https:\/\/petproducts.com.cn\/es\/wp-json\/wp\/v2\/product_cat?post=22319"},{"taxonomy":"product_tag","embeddable":true,"href":"https:\/\/petproducts.com.cn\/es\/wp-json\/wp\/v2\/product_tag?post=22319"}],"curies":[{"name":"wp","href":"https:\/\/api.w.org\/{rel}","templated":true}]}}