{"id":22523,"date":"2024-04-23T06:28:05","date_gmt":"2024-04-23T06:28:05","guid":{"rendered":"https:\/\/petproducts.com.cn\/?post_type=product&#038;p=22523"},"modified":"2024-10-31T08:20:15","modified_gmt":"2024-10-31T08:20:15","slug":"recycled-pet-clothing-plush-dog-coats-with-hoodie","status":"publish","type":"product","link":"https:\/\/petproducts.com.cn\/es\/product\/recycled-pet-clothing-plush-dog-coats-with-hoodie\/","title":{"rendered":"Ropa reciclada para mascotas Abrigos para perros de felpa con capucha"},"content":{"rendered":"<h2><strong>Caracter\u00edsticas de la ropa reciclada para mascotas<\/strong><\/h2>\n<ol>\n<li><strong>Material reciclado respetuoso con el medio ambiente<\/strong><br \/>\nNuestros abrigos de felpa para perros est\u00e1n fabricados con PET reciclado, lo que significa que usted ayuda a reducir los residuos pl\u00e1sticos cuando viste a su perro con nuestra ropa. Esta opci\u00f3n de ropa reciclada para mascotas es perfecta para due\u00f1os con conciencia ecol\u00f3gica que se preocupan por la sostenibilidad y el medio ambiente.<\/li>\n<li><strong>Dise\u00f1o c\u00e1lido y afelpado<\/strong><br \/>\nCon un suave y lujoso tejido de felpa, estos abrigos para perros mantienen caliente a su peludo amigo durante los d\u00edas fr\u00edos. El material de felpa proporciona una sensaci\u00f3n acogedora, asegurando que su perro se mantenga c\u00f3modo y feliz mientras lleva esta ropa reciclada para mascotas.<\/li>\n<li><strong>Sudadera con capucha de moda para estilo y funcionalidad<\/strong><br \/>\nLa capucha incorporada a\u00f1ade un toque de estilo al abrigo a la vez que proporciona calor adicional para la cabeza y las orejas de su perro. Cuando quiera mantener a su perro abrigado y con estilo, este abrigo para perro con capucha es una elecci\u00f3n perfecta. El dise\u00f1o con capucha tambi\u00e9n es pr\u00e1ctico, ya que ayuda a proteger a su mascota del viento y la lluvia ligera.<\/li>\n<li><strong>Duradero y f\u00e1cil de limpiar<\/strong><br \/>\nPuede disfrutar de la larga durabilidad de estos abrigos, dise\u00f1ados para soportar el activo estilo de vida de su perro. Adem\u00e1s, la limpieza es sencilla: basta con meterlo en la lavadora y listo. Esta caracter\u00edstica de f\u00e1cil mantenimiento hace que esta ropa reciclada para perros sea una opci\u00f3n pr\u00e1ctica para los due\u00f1os de mascotas ocupados.<\/li>\n<li><strong>Vers\u00e1til para diversas condiciones meteorol\u00f3gicas<\/strong><br \/>\nYa sea un fr\u00edo d\u00eda de invierno o una fresca tarde de oto\u00f1o, estos abrigos de felpa con capucha para perros ofrecen calor y protecci\u00f3n fiables. Esta versatilidad le permite utilizar el abrigo para una gran variedad de ocasiones, manteniendo a su perro c\u00f3modo en condiciones clim\u00e1ticas cambiantes.<\/li>\n<\/ol>","protected":false},"excerpt":{"rendered":"<p>Somos fabricantes de ropa para mascotas con m\u00e1s de 20 a\u00f1os de experiencia. Ofrecemos opciones de personalizaci\u00f3n de color, tama\u00f1o, tejido, patr\u00f3n, logotipo y otras caracter\u00edsticas.<\/p>","protected":false},"featured_media":22602,"template":"","meta":{"_acf_changed":false},"product_brand":[],"product_cat":[135,71,49,72],"product_tag":[217,220,259],"class_list":{"0":"post-22523","1":"product","2":"type-product","3":"status-publish","4":"has-post-thumbnail","6":"product_cat-cat-apparel-accessories","7":"product_cat-cat-supplies","8":"product_cat-dog-apparel-accessories","9":"product_cat-dog-supplies","10":"product_tag-pet-clothes","11":"product_tag-pet-coats-jackets","12":"product_tag-pet-hoodies","14":"first","15":"instock","16":"shipping-taxable","17":"product-type-simple"},"acf":[],"yoast_head":"<!-- This site is optimized with the Yoast SEO plugin v27.1.1 - https:\/\/yoast.com\/product\/yoast-seo-wordpress\/ -->\n<title>Recycled Pet Clothing | Plush Dog Coats Factory - Petstar<\/title>\n<meta name=\"description\" content=\"Explore recycled pet clothing, plush dog coats, dog with hoodie directly from the manufacturer. Your ideal business solution with Petstar.\" \/>\n<meta name=\"robots\" content=\"index, follow, max-snippet:-1, max-image-preview:large, max-video-preview:-1\" \/>\n<link rel=\"canonical\" href=\"https:\/\/petproducts.com.cn\/es\/producto\/recycled-pet-clothing-plush-dog-coats-with-hoodie\/\" \/>\n<meta property=\"og:locale\" content=\"es_ES\" \/>\n<meta property=\"og:type\" content=\"article\" \/>\n<meta property=\"og:title\" content=\"Recycled Pet Clothing | Plush Dog Coats Factory - Petstar\" \/>\n<meta property=\"og:description\" content=\"Explore recycled pet clothing, plush dog coats, dog with hoodie directly from the manufacturer. Your ideal business solution with Petstar.\" \/>\n<meta property=\"og:url\" content=\"https:\/\/petproducts.com.cn\/es\/producto\/recycled-pet-clothing-plush-dog-coats-with-hoodie\/\" \/>\n<meta property=\"og:site_name\" content=\"Petstar\" \/>\n<meta property=\"article:modified_time\" content=\"2024-10-31T08:20:15+00:00\" \/>\n<meta property=\"og:image\" content=\"https:\/\/petproducts.com.cn\/wp-content\/uploads\/2024\/04\/recycled-pet-clothing.webp\" \/>\n\t<meta property=\"og:image:width\" content=\"1000\" \/>\n\t<meta property=\"og:image:height\" content=\"1000\" \/>\n\t<meta property=\"og:image:type\" content=\"image\/webp\" \/>\n<meta name=\"twitter:card\" content=\"summary_large_image\" \/>\n<meta name=\"twitter:label1\" content=\"Tiempo de lectura\" \/>\n\t<meta name=\"twitter:data1\" content=\"2 minutos\" \/>\n<script type=\"application\/ld+json\" class=\"yoast-schema-graph\">{\"@context\":\"https:\/\/schema.org\",\"@graph\":[{\"@type\":\"WebPage\",\"@id\":\"https:\/\/petproducts.com.cn\/product\/recycled-pet-clothing-plush-dog-coats-with-hoodie\/\",\"url\":\"https:\/\/petproducts.com.cn\/product\/recycled-pet-clothing-plush-dog-coats-with-hoodie\/\",\"name\":\"Recycled Pet Clothing | Plush Dog Coats Factory - Petstar\",\"isPartOf\":{\"@id\":\"https:\/\/petproducts.com.cn\/#website\"},\"primaryImageOfPage\":{\"@id\":\"https:\/\/petproducts.com.cn\/product\/recycled-pet-clothing-plush-dog-coats-with-hoodie\/#primaryimage\"},\"image\":{\"@id\":\"https:\/\/petproducts.com.cn\/product\/recycled-pet-clothing-plush-dog-coats-with-hoodie\/#primaryimage\"},\"thumbnailUrl\":\"https:\/\/petproducts.com.cn\/wp-content\/uploads\/2024\/04\/recycled-pet-clothing.webp\",\"datePublished\":\"2024-04-23T06:28:05+00:00\",\"dateModified\":\"2024-10-31T08:20:15+00:00\",\"description\":\"Explore recycled pet clothing, plush dog coats, dog with hoodie directly from the manufacturer. Your ideal business solution with Petstar.\",\"breadcrumb\":{\"@id\":\"https:\/\/petproducts.com.cn\/product\/recycled-pet-clothing-plush-dog-coats-with-hoodie\/#breadcrumb\"},\"inLanguage\":\"es\",\"potentialAction\":[{\"@type\":\"ReadAction\",\"target\":[\"https:\/\/petproducts.com.cn\/product\/recycled-pet-clothing-plush-dog-coats-with-hoodie\/\"]}]},{\"@type\":\"ImageObject\",\"inLanguage\":\"es\",\"@id\":\"https:\/\/petproducts.com.cn\/product\/recycled-pet-clothing-plush-dog-coats-with-hoodie\/#primaryimage\",\"url\":\"https:\/\/petproducts.com.cn\/wp-content\/uploads\/2024\/04\/recycled-pet-clothing.webp\",\"contentUrl\":\"https:\/\/petproducts.com.cn\/wp-content\/uploads\/2024\/04\/recycled-pet-clothing.webp\",\"width\":1000,\"height\":1000,\"caption\":\"recycled pet clothing\"},{\"@type\":\"BreadcrumbList\",\"@id\":\"https:\/\/petproducts.com.cn\/product\/recycled-pet-clothing-plush-dog-coats-with-hoodie\/#breadcrumb\",\"itemListElement\":[{\"@type\":\"ListItem\",\"position\":1,\"name\":\"HOME\",\"item\":\"https:\/\/petproducts.com.cn\/\"},{\"@type\":\"ListItem\",\"position\":2,\"name\":\"Products\",\"item\":\"https:\/\/petproducts.com.cn\/shop\/\"},{\"@type\":\"ListItem\",\"position\":3,\"name\":\"Dog Apparel &amp; Accessories\",\"item\":\"https:\/\/petproducts.com.cn\/product-category\/dog-apparel-accessories\/\"},{\"@type\":\"ListItem\",\"position\":4,\"name\":\"Recycled Pet Clothing Plush Dog Coats With Hoodie\"}]},{\"@type\":\"WebSite\",\"@id\":\"https:\/\/petproducts.com.cn\/#website\",\"url\":\"https:\/\/petproducts.com.cn\/\",\"name\":\"Petstar\",\"description\":\"Leading Pet Supplies Manufacturer &amp; OEM Pet Products Supplier\",\"publisher\":{\"@id\":\"https:\/\/petproducts.com.cn\/#organization\"},\"alternateName\":\"Petstar Pet Supplies\",\"potentialAction\":[{\"@type\":\"SearchAction\",\"target\":{\"@type\":\"EntryPoint\",\"urlTemplate\":\"https:\/\/petproducts.com.cn\/?s={search_term_string}\"},\"query-input\":{\"@type\":\"PropertyValueSpecification\",\"valueRequired\":true,\"valueName\":\"search_term_string\"}}],\"inLanguage\":\"es\"},{\"@type\":\"Organization\",\"@id\":\"https:\/\/petproducts.com.cn\/#organization\",\"name\":\"Petstar\",\"url\":\"https:\/\/petproducts.com.cn\/\",\"logo\":{\"@type\":\"ImageObject\",\"inLanguage\":\"es\",\"@id\":\"https:\/\/petproducts.com.cn\/#\/schema\/logo\/image\/\",\"url\":\"https:\/\/petproducts.com.cn\/wp-content\/uploads\/2020\/02\/petstar-logo.webp\",\"contentUrl\":\"https:\/\/petproducts.com.cn\/wp-content\/uploads\/2020\/02\/petstar-logo.webp\",\"width\":779,\"height\":520,\"caption\":\"Petstar\"},\"image\":{\"@id\":\"https:\/\/petproducts.com.cn\/#\/schema\/logo\/image\/\"}}]}<\/script>\n<!-- \/ Yoast SEO plugin. -->","yoast_head_json":{"title":"Ropa reciclada para mascotas | F\u00e1brica de abrigos de felpa para perros - Petstar","description":"Explore la ropa reciclada para mascotas, abrigos de felpa para perros, perro con capucha directamente desde el fabricante. Su soluci\u00f3n comercial ideal con Petstar.","robots":{"index":"index","follow":"follow","max-snippet":"max-snippet:-1","max-image-preview":"max-image-preview:large","max-video-preview":"max-video-preview:-1"},"canonical":"https:\/\/petproducts.com.cn\/es\/producto\/recycled-pet-clothing-plush-dog-coats-with-hoodie\/","og_locale":"es_ES","og_type":"article","og_title":"Recycled Pet Clothing | Plush Dog Coats Factory - Petstar","og_description":"Explore recycled pet clothing, plush dog coats, dog with hoodie directly from the manufacturer. Your ideal business solution with Petstar.","og_url":"https:\/\/petproducts.com.cn\/es\/producto\/recycled-pet-clothing-plush-dog-coats-with-hoodie\/","og_site_name":"Petstar","article_modified_time":"2024-10-31T08:20:15+00:00","og_image":[{"width":1000,"height":1000,"url":"https:\/\/petproducts.com.cn\/wp-content\/uploads\/2024\/04\/recycled-pet-clothing.webp","type":"image\/webp"}],"twitter_card":"summary_large_image","twitter_misc":{"Tiempo de lectura":"2 minutos"},"schema":{"@context":"https:\/\/schema.org","@graph":[{"@type":"WebPage","@id":"https:\/\/petproducts.com.cn\/product\/recycled-pet-clothing-plush-dog-coats-with-hoodie\/","url":"https:\/\/petproducts.com.cn\/product\/recycled-pet-clothing-plush-dog-coats-with-hoodie\/","name":"Ropa reciclada para mascotas | F\u00e1brica de abrigos de felpa para perros - Petstar","isPartOf":{"@id":"https:\/\/petproducts.com.cn\/#website"},"primaryImageOfPage":{"@id":"https:\/\/petproducts.com.cn\/product\/recycled-pet-clothing-plush-dog-coats-with-hoodie\/#primaryimage"},"image":{"@id":"https:\/\/petproducts.com.cn\/product\/recycled-pet-clothing-plush-dog-coats-with-hoodie\/#primaryimage"},"thumbnailUrl":"https:\/\/petproducts.com.cn\/wp-content\/uploads\/2024\/04\/recycled-pet-clothing.webp","datePublished":"2024-04-23T06:28:05+00:00","dateModified":"2024-10-31T08:20:15+00:00","description":"Explore la ropa reciclada para mascotas, abrigos de felpa para perros, perro con capucha directamente desde el fabricante. Su soluci\u00f3n comercial ideal con Petstar.","breadcrumb":{"@id":"https:\/\/petproducts.com.cn\/product\/recycled-pet-clothing-plush-dog-coats-with-hoodie\/#breadcrumb"},"inLanguage":"es","potentialAction":[{"@type":"ReadAction","target":["https:\/\/petproducts.com.cn\/product\/recycled-pet-clothing-plush-dog-coats-with-hoodie\/"]}]},{"@type":"ImageObject","inLanguage":"es","@id":"https:\/\/petproducts.com.cn\/product\/recycled-pet-clothing-plush-dog-coats-with-hoodie\/#primaryimage","url":"https:\/\/petproducts.com.cn\/wp-content\/uploads\/2024\/04\/recycled-pet-clothing.webp","contentUrl":"https:\/\/petproducts.com.cn\/wp-content\/uploads\/2024\/04\/recycled-pet-clothing.webp","width":1000,"height":1000,"caption":"recycled pet clothing"},{"@type":"BreadcrumbList","@id":"https:\/\/petproducts.com.cn\/product\/recycled-pet-clothing-plush-dog-coats-with-hoodie\/#breadcrumb","itemListElement":[{"@type":"ListItem","position":1,"name":"HOME","item":"https:\/\/petproducts.com.cn\/"},{"@type":"ListItem","position":2,"name":"Products","item":"https:\/\/petproducts.com.cn\/shop\/"},{"@type":"ListItem","position":3,"name":"Dog Apparel &amp; Accessories","item":"https:\/\/petproducts.com.cn\/product-category\/dog-apparel-accessories\/"},{"@type":"ListItem","position":4,"name":"Recycled Pet Clothing Plush Dog Coats With Hoodie"}]},{"@type":"WebSite","@id":"https:\/\/petproducts.com.cn\/#website","url":"https:\/\/petproducts.com.cn\/","name":"Petstar","description":"Fabricante l\u00edder de art\u00edculos para mascotas y proveedor OEM de productos para mascotas","publisher":{"@id":"https:\/\/petproducts.com.cn\/#organization"},"alternateName":"Petstar Pet Supplies","potentialAction":[{"@type":"SearchAction","target":{"@type":"EntryPoint","urlTemplate":"https:\/\/petproducts.com.cn\/?s={search_term_string}"},"query-input":{"@type":"PropertyValueSpecification","valueRequired":true,"valueName":"search_term_string"}}],"inLanguage":"es"},{"@type":"Organization","@id":"https:\/\/petproducts.com.cn\/#organization","name":"Petstar","url":"https:\/\/petproducts.com.cn\/","logo":{"@type":"ImageObject","inLanguage":"es","@id":"https:\/\/petproducts.com.cn\/#\/schema\/logo\/image\/","url":"https:\/\/petproducts.com.cn\/wp-content\/uploads\/2020\/02\/petstar-logo.webp","contentUrl":"https:\/\/petproducts.com.cn\/wp-content\/uploads\/2020\/02\/petstar-logo.webp","width":779,"height":520,"caption":"Petstar"},"image":{"@id":"https:\/\/petproducts.com.cn\/#\/schema\/logo\/image\/"}}]}},"_links":{"self":[{"href":"https:\/\/petproducts.com.cn\/es\/wp-json\/wp\/v2\/product\/22523","targetHints":{"allow":["GET"]}}],"collection":[{"href":"https:\/\/petproducts.com.cn\/es\/wp-json\/wp\/v2\/product"}],"about":[{"href":"https:\/\/petproducts.com.cn\/es\/wp-json\/wp\/v2\/types\/product"}],"version-history":[{"count":2,"href":"https:\/\/petproducts.com.cn\/es\/wp-json\/wp\/v2\/product\/22523\/revisions"}],"predecessor-version":[{"id":22604,"href":"https:\/\/petproducts.com.cn\/es\/wp-json\/wp\/v2\/product\/22523\/revisions\/22604"}],"wp:featuredmedia":[{"embeddable":true,"href":"https:\/\/petproducts.com.cn\/es\/wp-json\/wp\/v2\/media\/22602"}],"wp:attachment":[{"href":"https:\/\/petproducts.com.cn\/es\/wp-json\/wp\/v2\/media?parent=22523"}],"wp:term":[{"taxonomy":"product_brand","embeddable":true,"href":"https:\/\/petproducts.com.cn\/es\/wp-json\/wp\/v2\/product_brand?post=22523"},{"taxonomy":"product_cat","embeddable":true,"href":"https:\/\/petproducts.com.cn\/es\/wp-json\/wp\/v2\/product_cat?post=22523"},{"taxonomy":"product_tag","embeddable":true,"href":"https:\/\/petproducts.com.cn\/es\/wp-json\/wp\/v2\/product_tag?post=22523"}],"curies":[{"name":"wp","href":"https:\/\/api.w.org\/{rel}","templated":true}]}}