{"id":22534,"date":"2024-04-23T07:30:53","date_gmt":"2024-04-23T07:30:53","guid":{"rendered":"https:\/\/petproducts.com.cn\/?post_type=product&#038;p=22534"},"modified":"2024-04-23T07:54:27","modified_gmt":"2024-04-23T07:54:27","slug":"dog-carrying-bag-factory-dog-travel-carrier-bag","status":"publish","type":"product","link":"https:\/\/petproducts.com.cn\/es\/product\/dog-carrying-bag-factory-dog-travel-carrier-bag\/","title":{"rendered":"Bolsa de transporte para perros Bolsa de viaje para perros de f\u00e1brica"},"content":{"rendered":"<h2>Caracter\u00edsticas de la bolsa de transporte para perros<\/h2>\n<ol>\n<li><strong>Opciones de tama\u00f1o<\/strong>: Nuestra bolsa de transporte para perros viene en dos tama\u00f1os, proporcionando opciones para acomodar diferentes razas y tama\u00f1os de perros. El tama\u00f1o peque\u00f1o mide S: 42x25xH28cm, mientras que el tama\u00f1o mediano mide M: 49x25xH28cm, asegurando un ajuste c\u00f3modo para varios tama\u00f1os de mascotas y necesidades de viaje.<\/li>\n<li><strong>Ventanas de malla transpirable<\/strong>: Dise\u00f1ado con tres ventanas de malla transpirable, nuestro mejor transport\u00edn para perros garantiza una ventilaci\u00f3n adecuada para las mascotas durante el viaje. Estas ventanas permiten a las mascotas disfrutar de aire fresco mientras permanecen contenidas de forma segura dentro de la bolsa, promoviendo la comodidad y el bienestar durante los viajes.<\/li>\n<li><strong>Capacidad de carga<\/strong>: Nuestra bolsa de viaje para perros est\u00e1 fabricada para soportar un peso de hasta 7 kg, proporcionando un soporte resistente a las mascotas durante el viaje. Esto garantiza que la bolsa permanezca estable y segura, permitiendo a los due\u00f1os de mascotas transportar a sus peludos compa\u00f1eros con confianza y facilidad.<\/li>\n<li><strong>Cremallera de seguridad<\/strong>: Con un dise\u00f1o de cremallera, nuestra bolsa de transporte para perros proporciona un cierre seguro para evitar que las mascotas se escapen durante el transporte. El dise\u00f1o de la cremallera ofrece mayor seguridad y tranquilidad a los propietarios de mascotas, garantizando que sus peludos compa\u00f1eros permanezcan seguros y protegidos durante todo el viaje.<\/li>\n<li><strong>Opciones de personalizaci\u00f3n<\/strong>: Es personalizable para adaptarse a las preferencias y necesidades individuales. Desde la selecci\u00f3n de colores y estampados hasta la adici\u00f3n de detalles personalizados, los clientes tienen la libertad de crear una bolsa que refleje su estilo \u00fanico, al tiempo que garantiza una comodidad y funcionalidad \u00f3ptimas para sus amigos peludos.<\/li>\n<\/ol>","protected":false},"excerpt":{"rendered":"<p>Somos fabricantes de bolsas de transporte para perros, bolsas de viaje para perros, con m\u00e1s de 20 a\u00f1os de experiencia. Ofrecemos opciones de personalizaci\u00f3n de color, tama\u00f1o, tela, patr\u00f3n, logotipo y otras caracter\u00edsticas.<\/p>","protected":false},"featured_media":22537,"template":"","meta":{"_acf_changed":false},"product_brand":[],"product_cat":[133,71,132,72],"product_tag":[145,144],"class_list":{"0":"post-22534","1":"product","2":"type-product","3":"status-publish","4":"has-post-thumbnail","6":"product_cat-cat-carriers-car-supplies","7":"product_cat-cat-supplies","8":"product_cat-dog-carriers-car-supplies","9":"product_cat-dog-supplies","10":"product_tag-cat-carriers-car-supplies","11":"product_tag-dog-carriers-car-supplies","13":"first","14":"instock","15":"shipping-taxable","16":"product-type-simple"},"acf":[],"yoast_head":"<!-- This site is optimized with the Yoast SEO plugin v27.1.1 - https:\/\/yoast.com\/product\/yoast-seo-wordpress\/ -->\n<title>dog carrying bag | Factory Dog Travel Carrier Bag - Petstar<\/title>\n<meta name=\"description\" content=\"Explore dog carrying bag,best dog carrier,dog travel bag from the manufacturer. Your ideal business solution with Petstar.\" \/>\n<meta name=\"robots\" content=\"index, follow, max-snippet:-1, max-image-preview:large, max-video-preview:-1\" \/>\n<link rel=\"canonical\" href=\"https:\/\/petproducts.com.cn\/es\/producto\/dog-carrying-bag-factory-dog-travel-carrier-bag\/\" \/>\n<meta property=\"og:locale\" content=\"es_ES\" \/>\n<meta property=\"og:type\" content=\"article\" \/>\n<meta property=\"og:title\" content=\"dog carrying bag | Factory Dog Travel Carrier Bag - Petstar\" \/>\n<meta property=\"og:description\" content=\"Explore dog carrying bag,best dog carrier,dog travel bag from the manufacturer. Your ideal business solution with Petstar.\" \/>\n<meta property=\"og:url\" content=\"https:\/\/petproducts.com.cn\/es\/producto\/dog-carrying-bag-factory-dog-travel-carrier-bag\/\" \/>\n<meta property=\"og:site_name\" content=\"Petstar\" \/>\n<meta property=\"article:modified_time\" content=\"2024-04-23T07:54:27+00:00\" \/>\n<meta property=\"og:image\" content=\"https:\/\/petproducts.com.cn\/wp-content\/uploads\/2024\/04\/dog-carrying-bag.webp\" \/>\n\t<meta property=\"og:image:width\" content=\"1000\" \/>\n\t<meta property=\"og:image:height\" content=\"1000\" \/>\n\t<meta property=\"og:image:type\" content=\"image\/webp\" \/>\n<meta name=\"twitter:card\" content=\"summary_large_image\" \/>\n<meta name=\"twitter:label1\" content=\"Tiempo de lectura\" \/>\n\t<meta name=\"twitter:data1\" content=\"1 minuto\" \/>\n<script type=\"application\/ld+json\" class=\"yoast-schema-graph\">{\"@context\":\"https:\/\/schema.org\",\"@graph\":[{\"@type\":\"WebPage\",\"@id\":\"https:\/\/petproducts.com.cn\/product\/dog-carrying-bag-factory-dog-travel-carrier-bag\/\",\"url\":\"https:\/\/petproducts.com.cn\/product\/dog-carrying-bag-factory-dog-travel-carrier-bag\/\",\"name\":\"dog carrying bag | Factory Dog Travel Carrier Bag - Petstar\",\"isPartOf\":{\"@id\":\"https:\/\/petproducts.com.cn\/#website\"},\"primaryImageOfPage\":{\"@id\":\"https:\/\/petproducts.com.cn\/product\/dog-carrying-bag-factory-dog-travel-carrier-bag\/#primaryimage\"},\"image\":{\"@id\":\"https:\/\/petproducts.com.cn\/product\/dog-carrying-bag-factory-dog-travel-carrier-bag\/#primaryimage\"},\"thumbnailUrl\":\"https:\/\/petproducts.com.cn\/wp-content\/uploads\/2024\/04\/dog-carrying-bag.webp\",\"datePublished\":\"2024-04-23T07:30:53+00:00\",\"dateModified\":\"2024-04-23T07:54:27+00:00\",\"description\":\"Explore dog carrying bag,best dog carrier,dog travel bag from the manufacturer. Your ideal business solution with Petstar.\",\"breadcrumb\":{\"@id\":\"https:\/\/petproducts.com.cn\/product\/dog-carrying-bag-factory-dog-travel-carrier-bag\/#breadcrumb\"},\"inLanguage\":\"es\",\"potentialAction\":[{\"@type\":\"ReadAction\",\"target\":[\"https:\/\/petproducts.com.cn\/product\/dog-carrying-bag-factory-dog-travel-carrier-bag\/\"]}]},{\"@type\":\"ImageObject\",\"inLanguage\":\"es\",\"@id\":\"https:\/\/petproducts.com.cn\/product\/dog-carrying-bag-factory-dog-travel-carrier-bag\/#primaryimage\",\"url\":\"https:\/\/petproducts.com.cn\/wp-content\/uploads\/2024\/04\/dog-carrying-bag.webp\",\"contentUrl\":\"https:\/\/petproducts.com.cn\/wp-content\/uploads\/2024\/04\/dog-carrying-bag.webp\",\"width\":1000,\"height\":1000,\"caption\":\"dog carrying bag\"},{\"@type\":\"BreadcrumbList\",\"@id\":\"https:\/\/petproducts.com.cn\/product\/dog-carrying-bag-factory-dog-travel-carrier-bag\/#breadcrumb\",\"itemListElement\":[{\"@type\":\"ListItem\",\"position\":1,\"name\":\"HOME\",\"item\":\"https:\/\/petproducts.com.cn\/\"},{\"@type\":\"ListItem\",\"position\":2,\"name\":\"Products\",\"item\":\"https:\/\/petproducts.com.cn\/shop\/\"},{\"@type\":\"ListItem\",\"position\":3,\"name\":\"Dog Carriers &amp; Car Supplies\",\"item\":\"https:\/\/petproducts.com.cn\/product-category\/dog-carriers-car-supplies\/\"},{\"@type\":\"ListItem\",\"position\":4,\"name\":\"Dog Carrying Bag Factory Dog Travel Carrier Bag\"}]},{\"@type\":\"WebSite\",\"@id\":\"https:\/\/petproducts.com.cn\/#website\",\"url\":\"https:\/\/petproducts.com.cn\/\",\"name\":\"Petstar\",\"description\":\"Leading Pet Supplies Manufacturer &amp; OEM Pet Products Supplier\",\"publisher\":{\"@id\":\"https:\/\/petproducts.com.cn\/#organization\"},\"alternateName\":\"Petstar Pet Supplies\",\"potentialAction\":[{\"@type\":\"SearchAction\",\"target\":{\"@type\":\"EntryPoint\",\"urlTemplate\":\"https:\/\/petproducts.com.cn\/?s={search_term_string}\"},\"query-input\":{\"@type\":\"PropertyValueSpecification\",\"valueRequired\":true,\"valueName\":\"search_term_string\"}}],\"inLanguage\":\"es\"},{\"@type\":\"Organization\",\"@id\":\"https:\/\/petproducts.com.cn\/#organization\",\"name\":\"Petstar\",\"url\":\"https:\/\/petproducts.com.cn\/\",\"logo\":{\"@type\":\"ImageObject\",\"inLanguage\":\"es\",\"@id\":\"https:\/\/petproducts.com.cn\/#\/schema\/logo\/image\/\",\"url\":\"https:\/\/petproducts.com.cn\/wp-content\/uploads\/2020\/02\/petstar-logo.webp\",\"contentUrl\":\"https:\/\/petproducts.com.cn\/wp-content\/uploads\/2020\/02\/petstar-logo.webp\",\"width\":779,\"height\":520,\"caption\":\"Petstar\"},\"image\":{\"@id\":\"https:\/\/petproducts.com.cn\/#\/schema\/logo\/image\/\"}}]}<\/script>\n<!-- \/ Yoast SEO plugin. -->","yoast_head_json":{"title":"bolsa de transporte para perros | Factory Dog Travel Carrier Bag - Petstar","description":"Explore bolsa de transporte para perros,el mejor transportin para perros,bolsa de viaje para perros del fabricante. Su soluci\u00f3n de negocio ideal con Petstar.","robots":{"index":"index","follow":"follow","max-snippet":"max-snippet:-1","max-image-preview":"max-image-preview:large","max-video-preview":"max-video-preview:-1"},"canonical":"https:\/\/petproducts.com.cn\/es\/producto\/dog-carrying-bag-factory-dog-travel-carrier-bag\/","og_locale":"es_ES","og_type":"article","og_title":"dog carrying bag | Factory Dog Travel Carrier Bag - Petstar","og_description":"Explore dog carrying bag,best dog carrier,dog travel bag from the manufacturer. Your ideal business solution with Petstar.","og_url":"https:\/\/petproducts.com.cn\/es\/producto\/dog-carrying-bag-factory-dog-travel-carrier-bag\/","og_site_name":"Petstar","article_modified_time":"2024-04-23T07:54:27+00:00","og_image":[{"width":1000,"height":1000,"url":"https:\/\/petproducts.com.cn\/wp-content\/uploads\/2024\/04\/dog-carrying-bag.webp","type":"image\/webp"}],"twitter_card":"summary_large_image","twitter_misc":{"Tiempo de lectura":"1 minuto"},"schema":{"@context":"https:\/\/schema.org","@graph":[{"@type":"WebPage","@id":"https:\/\/petproducts.com.cn\/product\/dog-carrying-bag-factory-dog-travel-carrier-bag\/","url":"https:\/\/petproducts.com.cn\/product\/dog-carrying-bag-factory-dog-travel-carrier-bag\/","name":"bolsa de transporte para perros | Factory Dog Travel Carrier Bag - Petstar","isPartOf":{"@id":"https:\/\/petproducts.com.cn\/#website"},"primaryImageOfPage":{"@id":"https:\/\/petproducts.com.cn\/product\/dog-carrying-bag-factory-dog-travel-carrier-bag\/#primaryimage"},"image":{"@id":"https:\/\/petproducts.com.cn\/product\/dog-carrying-bag-factory-dog-travel-carrier-bag\/#primaryimage"},"thumbnailUrl":"https:\/\/petproducts.com.cn\/wp-content\/uploads\/2024\/04\/dog-carrying-bag.webp","datePublished":"2024-04-23T07:30:53+00:00","dateModified":"2024-04-23T07:54:27+00:00","description":"Explore bolsa de transporte para perros,el mejor transportin para perros,bolsa de viaje para perros del fabricante. Su soluci\u00f3n de negocio ideal con Petstar.","breadcrumb":{"@id":"https:\/\/petproducts.com.cn\/product\/dog-carrying-bag-factory-dog-travel-carrier-bag\/#breadcrumb"},"inLanguage":"es","potentialAction":[{"@type":"ReadAction","target":["https:\/\/petproducts.com.cn\/product\/dog-carrying-bag-factory-dog-travel-carrier-bag\/"]}]},{"@type":"ImageObject","inLanguage":"es","@id":"https:\/\/petproducts.com.cn\/product\/dog-carrying-bag-factory-dog-travel-carrier-bag\/#primaryimage","url":"https:\/\/petproducts.com.cn\/wp-content\/uploads\/2024\/04\/dog-carrying-bag.webp","contentUrl":"https:\/\/petproducts.com.cn\/wp-content\/uploads\/2024\/04\/dog-carrying-bag.webp","width":1000,"height":1000,"caption":"dog carrying bag"},{"@type":"BreadcrumbList","@id":"https:\/\/petproducts.com.cn\/product\/dog-carrying-bag-factory-dog-travel-carrier-bag\/#breadcrumb","itemListElement":[{"@type":"ListItem","position":1,"name":"HOME","item":"https:\/\/petproducts.com.cn\/"},{"@type":"ListItem","position":2,"name":"Products","item":"https:\/\/petproducts.com.cn\/shop\/"},{"@type":"ListItem","position":3,"name":"Dog Carriers &amp; Car Supplies","item":"https:\/\/petproducts.com.cn\/product-category\/dog-carriers-car-supplies\/"},{"@type":"ListItem","position":4,"name":"Dog Carrying Bag Factory Dog Travel Carrier Bag"}]},{"@type":"WebSite","@id":"https:\/\/petproducts.com.cn\/#website","url":"https:\/\/petproducts.com.cn\/","name":"Petstar","description":"Fabricante l\u00edder de art\u00edculos para mascotas y proveedor OEM de productos para mascotas","publisher":{"@id":"https:\/\/petproducts.com.cn\/#organization"},"alternateName":"Petstar Pet Supplies","potentialAction":[{"@type":"SearchAction","target":{"@type":"EntryPoint","urlTemplate":"https:\/\/petproducts.com.cn\/?s={search_term_string}"},"query-input":{"@type":"PropertyValueSpecification","valueRequired":true,"valueName":"search_term_string"}}],"inLanguage":"es"},{"@type":"Organization","@id":"https:\/\/petproducts.com.cn\/#organization","name":"Petstar","url":"https:\/\/petproducts.com.cn\/","logo":{"@type":"ImageObject","inLanguage":"es","@id":"https:\/\/petproducts.com.cn\/#\/schema\/logo\/image\/","url":"https:\/\/petproducts.com.cn\/wp-content\/uploads\/2020\/02\/petstar-logo.webp","contentUrl":"https:\/\/petproducts.com.cn\/wp-content\/uploads\/2020\/02\/petstar-logo.webp","width":779,"height":520,"caption":"Petstar"},"image":{"@id":"https:\/\/petproducts.com.cn\/#\/schema\/logo\/image\/"}}]}},"_links":{"self":[{"href":"https:\/\/petproducts.com.cn\/es\/wp-json\/wp\/v2\/product\/22534","targetHints":{"allow":["GET"]}}],"collection":[{"href":"https:\/\/petproducts.com.cn\/es\/wp-json\/wp\/v2\/product"}],"about":[{"href":"https:\/\/petproducts.com.cn\/es\/wp-json\/wp\/v2\/types\/product"}],"version-history":[{"count":3,"href":"https:\/\/petproducts.com.cn\/es\/wp-json\/wp\/v2\/product\/22534\/revisions"}],"predecessor-version":[{"id":22543,"href":"https:\/\/petproducts.com.cn\/es\/wp-json\/wp\/v2\/product\/22534\/revisions\/22543"}],"wp:featuredmedia":[{"embeddable":true,"href":"https:\/\/petproducts.com.cn\/es\/wp-json\/wp\/v2\/media\/22537"}],"wp:attachment":[{"href":"https:\/\/petproducts.com.cn\/es\/wp-json\/wp\/v2\/media?parent=22534"}],"wp:term":[{"taxonomy":"product_brand","embeddable":true,"href":"https:\/\/petproducts.com.cn\/es\/wp-json\/wp\/v2\/product_brand?post=22534"},{"taxonomy":"product_cat","embeddable":true,"href":"https:\/\/petproducts.com.cn\/es\/wp-json\/wp\/v2\/product_cat?post=22534"},{"taxonomy":"product_tag","embeddable":true,"href":"https:\/\/petproducts.com.cn\/es\/wp-json\/wp\/v2\/product_tag?post=22534"}],"curies":[{"name":"wp","href":"https:\/\/api.w.org\/{rel}","templated":true}]}}