{"id":23107,"date":"2024-05-07T07:03:15","date_gmt":"2024-05-07T07:03:15","guid":{"rendered":"https:\/\/petproducts.com.cn\/?post_type=product&#038;p=23107"},"modified":"2024-05-07T07:33:32","modified_gmt":"2024-05-07T07:33:32","slug":"crystal-cat-litter-absorbent-silica-crystal-cat-litter","status":"publish","type":"product","link":"https:\/\/petproducts.com.cn\/es\/product\/crystal-cat-litter-absorbent-silica-crystal-cat-litter\/","title":{"rendered":"Arena para gatos Crystal Arena absorbente para gatos Crystal Cat"},"content":{"rendered":"<h2><strong>Caracter\u00edsticas de la arena para gatos Crystal<\/strong><\/h2>\n<p><strong>1. Hecho de s\u00edlice natural<\/strong> Nuestra arena cristalina para gatos est\u00e1 fabricada con s\u00edlice natural, ofreciendo una opci\u00f3n segura y no t\u00f3xica para su gato. Con esta arena absorbente para gatos, puede confiar en la calidad de los materiales utilizados.<\/p>\n<p><strong>2. Absorci\u00f3n superior para sequedad<\/strong> Esta arena para gatos de cristal de s\u00edlice tiene una gran capacidad de absorci\u00f3n, absorbiendo r\u00e1pidamente la humedad para mantener seca la caja de arena. Su alto \u00edndice de absorci\u00f3n garantiza que la arena permanezca seca, reduciendo la necesidad de limpieza frecuente. Con esta arena de s\u00edlice para gatos, puede prolongar el tiempo entre cambios de la caja de arena.<\/p>\n<p><strong>3. Part\u00edculas grandes y poco polvo<\/strong> Nuestra arena absorbente para gatos se caracteriza por sus grandes part\u00edculas, que minimizan el polvo y el rastreo por toda la casa. Las part\u00edculas grandes reducen el polvo suspendido en el aire, creando un entorno m\u00e1s limpio para usted y su gato. Con esta arena para gatos de cristal de s\u00edlice, no tendr\u00e1 que preocuparse de que la arena se esparza por otras habitaciones.<\/p>\n<p><strong>4. Excelente control de olores<\/strong> A pesar de ser natural, esta arena absorbente para gatos proporciona un excelente control de olores, atrapando y neutralizando los olores desagradables. Su estructura \u00fanica absorbe los olores eficazmente, garantizando que su hogar permanezca fresco. Puede contar con esta arena absorbente para gatos para mantener la zona del arenero con un olor limpio.<\/p>\n<p><strong>5. F\u00e1cil de recoger y limpiar<\/strong> Nuestra arena para mascotas de cristal de s\u00edlice est\u00e1 dise\u00f1ada para recogerla y limpiarla f\u00e1cilmente, por lo que el mantenimiento de la caja de arena es muy sencillo. Las part\u00edculas grandes son f\u00e1ciles de tamizar, lo que permite eliminar los residuos de forma r\u00e1pida y eficaz. Con esta arena de cristal, mantener limpia la caja de arena es una tarea sencilla.<\/p>","protected":false},"excerpt":{"rendered":"<p>Somos fabricantes de arena para gatos con m\u00e1s de 20 a\u00f1os de experiencia. Ofrecemos opciones de personalizaci\u00f3n en cuanto a color, tama\u00f1o, tejido, estampado, logotipo y otras caracter\u00edsticas.<\/p>","protected":false},"featured_media":23113,"template":"","meta":{"_acf_changed":false},"product_brand":[],"product_cat":[138,71],"product_tag":[141],"class_list":{"0":"post-23107","1":"product","2":"type-product","3":"status-publish","4":"has-post-thumbnail","6":"product_cat-cat-litter-accessories","7":"product_cat-cat-supplies","8":"product_tag-cat-litter-accessories","10":"first","11":"instock","12":"shipping-taxable","13":"product-type-simple"},"acf":[],"yoast_head":"<!-- This site is optimized with the Yoast SEO plugin v27.1.1 - https:\/\/yoast.com\/product\/yoast-seo-wordpress\/ -->\n<title>Crystal Cat Litter Factory | Silica Crystal Cat Litter Manufacturer - Petstar<\/title>\n<meta name=\"description\" content=\"Explore crystal cat litter, absorbent cat litter, silica crystal cat litter directly from the manufacturer. Your ideal business solution with Petstar.\" \/>\n<meta name=\"robots\" content=\"index, follow, max-snippet:-1, max-image-preview:large, max-video-preview:-1\" \/>\n<link rel=\"canonical\" href=\"https:\/\/petproducts.com.cn\/es\/producto\/crystal-cat-litter-absorbent-silica-crystal-cat-litter\/\" \/>\n<meta property=\"og:locale\" content=\"es_ES\" \/>\n<meta property=\"og:type\" content=\"article\" \/>\n<meta property=\"og:title\" content=\"Crystal Cat Litter Factory | Silica Crystal Cat Litter Manufacturer - Petstar\" \/>\n<meta property=\"og:description\" content=\"Explore crystal cat litter, absorbent cat litter, silica crystal cat litter directly from the manufacturer. Your ideal business solution with Petstar.\" \/>\n<meta property=\"og:url\" content=\"https:\/\/petproducts.com.cn\/es\/producto\/crystal-cat-litter-absorbent-silica-crystal-cat-litter\/\" \/>\n<meta property=\"og:site_name\" content=\"Petstar\" \/>\n<meta property=\"article:modified_time\" content=\"2024-05-07T07:33:32+00:00\" \/>\n<meta property=\"og:image\" content=\"https:\/\/petproducts.com.cn\/wp-content\/uploads\/2024\/05\/crystal-cat-litter.webp\" \/>\n\t<meta property=\"og:image:width\" content=\"800\" \/>\n\t<meta property=\"og:image:height\" content=\"800\" \/>\n\t<meta property=\"og:image:type\" content=\"image\/webp\" \/>\n<meta name=\"twitter:card\" content=\"summary_large_image\" \/>\n<meta name=\"twitter:label1\" content=\"Tiempo de lectura\" \/>\n\t<meta name=\"twitter:data1\" content=\"2 minutos\" \/>\n<script type=\"application\/ld+json\" class=\"yoast-schema-graph\">{\"@context\":\"https:\/\/schema.org\",\"@graph\":[{\"@type\":\"WebPage\",\"@id\":\"https:\/\/petproducts.com.cn\/product\/crystal-cat-litter-absorbent-silica-crystal-cat-litter\/\",\"url\":\"https:\/\/petproducts.com.cn\/product\/crystal-cat-litter-absorbent-silica-crystal-cat-litter\/\",\"name\":\"Crystal Cat Litter Factory | Silica Crystal Cat Litter Manufacturer - Petstar\",\"isPartOf\":{\"@id\":\"https:\/\/petproducts.com.cn\/#website\"},\"primaryImageOfPage\":{\"@id\":\"https:\/\/petproducts.com.cn\/product\/crystal-cat-litter-absorbent-silica-crystal-cat-litter\/#primaryimage\"},\"image\":{\"@id\":\"https:\/\/petproducts.com.cn\/product\/crystal-cat-litter-absorbent-silica-crystal-cat-litter\/#primaryimage\"},\"thumbnailUrl\":\"https:\/\/petproducts.com.cn\/wp-content\/uploads\/2024\/05\/crystal-cat-litter.webp\",\"datePublished\":\"2024-05-07T07:03:15+00:00\",\"dateModified\":\"2024-05-07T07:33:32+00:00\",\"description\":\"Explore crystal cat litter, absorbent cat litter, silica crystal cat litter directly from the manufacturer. Your ideal business solution with Petstar.\",\"breadcrumb\":{\"@id\":\"https:\/\/petproducts.com.cn\/product\/crystal-cat-litter-absorbent-silica-crystal-cat-litter\/#breadcrumb\"},\"inLanguage\":\"es\",\"potentialAction\":[{\"@type\":\"ReadAction\",\"target\":[\"https:\/\/petproducts.com.cn\/product\/crystal-cat-litter-absorbent-silica-crystal-cat-litter\/\"]}]},{\"@type\":\"ImageObject\",\"inLanguage\":\"es\",\"@id\":\"https:\/\/petproducts.com.cn\/product\/crystal-cat-litter-absorbent-silica-crystal-cat-litter\/#primaryimage\",\"url\":\"https:\/\/petproducts.com.cn\/wp-content\/uploads\/2024\/05\/crystal-cat-litter.webp\",\"contentUrl\":\"https:\/\/petproducts.com.cn\/wp-content\/uploads\/2024\/05\/crystal-cat-litter.webp\",\"width\":800,\"height\":800,\"caption\":\"crystal cat litter\"},{\"@type\":\"BreadcrumbList\",\"@id\":\"https:\/\/petproducts.com.cn\/product\/crystal-cat-litter-absorbent-silica-crystal-cat-litter\/#breadcrumb\",\"itemListElement\":[{\"@type\":\"ListItem\",\"position\":1,\"name\":\"HOME\",\"item\":\"https:\/\/petproducts.com.cn\/\"},{\"@type\":\"ListItem\",\"position\":2,\"name\":\"Products\",\"item\":\"https:\/\/petproducts.com.cn\/shop\/\"},{\"@type\":\"ListItem\",\"position\":3,\"name\":\"Cat Litter &amp; Accessories\",\"item\":\"https:\/\/petproducts.com.cn\/product-category\/cat-litter-accessories\/\"},{\"@type\":\"ListItem\",\"position\":4,\"name\":\"Crystal Cat Litter Absorbent Silica Crystal Cat Litter\"}]},{\"@type\":\"WebSite\",\"@id\":\"https:\/\/petproducts.com.cn\/#website\",\"url\":\"https:\/\/petproducts.com.cn\/\",\"name\":\"Petstar\",\"description\":\"Leading Pet Supplies Manufacturer &amp; OEM Pet Products Supplier\",\"publisher\":{\"@id\":\"https:\/\/petproducts.com.cn\/#organization\"},\"alternateName\":\"Petstar Pet Supplies\",\"potentialAction\":[{\"@type\":\"SearchAction\",\"target\":{\"@type\":\"EntryPoint\",\"urlTemplate\":\"https:\/\/petproducts.com.cn\/?s={search_term_string}\"},\"query-input\":{\"@type\":\"PropertyValueSpecification\",\"valueRequired\":true,\"valueName\":\"search_term_string\"}}],\"inLanguage\":\"es\"},{\"@type\":\"Organization\",\"@id\":\"https:\/\/petproducts.com.cn\/#organization\",\"name\":\"Petstar\",\"url\":\"https:\/\/petproducts.com.cn\/\",\"logo\":{\"@type\":\"ImageObject\",\"inLanguage\":\"es\",\"@id\":\"https:\/\/petproducts.com.cn\/#\/schema\/logo\/image\/\",\"url\":\"https:\/\/petproducts.com.cn\/wp-content\/uploads\/2020\/02\/petstar-logo.webp\",\"contentUrl\":\"https:\/\/petproducts.com.cn\/wp-content\/uploads\/2020\/02\/petstar-logo.webp\",\"width\":779,\"height\":520,\"caption\":\"Petstar\"},\"image\":{\"@id\":\"https:\/\/petproducts.com.cn\/#\/schema\/logo\/image\/\"}}]}<\/script>\n<!-- \/ Yoast SEO plugin. -->","yoast_head_json":{"title":"F\u00e1brica de arena para gatos de cristal | Fabricante de arena para gatos de cristal de s\u00edlice - Petstar","description":"Explore arenas cristalinas para gatos, arenas absorbentes para gatos, arenas cristalinas de s\u00edlice para gatos directamente del fabricante. Su soluci\u00f3n comercial ideal con Petstar.","robots":{"index":"index","follow":"follow","max-snippet":"max-snippet:-1","max-image-preview":"max-image-preview:large","max-video-preview":"max-video-preview:-1"},"canonical":"https:\/\/petproducts.com.cn\/es\/producto\/crystal-cat-litter-absorbent-silica-crystal-cat-litter\/","og_locale":"es_ES","og_type":"article","og_title":"Crystal Cat Litter Factory | Silica Crystal Cat Litter Manufacturer - Petstar","og_description":"Explore crystal cat litter, absorbent cat litter, silica crystal cat litter directly from the manufacturer. Your ideal business solution with Petstar.","og_url":"https:\/\/petproducts.com.cn\/es\/producto\/crystal-cat-litter-absorbent-silica-crystal-cat-litter\/","og_site_name":"Petstar","article_modified_time":"2024-05-07T07:33:32+00:00","og_image":[{"width":800,"height":800,"url":"https:\/\/petproducts.com.cn\/wp-content\/uploads\/2024\/05\/crystal-cat-litter.webp","type":"image\/webp"}],"twitter_card":"summary_large_image","twitter_misc":{"Tiempo de lectura":"2 minutos"},"schema":{"@context":"https:\/\/schema.org","@graph":[{"@type":"WebPage","@id":"https:\/\/petproducts.com.cn\/product\/crystal-cat-litter-absorbent-silica-crystal-cat-litter\/","url":"https:\/\/petproducts.com.cn\/product\/crystal-cat-litter-absorbent-silica-crystal-cat-litter\/","name":"F\u00e1brica de arena para gatos de cristal | Fabricante de arena para gatos de cristal de s\u00edlice - Petstar","isPartOf":{"@id":"https:\/\/petproducts.com.cn\/#website"},"primaryImageOfPage":{"@id":"https:\/\/petproducts.com.cn\/product\/crystal-cat-litter-absorbent-silica-crystal-cat-litter\/#primaryimage"},"image":{"@id":"https:\/\/petproducts.com.cn\/product\/crystal-cat-litter-absorbent-silica-crystal-cat-litter\/#primaryimage"},"thumbnailUrl":"https:\/\/petproducts.com.cn\/wp-content\/uploads\/2024\/05\/crystal-cat-litter.webp","datePublished":"2024-05-07T07:03:15+00:00","dateModified":"2024-05-07T07:33:32+00:00","description":"Explore arenas cristalinas para gatos, arenas absorbentes para gatos, arenas cristalinas de s\u00edlice para gatos directamente del fabricante. Su soluci\u00f3n comercial ideal con Petstar.","breadcrumb":{"@id":"https:\/\/petproducts.com.cn\/product\/crystal-cat-litter-absorbent-silica-crystal-cat-litter\/#breadcrumb"},"inLanguage":"es","potentialAction":[{"@type":"ReadAction","target":["https:\/\/petproducts.com.cn\/product\/crystal-cat-litter-absorbent-silica-crystal-cat-litter\/"]}]},{"@type":"ImageObject","inLanguage":"es","@id":"https:\/\/petproducts.com.cn\/product\/crystal-cat-litter-absorbent-silica-crystal-cat-litter\/#primaryimage","url":"https:\/\/petproducts.com.cn\/wp-content\/uploads\/2024\/05\/crystal-cat-litter.webp","contentUrl":"https:\/\/petproducts.com.cn\/wp-content\/uploads\/2024\/05\/crystal-cat-litter.webp","width":800,"height":800,"caption":"crystal cat litter"},{"@type":"BreadcrumbList","@id":"https:\/\/petproducts.com.cn\/product\/crystal-cat-litter-absorbent-silica-crystal-cat-litter\/#breadcrumb","itemListElement":[{"@type":"ListItem","position":1,"name":"HOME","item":"https:\/\/petproducts.com.cn\/"},{"@type":"ListItem","position":2,"name":"Products","item":"https:\/\/petproducts.com.cn\/shop\/"},{"@type":"ListItem","position":3,"name":"Cat Litter &amp; Accessories","item":"https:\/\/petproducts.com.cn\/product-category\/cat-litter-accessories\/"},{"@type":"ListItem","position":4,"name":"Crystal Cat Litter Absorbent Silica Crystal Cat Litter"}]},{"@type":"WebSite","@id":"https:\/\/petproducts.com.cn\/#website","url":"https:\/\/petproducts.com.cn\/","name":"Petstar","description":"Fabricante l\u00edder de art\u00edculos para mascotas y proveedor OEM de productos para mascotas","publisher":{"@id":"https:\/\/petproducts.com.cn\/#organization"},"alternateName":"Petstar Pet Supplies","potentialAction":[{"@type":"SearchAction","target":{"@type":"EntryPoint","urlTemplate":"https:\/\/petproducts.com.cn\/?s={search_term_string}"},"query-input":{"@type":"PropertyValueSpecification","valueRequired":true,"valueName":"search_term_string"}}],"inLanguage":"es"},{"@type":"Organization","@id":"https:\/\/petproducts.com.cn\/#organization","name":"Petstar","url":"https:\/\/petproducts.com.cn\/","logo":{"@type":"ImageObject","inLanguage":"es","@id":"https:\/\/petproducts.com.cn\/#\/schema\/logo\/image\/","url":"https:\/\/petproducts.com.cn\/wp-content\/uploads\/2020\/02\/petstar-logo.webp","contentUrl":"https:\/\/petproducts.com.cn\/wp-content\/uploads\/2020\/02\/petstar-logo.webp","width":779,"height":520,"caption":"Petstar"},"image":{"@id":"https:\/\/petproducts.com.cn\/#\/schema\/logo\/image\/"}}]}},"_links":{"self":[{"href":"https:\/\/petproducts.com.cn\/es\/wp-json\/wp\/v2\/product\/23107","targetHints":{"allow":["GET"]}}],"collection":[{"href":"https:\/\/petproducts.com.cn\/es\/wp-json\/wp\/v2\/product"}],"about":[{"href":"https:\/\/petproducts.com.cn\/es\/wp-json\/wp\/v2\/types\/product"}],"version-history":[{"count":2,"href":"https:\/\/petproducts.com.cn\/es\/wp-json\/wp\/v2\/product\/23107\/revisions"}],"predecessor-version":[{"id":23109,"href":"https:\/\/petproducts.com.cn\/es\/wp-json\/wp\/v2\/product\/23107\/revisions\/23109"}],"wp:featuredmedia":[{"embeddable":true,"href":"https:\/\/petproducts.com.cn\/es\/wp-json\/wp\/v2\/media\/23113"}],"wp:attachment":[{"href":"https:\/\/petproducts.com.cn\/es\/wp-json\/wp\/v2\/media?parent=23107"}],"wp:term":[{"taxonomy":"product_brand","embeddable":true,"href":"https:\/\/petproducts.com.cn\/es\/wp-json\/wp\/v2\/product_brand?post=23107"},{"taxonomy":"product_cat","embeddable":true,"href":"https:\/\/petproducts.com.cn\/es\/wp-json\/wp\/v2\/product_cat?post=23107"},{"taxonomy":"product_tag","embeddable":true,"href":"https:\/\/petproducts.com.cn\/es\/wp-json\/wp\/v2\/product_tag?post=23107"}],"curies":[{"name":"wp","href":"https:\/\/api.w.org\/{rel}","templated":true}]}}