{"id":23151,"date":"2024-05-08T02:59:38","date_gmt":"2024-05-08T02:59:38","guid":{"rendered":"https:\/\/petproducts.com.cn\/?post_type=product&#038;p=23151"},"modified":"2024-05-08T03:15:51","modified_gmt":"2024-05-08T03:15:51","slug":"best-tofu-cat-litter-plant-pea-fiber-cat-litter","status":"publish","type":"product","link":"https:\/\/petproducts.com.cn\/es\/product\/best-tofu-cat-litter-plant-pea-fiber-cat-litter\/","title":{"rendered":"La mejor arena para gatos de fibra de guisantes y plantas de arena para gatos de tofu"},"content":{"rendered":"<h2><strong>Caracter\u00edsticas de la mejor arena de tofu para gatos<\/strong><\/h2>\n<p><strong>1. Fabricado con fibra de guisante biodegradable 100%<\/strong> Nuestra mejor arena de tofu para gatos est\u00e1 fabricada con fibra de guisante natural, lo que la hace 100% biodegradable y respetuosa con el medio ambiente. Esta arena para gatos de fibra vegetal es sostenible y contribuye a reducir la huella de carbono. Al elegir esta arena para gatos de fibra de guisantes, est\u00e1 tomando una decisi\u00f3n ecol\u00f3gica para su gato y el planeta.<\/p>\n<p><strong>2. De calidad alimentaria y seguro para los gatos<\/strong> Esta arena para gatos de fibra vegetal est\u00e1 fabricada con ingredientes aptos para uso alimentario, lo que garantiza su inocuidad para su gato. La f\u00f3rmula no t\u00f3xica reduce el riesgo de da\u00f1os en caso de ingesti\u00f3n, proporcionando tranquilidad. Con esta arena de tofu para gatos, est\u00e1 eligiendo una opci\u00f3n segura y respetuosa con los gatos para su peludo amigo.<\/p>\n<p><strong>3. Superabsorci\u00f3n para una caja de arena seca<\/strong> La arena para gatos de fibra de guisante tiene un alto \u00edndice de absorci\u00f3n, absorbiendo r\u00e1pidamente la humedad para mantener la caja de arena seca. Su gran capacidad de absorci\u00f3n garantiza que la arena se mantenga fresca y evita que se ensucie. Con esta arena para gatos de fibra vegetal, puede mantener una caja de arena seca y sin olores con facilidad.<\/p>\n<p><strong>4. Enjuagable para facilitar su eliminaci\u00f3n<\/strong> Nuestra arena vegetal para gatos es desechable, lo que le permite deshacerse de la arena usada simplemente tir\u00e1ndola por el inodoro. Esta caracter\u00edstica reduce los residuos y elimina la necesidad de bolsas de pl\u00e1stico, facilitando la limpieza. Con esta arena para gatos de fibra de guisante, puede mantener una caja de arena limpia a la vez que es respetuosa con el medio ambiente.<\/p>\n<p><strong>5. R\u00e1pida aglomeraci\u00f3n y f\u00e1cil de recoger<\/strong> Esta arena para gatos de fibra vegetal forma aglomeraciones r\u00e1pidas y s\u00f3lidas en contacto con la humedad, por lo que es f\u00e1cil de recoger y limpiar. Los s\u00f3lidos grumos no se deshacen, lo que garantiza una experiencia limpia y sin problemas en la bandeja sanitaria. Con esta arena de tofu, recoger es una tarea r\u00e1pida y sencilla.<\/p>\n<p>&nbsp;<\/p>","protected":false},"excerpt":{"rendered":"<p>Somos fabricantes de arena para gatos con m\u00e1s de 20 a\u00f1os de experiencia. Ofrecemos opciones de personalizaci\u00f3n en cuanto a color, tama\u00f1o, tejido, estampado, logotipo y otras caracter\u00edsticas.<\/p>","protected":false},"featured_media":23154,"template":"","meta":{"_acf_changed":false},"product_brand":[],"product_cat":[138,71],"product_tag":[141],"class_list":{"0":"post-23151","1":"product","2":"type-product","3":"status-publish","4":"has-post-thumbnail","6":"product_cat-cat-litter-accessories","7":"product_cat-cat-supplies","8":"product_tag-cat-litter-accessories","10":"first","11":"instock","12":"shipping-taxable","13":"product-type-simple"},"acf":[],"yoast_head":"<!-- This site is optimized with the Yoast SEO plugin v27.1.1 - https:\/\/yoast.com\/product\/yoast-seo-wordpress\/ -->\n<title>Best Tofu Cat Litter Factory | Pea Cat Litter Manufacturer - Petstar<\/title>\n<meta name=\"description\" content=\"Explore best tofu cat litter, pea fiber cat litter, plant fiber cat litter directly from the manufacturer. Your ideal business solution with Petstar.\" \/>\n<meta name=\"robots\" content=\"index, follow, max-snippet:-1, max-image-preview:large, max-video-preview:-1\" \/>\n<link rel=\"canonical\" href=\"https:\/\/petproducts.com.cn\/es\/producto\/best-tofu-cat-litter-plant-pea-fiber-cat-litter\/\" \/>\n<meta property=\"og:locale\" content=\"es_ES\" \/>\n<meta property=\"og:type\" content=\"article\" \/>\n<meta property=\"og:title\" content=\"Best Tofu Cat Litter Factory | Pea Cat Litter Manufacturer - Petstar\" \/>\n<meta property=\"og:description\" content=\"Explore best tofu cat litter, pea fiber cat litter, plant fiber cat litter directly from the manufacturer. Your ideal business solution with Petstar.\" \/>\n<meta property=\"og:url\" content=\"https:\/\/petproducts.com.cn\/es\/producto\/best-tofu-cat-litter-plant-pea-fiber-cat-litter\/\" \/>\n<meta property=\"og:site_name\" content=\"Petstar\" \/>\n<meta property=\"article:modified_time\" content=\"2024-05-08T03:15:51+00:00\" \/>\n<meta property=\"og:image\" content=\"https:\/\/petproducts.com.cn\/wp-content\/uploads\/2024\/05\/best-tofu-cat-litter.webp\" \/>\n\t<meta property=\"og:image:width\" content=\"1000\" \/>\n\t<meta property=\"og:image:height\" content=\"1000\" \/>\n\t<meta property=\"og:image:type\" content=\"image\/webp\" \/>\n<meta name=\"twitter:card\" content=\"summary_large_image\" \/>\n<meta name=\"twitter:label1\" content=\"Tiempo de lectura\" \/>\n\t<meta name=\"twitter:data1\" content=\"2 minutos\" \/>\n<script type=\"application\/ld+json\" class=\"yoast-schema-graph\">{\"@context\":\"https:\/\/schema.org\",\"@graph\":[{\"@type\":\"WebPage\",\"@id\":\"https:\/\/petproducts.com.cn\/product\/best-tofu-cat-litter-plant-pea-fiber-cat-litter\/\",\"url\":\"https:\/\/petproducts.com.cn\/product\/best-tofu-cat-litter-plant-pea-fiber-cat-litter\/\",\"name\":\"Best Tofu Cat Litter Factory | Pea Cat Litter Manufacturer - Petstar\",\"isPartOf\":{\"@id\":\"https:\/\/petproducts.com.cn\/#website\"},\"primaryImageOfPage\":{\"@id\":\"https:\/\/petproducts.com.cn\/product\/best-tofu-cat-litter-plant-pea-fiber-cat-litter\/#primaryimage\"},\"image\":{\"@id\":\"https:\/\/petproducts.com.cn\/product\/best-tofu-cat-litter-plant-pea-fiber-cat-litter\/#primaryimage\"},\"thumbnailUrl\":\"https:\/\/petproducts.com.cn\/wp-content\/uploads\/2024\/05\/best-tofu-cat-litter.webp\",\"datePublished\":\"2024-05-08T02:59:38+00:00\",\"dateModified\":\"2024-05-08T03:15:51+00:00\",\"description\":\"Explore best tofu cat litter, pea fiber cat litter, plant fiber cat litter directly from the manufacturer. Your ideal business solution with Petstar.\",\"breadcrumb\":{\"@id\":\"https:\/\/petproducts.com.cn\/product\/best-tofu-cat-litter-plant-pea-fiber-cat-litter\/#breadcrumb\"},\"inLanguage\":\"es\",\"potentialAction\":[{\"@type\":\"ReadAction\",\"target\":[\"https:\/\/petproducts.com.cn\/product\/best-tofu-cat-litter-plant-pea-fiber-cat-litter\/\"]}]},{\"@type\":\"ImageObject\",\"inLanguage\":\"es\",\"@id\":\"https:\/\/petproducts.com.cn\/product\/best-tofu-cat-litter-plant-pea-fiber-cat-litter\/#primaryimage\",\"url\":\"https:\/\/petproducts.com.cn\/wp-content\/uploads\/2024\/05\/best-tofu-cat-litter.webp\",\"contentUrl\":\"https:\/\/petproducts.com.cn\/wp-content\/uploads\/2024\/05\/best-tofu-cat-litter.webp\",\"width\":1000,\"height\":1000,\"caption\":\"best tofu cat litter\"},{\"@type\":\"BreadcrumbList\",\"@id\":\"https:\/\/petproducts.com.cn\/product\/best-tofu-cat-litter-plant-pea-fiber-cat-litter\/#breadcrumb\",\"itemListElement\":[{\"@type\":\"ListItem\",\"position\":1,\"name\":\"HOME\",\"item\":\"https:\/\/petproducts.com.cn\/\"},{\"@type\":\"ListItem\",\"position\":2,\"name\":\"Products\",\"item\":\"https:\/\/petproducts.com.cn\/shop\/\"},{\"@type\":\"ListItem\",\"position\":3,\"name\":\"Cat Litter &amp; Accessories\",\"item\":\"https:\/\/petproducts.com.cn\/product-category\/cat-litter-accessories\/\"},{\"@type\":\"ListItem\",\"position\":4,\"name\":\"Best Tofu Cat Litter Plant Pea Fiber Cat Litter\"}]},{\"@type\":\"WebSite\",\"@id\":\"https:\/\/petproducts.com.cn\/#website\",\"url\":\"https:\/\/petproducts.com.cn\/\",\"name\":\"Petstar\",\"description\":\"Leading Pet Supplies Manufacturer &amp; OEM Pet Products Supplier\",\"publisher\":{\"@id\":\"https:\/\/petproducts.com.cn\/#organization\"},\"alternateName\":\"Petstar Pet Supplies\",\"potentialAction\":[{\"@type\":\"SearchAction\",\"target\":{\"@type\":\"EntryPoint\",\"urlTemplate\":\"https:\/\/petproducts.com.cn\/?s={search_term_string}\"},\"query-input\":{\"@type\":\"PropertyValueSpecification\",\"valueRequired\":true,\"valueName\":\"search_term_string\"}}],\"inLanguage\":\"es\"},{\"@type\":\"Organization\",\"@id\":\"https:\/\/petproducts.com.cn\/#organization\",\"name\":\"Petstar\",\"url\":\"https:\/\/petproducts.com.cn\/\",\"logo\":{\"@type\":\"ImageObject\",\"inLanguage\":\"es\",\"@id\":\"https:\/\/petproducts.com.cn\/#\/schema\/logo\/image\/\",\"url\":\"https:\/\/petproducts.com.cn\/wp-content\/uploads\/2020\/02\/petstar-logo.webp\",\"contentUrl\":\"https:\/\/petproducts.com.cn\/wp-content\/uploads\/2020\/02\/petstar-logo.webp\",\"width\":779,\"height\":520,\"caption\":\"Petstar\"},\"image\":{\"@id\":\"https:\/\/petproducts.com.cn\/#\/schema\/logo\/image\/\"}}]}<\/script>\n<!-- \/ Yoast SEO plugin. -->","yoast_head_json":{"title":"Best Tofu Cat Litter Factory | Fabricante de arena higi\u00e9nica para gatos - Petstar","description":"Explore la mejor arena para gatos de tofu, arena para gatos de fibra de guisante, arena para gatos de fibra vegetal directamente del fabricante. Su soluci\u00f3n comercial ideal con Petstar.","robots":{"index":"index","follow":"follow","max-snippet":"max-snippet:-1","max-image-preview":"max-image-preview:large","max-video-preview":"max-video-preview:-1"},"canonical":"https:\/\/petproducts.com.cn\/es\/producto\/best-tofu-cat-litter-plant-pea-fiber-cat-litter\/","og_locale":"es_ES","og_type":"article","og_title":"Best Tofu Cat Litter Factory | Pea Cat Litter Manufacturer - Petstar","og_description":"Explore best tofu cat litter, pea fiber cat litter, plant fiber cat litter directly from the manufacturer. Your ideal business solution with Petstar.","og_url":"https:\/\/petproducts.com.cn\/es\/producto\/best-tofu-cat-litter-plant-pea-fiber-cat-litter\/","og_site_name":"Petstar","article_modified_time":"2024-05-08T03:15:51+00:00","og_image":[{"width":1000,"height":1000,"url":"https:\/\/petproducts.com.cn\/wp-content\/uploads\/2024\/05\/best-tofu-cat-litter.webp","type":"image\/webp"}],"twitter_card":"summary_large_image","twitter_misc":{"Tiempo de lectura":"2 minutos"},"schema":{"@context":"https:\/\/schema.org","@graph":[{"@type":"WebPage","@id":"https:\/\/petproducts.com.cn\/product\/best-tofu-cat-litter-plant-pea-fiber-cat-litter\/","url":"https:\/\/petproducts.com.cn\/product\/best-tofu-cat-litter-plant-pea-fiber-cat-litter\/","name":"Best Tofu Cat Litter Factory | Fabricante de arena higi\u00e9nica para gatos - Petstar","isPartOf":{"@id":"https:\/\/petproducts.com.cn\/#website"},"primaryImageOfPage":{"@id":"https:\/\/petproducts.com.cn\/product\/best-tofu-cat-litter-plant-pea-fiber-cat-litter\/#primaryimage"},"image":{"@id":"https:\/\/petproducts.com.cn\/product\/best-tofu-cat-litter-plant-pea-fiber-cat-litter\/#primaryimage"},"thumbnailUrl":"https:\/\/petproducts.com.cn\/wp-content\/uploads\/2024\/05\/best-tofu-cat-litter.webp","datePublished":"2024-05-08T02:59:38+00:00","dateModified":"2024-05-08T03:15:51+00:00","description":"Explore la mejor arena para gatos de tofu, arena para gatos de fibra de guisante, arena para gatos de fibra vegetal directamente del fabricante. Su soluci\u00f3n comercial ideal con Petstar.","breadcrumb":{"@id":"https:\/\/petproducts.com.cn\/product\/best-tofu-cat-litter-plant-pea-fiber-cat-litter\/#breadcrumb"},"inLanguage":"es","potentialAction":[{"@type":"ReadAction","target":["https:\/\/petproducts.com.cn\/product\/best-tofu-cat-litter-plant-pea-fiber-cat-litter\/"]}]},{"@type":"ImageObject","inLanguage":"es","@id":"https:\/\/petproducts.com.cn\/product\/best-tofu-cat-litter-plant-pea-fiber-cat-litter\/#primaryimage","url":"https:\/\/petproducts.com.cn\/wp-content\/uploads\/2024\/05\/best-tofu-cat-litter.webp","contentUrl":"https:\/\/petproducts.com.cn\/wp-content\/uploads\/2024\/05\/best-tofu-cat-litter.webp","width":1000,"height":1000,"caption":"best tofu cat litter"},{"@type":"BreadcrumbList","@id":"https:\/\/petproducts.com.cn\/product\/best-tofu-cat-litter-plant-pea-fiber-cat-litter\/#breadcrumb","itemListElement":[{"@type":"ListItem","position":1,"name":"HOME","item":"https:\/\/petproducts.com.cn\/"},{"@type":"ListItem","position":2,"name":"Products","item":"https:\/\/petproducts.com.cn\/shop\/"},{"@type":"ListItem","position":3,"name":"Cat Litter &amp; Accessories","item":"https:\/\/petproducts.com.cn\/product-category\/cat-litter-accessories\/"},{"@type":"ListItem","position":4,"name":"Best Tofu Cat Litter Plant Pea Fiber Cat Litter"}]},{"@type":"WebSite","@id":"https:\/\/petproducts.com.cn\/#website","url":"https:\/\/petproducts.com.cn\/","name":"Petstar","description":"Fabricante l\u00edder de art\u00edculos para mascotas y proveedor OEM de productos para mascotas","publisher":{"@id":"https:\/\/petproducts.com.cn\/#organization"},"alternateName":"Petstar Pet Supplies","potentialAction":[{"@type":"SearchAction","target":{"@type":"EntryPoint","urlTemplate":"https:\/\/petproducts.com.cn\/?s={search_term_string}"},"query-input":{"@type":"PropertyValueSpecification","valueRequired":true,"valueName":"search_term_string"}}],"inLanguage":"es"},{"@type":"Organization","@id":"https:\/\/petproducts.com.cn\/#organization","name":"Petstar","url":"https:\/\/petproducts.com.cn\/","logo":{"@type":"ImageObject","inLanguage":"es","@id":"https:\/\/petproducts.com.cn\/#\/schema\/logo\/image\/","url":"https:\/\/petproducts.com.cn\/wp-content\/uploads\/2020\/02\/petstar-logo.webp","contentUrl":"https:\/\/petproducts.com.cn\/wp-content\/uploads\/2020\/02\/petstar-logo.webp","width":779,"height":520,"caption":"Petstar"},"image":{"@id":"https:\/\/petproducts.com.cn\/#\/schema\/logo\/image\/"}}]}},"_links":{"self":[{"href":"https:\/\/petproducts.com.cn\/es\/wp-json\/wp\/v2\/product\/23151","targetHints":{"allow":["GET"]}}],"collection":[{"href":"https:\/\/petproducts.com.cn\/es\/wp-json\/wp\/v2\/product"}],"about":[{"href":"https:\/\/petproducts.com.cn\/es\/wp-json\/wp\/v2\/types\/product"}],"version-history":[{"count":2,"href":"https:\/\/petproducts.com.cn\/es\/wp-json\/wp\/v2\/product\/23151\/revisions"}],"predecessor-version":[{"id":23153,"href":"https:\/\/petproducts.com.cn\/es\/wp-json\/wp\/v2\/product\/23151\/revisions\/23153"}],"wp:featuredmedia":[{"embeddable":true,"href":"https:\/\/petproducts.com.cn\/es\/wp-json\/wp\/v2\/media\/23154"}],"wp:attachment":[{"href":"https:\/\/petproducts.com.cn\/es\/wp-json\/wp\/v2\/media?parent=23151"}],"wp:term":[{"taxonomy":"product_brand","embeddable":true,"href":"https:\/\/petproducts.com.cn\/es\/wp-json\/wp\/v2\/product_brand?post=23151"},{"taxonomy":"product_cat","embeddable":true,"href":"https:\/\/petproducts.com.cn\/es\/wp-json\/wp\/v2\/product_cat?post=23151"},{"taxonomy":"product_tag","embeddable":true,"href":"https:\/\/petproducts.com.cn\/es\/wp-json\/wp\/v2\/product_tag?post=23151"}],"curies":[{"name":"wp","href":"https:\/\/api.w.org\/{rel}","templated":true}]}}