{"id":23205,"date":"2024-05-09T02:33:39","date_gmt":"2024-05-09T02:33:39","guid":{"rendered":"https:\/\/petproducts.com.cn\/?post_type=product&#038;p=23205"},"modified":"2024-05-09T02:44:24","modified_gmt":"2024-05-09T02:44:24","slug":"plant-cat-litter-eco-friendly-tofu-pea-cat-litter","status":"publish","type":"product","link":"https:\/\/petproducts.com.cn\/es\/product\/plant-cat-litter-eco-friendly-tofu-pea-cat-litter\/","title":{"rendered":"Arena para gatos vegetal, arena para gatos ecol\u00f3gica con guisantes y tofu"},"content":{"rendered":"<h2><strong>Caracter\u00edsticas de la arena vegetal para gatos<\/strong><\/h2>\n<p><strong>1. 100% Biodegradable y respetuoso con el medio ambiente<\/strong> Nuestra arena vegetal para gatos est\u00e1 fabricada con fibra de guisante natural 100%, que ofrece una soluci\u00f3n ecol\u00f3gica para las necesidades de su gato. Esta arena de guisantes para gatos es totalmente biodegradable, lo que reduce el impacto medioambiental y contribuye a la sostenibilidad. Con esta arena ecol\u00f3gica de tofu para gatos, puede cuidar de su gato y del planeta.<\/p>\n<p><strong>2. Grado alimentario para la seguridad de su gato<\/strong> Esta arena ecol\u00f3gica de tofu utiliza materiales aptos para uso alimentario, por lo que es segura para su gato. Su f\u00f3rmula no t\u00f3xica significa que incluso si su gato ingiere un poco, no hay riesgo de da\u00f1o. Al elegir esta arena de tofu para gatos, usted prioriza la salud y el bienestar de su gato.<\/p>\n<p><strong>3. Superabsorci\u00f3n para una caja de arena seca<\/strong> Nuestra arena de guisantes para gatos se caracteriza por su gran absorci\u00f3n, que absorbe r\u00e1pidamente la humedad para mantener seca la caja de arena. Esta alta tasa de absorci\u00f3n garantiza que la arena no se empapa, manteniendo un entorno limpio y fresco. Con esta arena vegetal para mascotas, podr\u00e1 disfrutar de una caja de arena m\u00e1s duradera.<\/p>\n<p><strong>4. Desechable por el inodoro<\/strong> La arena ecol\u00f3gica de tofu para gatos es desechable, lo que permite tirar la arena usada por el inodoro. Esta caracter\u00edstica facilita la limpieza y elimina la necesidad de bolsas de pl\u00e1stico, reduciendo los residuos. Con esta arena para gatos de guisantes, mantener limpia la caja de arena es muy f\u00e1cil.<\/p>\n<p><strong>5. R\u00e1pida aglomeraci\u00f3n para una f\u00e1cil recogida<\/strong> Nuestra arena de guisantes para gatos forma grumos r\u00e1pidos y duros al entrar en contacto con la humedad, lo que facilita su recogida y limpieza. Los grumos s\u00f3lidos no se deshacen, lo que permite una eliminaci\u00f3n de residuos r\u00e1pida y sin complicaciones. Con esta arena ecol\u00f3gica de tofu para gatos, recoger se convierte en una tarea sencilla y eficaz.<\/p>\n<p>&nbsp;<\/p>","protected":false},"excerpt":{"rendered":"<p>Somos fabricantes de arena para gatos con m\u00e1s de 20 a\u00f1os de experiencia. Ofrecemos opciones de personalizaci\u00f3n en cuanto a color, tama\u00f1o, tejido, estampado, logotipo y otras caracter\u00edsticas.<\/p>","protected":false},"featured_media":23211,"template":"","meta":{"_acf_changed":false},"product_brand":[],"product_cat":[138,71],"product_tag":[141],"class_list":{"0":"post-23205","1":"product","2":"type-product","3":"status-publish","4":"has-post-thumbnail","6":"product_cat-cat-litter-accessories","7":"product_cat-cat-supplies","8":"product_tag-cat-litter-accessories","10":"first","11":"instock","12":"shipping-taxable","13":"product-type-simple"},"acf":[],"yoast_head":"<!-- This site is optimized with the Yoast SEO plugin v27.1.1 - https:\/\/yoast.com\/product\/yoast-seo-wordpress\/ -->\n<title>Plant Cat Litter Factory | Tofu Cat Litter Manufacturer - Petstar<\/title>\n<meta name=\"description\" content=\"Explore plant cat litter, eco friendly tofu cat litter, pea cat litter directly from the manufacturer. Your ideal business solution with Petstar.\" \/>\n<meta name=\"robots\" content=\"index, follow, max-snippet:-1, max-image-preview:large, max-video-preview:-1\" \/>\n<link rel=\"canonical\" href=\"https:\/\/petproducts.com.cn\/es\/producto\/plant-cat-litter-eco-friendly-tofu-pea-cat-litter\/\" \/>\n<meta property=\"og:locale\" content=\"es_ES\" \/>\n<meta property=\"og:type\" content=\"article\" \/>\n<meta property=\"og:title\" content=\"Plant Cat Litter Factory | Tofu Cat Litter Manufacturer - Petstar\" \/>\n<meta property=\"og:description\" content=\"Explore plant cat litter, eco friendly tofu cat litter, pea cat litter directly from the manufacturer. Your ideal business solution with Petstar.\" \/>\n<meta property=\"og:url\" content=\"https:\/\/petproducts.com.cn\/es\/producto\/plant-cat-litter-eco-friendly-tofu-pea-cat-litter\/\" \/>\n<meta property=\"og:site_name\" content=\"Petstar\" \/>\n<meta property=\"article:modified_time\" content=\"2024-05-09T02:44:24+00:00\" \/>\n<meta property=\"og:image\" content=\"https:\/\/petproducts.com.cn\/wp-content\/uploads\/2024\/05\/plant-cat-litter-1.webp\" \/>\n\t<meta property=\"og:image:width\" content=\"1000\" \/>\n\t<meta property=\"og:image:height\" content=\"1000\" \/>\n\t<meta property=\"og:image:type\" content=\"image\/webp\" \/>\n<meta name=\"twitter:card\" content=\"summary_large_image\" \/>\n<meta name=\"twitter:label1\" content=\"Tiempo de lectura\" \/>\n\t<meta name=\"twitter:data1\" content=\"2 minutos\" \/>\n<script type=\"application\/ld+json\" class=\"yoast-schema-graph\">{\"@context\":\"https:\/\/schema.org\",\"@graph\":[{\"@type\":\"WebPage\",\"@id\":\"https:\/\/petproducts.com.cn\/product\/plant-cat-litter-eco-friendly-tofu-pea-cat-litter\/\",\"url\":\"https:\/\/petproducts.com.cn\/product\/plant-cat-litter-eco-friendly-tofu-pea-cat-litter\/\",\"name\":\"Plant Cat Litter Factory | Tofu Cat Litter Manufacturer - Petstar\",\"isPartOf\":{\"@id\":\"https:\/\/petproducts.com.cn\/#website\"},\"primaryImageOfPage\":{\"@id\":\"https:\/\/petproducts.com.cn\/product\/plant-cat-litter-eco-friendly-tofu-pea-cat-litter\/#primaryimage\"},\"image\":{\"@id\":\"https:\/\/petproducts.com.cn\/product\/plant-cat-litter-eco-friendly-tofu-pea-cat-litter\/#primaryimage\"},\"thumbnailUrl\":\"https:\/\/petproducts.com.cn\/wp-content\/uploads\/2024\/05\/plant-cat-litter-1.webp\",\"datePublished\":\"2024-05-09T02:33:39+00:00\",\"dateModified\":\"2024-05-09T02:44:24+00:00\",\"description\":\"Explore plant cat litter, eco friendly tofu cat litter, pea cat litter directly from the manufacturer. Your ideal business solution with Petstar.\",\"breadcrumb\":{\"@id\":\"https:\/\/petproducts.com.cn\/product\/plant-cat-litter-eco-friendly-tofu-pea-cat-litter\/#breadcrumb\"},\"inLanguage\":\"es\",\"potentialAction\":[{\"@type\":\"ReadAction\",\"target\":[\"https:\/\/petproducts.com.cn\/product\/plant-cat-litter-eco-friendly-tofu-pea-cat-litter\/\"]}]},{\"@type\":\"ImageObject\",\"inLanguage\":\"es\",\"@id\":\"https:\/\/petproducts.com.cn\/product\/plant-cat-litter-eco-friendly-tofu-pea-cat-litter\/#primaryimage\",\"url\":\"https:\/\/petproducts.com.cn\/wp-content\/uploads\/2024\/05\/plant-cat-litter-1.webp\",\"contentUrl\":\"https:\/\/petproducts.com.cn\/wp-content\/uploads\/2024\/05\/plant-cat-litter-1.webp\",\"width\":1000,\"height\":1000,\"caption\":\"plant cat litter\"},{\"@type\":\"BreadcrumbList\",\"@id\":\"https:\/\/petproducts.com.cn\/product\/plant-cat-litter-eco-friendly-tofu-pea-cat-litter\/#breadcrumb\",\"itemListElement\":[{\"@type\":\"ListItem\",\"position\":1,\"name\":\"HOME\",\"item\":\"https:\/\/petproducts.com.cn\/\"},{\"@type\":\"ListItem\",\"position\":2,\"name\":\"Products\",\"item\":\"https:\/\/petproducts.com.cn\/shop\/\"},{\"@type\":\"ListItem\",\"position\":3,\"name\":\"Cat Litter &amp; Accessories\",\"item\":\"https:\/\/petproducts.com.cn\/product-category\/cat-litter-accessories\/\"},{\"@type\":\"ListItem\",\"position\":4,\"name\":\"Plant Cat Litter Eco Friendly Tofu Pea Cat Litter\"}]},{\"@type\":\"WebSite\",\"@id\":\"https:\/\/petproducts.com.cn\/#website\",\"url\":\"https:\/\/petproducts.com.cn\/\",\"name\":\"Petstar\",\"description\":\"Leading Pet Supplies Manufacturer &amp; OEM Pet Products Supplier\",\"publisher\":{\"@id\":\"https:\/\/petproducts.com.cn\/#organization\"},\"alternateName\":\"Petstar Pet Supplies\",\"potentialAction\":[{\"@type\":\"SearchAction\",\"target\":{\"@type\":\"EntryPoint\",\"urlTemplate\":\"https:\/\/petproducts.com.cn\/?s={search_term_string}\"},\"query-input\":{\"@type\":\"PropertyValueSpecification\",\"valueRequired\":true,\"valueName\":\"search_term_string\"}}],\"inLanguage\":\"es\"},{\"@type\":\"Organization\",\"@id\":\"https:\/\/petproducts.com.cn\/#organization\",\"name\":\"Petstar\",\"url\":\"https:\/\/petproducts.com.cn\/\",\"logo\":{\"@type\":\"ImageObject\",\"inLanguage\":\"es\",\"@id\":\"https:\/\/petproducts.com.cn\/#\/schema\/logo\/image\/\",\"url\":\"https:\/\/petproducts.com.cn\/wp-content\/uploads\/2020\/02\/petstar-logo.webp\",\"contentUrl\":\"https:\/\/petproducts.com.cn\/wp-content\/uploads\/2020\/02\/petstar-logo.webp\",\"width\":779,\"height\":520,\"caption\":\"Petstar\"},\"image\":{\"@id\":\"https:\/\/petproducts.com.cn\/#\/schema\/logo\/image\/\"}}]}<\/script>\n<!-- \/ Yoast SEO plugin. -->","yoast_head_json":{"title":"F\u00e1brica de arena vegetal para gatos | Fabricante de arena de tofu para gatos - Petstar","description":"Explore la arena vegetal para gatos, la arena ecol\u00f3gica de tofu para gatos, la arena de guisantes para gatos directamente del fabricante. Su soluci\u00f3n comercial ideal con Petstar.","robots":{"index":"index","follow":"follow","max-snippet":"max-snippet:-1","max-image-preview":"max-image-preview:large","max-video-preview":"max-video-preview:-1"},"canonical":"https:\/\/petproducts.com.cn\/es\/producto\/plant-cat-litter-eco-friendly-tofu-pea-cat-litter\/","og_locale":"es_ES","og_type":"article","og_title":"Plant Cat Litter Factory | Tofu Cat Litter Manufacturer - Petstar","og_description":"Explore plant cat litter, eco friendly tofu cat litter, pea cat litter directly from the manufacturer. Your ideal business solution with Petstar.","og_url":"https:\/\/petproducts.com.cn\/es\/producto\/plant-cat-litter-eco-friendly-tofu-pea-cat-litter\/","og_site_name":"Petstar","article_modified_time":"2024-05-09T02:44:24+00:00","og_image":[{"width":1000,"height":1000,"url":"https:\/\/petproducts.com.cn\/wp-content\/uploads\/2024\/05\/plant-cat-litter-1.webp","type":"image\/webp"}],"twitter_card":"summary_large_image","twitter_misc":{"Tiempo de lectura":"2 minutos"},"schema":{"@context":"https:\/\/schema.org","@graph":[{"@type":"WebPage","@id":"https:\/\/petproducts.com.cn\/product\/plant-cat-litter-eco-friendly-tofu-pea-cat-litter\/","url":"https:\/\/petproducts.com.cn\/product\/plant-cat-litter-eco-friendly-tofu-pea-cat-litter\/","name":"F\u00e1brica de arena vegetal para gatos | Fabricante de arena de tofu para gatos - Petstar","isPartOf":{"@id":"https:\/\/petproducts.com.cn\/#website"},"primaryImageOfPage":{"@id":"https:\/\/petproducts.com.cn\/product\/plant-cat-litter-eco-friendly-tofu-pea-cat-litter\/#primaryimage"},"image":{"@id":"https:\/\/petproducts.com.cn\/product\/plant-cat-litter-eco-friendly-tofu-pea-cat-litter\/#primaryimage"},"thumbnailUrl":"https:\/\/petproducts.com.cn\/wp-content\/uploads\/2024\/05\/plant-cat-litter-1.webp","datePublished":"2024-05-09T02:33:39+00:00","dateModified":"2024-05-09T02:44:24+00:00","description":"Explore la arena vegetal para gatos, la arena ecol\u00f3gica de tofu para gatos, la arena de guisantes para gatos directamente del fabricante. Su soluci\u00f3n comercial ideal con Petstar.","breadcrumb":{"@id":"https:\/\/petproducts.com.cn\/product\/plant-cat-litter-eco-friendly-tofu-pea-cat-litter\/#breadcrumb"},"inLanguage":"es","potentialAction":[{"@type":"ReadAction","target":["https:\/\/petproducts.com.cn\/product\/plant-cat-litter-eco-friendly-tofu-pea-cat-litter\/"]}]},{"@type":"ImageObject","inLanguage":"es","@id":"https:\/\/petproducts.com.cn\/product\/plant-cat-litter-eco-friendly-tofu-pea-cat-litter\/#primaryimage","url":"https:\/\/petproducts.com.cn\/wp-content\/uploads\/2024\/05\/plant-cat-litter-1.webp","contentUrl":"https:\/\/petproducts.com.cn\/wp-content\/uploads\/2024\/05\/plant-cat-litter-1.webp","width":1000,"height":1000,"caption":"plant cat litter"},{"@type":"BreadcrumbList","@id":"https:\/\/petproducts.com.cn\/product\/plant-cat-litter-eco-friendly-tofu-pea-cat-litter\/#breadcrumb","itemListElement":[{"@type":"ListItem","position":1,"name":"HOME","item":"https:\/\/petproducts.com.cn\/"},{"@type":"ListItem","position":2,"name":"Products","item":"https:\/\/petproducts.com.cn\/shop\/"},{"@type":"ListItem","position":3,"name":"Cat Litter &amp; Accessories","item":"https:\/\/petproducts.com.cn\/product-category\/cat-litter-accessories\/"},{"@type":"ListItem","position":4,"name":"Plant Cat Litter Eco Friendly Tofu Pea Cat Litter"}]},{"@type":"WebSite","@id":"https:\/\/petproducts.com.cn\/#website","url":"https:\/\/petproducts.com.cn\/","name":"Petstar","description":"Fabricante l\u00edder de art\u00edculos para mascotas y proveedor OEM de productos para mascotas","publisher":{"@id":"https:\/\/petproducts.com.cn\/#organization"},"alternateName":"Petstar Pet Supplies","potentialAction":[{"@type":"SearchAction","target":{"@type":"EntryPoint","urlTemplate":"https:\/\/petproducts.com.cn\/?s={search_term_string}"},"query-input":{"@type":"PropertyValueSpecification","valueRequired":true,"valueName":"search_term_string"}}],"inLanguage":"es"},{"@type":"Organization","@id":"https:\/\/petproducts.com.cn\/#organization","name":"Petstar","url":"https:\/\/petproducts.com.cn\/","logo":{"@type":"ImageObject","inLanguage":"es","@id":"https:\/\/petproducts.com.cn\/#\/schema\/logo\/image\/","url":"https:\/\/petproducts.com.cn\/wp-content\/uploads\/2020\/02\/petstar-logo.webp","contentUrl":"https:\/\/petproducts.com.cn\/wp-content\/uploads\/2020\/02\/petstar-logo.webp","width":779,"height":520,"caption":"Petstar"},"image":{"@id":"https:\/\/petproducts.com.cn\/#\/schema\/logo\/image\/"}}]}},"_links":{"self":[{"href":"https:\/\/petproducts.com.cn\/es\/wp-json\/wp\/v2\/product\/23205","targetHints":{"allow":["GET"]}}],"collection":[{"href":"https:\/\/petproducts.com.cn\/es\/wp-json\/wp\/v2\/product"}],"about":[{"href":"https:\/\/petproducts.com.cn\/es\/wp-json\/wp\/v2\/types\/product"}],"version-history":[{"count":2,"href":"https:\/\/petproducts.com.cn\/es\/wp-json\/wp\/v2\/product\/23205\/revisions"}],"predecessor-version":[{"id":23213,"href":"https:\/\/petproducts.com.cn\/es\/wp-json\/wp\/v2\/product\/23205\/revisions\/23213"}],"wp:featuredmedia":[{"embeddable":true,"href":"https:\/\/petproducts.com.cn\/es\/wp-json\/wp\/v2\/media\/23211"}],"wp:attachment":[{"href":"https:\/\/petproducts.com.cn\/es\/wp-json\/wp\/v2\/media?parent=23205"}],"wp:term":[{"taxonomy":"product_brand","embeddable":true,"href":"https:\/\/petproducts.com.cn\/es\/wp-json\/wp\/v2\/product_brand?post=23205"},{"taxonomy":"product_cat","embeddable":true,"href":"https:\/\/petproducts.com.cn\/es\/wp-json\/wp\/v2\/product_cat?post=23205"},{"taxonomy":"product_tag","embeddable":true,"href":"https:\/\/petproducts.com.cn\/es\/wp-json\/wp\/v2\/product_tag?post=23205"}],"curies":[{"name":"wp","href":"https:\/\/api.w.org\/{rel}","templated":true}]}}