{"id":23247,"date":"2024-05-09T07:00:26","date_gmt":"2024-05-09T07:00:26","guid":{"rendered":"https:\/\/petproducts.com.cn\/?post_type=product&#038;p=23247"},"modified":"2024-05-09T07:17:24","modified_gmt":"2024-05-09T07:17:24","slug":"dog-shoulder-carrier-customize-travel-carry-bag-for-dog","status":"publish","type":"product","link":"https:\/\/petproducts.com.cn\/es\/product\/dog-shoulder-carrier-customize-travel-carry-bag-for-dog\/","title":{"rendered":"Portador de hombro para perros, bolsa de transporte de viaje personalizada para perros"},"content":{"rendered":"<h2>Caracter\u00edsticas de la bandolera para perros<\/h2>\n<ol>\n<li><strong>Opciones de tama\u00f1o flexibles<\/strong>: Nuestro Dog Shoulder Carrier viene en dos tama\u00f1os, ofreciendo versatilidad para acomodar varias razas y tama\u00f1os de perros. El tama\u00f1o peque\u00f1o mide S: 33x15xH29cm, mientras que el tama\u00f1o mediano mide M: 43x20xH38cm, asegurando un ajuste c\u00f3modo para diferentes mascotas.<\/li>\n<li><strong>C\u00f3moda portabilidad<\/strong>: Dise\u00f1ado para facilitar su uso, nuestro transport\u00edn de viaje para perros es ligero y f\u00e1cil de plegar, por lo que no supone ning\u00fan esfuerzo transportarlo durante los viajes. Su dise\u00f1o compacto permite a los due\u00f1os de mascotas transportar a sus peludos compa\u00f1eros con el m\u00ednimo esfuerzo, ya sea a pie o en tr\u00e1nsito.<\/li>\n<li><strong>Construcci\u00f3n ligera<\/strong>: Fabricada con materiales ligeros, nuestra bolsa de transporte para perros reduce la carga de los due\u00f1os y garantiza la comodidad de las mascotas. Esta caracter\u00edstica hace que sea f\u00e1cil de transportar durante periodos prolongados, facilitando los viajes sin estr\u00e9s tanto para las mascotas como para los due\u00f1os.<\/li>\n<li><strong>Tejido duradero para acolchar<\/strong>: Fabricada con tejido acolchado duradero, garantiza longevidad y fiabilidad. Este tejido ofrece una excelente resistencia y elasticidad, proporcionando protecci\u00f3n a las mascotas a la vez que mantiene un aspecto atractivo.<\/li>\n<li><strong>Opciones de personalizaci\u00f3n<\/strong>: Es personalizable para adaptarse a las preferencias y necesidades individuales. Desde la selecci\u00f3n de colores y estampados hasta la adici\u00f3n de detalles personalizados, los clientes tienen la libertad de crear un transport\u00edn que refleje su estilo \u00fanico al tiempo que garantiza una comodidad y funcionalidad \u00f3ptimas para sus amigos peludos.<\/li>\n<li><strong>Tendencia de la moda<\/strong>: En consonancia con las \u00faltimas tendencias de la moda, nuestro transport\u00edn para perros combina estilo y funcionalidad. Su dise\u00f1o a la \u00faltima garantiza que los due\u00f1os de mascotas puedan viajar con ellas con estilo, marcando tendencia y proporcionando confort y comodidad a sus peludos compa\u00f1eros.<\/li>\n<\/ol>","protected":false},"excerpt":{"rendered":"<p>Somos fabricantes de transportines de hombro para perros, transportines de viaje para perros con m\u00e1s de 20 a\u00f1os de experiencia. Ofrecemos opciones de personalizaci\u00f3n de color, tama\u00f1o, tela, patr\u00f3n, logotipo y otras caracter\u00edsticas.<\/p>","protected":false},"featured_media":23250,"template":"","meta":{"_acf_changed":false},"product_brand":[],"product_cat":[133,71,132,72],"product_tag":[145,144],"class_list":{"0":"post-23247","1":"product","2":"type-product","3":"status-publish","4":"has-post-thumbnail","6":"product_cat-cat-carriers-car-supplies","7":"product_cat-cat-supplies","8":"product_cat-dog-carriers-car-supplies","9":"product_cat-dog-supplies","10":"product_tag-cat-carriers-car-supplies","11":"product_tag-dog-carriers-car-supplies","13":"first","14":"instock","15":"shipping-taxable","16":"product-type-simple"},"acf":[],"yoast_head":"<!-- This site is optimized with the Yoast SEO plugin v27.1.1 - https:\/\/yoast.com\/product\/yoast-seo-wordpress\/ -->\n<title>dog shoulder carrier | Factory Travel Dog Carrier - Petstar<\/title>\n<meta name=\"description\" content=\"Explore dog shoulder carrier, travel dog carrier, carry bag for dog from the manufacturer. Your ideal business solution with Petstar.\" \/>\n<meta name=\"robots\" content=\"index, follow, max-snippet:-1, max-image-preview:large, max-video-preview:-1\" \/>\n<link rel=\"canonical\" href=\"https:\/\/petproducts.com.cn\/es\/producto\/dog-shoulder-carrier-customize-travel-carry-bag-for-dog\/\" \/>\n<meta property=\"og:locale\" content=\"es_ES\" \/>\n<meta property=\"og:type\" content=\"article\" \/>\n<meta property=\"og:title\" content=\"dog shoulder carrier | Factory Travel Dog Carrier - Petstar\" \/>\n<meta property=\"og:description\" content=\"Explore dog shoulder carrier, travel dog carrier, carry bag for dog from the manufacturer. Your ideal business solution with Petstar.\" \/>\n<meta property=\"og:url\" content=\"https:\/\/petproducts.com.cn\/es\/producto\/dog-shoulder-carrier-customize-travel-carry-bag-for-dog\/\" \/>\n<meta property=\"og:site_name\" content=\"Petstar\" \/>\n<meta property=\"article:modified_time\" content=\"2024-05-09T07:17:24+00:00\" \/>\n<meta property=\"og:image\" content=\"https:\/\/petproducts.com.cn\/wp-content\/uploads\/2024\/05\/dog-shoulder-carrier.webp\" \/>\n\t<meta property=\"og:image:width\" content=\"1000\" \/>\n\t<meta property=\"og:image:height\" content=\"1000\" \/>\n\t<meta property=\"og:image:type\" content=\"image\/webp\" \/>\n<meta name=\"twitter:card\" content=\"summary_large_image\" \/>\n<meta name=\"twitter:label1\" content=\"Tiempo de lectura\" \/>\n\t<meta name=\"twitter:data1\" content=\"2 minutos\" \/>\n<script type=\"application\/ld+json\" class=\"yoast-schema-graph\">{\"@context\":\"https:\/\/schema.org\",\"@graph\":[{\"@type\":\"WebPage\",\"@id\":\"https:\/\/petproducts.com.cn\/product\/dog-shoulder-carrier-customize-travel-carry-bag-for-dog\/\",\"url\":\"https:\/\/petproducts.com.cn\/product\/dog-shoulder-carrier-customize-travel-carry-bag-for-dog\/\",\"name\":\"dog shoulder carrier | Factory Travel Dog Carrier - Petstar\",\"isPartOf\":{\"@id\":\"https:\/\/petproducts.com.cn\/#website\"},\"primaryImageOfPage\":{\"@id\":\"https:\/\/petproducts.com.cn\/product\/dog-shoulder-carrier-customize-travel-carry-bag-for-dog\/#primaryimage\"},\"image\":{\"@id\":\"https:\/\/petproducts.com.cn\/product\/dog-shoulder-carrier-customize-travel-carry-bag-for-dog\/#primaryimage\"},\"thumbnailUrl\":\"https:\/\/petproducts.com.cn\/wp-content\/uploads\/2024\/05\/dog-shoulder-carrier.webp\",\"datePublished\":\"2024-05-09T07:00:26+00:00\",\"dateModified\":\"2024-05-09T07:17:24+00:00\",\"description\":\"Explore dog shoulder carrier, travel dog carrier, carry bag for dog from the manufacturer. Your ideal business solution with Petstar.\",\"breadcrumb\":{\"@id\":\"https:\/\/petproducts.com.cn\/product\/dog-shoulder-carrier-customize-travel-carry-bag-for-dog\/#breadcrumb\"},\"inLanguage\":\"es\",\"potentialAction\":[{\"@type\":\"ReadAction\",\"target\":[\"https:\/\/petproducts.com.cn\/product\/dog-shoulder-carrier-customize-travel-carry-bag-for-dog\/\"]}]},{\"@type\":\"ImageObject\",\"inLanguage\":\"es\",\"@id\":\"https:\/\/petproducts.com.cn\/product\/dog-shoulder-carrier-customize-travel-carry-bag-for-dog\/#primaryimage\",\"url\":\"https:\/\/petproducts.com.cn\/wp-content\/uploads\/2024\/05\/dog-shoulder-carrier.webp\",\"contentUrl\":\"https:\/\/petproducts.com.cn\/wp-content\/uploads\/2024\/05\/dog-shoulder-carrier.webp\",\"width\":1000,\"height\":1000,\"caption\":\"dog shoulder carrier\"},{\"@type\":\"BreadcrumbList\",\"@id\":\"https:\/\/petproducts.com.cn\/product\/dog-shoulder-carrier-customize-travel-carry-bag-for-dog\/#breadcrumb\",\"itemListElement\":[{\"@type\":\"ListItem\",\"position\":1,\"name\":\"HOME\",\"item\":\"https:\/\/petproducts.com.cn\/\"},{\"@type\":\"ListItem\",\"position\":2,\"name\":\"Products\",\"item\":\"https:\/\/petproducts.com.cn\/shop\/\"},{\"@type\":\"ListItem\",\"position\":3,\"name\":\"Dog Carriers &amp; Car Supplies\",\"item\":\"https:\/\/petproducts.com.cn\/product-category\/dog-carriers-car-supplies\/\"},{\"@type\":\"ListItem\",\"position\":4,\"name\":\"Dog Shoulder Carrier Customize Travel Carry Bag For Dog\"}]},{\"@type\":\"WebSite\",\"@id\":\"https:\/\/petproducts.com.cn\/#website\",\"url\":\"https:\/\/petproducts.com.cn\/\",\"name\":\"Petstar\",\"description\":\"Leading Pet Supplies Manufacturer &amp; OEM Pet Products Supplier\",\"publisher\":{\"@id\":\"https:\/\/petproducts.com.cn\/#organization\"},\"alternateName\":\"Petstar Pet Supplies\",\"potentialAction\":[{\"@type\":\"SearchAction\",\"target\":{\"@type\":\"EntryPoint\",\"urlTemplate\":\"https:\/\/petproducts.com.cn\/?s={search_term_string}\"},\"query-input\":{\"@type\":\"PropertyValueSpecification\",\"valueRequired\":true,\"valueName\":\"search_term_string\"}}],\"inLanguage\":\"es\"},{\"@type\":\"Organization\",\"@id\":\"https:\/\/petproducts.com.cn\/#organization\",\"name\":\"Petstar\",\"url\":\"https:\/\/petproducts.com.cn\/\",\"logo\":{\"@type\":\"ImageObject\",\"inLanguage\":\"es\",\"@id\":\"https:\/\/petproducts.com.cn\/#\/schema\/logo\/image\/\",\"url\":\"https:\/\/petproducts.com.cn\/wp-content\/uploads\/2020\/02\/petstar-logo.webp\",\"contentUrl\":\"https:\/\/petproducts.com.cn\/wp-content\/uploads\/2020\/02\/petstar-logo.webp\",\"width\":779,\"height\":520,\"caption\":\"Petstar\"},\"image\":{\"@id\":\"https:\/\/petproducts.com.cn\/#\/schema\/logo\/image\/\"}}]}<\/script>\n<!-- \/ Yoast SEO plugin. -->","yoast_head_json":{"title":"transport\u00edn bandolera para perros | Factory Travel Dog Carrier - Petstar","description":"Explore transport\u00edn bandolera para perros, transport\u00edn de viaje para perros, bolsa de transporte para perros del fabricante. Su soluci\u00f3n comercial ideal con Petstar.","robots":{"index":"index","follow":"follow","max-snippet":"max-snippet:-1","max-image-preview":"max-image-preview:large","max-video-preview":"max-video-preview:-1"},"canonical":"https:\/\/petproducts.com.cn\/es\/producto\/dog-shoulder-carrier-customize-travel-carry-bag-for-dog\/","og_locale":"es_ES","og_type":"article","og_title":"dog shoulder carrier | Factory Travel Dog Carrier - Petstar","og_description":"Explore dog shoulder carrier, travel dog carrier, carry bag for dog from the manufacturer. Your ideal business solution with Petstar.","og_url":"https:\/\/petproducts.com.cn\/es\/producto\/dog-shoulder-carrier-customize-travel-carry-bag-for-dog\/","og_site_name":"Petstar","article_modified_time":"2024-05-09T07:17:24+00:00","og_image":[{"width":1000,"height":1000,"url":"https:\/\/petproducts.com.cn\/wp-content\/uploads\/2024\/05\/dog-shoulder-carrier.webp","type":"image\/webp"}],"twitter_card":"summary_large_image","twitter_misc":{"Tiempo de lectura":"2 minutos"},"schema":{"@context":"https:\/\/schema.org","@graph":[{"@type":"WebPage","@id":"https:\/\/petproducts.com.cn\/product\/dog-shoulder-carrier-customize-travel-carry-bag-for-dog\/","url":"https:\/\/petproducts.com.cn\/product\/dog-shoulder-carrier-customize-travel-carry-bag-for-dog\/","name":"transport\u00edn bandolera para perros | Factory Travel Dog Carrier - Petstar","isPartOf":{"@id":"https:\/\/petproducts.com.cn\/#website"},"primaryImageOfPage":{"@id":"https:\/\/petproducts.com.cn\/product\/dog-shoulder-carrier-customize-travel-carry-bag-for-dog\/#primaryimage"},"image":{"@id":"https:\/\/petproducts.com.cn\/product\/dog-shoulder-carrier-customize-travel-carry-bag-for-dog\/#primaryimage"},"thumbnailUrl":"https:\/\/petproducts.com.cn\/wp-content\/uploads\/2024\/05\/dog-shoulder-carrier.webp","datePublished":"2024-05-09T07:00:26+00:00","dateModified":"2024-05-09T07:17:24+00:00","description":"Explore transport\u00edn bandolera para perros, transport\u00edn de viaje para perros, bolsa de transporte para perros del fabricante. Su soluci\u00f3n comercial ideal con Petstar.","breadcrumb":{"@id":"https:\/\/petproducts.com.cn\/product\/dog-shoulder-carrier-customize-travel-carry-bag-for-dog\/#breadcrumb"},"inLanguage":"es","potentialAction":[{"@type":"ReadAction","target":["https:\/\/petproducts.com.cn\/product\/dog-shoulder-carrier-customize-travel-carry-bag-for-dog\/"]}]},{"@type":"ImageObject","inLanguage":"es","@id":"https:\/\/petproducts.com.cn\/product\/dog-shoulder-carrier-customize-travel-carry-bag-for-dog\/#primaryimage","url":"https:\/\/petproducts.com.cn\/wp-content\/uploads\/2024\/05\/dog-shoulder-carrier.webp","contentUrl":"https:\/\/petproducts.com.cn\/wp-content\/uploads\/2024\/05\/dog-shoulder-carrier.webp","width":1000,"height":1000,"caption":"dog shoulder carrier"},{"@type":"BreadcrumbList","@id":"https:\/\/petproducts.com.cn\/product\/dog-shoulder-carrier-customize-travel-carry-bag-for-dog\/#breadcrumb","itemListElement":[{"@type":"ListItem","position":1,"name":"HOME","item":"https:\/\/petproducts.com.cn\/"},{"@type":"ListItem","position":2,"name":"Products","item":"https:\/\/petproducts.com.cn\/shop\/"},{"@type":"ListItem","position":3,"name":"Dog Carriers &amp; Car Supplies","item":"https:\/\/petproducts.com.cn\/product-category\/dog-carriers-car-supplies\/"},{"@type":"ListItem","position":4,"name":"Dog Shoulder Carrier Customize Travel Carry Bag For Dog"}]},{"@type":"WebSite","@id":"https:\/\/petproducts.com.cn\/#website","url":"https:\/\/petproducts.com.cn\/","name":"Petstar","description":"Fabricante l\u00edder de art\u00edculos para mascotas y proveedor OEM de productos para mascotas","publisher":{"@id":"https:\/\/petproducts.com.cn\/#organization"},"alternateName":"Petstar Pet Supplies","potentialAction":[{"@type":"SearchAction","target":{"@type":"EntryPoint","urlTemplate":"https:\/\/petproducts.com.cn\/?s={search_term_string}"},"query-input":{"@type":"PropertyValueSpecification","valueRequired":true,"valueName":"search_term_string"}}],"inLanguage":"es"},{"@type":"Organization","@id":"https:\/\/petproducts.com.cn\/#organization","name":"Petstar","url":"https:\/\/petproducts.com.cn\/","logo":{"@type":"ImageObject","inLanguage":"es","@id":"https:\/\/petproducts.com.cn\/#\/schema\/logo\/image\/","url":"https:\/\/petproducts.com.cn\/wp-content\/uploads\/2020\/02\/petstar-logo.webp","contentUrl":"https:\/\/petproducts.com.cn\/wp-content\/uploads\/2020\/02\/petstar-logo.webp","width":779,"height":520,"caption":"Petstar"},"image":{"@id":"https:\/\/petproducts.com.cn\/#\/schema\/logo\/image\/"}}]}},"_links":{"self":[{"href":"https:\/\/petproducts.com.cn\/es\/wp-json\/wp\/v2\/product\/23247","targetHints":{"allow":["GET"]}}],"collection":[{"href":"https:\/\/petproducts.com.cn\/es\/wp-json\/wp\/v2\/product"}],"about":[{"href":"https:\/\/petproducts.com.cn\/es\/wp-json\/wp\/v2\/types\/product"}],"version-history":[{"count":2,"href":"https:\/\/petproducts.com.cn\/es\/wp-json\/wp\/v2\/product\/23247\/revisions"}],"predecessor-version":[{"id":23256,"href":"https:\/\/petproducts.com.cn\/es\/wp-json\/wp\/v2\/product\/23247\/revisions\/23256"}],"wp:featuredmedia":[{"embeddable":true,"href":"https:\/\/petproducts.com.cn\/es\/wp-json\/wp\/v2\/media\/23250"}],"wp:attachment":[{"href":"https:\/\/petproducts.com.cn\/es\/wp-json\/wp\/v2\/media?parent=23247"}],"wp:term":[{"taxonomy":"product_brand","embeddable":true,"href":"https:\/\/petproducts.com.cn\/es\/wp-json\/wp\/v2\/product_brand?post=23247"},{"taxonomy":"product_cat","embeddable":true,"href":"https:\/\/petproducts.com.cn\/es\/wp-json\/wp\/v2\/product_cat?post=23247"},{"taxonomy":"product_tag","embeddable":true,"href":"https:\/\/petproducts.com.cn\/es\/wp-json\/wp\/v2\/product_tag?post=23247"}],"curies":[{"name":"wp","href":"https:\/\/api.w.org\/{rel}","templated":true}]}}