{"id":23271,"date":"2024-05-10T01:59:54","date_gmt":"2024-05-10T01:59:54","guid":{"rendered":"https:\/\/petproducts.com.cn\/?post_type=product&#038;p=23271"},"modified":"2024-05-10T02:23:18","modified_gmt":"2024-05-10T02:23:18","slug":"cat-bentonite-litter-custom-quality-cat-litter","status":"publish","type":"product","link":"https:\/\/petproducts.com.cn\/es\/product\/cat-bentonite-litter-custom-quality-cat-litter\/","title":{"rendered":"Arena para gatos de bentonita para gatos Arena para gatos de calidad personalizada"},"content":{"rendered":"<h2><strong>Caracter\u00edsticas de la arena de bentonita para gatos<\/strong><\/h2>\n<ol>\n<li><strong>Alta absorci\u00f3n para un secado r\u00e1pido<\/strong><br \/>\nNuestra arena de bentonita para gatos tiene un alto \u00edndice de absorci\u00f3n, lo que le permite absorber la humedad r\u00e1pidamente. Esta caracter\u00edstica mantiene la caja de arena seca, evitando la formaci\u00f3n de olores desagradables. Con esta arena de bentonita para gatos, puede asegurarse de que la caja de arena de su gato permanezca limpia y seca.<\/li>\n<li><strong>R\u00e1pida aglomeraci\u00f3n para una f\u00e1cil recogida<\/strong><br \/>\nLa arena se aglomera r\u00e1pidamente, lo que facilita la recogida y el mantenimiento del arenero. Los s\u00f3lidos grumos no se deshacen, lo que permite retirar los residuos sin esparcir la arena. Con esta arena para gatos de calidad y aglomeraci\u00f3n r\u00e1pida, puede simplificar su rutina de limpieza de la caja de arena.<\/li>\n<li><strong>Excelente control de olores<\/strong><br \/>\nNuestra arena de bentonita para mascotas proporciona un excelente control del olor al atrapar los olores desagradables dentro de los grumos. Esta caracter\u00edstica evita que los olores se escapen a su hogar, manteniendo fresco su espacio vital. Con este control de olores, podr\u00e1 disfrutar de un entorno m\u00e1s limpio y agradable tanto para usted como para su gato.<\/li>\n<li><strong>Econ\u00f3mico y duradero<\/strong><br \/>\nEsta arena de bentonita est\u00e1 dise\u00f1ada para ser econ\u00f3mica, durar m\u00e1s y reducir la frecuencia de las sustituciones. Esta caracter\u00edstica econ\u00f3mica le permite mantener su caja de arena sin gastar demasiado en arena. Con esta opci\u00f3n asequible, puede mantener limpia la caja de arena de su gato sin gastar demasiado.<\/li>\n<li><strong>Composici\u00f3n segura y natural<\/strong><br \/>\nNuestra arena de bentonita para gatos est\u00e1 fabricada con materiales seguros y naturales, lo que garantiza que es suave con las patas y la piel de su gato. Esta caracter\u00edstica proporciona tranquilidad, sabiendo que su gato est\u00e1 utilizando una arena que es segura y no t\u00f3xica. Con esta composici\u00f3n natural, puede confiar en la calidad de nuestra arena para gatos.<\/li>\n<\/ol>","protected":false},"excerpt":{"rendered":"<p>Somos fabricantes de arena para gatos con m\u00e1s de 20 a\u00f1os de experiencia. Ofrecemos opciones de personalizaci\u00f3n en cuanto a color, tama\u00f1o, tejido, estampado, logotipo y otras caracter\u00edsticas.<\/p>","protected":false},"featured_media":23275,"template":"","meta":{"_acf_changed":false},"product_brand":[],"product_cat":[138,71],"product_tag":[141],"class_list":{"0":"post-23271","1":"product","2":"type-product","3":"status-publish","4":"has-post-thumbnail","6":"product_cat-cat-litter-accessories","7":"product_cat-cat-supplies","8":"product_tag-cat-litter-accessories","10":"first","11":"instock","12":"shipping-taxable","13":"product-type-simple"},"acf":[],"yoast_head":"<!-- This site is optimized with the Yoast SEO plugin v27.1.1 - https:\/\/yoast.com\/product\/yoast-seo-wordpress\/ -->\n<title>Cat Bentonite Litter Factory | Quality Cat Litter Manufacturer - Petstar<\/title>\n<meta name=\"description\" content=\"Explore cat bentonite litter, quality cat litter, custom cat litter directly from the manufacturer. Your ideal business solution with Petstar.\" \/>\n<meta name=\"robots\" content=\"index, follow, max-snippet:-1, max-image-preview:large, max-video-preview:-1\" \/>\n<link rel=\"canonical\" href=\"https:\/\/petproducts.com.cn\/es\/producto\/cat-bentonite-litter-custom-quality-cat-litter\/\" \/>\n<meta property=\"og:locale\" content=\"es_ES\" \/>\n<meta property=\"og:type\" content=\"article\" \/>\n<meta property=\"og:title\" content=\"Cat Bentonite Litter Factory | Quality Cat Litter Manufacturer - Petstar\" \/>\n<meta property=\"og:description\" content=\"Explore cat bentonite litter, quality cat litter, custom cat litter directly from the manufacturer. Your ideal business solution with Petstar.\" \/>\n<meta property=\"og:url\" content=\"https:\/\/petproducts.com.cn\/es\/producto\/cat-bentonite-litter-custom-quality-cat-litter\/\" \/>\n<meta property=\"og:site_name\" content=\"Petstar\" \/>\n<meta property=\"article:modified_time\" content=\"2024-05-10T02:23:18+00:00\" \/>\n<meta property=\"og:image\" content=\"https:\/\/petproducts.com.cn\/wp-content\/uploads\/2024\/05\/Cat-Bentonite-Litter-1.webp\" \/>\n\t<meta property=\"og:image:width\" content=\"1000\" \/>\n\t<meta property=\"og:image:height\" content=\"1000\" \/>\n\t<meta property=\"og:image:type\" content=\"image\/webp\" \/>\n<meta name=\"twitter:card\" content=\"summary_large_image\" \/>\n<meta name=\"twitter:label1\" content=\"Tiempo de lectura\" \/>\n\t<meta name=\"twitter:data1\" content=\"2 minutos\" \/>\n<script type=\"application\/ld+json\" class=\"yoast-schema-graph\">{\"@context\":\"https:\/\/schema.org\",\"@graph\":[{\"@type\":\"WebPage\",\"@id\":\"https:\/\/petproducts.com.cn\/product\/cat-bentonite-litter-custom-quality-cat-litter\/\",\"url\":\"https:\/\/petproducts.com.cn\/product\/cat-bentonite-litter-custom-quality-cat-litter\/\",\"name\":\"Cat Bentonite Litter Factory | Quality Cat Litter Manufacturer - Petstar\",\"isPartOf\":{\"@id\":\"https:\/\/petproducts.com.cn\/#website\"},\"primaryImageOfPage\":{\"@id\":\"https:\/\/petproducts.com.cn\/product\/cat-bentonite-litter-custom-quality-cat-litter\/#primaryimage\"},\"image\":{\"@id\":\"https:\/\/petproducts.com.cn\/product\/cat-bentonite-litter-custom-quality-cat-litter\/#primaryimage\"},\"thumbnailUrl\":\"https:\/\/petproducts.com.cn\/wp-content\/uploads\/2024\/05\/Cat-Bentonite-Litter-1.webp\",\"datePublished\":\"2024-05-10T01:59:54+00:00\",\"dateModified\":\"2024-05-10T02:23:18+00:00\",\"description\":\"Explore cat bentonite litter, quality cat litter, custom cat litter directly from the manufacturer. Your ideal business solution with Petstar.\",\"breadcrumb\":{\"@id\":\"https:\/\/petproducts.com.cn\/product\/cat-bentonite-litter-custom-quality-cat-litter\/#breadcrumb\"},\"inLanguage\":\"es\",\"potentialAction\":[{\"@type\":\"ReadAction\",\"target\":[\"https:\/\/petproducts.com.cn\/product\/cat-bentonite-litter-custom-quality-cat-litter\/\"]}]},{\"@type\":\"ImageObject\",\"inLanguage\":\"es\",\"@id\":\"https:\/\/petproducts.com.cn\/product\/cat-bentonite-litter-custom-quality-cat-litter\/#primaryimage\",\"url\":\"https:\/\/petproducts.com.cn\/wp-content\/uploads\/2024\/05\/Cat-Bentonite-Litter-1.webp\",\"contentUrl\":\"https:\/\/petproducts.com.cn\/wp-content\/uploads\/2024\/05\/Cat-Bentonite-Litter-1.webp\",\"width\":1000,\"height\":1000,\"caption\":\"Cat Bentonite Litter\"},{\"@type\":\"BreadcrumbList\",\"@id\":\"https:\/\/petproducts.com.cn\/product\/cat-bentonite-litter-custom-quality-cat-litter\/#breadcrumb\",\"itemListElement\":[{\"@type\":\"ListItem\",\"position\":1,\"name\":\"HOME\",\"item\":\"https:\/\/petproducts.com.cn\/\"},{\"@type\":\"ListItem\",\"position\":2,\"name\":\"Products\",\"item\":\"https:\/\/petproducts.com.cn\/shop\/\"},{\"@type\":\"ListItem\",\"position\":3,\"name\":\"Cat Litter &amp; Accessories\",\"item\":\"https:\/\/petproducts.com.cn\/product-category\/cat-litter-accessories\/\"},{\"@type\":\"ListItem\",\"position\":4,\"name\":\"Cat Bentonite Litter Custom Quality Cat Litter\"}]},{\"@type\":\"WebSite\",\"@id\":\"https:\/\/petproducts.com.cn\/#website\",\"url\":\"https:\/\/petproducts.com.cn\/\",\"name\":\"Petstar\",\"description\":\"Leading Pet Supplies Manufacturer &amp; OEM Pet Products Supplier\",\"publisher\":{\"@id\":\"https:\/\/petproducts.com.cn\/#organization\"},\"alternateName\":\"Petstar Pet Supplies\",\"potentialAction\":[{\"@type\":\"SearchAction\",\"target\":{\"@type\":\"EntryPoint\",\"urlTemplate\":\"https:\/\/petproducts.com.cn\/?s={search_term_string}\"},\"query-input\":{\"@type\":\"PropertyValueSpecification\",\"valueRequired\":true,\"valueName\":\"search_term_string\"}}],\"inLanguage\":\"es\"},{\"@type\":\"Organization\",\"@id\":\"https:\/\/petproducts.com.cn\/#organization\",\"name\":\"Petstar\",\"url\":\"https:\/\/petproducts.com.cn\/\",\"logo\":{\"@type\":\"ImageObject\",\"inLanguage\":\"es\",\"@id\":\"https:\/\/petproducts.com.cn\/#\/schema\/logo\/image\/\",\"url\":\"https:\/\/petproducts.com.cn\/wp-content\/uploads\/2020\/02\/petstar-logo.webp\",\"contentUrl\":\"https:\/\/petproducts.com.cn\/wp-content\/uploads\/2020\/02\/petstar-logo.webp\",\"width\":779,\"height\":520,\"caption\":\"Petstar\"},\"image\":{\"@id\":\"https:\/\/petproducts.com.cn\/#\/schema\/logo\/image\/\"}}]}<\/script>\n<!-- \/ Yoast SEO plugin. -->","yoast_head_json":{"title":"F\u00e1brica de arena bentonita para gatos | Fabricante de arena de calidad para gatos - Petstar","description":"Explore las arenas de bentonita para gatos, arenas de calidad para gatos, arenas personalizadas para gatos directamente del fabricante. Su soluci\u00f3n comercial ideal con Petstar.","robots":{"index":"index","follow":"follow","max-snippet":"max-snippet:-1","max-image-preview":"max-image-preview:large","max-video-preview":"max-video-preview:-1"},"canonical":"https:\/\/petproducts.com.cn\/es\/producto\/cat-bentonite-litter-custom-quality-cat-litter\/","og_locale":"es_ES","og_type":"article","og_title":"Cat Bentonite Litter Factory | Quality Cat Litter Manufacturer - Petstar","og_description":"Explore cat bentonite litter, quality cat litter, custom cat litter directly from the manufacturer. Your ideal business solution with Petstar.","og_url":"https:\/\/petproducts.com.cn\/es\/producto\/cat-bentonite-litter-custom-quality-cat-litter\/","og_site_name":"Petstar","article_modified_time":"2024-05-10T02:23:18+00:00","og_image":[{"width":1000,"height":1000,"url":"https:\/\/petproducts.com.cn\/wp-content\/uploads\/2024\/05\/Cat-Bentonite-Litter-1.webp","type":"image\/webp"}],"twitter_card":"summary_large_image","twitter_misc":{"Tiempo de lectura":"2 minutos"},"schema":{"@context":"https:\/\/schema.org","@graph":[{"@type":"WebPage","@id":"https:\/\/petproducts.com.cn\/product\/cat-bentonite-litter-custom-quality-cat-litter\/","url":"https:\/\/petproducts.com.cn\/product\/cat-bentonite-litter-custom-quality-cat-litter\/","name":"F\u00e1brica de arena bentonita para gatos | Fabricante de arena de calidad para gatos - Petstar","isPartOf":{"@id":"https:\/\/petproducts.com.cn\/#website"},"primaryImageOfPage":{"@id":"https:\/\/petproducts.com.cn\/product\/cat-bentonite-litter-custom-quality-cat-litter\/#primaryimage"},"image":{"@id":"https:\/\/petproducts.com.cn\/product\/cat-bentonite-litter-custom-quality-cat-litter\/#primaryimage"},"thumbnailUrl":"https:\/\/petproducts.com.cn\/wp-content\/uploads\/2024\/05\/Cat-Bentonite-Litter-1.webp","datePublished":"2024-05-10T01:59:54+00:00","dateModified":"2024-05-10T02:23:18+00:00","description":"Explore las arenas de bentonita para gatos, arenas de calidad para gatos, arenas personalizadas para gatos directamente del fabricante. Su soluci\u00f3n comercial ideal con Petstar.","breadcrumb":{"@id":"https:\/\/petproducts.com.cn\/product\/cat-bentonite-litter-custom-quality-cat-litter\/#breadcrumb"},"inLanguage":"es","potentialAction":[{"@type":"ReadAction","target":["https:\/\/petproducts.com.cn\/product\/cat-bentonite-litter-custom-quality-cat-litter\/"]}]},{"@type":"ImageObject","inLanguage":"es","@id":"https:\/\/petproducts.com.cn\/product\/cat-bentonite-litter-custom-quality-cat-litter\/#primaryimage","url":"https:\/\/petproducts.com.cn\/wp-content\/uploads\/2024\/05\/Cat-Bentonite-Litter-1.webp","contentUrl":"https:\/\/petproducts.com.cn\/wp-content\/uploads\/2024\/05\/Cat-Bentonite-Litter-1.webp","width":1000,"height":1000,"caption":"Cat Bentonite Litter"},{"@type":"BreadcrumbList","@id":"https:\/\/petproducts.com.cn\/product\/cat-bentonite-litter-custom-quality-cat-litter\/#breadcrumb","itemListElement":[{"@type":"ListItem","position":1,"name":"HOME","item":"https:\/\/petproducts.com.cn\/"},{"@type":"ListItem","position":2,"name":"Products","item":"https:\/\/petproducts.com.cn\/shop\/"},{"@type":"ListItem","position":3,"name":"Cat Litter &amp; Accessories","item":"https:\/\/petproducts.com.cn\/product-category\/cat-litter-accessories\/"},{"@type":"ListItem","position":4,"name":"Cat Bentonite Litter Custom Quality Cat Litter"}]},{"@type":"WebSite","@id":"https:\/\/petproducts.com.cn\/#website","url":"https:\/\/petproducts.com.cn\/","name":"Petstar","description":"Fabricante l\u00edder de art\u00edculos para mascotas y proveedor OEM de productos para mascotas","publisher":{"@id":"https:\/\/petproducts.com.cn\/#organization"},"alternateName":"Petstar Pet Supplies","potentialAction":[{"@type":"SearchAction","target":{"@type":"EntryPoint","urlTemplate":"https:\/\/petproducts.com.cn\/?s={search_term_string}"},"query-input":{"@type":"PropertyValueSpecification","valueRequired":true,"valueName":"search_term_string"}}],"inLanguage":"es"},{"@type":"Organization","@id":"https:\/\/petproducts.com.cn\/#organization","name":"Petstar","url":"https:\/\/petproducts.com.cn\/","logo":{"@type":"ImageObject","inLanguage":"es","@id":"https:\/\/petproducts.com.cn\/#\/schema\/logo\/image\/","url":"https:\/\/petproducts.com.cn\/wp-content\/uploads\/2020\/02\/petstar-logo.webp","contentUrl":"https:\/\/petproducts.com.cn\/wp-content\/uploads\/2020\/02\/petstar-logo.webp","width":779,"height":520,"caption":"Petstar"},"image":{"@id":"https:\/\/petproducts.com.cn\/#\/schema\/logo\/image\/"}}]}},"_links":{"self":[{"href":"https:\/\/petproducts.com.cn\/es\/wp-json\/wp\/v2\/product\/23271","targetHints":{"allow":["GET"]}}],"collection":[{"href":"https:\/\/petproducts.com.cn\/es\/wp-json\/wp\/v2\/product"}],"about":[{"href":"https:\/\/petproducts.com.cn\/es\/wp-json\/wp\/v2\/types\/product"}],"version-history":[{"count":2,"href":"https:\/\/petproducts.com.cn\/es\/wp-json\/wp\/v2\/product\/23271\/revisions"}],"predecessor-version":[{"id":23273,"href":"https:\/\/petproducts.com.cn\/es\/wp-json\/wp\/v2\/product\/23271\/revisions\/23273"}],"wp:featuredmedia":[{"embeddable":true,"href":"https:\/\/petproducts.com.cn\/es\/wp-json\/wp\/v2\/media\/23275"}],"wp:attachment":[{"href":"https:\/\/petproducts.com.cn\/es\/wp-json\/wp\/v2\/media?parent=23271"}],"wp:term":[{"taxonomy":"product_brand","embeddable":true,"href":"https:\/\/petproducts.com.cn\/es\/wp-json\/wp\/v2\/product_brand?post=23271"},{"taxonomy":"product_cat","embeddable":true,"href":"https:\/\/petproducts.com.cn\/es\/wp-json\/wp\/v2\/product_cat?post=23271"},{"taxonomy":"product_tag","embeddable":true,"href":"https:\/\/petproducts.com.cn\/es\/wp-json\/wp\/v2\/product_tag?post=23271"}],"curies":[{"name":"wp","href":"https:\/\/api.w.org\/{rel}","templated":true}]}}