{"id":23334,"date":"2024-05-11T01:30:44","date_gmt":"2024-05-11T01:30:44","guid":{"rendered":"https:\/\/petproducts.com.cn\/?post_type=product&#038;p=23334"},"modified":"2024-05-11T02:54:02","modified_gmt":"2024-05-11T02:54:02","slug":"dog-poop-bag-pet-waste-cat-litter-bags","status":"publish","type":"product","link":"https:\/\/petproducts.com.cn\/es\/product\/dog-poop-bag-pet-waste-cat-litter-bags\/","title":{"rendered":"Bolsa para excrementos de perros Bolsas de arena para gatos para desechos de mascotas"},"content":{"rendered":"<h2><strong>Caracter\u00edsticas de la bolsa para excrementos de perro<\/strong><\/h2>\n<ol>\n<li><strong>100% Material biodegradable<\/strong><br \/>\nNuestra bolsa para excrementos de perro est\u00e1 fabricada con material biodegradable 100%, que garantiza su descomposici\u00f3n natural con el paso del tiempo. Esta caracter\u00edstica ecol\u00f3gica ayuda a reducir el impacto medioambiental, lo que las convierte en una opci\u00f3n responsable para los due\u00f1os de mascotas.<\/li>\n<li><strong>Compatible con dispensadores de bolsas de basura<\/strong><br \/>\nEstas bolsas para excrementos de mascotas est\u00e1n dise\u00f1adas para ser compatibles con la mayor\u00eda de los dispensadores de bolsas para excrementos, lo que permite un uso f\u00e1cil y c\u00f3modo. Basta con introducir las bolsas en el dispensador para acceder a ellas sin problemas durante los paseos o las actividades al aire libre.<\/li>\n<li><strong>Gran capacidad de manipulaci\u00f3n de residuos<\/strong><br \/>\nNuestras bolsas para excrementos de mascotas tienen una gran capacidad, lo que las hace adecuadas para manipular diversos tipos de excrementos. Tanto si limpias los excrementos de un perro peque\u00f1o como los de varias mascotas, estas bolsas pueden realizar el trabajo con eficacia.<\/li>\n<li><strong>Port\u00e1til y c\u00f3modo<\/strong><br \/>\nEstas bolsas para excrementos de mascotas son ligeras y port\u00e1tiles, lo que le permite llevarlas con facilidad durante los paseos o viajes. Su tama\u00f1o compacto permite guardarlas c\u00f3modamente en el bolsillo, el bolso o la bolsa de accesorios para mascotas, por lo que siempre estar\u00e1 preparado para la limpieza.<\/li>\n<li><strong>Uso vers\u00e1til para perros y gatos<\/strong><br \/>\nAunque se denominan \"Bolsas para excrementos de perro\", estas bolsas son adecuadas tanto para perros como para gatos. Ya sea para limpiar los excrementos de su compa\u00f1ero canino o para mantener la caja de arena de su gato, estas bolsas ofrecen una soluci\u00f3n vers\u00e1til para la eliminaci\u00f3n de los desechos de las mascotas.<\/li>\n<\/ol>","protected":false},"excerpt":{"rendered":"<p>Somos fabricantes de art\u00edculos de limpieza para mascotas con m\u00e1s de 20 a\u00f1os de experiencia. Ofrecemos opciones de personalizaci\u00f3n para el color, el tama\u00f1o, la tela, el patr\u00f3n, el logotipo y otras caracter\u00edsticas.<\/p>","protected":false},"featured_media":23341,"template":"","meta":{"_acf_changed":false},"product_brand":[],"product_cat":[137,138,71,136,72],"product_tag":[139,141,140],"class_list":{"0":"post-23334","1":"product","2":"type-product","3":"status-publish","4":"has-post-thumbnail","6":"product_cat-cat-grooming-cleaning-supplies","7":"product_cat-cat-litter-accessories","8":"product_cat-cat-supplies","9":"product_cat-dog-grooming-cleaning-supplies","10":"product_cat-dog-supplies","11":"product_tag-cat-grooming-cleaning-supplies","12":"product_tag-cat-litter-accessories","13":"product_tag-dog-grooming-cleaning-supplies","15":"first","16":"instock","17":"shipping-taxable","18":"product-type-simple"},"acf":[],"yoast_head":"<!-- This site is optimized with the Yoast SEO plugin v27.1.1 - https:\/\/yoast.com\/product\/yoast-seo-wordpress\/ -->\n<title>Dog Poop Bag Factory | Cat Litter Bags Manufacturer - Petstar<\/title>\n<meta name=\"description\" content=\"Explore dog poop bag, cat litter bags, pet waste bags directly from the manufacturer. Your ideal business solution with Petstar.\" \/>\n<meta name=\"robots\" content=\"index, follow, max-snippet:-1, max-image-preview:large, max-video-preview:-1\" \/>\n<link rel=\"canonical\" href=\"https:\/\/petproducts.com.cn\/es\/producto\/dog-poop-bag-pet-waste-cat-litter-bags\/\" \/>\n<meta property=\"og:locale\" content=\"es_ES\" \/>\n<meta property=\"og:type\" content=\"article\" \/>\n<meta property=\"og:title\" content=\"Dog Poop Bag Factory | Cat Litter Bags Manufacturer - Petstar\" \/>\n<meta property=\"og:description\" content=\"Explore dog poop bag, cat litter bags, pet waste bags directly from the manufacturer. Your ideal business solution with Petstar.\" \/>\n<meta property=\"og:url\" content=\"https:\/\/petproducts.com.cn\/es\/producto\/dog-poop-bag-pet-waste-cat-litter-bags\/\" \/>\n<meta property=\"og:site_name\" content=\"Petstar\" \/>\n<meta property=\"article:modified_time\" content=\"2024-05-11T02:54:02+00:00\" \/>\n<meta property=\"og:image\" content=\"https:\/\/petproducts.com.cn\/wp-content\/uploads\/2024\/05\/dog-poop-bag.webp\" \/>\n\t<meta property=\"og:image:width\" content=\"1000\" \/>\n\t<meta property=\"og:image:height\" content=\"1000\" \/>\n\t<meta property=\"og:image:type\" content=\"image\/webp\" \/>\n<meta name=\"twitter:card\" content=\"summary_large_image\" \/>\n<meta name=\"twitter:label1\" content=\"Tiempo de lectura\" \/>\n\t<meta name=\"twitter:data1\" content=\"1 minuto\" \/>\n<script type=\"application\/ld+json\" class=\"yoast-schema-graph\">{\"@context\":\"https:\/\/schema.org\",\"@graph\":[{\"@type\":\"WebPage\",\"@id\":\"https:\/\/petproducts.com.cn\/product\/dog-poop-bag-pet-waste-cat-litter-bags\/\",\"url\":\"https:\/\/petproducts.com.cn\/product\/dog-poop-bag-pet-waste-cat-litter-bags\/\",\"name\":\"Dog Poop Bag Factory | Cat Litter Bags Manufacturer - Petstar\",\"isPartOf\":{\"@id\":\"https:\/\/petproducts.com.cn\/#website\"},\"primaryImageOfPage\":{\"@id\":\"https:\/\/petproducts.com.cn\/product\/dog-poop-bag-pet-waste-cat-litter-bags\/#primaryimage\"},\"image\":{\"@id\":\"https:\/\/petproducts.com.cn\/product\/dog-poop-bag-pet-waste-cat-litter-bags\/#primaryimage\"},\"thumbnailUrl\":\"https:\/\/petproducts.com.cn\/wp-content\/uploads\/2024\/05\/dog-poop-bag.webp\",\"datePublished\":\"2024-05-11T01:30:44+00:00\",\"dateModified\":\"2024-05-11T02:54:02+00:00\",\"description\":\"Explore dog poop bag, cat litter bags, pet waste bags directly from the manufacturer. Your ideal business solution with Petstar.\",\"breadcrumb\":{\"@id\":\"https:\/\/petproducts.com.cn\/product\/dog-poop-bag-pet-waste-cat-litter-bags\/#breadcrumb\"},\"inLanguage\":\"es\",\"potentialAction\":[{\"@type\":\"ReadAction\",\"target\":[\"https:\/\/petproducts.com.cn\/product\/dog-poop-bag-pet-waste-cat-litter-bags\/\"]}]},{\"@type\":\"ImageObject\",\"inLanguage\":\"es\",\"@id\":\"https:\/\/petproducts.com.cn\/product\/dog-poop-bag-pet-waste-cat-litter-bags\/#primaryimage\",\"url\":\"https:\/\/petproducts.com.cn\/wp-content\/uploads\/2024\/05\/dog-poop-bag.webp\",\"contentUrl\":\"https:\/\/petproducts.com.cn\/wp-content\/uploads\/2024\/05\/dog-poop-bag.webp\",\"width\":1000,\"height\":1000,\"caption\":\"dog poop bag\"},{\"@type\":\"BreadcrumbList\",\"@id\":\"https:\/\/petproducts.com.cn\/product\/dog-poop-bag-pet-waste-cat-litter-bags\/#breadcrumb\",\"itemListElement\":[{\"@type\":\"ListItem\",\"position\":1,\"name\":\"HOME\",\"item\":\"https:\/\/petproducts.com.cn\/\"},{\"@type\":\"ListItem\",\"position\":2,\"name\":\"Products\",\"item\":\"https:\/\/petproducts.com.cn\/shop\/\"},{\"@type\":\"ListItem\",\"position\":3,\"name\":\"Dog Grooming &amp; Cleaning Supplies\",\"item\":\"https:\/\/petproducts.com.cn\/product-category\/dog-grooming-cleaning-supplies\/\"},{\"@type\":\"ListItem\",\"position\":4,\"name\":\"Dog Poop Bag Pet Waste Cat Litter Bags\"}]},{\"@type\":\"WebSite\",\"@id\":\"https:\/\/petproducts.com.cn\/#website\",\"url\":\"https:\/\/petproducts.com.cn\/\",\"name\":\"Petstar\",\"description\":\"Leading Pet Supplies Manufacturer &amp; OEM Pet Products Supplier\",\"publisher\":{\"@id\":\"https:\/\/petproducts.com.cn\/#organization\"},\"alternateName\":\"Petstar Pet Supplies\",\"potentialAction\":[{\"@type\":\"SearchAction\",\"target\":{\"@type\":\"EntryPoint\",\"urlTemplate\":\"https:\/\/petproducts.com.cn\/?s={search_term_string}\"},\"query-input\":{\"@type\":\"PropertyValueSpecification\",\"valueRequired\":true,\"valueName\":\"search_term_string\"}}],\"inLanguage\":\"es\"},{\"@type\":\"Organization\",\"@id\":\"https:\/\/petproducts.com.cn\/#organization\",\"name\":\"Petstar\",\"url\":\"https:\/\/petproducts.com.cn\/\",\"logo\":{\"@type\":\"ImageObject\",\"inLanguage\":\"es\",\"@id\":\"https:\/\/petproducts.com.cn\/#\/schema\/logo\/image\/\",\"url\":\"https:\/\/petproducts.com.cn\/wp-content\/uploads\/2020\/02\/petstar-logo.webp\",\"contentUrl\":\"https:\/\/petproducts.com.cn\/wp-content\/uploads\/2020\/02\/petstar-logo.webp\",\"width\":779,\"height\":520,\"caption\":\"Petstar\"},\"image\":{\"@id\":\"https:\/\/petproducts.com.cn\/#\/schema\/logo\/image\/\"}}]}<\/script>\n<!-- \/ Yoast SEO plugin. -->","yoast_head_json":{"title":"F\u00e1brica de bolsas para excrementos de perro | Fabricante de bolsas para excrementos de gato - Petstar","description":"Explore las bolsas de excrementos para perros, las bolsas de arena para gatos y las bolsas de excrementos para mascotas directamente del fabricante. Su soluci\u00f3n comercial ideal con Petstar.","robots":{"index":"index","follow":"follow","max-snippet":"max-snippet:-1","max-image-preview":"max-image-preview:large","max-video-preview":"max-video-preview:-1"},"canonical":"https:\/\/petproducts.com.cn\/es\/producto\/dog-poop-bag-pet-waste-cat-litter-bags\/","og_locale":"es_ES","og_type":"article","og_title":"Dog Poop Bag Factory | Cat Litter Bags Manufacturer - Petstar","og_description":"Explore dog poop bag, cat litter bags, pet waste bags directly from the manufacturer. Your ideal business solution with Petstar.","og_url":"https:\/\/petproducts.com.cn\/es\/producto\/dog-poop-bag-pet-waste-cat-litter-bags\/","og_site_name":"Petstar","article_modified_time":"2024-05-11T02:54:02+00:00","og_image":[{"width":1000,"height":1000,"url":"https:\/\/petproducts.com.cn\/wp-content\/uploads\/2024\/05\/dog-poop-bag.webp","type":"image\/webp"}],"twitter_card":"summary_large_image","twitter_misc":{"Tiempo de lectura":"1 minuto"},"schema":{"@context":"https:\/\/schema.org","@graph":[{"@type":"WebPage","@id":"https:\/\/petproducts.com.cn\/product\/dog-poop-bag-pet-waste-cat-litter-bags\/","url":"https:\/\/petproducts.com.cn\/product\/dog-poop-bag-pet-waste-cat-litter-bags\/","name":"F\u00e1brica de bolsas para excrementos de perro | Fabricante de bolsas para excrementos de gato - Petstar","isPartOf":{"@id":"https:\/\/petproducts.com.cn\/#website"},"primaryImageOfPage":{"@id":"https:\/\/petproducts.com.cn\/product\/dog-poop-bag-pet-waste-cat-litter-bags\/#primaryimage"},"image":{"@id":"https:\/\/petproducts.com.cn\/product\/dog-poop-bag-pet-waste-cat-litter-bags\/#primaryimage"},"thumbnailUrl":"https:\/\/petproducts.com.cn\/wp-content\/uploads\/2024\/05\/dog-poop-bag.webp","datePublished":"2024-05-11T01:30:44+00:00","dateModified":"2024-05-11T02:54:02+00:00","description":"Explore las bolsas de excrementos para perros, las bolsas de arena para gatos y las bolsas de excrementos para mascotas directamente del fabricante. Su soluci\u00f3n comercial ideal con Petstar.","breadcrumb":{"@id":"https:\/\/petproducts.com.cn\/product\/dog-poop-bag-pet-waste-cat-litter-bags\/#breadcrumb"},"inLanguage":"es","potentialAction":[{"@type":"ReadAction","target":["https:\/\/petproducts.com.cn\/product\/dog-poop-bag-pet-waste-cat-litter-bags\/"]}]},{"@type":"ImageObject","inLanguage":"es","@id":"https:\/\/petproducts.com.cn\/product\/dog-poop-bag-pet-waste-cat-litter-bags\/#primaryimage","url":"https:\/\/petproducts.com.cn\/wp-content\/uploads\/2024\/05\/dog-poop-bag.webp","contentUrl":"https:\/\/petproducts.com.cn\/wp-content\/uploads\/2024\/05\/dog-poop-bag.webp","width":1000,"height":1000,"caption":"dog poop bag"},{"@type":"BreadcrumbList","@id":"https:\/\/petproducts.com.cn\/product\/dog-poop-bag-pet-waste-cat-litter-bags\/#breadcrumb","itemListElement":[{"@type":"ListItem","position":1,"name":"HOME","item":"https:\/\/petproducts.com.cn\/"},{"@type":"ListItem","position":2,"name":"Products","item":"https:\/\/petproducts.com.cn\/shop\/"},{"@type":"ListItem","position":3,"name":"Dog Grooming &amp; Cleaning Supplies","item":"https:\/\/petproducts.com.cn\/product-category\/dog-grooming-cleaning-supplies\/"},{"@type":"ListItem","position":4,"name":"Dog Poop Bag Pet Waste Cat Litter Bags"}]},{"@type":"WebSite","@id":"https:\/\/petproducts.com.cn\/#website","url":"https:\/\/petproducts.com.cn\/","name":"Petstar","description":"Fabricante l\u00edder de art\u00edculos para mascotas y proveedor OEM de productos para mascotas","publisher":{"@id":"https:\/\/petproducts.com.cn\/#organization"},"alternateName":"Petstar Pet Supplies","potentialAction":[{"@type":"SearchAction","target":{"@type":"EntryPoint","urlTemplate":"https:\/\/petproducts.com.cn\/?s={search_term_string}"},"query-input":{"@type":"PropertyValueSpecification","valueRequired":true,"valueName":"search_term_string"}}],"inLanguage":"es"},{"@type":"Organization","@id":"https:\/\/petproducts.com.cn\/#organization","name":"Petstar","url":"https:\/\/petproducts.com.cn\/","logo":{"@type":"ImageObject","inLanguage":"es","@id":"https:\/\/petproducts.com.cn\/#\/schema\/logo\/image\/","url":"https:\/\/petproducts.com.cn\/wp-content\/uploads\/2020\/02\/petstar-logo.webp","contentUrl":"https:\/\/petproducts.com.cn\/wp-content\/uploads\/2020\/02\/petstar-logo.webp","width":779,"height":520,"caption":"Petstar"},"image":{"@id":"https:\/\/petproducts.com.cn\/#\/schema\/logo\/image\/"}}]}},"_links":{"self":[{"href":"https:\/\/petproducts.com.cn\/es\/wp-json\/wp\/v2\/product\/23334","targetHints":{"allow":["GET"]}}],"collection":[{"href":"https:\/\/petproducts.com.cn\/es\/wp-json\/wp\/v2\/product"}],"about":[{"href":"https:\/\/petproducts.com.cn\/es\/wp-json\/wp\/v2\/types\/product"}],"version-history":[{"count":4,"href":"https:\/\/petproducts.com.cn\/es\/wp-json\/wp\/v2\/product\/23334\/revisions"}],"predecessor-version":[{"id":23344,"href":"https:\/\/petproducts.com.cn\/es\/wp-json\/wp\/v2\/product\/23334\/revisions\/23344"}],"wp:featuredmedia":[{"embeddable":true,"href":"https:\/\/petproducts.com.cn\/es\/wp-json\/wp\/v2\/media\/23341"}],"wp:attachment":[{"href":"https:\/\/petproducts.com.cn\/es\/wp-json\/wp\/v2\/media?parent=23334"}],"wp:term":[{"taxonomy":"product_brand","embeddable":true,"href":"https:\/\/petproducts.com.cn\/es\/wp-json\/wp\/v2\/product_brand?post=23334"},{"taxonomy":"product_cat","embeddable":true,"href":"https:\/\/petproducts.com.cn\/es\/wp-json\/wp\/v2\/product_cat?post=23334"},{"taxonomy":"product_tag","embeddable":true,"href":"https:\/\/petproducts.com.cn\/es\/wp-json\/wp\/v2\/product_tag?post=23334"}],"curies":[{"name":"wp","href":"https:\/\/api.w.org\/{rel}","templated":true}]}}